{"id":23434,"date":"2020-04-08T16:05:26","date_gmt":"2020-04-08T14:05:26","guid":{"rendered":"https:\/\/www.eliassen.nl\/?product=zuil-rond-hoogglans-100cm-wit-hoogglans"},"modified":"2024-12-05T15:38:01","modified_gmt":"2024-12-05T14:38:01","slug":"saule-rund-hochglanz-100cm-weiss-hochglanz","status":"publish","type":"product","link":"https:\/\/dev.eliassen.nl\/de\/product\/saule-rund-hochglanz-100cm-weiss-hochglanz\/","title":{"rendered":"S\u00e4ule rund Hochglanz 100cm wei\u00df Hochglanz"},"content":{"rendered":"<div class=\"product-content general-content\">\n<p>Bringen Sie pure Sch\u00f6nheit in Ihr Haus oder Ihren Garten mit dieser gro\u00dfen modernen runden wei\u00dfen Hochglanzs\u00e4ule.<\/p>\n<p>Hergestellt aus sehr starkem Faserstein, wundersch\u00f6n verarbeitet mit einem superstarken Hochglanzlack von super Qualit\u00e4t, vergleichbar mit Autolack. Fiberstone besteht aus gemahlenem Naturstein, der mit Polyester-Epoxidharz gemischt und mit Glasfasermatten verst\u00e4rkt ist. Diese Serie von Vasen und Beh\u00e4ltern ist f\u00fcr den Innen- und Au\u00dfenbereich geeignet. Sch\u00f6n in Kombination mit dem Codi-Topf, aber auch f\u00fcr ein Bild, eine Sonnenuhr usw.<\/p>\n<p><strong>Diese Serie kann auch in unserem Shop angesehen werden.<\/strong><\/p>\n<ul>\n<li>Gr\u00f6\u00dfe: 30 cm Durchmesser x 100 cm hoch<\/li>\n<li>Farbe Hochglanzwei\u00df<\/li>\n<li>Sehr stilvoll in eleganten modernen Innenr\u00e4umen und G\u00e4rten<\/li>\n<li>Frostbest\u00e4ndig: Ja<\/li>\n<li>Maximale Belastung: 100 kg<\/li>\n<li>Material: Polyesterfaserstein<\/li>\n<li>3 Jahre Garantie ohne \u00e4u\u00dfere Sch\u00e4den<\/li>\n<li>UV-best\u00e4ndig<\/li>\n<li>Schnell geliefert<\/li>\n<li>In einer stabilen Box verpackt<\/li>\n<\/ul>\n<\/div>\n<form id=\"product_configure_form\" action=\"https:\/\/www.eliassen.nl\/nl\/cart\/add\/209825522\/\" method=\"post\">\n<div class=\"cart\">\n<div class=\"input-wrap\">\n<div class=\"change\"><a class=\"down hidden-xs\" data-way=\"down\"><i class=\"fa fa-minus\">\u00a0<\/i><\/a><\/div>\n<\/div>\n<\/div>\n<\/form>\n","protected":false},"excerpt":{"rendered":"<p>Bringen Sie pure Sch\u00f6nheit in Ihr Haus oder Ihren Garten mit dieser gro\u00dfen modernen runden wei\u00dfen Hochglanzs\u00e4ule. Hergestellt aus sehr starkem Faserstein, wundersch\u00f6n verarbeitet mit einem superstarken Hochglanzlack von super Qualit\u00e4t, vergleichbar mit Autolack. Fiberstone besteht aus gemahlenem Naturstein, der mit Polyester-Epoxidharz gemischt und mit Glasfasermatten verst\u00e4rkt ist. Diese Serie von Vasen und Beh\u00e4ltern ist &hellip;<\/p>\n","protected":false},"featured_media":23431,"template":"","meta":{"_acf_changed":false},"product_brand":[],"product_cat":[782,788],"product_tag":[],"class_list":{"0":"post-23434","1":"product","2":"type-product","3":"status-publish","4":"has-post-thumbnail","6":"product_cat-sockel","7":"product_cat-sockel-aus-polyester","9":"first","10":"instock","11":"taxable","12":"shipping-taxable","13":"purchasable","14":"product-type-simple"},"acf":[],"yoast_head":"<!-- This site is optimized with the Yoast SEO plugin v23.8 - https:\/\/yoast.com\/wordpress\/plugins\/seo\/ -->\n<title>S\u00e4ule rund Hochglanz 100cm wei\u00df Hochglanz - Eliassen<\/title>\n<meta name=\"description\" content=\"Auf der Suche nach einer Vase? Jetzt bestellen S\u00e4ule rund Hochglanz 100cm. Auf unserer Website k\u00f6nnen Sie ganz einfach einen Blumentopf kaufen. \u2713 Gro\u00dfe Auswa...\" \/>\n<meta name=\"robots\" content=\"noindex, follow, max-snippet:-1, max-image-preview:large, max-video-preview:-1\" \/>\n<meta property=\"og:locale\" content=\"de_DE\" \/>\n<meta property=\"og:type\" content=\"article\" \/>\n<meta property=\"og:title\" content=\"S\u00e4ule rund Hochglanz 100cm wei\u00df Hochglanz - Eliassen\" \/>\n<meta property=\"og:description\" content=\"Auf der Suche nach einer Vase? Jetzt bestellen S\u00e4ule rund Hochglanz 100cm. Auf unserer Website k\u00f6nnen Sie ganz einfach einen Blumentopf kaufen. \u2713 Gro\u00dfe Auswa...\" \/>\n<meta property=\"og:url\" content=\"https:\/\/dev.eliassen.nl\/de\/product\/saule-rund-hochglanz-100cm-weiss-hochglanz\/\" \/>\n<meta property=\"og:site_name\" content=\"Eliassen.nl\" \/>\n<meta property=\"article:publisher\" content=\"https:\/\/www.facebook.com\/TuincentrumEliassenAmmerzoden\" \/>\n<meta property=\"article:modified_time\" content=\"2024-12-05T14:38:01+00:00\" \/>\n<meta property=\"og:image\" content=\"https:\/\/dev.eliassen.nl\/wp-content\/uploads\/2024\/01\/eliassenzuilrondhoogglans100cmwithoogglans.jpg\" \/>\n\t<meta property=\"og:image:width\" content=\"873\" \/>\n\t<meta property=\"og:image:height\" content=\"1297\" \/>\n\t<meta property=\"og:image:type\" content=\"image\/jpeg\" \/>\n<meta name=\"twitter:card\" content=\"summary_large_image\" \/>\n<script type=\"application\/ld+json\" class=\"yoast-schema-graph\">{\"@context\":\"https:\/\/schema.org\",\"@graph\":[{\"@type\":\"WebPage\",\"@id\":\"https:\/\/dev.eliassen.nl\/de\/product\/saule-rund-hochglanz-100cm-weiss-hochglanz\/\",\"url\":\"https:\/\/dev.eliassen.nl\/de\/product\/saule-rund-hochglanz-100cm-weiss-hochglanz\/\",\"name\":\"S\u00e4ule rund Hochglanz 100cm wei\u00df Hochglanz - Eliassen\",\"isPartOf\":{\"@id\":\"https:\/\/dev.eliassen.nl\/de\/#website\"},\"primaryImageOfPage\":{\"@id\":\"https:\/\/dev.eliassen.nl\/de\/product\/saule-rund-hochglanz-100cm-weiss-hochglanz\/#primaryimage\"},\"image\":{\"@id\":\"https:\/\/dev.eliassen.nl\/de\/product\/saule-rund-hochglanz-100cm-weiss-hochglanz\/#primaryimage\"},\"thumbnailUrl\":\"https:\/\/dev.eliassen.nl\/wp-content\/uploads\/2024\/01\/eliassenzuilrondhoogglans100cmwithoogglans.jpg\",\"datePublished\":\"2020-04-08T14:05:26+00:00\",\"dateModified\":\"2024-12-05T14:38:01+00:00\",\"description\":\"Auf der Suche nach einer Vase? Jetzt bestellen S\u00e4ule rund Hochglanz 100cm. Auf unserer Website k\u00f6nnen Sie ganz einfach einen Blumentopf kaufen. \u2713 Gro\u00dfe Auswa...\",\"breadcrumb\":{\"@id\":\"https:\/\/dev.eliassen.nl\/de\/product\/saule-rund-hochglanz-100cm-weiss-hochglanz\/#breadcrumb\"},\"inLanguage\":\"de\",\"potentialAction\":[{\"@type\":\"ReadAction\",\"target\":[\"https:\/\/dev.eliassen.nl\/de\/product\/saule-rund-hochglanz-100cm-weiss-hochglanz\/\"]}]},{\"@type\":\"ImageObject\",\"inLanguage\":\"de\",\"@id\":\"https:\/\/dev.eliassen.nl\/de\/product\/saule-rund-hochglanz-100cm-weiss-hochglanz\/#primaryimage\",\"url\":\"https:\/\/dev.eliassen.nl\/wp-content\/uploads\/2024\/01\/eliassenzuilrondhoogglans100cmwithoogglans.jpg\",\"contentUrl\":\"https:\/\/dev.eliassen.nl\/wp-content\/uploads\/2024\/01\/eliassenzuilrondhoogglans100cmwithoogglans.jpg\",\"width\":873,\"height\":1297,\"caption\":\"Eliassen Zuil rond hoogglans 100cm wit hoogglans\"},{\"@type\":\"BreadcrumbList\",\"@id\":\"https:\/\/dev.eliassen.nl\/de\/product\/saule-rund-hochglanz-100cm-weiss-hochglanz\/#breadcrumb\",\"itemListElement\":[{\"@type\":\"ListItem\",\"position\":1,\"name\":\"Home\",\"item\":\"https:\/\/dev.eliassen.nl\/de\/\"},{\"@type\":\"ListItem\",\"position\":2,\"name\":\"Shop\",\"item\":\"https:\/\/dev.eliassen.nl\/nl\/winkel\/\"},{\"@type\":\"ListItem\",\"position\":3,\"name\":\"Sockel\",\"item\":\"https:\/\/dev.eliassen.nl\/de\/sockel\/\"},{\"@type\":\"ListItem\",\"position\":4,\"name\":\"Sockel aus Polyester\",\"item\":\"https:\/\/dev.eliassen.nl\/de\/sockel\/sockel-aus-polyester\/\"},{\"@type\":\"ListItem\",\"position\":5,\"name\":\"S\u00e4ule rund Hochglanz 100cm wei\u00df Hochglanz\"}]},{\"@type\":\"WebSite\",\"@id\":\"https:\/\/dev.eliassen.nl\/de\/#website\",\"url\":\"https:\/\/dev.eliassen.nl\/de\/\",\"name\":\"Eliassen Home & Garden Pleasure\",\"description\":\"\",\"publisher\":{\"@id\":\"https:\/\/dev.eliassen.nl\/de\/#organization\"},\"alternateName\":\"Eliassen.nl\",\"potentialAction\":[{\"@type\":\"SearchAction\",\"target\":{\"@type\":\"EntryPoint\",\"urlTemplate\":\"https:\/\/dev.eliassen.nl\/de\/?s={search_term_string}\"},\"query-input\":{\"@type\":\"PropertyValueSpecification\",\"valueRequired\":true,\"valueName\":\"search_term_string\"}}],\"inLanguage\":\"de\"},{\"@type\":\"Organization\",\"@id\":\"https:\/\/dev.eliassen.nl\/de\/#organization\",\"name\":\"Eliassen Home & Garden Pleasure\",\"url\":\"https:\/\/dev.eliassen.nl\/de\/\",\"logo\":{\"@type\":\"ImageObject\",\"inLanguage\":\"de\",\"@id\":\"https:\/\/dev.eliassen.nl\/de\/#\/schema\/logo\/image\/\",\"url\":\"https:\/\/www.eliassen.nl\/wp-content\/uploads\/2024\/01\/logo_4nd.jpg\",\"contentUrl\":\"https:\/\/www.eliassen.nl\/wp-content\/uploads\/2024\/01\/logo_4nd.jpg\",\"width\":500,\"height\":500,\"caption\":\"Eliassen Home & Garden Pleasure\"},\"image\":{\"@id\":\"https:\/\/dev.eliassen.nl\/de\/#\/schema\/logo\/image\/\"},\"sameAs\":[\"https:\/\/www.facebook.com\/TuincentrumEliassenAmmerzoden\",\"https:\/\/www.instagram.com\/eliassenhomeandgarden\/\",\"https:\/\/nl.pinterest.com\/eliassenhomeandgarden\/\",\"https:\/\/www.youtube.com\/@eliassenhomegardenpleasure4558\"]}]}<\/script>\n<!-- \/ Yoast SEO plugin. -->","yoast_head_json":{"title":"S\u00e4ule rund Hochglanz 100cm wei\u00df Hochglanz - Eliassen","description":"Auf der Suche nach einer Vase? Jetzt bestellen S\u00e4ule rund Hochglanz 100cm. Auf unserer Website k\u00f6nnen Sie ganz einfach einen Blumentopf kaufen. \u2713 Gro\u00dfe Auswa...","robots":{"index":"noindex","follow":"follow","max-snippet":"max-snippet:-1","max-image-preview":"max-image-preview:large","max-video-preview":"max-video-preview:-1"},"og_locale":"de_DE","og_type":"article","og_title":"S\u00e4ule rund Hochglanz 100cm wei\u00df Hochglanz - Eliassen","og_description":"Auf der Suche nach einer Vase? Jetzt bestellen S\u00e4ule rund Hochglanz 100cm. Auf unserer Website k\u00f6nnen Sie ganz einfach einen Blumentopf kaufen. \u2713 Gro\u00dfe Auswa...","og_url":"https:\/\/dev.eliassen.nl\/de\/product\/saule-rund-hochglanz-100cm-weiss-hochglanz\/","og_site_name":"Eliassen.nl","article_publisher":"https:\/\/www.facebook.com\/TuincentrumEliassenAmmerzoden","article_modified_time":"2024-12-05T14:38:01+00:00","og_image":[{"width":873,"height":1297,"url":"https:\/\/dev.eliassen.nl\/wp-content\/uploads\/2024\/01\/eliassenzuilrondhoogglans100cmwithoogglans.jpg","type":"image\/jpeg"}],"twitter_card":"summary_large_image","schema":{"@context":"https:\/\/schema.org","@graph":[{"@type":"WebPage","@id":"https:\/\/dev.eliassen.nl\/de\/product\/saule-rund-hochglanz-100cm-weiss-hochglanz\/","url":"https:\/\/dev.eliassen.nl\/de\/product\/saule-rund-hochglanz-100cm-weiss-hochglanz\/","name":"S\u00e4ule rund Hochglanz 100cm wei\u00df Hochglanz - Eliassen","isPartOf":{"@id":"https:\/\/dev.eliassen.nl\/de\/#website"},"primaryImageOfPage":{"@id":"https:\/\/dev.eliassen.nl\/de\/product\/saule-rund-hochglanz-100cm-weiss-hochglanz\/#primaryimage"},"image":{"@id":"https:\/\/dev.eliassen.nl\/de\/product\/saule-rund-hochglanz-100cm-weiss-hochglanz\/#primaryimage"},"thumbnailUrl":"https:\/\/dev.eliassen.nl\/wp-content\/uploads\/2024\/01\/eliassenzuilrondhoogglans100cmwithoogglans.jpg","datePublished":"2020-04-08T14:05:26+00:00","dateModified":"2024-12-05T14:38:01+00:00","description":"Auf der Suche nach einer Vase? Jetzt bestellen S\u00e4ule rund Hochglanz 100cm. Auf unserer Website k\u00f6nnen Sie ganz einfach einen Blumentopf kaufen. \u2713 Gro\u00dfe Auswa...","breadcrumb":{"@id":"https:\/\/dev.eliassen.nl\/de\/product\/saule-rund-hochglanz-100cm-weiss-hochglanz\/#breadcrumb"},"inLanguage":"de","potentialAction":[{"@type":"ReadAction","target":["https:\/\/dev.eliassen.nl\/de\/product\/saule-rund-hochglanz-100cm-weiss-hochglanz\/"]}]},{"@type":"ImageObject","inLanguage":"de","@id":"https:\/\/dev.eliassen.nl\/de\/product\/saule-rund-hochglanz-100cm-weiss-hochglanz\/#primaryimage","url":"https:\/\/dev.eliassen.nl\/wp-content\/uploads\/2024\/01\/eliassenzuilrondhoogglans100cmwithoogglans.jpg","contentUrl":"https:\/\/dev.eliassen.nl\/wp-content\/uploads\/2024\/01\/eliassenzuilrondhoogglans100cmwithoogglans.jpg","width":873,"height":1297,"caption":"Eliassen Zuil rond hoogglans 100cm wit hoogglans"},{"@type":"BreadcrumbList","@id":"https:\/\/dev.eliassen.nl\/de\/product\/saule-rund-hochglanz-100cm-weiss-hochglanz\/#breadcrumb","itemListElement":[{"@type":"ListItem","position":1,"name":"Home","item":"https:\/\/dev.eliassen.nl\/de\/"},{"@type":"ListItem","position":2,"name":"Shop","item":"https:\/\/dev.eliassen.nl\/nl\/winkel\/"},{"@type":"ListItem","position":3,"name":"Sockel","item":"https:\/\/dev.eliassen.nl\/de\/sockel\/"},{"@type":"ListItem","position":4,"name":"Sockel aus Polyester","item":"https:\/\/dev.eliassen.nl\/de\/sockel\/sockel-aus-polyester\/"},{"@type":"ListItem","position":5,"name":"S\u00e4ule rund Hochglanz 100cm wei\u00df Hochglanz"}]},{"@type":"WebSite","@id":"https:\/\/dev.eliassen.nl\/de\/#website","url":"https:\/\/dev.eliassen.nl\/de\/","name":"Eliassen Home & Garden Pleasure","description":"","publisher":{"@id":"https:\/\/dev.eliassen.nl\/de\/#organization"},"alternateName":"Eliassen.nl","potentialAction":[{"@type":"SearchAction","target":{"@type":"EntryPoint","urlTemplate":"https:\/\/dev.eliassen.nl\/de\/?s={search_term_string}"},"query-input":{"@type":"PropertyValueSpecification","valueRequired":true,"valueName":"search_term_string"}}],"inLanguage":"de"},{"@type":"Organization","@id":"https:\/\/dev.eliassen.nl\/de\/#organization","name":"Eliassen Home & Garden Pleasure","url":"https:\/\/dev.eliassen.nl\/de\/","logo":{"@type":"ImageObject","inLanguage":"de","@id":"https:\/\/dev.eliassen.nl\/de\/#\/schema\/logo\/image\/","url":"https:\/\/www.eliassen.nl\/wp-content\/uploads\/2024\/01\/logo_4nd.jpg","contentUrl":"https:\/\/www.eliassen.nl\/wp-content\/uploads\/2024\/01\/logo_4nd.jpg","width":500,"height":500,"caption":"Eliassen Home & Garden Pleasure"},"image":{"@id":"https:\/\/dev.eliassen.nl\/de\/#\/schema\/logo\/image\/"},"sameAs":["https:\/\/www.facebook.com\/TuincentrumEliassenAmmerzoden","https:\/\/www.instagram.com\/eliassenhomeandgarden\/","https:\/\/nl.pinterest.com\/eliassenhomeandgarden\/","https:\/\/www.youtube.com\/@eliassenhomegardenpleasure4558"]}]}},"df_price":179,"df_sale_price":"","df_regular_price":179,"df_image_link":"https:\/\/dev.eliassen.nl\/wp-content\/uploads\/2024\/01\/eliassenzuilrondhoogglans100cmwithoogglans.jpg","image":"https:\/\/dev.eliassen.nl\/wp-content\/uploads\/2024\/01\/eliassenzuilrondhoogglans100cmwithoogglans.jpg","price_search":"<span class=\"woocommerce-Price-amount amount\"><bdi><span class=\"woocommerce-Price-currencySymbol\">&euro;<\/span>&nbsp;179,00<\/bdi><\/span>","category":"Sockel","_links":{"self":[{"href":"https:\/\/dev.eliassen.nl\/de\/wp-json\/wp\/v2\/product\/23434","targetHints":{"allow":["GET"]}}],"collection":[{"href":"https:\/\/dev.eliassen.nl\/de\/wp-json\/wp\/v2\/product"}],"about":[{"href":"https:\/\/dev.eliassen.nl\/de\/wp-json\/wp\/v2\/types\/product"}],"wp:featuredmedia":[{"embeddable":true,"href":"https:\/\/dev.eliassen.nl\/de\/wp-json\/wp\/v2\/media\/23431"}],"wp:attachment":[{"href":"https:\/\/dev.eliassen.nl\/de\/wp-json\/wp\/v2\/media?parent=23434"}],"wp:term":[{"taxonomy":"product_brand","embeddable":true,"href":"https:\/\/dev.eliassen.nl\/de\/wp-json\/wp\/v2\/product_brand?post=23434"},{"taxonomy":"product_cat","embeddable":true,"href":"https:\/\/dev.eliassen.nl\/de\/wp-json\/wp\/v2\/product_cat?post=23434"},{"taxonomy":"product_tag","embeddable":true,"href":"https:\/\/dev.eliassen.nl\/de\/wp-json\/wp\/v2\/product_tag?post=23434"}],"curies":[{"name":"wp","href":"https:\/\/api.w.org\/{rel}","templated":true}]}}