{"id":23455,"date":"2020-04-08T16:12:01","date_gmt":"2020-04-08T14:12:01","guid":{"rendered":"https:\/\/www.eliassen.nl\/?product=zuil-rond-hoogglans-100cm-zilvergrijs-hoogglans"},"modified":"2024-12-07T17:35:57","modified_gmt":"2024-12-07T16:35:57","slug":"saule-rund-hochglanz-100-cm-silbergrau-hochglanz","status":"publish","type":"product","link":"https:\/\/dev.eliassen.nl\/de\/product\/saule-rund-hochglanz-100-cm-silbergrau-hochglanz\/","title":{"rendered":"S\u00e4ule rund Hochglanz 100 cm silbergrau Hochglanz"},"content":{"rendered":"<div class=\"product-content general-content\">\n<p>Bringen Sie pure Sch\u00f6nheit in Ihr Haus oder Ihren Garten mit dieser gro\u00dfen, modernen, hochgl\u00e4nzenden, runden, silbergrauen S\u00e4ule.<\/p>\n<p>Hergestellt aus sehr starkem Faserstein, wundersch\u00f6n verarbeitet mit einem superstarken Hochglanzlack von super Qualit\u00e4t, vergleichbar mit Autolack. Fiberstone besteht aus gemahlenem Naturstein, der mit Polyester-Epoxidharz gemischt und mit Glasfasermatten verst\u00e4rkt ist. Diese Serie von Vasen und Beh\u00e4ltern ist f\u00fcr den Innen- und Au\u00dfenbereich geeignet. Sch\u00f6n in Kombination mit dem Codi-Topf, aber auch f\u00fcr ein Bild, eine Sonnenuhr usw.<\/p>\n<p><strong>Diese Serie kann auch in unserem Shop angesehen werden.<\/strong><\/p>\n<ul>\n<li>Gr\u00f6\u00dfe: 30 cm Durchmesser x 100 cm hoch<\/li>\n<li>Farbe Hochglanz silbergrau<\/li>\n<li>Sehr stilvoll in eleganten modernen Innenr\u00e4umen und G\u00e4rten<\/li>\n<li>Frostbest\u00e4ndig: Ja<\/li>\n<li>Maximale Belastung: 100 kg<\/li>\n<li>Material: Polyesterfaserstein<\/li>\n<li>3 Jahre Garantie ohne \u00e4u\u00dfere Sch\u00e4den<\/li>\n<li>UV-best\u00e4ndig<\/li>\n<li>Schnell geliefert<\/li>\n<li>In einer stabilen Box verpackt<\/li>\n<\/ul>\n<\/div>\n<form id=\"product_configure_form\" action=\"https:\/\/www.eliassen.nl\/nl\/cart\/add\/209825522\/\" method=\"post\">\n<div class=\"cart\">\n<div class=\"input-wrap\">\n<div class=\"change\"><a class=\"down hidden-xs\" data-way=\"down\"><i class=\"fa fa-minus\">\u00a0<\/i><\/a><\/div>\n<\/div>\n<\/div>\n<\/form>\n","protected":false},"excerpt":{"rendered":"<p>Bringen Sie pure Sch\u00f6nheit in Ihr Haus oder Ihren Garten mit dieser gro\u00dfen, modernen, hochgl\u00e4nzenden, runden, silbergrauen S\u00e4ule. Hergestellt aus sehr starkem Faserstein, wundersch\u00f6n verarbeitet mit einem superstarken Hochglanzlack von super Qualit\u00e4t, vergleichbar mit Autolack. Fiberstone besteht aus gemahlenem Naturstein, der mit Polyester-Epoxidharz gemischt und mit Glasfasermatten verst\u00e4rkt ist. Diese Serie von Vasen und Beh\u00e4ltern &hellip;<\/p>\n","protected":false},"featured_media":23452,"template":"","meta":{"_acf_changed":false},"product_brand":[],"product_cat":[782,788],"product_tag":[],"class_list":{"0":"post-23455","1":"product","2":"type-product","3":"status-publish","4":"has-post-thumbnail","6":"product_cat-sockel","7":"product_cat-sockel-aus-polyester","9":"first","10":"instock","11":"taxable","12":"shipping-taxable","13":"purchasable","14":"product-type-simple"},"acf":[],"yoast_head":"<!-- This site is optimized with the Yoast SEO plugin v23.8 - https:\/\/yoast.com\/wordpress\/plugins\/seo\/ -->\n<title>S\u00e4ule rund Hochglanz 100 cm silbergrau Hochglanz - Eliassen<\/title>\n<meta name=\"description\" content=\"Auf der Suche nach einer Vase? Bestellen Sie jetzt Column Round High-Gloss. Auf unserer Website k\u00f6nnen Sie ganz einfach einen Blumentopf kaufen. \u2713 Gro\u00dfe Ausw...\" \/>\n<meta name=\"robots\" content=\"noindex, follow, max-snippet:-1, max-image-preview:large, max-video-preview:-1\" \/>\n<meta property=\"og:locale\" content=\"de_DE\" \/>\n<meta property=\"og:type\" content=\"article\" \/>\n<meta property=\"og:title\" content=\"S\u00e4ule rund Hochglanz 100 cm silbergrau Hochglanz - Eliassen\" \/>\n<meta property=\"og:description\" content=\"Auf der Suche nach einer Vase? Bestellen Sie jetzt Column Round High-Gloss. Auf unserer Website k\u00f6nnen Sie ganz einfach einen Blumentopf kaufen. \u2713 Gro\u00dfe Ausw...\" \/>\n<meta property=\"og:url\" content=\"https:\/\/dev.eliassen.nl\/de\/product\/saule-rund-hochglanz-100-cm-silbergrau-hochglanz\/\" \/>\n<meta property=\"og:site_name\" content=\"Eliassen.nl\" \/>\n<meta property=\"article:publisher\" content=\"https:\/\/www.facebook.com\/TuincentrumEliassenAmmerzoden\" \/>\n<meta property=\"article:modified_time\" content=\"2024-12-07T16:35:57+00:00\" \/>\n<meta property=\"og:image\" content=\"https:\/\/dev.eliassen.nl\/wp-content\/uploads\/2024\/01\/eliassenzuilrondhoogglans100cmzilvergrijshoo.jpg\" \/>\n\t<meta property=\"og:image:width\" content=\"909\" \/>\n\t<meta property=\"og:image:height\" content=\"1231\" \/>\n\t<meta property=\"og:image:type\" content=\"image\/jpeg\" \/>\n<meta name=\"twitter:card\" content=\"summary_large_image\" \/>\n<script type=\"application\/ld+json\" class=\"yoast-schema-graph\">{\"@context\":\"https:\/\/schema.org\",\"@graph\":[{\"@type\":\"WebPage\",\"@id\":\"https:\/\/dev.eliassen.nl\/de\/product\/saule-rund-hochglanz-100-cm-silbergrau-hochglanz\/\",\"url\":\"https:\/\/dev.eliassen.nl\/de\/product\/saule-rund-hochglanz-100-cm-silbergrau-hochglanz\/\",\"name\":\"S\u00e4ule rund Hochglanz 100 cm silbergrau Hochglanz - Eliassen\",\"isPartOf\":{\"@id\":\"https:\/\/dev.eliassen.nl\/de\/#website\"},\"primaryImageOfPage\":{\"@id\":\"https:\/\/dev.eliassen.nl\/de\/product\/saule-rund-hochglanz-100-cm-silbergrau-hochglanz\/#primaryimage\"},\"image\":{\"@id\":\"https:\/\/dev.eliassen.nl\/de\/product\/saule-rund-hochglanz-100-cm-silbergrau-hochglanz\/#primaryimage\"},\"thumbnailUrl\":\"https:\/\/dev.eliassen.nl\/wp-content\/uploads\/2024\/01\/eliassenzuilrondhoogglans100cmzilvergrijshoo.jpg\",\"datePublished\":\"2020-04-08T14:12:01+00:00\",\"dateModified\":\"2024-12-07T16:35:57+00:00\",\"description\":\"Auf der Suche nach einer Vase? Bestellen Sie jetzt Column Round High-Gloss. Auf unserer Website k\u00f6nnen Sie ganz einfach einen Blumentopf kaufen. \u2713 Gro\u00dfe Ausw...\",\"breadcrumb\":{\"@id\":\"https:\/\/dev.eliassen.nl\/de\/product\/saule-rund-hochglanz-100-cm-silbergrau-hochglanz\/#breadcrumb\"},\"inLanguage\":\"de\",\"potentialAction\":[{\"@type\":\"ReadAction\",\"target\":[\"https:\/\/dev.eliassen.nl\/de\/product\/saule-rund-hochglanz-100-cm-silbergrau-hochglanz\/\"]}]},{\"@type\":\"ImageObject\",\"inLanguage\":\"de\",\"@id\":\"https:\/\/dev.eliassen.nl\/de\/product\/saule-rund-hochglanz-100-cm-silbergrau-hochglanz\/#primaryimage\",\"url\":\"https:\/\/dev.eliassen.nl\/wp-content\/uploads\/2024\/01\/eliassenzuilrondhoogglans100cmzilvergrijshoo.jpg\",\"contentUrl\":\"https:\/\/dev.eliassen.nl\/wp-content\/uploads\/2024\/01\/eliassenzuilrondhoogglans100cmzilvergrijshoo.jpg\",\"width\":909,\"height\":1231,\"caption\":\"Eliassen Zuil rond hoogglans 100cm zilvergrijs hoogglans\"},{\"@type\":\"BreadcrumbList\",\"@id\":\"https:\/\/dev.eliassen.nl\/de\/product\/saule-rund-hochglanz-100-cm-silbergrau-hochglanz\/#breadcrumb\",\"itemListElement\":[{\"@type\":\"ListItem\",\"position\":1,\"name\":\"Home\",\"item\":\"https:\/\/dev.eliassen.nl\/de\/\"},{\"@type\":\"ListItem\",\"position\":2,\"name\":\"Shop\",\"item\":\"https:\/\/dev.eliassen.nl\/nl\/winkel\/\"},{\"@type\":\"ListItem\",\"position\":3,\"name\":\"Sockel\",\"item\":\"https:\/\/dev.eliassen.nl\/de\/sockel\/\"},{\"@type\":\"ListItem\",\"position\":4,\"name\":\"Sockel aus Polyester\",\"item\":\"https:\/\/dev.eliassen.nl\/de\/sockel\/sockel-aus-polyester\/\"},{\"@type\":\"ListItem\",\"position\":5,\"name\":\"S\u00e4ule rund Hochglanz 100 cm silbergrau Hochglanz\"}]},{\"@type\":\"WebSite\",\"@id\":\"https:\/\/dev.eliassen.nl\/de\/#website\",\"url\":\"https:\/\/dev.eliassen.nl\/de\/\",\"name\":\"Eliassen Home & Garden Pleasure\",\"description\":\"\",\"publisher\":{\"@id\":\"https:\/\/dev.eliassen.nl\/de\/#organization\"},\"alternateName\":\"Eliassen.nl\",\"potentialAction\":[{\"@type\":\"SearchAction\",\"target\":{\"@type\":\"EntryPoint\",\"urlTemplate\":\"https:\/\/dev.eliassen.nl\/de\/?s={search_term_string}\"},\"query-input\":{\"@type\":\"PropertyValueSpecification\",\"valueRequired\":true,\"valueName\":\"search_term_string\"}}],\"inLanguage\":\"de\"},{\"@type\":\"Organization\",\"@id\":\"https:\/\/dev.eliassen.nl\/de\/#organization\",\"name\":\"Eliassen Home & Garden Pleasure\",\"url\":\"https:\/\/dev.eliassen.nl\/de\/\",\"logo\":{\"@type\":\"ImageObject\",\"inLanguage\":\"de\",\"@id\":\"https:\/\/dev.eliassen.nl\/de\/#\/schema\/logo\/image\/\",\"url\":\"https:\/\/www.eliassen.nl\/wp-content\/uploads\/2024\/01\/logo_4nd.jpg\",\"contentUrl\":\"https:\/\/www.eliassen.nl\/wp-content\/uploads\/2024\/01\/logo_4nd.jpg\",\"width\":500,\"height\":500,\"caption\":\"Eliassen Home & Garden Pleasure\"},\"image\":{\"@id\":\"https:\/\/dev.eliassen.nl\/de\/#\/schema\/logo\/image\/\"},\"sameAs\":[\"https:\/\/www.facebook.com\/TuincentrumEliassenAmmerzoden\",\"https:\/\/www.instagram.com\/eliassenhomeandgarden\/\",\"https:\/\/nl.pinterest.com\/eliassenhomeandgarden\/\",\"https:\/\/www.youtube.com\/@eliassenhomegardenpleasure4558\"]}]}<\/script>\n<!-- \/ Yoast SEO plugin. -->","yoast_head_json":{"title":"S\u00e4ule rund Hochglanz 100 cm silbergrau Hochglanz - Eliassen","description":"Auf der Suche nach einer Vase? Bestellen Sie jetzt Column Round High-Gloss. Auf unserer Website k\u00f6nnen Sie ganz einfach einen Blumentopf kaufen. \u2713 Gro\u00dfe Ausw...","robots":{"index":"noindex","follow":"follow","max-snippet":"max-snippet:-1","max-image-preview":"max-image-preview:large","max-video-preview":"max-video-preview:-1"},"og_locale":"de_DE","og_type":"article","og_title":"S\u00e4ule rund Hochglanz 100 cm silbergrau Hochglanz - Eliassen","og_description":"Auf der Suche nach einer Vase? Bestellen Sie jetzt Column Round High-Gloss. Auf unserer Website k\u00f6nnen Sie ganz einfach einen Blumentopf kaufen. \u2713 Gro\u00dfe Ausw...","og_url":"https:\/\/dev.eliassen.nl\/de\/product\/saule-rund-hochglanz-100-cm-silbergrau-hochglanz\/","og_site_name":"Eliassen.nl","article_publisher":"https:\/\/www.facebook.com\/TuincentrumEliassenAmmerzoden","article_modified_time":"2024-12-07T16:35:57+00:00","og_image":[{"width":909,"height":1231,"url":"https:\/\/dev.eliassen.nl\/wp-content\/uploads\/2024\/01\/eliassenzuilrondhoogglans100cmzilvergrijshoo.jpg","type":"image\/jpeg"}],"twitter_card":"summary_large_image","schema":{"@context":"https:\/\/schema.org","@graph":[{"@type":"WebPage","@id":"https:\/\/dev.eliassen.nl\/de\/product\/saule-rund-hochglanz-100-cm-silbergrau-hochglanz\/","url":"https:\/\/dev.eliassen.nl\/de\/product\/saule-rund-hochglanz-100-cm-silbergrau-hochglanz\/","name":"S\u00e4ule rund Hochglanz 100 cm silbergrau Hochglanz - Eliassen","isPartOf":{"@id":"https:\/\/dev.eliassen.nl\/de\/#website"},"primaryImageOfPage":{"@id":"https:\/\/dev.eliassen.nl\/de\/product\/saule-rund-hochglanz-100-cm-silbergrau-hochglanz\/#primaryimage"},"image":{"@id":"https:\/\/dev.eliassen.nl\/de\/product\/saule-rund-hochglanz-100-cm-silbergrau-hochglanz\/#primaryimage"},"thumbnailUrl":"https:\/\/dev.eliassen.nl\/wp-content\/uploads\/2024\/01\/eliassenzuilrondhoogglans100cmzilvergrijshoo.jpg","datePublished":"2020-04-08T14:12:01+00:00","dateModified":"2024-12-07T16:35:57+00:00","description":"Auf der Suche nach einer Vase? Bestellen Sie jetzt Column Round High-Gloss. Auf unserer Website k\u00f6nnen Sie ganz einfach einen Blumentopf kaufen. \u2713 Gro\u00dfe Ausw...","breadcrumb":{"@id":"https:\/\/dev.eliassen.nl\/de\/product\/saule-rund-hochglanz-100-cm-silbergrau-hochglanz\/#breadcrumb"},"inLanguage":"de","potentialAction":[{"@type":"ReadAction","target":["https:\/\/dev.eliassen.nl\/de\/product\/saule-rund-hochglanz-100-cm-silbergrau-hochglanz\/"]}]},{"@type":"ImageObject","inLanguage":"de","@id":"https:\/\/dev.eliassen.nl\/de\/product\/saule-rund-hochglanz-100-cm-silbergrau-hochglanz\/#primaryimage","url":"https:\/\/dev.eliassen.nl\/wp-content\/uploads\/2024\/01\/eliassenzuilrondhoogglans100cmzilvergrijshoo.jpg","contentUrl":"https:\/\/dev.eliassen.nl\/wp-content\/uploads\/2024\/01\/eliassenzuilrondhoogglans100cmzilvergrijshoo.jpg","width":909,"height":1231,"caption":"Eliassen Zuil rond hoogglans 100cm zilvergrijs hoogglans"},{"@type":"BreadcrumbList","@id":"https:\/\/dev.eliassen.nl\/de\/product\/saule-rund-hochglanz-100-cm-silbergrau-hochglanz\/#breadcrumb","itemListElement":[{"@type":"ListItem","position":1,"name":"Home","item":"https:\/\/dev.eliassen.nl\/de\/"},{"@type":"ListItem","position":2,"name":"Shop","item":"https:\/\/dev.eliassen.nl\/nl\/winkel\/"},{"@type":"ListItem","position":3,"name":"Sockel","item":"https:\/\/dev.eliassen.nl\/de\/sockel\/"},{"@type":"ListItem","position":4,"name":"Sockel aus Polyester","item":"https:\/\/dev.eliassen.nl\/de\/sockel\/sockel-aus-polyester\/"},{"@type":"ListItem","position":5,"name":"S\u00e4ule rund Hochglanz 100 cm silbergrau Hochglanz"}]},{"@type":"WebSite","@id":"https:\/\/dev.eliassen.nl\/de\/#website","url":"https:\/\/dev.eliassen.nl\/de\/","name":"Eliassen Home & Garden Pleasure","description":"","publisher":{"@id":"https:\/\/dev.eliassen.nl\/de\/#organization"},"alternateName":"Eliassen.nl","potentialAction":[{"@type":"SearchAction","target":{"@type":"EntryPoint","urlTemplate":"https:\/\/dev.eliassen.nl\/de\/?s={search_term_string}"},"query-input":{"@type":"PropertyValueSpecification","valueRequired":true,"valueName":"search_term_string"}}],"inLanguage":"de"},{"@type":"Organization","@id":"https:\/\/dev.eliassen.nl\/de\/#organization","name":"Eliassen Home & Garden Pleasure","url":"https:\/\/dev.eliassen.nl\/de\/","logo":{"@type":"ImageObject","inLanguage":"de","@id":"https:\/\/dev.eliassen.nl\/de\/#\/schema\/logo\/image\/","url":"https:\/\/www.eliassen.nl\/wp-content\/uploads\/2024\/01\/logo_4nd.jpg","contentUrl":"https:\/\/www.eliassen.nl\/wp-content\/uploads\/2024\/01\/logo_4nd.jpg","width":500,"height":500,"caption":"Eliassen Home & Garden Pleasure"},"image":{"@id":"https:\/\/dev.eliassen.nl\/de\/#\/schema\/logo\/image\/"},"sameAs":["https:\/\/www.facebook.com\/TuincentrumEliassenAmmerzoden","https:\/\/www.instagram.com\/eliassenhomeandgarden\/","https:\/\/nl.pinterest.com\/eliassenhomeandgarden\/","https:\/\/www.youtube.com\/@eliassenhomegardenpleasure4558"]}]}},"df_price":129,"df_sale_price":"","df_regular_price":129,"df_image_link":"https:\/\/dev.eliassen.nl\/wp-content\/uploads\/2024\/01\/eliassenzuilrondhoogglans100cmzilvergrijshoo.jpg","image":"https:\/\/dev.eliassen.nl\/wp-content\/uploads\/2024\/01\/eliassenzuilrondhoogglans100cmzilvergrijshoo.jpg","price_search":"<span class=\"woocommerce-Price-amount amount\"><bdi><span class=\"woocommerce-Price-currencySymbol\">&euro;<\/span>&nbsp;129,00<\/bdi><\/span>","category":"Sockel","_links":{"self":[{"href":"https:\/\/dev.eliassen.nl\/de\/wp-json\/wp\/v2\/product\/23455","targetHints":{"allow":["GET"]}}],"collection":[{"href":"https:\/\/dev.eliassen.nl\/de\/wp-json\/wp\/v2\/product"}],"about":[{"href":"https:\/\/dev.eliassen.nl\/de\/wp-json\/wp\/v2\/types\/product"}],"wp:featuredmedia":[{"embeddable":true,"href":"https:\/\/dev.eliassen.nl\/de\/wp-json\/wp\/v2\/media\/23452"}],"wp:attachment":[{"href":"https:\/\/dev.eliassen.nl\/de\/wp-json\/wp\/v2\/media?parent=23455"}],"wp:term":[{"taxonomy":"product_brand","embeddable":true,"href":"https:\/\/dev.eliassen.nl\/de\/wp-json\/wp\/v2\/product_brand?post=23455"},{"taxonomy":"product_cat","embeddable":true,"href":"https:\/\/dev.eliassen.nl\/de\/wp-json\/wp\/v2\/product_cat?post=23455"},{"taxonomy":"product_tag","embeddable":true,"href":"https:\/\/dev.eliassen.nl\/de\/wp-json\/wp\/v2\/product_tag?post=23455"}],"curies":[{"name":"wp","href":"https:\/\/api.w.org\/{rel}","templated":true}]}}