{"id":23710,"date":"2020-04-15T08:45:29","date_gmt":"2020-04-15T06:45:29","guid":{"rendered":"https:\/\/www.eliassen.nl\/?product=wand-plaque-route-66"},"modified":"2024-12-05T15:38:42","modified_gmt":"2024-12-05T14:38:42","slug":"wandtafel-route-66","status":"publish","type":"product","link":"https:\/\/dev.eliassen.nl\/de\/product\/wandtafel-route-66\/","title":{"rendered":"Wandtafel Route 66"},"content":{"rendered":"<p>Eine sch\u00f6ne Dekoration f\u00fcr Ihr Zuhause, innen oder au\u00dfen, diese etwas alte Eisenwanddekoration in einer sch\u00f6nen runden Form.<br \/><strong>Wir haben auch fast die gesamte Kollektion dieser Serie im Laden, die in den Niederlanden einzigartig ist.<\/strong><br \/><strong>Nirgendwo sonst finden Sie eine so gro\u00dfe Sammlung. Bitte.<\/strong><\/p>\n<ul>\n<li>Gr\u00f6\u00dfe: Durchmesser betr\u00e4gt ca. 35 cm.<\/li>\n<li>Material: Metall.<\/li>\n<li>Farbe: Verschiedene.<\/li>\n<li>Einfach mit 1 Schraube aufzuh\u00e4ngen.<\/li>\n<li>Schnell geliefert.<\/li>\n<li>Gr\u00f6\u00dfte Sammlung in den Benelux-L\u00e4ndern, die auch live angesehen werden kann.<\/li>\n<li>1 Jahr Garantie.<\/li>\n<\/ul>\n","protected":false},"excerpt":{"rendered":"<p>Eine sch\u00f6ne Dekoration f\u00fcr Ihr Zuhause, innen oder au\u00dfen, diese etwas alte Eisenwanddekoration in einer sch\u00f6nen runden Form.Wir haben auch fast die gesamte Kollektion dieser Serie im Laden, die in den Niederlanden einzigartig ist.Nirgendwo sonst finden Sie eine so gro\u00dfe Sammlung. Bitte. Gr\u00f6\u00dfe: Durchmesser betr\u00e4gt ca. 35 cm. Material: Metall. Farbe: Verschiedene. Einfach mit 1 &hellip;<\/p>\n","protected":false},"featured_media":23707,"template":"","meta":{"_acf_changed":false},"product_brand":[],"product_cat":[518,509],"product_tag":[],"class_list":{"0":"post-23710","1":"product","2":"type-product","3":"status-publish","4":"has-post-thumbnail","6":"product_cat-vintage-wanddekoration-maennerhoehle","7":"product_cat-wanddekoration","9":"first","10":"instock","11":"sale","12":"taxable","13":"shipping-taxable","14":"purchasable","15":"product-type-simple"},"acf":[],"yoast_head":"<!-- This site is optimized with the Yoast SEO plugin v23.8 - https:\/\/yoast.com\/wordpress\/plugins\/seo\/ -->\n<title>Wandtafel Route 66 - Eliassen<\/title>\n<meta name=\"description\" content=\"Auf der Suche nach einer Wanddekoration? Bestellen Sie jetzt Wall Plaque Route 66 und kaufen Sie ganz einfach Gem\u00e4lde auf unserer Website. \u2713 Gro\u00dfe Auswahl \u2713 ...\" \/>\n<meta name=\"robots\" content=\"noindex, follow, max-snippet:-1, max-image-preview:large, max-video-preview:-1\" \/>\n<meta property=\"og:locale\" content=\"de_DE\" \/>\n<meta property=\"og:type\" content=\"article\" \/>\n<meta property=\"og:title\" content=\"Wandtafel Route 66 - Eliassen\" \/>\n<meta property=\"og:description\" content=\"Auf der Suche nach einer Wanddekoration? Bestellen Sie jetzt Wall Plaque Route 66 und kaufen Sie ganz einfach Gem\u00e4lde auf unserer Website. \u2713 Gro\u00dfe Auswahl \u2713 ...\" \/>\n<meta property=\"og:url\" content=\"https:\/\/dev.eliassen.nl\/de\/product\/wandtafel-route-66\/\" \/>\n<meta property=\"og:site_name\" content=\"Eliassen.nl\" \/>\n<meta property=\"article:publisher\" content=\"https:\/\/www.facebook.com\/TuincentrumEliassenAmmerzoden\" \/>\n<meta property=\"article:modified_time\" content=\"2024-12-05T14:38:42+00:00\" \/>\n<meta property=\"og:image\" content=\"https:\/\/dev.eliassen.nl\/wp-content\/uploads\/2024\/01\/eliassenwandplaqueroute66.jpg\" \/>\n\t<meta property=\"og:image:width\" content=\"650\" \/>\n\t<meta property=\"og:image:height\" content=\"650\" \/>\n\t<meta property=\"og:image:type\" content=\"image\/jpeg\" \/>\n<meta name=\"twitter:card\" content=\"summary_large_image\" \/>\n<script type=\"application\/ld+json\" class=\"yoast-schema-graph\">{\"@context\":\"https:\/\/schema.org\",\"@graph\":[{\"@type\":\"WebPage\",\"@id\":\"https:\/\/dev.eliassen.nl\/de\/product\/wandtafel-route-66\/\",\"url\":\"https:\/\/dev.eliassen.nl\/de\/product\/wandtafel-route-66\/\",\"name\":\"Wandtafel Route 66 - Eliassen\",\"isPartOf\":{\"@id\":\"https:\/\/dev.eliassen.nl\/de\/#website\"},\"primaryImageOfPage\":{\"@id\":\"https:\/\/dev.eliassen.nl\/de\/product\/wandtafel-route-66\/#primaryimage\"},\"image\":{\"@id\":\"https:\/\/dev.eliassen.nl\/de\/product\/wandtafel-route-66\/#primaryimage\"},\"thumbnailUrl\":\"https:\/\/dev.eliassen.nl\/wp-content\/uploads\/2024\/01\/eliassenwandplaqueroute66.jpg\",\"datePublished\":\"2020-04-15T06:45:29+00:00\",\"dateModified\":\"2024-12-05T14:38:42+00:00\",\"description\":\"Auf der Suche nach einer Wanddekoration? Bestellen Sie jetzt Wall Plaque Route 66 und kaufen Sie ganz einfach Gem\u00e4lde auf unserer Website. \u2713 Gro\u00dfe Auswahl \u2713 ...\",\"breadcrumb\":{\"@id\":\"https:\/\/dev.eliassen.nl\/de\/product\/wandtafel-route-66\/#breadcrumb\"},\"inLanguage\":\"de\",\"potentialAction\":[{\"@type\":\"ReadAction\",\"target\":[\"https:\/\/dev.eliassen.nl\/de\/product\/wandtafel-route-66\/\"]}]},{\"@type\":\"ImageObject\",\"inLanguage\":\"de\",\"@id\":\"https:\/\/dev.eliassen.nl\/de\/product\/wandtafel-route-66\/#primaryimage\",\"url\":\"https:\/\/dev.eliassen.nl\/wp-content\/uploads\/2024\/01\/eliassenwandplaqueroute66.jpg\",\"contentUrl\":\"https:\/\/dev.eliassen.nl\/wp-content\/uploads\/2024\/01\/eliassenwandplaqueroute66.jpg\",\"width\":650,\"height\":650,\"caption\":\"Eliassen Wand Plaque Route 66\"},{\"@type\":\"BreadcrumbList\",\"@id\":\"https:\/\/dev.eliassen.nl\/de\/product\/wandtafel-route-66\/#breadcrumb\",\"itemListElement\":[{\"@type\":\"ListItem\",\"position\":1,\"name\":\"Home\",\"item\":\"https:\/\/dev.eliassen.nl\/de\/\"},{\"@type\":\"ListItem\",\"position\":2,\"name\":\"Shop\",\"item\":\"https:\/\/dev.eliassen.nl\/nl\/winkel\/\"},{\"@type\":\"ListItem\",\"position\":3,\"name\":\"Wanddekoration\",\"item\":\"https:\/\/dev.eliassen.nl\/de\/wanddekoration\/\"},{\"@type\":\"ListItem\",\"position\":4,\"name\":\"Vintage Wanddekoration M\u00e4nnerh\u00f6hle\",\"item\":\"https:\/\/dev.eliassen.nl\/de\/wanddekoration\/vintage-wanddekoration-maennerhoehle\/\"},{\"@type\":\"ListItem\",\"position\":5,\"name\":\"Wandtafel Route 66\"}]},{\"@type\":\"WebSite\",\"@id\":\"https:\/\/dev.eliassen.nl\/de\/#website\",\"url\":\"https:\/\/dev.eliassen.nl\/de\/\",\"name\":\"Eliassen Home & Garden Pleasure\",\"description\":\"\",\"publisher\":{\"@id\":\"https:\/\/dev.eliassen.nl\/de\/#organization\"},\"alternateName\":\"Eliassen.nl\",\"potentialAction\":[{\"@type\":\"SearchAction\",\"target\":{\"@type\":\"EntryPoint\",\"urlTemplate\":\"https:\/\/dev.eliassen.nl\/de\/?s={search_term_string}\"},\"query-input\":{\"@type\":\"PropertyValueSpecification\",\"valueRequired\":true,\"valueName\":\"search_term_string\"}}],\"inLanguage\":\"de\"},{\"@type\":\"Organization\",\"@id\":\"https:\/\/dev.eliassen.nl\/de\/#organization\",\"name\":\"Eliassen Home & Garden Pleasure\",\"url\":\"https:\/\/dev.eliassen.nl\/de\/\",\"logo\":{\"@type\":\"ImageObject\",\"inLanguage\":\"de\",\"@id\":\"https:\/\/dev.eliassen.nl\/de\/#\/schema\/logo\/image\/\",\"url\":\"https:\/\/www.eliassen.nl\/wp-content\/uploads\/2024\/01\/logo_4nd.jpg\",\"contentUrl\":\"https:\/\/www.eliassen.nl\/wp-content\/uploads\/2024\/01\/logo_4nd.jpg\",\"width\":500,\"height\":500,\"caption\":\"Eliassen Home & Garden Pleasure\"},\"image\":{\"@id\":\"https:\/\/dev.eliassen.nl\/de\/#\/schema\/logo\/image\/\"},\"sameAs\":[\"https:\/\/www.facebook.com\/TuincentrumEliassenAmmerzoden\",\"https:\/\/www.instagram.com\/eliassenhomeandgarden\/\",\"https:\/\/nl.pinterest.com\/eliassenhomeandgarden\/\",\"https:\/\/www.youtube.com\/@eliassenhomegardenpleasure4558\"]}]}<\/script>\n<!-- \/ Yoast SEO plugin. -->","yoast_head_json":{"title":"Wandtafel Route 66 - Eliassen","description":"Auf der Suche nach einer Wanddekoration? Bestellen Sie jetzt Wall Plaque Route 66 und kaufen Sie ganz einfach Gem\u00e4lde auf unserer Website. \u2713 Gro\u00dfe Auswahl \u2713 ...","robots":{"index":"noindex","follow":"follow","max-snippet":"max-snippet:-1","max-image-preview":"max-image-preview:large","max-video-preview":"max-video-preview:-1"},"og_locale":"de_DE","og_type":"article","og_title":"Wandtafel Route 66 - Eliassen","og_description":"Auf der Suche nach einer Wanddekoration? Bestellen Sie jetzt Wall Plaque Route 66 und kaufen Sie ganz einfach Gem\u00e4lde auf unserer Website. \u2713 Gro\u00dfe Auswahl \u2713 ...","og_url":"https:\/\/dev.eliassen.nl\/de\/product\/wandtafel-route-66\/","og_site_name":"Eliassen.nl","article_publisher":"https:\/\/www.facebook.com\/TuincentrumEliassenAmmerzoden","article_modified_time":"2024-12-05T14:38:42+00:00","og_image":[{"width":650,"height":650,"url":"https:\/\/dev.eliassen.nl\/wp-content\/uploads\/2024\/01\/eliassenwandplaqueroute66.jpg","type":"image\/jpeg"}],"twitter_card":"summary_large_image","schema":{"@context":"https:\/\/schema.org","@graph":[{"@type":"WebPage","@id":"https:\/\/dev.eliassen.nl\/de\/product\/wandtafel-route-66\/","url":"https:\/\/dev.eliassen.nl\/de\/product\/wandtafel-route-66\/","name":"Wandtafel Route 66 - Eliassen","isPartOf":{"@id":"https:\/\/dev.eliassen.nl\/de\/#website"},"primaryImageOfPage":{"@id":"https:\/\/dev.eliassen.nl\/de\/product\/wandtafel-route-66\/#primaryimage"},"image":{"@id":"https:\/\/dev.eliassen.nl\/de\/product\/wandtafel-route-66\/#primaryimage"},"thumbnailUrl":"https:\/\/dev.eliassen.nl\/wp-content\/uploads\/2024\/01\/eliassenwandplaqueroute66.jpg","datePublished":"2020-04-15T06:45:29+00:00","dateModified":"2024-12-05T14:38:42+00:00","description":"Auf der Suche nach einer Wanddekoration? Bestellen Sie jetzt Wall Plaque Route 66 und kaufen Sie ganz einfach Gem\u00e4lde auf unserer Website. \u2713 Gro\u00dfe Auswahl \u2713 ...","breadcrumb":{"@id":"https:\/\/dev.eliassen.nl\/de\/product\/wandtafel-route-66\/#breadcrumb"},"inLanguage":"de","potentialAction":[{"@type":"ReadAction","target":["https:\/\/dev.eliassen.nl\/de\/product\/wandtafel-route-66\/"]}]},{"@type":"ImageObject","inLanguage":"de","@id":"https:\/\/dev.eliassen.nl\/de\/product\/wandtafel-route-66\/#primaryimage","url":"https:\/\/dev.eliassen.nl\/wp-content\/uploads\/2024\/01\/eliassenwandplaqueroute66.jpg","contentUrl":"https:\/\/dev.eliassen.nl\/wp-content\/uploads\/2024\/01\/eliassenwandplaqueroute66.jpg","width":650,"height":650,"caption":"Eliassen Wand Plaque Route 66"},{"@type":"BreadcrumbList","@id":"https:\/\/dev.eliassen.nl\/de\/product\/wandtafel-route-66\/#breadcrumb","itemListElement":[{"@type":"ListItem","position":1,"name":"Home","item":"https:\/\/dev.eliassen.nl\/de\/"},{"@type":"ListItem","position":2,"name":"Shop","item":"https:\/\/dev.eliassen.nl\/nl\/winkel\/"},{"@type":"ListItem","position":3,"name":"Wanddekoration","item":"https:\/\/dev.eliassen.nl\/de\/wanddekoration\/"},{"@type":"ListItem","position":4,"name":"Vintage Wanddekoration M\u00e4nnerh\u00f6hle","item":"https:\/\/dev.eliassen.nl\/de\/wanddekoration\/vintage-wanddekoration-maennerhoehle\/"},{"@type":"ListItem","position":5,"name":"Wandtafel Route 66"}]},{"@type":"WebSite","@id":"https:\/\/dev.eliassen.nl\/de\/#website","url":"https:\/\/dev.eliassen.nl\/de\/","name":"Eliassen Home & Garden Pleasure","description":"","publisher":{"@id":"https:\/\/dev.eliassen.nl\/de\/#organization"},"alternateName":"Eliassen.nl","potentialAction":[{"@type":"SearchAction","target":{"@type":"EntryPoint","urlTemplate":"https:\/\/dev.eliassen.nl\/de\/?s={search_term_string}"},"query-input":{"@type":"PropertyValueSpecification","valueRequired":true,"valueName":"search_term_string"}}],"inLanguage":"de"},{"@type":"Organization","@id":"https:\/\/dev.eliassen.nl\/de\/#organization","name":"Eliassen Home & Garden Pleasure","url":"https:\/\/dev.eliassen.nl\/de\/","logo":{"@type":"ImageObject","inLanguage":"de","@id":"https:\/\/dev.eliassen.nl\/de\/#\/schema\/logo\/image\/","url":"https:\/\/www.eliassen.nl\/wp-content\/uploads\/2024\/01\/logo_4nd.jpg","contentUrl":"https:\/\/www.eliassen.nl\/wp-content\/uploads\/2024\/01\/logo_4nd.jpg","width":500,"height":500,"caption":"Eliassen Home & Garden Pleasure"},"image":{"@id":"https:\/\/dev.eliassen.nl\/de\/#\/schema\/logo\/image\/"},"sameAs":["https:\/\/www.facebook.com\/TuincentrumEliassenAmmerzoden","https:\/\/www.instagram.com\/eliassenhomeandgarden\/","https:\/\/nl.pinterest.com\/eliassenhomeandgarden\/","https:\/\/www.youtube.com\/@eliassenhomegardenpleasure4558"]}]}},"df_price":10,"df_sale_price":10,"df_regular_price":13.5,"df_image_link":"https:\/\/dev.eliassen.nl\/wp-content\/uploads\/2024\/01\/eliassenwandplaqueroute66.jpg","image":"https:\/\/dev.eliassen.nl\/wp-content\/uploads\/2024\/01\/eliassenwandplaqueroute66.jpg","price_search":"<span class=\"woocommerce-Price-amount amount\"><bdi><span class=\"woocommerce-Price-currencySymbol\">&euro;<\/span>&nbsp;10,00<\/bdi><\/span>","category":"Vintage Wanddekoration M\u00e4nnerh\u00f6hle","_links":{"self":[{"href":"https:\/\/dev.eliassen.nl\/de\/wp-json\/wp\/v2\/product\/23710","targetHints":{"allow":["GET"]}}],"collection":[{"href":"https:\/\/dev.eliassen.nl\/de\/wp-json\/wp\/v2\/product"}],"about":[{"href":"https:\/\/dev.eliassen.nl\/de\/wp-json\/wp\/v2\/types\/product"}],"wp:featuredmedia":[{"embeddable":true,"href":"https:\/\/dev.eliassen.nl\/de\/wp-json\/wp\/v2\/media\/23707"}],"wp:attachment":[{"href":"https:\/\/dev.eliassen.nl\/de\/wp-json\/wp\/v2\/media?parent=23710"}],"wp:term":[{"taxonomy":"product_brand","embeddable":true,"href":"https:\/\/dev.eliassen.nl\/de\/wp-json\/wp\/v2\/product_brand?post=23710"},{"taxonomy":"product_cat","embeddable":true,"href":"https:\/\/dev.eliassen.nl\/de\/wp-json\/wp\/v2\/product_cat?post=23710"},{"taxonomy":"product_tag","embeddable":true,"href":"https:\/\/dev.eliassen.nl\/de\/wp-json\/wp\/v2\/product_tag?post=23710"}],"curies":[{"name":"wp","href":"https:\/\/api.w.org\/{rel}","templated":true}]}}