{"id":23806,"date":"2020-04-15T12:57:59","date_gmt":"2020-04-15T10:57:59","guid":{"rendered":"https:\/\/www.eliassen.nl\/?product=eend-staand-metaal"},"modified":"2024-12-05T15:38:52","modified_gmt":"2024-12-05T14:38:52","slug":"ente-stehendes-metall","status":"publish","type":"product","link":"https:\/\/dev.eliassen.nl\/de\/product\/ente-stehendes-metall\/","title":{"rendered":"Ente stehendes Metall"},"content":{"rendered":"<p>Wundersch\u00f6n verarbeitete Metallfigur einer gro\u00dfen stehenden Ente. Ein Juwel im Haus oder Garten und sch\u00f6n als Geschenk zu geben. Komplett handgefertigt und bemalt.<br \/>Da es sich um manuelle Arbeit handelt, kann das Bild geringf\u00fcgig von dem von Ihnen bestellten abweichen.<\/p>\n<p><strong>Wir haben fast alles aus dieser Serie im Showroom, kommen Sie und schauen Sie sich das an.<\/strong><\/p>\n<ul>\n<li>Gr\u00f6\u00dfe 43x15x35cm<\/li>\n<li>Schnell geliefert<\/li>\n<li>100% Handwerk<\/li>\n<li>schnell geliefert<\/li>\n<li>1 Jahr Garantie<\/li>\n<\/ul>\n","protected":false},"excerpt":{"rendered":"<p>Wundersch\u00f6n verarbeitete Metallfigur einer gro\u00dfen stehenden Ente. Ein Juwel im Haus oder Garten und sch\u00f6n als Geschenk zu geben. Komplett handgefertigt und bemalt.Da es sich um manuelle Arbeit handelt, kann das Bild geringf\u00fcgig von dem von Ihnen bestellten abweichen. Wir haben fast alles aus dieser Serie im Showroom, kommen Sie und schauen Sie sich das &hellip;<\/p>\n","protected":false},"featured_media":23800,"template":"","meta":{"_acf_changed":false},"product_brand":[],"product_cat":[665,659],"product_tag":[],"class_list":{"0":"post-23806","1":"product","2":"type-product","3":"status-publish","4":"has-post-thumbnail","6":"product_cat-dekofiguren-aus-metall","7":"product_cat-dekoration-aus-metall","9":"first","10":"instock","11":"taxable","12":"shipping-taxable","13":"purchasable","14":"product-type-simple"},"acf":[],"yoast_head":"<!-- This site is optimized with the Yoast SEO plugin v23.8 - https:\/\/yoast.com\/wordpress\/plugins\/seo\/ -->\n<title>Metallstatue der Ente - Eliassen<\/title>\n<meta name=\"description\" content=\"Auf der Suche nach einer Tierstatue? Bestellen Sie jetzt Duck Standing Metal. Auf unserer Website k\u00f6nnen Sie ganz einfach eine Metallstatue kaufen. \u2713 Gro\u00dfe A...\" \/>\n<meta name=\"robots\" content=\"noindex, follow, max-snippet:-1, max-image-preview:large, max-video-preview:-1\" \/>\n<meta property=\"og:locale\" content=\"de_DE\" \/>\n<meta property=\"og:type\" content=\"article\" \/>\n<meta property=\"og:title\" content=\"Metallstatue der Ente - Eliassen\" \/>\n<meta property=\"og:description\" content=\"Auf der Suche nach einer Tierstatue? Bestellen Sie jetzt Duck Standing Metal. Auf unserer Website k\u00f6nnen Sie ganz einfach eine Metallstatue kaufen. \u2713 Gro\u00dfe A...\" \/>\n<meta property=\"og:url\" content=\"https:\/\/dev.eliassen.nl\/de\/product\/ente-stehendes-metall\/\" \/>\n<meta property=\"og:site_name\" content=\"Eliassen.nl\" \/>\n<meta property=\"article:publisher\" content=\"https:\/\/www.facebook.com\/TuincentrumEliassenAmmerzoden\" \/>\n<meta property=\"article:modified_time\" content=\"2024-12-05T14:38:52+00:00\" \/>\n<meta property=\"og:image\" content=\"https:\/\/dev.eliassen.nl\/wp-content\/uploads\/2024\/01\/eliasseneendstaandmetaal.jpg\" \/>\n\t<meta property=\"og:image:width\" content=\"1000\" \/>\n\t<meta property=\"og:image:height\" content=\"750\" \/>\n\t<meta property=\"og:image:type\" content=\"image\/jpeg\" \/>\n<meta name=\"twitter:card\" content=\"summary_large_image\" \/>\n<script type=\"application\/ld+json\" class=\"yoast-schema-graph\">{\"@context\":\"https:\/\/schema.org\",\"@graph\":[{\"@type\":\"WebPage\",\"@id\":\"https:\/\/dev.eliassen.nl\/de\/product\/ente-stehendes-metall\/\",\"url\":\"https:\/\/dev.eliassen.nl\/de\/product\/ente-stehendes-metall\/\",\"name\":\"Metallstatue der Ente - Eliassen\",\"isPartOf\":{\"@id\":\"https:\/\/dev.eliassen.nl\/de\/#website\"},\"primaryImageOfPage\":{\"@id\":\"https:\/\/dev.eliassen.nl\/de\/product\/ente-stehendes-metall\/#primaryimage\"},\"image\":{\"@id\":\"https:\/\/dev.eliassen.nl\/de\/product\/ente-stehendes-metall\/#primaryimage\"},\"thumbnailUrl\":\"https:\/\/dev.eliassen.nl\/wp-content\/uploads\/2024\/01\/eliasseneendstaandmetaal.jpg\",\"datePublished\":\"2020-04-15T10:57:59+00:00\",\"dateModified\":\"2024-12-05T14:38:52+00:00\",\"description\":\"Auf der Suche nach einer Tierstatue? Bestellen Sie jetzt Duck Standing Metal. Auf unserer Website k\u00f6nnen Sie ganz einfach eine Metallstatue kaufen. \u2713 Gro\u00dfe A...\",\"breadcrumb\":{\"@id\":\"https:\/\/dev.eliassen.nl\/de\/product\/ente-stehendes-metall\/#breadcrumb\"},\"inLanguage\":\"de\",\"potentialAction\":[{\"@type\":\"ReadAction\",\"target\":[\"https:\/\/dev.eliassen.nl\/de\/product\/ente-stehendes-metall\/\"]}]},{\"@type\":\"ImageObject\",\"inLanguage\":\"de\",\"@id\":\"https:\/\/dev.eliassen.nl\/de\/product\/ente-stehendes-metall\/#primaryimage\",\"url\":\"https:\/\/dev.eliassen.nl\/wp-content\/uploads\/2024\/01\/eliasseneendstaandmetaal.jpg\",\"contentUrl\":\"https:\/\/dev.eliassen.nl\/wp-content\/uploads\/2024\/01\/eliasseneendstaandmetaal.jpg\",\"width\":1000,\"height\":750,\"caption\":\"Eliassen Eend staand metaal\"},{\"@type\":\"BreadcrumbList\",\"@id\":\"https:\/\/dev.eliassen.nl\/de\/product\/ente-stehendes-metall\/#breadcrumb\",\"itemListElement\":[{\"@type\":\"ListItem\",\"position\":1,\"name\":\"Home\",\"item\":\"https:\/\/dev.eliassen.nl\/de\/\"},{\"@type\":\"ListItem\",\"position\":2,\"name\":\"Shop\",\"item\":\"https:\/\/dev.eliassen.nl\/nl\/winkel\/\"},{\"@type\":\"ListItem\",\"position\":3,\"name\":\"Dekoration aus Metall\",\"item\":\"https:\/\/dev.eliassen.nl\/de\/dekoration-aus-metall\/\"},{\"@type\":\"ListItem\",\"position\":4,\"name\":\"Dekofiguren aus Metall\",\"item\":\"https:\/\/dev.eliassen.nl\/de\/dekoration-aus-metall\/dekofiguren-aus-metall\/\"},{\"@type\":\"ListItem\",\"position\":5,\"name\":\"Ente stehendes Metall\"}]},{\"@type\":\"WebSite\",\"@id\":\"https:\/\/dev.eliassen.nl\/de\/#website\",\"url\":\"https:\/\/dev.eliassen.nl\/de\/\",\"name\":\"Eliassen Home & Garden Pleasure\",\"description\":\"\",\"publisher\":{\"@id\":\"https:\/\/dev.eliassen.nl\/de\/#organization\"},\"alternateName\":\"Eliassen.nl\",\"potentialAction\":[{\"@type\":\"SearchAction\",\"target\":{\"@type\":\"EntryPoint\",\"urlTemplate\":\"https:\/\/dev.eliassen.nl\/de\/?s={search_term_string}\"},\"query-input\":{\"@type\":\"PropertyValueSpecification\",\"valueRequired\":true,\"valueName\":\"search_term_string\"}}],\"inLanguage\":\"de\"},{\"@type\":\"Organization\",\"@id\":\"https:\/\/dev.eliassen.nl\/de\/#organization\",\"name\":\"Eliassen Home & Garden Pleasure\",\"url\":\"https:\/\/dev.eliassen.nl\/de\/\",\"logo\":{\"@type\":\"ImageObject\",\"inLanguage\":\"de\",\"@id\":\"https:\/\/dev.eliassen.nl\/de\/#\/schema\/logo\/image\/\",\"url\":\"https:\/\/www.eliassen.nl\/wp-content\/uploads\/2024\/01\/logo_4nd.jpg\",\"contentUrl\":\"https:\/\/www.eliassen.nl\/wp-content\/uploads\/2024\/01\/logo_4nd.jpg\",\"width\":500,\"height\":500,\"caption\":\"Eliassen Home & Garden Pleasure\"},\"image\":{\"@id\":\"https:\/\/dev.eliassen.nl\/de\/#\/schema\/logo\/image\/\"},\"sameAs\":[\"https:\/\/www.facebook.com\/TuincentrumEliassenAmmerzoden\",\"https:\/\/www.instagram.com\/eliassenhomeandgarden\/\",\"https:\/\/nl.pinterest.com\/eliassenhomeandgarden\/\",\"https:\/\/www.youtube.com\/@eliassenhomegardenpleasure4558\"]}]}<\/script>\n<!-- \/ Yoast SEO plugin. -->","yoast_head_json":{"title":"Metallstatue der Ente - Eliassen","description":"Auf der Suche nach einer Tierstatue? Bestellen Sie jetzt Duck Standing Metal. Auf unserer Website k\u00f6nnen Sie ganz einfach eine Metallstatue kaufen. \u2713 Gro\u00dfe A...","robots":{"index":"noindex","follow":"follow","max-snippet":"max-snippet:-1","max-image-preview":"max-image-preview:large","max-video-preview":"max-video-preview:-1"},"og_locale":"de_DE","og_type":"article","og_title":"Metallstatue der Ente - Eliassen","og_description":"Auf der Suche nach einer Tierstatue? Bestellen Sie jetzt Duck Standing Metal. Auf unserer Website k\u00f6nnen Sie ganz einfach eine Metallstatue kaufen. \u2713 Gro\u00dfe A...","og_url":"https:\/\/dev.eliassen.nl\/de\/product\/ente-stehendes-metall\/","og_site_name":"Eliassen.nl","article_publisher":"https:\/\/www.facebook.com\/TuincentrumEliassenAmmerzoden","article_modified_time":"2024-12-05T14:38:52+00:00","og_image":[{"width":1000,"height":750,"url":"https:\/\/dev.eliassen.nl\/wp-content\/uploads\/2024\/01\/eliasseneendstaandmetaal.jpg","type":"image\/jpeg"}],"twitter_card":"summary_large_image","schema":{"@context":"https:\/\/schema.org","@graph":[{"@type":"WebPage","@id":"https:\/\/dev.eliassen.nl\/de\/product\/ente-stehendes-metall\/","url":"https:\/\/dev.eliassen.nl\/de\/product\/ente-stehendes-metall\/","name":"Metallstatue der Ente - Eliassen","isPartOf":{"@id":"https:\/\/dev.eliassen.nl\/de\/#website"},"primaryImageOfPage":{"@id":"https:\/\/dev.eliassen.nl\/de\/product\/ente-stehendes-metall\/#primaryimage"},"image":{"@id":"https:\/\/dev.eliassen.nl\/de\/product\/ente-stehendes-metall\/#primaryimage"},"thumbnailUrl":"https:\/\/dev.eliassen.nl\/wp-content\/uploads\/2024\/01\/eliasseneendstaandmetaal.jpg","datePublished":"2020-04-15T10:57:59+00:00","dateModified":"2024-12-05T14:38:52+00:00","description":"Auf der Suche nach einer Tierstatue? Bestellen Sie jetzt Duck Standing Metal. Auf unserer Website k\u00f6nnen Sie ganz einfach eine Metallstatue kaufen. \u2713 Gro\u00dfe A...","breadcrumb":{"@id":"https:\/\/dev.eliassen.nl\/de\/product\/ente-stehendes-metall\/#breadcrumb"},"inLanguage":"de","potentialAction":[{"@type":"ReadAction","target":["https:\/\/dev.eliassen.nl\/de\/product\/ente-stehendes-metall\/"]}]},{"@type":"ImageObject","inLanguage":"de","@id":"https:\/\/dev.eliassen.nl\/de\/product\/ente-stehendes-metall\/#primaryimage","url":"https:\/\/dev.eliassen.nl\/wp-content\/uploads\/2024\/01\/eliasseneendstaandmetaal.jpg","contentUrl":"https:\/\/dev.eliassen.nl\/wp-content\/uploads\/2024\/01\/eliasseneendstaandmetaal.jpg","width":1000,"height":750,"caption":"Eliassen Eend staand metaal"},{"@type":"BreadcrumbList","@id":"https:\/\/dev.eliassen.nl\/de\/product\/ente-stehendes-metall\/#breadcrumb","itemListElement":[{"@type":"ListItem","position":1,"name":"Home","item":"https:\/\/dev.eliassen.nl\/de\/"},{"@type":"ListItem","position":2,"name":"Shop","item":"https:\/\/dev.eliassen.nl\/nl\/winkel\/"},{"@type":"ListItem","position":3,"name":"Dekoration aus Metall","item":"https:\/\/dev.eliassen.nl\/de\/dekoration-aus-metall\/"},{"@type":"ListItem","position":4,"name":"Dekofiguren aus Metall","item":"https:\/\/dev.eliassen.nl\/de\/dekoration-aus-metall\/dekofiguren-aus-metall\/"},{"@type":"ListItem","position":5,"name":"Ente stehendes Metall"}]},{"@type":"WebSite","@id":"https:\/\/dev.eliassen.nl\/de\/#website","url":"https:\/\/dev.eliassen.nl\/de\/","name":"Eliassen Home & Garden Pleasure","description":"","publisher":{"@id":"https:\/\/dev.eliassen.nl\/de\/#organization"},"alternateName":"Eliassen.nl","potentialAction":[{"@type":"SearchAction","target":{"@type":"EntryPoint","urlTemplate":"https:\/\/dev.eliassen.nl\/de\/?s={search_term_string}"},"query-input":{"@type":"PropertyValueSpecification","valueRequired":true,"valueName":"search_term_string"}}],"inLanguage":"de"},{"@type":"Organization","@id":"https:\/\/dev.eliassen.nl\/de\/#organization","name":"Eliassen Home & Garden Pleasure","url":"https:\/\/dev.eliassen.nl\/de\/","logo":{"@type":"ImageObject","inLanguage":"de","@id":"https:\/\/dev.eliassen.nl\/de\/#\/schema\/logo\/image\/","url":"https:\/\/www.eliassen.nl\/wp-content\/uploads\/2024\/01\/logo_4nd.jpg","contentUrl":"https:\/\/www.eliassen.nl\/wp-content\/uploads\/2024\/01\/logo_4nd.jpg","width":500,"height":500,"caption":"Eliassen Home & Garden Pleasure"},"image":{"@id":"https:\/\/dev.eliassen.nl\/de\/#\/schema\/logo\/image\/"},"sameAs":["https:\/\/www.facebook.com\/TuincentrumEliassenAmmerzoden","https:\/\/www.instagram.com\/eliassenhomeandgarden\/","https:\/\/nl.pinterest.com\/eliassenhomeandgarden\/","https:\/\/www.youtube.com\/@eliassenhomegardenpleasure4558"]}]}},"df_price":42.5,"df_sale_price":"","df_regular_price":42.5,"df_image_link":"https:\/\/dev.eliassen.nl\/wp-content\/uploads\/2024\/01\/eliasseneendstaandmetaal.jpg","image":"https:\/\/dev.eliassen.nl\/wp-content\/uploads\/2024\/01\/eliasseneendstaandmetaal.jpg","price_search":"<span class=\"woocommerce-Price-amount amount\"><bdi><span class=\"woocommerce-Price-currencySymbol\">&euro;<\/span>&nbsp;42,50<\/bdi><\/span>","category":"Dekofiguren aus Metall","_links":{"self":[{"href":"https:\/\/dev.eliassen.nl\/de\/wp-json\/wp\/v2\/product\/23806","targetHints":{"allow":["GET"]}}],"collection":[{"href":"https:\/\/dev.eliassen.nl\/de\/wp-json\/wp\/v2\/product"}],"about":[{"href":"https:\/\/dev.eliassen.nl\/de\/wp-json\/wp\/v2\/types\/product"}],"wp:featuredmedia":[{"embeddable":true,"href":"https:\/\/dev.eliassen.nl\/de\/wp-json\/wp\/v2\/media\/23800"}],"wp:attachment":[{"href":"https:\/\/dev.eliassen.nl\/de\/wp-json\/wp\/v2\/media?parent=23806"}],"wp:term":[{"taxonomy":"product_brand","embeddable":true,"href":"https:\/\/dev.eliassen.nl\/de\/wp-json\/wp\/v2\/product_brand?post=23806"},{"taxonomy":"product_cat","embeddable":true,"href":"https:\/\/dev.eliassen.nl\/de\/wp-json\/wp\/v2\/product_cat?post=23806"},{"taxonomy":"product_tag","embeddable":true,"href":"https:\/\/dev.eliassen.nl\/de\/wp-json\/wp\/v2\/product_tag?post=23806"}],"curies":[{"name":"wp","href":"https:\/\/api.w.org\/{rel}","templated":true}]}}