{"id":23833,"date":"2020-04-15T13:29:56","date_gmt":"2020-04-15T11:29:56","guid":{"rendered":"https:\/\/www.eliassen.nl\/?product=papagaai"},"modified":"2025-04-26T16:52:02","modified_gmt":"2025-04-26T14:52:02","slug":"papageienmetall-45cm","status":"publish","type":"product","link":"https:\/\/dev.eliassen.nl\/de\/product\/papageienmetall-45cm\/","title":{"rendered":"Papageienmetall 45cm"},"content":{"rendered":"<p>Wundersch\u00f6n verarbeitete Metallfigur eines gro\u00dfen Papageien mit Faltfl\u00fcgeln. Ein Juwel im Haus oder Garten und sch\u00f6n als Geschenk zu geben. Komplett handgefertigt und bemalt.<br \/>Da es sich um manuelle Arbeit handelt, kann das Bild geringf\u00fcgig von dem von Ihnen bestellten abweichen.<\/p>\n<p><strong>Wir haben fast alles aus dieser Serie im Showroom, kommen Sie und schauen Sie sich das an.<\/strong><\/p>\n<ul>\n<li>Gr\u00f6\u00dfe 38x50x45cm.<\/li>\n<li>Schnell geliefert.<\/li>\n<li>100% Handwerk.<\/li>\n<li>schnell geliefert<\/li>\n<li>1 Jahr Garantie.<\/li>\n<\/ul>\n","protected":false},"excerpt":{"rendered":"<p>Wundersch\u00f6n verarbeitete Metallfigur eines gro\u00dfen Papageien mit Faltfl\u00fcgeln. Ein Juwel im Haus oder Garten und sch\u00f6n als Geschenk zu geben. Komplett handgefertigt und bemalt.Da es sich um manuelle Arbeit handelt, kann das Bild geringf\u00fcgig von dem von Ihnen bestellten abweichen. Wir haben fast alles aus dieser Serie im Showroom, kommen Sie und schauen Sie sich &hellip;<\/p>\n","protected":false},"featured_media":23827,"template":"","meta":{"_acf_changed":false},"product_brand":[],"product_cat":[665,659],"product_tag":[],"class_list":{"0":"post-23833","1":"product","2":"type-product","3":"status-publish","4":"has-post-thumbnail","6":"product_cat-dekofiguren-aus-metall","7":"product_cat-dekoration-aus-metall","9":"first","10":"instock","11":"taxable","12":"shipping-taxable","13":"purchasable","14":"product-type-simple"},"acf":[],"yoast_head":"<!-- This site is optimized with the Yoast SEO plugin v23.8 - https:\/\/yoast.com\/wordpress\/plugins\/seo\/ -->\n<title>Tierstatue Papageienmetall 45cm - Eliassen<\/title>\n<meta name=\"description\" content=\"Auf der Suche nach einer Tierstatue? Bestellen Sie jetzt Papageienmetall. Auf unserer Website k\u00f6nnen Sie ganz einfach eine Metallstatue kaufen. \u2713 Gro\u00dfe Auswa...\" \/>\n<meta name=\"robots\" content=\"noindex, follow, max-snippet:-1, max-image-preview:large, max-video-preview:-1\" \/>\n<meta property=\"og:locale\" content=\"de_DE\" \/>\n<meta property=\"og:type\" content=\"article\" \/>\n<meta property=\"og:title\" content=\"Tierstatue Papageienmetall 45cm - Eliassen\" \/>\n<meta property=\"og:description\" content=\"Auf der Suche nach einer Tierstatue? Bestellen Sie jetzt Papageienmetall. Auf unserer Website k\u00f6nnen Sie ganz einfach eine Metallstatue kaufen. \u2713 Gro\u00dfe Auswa...\" \/>\n<meta property=\"og:url\" content=\"https:\/\/dev.eliassen.nl\/de\/product\/papageienmetall-45cm\/\" \/>\n<meta property=\"og:site_name\" content=\"Eliassen.nl\" \/>\n<meta property=\"article:publisher\" content=\"https:\/\/www.facebook.com\/TuincentrumEliassenAmmerzoden\" \/>\n<meta property=\"article:modified_time\" content=\"2025-04-26T14:52:02+00:00\" \/>\n<meta property=\"og:image\" content=\"https:\/\/dev.eliassen.nl\/wp-content\/uploads\/2024\/01\/eliassenpapagaaimetaal45cm.jpg\" \/>\n\t<meta property=\"og:image:width\" content=\"1000\" \/>\n\t<meta property=\"og:image:height\" content=\"750\" \/>\n\t<meta property=\"og:image:type\" content=\"image\/jpeg\" \/>\n<meta name=\"twitter:card\" content=\"summary_large_image\" \/>\n<script type=\"application\/ld+json\" class=\"yoast-schema-graph\">{\"@context\":\"https:\/\/schema.org\",\"@graph\":[{\"@type\":\"WebPage\",\"@id\":\"https:\/\/dev.eliassen.nl\/de\/product\/papageienmetall-45cm\/\",\"url\":\"https:\/\/dev.eliassen.nl\/de\/product\/papageienmetall-45cm\/\",\"name\":\"Tierstatue Papageienmetall 45cm - Eliassen\",\"isPartOf\":{\"@id\":\"https:\/\/dev.eliassen.nl\/de\/#website\"},\"primaryImageOfPage\":{\"@id\":\"https:\/\/dev.eliassen.nl\/de\/product\/papageienmetall-45cm\/#primaryimage\"},\"image\":{\"@id\":\"https:\/\/dev.eliassen.nl\/de\/product\/papageienmetall-45cm\/#primaryimage\"},\"thumbnailUrl\":\"https:\/\/dev.eliassen.nl\/wp-content\/uploads\/2024\/01\/eliassenpapagaaimetaal45cm.jpg\",\"datePublished\":\"2020-04-15T11:29:56+00:00\",\"dateModified\":\"2025-04-26T14:52:02+00:00\",\"description\":\"Auf der Suche nach einer Tierstatue? Bestellen Sie jetzt Papageienmetall. Auf unserer Website k\u00f6nnen Sie ganz einfach eine Metallstatue kaufen. \u2713 Gro\u00dfe Auswa...\",\"breadcrumb\":{\"@id\":\"https:\/\/dev.eliassen.nl\/de\/product\/papageienmetall-45cm\/#breadcrumb\"},\"inLanguage\":\"de\",\"potentialAction\":[{\"@type\":\"ReadAction\",\"target\":[\"https:\/\/dev.eliassen.nl\/de\/product\/papageienmetall-45cm\/\"]}]},{\"@type\":\"ImageObject\",\"inLanguage\":\"de\",\"@id\":\"https:\/\/dev.eliassen.nl\/de\/product\/papageienmetall-45cm\/#primaryimage\",\"url\":\"https:\/\/dev.eliassen.nl\/wp-content\/uploads\/2024\/01\/eliassenpapagaaimetaal45cm.jpg\",\"contentUrl\":\"https:\/\/dev.eliassen.nl\/wp-content\/uploads\/2024\/01\/eliassenpapagaaimetaal45cm.jpg\",\"width\":1000,\"height\":750,\"caption\":\"Eliassen Papagaai metaal 45cm\"},{\"@type\":\"BreadcrumbList\",\"@id\":\"https:\/\/dev.eliassen.nl\/de\/product\/papageienmetall-45cm\/#breadcrumb\",\"itemListElement\":[{\"@type\":\"ListItem\",\"position\":1,\"name\":\"Home\",\"item\":\"https:\/\/dev.eliassen.nl\/de\/\"},{\"@type\":\"ListItem\",\"position\":2,\"name\":\"Shop\",\"item\":\"https:\/\/dev.eliassen.nl\/nl\/winkel\/\"},{\"@type\":\"ListItem\",\"position\":3,\"name\":\"Dekoration aus Metall\",\"item\":\"https:\/\/dev.eliassen.nl\/de\/dekoration-aus-metall\/\"},{\"@type\":\"ListItem\",\"position\":4,\"name\":\"Dekofiguren aus Metall\",\"item\":\"https:\/\/dev.eliassen.nl\/de\/dekoration-aus-metall\/dekofiguren-aus-metall\/\"},{\"@type\":\"ListItem\",\"position\":5,\"name\":\"Papageienmetall 45cm\"}]},{\"@type\":\"WebSite\",\"@id\":\"https:\/\/dev.eliassen.nl\/de\/#website\",\"url\":\"https:\/\/dev.eliassen.nl\/de\/\",\"name\":\"Eliassen Home & Garden Pleasure\",\"description\":\"\",\"publisher\":{\"@id\":\"https:\/\/dev.eliassen.nl\/de\/#organization\"},\"alternateName\":\"Eliassen.nl\",\"potentialAction\":[{\"@type\":\"SearchAction\",\"target\":{\"@type\":\"EntryPoint\",\"urlTemplate\":\"https:\/\/dev.eliassen.nl\/de\/?s={search_term_string}\"},\"query-input\":{\"@type\":\"PropertyValueSpecification\",\"valueRequired\":true,\"valueName\":\"search_term_string\"}}],\"inLanguage\":\"de\"},{\"@type\":\"Organization\",\"@id\":\"https:\/\/dev.eliassen.nl\/de\/#organization\",\"name\":\"Eliassen Home & Garden Pleasure\",\"url\":\"https:\/\/dev.eliassen.nl\/de\/\",\"logo\":{\"@type\":\"ImageObject\",\"inLanguage\":\"de\",\"@id\":\"https:\/\/dev.eliassen.nl\/de\/#\/schema\/logo\/image\/\",\"url\":\"https:\/\/www.eliassen.nl\/wp-content\/uploads\/2024\/01\/logo_4nd.jpg\",\"contentUrl\":\"https:\/\/www.eliassen.nl\/wp-content\/uploads\/2024\/01\/logo_4nd.jpg\",\"width\":500,\"height\":500,\"caption\":\"Eliassen Home & Garden Pleasure\"},\"image\":{\"@id\":\"https:\/\/dev.eliassen.nl\/de\/#\/schema\/logo\/image\/\"},\"sameAs\":[\"https:\/\/www.facebook.com\/TuincentrumEliassenAmmerzoden\",\"https:\/\/www.instagram.com\/eliassenhomeandgarden\/\",\"https:\/\/nl.pinterest.com\/eliassenhomeandgarden\/\",\"https:\/\/www.youtube.com\/@eliassenhomegardenpleasure4558\"]}]}<\/script>\n<!-- \/ Yoast SEO plugin. -->","yoast_head_json":{"title":"Tierstatue Papageienmetall 45cm - Eliassen","description":"Auf der Suche nach einer Tierstatue? Bestellen Sie jetzt Papageienmetall. Auf unserer Website k\u00f6nnen Sie ganz einfach eine Metallstatue kaufen. \u2713 Gro\u00dfe Auswa...","robots":{"index":"noindex","follow":"follow","max-snippet":"max-snippet:-1","max-image-preview":"max-image-preview:large","max-video-preview":"max-video-preview:-1"},"og_locale":"de_DE","og_type":"article","og_title":"Tierstatue Papageienmetall 45cm - Eliassen","og_description":"Auf der Suche nach einer Tierstatue? Bestellen Sie jetzt Papageienmetall. Auf unserer Website k\u00f6nnen Sie ganz einfach eine Metallstatue kaufen. \u2713 Gro\u00dfe Auswa...","og_url":"https:\/\/dev.eliassen.nl\/de\/product\/papageienmetall-45cm\/","og_site_name":"Eliassen.nl","article_publisher":"https:\/\/www.facebook.com\/TuincentrumEliassenAmmerzoden","article_modified_time":"2025-04-26T14:52:02+00:00","og_image":[{"width":1000,"height":750,"url":"https:\/\/dev.eliassen.nl\/wp-content\/uploads\/2024\/01\/eliassenpapagaaimetaal45cm.jpg","type":"image\/jpeg"}],"twitter_card":"summary_large_image","schema":{"@context":"https:\/\/schema.org","@graph":[{"@type":"WebPage","@id":"https:\/\/dev.eliassen.nl\/de\/product\/papageienmetall-45cm\/","url":"https:\/\/dev.eliassen.nl\/de\/product\/papageienmetall-45cm\/","name":"Tierstatue Papageienmetall 45cm - Eliassen","isPartOf":{"@id":"https:\/\/dev.eliassen.nl\/de\/#website"},"primaryImageOfPage":{"@id":"https:\/\/dev.eliassen.nl\/de\/product\/papageienmetall-45cm\/#primaryimage"},"image":{"@id":"https:\/\/dev.eliassen.nl\/de\/product\/papageienmetall-45cm\/#primaryimage"},"thumbnailUrl":"https:\/\/dev.eliassen.nl\/wp-content\/uploads\/2024\/01\/eliassenpapagaaimetaal45cm.jpg","datePublished":"2020-04-15T11:29:56+00:00","dateModified":"2025-04-26T14:52:02+00:00","description":"Auf der Suche nach einer Tierstatue? Bestellen Sie jetzt Papageienmetall. Auf unserer Website k\u00f6nnen Sie ganz einfach eine Metallstatue kaufen. \u2713 Gro\u00dfe Auswa...","breadcrumb":{"@id":"https:\/\/dev.eliassen.nl\/de\/product\/papageienmetall-45cm\/#breadcrumb"},"inLanguage":"de","potentialAction":[{"@type":"ReadAction","target":["https:\/\/dev.eliassen.nl\/de\/product\/papageienmetall-45cm\/"]}]},{"@type":"ImageObject","inLanguage":"de","@id":"https:\/\/dev.eliassen.nl\/de\/product\/papageienmetall-45cm\/#primaryimage","url":"https:\/\/dev.eliassen.nl\/wp-content\/uploads\/2024\/01\/eliassenpapagaaimetaal45cm.jpg","contentUrl":"https:\/\/dev.eliassen.nl\/wp-content\/uploads\/2024\/01\/eliassenpapagaaimetaal45cm.jpg","width":1000,"height":750,"caption":"Eliassen Papagaai metaal 45cm"},{"@type":"BreadcrumbList","@id":"https:\/\/dev.eliassen.nl\/de\/product\/papageienmetall-45cm\/#breadcrumb","itemListElement":[{"@type":"ListItem","position":1,"name":"Home","item":"https:\/\/dev.eliassen.nl\/de\/"},{"@type":"ListItem","position":2,"name":"Shop","item":"https:\/\/dev.eliassen.nl\/nl\/winkel\/"},{"@type":"ListItem","position":3,"name":"Dekoration aus Metall","item":"https:\/\/dev.eliassen.nl\/de\/dekoration-aus-metall\/"},{"@type":"ListItem","position":4,"name":"Dekofiguren aus Metall","item":"https:\/\/dev.eliassen.nl\/de\/dekoration-aus-metall\/dekofiguren-aus-metall\/"},{"@type":"ListItem","position":5,"name":"Papageienmetall 45cm"}]},{"@type":"WebSite","@id":"https:\/\/dev.eliassen.nl\/de\/#website","url":"https:\/\/dev.eliassen.nl\/de\/","name":"Eliassen Home & Garden Pleasure","description":"","publisher":{"@id":"https:\/\/dev.eliassen.nl\/de\/#organization"},"alternateName":"Eliassen.nl","potentialAction":[{"@type":"SearchAction","target":{"@type":"EntryPoint","urlTemplate":"https:\/\/dev.eliassen.nl\/de\/?s={search_term_string}"},"query-input":{"@type":"PropertyValueSpecification","valueRequired":true,"valueName":"search_term_string"}}],"inLanguage":"de"},{"@type":"Organization","@id":"https:\/\/dev.eliassen.nl\/de\/#organization","name":"Eliassen Home & Garden Pleasure","url":"https:\/\/dev.eliassen.nl\/de\/","logo":{"@type":"ImageObject","inLanguage":"de","@id":"https:\/\/dev.eliassen.nl\/de\/#\/schema\/logo\/image\/","url":"https:\/\/www.eliassen.nl\/wp-content\/uploads\/2024\/01\/logo_4nd.jpg","contentUrl":"https:\/\/www.eliassen.nl\/wp-content\/uploads\/2024\/01\/logo_4nd.jpg","width":500,"height":500,"caption":"Eliassen Home & Garden Pleasure"},"image":{"@id":"https:\/\/dev.eliassen.nl\/de\/#\/schema\/logo\/image\/"},"sameAs":["https:\/\/www.facebook.com\/TuincentrumEliassenAmmerzoden","https:\/\/www.instagram.com\/eliassenhomeandgarden\/","https:\/\/nl.pinterest.com\/eliassenhomeandgarden\/","https:\/\/www.youtube.com\/@eliassenhomegardenpleasure4558"]}]}},"df_price":43.95,"df_sale_price":"","df_regular_price":43.95,"df_image_link":"https:\/\/dev.eliassen.nl\/wp-content\/uploads\/2024\/01\/eliassenpapagaaimetaal45cm.jpg","image":"https:\/\/dev.eliassen.nl\/wp-content\/uploads\/2024\/01\/eliassenpapagaaimetaal45cm.jpg","price_search":"<span class=\"woocommerce-Price-amount amount\"><bdi><span class=\"woocommerce-Price-currencySymbol\">&euro;<\/span>&nbsp;43,95<\/bdi><\/span>","category":"Dekofiguren aus Metall","_links":{"self":[{"href":"https:\/\/dev.eliassen.nl\/de\/wp-json\/wp\/v2\/product\/23833","targetHints":{"allow":["GET"]}}],"collection":[{"href":"https:\/\/dev.eliassen.nl\/de\/wp-json\/wp\/v2\/product"}],"about":[{"href":"https:\/\/dev.eliassen.nl\/de\/wp-json\/wp\/v2\/types\/product"}],"wp:featuredmedia":[{"embeddable":true,"href":"https:\/\/dev.eliassen.nl\/de\/wp-json\/wp\/v2\/media\/23827"}],"wp:attachment":[{"href":"https:\/\/dev.eliassen.nl\/de\/wp-json\/wp\/v2\/media?parent=23833"}],"wp:term":[{"taxonomy":"product_brand","embeddable":true,"href":"https:\/\/dev.eliassen.nl\/de\/wp-json\/wp\/v2\/product_brand?post=23833"},{"taxonomy":"product_cat","embeddable":true,"href":"https:\/\/dev.eliassen.nl\/de\/wp-json\/wp\/v2\/product_cat?post=23833"},{"taxonomy":"product_tag","embeddable":true,"href":"https:\/\/dev.eliassen.nl\/de\/wp-json\/wp\/v2\/product_tag?post=23833"}],"curies":[{"name":"wp","href":"https:\/\/api.w.org\/{rel}","templated":true}]}}