{"id":23974,"date":"2020-05-04T12:37:16","date_gmt":"2020-05-04T10:37:16","guid":{"rendered":"https:\/\/www.eliassen.nl\/?product=tuinbeeld-bosnimf-koningin-der-natuur"},"modified":"2024-12-05T15:39:15","modified_gmt":"2024-12-05T14:39:15","slug":"gartenbild-holznymphe-konigin-der-natur","status":"publish","type":"product","link":"https:\/\/dev.eliassen.nl\/de\/product\/gartenbild-holznymphe-konigin-der-natur\/","title":{"rendered":"Gartenbild Holznymphe K\u00f6nigin der Natur"},"content":{"rendered":"<div class=\"product-content general-content\">\n<p>Eine wundersch\u00f6n gestaltete Modellgartenstatue in Form einer Waldnymphe. Hergestellt aus bestem Gussstein.<\/p>\n<ul>\n<li>Massiver Gussstein<\/li>\n<li>Farbe nat\u00fcrlich<\/li>\n<li>Gr\u00f6\u00dfe 75 cm breit, 165 cm hoch<\/li>\n<li>150 kg<\/li>\n<li>10 Jahre Garantie<\/li>\n<li>Wir bem\u00fchen uns, dieses Produkt immer in unserem Showroom zu haben, damit Sie dieses Modell auch live sehen k\u00f6nnen. Rufen Sie uns an oder senden Sie uns eine E-Mail, wenn Sie Missverst\u00e4ndnisse vermeiden m\u00f6chten.<\/li>\n<\/ul>\n<\/div>\n<form id=\"product_configure_form\" action=\"https:\/\/www.eliassen.nl\/nl\/cart\/add\/209834654\/\" method=\"post\">\n<div class=\"cart\">\n<div class=\"input-wrap\">\n<div class=\"change\"><a class=\"down hidden-xs\" data-way=\"down\"><i class=\"fa fa-minus\">\u00a0<\/i><\/a><\/div>\n<\/div>\n<\/div>\n<\/form>\n","protected":false},"excerpt":{"rendered":"<p>Eine wundersch\u00f6n gestaltete Modellgartenstatue in Form einer Waldnymphe. Hergestellt aus bestem Gussstein. Massiver Gussstein Farbe nat\u00fcrlich Gr\u00f6\u00dfe 75 cm breit, 165 cm hoch 150 kg 10 Jahre Garantie Wir bem\u00fchen uns, dieses Produkt immer in unserem Showroom zu haben, damit Sie dieses Modell auch live sehen k\u00f6nnen. Rufen Sie uns an oder senden Sie uns &hellip;<\/p>\n","protected":false},"featured_media":23968,"template":"","meta":{"_acf_changed":false},"product_brand":[],"product_cat":[677,710,7076],"product_tag":[],"class_list":{"0":"post-23974","1":"product","2":"type-product","3":"status-publish","4":"has-post-thumbnail","6":"product_cat-betonstatuen","7":"product_cat-mythologische-bilder","8":"product_cat-statues-figures","10":"first","11":"outofstock","12":"taxable","13":"shipping-taxable","14":"purchasable","15":"product-type-simple"},"acf":[],"yoast_head":"<!-- This site is optimized with the Yoast SEO plugin v23.8 - https:\/\/yoast.com\/wordpress\/plugins\/seo\/ -->\n<title>Gartenbild Waldnymphe K\u00f6nigin der Natur - Eliassen<\/title>\n<meta name=\"description\" content=\"Auf der Suche nach einem Bild? Bestellen Sie jetzt Gartenstatue Holznymphe K\u00f6nigin der Natur. Auf unserer Website k\u00f6nnen Sie ganz einfach eine Steinstatue ka...\" \/>\n<meta name=\"robots\" content=\"noindex, follow, max-snippet:-1, max-image-preview:large, max-video-preview:-1\" \/>\n<meta property=\"og:locale\" content=\"de_DE\" \/>\n<meta property=\"og:type\" content=\"article\" \/>\n<meta property=\"og:title\" content=\"Gartenbild Waldnymphe K\u00f6nigin der Natur - Eliassen\" \/>\n<meta property=\"og:description\" content=\"Auf der Suche nach einem Bild? Bestellen Sie jetzt Gartenstatue Holznymphe K\u00f6nigin der Natur. Auf unserer Website k\u00f6nnen Sie ganz einfach eine Steinstatue ka...\" \/>\n<meta property=\"og:url\" content=\"https:\/\/dev.eliassen.nl\/de\/product\/gartenbild-holznymphe-konigin-der-natur\/\" \/>\n<meta property=\"og:site_name\" content=\"Eliassen.nl\" \/>\n<meta property=\"article:publisher\" content=\"https:\/\/www.facebook.com\/TuincentrumEliassenAmmerzoden\" \/>\n<meta property=\"article:modified_time\" content=\"2024-12-05T14:39:15+00:00\" \/>\n<meta property=\"og:image\" content=\"https:\/\/dev.eliassen.nl\/wp-content\/uploads\/2024\/01\/eliassentuinbeeldbosnimfkoningindernatuur.jpg\" \/>\n\t<meta property=\"og:image:width\" content=\"510\" \/>\n\t<meta property=\"og:image:height\" content=\"510\" \/>\n\t<meta property=\"og:image:type\" content=\"image\/jpeg\" \/>\n<meta name=\"twitter:card\" content=\"summary_large_image\" \/>\n<script type=\"application\/ld+json\" class=\"yoast-schema-graph\">{\"@context\":\"https:\/\/schema.org\",\"@graph\":[{\"@type\":\"WebPage\",\"@id\":\"https:\/\/dev.eliassen.nl\/de\/product\/gartenbild-holznymphe-konigin-der-natur\/\",\"url\":\"https:\/\/dev.eliassen.nl\/de\/product\/gartenbild-holznymphe-konigin-der-natur\/\",\"name\":\"Gartenbild Waldnymphe K\u00f6nigin der Natur - Eliassen\",\"isPartOf\":{\"@id\":\"https:\/\/dev.eliassen.nl\/de\/#website\"},\"primaryImageOfPage\":{\"@id\":\"https:\/\/dev.eliassen.nl\/de\/product\/gartenbild-holznymphe-konigin-der-natur\/#primaryimage\"},\"image\":{\"@id\":\"https:\/\/dev.eliassen.nl\/de\/product\/gartenbild-holznymphe-konigin-der-natur\/#primaryimage\"},\"thumbnailUrl\":\"https:\/\/dev.eliassen.nl\/wp-content\/uploads\/2024\/01\/eliassentuinbeeldbosnimfkoningindernatuur.jpg\",\"datePublished\":\"2020-05-04T10:37:16+00:00\",\"dateModified\":\"2024-12-05T14:39:15+00:00\",\"description\":\"Auf der Suche nach einem Bild? Bestellen Sie jetzt Gartenstatue Holznymphe K\u00f6nigin der Natur. Auf unserer Website k\u00f6nnen Sie ganz einfach eine Steinstatue ka...\",\"breadcrumb\":{\"@id\":\"https:\/\/dev.eliassen.nl\/de\/product\/gartenbild-holznymphe-konigin-der-natur\/#breadcrumb\"},\"inLanguage\":\"de\",\"potentialAction\":[{\"@type\":\"ReadAction\",\"target\":[\"https:\/\/dev.eliassen.nl\/de\/product\/gartenbild-holznymphe-konigin-der-natur\/\"]}]},{\"@type\":\"ImageObject\",\"inLanguage\":\"de\",\"@id\":\"https:\/\/dev.eliassen.nl\/de\/product\/gartenbild-holznymphe-konigin-der-natur\/#primaryimage\",\"url\":\"https:\/\/dev.eliassen.nl\/wp-content\/uploads\/2024\/01\/eliassentuinbeeldbosnimfkoningindernatuur.jpg\",\"contentUrl\":\"https:\/\/dev.eliassen.nl\/wp-content\/uploads\/2024\/01\/eliassentuinbeeldbosnimfkoningindernatuur.jpg\",\"width\":510,\"height\":510,\"caption\":\"Eliassen Tuinbeeld bosnimf Koningin der natuur\"},{\"@type\":\"BreadcrumbList\",\"@id\":\"https:\/\/dev.eliassen.nl\/de\/product\/gartenbild-holznymphe-konigin-der-natur\/#breadcrumb\",\"itemListElement\":[{\"@type\":\"ListItem\",\"position\":1,\"name\":\"Home\",\"item\":\"https:\/\/dev.eliassen.nl\/de\/\"},{\"@type\":\"ListItem\",\"position\":2,\"name\":\"Shop\",\"item\":\"https:\/\/dev.eliassen.nl\/nl\/winkel\/\"},{\"@type\":\"ListItem\",\"position\":3,\"name\":\"Statuen-Skulpturen\",\"item\":\"https:\/\/dev.eliassen.nl\/de\/statuen-skulpturen\/\"},{\"@type\":\"ListItem\",\"position\":4,\"name\":\"Betonstatuen\",\"item\":\"https:\/\/dev.eliassen.nl\/de\/bilder\/betonstatuen\/\"},{\"@type\":\"ListItem\",\"position\":5,\"name\":\"Mythologische Bilder\",\"item\":\"https:\/\/dev.eliassen.nl\/de\/bilder\/betonstatuen\/mythologische-bilder\/\"},{\"@type\":\"ListItem\",\"position\":6,\"name\":\"Gartenbild Holznymphe K\u00f6nigin der Natur\"}]},{\"@type\":\"WebSite\",\"@id\":\"https:\/\/dev.eliassen.nl\/de\/#website\",\"url\":\"https:\/\/dev.eliassen.nl\/de\/\",\"name\":\"Eliassen Home & Garden Pleasure\",\"description\":\"\",\"publisher\":{\"@id\":\"https:\/\/dev.eliassen.nl\/de\/#organization\"},\"alternateName\":\"Eliassen.nl\",\"potentialAction\":[{\"@type\":\"SearchAction\",\"target\":{\"@type\":\"EntryPoint\",\"urlTemplate\":\"https:\/\/dev.eliassen.nl\/de\/?s={search_term_string}\"},\"query-input\":{\"@type\":\"PropertyValueSpecification\",\"valueRequired\":true,\"valueName\":\"search_term_string\"}}],\"inLanguage\":\"de\"},{\"@type\":\"Organization\",\"@id\":\"https:\/\/dev.eliassen.nl\/de\/#organization\",\"name\":\"Eliassen Home & Garden Pleasure\",\"url\":\"https:\/\/dev.eliassen.nl\/de\/\",\"logo\":{\"@type\":\"ImageObject\",\"inLanguage\":\"de\",\"@id\":\"https:\/\/dev.eliassen.nl\/de\/#\/schema\/logo\/image\/\",\"url\":\"https:\/\/www.eliassen.nl\/wp-content\/uploads\/2024\/01\/logo_4nd.jpg\",\"contentUrl\":\"https:\/\/www.eliassen.nl\/wp-content\/uploads\/2024\/01\/logo_4nd.jpg\",\"width\":500,\"height\":500,\"caption\":\"Eliassen Home & Garden Pleasure\"},\"image\":{\"@id\":\"https:\/\/dev.eliassen.nl\/de\/#\/schema\/logo\/image\/\"},\"sameAs\":[\"https:\/\/www.facebook.com\/TuincentrumEliassenAmmerzoden\",\"https:\/\/www.instagram.com\/eliassenhomeandgarden\/\",\"https:\/\/nl.pinterest.com\/eliassenhomeandgarden\/\",\"https:\/\/www.youtube.com\/@eliassenhomegardenpleasure4558\"]}]}<\/script>\n<!-- \/ Yoast SEO plugin. -->","yoast_head_json":{"title":"Gartenbild Waldnymphe K\u00f6nigin der Natur - Eliassen","description":"Auf der Suche nach einem Bild? Bestellen Sie jetzt Gartenstatue Holznymphe K\u00f6nigin der Natur. Auf unserer Website k\u00f6nnen Sie ganz einfach eine Steinstatue ka...","robots":{"index":"noindex","follow":"follow","max-snippet":"max-snippet:-1","max-image-preview":"max-image-preview:large","max-video-preview":"max-video-preview:-1"},"og_locale":"de_DE","og_type":"article","og_title":"Gartenbild Waldnymphe K\u00f6nigin der Natur - Eliassen","og_description":"Auf der Suche nach einem Bild? Bestellen Sie jetzt Gartenstatue Holznymphe K\u00f6nigin der Natur. Auf unserer Website k\u00f6nnen Sie ganz einfach eine Steinstatue ka...","og_url":"https:\/\/dev.eliassen.nl\/de\/product\/gartenbild-holznymphe-konigin-der-natur\/","og_site_name":"Eliassen.nl","article_publisher":"https:\/\/www.facebook.com\/TuincentrumEliassenAmmerzoden","article_modified_time":"2024-12-05T14:39:15+00:00","og_image":[{"width":510,"height":510,"url":"https:\/\/dev.eliassen.nl\/wp-content\/uploads\/2024\/01\/eliassentuinbeeldbosnimfkoningindernatuur.jpg","type":"image\/jpeg"}],"twitter_card":"summary_large_image","schema":{"@context":"https:\/\/schema.org","@graph":[{"@type":"WebPage","@id":"https:\/\/dev.eliassen.nl\/de\/product\/gartenbild-holznymphe-konigin-der-natur\/","url":"https:\/\/dev.eliassen.nl\/de\/product\/gartenbild-holznymphe-konigin-der-natur\/","name":"Gartenbild Waldnymphe K\u00f6nigin der Natur - Eliassen","isPartOf":{"@id":"https:\/\/dev.eliassen.nl\/de\/#website"},"primaryImageOfPage":{"@id":"https:\/\/dev.eliassen.nl\/de\/product\/gartenbild-holznymphe-konigin-der-natur\/#primaryimage"},"image":{"@id":"https:\/\/dev.eliassen.nl\/de\/product\/gartenbild-holznymphe-konigin-der-natur\/#primaryimage"},"thumbnailUrl":"https:\/\/dev.eliassen.nl\/wp-content\/uploads\/2024\/01\/eliassentuinbeeldbosnimfkoningindernatuur.jpg","datePublished":"2020-05-04T10:37:16+00:00","dateModified":"2024-12-05T14:39:15+00:00","description":"Auf der Suche nach einem Bild? Bestellen Sie jetzt Gartenstatue Holznymphe K\u00f6nigin der Natur. Auf unserer Website k\u00f6nnen Sie ganz einfach eine Steinstatue ka...","breadcrumb":{"@id":"https:\/\/dev.eliassen.nl\/de\/product\/gartenbild-holznymphe-konigin-der-natur\/#breadcrumb"},"inLanguage":"de","potentialAction":[{"@type":"ReadAction","target":["https:\/\/dev.eliassen.nl\/de\/product\/gartenbild-holznymphe-konigin-der-natur\/"]}]},{"@type":"ImageObject","inLanguage":"de","@id":"https:\/\/dev.eliassen.nl\/de\/product\/gartenbild-holznymphe-konigin-der-natur\/#primaryimage","url":"https:\/\/dev.eliassen.nl\/wp-content\/uploads\/2024\/01\/eliassentuinbeeldbosnimfkoningindernatuur.jpg","contentUrl":"https:\/\/dev.eliassen.nl\/wp-content\/uploads\/2024\/01\/eliassentuinbeeldbosnimfkoningindernatuur.jpg","width":510,"height":510,"caption":"Eliassen Tuinbeeld bosnimf Koningin der natuur"},{"@type":"BreadcrumbList","@id":"https:\/\/dev.eliassen.nl\/de\/product\/gartenbild-holznymphe-konigin-der-natur\/#breadcrumb","itemListElement":[{"@type":"ListItem","position":1,"name":"Home","item":"https:\/\/dev.eliassen.nl\/de\/"},{"@type":"ListItem","position":2,"name":"Shop","item":"https:\/\/dev.eliassen.nl\/nl\/winkel\/"},{"@type":"ListItem","position":3,"name":"Statuen-Skulpturen","item":"https:\/\/dev.eliassen.nl\/de\/statuen-skulpturen\/"},{"@type":"ListItem","position":4,"name":"Betonstatuen","item":"https:\/\/dev.eliassen.nl\/de\/bilder\/betonstatuen\/"},{"@type":"ListItem","position":5,"name":"Mythologische Bilder","item":"https:\/\/dev.eliassen.nl\/de\/bilder\/betonstatuen\/mythologische-bilder\/"},{"@type":"ListItem","position":6,"name":"Gartenbild Holznymphe K\u00f6nigin der Natur"}]},{"@type":"WebSite","@id":"https:\/\/dev.eliassen.nl\/de\/#website","url":"https:\/\/dev.eliassen.nl\/de\/","name":"Eliassen Home & Garden Pleasure","description":"","publisher":{"@id":"https:\/\/dev.eliassen.nl\/de\/#organization"},"alternateName":"Eliassen.nl","potentialAction":[{"@type":"SearchAction","target":{"@type":"EntryPoint","urlTemplate":"https:\/\/dev.eliassen.nl\/de\/?s={search_term_string}"},"query-input":{"@type":"PropertyValueSpecification","valueRequired":true,"valueName":"search_term_string"}}],"inLanguage":"de"},{"@type":"Organization","@id":"https:\/\/dev.eliassen.nl\/de\/#organization","name":"Eliassen Home & Garden Pleasure","url":"https:\/\/dev.eliassen.nl\/de\/","logo":{"@type":"ImageObject","inLanguage":"de","@id":"https:\/\/dev.eliassen.nl\/de\/#\/schema\/logo\/image\/","url":"https:\/\/www.eliassen.nl\/wp-content\/uploads\/2024\/01\/logo_4nd.jpg","contentUrl":"https:\/\/www.eliassen.nl\/wp-content\/uploads\/2024\/01\/logo_4nd.jpg","width":500,"height":500,"caption":"Eliassen Home & Garden Pleasure"},"image":{"@id":"https:\/\/dev.eliassen.nl\/de\/#\/schema\/logo\/image\/"},"sameAs":["https:\/\/www.facebook.com\/TuincentrumEliassenAmmerzoden","https:\/\/www.instagram.com\/eliassenhomeandgarden\/","https:\/\/nl.pinterest.com\/eliassenhomeandgarden\/","https:\/\/www.youtube.com\/@eliassenhomegardenpleasure4558"]}]}},"df_price":975,"df_sale_price":"","df_regular_price":975,"df_image_link":"https:\/\/dev.eliassen.nl\/wp-content\/uploads\/2024\/01\/eliassentuinbeeldbosnimfkoningindernatuur.jpg","image":"https:\/\/dev.eliassen.nl\/wp-content\/uploads\/2024\/01\/eliassentuinbeeldbosnimfkoningindernatuur.jpg","price_search":"<span class=\"woocommerce-Price-amount amount\"><bdi><span class=\"woocommerce-Price-currencySymbol\">&euro;<\/span>&nbsp;975,00<\/bdi><\/span>","category":"Betonstatuen","_links":{"self":[{"href":"https:\/\/dev.eliassen.nl\/de\/wp-json\/wp\/v2\/product\/23974","targetHints":{"allow":["GET"]}}],"collection":[{"href":"https:\/\/dev.eliassen.nl\/de\/wp-json\/wp\/v2\/product"}],"about":[{"href":"https:\/\/dev.eliassen.nl\/de\/wp-json\/wp\/v2\/types\/product"}],"wp:featuredmedia":[{"embeddable":true,"href":"https:\/\/dev.eliassen.nl\/de\/wp-json\/wp\/v2\/media\/23968"}],"wp:attachment":[{"href":"https:\/\/dev.eliassen.nl\/de\/wp-json\/wp\/v2\/media?parent=23974"}],"wp:term":[{"taxonomy":"product_brand","embeddable":true,"href":"https:\/\/dev.eliassen.nl\/de\/wp-json\/wp\/v2\/product_brand?post=23974"},{"taxonomy":"product_cat","embeddable":true,"href":"https:\/\/dev.eliassen.nl\/de\/wp-json\/wp\/v2\/product_cat?post=23974"},{"taxonomy":"product_tag","embeddable":true,"href":"https:\/\/dev.eliassen.nl\/de\/wp-json\/wp\/v2\/product_tag?post=23974"}],"curies":[{"name":"wp","href":"https:\/\/api.w.org\/{rel}","templated":true}]}}