{"id":23986,"date":"2020-05-09T09:37:08","date_gmt":"2020-05-09T07:37:08","guid":{"rendered":"https:\/\/www.eliassen.nl\/?product=donderglas-barometer"},"modified":"2024-12-05T15:39:20","modified_gmt":"2024-12-05T14:39:20","slug":"donnerglasbarometer-esschert","status":"publish","type":"product","link":"https:\/\/dev.eliassen.nl\/de\/product\/donnerglasbarometer-esschert\/","title":{"rendered":"Donnerglasbarometer Esschert"},"content":{"rendered":"<p>Die Wirkung dieser Wettervorhersage von Donnerglas oder Wetterglas ist seit Beginn des 17. Jahrhunderts bekannt. Bei hohem Luftdruck (gutes Wetter) wird der Fl\u00fcssigkeitsstand in der D\u00fcse des Donnerglases nach unten gedr\u00fcckt und bei niedrigem Luftdruck (schlechtes Wetter) steigt der F\u00fcllstand in der D\u00fcse des Donnerglases an. Wenn sich Gewitter n\u00e4hern, kann die Fl\u00fcssigkeit so weit aufsteigen, dass sie aus dem Auslauf des Gewitterglases tropft. F\u00fcllen Sie das Donnerglas (nur ein Drittel) mit gekochtem oder demineralisiertem Wasser und f\u00e4rben Sie es mit dem mitgelieferten (blauen) Tintenpulver.<\/p>\n<p>Dieses Donnerglas wird in einer bedruckten Geschenkbox und mit einer Spritze zum einfachen Bef\u00fcllen geliefert. Blaues Tintenpulver ist ebenfalls enthalten.<\/p>\n<p>Gr\u00f6\u00dfe: 14 x 13 x 28 cm<\/p>\n<ul>\n<li>Gr\u00f6\u00dfe 14x13x28cm<\/li>\n<li>Material: Gusseisen und Glas<\/li>\n<li>Garantie: 1 Jahr Einfrieren ausgeschlossen<\/li>\n<li>Auch in unserem Shop erh\u00e4ltlich<\/li>\n<\/ul>\n","protected":false},"excerpt":{"rendered":"<p>Die Wirkung dieser Wettervorhersage von Donnerglas oder Wetterglas ist seit Beginn des 17. Jahrhunderts bekannt. Bei hohem Luftdruck (gutes Wetter) wird der Fl\u00fcssigkeitsstand in der D\u00fcse des Donnerglases nach unten gedr\u00fcckt und bei niedrigem Luftdruck (schlechtes Wetter) steigt der F\u00fcllstand in der D\u00fcse des Donnerglases an. Wenn sich Gewitter n\u00e4hern, kann die Fl\u00fcssigkeit so weit &hellip;<\/p>\n","protected":false},"featured_media":23977,"template":"","meta":{"_acf_changed":false},"product_brand":[],"product_cat":[767,752],"product_tag":[],"class_list":{"0":"post-23986","1":"product","2":"type-product","3":"status-publish","4":"has-post-thumbnail","6":"product_cat-sonstig","7":"product_cat-weitere-artikel","9":"first","10":"instock","11":"taxable","12":"shipping-taxable","13":"purchasable","14":"product-type-simple"},"acf":[],"yoast_head":"<!-- This site is optimized with the Yoast SEO plugin v23.8 - https:\/\/yoast.com\/wordpress\/plugins\/seo\/ -->\n<title>Donnerglasbarometer aus Gusseisen - Eliassen<\/title>\n<meta name=\"description\" content=\"Auf der Suche nach einem Barometer? Bestellen Sie jetzt Thunder Glasbarometer Esschert. Sie k\u00f6nnen Thunder Glass ganz einfach auf unserer Website kaufen. \u2713 G...\" \/>\n<meta name=\"robots\" content=\"noindex, follow, max-snippet:-1, max-image-preview:large, max-video-preview:-1\" \/>\n<meta property=\"og:locale\" content=\"de_DE\" \/>\n<meta property=\"og:type\" content=\"article\" \/>\n<meta property=\"og:title\" content=\"Donnerglasbarometer aus Gusseisen - Eliassen\" \/>\n<meta property=\"og:description\" content=\"Auf der Suche nach einem Barometer? Bestellen Sie jetzt Thunder Glasbarometer Esschert. Sie k\u00f6nnen Thunder Glass ganz einfach auf unserer Website kaufen. \u2713 G...\" \/>\n<meta property=\"og:url\" content=\"https:\/\/dev.eliassen.nl\/de\/product\/donnerglasbarometer-esschert\/\" \/>\n<meta property=\"og:site_name\" content=\"Eliassen.nl\" \/>\n<meta property=\"article:publisher\" content=\"https:\/\/www.facebook.com\/TuincentrumEliassenAmmerzoden\" \/>\n<meta property=\"article:modified_time\" content=\"2024-12-05T14:39:20+00:00\" \/>\n<meta property=\"og:image\" content=\"https:\/\/dev.eliassen.nl\/wp-content\/uploads\/2024\/01\/eliassendonderglasbarometeresschert.jpg\" \/>\n\t<meta property=\"og:image:width\" content=\"2048\" \/>\n\t<meta property=\"og:image:height\" content=\"2048\" \/>\n\t<meta property=\"og:image:type\" content=\"image\/jpeg\" \/>\n<meta name=\"twitter:card\" content=\"summary_large_image\" \/>\n<script type=\"application\/ld+json\" class=\"yoast-schema-graph\">{\"@context\":\"https:\/\/schema.org\",\"@graph\":[{\"@type\":\"WebPage\",\"@id\":\"https:\/\/dev.eliassen.nl\/de\/product\/donnerglasbarometer-esschert\/\",\"url\":\"https:\/\/dev.eliassen.nl\/de\/product\/donnerglasbarometer-esschert\/\",\"name\":\"Donnerglasbarometer aus Gusseisen - Eliassen\",\"isPartOf\":{\"@id\":\"https:\/\/dev.eliassen.nl\/de\/#website\"},\"primaryImageOfPage\":{\"@id\":\"https:\/\/dev.eliassen.nl\/de\/product\/donnerglasbarometer-esschert\/#primaryimage\"},\"image\":{\"@id\":\"https:\/\/dev.eliassen.nl\/de\/product\/donnerglasbarometer-esschert\/#primaryimage\"},\"thumbnailUrl\":\"https:\/\/dev.eliassen.nl\/wp-content\/uploads\/2024\/01\/eliassendonderglasbarometeresschert.jpg\",\"datePublished\":\"2020-05-09T07:37:08+00:00\",\"dateModified\":\"2024-12-05T14:39:20+00:00\",\"description\":\"Auf der Suche nach einem Barometer? Bestellen Sie jetzt Thunder Glasbarometer Esschert. Sie k\u00f6nnen Thunder Glass ganz einfach auf unserer Website kaufen. \u2713 G...\",\"breadcrumb\":{\"@id\":\"https:\/\/dev.eliassen.nl\/de\/product\/donnerglasbarometer-esschert\/#breadcrumb\"},\"inLanguage\":\"de\",\"potentialAction\":[{\"@type\":\"ReadAction\",\"target\":[\"https:\/\/dev.eliassen.nl\/de\/product\/donnerglasbarometer-esschert\/\"]}]},{\"@type\":\"ImageObject\",\"inLanguage\":\"de\",\"@id\":\"https:\/\/dev.eliassen.nl\/de\/product\/donnerglasbarometer-esschert\/#primaryimage\",\"url\":\"https:\/\/dev.eliassen.nl\/wp-content\/uploads\/2024\/01\/eliassendonderglasbarometeresschert.jpg\",\"contentUrl\":\"https:\/\/dev.eliassen.nl\/wp-content\/uploads\/2024\/01\/eliassendonderglasbarometeresschert.jpg\",\"width\":2048,\"height\":2048,\"caption\":\"Eliassen Donderglas barometer Esschert\"},{\"@type\":\"BreadcrumbList\",\"@id\":\"https:\/\/dev.eliassen.nl\/de\/product\/donnerglasbarometer-esschert\/#breadcrumb\",\"itemListElement\":[{\"@type\":\"ListItem\",\"position\":1,\"name\":\"Home\",\"item\":\"https:\/\/dev.eliassen.nl\/de\/\"},{\"@type\":\"ListItem\",\"position\":2,\"name\":\"Shop\",\"item\":\"https:\/\/dev.eliassen.nl\/nl\/winkel\/\"},{\"@type\":\"ListItem\",\"position\":3,\"name\":\"Weitere Artikel\",\"item\":\"https:\/\/dev.eliassen.nl\/de\/weitere-artikel\/\"},{\"@type\":\"ListItem\",\"position\":4,\"name\":\"Sonstig\",\"item\":\"https:\/\/dev.eliassen.nl\/de\/garten-andere\/sonstig\/\"},{\"@type\":\"ListItem\",\"position\":5,\"name\":\"Donnerglasbarometer Esschert\"}]},{\"@type\":\"WebSite\",\"@id\":\"https:\/\/dev.eliassen.nl\/de\/#website\",\"url\":\"https:\/\/dev.eliassen.nl\/de\/\",\"name\":\"Eliassen Home & Garden Pleasure\",\"description\":\"\",\"publisher\":{\"@id\":\"https:\/\/dev.eliassen.nl\/de\/#organization\"},\"alternateName\":\"Eliassen.nl\",\"potentialAction\":[{\"@type\":\"SearchAction\",\"target\":{\"@type\":\"EntryPoint\",\"urlTemplate\":\"https:\/\/dev.eliassen.nl\/de\/?s={search_term_string}\"},\"query-input\":{\"@type\":\"PropertyValueSpecification\",\"valueRequired\":true,\"valueName\":\"search_term_string\"}}],\"inLanguage\":\"de\"},{\"@type\":\"Organization\",\"@id\":\"https:\/\/dev.eliassen.nl\/de\/#organization\",\"name\":\"Eliassen Home & Garden Pleasure\",\"url\":\"https:\/\/dev.eliassen.nl\/de\/\",\"logo\":{\"@type\":\"ImageObject\",\"inLanguage\":\"de\",\"@id\":\"https:\/\/dev.eliassen.nl\/de\/#\/schema\/logo\/image\/\",\"url\":\"https:\/\/www.eliassen.nl\/wp-content\/uploads\/2024\/01\/logo_4nd.jpg\",\"contentUrl\":\"https:\/\/www.eliassen.nl\/wp-content\/uploads\/2024\/01\/logo_4nd.jpg\",\"width\":500,\"height\":500,\"caption\":\"Eliassen Home & Garden Pleasure\"},\"image\":{\"@id\":\"https:\/\/dev.eliassen.nl\/de\/#\/schema\/logo\/image\/\"},\"sameAs\":[\"https:\/\/www.facebook.com\/TuincentrumEliassenAmmerzoden\",\"https:\/\/www.instagram.com\/eliassenhomeandgarden\/\",\"https:\/\/nl.pinterest.com\/eliassenhomeandgarden\/\",\"https:\/\/www.youtube.com\/@eliassenhomegardenpleasure4558\"]}]}<\/script>\n<!-- \/ Yoast SEO plugin. -->","yoast_head_json":{"title":"Donnerglasbarometer aus Gusseisen - Eliassen","description":"Auf der Suche nach einem Barometer? Bestellen Sie jetzt Thunder Glasbarometer Esschert. Sie k\u00f6nnen Thunder Glass ganz einfach auf unserer Website kaufen. \u2713 G...","robots":{"index":"noindex","follow":"follow","max-snippet":"max-snippet:-1","max-image-preview":"max-image-preview:large","max-video-preview":"max-video-preview:-1"},"og_locale":"de_DE","og_type":"article","og_title":"Donnerglasbarometer aus Gusseisen - Eliassen","og_description":"Auf der Suche nach einem Barometer? Bestellen Sie jetzt Thunder Glasbarometer Esschert. Sie k\u00f6nnen Thunder Glass ganz einfach auf unserer Website kaufen. \u2713 G...","og_url":"https:\/\/dev.eliassen.nl\/de\/product\/donnerglasbarometer-esschert\/","og_site_name":"Eliassen.nl","article_publisher":"https:\/\/www.facebook.com\/TuincentrumEliassenAmmerzoden","article_modified_time":"2024-12-05T14:39:20+00:00","og_image":[{"width":2048,"height":2048,"url":"https:\/\/dev.eliassen.nl\/wp-content\/uploads\/2024\/01\/eliassendonderglasbarometeresschert.jpg","type":"image\/jpeg"}],"twitter_card":"summary_large_image","schema":{"@context":"https:\/\/schema.org","@graph":[{"@type":"WebPage","@id":"https:\/\/dev.eliassen.nl\/de\/product\/donnerglasbarometer-esschert\/","url":"https:\/\/dev.eliassen.nl\/de\/product\/donnerglasbarometer-esschert\/","name":"Donnerglasbarometer aus Gusseisen - Eliassen","isPartOf":{"@id":"https:\/\/dev.eliassen.nl\/de\/#website"},"primaryImageOfPage":{"@id":"https:\/\/dev.eliassen.nl\/de\/product\/donnerglasbarometer-esschert\/#primaryimage"},"image":{"@id":"https:\/\/dev.eliassen.nl\/de\/product\/donnerglasbarometer-esschert\/#primaryimage"},"thumbnailUrl":"https:\/\/dev.eliassen.nl\/wp-content\/uploads\/2024\/01\/eliassendonderglasbarometeresschert.jpg","datePublished":"2020-05-09T07:37:08+00:00","dateModified":"2024-12-05T14:39:20+00:00","description":"Auf der Suche nach einem Barometer? Bestellen Sie jetzt Thunder Glasbarometer Esschert. Sie k\u00f6nnen Thunder Glass ganz einfach auf unserer Website kaufen. \u2713 G...","breadcrumb":{"@id":"https:\/\/dev.eliassen.nl\/de\/product\/donnerglasbarometer-esschert\/#breadcrumb"},"inLanguage":"de","potentialAction":[{"@type":"ReadAction","target":["https:\/\/dev.eliassen.nl\/de\/product\/donnerglasbarometer-esschert\/"]}]},{"@type":"ImageObject","inLanguage":"de","@id":"https:\/\/dev.eliassen.nl\/de\/product\/donnerglasbarometer-esschert\/#primaryimage","url":"https:\/\/dev.eliassen.nl\/wp-content\/uploads\/2024\/01\/eliassendonderglasbarometeresschert.jpg","contentUrl":"https:\/\/dev.eliassen.nl\/wp-content\/uploads\/2024\/01\/eliassendonderglasbarometeresschert.jpg","width":2048,"height":2048,"caption":"Eliassen Donderglas barometer Esschert"},{"@type":"BreadcrumbList","@id":"https:\/\/dev.eliassen.nl\/de\/product\/donnerglasbarometer-esschert\/#breadcrumb","itemListElement":[{"@type":"ListItem","position":1,"name":"Home","item":"https:\/\/dev.eliassen.nl\/de\/"},{"@type":"ListItem","position":2,"name":"Shop","item":"https:\/\/dev.eliassen.nl\/nl\/winkel\/"},{"@type":"ListItem","position":3,"name":"Weitere Artikel","item":"https:\/\/dev.eliassen.nl\/de\/weitere-artikel\/"},{"@type":"ListItem","position":4,"name":"Sonstig","item":"https:\/\/dev.eliassen.nl\/de\/garten-andere\/sonstig\/"},{"@type":"ListItem","position":5,"name":"Donnerglasbarometer Esschert"}]},{"@type":"WebSite","@id":"https:\/\/dev.eliassen.nl\/de\/#website","url":"https:\/\/dev.eliassen.nl\/de\/","name":"Eliassen Home & Garden Pleasure","description":"","publisher":{"@id":"https:\/\/dev.eliassen.nl\/de\/#organization"},"alternateName":"Eliassen.nl","potentialAction":[{"@type":"SearchAction","target":{"@type":"EntryPoint","urlTemplate":"https:\/\/dev.eliassen.nl\/de\/?s={search_term_string}"},"query-input":{"@type":"PropertyValueSpecification","valueRequired":true,"valueName":"search_term_string"}}],"inLanguage":"de"},{"@type":"Organization","@id":"https:\/\/dev.eliassen.nl\/de\/#organization","name":"Eliassen Home & Garden Pleasure","url":"https:\/\/dev.eliassen.nl\/de\/","logo":{"@type":"ImageObject","inLanguage":"de","@id":"https:\/\/dev.eliassen.nl\/de\/#\/schema\/logo\/image\/","url":"https:\/\/www.eliassen.nl\/wp-content\/uploads\/2024\/01\/logo_4nd.jpg","contentUrl":"https:\/\/www.eliassen.nl\/wp-content\/uploads\/2024\/01\/logo_4nd.jpg","width":500,"height":500,"caption":"Eliassen Home & Garden Pleasure"},"image":{"@id":"https:\/\/dev.eliassen.nl\/de\/#\/schema\/logo\/image\/"},"sameAs":["https:\/\/www.facebook.com\/TuincentrumEliassenAmmerzoden","https:\/\/www.instagram.com\/eliassenhomeandgarden\/","https:\/\/nl.pinterest.com\/eliassenhomeandgarden\/","https:\/\/www.youtube.com\/@eliassenhomegardenpleasure4558"]}]}},"df_price":24.5,"df_sale_price":"","df_regular_price":24.5,"df_image_link":"https:\/\/dev.eliassen.nl\/wp-content\/uploads\/2024\/01\/eliassendonderglasbarometeresschert.jpg","image":"https:\/\/dev.eliassen.nl\/wp-content\/uploads\/2024\/01\/eliassendonderglasbarometeresschert.jpg","price_search":"<span class=\"woocommerce-Price-amount amount\"><bdi><span class=\"woocommerce-Price-currencySymbol\">&euro;<\/span>&nbsp;24,50<\/bdi><\/span>","category":"Sonstig","_links":{"self":[{"href":"https:\/\/dev.eliassen.nl\/de\/wp-json\/wp\/v2\/product\/23986","targetHints":{"allow":["GET"]}}],"collection":[{"href":"https:\/\/dev.eliassen.nl\/de\/wp-json\/wp\/v2\/product"}],"about":[{"href":"https:\/\/dev.eliassen.nl\/de\/wp-json\/wp\/v2\/types\/product"}],"wp:featuredmedia":[{"embeddable":true,"href":"https:\/\/dev.eliassen.nl\/de\/wp-json\/wp\/v2\/media\/23977"}],"wp:attachment":[{"href":"https:\/\/dev.eliassen.nl\/de\/wp-json\/wp\/v2\/media?parent=23986"}],"wp:term":[{"taxonomy":"product_brand","embeddable":true,"href":"https:\/\/dev.eliassen.nl\/de\/wp-json\/wp\/v2\/product_brand?post=23986"},{"taxonomy":"product_cat","embeddable":true,"href":"https:\/\/dev.eliassen.nl\/de\/wp-json\/wp\/v2\/product_cat?post=23986"},{"taxonomy":"product_tag","embeddable":true,"href":"https:\/\/dev.eliassen.nl\/de\/wp-json\/wp\/v2\/product_tag?post=23986"}],"curies":[{"name":"wp","href":"https:\/\/api.w.org\/{rel}","templated":true}]}}