{"id":23995,"date":"2020-06-12T14:47:24","date_gmt":"2020-06-12T12:47:24","guid":{"rendered":"https:\/\/www.eliassen.nl\/?product=water-plateau-basalt-xxl"},"modified":"2024-12-05T15:39:21","modified_gmt":"2024-12-05T14:39:21","slug":"grosses-steinernes-wasserplateau","status":"publish","type":"product","link":"https:\/\/dev.eliassen.nl\/de\/product\/grosses-steinernes-wasserplateau\/","title":{"rendered":"Gro\u00dfes steinernes Wasserplateau"},"content":{"rendered":"<p><strong>Dies ist eine lose Verzierung. Erkundigen Sie sich nach den anderen erforderlichen Teilen.<\/strong><\/p>\n<p>Sehr exklusives sch\u00f6nes Wasserelement aus sch\u00f6nem Basaltstein mit polierter Oberseite. Dieses gro\u00dfe Wasserplateau ist eine Eigenentwicklung und kann nur bei uns erworben werden. Form kann vom Foto abweichen, da die nat\u00fcrliche Form dieser Natursteinschilder anders ist. Die Abmessungen dieses Plateaus sind etwa 70 bis 90x20cm dick. Sch\u00f6n, es auf einigen Vokalen zu platzieren, damit Sie sehen k\u00f6nnen, wie das Wasser vom Stein f\u00e4llt.<\/p>\n<p>Aufgrund der Form und Farbe kommt dieses Modell in nicht zu engen G\u00e4rten gut zur Geltung, eventuell zwischen den Pflanzen. Schauen Sie sich die Spezifikationen an, was Sie sonst noch brauchen.<\/p>\n<p><strong>Vergessen Sie nicht, unseren Showroom zu besuchen, wo Sie auch gut beraten werden.<\/strong><\/p>\n<ul>\n<li>Ornament aus massivem Basaltstein<\/li>\n<li>Teilweise poliert<\/li>\n<li>Bleibt f\u00fcr immer sch\u00f6n<\/li>\n<li>Sehr einzigartiges Design, nur bei uns erh\u00e4ltlich<\/li>\n<li>Ca. 250 kg<br \/>Haben Sie Fragen zu diesem Artikel oder ben\u00f6tigen Sie Beratung, um dieses Modell mit allen anderen Zubeh\u00f6rteilen zu vervollst\u00e4ndigen? Sie k\u00f6nnen uns gerne kontaktieren.<\/li>\n<\/ul>\n","protected":false},"excerpt":{"rendered":"<p>Dies ist eine lose Verzierung. Erkundigen Sie sich nach den anderen erforderlichen Teilen.<\/p>\n","protected":false},"featured_media":23989,"template":"","meta":{"_acf_changed":false},"product_brand":[],"product_cat":[539,551,536],"product_tag":[],"class_list":{"0":"post-23995","1":"product","2":"type-product","3":"status-publish","4":"has-post-thumbnail","6":"product_cat-einzigartige-eigene-modelle-von-losen-wasserspiele","7":"product_cat-lose-wasserspiele","8":"product_cat-wassereigenschaften","10":"first","11":"outofstock","12":"taxable","13":"shipping-taxable","14":"purchasable","15":"product-type-simple"},"acf":[],"yoast_head":"<!-- This site is optimized with the Yoast SEO plugin v23.8 - https:\/\/yoast.com\/wordpress\/plugins\/seo\/ -->\n<title>Gro\u00dfes steinernes Wasserplateau | Einzigartiges Design! | Eliassen.nl<\/title>\n<meta name=\"description\" content=\"Gro\u00dfe Wasserplattform aus Stein f\u00fcr den Garten. Ein sehr sch\u00f6nes Wasserelement in sch\u00f6nem Basaltstein. Nur bei uns zu verkaufen! \u221a \u00dcber 300 Wasserspiele LIVE...\" \/>\n<meta name=\"robots\" content=\"noindex, follow, max-snippet:-1, max-image-preview:large, max-video-preview:-1\" \/>\n<meta property=\"og:locale\" content=\"de_DE\" \/>\n<meta property=\"og:type\" content=\"article\" \/>\n<meta property=\"og:title\" content=\"Gro\u00dfes steinernes Wasserplateau | Einzigartiges Design! | Eliassen.nl\" \/>\n<meta property=\"og:description\" content=\"Gro\u00dfe Wasserplattform aus Stein f\u00fcr den Garten. Ein sehr sch\u00f6nes Wasserelement in sch\u00f6nem Basaltstein. Nur bei uns zu verkaufen! \u221a \u00dcber 300 Wasserspiele LIVE...\" \/>\n<meta property=\"og:url\" content=\"https:\/\/dev.eliassen.nl\/de\/product\/grosses-steinernes-wasserplateau\/\" \/>\n<meta property=\"og:site_name\" content=\"Eliassen.nl\" \/>\n<meta property=\"article:publisher\" content=\"https:\/\/www.facebook.com\/TuincentrumEliassenAmmerzoden\" \/>\n<meta property=\"article:modified_time\" content=\"2024-12-05T14:39:21+00:00\" \/>\n<meta property=\"og:image\" content=\"https:\/\/dev.eliassen.nl\/wp-content\/uploads\/2024\/01\/grotestenenwaterplateaueliassennl.jpg\" \/>\n\t<meta property=\"og:image:width\" content=\"666\" \/>\n\t<meta property=\"og:image:height\" content=\"666\" \/>\n\t<meta property=\"og:image:type\" content=\"image\/jpeg\" \/>\n<meta name=\"twitter:card\" content=\"summary_large_image\" \/>\n<script type=\"application\/ld+json\" class=\"yoast-schema-graph\">{\"@context\":\"https:\/\/schema.org\",\"@graph\":[{\"@type\":\"WebPage\",\"@id\":\"https:\/\/dev.eliassen.nl\/de\/product\/grosses-steinernes-wasserplateau\/\",\"url\":\"https:\/\/dev.eliassen.nl\/de\/product\/grosses-steinernes-wasserplateau\/\",\"name\":\"Gro\u00dfes steinernes Wasserplateau | Einzigartiges Design! | Eliassen.nl\",\"isPartOf\":{\"@id\":\"https:\/\/dev.eliassen.nl\/de\/#website\"},\"primaryImageOfPage\":{\"@id\":\"https:\/\/dev.eliassen.nl\/de\/product\/grosses-steinernes-wasserplateau\/#primaryimage\"},\"image\":{\"@id\":\"https:\/\/dev.eliassen.nl\/de\/product\/grosses-steinernes-wasserplateau\/#primaryimage\"},\"thumbnailUrl\":\"https:\/\/dev.eliassen.nl\/wp-content\/uploads\/2024\/01\/grotestenenwaterplateaueliassennl.jpg\",\"datePublished\":\"2020-06-12T12:47:24+00:00\",\"dateModified\":\"2024-12-05T14:39:21+00:00\",\"description\":\"Gro\u00dfe Wasserplattform aus Stein f\u00fcr den Garten. Ein sehr sch\u00f6nes Wasserelement in sch\u00f6nem Basaltstein. Nur bei uns zu verkaufen! \u221a \u00dcber 300 Wasserspiele LIVE...\",\"breadcrumb\":{\"@id\":\"https:\/\/dev.eliassen.nl\/de\/product\/grosses-steinernes-wasserplateau\/#breadcrumb\"},\"inLanguage\":\"de\",\"potentialAction\":[{\"@type\":\"ReadAction\",\"target\":[\"https:\/\/dev.eliassen.nl\/de\/product\/grosses-steinernes-wasserplateau\/\"]}]},{\"@type\":\"ImageObject\",\"inLanguage\":\"de\",\"@id\":\"https:\/\/dev.eliassen.nl\/de\/product\/grosses-steinernes-wasserplateau\/#primaryimage\",\"url\":\"https:\/\/dev.eliassen.nl\/wp-content\/uploads\/2024\/01\/grotestenenwaterplateaueliassennl.jpg\",\"contentUrl\":\"https:\/\/dev.eliassen.nl\/wp-content\/uploads\/2024\/01\/grotestenenwaterplateaueliassennl.jpg\",\"width\":666,\"height\":666,\"caption\":\"Grote stenen waterplateau - Eliassen.nl\"},{\"@type\":\"BreadcrumbList\",\"@id\":\"https:\/\/dev.eliassen.nl\/de\/product\/grosses-steinernes-wasserplateau\/#breadcrumb\",\"itemListElement\":[{\"@type\":\"ListItem\",\"position\":1,\"name\":\"Home\",\"item\":\"https:\/\/dev.eliassen.nl\/de\/\"},{\"@type\":\"ListItem\",\"position\":2,\"name\":\"Shop\",\"item\":\"https:\/\/dev.eliassen.nl\/nl\/winkel\/\"},{\"@type\":\"ListItem\",\"position\":3,\"name\":\"Wasserspiele\",\"item\":\"https:\/\/dev.eliassen.nl\/de\/wassereigenschaften\/\"},{\"@type\":\"ListItem\",\"position\":4,\"name\":\"Einzigartige eigene Modelle von losen Wasserspielen\",\"item\":\"https:\/\/dev.eliassen.nl\/de\/wassereigenschaften\/einzigartige-eigene-modelle-von-losen-wasserspiele\/\"},{\"@type\":\"ListItem\",\"position\":5,\"name\":\"Gro\u00dfes steinernes Wasserplateau\"}]},{\"@type\":\"WebSite\",\"@id\":\"https:\/\/dev.eliassen.nl\/de\/#website\",\"url\":\"https:\/\/dev.eliassen.nl\/de\/\",\"name\":\"Eliassen Home & Garden Pleasure\",\"description\":\"\",\"publisher\":{\"@id\":\"https:\/\/dev.eliassen.nl\/de\/#organization\"},\"alternateName\":\"Eliassen.nl\",\"potentialAction\":[{\"@type\":\"SearchAction\",\"target\":{\"@type\":\"EntryPoint\",\"urlTemplate\":\"https:\/\/dev.eliassen.nl\/de\/?s={search_term_string}\"},\"query-input\":{\"@type\":\"PropertyValueSpecification\",\"valueRequired\":true,\"valueName\":\"search_term_string\"}}],\"inLanguage\":\"de\"},{\"@type\":\"Organization\",\"@id\":\"https:\/\/dev.eliassen.nl\/de\/#organization\",\"name\":\"Eliassen Home & Garden Pleasure\",\"url\":\"https:\/\/dev.eliassen.nl\/de\/\",\"logo\":{\"@type\":\"ImageObject\",\"inLanguage\":\"de\",\"@id\":\"https:\/\/dev.eliassen.nl\/de\/#\/schema\/logo\/image\/\",\"url\":\"https:\/\/www.eliassen.nl\/wp-content\/uploads\/2024\/01\/logo_4nd.jpg\",\"contentUrl\":\"https:\/\/www.eliassen.nl\/wp-content\/uploads\/2024\/01\/logo_4nd.jpg\",\"width\":500,\"height\":500,\"caption\":\"Eliassen Home & Garden Pleasure\"},\"image\":{\"@id\":\"https:\/\/dev.eliassen.nl\/de\/#\/schema\/logo\/image\/\"},\"sameAs\":[\"https:\/\/www.facebook.com\/TuincentrumEliassenAmmerzoden\",\"https:\/\/www.instagram.com\/eliassenhomeandgarden\/\",\"https:\/\/nl.pinterest.com\/eliassenhomeandgarden\/\",\"https:\/\/www.youtube.com\/@eliassenhomegardenpleasure4558\"]}]}<\/script>\n<!-- \/ Yoast SEO plugin. -->","yoast_head_json":{"title":"Gro\u00dfes steinernes Wasserplateau | Einzigartiges Design! | Eliassen.nl","description":"Gro\u00dfe Wasserplattform aus Stein f\u00fcr den Garten. Ein sehr sch\u00f6nes Wasserelement in sch\u00f6nem Basaltstein. Nur bei uns zu verkaufen! \u221a \u00dcber 300 Wasserspiele LIVE...","robots":{"index":"noindex","follow":"follow","max-snippet":"max-snippet:-1","max-image-preview":"max-image-preview:large","max-video-preview":"max-video-preview:-1"},"og_locale":"de_DE","og_type":"article","og_title":"Gro\u00dfes steinernes Wasserplateau | Einzigartiges Design! | Eliassen.nl","og_description":"Gro\u00dfe Wasserplattform aus Stein f\u00fcr den Garten. Ein sehr sch\u00f6nes Wasserelement in sch\u00f6nem Basaltstein. Nur bei uns zu verkaufen! \u221a \u00dcber 300 Wasserspiele LIVE...","og_url":"https:\/\/dev.eliassen.nl\/de\/product\/grosses-steinernes-wasserplateau\/","og_site_name":"Eliassen.nl","article_publisher":"https:\/\/www.facebook.com\/TuincentrumEliassenAmmerzoden","article_modified_time":"2024-12-05T14:39:21+00:00","og_image":[{"width":666,"height":666,"url":"https:\/\/dev.eliassen.nl\/wp-content\/uploads\/2024\/01\/grotestenenwaterplateaueliassennl.jpg","type":"image\/jpeg"}],"twitter_card":"summary_large_image","schema":{"@context":"https:\/\/schema.org","@graph":[{"@type":"WebPage","@id":"https:\/\/dev.eliassen.nl\/de\/product\/grosses-steinernes-wasserplateau\/","url":"https:\/\/dev.eliassen.nl\/de\/product\/grosses-steinernes-wasserplateau\/","name":"Gro\u00dfes steinernes Wasserplateau | Einzigartiges Design! | Eliassen.nl","isPartOf":{"@id":"https:\/\/dev.eliassen.nl\/de\/#website"},"primaryImageOfPage":{"@id":"https:\/\/dev.eliassen.nl\/de\/product\/grosses-steinernes-wasserplateau\/#primaryimage"},"image":{"@id":"https:\/\/dev.eliassen.nl\/de\/product\/grosses-steinernes-wasserplateau\/#primaryimage"},"thumbnailUrl":"https:\/\/dev.eliassen.nl\/wp-content\/uploads\/2024\/01\/grotestenenwaterplateaueliassennl.jpg","datePublished":"2020-06-12T12:47:24+00:00","dateModified":"2024-12-05T14:39:21+00:00","description":"Gro\u00dfe Wasserplattform aus Stein f\u00fcr den Garten. Ein sehr sch\u00f6nes Wasserelement in sch\u00f6nem Basaltstein. Nur bei uns zu verkaufen! \u221a \u00dcber 300 Wasserspiele LIVE...","breadcrumb":{"@id":"https:\/\/dev.eliassen.nl\/de\/product\/grosses-steinernes-wasserplateau\/#breadcrumb"},"inLanguage":"de","potentialAction":[{"@type":"ReadAction","target":["https:\/\/dev.eliassen.nl\/de\/product\/grosses-steinernes-wasserplateau\/"]}]},{"@type":"ImageObject","inLanguage":"de","@id":"https:\/\/dev.eliassen.nl\/de\/product\/grosses-steinernes-wasserplateau\/#primaryimage","url":"https:\/\/dev.eliassen.nl\/wp-content\/uploads\/2024\/01\/grotestenenwaterplateaueliassennl.jpg","contentUrl":"https:\/\/dev.eliassen.nl\/wp-content\/uploads\/2024\/01\/grotestenenwaterplateaueliassennl.jpg","width":666,"height":666,"caption":"Grote stenen waterplateau - Eliassen.nl"},{"@type":"BreadcrumbList","@id":"https:\/\/dev.eliassen.nl\/de\/product\/grosses-steinernes-wasserplateau\/#breadcrumb","itemListElement":[{"@type":"ListItem","position":1,"name":"Home","item":"https:\/\/dev.eliassen.nl\/de\/"},{"@type":"ListItem","position":2,"name":"Shop","item":"https:\/\/dev.eliassen.nl\/nl\/winkel\/"},{"@type":"ListItem","position":3,"name":"Wasserspiele","item":"https:\/\/dev.eliassen.nl\/de\/wassereigenschaften\/"},{"@type":"ListItem","position":4,"name":"Einzigartige eigene Modelle von losen Wasserspielen","item":"https:\/\/dev.eliassen.nl\/de\/wassereigenschaften\/einzigartige-eigene-modelle-von-losen-wasserspiele\/"},{"@type":"ListItem","position":5,"name":"Gro\u00dfes steinernes Wasserplateau"}]},{"@type":"WebSite","@id":"https:\/\/dev.eliassen.nl\/de\/#website","url":"https:\/\/dev.eliassen.nl\/de\/","name":"Eliassen Home & Garden Pleasure","description":"","publisher":{"@id":"https:\/\/dev.eliassen.nl\/de\/#organization"},"alternateName":"Eliassen.nl","potentialAction":[{"@type":"SearchAction","target":{"@type":"EntryPoint","urlTemplate":"https:\/\/dev.eliassen.nl\/de\/?s={search_term_string}"},"query-input":{"@type":"PropertyValueSpecification","valueRequired":true,"valueName":"search_term_string"}}],"inLanguage":"de"},{"@type":"Organization","@id":"https:\/\/dev.eliassen.nl\/de\/#organization","name":"Eliassen Home & Garden Pleasure","url":"https:\/\/dev.eliassen.nl\/de\/","logo":{"@type":"ImageObject","inLanguage":"de","@id":"https:\/\/dev.eliassen.nl\/de\/#\/schema\/logo\/image\/","url":"https:\/\/www.eliassen.nl\/wp-content\/uploads\/2024\/01\/logo_4nd.jpg","contentUrl":"https:\/\/www.eliassen.nl\/wp-content\/uploads\/2024\/01\/logo_4nd.jpg","width":500,"height":500,"caption":"Eliassen Home & Garden Pleasure"},"image":{"@id":"https:\/\/dev.eliassen.nl\/de\/#\/schema\/logo\/image\/"},"sameAs":["https:\/\/www.facebook.com\/TuincentrumEliassenAmmerzoden","https:\/\/www.instagram.com\/eliassenhomeandgarden\/","https:\/\/nl.pinterest.com\/eliassenhomeandgarden\/","https:\/\/www.youtube.com\/@eliassenhomegardenpleasure4558"]}]}},"df_price":675,"df_sale_price":"","df_regular_price":675,"df_image_link":"https:\/\/dev.eliassen.nl\/wp-content\/uploads\/2024\/01\/grotestenenwaterplateaueliassennl.jpg","image":"https:\/\/dev.eliassen.nl\/wp-content\/uploads\/2024\/01\/grotestenenwaterplateaueliassennl.jpg","price_search":"<span class=\"woocommerce-Price-amount amount\"><bdi><span class=\"woocommerce-Price-currencySymbol\">&euro;<\/span>&nbsp;675,00<\/bdi><\/span>","category":"Einzigartige eigene Modelle von losen Wasserspielen","_links":{"self":[{"href":"https:\/\/dev.eliassen.nl\/de\/wp-json\/wp\/v2\/product\/23995","targetHints":{"allow":["GET"]}}],"collection":[{"href":"https:\/\/dev.eliassen.nl\/de\/wp-json\/wp\/v2\/product"}],"about":[{"href":"https:\/\/dev.eliassen.nl\/de\/wp-json\/wp\/v2\/types\/product"}],"wp:featuredmedia":[{"embeddable":true,"href":"https:\/\/dev.eliassen.nl\/de\/wp-json\/wp\/v2\/media\/23989"}],"wp:attachment":[{"href":"https:\/\/dev.eliassen.nl\/de\/wp-json\/wp\/v2\/media?parent=23995"}],"wp:term":[{"taxonomy":"product_brand","embeddable":true,"href":"https:\/\/dev.eliassen.nl\/de\/wp-json\/wp\/v2\/product_brand?post=23995"},{"taxonomy":"product_cat","embeddable":true,"href":"https:\/\/dev.eliassen.nl\/de\/wp-json\/wp\/v2\/product_cat?post=23995"},{"taxonomy":"product_tag","embeddable":true,"href":"https:\/\/dev.eliassen.nl\/de\/wp-json\/wp\/v2\/product_tag?post=23995"}],"curies":[{"name":"wp","href":"https:\/\/api.w.org\/{rel}","templated":true}]}}