{"id":24010,"date":"2020-06-12T14:49:36","date_gmt":"2020-06-12T12:49:36","guid":{"rendered":"https:\/\/www.eliassen.nl\/?product=vogelschaal-basalt-fabian"},"modified":"2024-12-05T15:39:22","modified_gmt":"2024-12-05T14:39:22","slug":"vogelschuppenbasalt-fabian","status":"publish","type":"product","link":"https:\/\/dev.eliassen.nl\/de\/product\/vogelschuppenbasalt-fabian\/","title":{"rendered":"Vogelschuppenbasalt Fabian"},"content":{"rendered":"<p>Bringen Sie die Natur in Ihren Garten mit dieser steinernen Vogeltr\u00e4nke aus massivem Basaltstein. Sieht es zwischen den Pflanzen sch\u00f6n aus und wie lange h\u00e4lt es? Nat\u00fcrlich ist es ein Leben lang. Die Oberseite ist sch\u00f6n poliert.<\/p>\n<p>Jedes Exemplar unterscheidet sich in Form und Farbe vom Exemplar auf dem Foto, da es sich um ein unbearbeitetes Naturprodukt handelt.<\/p>\n<ul>\n<li>Gr\u00f6\u00dfe ca. 35\u201345 cm Durchmesser, H\u00f6he 55 cm<\/li>\n<li>Die Farbe ist anthrazitgrau, die Farbe erscheint bei Feuchtigkeitseinwirkung dunkler. Aufgrund des Naturprodukts k\u00f6nnen die Farben jedoch immer unterschiedlich ausfallen.<\/li>\n<li>Nur bei uns k\u00e4uflich zu erwerben<\/li>\n<li>Kann auch live angesehen werden<\/li>\n<li>Gewicht ca. 200 kg<\/li>\n<li>H\u00e4lt ein Leben lang<\/li>\n<\/ul>\n","protected":false},"excerpt":{"rendered":"<p>Bringen Sie die Natur in Ihren Garten mit dieser steinernen Vogeltr\u00e4nke aus massivem Basaltstein. Sieht es zwischen den Pflanzen sch\u00f6n aus und wie lange h\u00e4lt es? Nat\u00fcrlich ist es ein Leben lang. Die Oberseite ist sch\u00f6n poliert. Jedes Exemplar unterscheidet sich in Form und Farbe vom Exemplar auf dem Foto, da es sich um ein &hellip;<\/p>\n","protected":false},"featured_media":23998,"template":"","meta":{"_acf_changed":false},"product_brand":[],"product_cat":[707],"product_tag":[],"class_list":{"0":"post-24010","1":"product","2":"type-product","3":"status-publish","4":"has-post-thumbnail","6":"product_cat-vogeltraenken","8":"first","9":"instock","10":"taxable","11":"shipping-taxable","12":"purchasable","13":"product-type-simple"},"acf":[],"yoast_head":"<!-- This site is optimized with the Yoast SEO plugin v23.8 - https:\/\/yoast.com\/wordpress\/plugins\/seo\/ -->\n<title>Steinvogelschale Basalt Fabian - Eliassen<\/title>\n<meta name=\"description\" content=\"Auf der Suche nach einer Vogeltrinksch\u00fcssel? Bestellen Sie jetzt Bird Bowl Basalt Fabian. Auf unserer Website k\u00f6nnen Sie ganz einfach eine Steinstatue kaufen...\" \/>\n<meta name=\"robots\" content=\"noindex, follow, max-snippet:-1, max-image-preview:large, max-video-preview:-1\" \/>\n<meta property=\"og:locale\" content=\"de_DE\" \/>\n<meta property=\"og:type\" content=\"article\" \/>\n<meta property=\"og:title\" content=\"Steinvogelschale Basalt Fabian - Eliassen\" \/>\n<meta property=\"og:description\" content=\"Auf der Suche nach einer Vogeltrinksch\u00fcssel? Bestellen Sie jetzt Bird Bowl Basalt Fabian. Auf unserer Website k\u00f6nnen Sie ganz einfach eine Steinstatue kaufen...\" \/>\n<meta property=\"og:url\" content=\"https:\/\/dev.eliassen.nl\/de\/product\/vogelschuppenbasalt-fabian\/\" \/>\n<meta property=\"og:site_name\" content=\"Eliassen.nl\" \/>\n<meta property=\"article:publisher\" content=\"https:\/\/www.facebook.com\/TuincentrumEliassenAmmerzoden\" \/>\n<meta property=\"article:modified_time\" content=\"2024-12-05T14:39:22+00:00\" \/>\n<meta property=\"og:image\" content=\"https:\/\/dev.eliassen.nl\/wp-content\/uploads\/2024\/01\/img20200611160843.jpg\" \/>\n\t<meta property=\"og:image:width\" content=\"2048\" \/>\n\t<meta property=\"og:image:height\" content=\"1536\" \/>\n\t<meta property=\"og:image:type\" content=\"image\/jpeg\" \/>\n<meta name=\"twitter:card\" content=\"summary_large_image\" \/>\n<script type=\"application\/ld+json\" class=\"yoast-schema-graph\">{\"@context\":\"https:\/\/schema.org\",\"@graph\":[{\"@type\":\"WebPage\",\"@id\":\"https:\/\/dev.eliassen.nl\/de\/product\/vogelschuppenbasalt-fabian\/\",\"url\":\"https:\/\/dev.eliassen.nl\/de\/product\/vogelschuppenbasalt-fabian\/\",\"name\":\"Steinvogelschale Basalt Fabian - Eliassen\",\"isPartOf\":{\"@id\":\"https:\/\/dev.eliassen.nl\/de\/#website\"},\"primaryImageOfPage\":{\"@id\":\"https:\/\/dev.eliassen.nl\/de\/product\/vogelschuppenbasalt-fabian\/#primaryimage\"},\"image\":{\"@id\":\"https:\/\/dev.eliassen.nl\/de\/product\/vogelschuppenbasalt-fabian\/#primaryimage\"},\"thumbnailUrl\":\"https:\/\/dev.eliassen.nl\/wp-content\/uploads\/2024\/01\/img20200611160843.jpg\",\"datePublished\":\"2020-06-12T12:49:36+00:00\",\"dateModified\":\"2024-12-05T14:39:22+00:00\",\"description\":\"Auf der Suche nach einer Vogeltrinksch\u00fcssel? Bestellen Sie jetzt Bird Bowl Basalt Fabian. Auf unserer Website k\u00f6nnen Sie ganz einfach eine Steinstatue kaufen...\",\"breadcrumb\":{\"@id\":\"https:\/\/dev.eliassen.nl\/de\/product\/vogelschuppenbasalt-fabian\/#breadcrumb\"},\"inLanguage\":\"de\",\"potentialAction\":[{\"@type\":\"ReadAction\",\"target\":[\"https:\/\/dev.eliassen.nl\/de\/product\/vogelschuppenbasalt-fabian\/\"]}]},{\"@type\":\"ImageObject\",\"inLanguage\":\"de\",\"@id\":\"https:\/\/dev.eliassen.nl\/de\/product\/vogelschuppenbasalt-fabian\/#primaryimage\",\"url\":\"https:\/\/dev.eliassen.nl\/wp-content\/uploads\/2024\/01\/img20200611160843.jpg\",\"contentUrl\":\"https:\/\/dev.eliassen.nl\/wp-content\/uploads\/2024\/01\/img20200611160843.jpg\",\"width\":2048,\"height\":1536,\"caption\":\"IMG20200611160843\"},{\"@type\":\"BreadcrumbList\",\"@id\":\"https:\/\/dev.eliassen.nl\/de\/product\/vogelschuppenbasalt-fabian\/#breadcrumb\",\"itemListElement\":[{\"@type\":\"ListItem\",\"position\":1,\"name\":\"Home\",\"item\":\"https:\/\/dev.eliassen.nl\/de\/\"},{\"@type\":\"ListItem\",\"position\":2,\"name\":\"Shop\",\"item\":\"https:\/\/dev.eliassen.nl\/nl\/winkel\/\"},{\"@type\":\"ListItem\",\"position\":3,\"name\":\"Vogeltr\u00e4nken\",\"item\":\"https:\/\/dev.eliassen.nl\/de\/vogeltraenken\/\"},{\"@type\":\"ListItem\",\"position\":4,\"name\":\"Vogelschuppenbasalt Fabian\"}]},{\"@type\":\"WebSite\",\"@id\":\"https:\/\/dev.eliassen.nl\/de\/#website\",\"url\":\"https:\/\/dev.eliassen.nl\/de\/\",\"name\":\"Eliassen Home & Garden Pleasure\",\"description\":\"\",\"publisher\":{\"@id\":\"https:\/\/dev.eliassen.nl\/de\/#organization\"},\"alternateName\":\"Eliassen.nl\",\"potentialAction\":[{\"@type\":\"SearchAction\",\"target\":{\"@type\":\"EntryPoint\",\"urlTemplate\":\"https:\/\/dev.eliassen.nl\/de\/?s={search_term_string}\"},\"query-input\":{\"@type\":\"PropertyValueSpecification\",\"valueRequired\":true,\"valueName\":\"search_term_string\"}}],\"inLanguage\":\"de\"},{\"@type\":\"Organization\",\"@id\":\"https:\/\/dev.eliassen.nl\/de\/#organization\",\"name\":\"Eliassen Home & Garden Pleasure\",\"url\":\"https:\/\/dev.eliassen.nl\/de\/\",\"logo\":{\"@type\":\"ImageObject\",\"inLanguage\":\"de\",\"@id\":\"https:\/\/dev.eliassen.nl\/de\/#\/schema\/logo\/image\/\",\"url\":\"https:\/\/www.eliassen.nl\/wp-content\/uploads\/2024\/01\/logo_4nd.jpg\",\"contentUrl\":\"https:\/\/www.eliassen.nl\/wp-content\/uploads\/2024\/01\/logo_4nd.jpg\",\"width\":500,\"height\":500,\"caption\":\"Eliassen Home & Garden Pleasure\"},\"image\":{\"@id\":\"https:\/\/dev.eliassen.nl\/de\/#\/schema\/logo\/image\/\"},\"sameAs\":[\"https:\/\/www.facebook.com\/TuincentrumEliassenAmmerzoden\",\"https:\/\/www.instagram.com\/eliassenhomeandgarden\/\",\"https:\/\/nl.pinterest.com\/eliassenhomeandgarden\/\",\"https:\/\/www.youtube.com\/@eliassenhomegardenpleasure4558\"]}]}<\/script>\n<!-- \/ Yoast SEO plugin. -->","yoast_head_json":{"title":"Steinvogelschale Basalt Fabian - Eliassen","description":"Auf der Suche nach einer Vogeltrinksch\u00fcssel? Bestellen Sie jetzt Bird Bowl Basalt Fabian. Auf unserer Website k\u00f6nnen Sie ganz einfach eine Steinstatue kaufen...","robots":{"index":"noindex","follow":"follow","max-snippet":"max-snippet:-1","max-image-preview":"max-image-preview:large","max-video-preview":"max-video-preview:-1"},"og_locale":"de_DE","og_type":"article","og_title":"Steinvogelschale Basalt Fabian - Eliassen","og_description":"Auf der Suche nach einer Vogeltrinksch\u00fcssel? Bestellen Sie jetzt Bird Bowl Basalt Fabian. Auf unserer Website k\u00f6nnen Sie ganz einfach eine Steinstatue kaufen...","og_url":"https:\/\/dev.eliassen.nl\/de\/product\/vogelschuppenbasalt-fabian\/","og_site_name":"Eliassen.nl","article_publisher":"https:\/\/www.facebook.com\/TuincentrumEliassenAmmerzoden","article_modified_time":"2024-12-05T14:39:22+00:00","og_image":[{"width":2048,"height":1536,"url":"https:\/\/dev.eliassen.nl\/wp-content\/uploads\/2024\/01\/img20200611160843.jpg","type":"image\/jpeg"}],"twitter_card":"summary_large_image","schema":{"@context":"https:\/\/schema.org","@graph":[{"@type":"WebPage","@id":"https:\/\/dev.eliassen.nl\/de\/product\/vogelschuppenbasalt-fabian\/","url":"https:\/\/dev.eliassen.nl\/de\/product\/vogelschuppenbasalt-fabian\/","name":"Steinvogelschale Basalt Fabian - Eliassen","isPartOf":{"@id":"https:\/\/dev.eliassen.nl\/de\/#website"},"primaryImageOfPage":{"@id":"https:\/\/dev.eliassen.nl\/de\/product\/vogelschuppenbasalt-fabian\/#primaryimage"},"image":{"@id":"https:\/\/dev.eliassen.nl\/de\/product\/vogelschuppenbasalt-fabian\/#primaryimage"},"thumbnailUrl":"https:\/\/dev.eliassen.nl\/wp-content\/uploads\/2024\/01\/img20200611160843.jpg","datePublished":"2020-06-12T12:49:36+00:00","dateModified":"2024-12-05T14:39:22+00:00","description":"Auf der Suche nach einer Vogeltrinksch\u00fcssel? Bestellen Sie jetzt Bird Bowl Basalt Fabian. Auf unserer Website k\u00f6nnen Sie ganz einfach eine Steinstatue kaufen...","breadcrumb":{"@id":"https:\/\/dev.eliassen.nl\/de\/product\/vogelschuppenbasalt-fabian\/#breadcrumb"},"inLanguage":"de","potentialAction":[{"@type":"ReadAction","target":["https:\/\/dev.eliassen.nl\/de\/product\/vogelschuppenbasalt-fabian\/"]}]},{"@type":"ImageObject","inLanguage":"de","@id":"https:\/\/dev.eliassen.nl\/de\/product\/vogelschuppenbasalt-fabian\/#primaryimage","url":"https:\/\/dev.eliassen.nl\/wp-content\/uploads\/2024\/01\/img20200611160843.jpg","contentUrl":"https:\/\/dev.eliassen.nl\/wp-content\/uploads\/2024\/01\/img20200611160843.jpg","width":2048,"height":1536,"caption":"IMG20200611160843"},{"@type":"BreadcrumbList","@id":"https:\/\/dev.eliassen.nl\/de\/product\/vogelschuppenbasalt-fabian\/#breadcrumb","itemListElement":[{"@type":"ListItem","position":1,"name":"Home","item":"https:\/\/dev.eliassen.nl\/de\/"},{"@type":"ListItem","position":2,"name":"Shop","item":"https:\/\/dev.eliassen.nl\/nl\/winkel\/"},{"@type":"ListItem","position":3,"name":"Vogeltr\u00e4nken","item":"https:\/\/dev.eliassen.nl\/de\/vogeltraenken\/"},{"@type":"ListItem","position":4,"name":"Vogelschuppenbasalt Fabian"}]},{"@type":"WebSite","@id":"https:\/\/dev.eliassen.nl\/de\/#website","url":"https:\/\/dev.eliassen.nl\/de\/","name":"Eliassen Home & Garden Pleasure","description":"","publisher":{"@id":"https:\/\/dev.eliassen.nl\/de\/#organization"},"alternateName":"Eliassen.nl","potentialAction":[{"@type":"SearchAction","target":{"@type":"EntryPoint","urlTemplate":"https:\/\/dev.eliassen.nl\/de\/?s={search_term_string}"},"query-input":{"@type":"PropertyValueSpecification","valueRequired":true,"valueName":"search_term_string"}}],"inLanguage":"de"},{"@type":"Organization","@id":"https:\/\/dev.eliassen.nl\/de\/#organization","name":"Eliassen Home & Garden Pleasure","url":"https:\/\/dev.eliassen.nl\/de\/","logo":{"@type":"ImageObject","inLanguage":"de","@id":"https:\/\/dev.eliassen.nl\/de\/#\/schema\/logo\/image\/","url":"https:\/\/www.eliassen.nl\/wp-content\/uploads\/2024\/01\/logo_4nd.jpg","contentUrl":"https:\/\/www.eliassen.nl\/wp-content\/uploads\/2024\/01\/logo_4nd.jpg","width":500,"height":500,"caption":"Eliassen Home & Garden Pleasure"},"image":{"@id":"https:\/\/dev.eliassen.nl\/de\/#\/schema\/logo\/image\/"},"sameAs":["https:\/\/www.facebook.com\/TuincentrumEliassenAmmerzoden","https:\/\/www.instagram.com\/eliassenhomeandgarden\/","https:\/\/nl.pinterest.com\/eliassenhomeandgarden\/","https:\/\/www.youtube.com\/@eliassenhomegardenpleasure4558"]}]}},"df_price":325,"df_sale_price":"","df_regular_price":325,"df_image_link":"https:\/\/dev.eliassen.nl\/wp-content\/uploads\/2024\/01\/img20200611160843.jpg","image":"https:\/\/dev.eliassen.nl\/wp-content\/uploads\/2024\/01\/img20200611160843.jpg","price_search":"<span class=\"woocommerce-Price-amount amount\"><bdi><span class=\"woocommerce-Price-currencySymbol\">&euro;<\/span>&nbsp;325,00<\/bdi><\/span>","category":"Vogeltr\u00e4nken","_links":{"self":[{"href":"https:\/\/dev.eliassen.nl\/de\/wp-json\/wp\/v2\/product\/24010","targetHints":{"allow":["GET"]}}],"collection":[{"href":"https:\/\/dev.eliassen.nl\/de\/wp-json\/wp\/v2\/product"}],"about":[{"href":"https:\/\/dev.eliassen.nl\/de\/wp-json\/wp\/v2\/types\/product"}],"wp:featuredmedia":[{"embeddable":true,"href":"https:\/\/dev.eliassen.nl\/de\/wp-json\/wp\/v2\/media\/23998"}],"wp:attachment":[{"href":"https:\/\/dev.eliassen.nl\/de\/wp-json\/wp\/v2\/media?parent=24010"}],"wp:term":[{"taxonomy":"product_brand","embeddable":true,"href":"https:\/\/dev.eliassen.nl\/de\/wp-json\/wp\/v2\/product_brand?post=24010"},{"taxonomy":"product_cat","embeddable":true,"href":"https:\/\/dev.eliassen.nl\/de\/wp-json\/wp\/v2\/product_cat?post=24010"},{"taxonomy":"product_tag","embeddable":true,"href":"https:\/\/dev.eliassen.nl\/de\/wp-json\/wp\/v2\/product_tag?post=24010"}],"curies":[{"name":"wp","href":"https:\/\/api.w.org\/{rel}","templated":true}]}}