{"id":24049,"date":"2020-06-12T14:57:08","date_gmt":"2020-06-12T12:57:08","guid":{"rendered":"https:\/\/www.eliassen.nl\/?product=tuinbank-massief-basalt-bjorn"},"modified":"2024-12-05T15:39:24","modified_gmt":"2024-12-05T14:39:24","slug":"steingartenbank-massiver-basalt-bjorn","status":"publish","type":"product","link":"https:\/\/dev.eliassen.nl\/de\/product\/steingartenbank-massiver-basalt-bjorn\/","title":{"rendered":"Steingartenbank massiver Basalt Bj\u00f6rn"},"content":{"rendered":"<div class=\"product-detail-outer\">\n<div class=\"product-detail-wrap\">\n<div class=\"container\">\n<div class=\"flex product-detail\">\n<div class=\"info\">\n<div class=\"product-info\">\n<div class=\"product-content general-content\">\n<p>Wenn Sie ein Gartenm\u00f6bel oder eine Gartenbank suchen, die ein Leben lang h\u00e4lt und eine einzigartige Form hat, dann ist diese Modell-Gartenbank aus massivem Basaltstein genau das Richtige f\u00fcr Sie. Dieses Gartenm\u00f6belst\u00fcck ist bei normalem Gebrauch unzerst\u00f6rbar und sieht in G\u00e4rten mit vielen Pflanzen gro\u00dfartig aus. Dieses Sofa hat eine verspielte Form, da es aus einem Basaltsteinblock besteht, der direkt aus der Felswand herausgeschnitten ist.<\/p>\n<p>Da es sich um ein Naturprodukt handelt, kann sich das Foto in Farbe und Form des Sofas unterscheiden.<\/p>\n<ul>\n<li>Gr\u00f6\u00dfe: Ca. 130 cm breit, 40 cm tief und 45 cm hoch (ungef\u00e4hr)<\/li>\n<li>Material: Basaltstein<\/li>\n<li>Poliertes Oberteil<\/li>\n<li>400 kg<\/li>\n<li>In Holzkiste verpackt<\/li>\n<li>Nirgendwo sonst zu verkaufen.<\/li>\n<\/ul>\n<\/div>\n<\/div>\n<\/div>\n<\/div>\n<\/div>\n<\/div>\n<\/div>\n<div class=\"container\">\n<div class=\"content-block\">\n<div class=\"content-inner\">\n<div class=\"content-full\">\n<div class=\"related-products mobile-popup\" data-popup=\"product-related\">\n<div class=\"popup-inner\">\n<div class=\"title-small title-font\">\u00a0<\/div>\n<div class=\"recent-products row\">\n<div class=\"recent-product border-allways img-gray col-sm-6 col-xs-12 col-md-3\">\n<div class=\"flex inner\">\u00a0<\/div>\n<\/div>\n<\/div>\n<\/div>\n<\/div>\n<\/div>\n<\/div>\n<\/div>\n<\/div>\n","protected":false},"excerpt":{"rendered":"<p>Wenn Sie ein Gartenm\u00f6bel oder eine Gartenbank suchen, die ein Leben lang h\u00e4lt und eine einzigartige Form hat, dann ist diese Modell-Gartenbank aus massivem Basaltstein genau das Richtige f\u00fcr Sie. Dieses Gartenm\u00f6belst\u00fcck ist bei normalem Gebrauch unzerst\u00f6rbar und sieht in G\u00e4rten mit vielen Pflanzen gro\u00dfartig aus. Dieses Sofa hat eine verspielte Form, da es aus &hellip;<\/p>\n","protected":false},"featured_media":24031,"template":"","meta":{"_acf_changed":false},"product_brand":[],"product_cat":[806],"product_tag":[],"class_list":{"0":"post-24049","1":"product","2":"type-product","3":"status-publish","4":"has-post-thumbnail","6":"product_cat-gartenbaenke","8":"first","9":"instock","10":"taxable","11":"shipping-taxable","12":"purchasable","13":"product-type-simple"},"acf":[],"yoast_head":"<!-- This site is optimized with the Yoast SEO plugin v23.8 - https:\/\/yoast.com\/wordpress\/plugins\/seo\/ -->\n<title>Steingartenbank massiver Basalt Bj\u00f6rn - Eliassen<\/title>\n<meta name=\"description\" content=\"Auf der Suche nach einer Gartenbank? Bestellen Sie jetzt Stein Gartenbank massiven Basalt Bj\u00f6rn. Auf unserer Website k\u00f6nnen Sie ganz einfach eine Steinstatue...\" \/>\n<meta name=\"robots\" content=\"noindex, follow, max-snippet:-1, max-image-preview:large, max-video-preview:-1\" \/>\n<meta property=\"og:locale\" content=\"de_DE\" \/>\n<meta property=\"og:type\" content=\"article\" \/>\n<meta property=\"og:title\" content=\"Steingartenbank massiver Basalt Bj\u00f6rn - Eliassen\" \/>\n<meta property=\"og:description\" content=\"Auf der Suche nach einer Gartenbank? Bestellen Sie jetzt Stein Gartenbank massiven Basalt Bj\u00f6rn. Auf unserer Website k\u00f6nnen Sie ganz einfach eine Steinstatue...\" \/>\n<meta property=\"og:url\" content=\"https:\/\/dev.eliassen.nl\/de\/product\/steingartenbank-massiver-basalt-bjorn\/\" \/>\n<meta property=\"og:site_name\" content=\"Eliassen.nl\" \/>\n<meta property=\"article:publisher\" content=\"https:\/\/www.facebook.com\/TuincentrumEliassenAmmerzoden\" \/>\n<meta property=\"article:modified_time\" content=\"2024-12-05T14:39:24+00:00\" \/>\n<meta property=\"og:image\" content=\"https:\/\/dev.eliassen.nl\/wp-content\/uploads\/2024\/01\/eliassenstenentuinbankmassiefbasaltbjorn.jpg\" \/>\n\t<meta property=\"og:image:width\" content=\"2048\" \/>\n\t<meta property=\"og:image:height\" content=\"1536\" \/>\n\t<meta property=\"og:image:type\" content=\"image\/jpeg\" \/>\n<meta name=\"twitter:card\" content=\"summary_large_image\" \/>\n<script type=\"application\/ld+json\" class=\"yoast-schema-graph\">{\"@context\":\"https:\/\/schema.org\",\"@graph\":[{\"@type\":\"WebPage\",\"@id\":\"https:\/\/dev.eliassen.nl\/de\/product\/steingartenbank-massiver-basalt-bjorn\/\",\"url\":\"https:\/\/dev.eliassen.nl\/de\/product\/steingartenbank-massiver-basalt-bjorn\/\",\"name\":\"Steingartenbank massiver Basalt Bj\u00f6rn - Eliassen\",\"isPartOf\":{\"@id\":\"https:\/\/dev.eliassen.nl\/de\/#website\"},\"primaryImageOfPage\":{\"@id\":\"https:\/\/dev.eliassen.nl\/de\/product\/steingartenbank-massiver-basalt-bjorn\/#primaryimage\"},\"image\":{\"@id\":\"https:\/\/dev.eliassen.nl\/de\/product\/steingartenbank-massiver-basalt-bjorn\/#primaryimage\"},\"thumbnailUrl\":\"https:\/\/dev.eliassen.nl\/wp-content\/uploads\/2024\/01\/eliassenstenentuinbankmassiefbasaltbjorn.jpg\",\"datePublished\":\"2020-06-12T12:57:08+00:00\",\"dateModified\":\"2024-12-05T14:39:24+00:00\",\"description\":\"Auf der Suche nach einer Gartenbank? Bestellen Sie jetzt Stein Gartenbank massiven Basalt Bj\u00f6rn. Auf unserer Website k\u00f6nnen Sie ganz einfach eine Steinstatue...\",\"breadcrumb\":{\"@id\":\"https:\/\/dev.eliassen.nl\/de\/product\/steingartenbank-massiver-basalt-bjorn\/#breadcrumb\"},\"inLanguage\":\"de\",\"potentialAction\":[{\"@type\":\"ReadAction\",\"target\":[\"https:\/\/dev.eliassen.nl\/de\/product\/steingartenbank-massiver-basalt-bjorn\/\"]}]},{\"@type\":\"ImageObject\",\"inLanguage\":\"de\",\"@id\":\"https:\/\/dev.eliassen.nl\/de\/product\/steingartenbank-massiver-basalt-bjorn\/#primaryimage\",\"url\":\"https:\/\/dev.eliassen.nl\/wp-content\/uploads\/2024\/01\/eliassenstenentuinbankmassiefbasaltbjorn.jpg\",\"contentUrl\":\"https:\/\/dev.eliassen.nl\/wp-content\/uploads\/2024\/01\/eliassenstenentuinbankmassiefbasaltbjorn.jpg\",\"width\":2048,\"height\":1536,\"caption\":\"Eliassen Stenen tuinbank massief basalt Bjorn\"},{\"@type\":\"BreadcrumbList\",\"@id\":\"https:\/\/dev.eliassen.nl\/de\/product\/steingartenbank-massiver-basalt-bjorn\/#breadcrumb\",\"itemListElement\":[{\"@type\":\"ListItem\",\"position\":1,\"name\":\"Home\",\"item\":\"https:\/\/dev.eliassen.nl\/de\/\"},{\"@type\":\"ListItem\",\"position\":2,\"name\":\"Shop\",\"item\":\"https:\/\/dev.eliassen.nl\/nl\/winkel\/\"},{\"@type\":\"ListItem\",\"position\":3,\"name\":\"Gartenb\u00e4nke\",\"item\":\"https:\/\/dev.eliassen.nl\/de\/gartenbaenke-aus-stein\/\"},{\"@type\":\"ListItem\",\"position\":4,\"name\":\"Steingartenbank massiver Basalt Bj\u00f6rn\"}]},{\"@type\":\"WebSite\",\"@id\":\"https:\/\/dev.eliassen.nl\/de\/#website\",\"url\":\"https:\/\/dev.eliassen.nl\/de\/\",\"name\":\"Eliassen Home & Garden Pleasure\",\"description\":\"\",\"publisher\":{\"@id\":\"https:\/\/dev.eliassen.nl\/de\/#organization\"},\"alternateName\":\"Eliassen.nl\",\"potentialAction\":[{\"@type\":\"SearchAction\",\"target\":{\"@type\":\"EntryPoint\",\"urlTemplate\":\"https:\/\/dev.eliassen.nl\/de\/?s={search_term_string}\"},\"query-input\":{\"@type\":\"PropertyValueSpecification\",\"valueRequired\":true,\"valueName\":\"search_term_string\"}}],\"inLanguage\":\"de\"},{\"@type\":\"Organization\",\"@id\":\"https:\/\/dev.eliassen.nl\/de\/#organization\",\"name\":\"Eliassen Home & Garden Pleasure\",\"url\":\"https:\/\/dev.eliassen.nl\/de\/\",\"logo\":{\"@type\":\"ImageObject\",\"inLanguage\":\"de\",\"@id\":\"https:\/\/dev.eliassen.nl\/de\/#\/schema\/logo\/image\/\",\"url\":\"https:\/\/www.eliassen.nl\/wp-content\/uploads\/2024\/01\/logo_4nd.jpg\",\"contentUrl\":\"https:\/\/www.eliassen.nl\/wp-content\/uploads\/2024\/01\/logo_4nd.jpg\",\"width\":500,\"height\":500,\"caption\":\"Eliassen Home & Garden Pleasure\"},\"image\":{\"@id\":\"https:\/\/dev.eliassen.nl\/de\/#\/schema\/logo\/image\/\"},\"sameAs\":[\"https:\/\/www.facebook.com\/TuincentrumEliassenAmmerzoden\",\"https:\/\/www.instagram.com\/eliassenhomeandgarden\/\",\"https:\/\/nl.pinterest.com\/eliassenhomeandgarden\/\",\"https:\/\/www.youtube.com\/@eliassenhomegardenpleasure4558\"]}]}<\/script>\n<!-- \/ Yoast SEO plugin. -->","yoast_head_json":{"title":"Steingartenbank massiver Basalt Bj\u00f6rn - Eliassen","description":"Auf der Suche nach einer Gartenbank? Bestellen Sie jetzt Stein Gartenbank massiven Basalt Bj\u00f6rn. Auf unserer Website k\u00f6nnen Sie ganz einfach eine Steinstatue...","robots":{"index":"noindex","follow":"follow","max-snippet":"max-snippet:-1","max-image-preview":"max-image-preview:large","max-video-preview":"max-video-preview:-1"},"og_locale":"de_DE","og_type":"article","og_title":"Steingartenbank massiver Basalt Bj\u00f6rn - Eliassen","og_description":"Auf der Suche nach einer Gartenbank? Bestellen Sie jetzt Stein Gartenbank massiven Basalt Bj\u00f6rn. Auf unserer Website k\u00f6nnen Sie ganz einfach eine Steinstatue...","og_url":"https:\/\/dev.eliassen.nl\/de\/product\/steingartenbank-massiver-basalt-bjorn\/","og_site_name":"Eliassen.nl","article_publisher":"https:\/\/www.facebook.com\/TuincentrumEliassenAmmerzoden","article_modified_time":"2024-12-05T14:39:24+00:00","og_image":[{"width":2048,"height":1536,"url":"https:\/\/dev.eliassen.nl\/wp-content\/uploads\/2024\/01\/eliassenstenentuinbankmassiefbasaltbjorn.jpg","type":"image\/jpeg"}],"twitter_card":"summary_large_image","schema":{"@context":"https:\/\/schema.org","@graph":[{"@type":"WebPage","@id":"https:\/\/dev.eliassen.nl\/de\/product\/steingartenbank-massiver-basalt-bjorn\/","url":"https:\/\/dev.eliassen.nl\/de\/product\/steingartenbank-massiver-basalt-bjorn\/","name":"Steingartenbank massiver Basalt Bj\u00f6rn - Eliassen","isPartOf":{"@id":"https:\/\/dev.eliassen.nl\/de\/#website"},"primaryImageOfPage":{"@id":"https:\/\/dev.eliassen.nl\/de\/product\/steingartenbank-massiver-basalt-bjorn\/#primaryimage"},"image":{"@id":"https:\/\/dev.eliassen.nl\/de\/product\/steingartenbank-massiver-basalt-bjorn\/#primaryimage"},"thumbnailUrl":"https:\/\/dev.eliassen.nl\/wp-content\/uploads\/2024\/01\/eliassenstenentuinbankmassiefbasaltbjorn.jpg","datePublished":"2020-06-12T12:57:08+00:00","dateModified":"2024-12-05T14:39:24+00:00","description":"Auf der Suche nach einer Gartenbank? Bestellen Sie jetzt Stein Gartenbank massiven Basalt Bj\u00f6rn. Auf unserer Website k\u00f6nnen Sie ganz einfach eine Steinstatue...","breadcrumb":{"@id":"https:\/\/dev.eliassen.nl\/de\/product\/steingartenbank-massiver-basalt-bjorn\/#breadcrumb"},"inLanguage":"de","potentialAction":[{"@type":"ReadAction","target":["https:\/\/dev.eliassen.nl\/de\/product\/steingartenbank-massiver-basalt-bjorn\/"]}]},{"@type":"ImageObject","inLanguage":"de","@id":"https:\/\/dev.eliassen.nl\/de\/product\/steingartenbank-massiver-basalt-bjorn\/#primaryimage","url":"https:\/\/dev.eliassen.nl\/wp-content\/uploads\/2024\/01\/eliassenstenentuinbankmassiefbasaltbjorn.jpg","contentUrl":"https:\/\/dev.eliassen.nl\/wp-content\/uploads\/2024\/01\/eliassenstenentuinbankmassiefbasaltbjorn.jpg","width":2048,"height":1536,"caption":"Eliassen Stenen tuinbank massief basalt Bjorn"},{"@type":"BreadcrumbList","@id":"https:\/\/dev.eliassen.nl\/de\/product\/steingartenbank-massiver-basalt-bjorn\/#breadcrumb","itemListElement":[{"@type":"ListItem","position":1,"name":"Home","item":"https:\/\/dev.eliassen.nl\/de\/"},{"@type":"ListItem","position":2,"name":"Shop","item":"https:\/\/dev.eliassen.nl\/nl\/winkel\/"},{"@type":"ListItem","position":3,"name":"Gartenb\u00e4nke","item":"https:\/\/dev.eliassen.nl\/de\/gartenbaenke-aus-stein\/"},{"@type":"ListItem","position":4,"name":"Steingartenbank massiver Basalt Bj\u00f6rn"}]},{"@type":"WebSite","@id":"https:\/\/dev.eliassen.nl\/de\/#website","url":"https:\/\/dev.eliassen.nl\/de\/","name":"Eliassen Home & Garden Pleasure","description":"","publisher":{"@id":"https:\/\/dev.eliassen.nl\/de\/#organization"},"alternateName":"Eliassen.nl","potentialAction":[{"@type":"SearchAction","target":{"@type":"EntryPoint","urlTemplate":"https:\/\/dev.eliassen.nl\/de\/?s={search_term_string}"},"query-input":{"@type":"PropertyValueSpecification","valueRequired":true,"valueName":"search_term_string"}}],"inLanguage":"de"},{"@type":"Organization","@id":"https:\/\/dev.eliassen.nl\/de\/#organization","name":"Eliassen Home & Garden Pleasure","url":"https:\/\/dev.eliassen.nl\/de\/","logo":{"@type":"ImageObject","inLanguage":"de","@id":"https:\/\/dev.eliassen.nl\/de\/#\/schema\/logo\/image\/","url":"https:\/\/www.eliassen.nl\/wp-content\/uploads\/2024\/01\/logo_4nd.jpg","contentUrl":"https:\/\/www.eliassen.nl\/wp-content\/uploads\/2024\/01\/logo_4nd.jpg","width":500,"height":500,"caption":"Eliassen Home & Garden Pleasure"},"image":{"@id":"https:\/\/dev.eliassen.nl\/de\/#\/schema\/logo\/image\/"},"sameAs":["https:\/\/www.facebook.com\/TuincentrumEliassenAmmerzoden","https:\/\/www.instagram.com\/eliassenhomeandgarden\/","https:\/\/nl.pinterest.com\/eliassenhomeandgarden\/","https:\/\/www.youtube.com\/@eliassenhomegardenpleasure4558"]}]}},"df_price":675,"df_sale_price":"","df_regular_price":675,"df_image_link":"https:\/\/dev.eliassen.nl\/wp-content\/uploads\/2024\/01\/eliassenstenentuinbankmassiefbasaltbjorn.jpg","image":"https:\/\/dev.eliassen.nl\/wp-content\/uploads\/2024\/01\/eliassenstenentuinbankmassiefbasaltbjorn.jpg","price_search":"<span class=\"woocommerce-Price-amount amount\"><bdi><span class=\"woocommerce-Price-currencySymbol\">&euro;<\/span>&nbsp;675,00<\/bdi><\/span>","category":"Gartenb\u00e4nke","_links":{"self":[{"href":"https:\/\/dev.eliassen.nl\/de\/wp-json\/wp\/v2\/product\/24049","targetHints":{"allow":["GET"]}}],"collection":[{"href":"https:\/\/dev.eliassen.nl\/de\/wp-json\/wp\/v2\/product"}],"about":[{"href":"https:\/\/dev.eliassen.nl\/de\/wp-json\/wp\/v2\/types\/product"}],"wp:featuredmedia":[{"embeddable":true,"href":"https:\/\/dev.eliassen.nl\/de\/wp-json\/wp\/v2\/media\/24031"}],"wp:attachment":[{"href":"https:\/\/dev.eliassen.nl\/de\/wp-json\/wp\/v2\/media?parent=24049"}],"wp:term":[{"taxonomy":"product_brand","embeddable":true,"href":"https:\/\/dev.eliassen.nl\/de\/wp-json\/wp\/v2\/product_brand?post=24049"},{"taxonomy":"product_cat","embeddable":true,"href":"https:\/\/dev.eliassen.nl\/de\/wp-json\/wp\/v2\/product_cat?post=24049"},{"taxonomy":"product_tag","embeddable":true,"href":"https:\/\/dev.eliassen.nl\/de\/wp-json\/wp\/v2\/product_tag?post=24049"}],"curies":[{"name":"wp","href":"https:\/\/api.w.org\/{rel}","templated":true}]}}