{"id":24079,"date":"2020-06-12T15:01:43","date_gmt":"2020-06-12T13:01:43","guid":{"rendered":"https:\/\/www.eliassen.nl\/?product=vogeldrinkdrink-schaal-met-bronzen-vogel-raaf"},"modified":"2024-12-05T15:39:26","modified_gmt":"2024-12-05T14:39:26","slug":"vogeltrinkschussel-rabe-mit-bronzevogel","status":"publish","type":"product","link":"https:\/\/dev.eliassen.nl\/de\/product\/vogeltrinkschussel-rabe-mit-bronzevogel\/","title":{"rendered":"Vogeltrinkschale Rabe mit Bronzevogel"},"content":{"rendered":"<p>Sch\u00f6n im Garten zu sehen; Badende und trinkende V\u00f6gel&#8230; eine Vogeltr\u00e4nke ist eine L\u00f6sung und zugleich eine Zierde in Ihrem Garten. Diese gro\u00dfe Modell-Vogeltrinkschale aus Beton wird ein Leben lang halten, da sie aus Basaltstein gefertigt ist. Diese Vogelschale hat eine verspielte Form, da sie aus einem Basaltsteinblock besteht, der direkt aus der Felswand gehauen wurde. <strong>Ausgestattet mit einem Bronzevogel.<\/strong><\/p>\n<p>Da es sich um ein Naturprodukt handelt, kann das Foto in Farbe und Form vom Trinknapf abweichen.<\/p>\n<ul>\n<li>Gr\u00f6\u00dfe: ca. 50 cm breit und 50 cm hoch (ungef\u00e4hr)<\/li>\n<li>Material: Basaltstein<\/li>\n<li>Polierte Oberseite<\/li>\n<li>ca. 90 kg<\/li>\n<li>Nirgendwo anders zu verkaufen.<\/li>\n<\/ul>\n","protected":false},"excerpt":{"rendered":"<p>Sch\u00f6n im Garten zu sehen; Badende und trinkende V\u00f6gel&#8230; eine Vogeltr\u00e4nke ist eine L\u00f6sung und zugleich eine Zierde in Ihrem Garten. Diese gro\u00dfe Modell-Vogeltrinkschale aus Beton wird ein Leben lang halten, da sie aus Basaltstein gefertigt ist. Diese Vogelschale hat eine verspielte Form, da sie aus einem Basaltsteinblock besteht, der direkt aus der Felswand gehauen &hellip;<\/p>\n","protected":false},"featured_media":24064,"template":"","meta":{"_acf_changed":false},"product_brand":[],"product_cat":[707],"product_tag":[],"class_list":{"0":"post-24079","1":"product","2":"type-product","3":"status-publish","4":"has-post-thumbnail","6":"product_cat-vogeltraenken","8":"first","9":"instock","10":"taxable","11":"shipping-taxable","12":"purchasable","13":"product-type-simple"},"acf":[],"yoast_head":"<!-- This site is optimized with the Yoast SEO plugin v23.8 - https:\/\/yoast.com\/wordpress\/plugins\/seo\/ -->\n<title>Vogeltrinksch\u00fcssel mit Bronzevogel Raven - Eliassen<\/title>\n<meta name=\"description\" content=\"Auf der Suche nach einer Vogeltrinksch\u00fcssel? Bestellen Sie jetzt Bird Drink Bowl Raaf. Auf unserer Website k\u00f6nnen Sie ganz einfach eine Steinstatue kaufen. \u2713...\" \/>\n<meta name=\"robots\" content=\"noindex, follow, max-snippet:-1, max-image-preview:large, max-video-preview:-1\" \/>\n<meta property=\"og:locale\" content=\"de_DE\" \/>\n<meta property=\"og:type\" content=\"article\" \/>\n<meta property=\"og:title\" content=\"Vogeltrinksch\u00fcssel mit Bronzevogel Raven - Eliassen\" \/>\n<meta property=\"og:description\" content=\"Auf der Suche nach einer Vogeltrinksch\u00fcssel? Bestellen Sie jetzt Bird Drink Bowl Raaf. Auf unserer Website k\u00f6nnen Sie ganz einfach eine Steinstatue kaufen. \u2713...\" \/>\n<meta property=\"og:url\" content=\"https:\/\/dev.eliassen.nl\/de\/product\/vogeltrinkschussel-rabe-mit-bronzevogel\/\" \/>\n<meta property=\"og:site_name\" content=\"Eliassen.nl\" \/>\n<meta property=\"article:publisher\" content=\"https:\/\/www.facebook.com\/TuincentrumEliassenAmmerzoden\" \/>\n<meta property=\"article:modified_time\" content=\"2024-12-05T14:39:26+00:00\" \/>\n<meta property=\"og:image\" content=\"https:\/\/dev.eliassen.nl\/wp-content\/uploads\/2024\/01\/vogeldrinkschaalraafmetbronzenvogel.jpg\" \/>\n\t<meta property=\"og:image:width\" content=\"1000\" \/>\n\t<meta property=\"og:image:height\" content=\"1000\" \/>\n\t<meta property=\"og:image:type\" content=\"image\/jpeg\" \/>\n<meta name=\"twitter:card\" content=\"summary_large_image\" \/>\n<script type=\"application\/ld+json\" class=\"yoast-schema-graph\">{\"@context\":\"https:\/\/schema.org\",\"@graph\":[{\"@type\":\"WebPage\",\"@id\":\"https:\/\/dev.eliassen.nl\/de\/product\/vogeltrinkschussel-rabe-mit-bronzevogel\/\",\"url\":\"https:\/\/dev.eliassen.nl\/de\/product\/vogeltrinkschussel-rabe-mit-bronzevogel\/\",\"name\":\"Vogeltrinksch\u00fcssel mit Bronzevogel Raven - Eliassen\",\"isPartOf\":{\"@id\":\"https:\/\/dev.eliassen.nl\/de\/#website\"},\"primaryImageOfPage\":{\"@id\":\"https:\/\/dev.eliassen.nl\/de\/product\/vogeltrinkschussel-rabe-mit-bronzevogel\/#primaryimage\"},\"image\":{\"@id\":\"https:\/\/dev.eliassen.nl\/de\/product\/vogeltrinkschussel-rabe-mit-bronzevogel\/#primaryimage\"},\"thumbnailUrl\":\"https:\/\/dev.eliassen.nl\/wp-content\/uploads\/2024\/01\/vogeldrinkschaalraafmetbronzenvogel.jpg\",\"datePublished\":\"2020-06-12T13:01:43+00:00\",\"dateModified\":\"2024-12-05T14:39:26+00:00\",\"description\":\"Auf der Suche nach einer Vogeltrinksch\u00fcssel? Bestellen Sie jetzt Bird Drink Bowl Raaf. Auf unserer Website k\u00f6nnen Sie ganz einfach eine Steinstatue kaufen. \u2713...\",\"breadcrumb\":{\"@id\":\"https:\/\/dev.eliassen.nl\/de\/product\/vogeltrinkschussel-rabe-mit-bronzevogel\/#breadcrumb\"},\"inLanguage\":\"de\",\"potentialAction\":[{\"@type\":\"ReadAction\",\"target\":[\"https:\/\/dev.eliassen.nl\/de\/product\/vogeltrinkschussel-rabe-mit-bronzevogel\/\"]}]},{\"@type\":\"ImageObject\",\"inLanguage\":\"de\",\"@id\":\"https:\/\/dev.eliassen.nl\/de\/product\/vogeltrinkschussel-rabe-mit-bronzevogel\/#primaryimage\",\"url\":\"https:\/\/dev.eliassen.nl\/wp-content\/uploads\/2024\/01\/vogeldrinkschaalraafmetbronzenvogel.jpg\",\"contentUrl\":\"https:\/\/dev.eliassen.nl\/wp-content\/uploads\/2024\/01\/vogeldrinkschaalraafmetbronzenvogel.jpg\",\"width\":1000,\"height\":1000,\"caption\":\"vogeldrinkschaal-raaf-met-bronzen-vogel\"},{\"@type\":\"BreadcrumbList\",\"@id\":\"https:\/\/dev.eliassen.nl\/de\/product\/vogeltrinkschussel-rabe-mit-bronzevogel\/#breadcrumb\",\"itemListElement\":[{\"@type\":\"ListItem\",\"position\":1,\"name\":\"Home\",\"item\":\"https:\/\/dev.eliassen.nl\/de\/\"},{\"@type\":\"ListItem\",\"position\":2,\"name\":\"Shop\",\"item\":\"https:\/\/dev.eliassen.nl\/nl\/winkel\/\"},{\"@type\":\"ListItem\",\"position\":3,\"name\":\"Vogeltr\u00e4nken\",\"item\":\"https:\/\/dev.eliassen.nl\/de\/vogeltraenken\/\"},{\"@type\":\"ListItem\",\"position\":4,\"name\":\"Vogeltrinkschale Rabe mit Bronzevogel\"}]},{\"@type\":\"WebSite\",\"@id\":\"https:\/\/dev.eliassen.nl\/de\/#website\",\"url\":\"https:\/\/dev.eliassen.nl\/de\/\",\"name\":\"Eliassen Home & Garden Pleasure\",\"description\":\"\",\"publisher\":{\"@id\":\"https:\/\/dev.eliassen.nl\/de\/#organization\"},\"alternateName\":\"Eliassen.nl\",\"potentialAction\":[{\"@type\":\"SearchAction\",\"target\":{\"@type\":\"EntryPoint\",\"urlTemplate\":\"https:\/\/dev.eliassen.nl\/de\/?s={search_term_string}\"},\"query-input\":{\"@type\":\"PropertyValueSpecification\",\"valueRequired\":true,\"valueName\":\"search_term_string\"}}],\"inLanguage\":\"de\"},{\"@type\":\"Organization\",\"@id\":\"https:\/\/dev.eliassen.nl\/de\/#organization\",\"name\":\"Eliassen Home & Garden Pleasure\",\"url\":\"https:\/\/dev.eliassen.nl\/de\/\",\"logo\":{\"@type\":\"ImageObject\",\"inLanguage\":\"de\",\"@id\":\"https:\/\/dev.eliassen.nl\/de\/#\/schema\/logo\/image\/\",\"url\":\"https:\/\/www.eliassen.nl\/wp-content\/uploads\/2024\/01\/logo_4nd.jpg\",\"contentUrl\":\"https:\/\/www.eliassen.nl\/wp-content\/uploads\/2024\/01\/logo_4nd.jpg\",\"width\":500,\"height\":500,\"caption\":\"Eliassen Home & Garden Pleasure\"},\"image\":{\"@id\":\"https:\/\/dev.eliassen.nl\/de\/#\/schema\/logo\/image\/\"},\"sameAs\":[\"https:\/\/www.facebook.com\/TuincentrumEliassenAmmerzoden\",\"https:\/\/www.instagram.com\/eliassenhomeandgarden\/\",\"https:\/\/nl.pinterest.com\/eliassenhomeandgarden\/\",\"https:\/\/www.youtube.com\/@eliassenhomegardenpleasure4558\"]}]}<\/script>\n<!-- \/ Yoast SEO plugin. -->","yoast_head_json":{"title":"Vogeltrinksch\u00fcssel mit Bronzevogel Raven - Eliassen","description":"Auf der Suche nach einer Vogeltrinksch\u00fcssel? Bestellen Sie jetzt Bird Drink Bowl Raaf. Auf unserer Website k\u00f6nnen Sie ganz einfach eine Steinstatue kaufen. \u2713...","robots":{"index":"noindex","follow":"follow","max-snippet":"max-snippet:-1","max-image-preview":"max-image-preview:large","max-video-preview":"max-video-preview:-1"},"og_locale":"de_DE","og_type":"article","og_title":"Vogeltrinksch\u00fcssel mit Bronzevogel Raven - Eliassen","og_description":"Auf der Suche nach einer Vogeltrinksch\u00fcssel? Bestellen Sie jetzt Bird Drink Bowl Raaf. Auf unserer Website k\u00f6nnen Sie ganz einfach eine Steinstatue kaufen. \u2713...","og_url":"https:\/\/dev.eliassen.nl\/de\/product\/vogeltrinkschussel-rabe-mit-bronzevogel\/","og_site_name":"Eliassen.nl","article_publisher":"https:\/\/www.facebook.com\/TuincentrumEliassenAmmerzoden","article_modified_time":"2024-12-05T14:39:26+00:00","og_image":[{"width":1000,"height":1000,"url":"https:\/\/dev.eliassen.nl\/wp-content\/uploads\/2024\/01\/vogeldrinkschaalraafmetbronzenvogel.jpg","type":"image\/jpeg"}],"twitter_card":"summary_large_image","schema":{"@context":"https:\/\/schema.org","@graph":[{"@type":"WebPage","@id":"https:\/\/dev.eliassen.nl\/de\/product\/vogeltrinkschussel-rabe-mit-bronzevogel\/","url":"https:\/\/dev.eliassen.nl\/de\/product\/vogeltrinkschussel-rabe-mit-bronzevogel\/","name":"Vogeltrinksch\u00fcssel mit Bronzevogel Raven - Eliassen","isPartOf":{"@id":"https:\/\/dev.eliassen.nl\/de\/#website"},"primaryImageOfPage":{"@id":"https:\/\/dev.eliassen.nl\/de\/product\/vogeltrinkschussel-rabe-mit-bronzevogel\/#primaryimage"},"image":{"@id":"https:\/\/dev.eliassen.nl\/de\/product\/vogeltrinkschussel-rabe-mit-bronzevogel\/#primaryimage"},"thumbnailUrl":"https:\/\/dev.eliassen.nl\/wp-content\/uploads\/2024\/01\/vogeldrinkschaalraafmetbronzenvogel.jpg","datePublished":"2020-06-12T13:01:43+00:00","dateModified":"2024-12-05T14:39:26+00:00","description":"Auf der Suche nach einer Vogeltrinksch\u00fcssel? Bestellen Sie jetzt Bird Drink Bowl Raaf. Auf unserer Website k\u00f6nnen Sie ganz einfach eine Steinstatue kaufen. \u2713...","breadcrumb":{"@id":"https:\/\/dev.eliassen.nl\/de\/product\/vogeltrinkschussel-rabe-mit-bronzevogel\/#breadcrumb"},"inLanguage":"de","potentialAction":[{"@type":"ReadAction","target":["https:\/\/dev.eliassen.nl\/de\/product\/vogeltrinkschussel-rabe-mit-bronzevogel\/"]}]},{"@type":"ImageObject","inLanguage":"de","@id":"https:\/\/dev.eliassen.nl\/de\/product\/vogeltrinkschussel-rabe-mit-bronzevogel\/#primaryimage","url":"https:\/\/dev.eliassen.nl\/wp-content\/uploads\/2024\/01\/vogeldrinkschaalraafmetbronzenvogel.jpg","contentUrl":"https:\/\/dev.eliassen.nl\/wp-content\/uploads\/2024\/01\/vogeldrinkschaalraafmetbronzenvogel.jpg","width":1000,"height":1000,"caption":"vogeldrinkschaal-raaf-met-bronzen-vogel"},{"@type":"BreadcrumbList","@id":"https:\/\/dev.eliassen.nl\/de\/product\/vogeltrinkschussel-rabe-mit-bronzevogel\/#breadcrumb","itemListElement":[{"@type":"ListItem","position":1,"name":"Home","item":"https:\/\/dev.eliassen.nl\/de\/"},{"@type":"ListItem","position":2,"name":"Shop","item":"https:\/\/dev.eliassen.nl\/nl\/winkel\/"},{"@type":"ListItem","position":3,"name":"Vogeltr\u00e4nken","item":"https:\/\/dev.eliassen.nl\/de\/vogeltraenken\/"},{"@type":"ListItem","position":4,"name":"Vogeltrinkschale Rabe mit Bronzevogel"}]},{"@type":"WebSite","@id":"https:\/\/dev.eliassen.nl\/de\/#website","url":"https:\/\/dev.eliassen.nl\/de\/","name":"Eliassen Home & Garden Pleasure","description":"","publisher":{"@id":"https:\/\/dev.eliassen.nl\/de\/#organization"},"alternateName":"Eliassen.nl","potentialAction":[{"@type":"SearchAction","target":{"@type":"EntryPoint","urlTemplate":"https:\/\/dev.eliassen.nl\/de\/?s={search_term_string}"},"query-input":{"@type":"PropertyValueSpecification","valueRequired":true,"valueName":"search_term_string"}}],"inLanguage":"de"},{"@type":"Organization","@id":"https:\/\/dev.eliassen.nl\/de\/#organization","name":"Eliassen Home & Garden Pleasure","url":"https:\/\/dev.eliassen.nl\/de\/","logo":{"@type":"ImageObject","inLanguage":"de","@id":"https:\/\/dev.eliassen.nl\/de\/#\/schema\/logo\/image\/","url":"https:\/\/www.eliassen.nl\/wp-content\/uploads\/2024\/01\/logo_4nd.jpg","contentUrl":"https:\/\/www.eliassen.nl\/wp-content\/uploads\/2024\/01\/logo_4nd.jpg","width":500,"height":500,"caption":"Eliassen Home & Garden Pleasure"},"image":{"@id":"https:\/\/dev.eliassen.nl\/de\/#\/schema\/logo\/image\/"},"sameAs":["https:\/\/www.facebook.com\/TuincentrumEliassenAmmerzoden","https:\/\/www.instagram.com\/eliassenhomeandgarden\/","https:\/\/nl.pinterest.com\/eliassenhomeandgarden\/","https:\/\/www.youtube.com\/@eliassenhomegardenpleasure4558"]}]}},"df_price":299,"df_sale_price":"","df_regular_price":299,"df_image_link":"https:\/\/dev.eliassen.nl\/wp-content\/uploads\/2024\/01\/vogeldrinkschaalraafmetbronzenvogel.jpg","image":"https:\/\/dev.eliassen.nl\/wp-content\/uploads\/2024\/01\/vogeldrinkschaalraafmetbronzenvogel.jpg","price_search":"<span class=\"woocommerce-Price-amount amount\"><bdi><span class=\"woocommerce-Price-currencySymbol\">&euro;<\/span>&nbsp;299,00<\/bdi><\/span>","category":"Vogeltr\u00e4nken","_links":{"self":[{"href":"https:\/\/dev.eliassen.nl\/de\/wp-json\/wp\/v2\/product\/24079","targetHints":{"allow":["GET"]}}],"collection":[{"href":"https:\/\/dev.eliassen.nl\/de\/wp-json\/wp\/v2\/product"}],"about":[{"href":"https:\/\/dev.eliassen.nl\/de\/wp-json\/wp\/v2\/types\/product"}],"wp:featuredmedia":[{"embeddable":true,"href":"https:\/\/dev.eliassen.nl\/de\/wp-json\/wp\/v2\/media\/24064"}],"wp:attachment":[{"href":"https:\/\/dev.eliassen.nl\/de\/wp-json\/wp\/v2\/media?parent=24079"}],"wp:term":[{"taxonomy":"product_brand","embeddable":true,"href":"https:\/\/dev.eliassen.nl\/de\/wp-json\/wp\/v2\/product_brand?post=24079"},{"taxonomy":"product_cat","embeddable":true,"href":"https:\/\/dev.eliassen.nl\/de\/wp-json\/wp\/v2\/product_cat?post=24079"},{"taxonomy":"product_tag","embeddable":true,"href":"https:\/\/dev.eliassen.nl\/de\/wp-json\/wp\/v2\/product_tag?post=24079"}],"curies":[{"name":"wp","href":"https:\/\/api.w.org\/{rel}","templated":true}]}}