{"id":24280,"date":"2020-06-29T13:56:00","date_gmt":"2020-06-29T11:56:00","guid":{"rendered":"https:\/\/www.eliassen.nl\/?product=waterfontein-love-118cm"},"modified":"2025-02-05T11:06:40","modified_gmt":"2025-02-05T10:06:40","slug":"wasserbrunnen-mit-led-beleuchtung-love-118cm","status":"publish","type":"product","link":"https:\/\/dev.eliassen.nl\/de\/wasserbrunnen-mit-led-beleuchtung-love-118cm\/","title":{"rendered":"Wasserbrunnen mit LED-Beleuchtung Love 118cm"},"content":{"rendered":"<p><video controls=\"controls\" width=\"300\" height=\"150\"><source src=\"https:\/\/cdn.webshopapp.com\/shops\/289658\/files\/417153987\/eliassen-water-fontein-met-ledverlichting-love-118.mp4\" type=\"video\/mp4\" \/><\/video><br \/>Ein solide verarbeiteter Wasserbrunnen mit LED-Beleuchtung, der \u00fcberall aufgestellt werden kann. Aus starkem und farbechtem Polyresin. Sie k\u00f6nnen dieses Modell \u00fcberall platzieren, da dieses Modell autark ist. Die Wasserversorgung befindet sich im Boden des Brunnens.<\/p>\n<p>Verwenden Sie diesen Brunnen gerne im Innenbereich oder im B\u00fcro und genie\u00dfen Sie das beruhigende Pl\u00e4tschern des Wassers, w\u00e4hrend Sie gleichzeitig die Luftfeuchtigkeit f\u00fcr ein optimales Wohn- oder Arbeitsklima erh\u00f6hen.<\/p>\n<p><strong>Dieses Modell ist nirgendwo anders erh\u00e4ltlich und kann auch in unserem Showroom besichtigt werden.<\/strong><\/p>\n<ul>\n<li>Gr\u00f6\u00dfe 36 x 27 x 118 cm hoch<\/li>\n<li>Material: Polyresin<\/li>\n<li>Nicht lackiertes Modell, das Material selbst hat diese Farbe<\/li>\n<li>Brillanter Effekt im Dunkeln<\/li>\n<li>Ausgestattet mit Pumpe und LED-Licht in warmwei\u00dfer Lichtfarbe, Kabel 10 Meter lang<\/li>\n<li>Garantie 1 Jahr, ausgenommen Pumpenbrand durch Trockenlauf<\/li>\n<li>Dieses Modell zeigt den Wasserlauf von einer Seite<\/li>\n<li>Nirgendwo anders zu verkaufen, eigenes Modell.<\/li>\n<\/ul>\n<p><iframe loading=\"lazy\" src=\"https:\/\/www.youtube.com\/embed\/37XuyyZFh6k\" width=\"560\" height=\"315\" frameborder=\"0\" allowfullscreen=\"allowfullscreen\"><\/iframe><\/p>\n","protected":false},"excerpt":{"rendered":"<p>Ein solide verarbeiteter Wasserbrunnen mit LED-Beleuchtung, der \u00fcberall aufgestellt werden kann. Aus starkem und farbechtem Polyresin. Sie k\u00f6nnen dieses Modell \u00fcberall platzieren, da dieses Modell autark ist. Die Wasserversorgung befindet sich im Boden des Brunnens. Verwenden Sie diesen Brunnen gerne im Innenbereich oder im B\u00fcro und genie\u00dfen Sie das beruhigende Pl\u00e4tschern des Wassers, w\u00e4hrend Sie &hellip;<\/p>\n","protected":false},"featured_media":24259,"template":"","meta":{"_acf_changed":false},"product_brand":[6916],"product_cat":[596,539,599,548,536,542,581,602],"product_tag":[],"class_list":{"0":"post-24280","1":"product","2":"type-product","3":"status-publish","4":"has-post-thumbnail","6":"product_brand-eliassen-de","7":"product_cat-auslass-fuer-wasserspiele","8":"product_cat-einzigartige-eigene-modelle-von-losen-wasserspiele","9":"product_cat-guenstige-wasserspiele","10":"product_cat-terrassenbrunnen","11":"product_cat-wassereigenschaften","12":"product_cat-wasserspiele-am-ausgang","13":"product_cat-wasserspiele-aus-kunststoff","14":"product_cat-zimmerbrunnen","16":"first","17":"instock","18":"taxable","19":"shipping-taxable","20":"purchasable","21":"product-type-simple"},"acf":[],"yoast_head":"<!-- This site is optimized with the Yoast SEO plugin v23.8 - https:\/\/yoast.com\/wordpress\/plugins\/seo\/ -->\n<title>Steinwasserbrunnen mit LED-Beleuchtung | 118cm | Eliassen.nl<\/title>\n<meta name=\"description\" content=\"Wasserspiel aus Stein mit LED-Beleuchtung. Steinart: Polyresin. Nirgendwo sonst zu kaufen! Ausgestattet mit Pumpe und LED-Licht. \u221a +300 Wasserspiele \u221a LIVE z...\" \/>\n<meta name=\"robots\" content=\"noindex, follow, max-snippet:-1, max-image-preview:large, max-video-preview:-1\" \/>\n<meta property=\"og:locale\" content=\"de_DE\" \/>\n<meta property=\"og:type\" content=\"article\" \/>\n<meta property=\"og:title\" content=\"Steinwasserbrunnen mit LED-Beleuchtung | 118cm | Eliassen.nl\" \/>\n<meta property=\"og:description\" content=\"Wasserspiel aus Stein mit LED-Beleuchtung. Steinart: Polyresin. Nirgendwo sonst zu kaufen! Ausgestattet mit Pumpe und LED-Licht. \u221a +300 Wasserspiele \u221a LIVE z...\" \/>\n<meta property=\"og:url\" content=\"https:\/\/dev.eliassen.nl\/de\/wasserbrunnen-mit-led-beleuchtung-love-118cm\/\" \/>\n<meta property=\"og:site_name\" content=\"Eliassen.nl\" \/>\n<meta property=\"article:publisher\" content=\"https:\/\/www.facebook.com\/TuincentrumEliassenAmmerzoden\" \/>\n<meta property=\"article:modified_time\" content=\"2025-02-05T10:06:40+00:00\" \/>\n<meta property=\"og:image\" content=\"https:\/\/dev.eliassen.nl\/wp-content\/uploads\/2024\/01\/stenenwaterfonteinmetledverlichtinglove118cm.jpg\" \/>\n\t<meta property=\"og:image:width\" content=\"1365\" \/>\n\t<meta property=\"og:image:height\" content=\"2048\" \/>\n\t<meta property=\"og:image:type\" content=\"image\/jpeg\" \/>\n<meta name=\"twitter:card\" content=\"summary_large_image\" \/>\n<script type=\"application\/ld+json\" class=\"yoast-schema-graph\">{\"@context\":\"https:\/\/schema.org\",\"@graph\":[{\"@type\":\"WebPage\",\"@id\":\"https:\/\/dev.eliassen.nl\/de\/wasserbrunnen-mit-led-beleuchtung-love-118cm\/\",\"url\":\"https:\/\/dev.eliassen.nl\/de\/wasserbrunnen-mit-led-beleuchtung-love-118cm\/\",\"name\":\"Steinwasserbrunnen mit LED-Beleuchtung | 118cm | Eliassen.nl\",\"isPartOf\":{\"@id\":\"https:\/\/dev.eliassen.nl\/de\/#website\"},\"primaryImageOfPage\":{\"@id\":\"https:\/\/dev.eliassen.nl\/de\/wasserbrunnen-mit-led-beleuchtung-love-118cm\/#primaryimage\"},\"image\":{\"@id\":\"https:\/\/dev.eliassen.nl\/de\/wasserbrunnen-mit-led-beleuchtung-love-118cm\/#primaryimage\"},\"thumbnailUrl\":\"https:\/\/dev.eliassen.nl\/wp-content\/uploads\/2024\/01\/stenenwaterfonteinmetledverlichtinglove118cm.jpg\",\"datePublished\":\"2020-06-29T11:56:00+00:00\",\"dateModified\":\"2025-02-05T10:06:40+00:00\",\"description\":\"Wasserspiel aus Stein mit LED-Beleuchtung. Steinart: Polyresin. Nirgendwo sonst zu kaufen! Ausgestattet mit Pumpe und LED-Licht. \u221a +300 Wasserspiele \u221a LIVE z...\",\"breadcrumb\":{\"@id\":\"https:\/\/dev.eliassen.nl\/de\/wasserbrunnen-mit-led-beleuchtung-love-118cm\/#breadcrumb\"},\"inLanguage\":\"de\",\"potentialAction\":[{\"@type\":\"ReadAction\",\"target\":[\"https:\/\/dev.eliassen.nl\/de\/wasserbrunnen-mit-led-beleuchtung-love-118cm\/\"]}]},{\"@type\":\"ImageObject\",\"inLanguage\":\"de\",\"@id\":\"https:\/\/dev.eliassen.nl\/de\/wasserbrunnen-mit-led-beleuchtung-love-118cm\/#primaryimage\",\"url\":\"https:\/\/dev.eliassen.nl\/wp-content\/uploads\/2024\/01\/stenenwaterfonteinmetledverlichtinglove118cm.jpg\",\"contentUrl\":\"https:\/\/dev.eliassen.nl\/wp-content\/uploads\/2024\/01\/stenenwaterfonteinmetledverlichtinglove118cm.jpg\",\"width\":1365,\"height\":2048,\"caption\":\"Stenen waterfontein met ledverlichting Love 118cm - Eliassen.nl\"},{\"@type\":\"BreadcrumbList\",\"@id\":\"https:\/\/dev.eliassen.nl\/de\/wasserbrunnen-mit-led-beleuchtung-love-118cm\/#breadcrumb\",\"itemListElement\":[{\"@type\":\"ListItem\",\"position\":1,\"name\":\"Home\",\"item\":\"https:\/\/dev.eliassen.nl\/de\/\"},{\"@type\":\"ListItem\",\"position\":2,\"name\":\"Shop\",\"item\":\"https:\/\/dev.eliassen.nl\/nl\/winkel\/\"},{\"@type\":\"ListItem\",\"position\":3,\"name\":\"Wasserspiele\",\"item\":\"https:\/\/dev.eliassen.nl\/de\/wassereigenschaften\/\"},{\"@type\":\"ListItem\",\"position\":4,\"name\":\"Auslass f\u00fcr Wasserspiele\",\"item\":\"https:\/\/dev.eliassen.nl\/de\/wassereigenschaften\/auslass-fuer-wasserspiele\/\"},{\"@type\":\"ListItem\",\"position\":5,\"name\":\"Wasserbrunnen mit LED-Beleuchtung Love 118cm\"}]},{\"@type\":\"WebSite\",\"@id\":\"https:\/\/dev.eliassen.nl\/de\/#website\",\"url\":\"https:\/\/dev.eliassen.nl\/de\/\",\"name\":\"Eliassen Home & Garden Pleasure\",\"description\":\"\",\"publisher\":{\"@id\":\"https:\/\/dev.eliassen.nl\/de\/#organization\"},\"alternateName\":\"Eliassen.nl\",\"potentialAction\":[{\"@type\":\"SearchAction\",\"target\":{\"@type\":\"EntryPoint\",\"urlTemplate\":\"https:\/\/dev.eliassen.nl\/de\/?s={search_term_string}\"},\"query-input\":{\"@type\":\"PropertyValueSpecification\",\"valueRequired\":true,\"valueName\":\"search_term_string\"}}],\"inLanguage\":\"de\"},{\"@type\":\"Organization\",\"@id\":\"https:\/\/dev.eliassen.nl\/de\/#organization\",\"name\":\"Eliassen Home & Garden Pleasure\",\"url\":\"https:\/\/dev.eliassen.nl\/de\/\",\"logo\":{\"@type\":\"ImageObject\",\"inLanguage\":\"de\",\"@id\":\"https:\/\/dev.eliassen.nl\/de\/#\/schema\/logo\/image\/\",\"url\":\"https:\/\/www.eliassen.nl\/wp-content\/uploads\/2024\/01\/logo_4nd.jpg\",\"contentUrl\":\"https:\/\/www.eliassen.nl\/wp-content\/uploads\/2024\/01\/logo_4nd.jpg\",\"width\":500,\"height\":500,\"caption\":\"Eliassen Home & Garden Pleasure\"},\"image\":{\"@id\":\"https:\/\/dev.eliassen.nl\/de\/#\/schema\/logo\/image\/\"},\"sameAs\":[\"https:\/\/www.facebook.com\/TuincentrumEliassenAmmerzoden\",\"https:\/\/www.instagram.com\/eliassenhomeandgarden\/\",\"https:\/\/nl.pinterest.com\/eliassenhomeandgarden\/\",\"https:\/\/www.youtube.com\/@eliassenhomegardenpleasure4558\"]}]}<\/script>\n<!-- \/ Yoast SEO plugin. -->","yoast_head_json":{"title":"Steinwasserbrunnen mit LED-Beleuchtung | 118cm | Eliassen.nl","description":"Wasserspiel aus Stein mit LED-Beleuchtung. Steinart: Polyresin. Nirgendwo sonst zu kaufen! Ausgestattet mit Pumpe und LED-Licht. \u221a +300 Wasserspiele \u221a LIVE z...","robots":{"index":"noindex","follow":"follow","max-snippet":"max-snippet:-1","max-image-preview":"max-image-preview:large","max-video-preview":"max-video-preview:-1"},"og_locale":"de_DE","og_type":"article","og_title":"Steinwasserbrunnen mit LED-Beleuchtung | 118cm | Eliassen.nl","og_description":"Wasserspiel aus Stein mit LED-Beleuchtung. Steinart: Polyresin. Nirgendwo sonst zu kaufen! Ausgestattet mit Pumpe und LED-Licht. \u221a +300 Wasserspiele \u221a LIVE z...","og_url":"https:\/\/dev.eliassen.nl\/de\/wasserbrunnen-mit-led-beleuchtung-love-118cm\/","og_site_name":"Eliassen.nl","article_publisher":"https:\/\/www.facebook.com\/TuincentrumEliassenAmmerzoden","article_modified_time":"2025-02-05T10:06:40+00:00","og_image":[{"width":1365,"height":2048,"url":"https:\/\/dev.eliassen.nl\/wp-content\/uploads\/2024\/01\/stenenwaterfonteinmetledverlichtinglove118cm.jpg","type":"image\/jpeg"}],"twitter_card":"summary_large_image","schema":{"@context":"https:\/\/schema.org","@graph":[{"@type":"WebPage","@id":"https:\/\/dev.eliassen.nl\/de\/wasserbrunnen-mit-led-beleuchtung-love-118cm\/","url":"https:\/\/dev.eliassen.nl\/de\/wasserbrunnen-mit-led-beleuchtung-love-118cm\/","name":"Steinwasserbrunnen mit LED-Beleuchtung | 118cm | Eliassen.nl","isPartOf":{"@id":"https:\/\/dev.eliassen.nl\/de\/#website"},"primaryImageOfPage":{"@id":"https:\/\/dev.eliassen.nl\/de\/wasserbrunnen-mit-led-beleuchtung-love-118cm\/#primaryimage"},"image":{"@id":"https:\/\/dev.eliassen.nl\/de\/wasserbrunnen-mit-led-beleuchtung-love-118cm\/#primaryimage"},"thumbnailUrl":"https:\/\/dev.eliassen.nl\/wp-content\/uploads\/2024\/01\/stenenwaterfonteinmetledverlichtinglove118cm.jpg","datePublished":"2020-06-29T11:56:00+00:00","dateModified":"2025-02-05T10:06:40+00:00","description":"Wasserspiel aus Stein mit LED-Beleuchtung. Steinart: Polyresin. Nirgendwo sonst zu kaufen! Ausgestattet mit Pumpe und LED-Licht. \u221a +300 Wasserspiele \u221a LIVE z...","breadcrumb":{"@id":"https:\/\/dev.eliassen.nl\/de\/wasserbrunnen-mit-led-beleuchtung-love-118cm\/#breadcrumb"},"inLanguage":"de","potentialAction":[{"@type":"ReadAction","target":["https:\/\/dev.eliassen.nl\/de\/wasserbrunnen-mit-led-beleuchtung-love-118cm\/"]}]},{"@type":"ImageObject","inLanguage":"de","@id":"https:\/\/dev.eliassen.nl\/de\/wasserbrunnen-mit-led-beleuchtung-love-118cm\/#primaryimage","url":"https:\/\/dev.eliassen.nl\/wp-content\/uploads\/2024\/01\/stenenwaterfonteinmetledverlichtinglove118cm.jpg","contentUrl":"https:\/\/dev.eliassen.nl\/wp-content\/uploads\/2024\/01\/stenenwaterfonteinmetledverlichtinglove118cm.jpg","width":1365,"height":2048,"caption":"Stenen waterfontein met ledverlichting Love 118cm - Eliassen.nl"},{"@type":"BreadcrumbList","@id":"https:\/\/dev.eliassen.nl\/de\/wasserbrunnen-mit-led-beleuchtung-love-118cm\/#breadcrumb","itemListElement":[{"@type":"ListItem","position":1,"name":"Home","item":"https:\/\/dev.eliassen.nl\/de\/"},{"@type":"ListItem","position":2,"name":"Shop","item":"https:\/\/dev.eliassen.nl\/nl\/winkel\/"},{"@type":"ListItem","position":3,"name":"Wasserspiele","item":"https:\/\/dev.eliassen.nl\/de\/wassereigenschaften\/"},{"@type":"ListItem","position":4,"name":"Auslass f\u00fcr Wasserspiele","item":"https:\/\/dev.eliassen.nl\/de\/wassereigenschaften\/auslass-fuer-wasserspiele\/"},{"@type":"ListItem","position":5,"name":"Wasserbrunnen mit LED-Beleuchtung Love 118cm"}]},{"@type":"WebSite","@id":"https:\/\/dev.eliassen.nl\/de\/#website","url":"https:\/\/dev.eliassen.nl\/de\/","name":"Eliassen Home & Garden Pleasure","description":"","publisher":{"@id":"https:\/\/dev.eliassen.nl\/de\/#organization"},"alternateName":"Eliassen.nl","potentialAction":[{"@type":"SearchAction","target":{"@type":"EntryPoint","urlTemplate":"https:\/\/dev.eliassen.nl\/de\/?s={search_term_string}"},"query-input":{"@type":"PropertyValueSpecification","valueRequired":true,"valueName":"search_term_string"}}],"inLanguage":"de"},{"@type":"Organization","@id":"https:\/\/dev.eliassen.nl\/de\/#organization","name":"Eliassen Home & Garden Pleasure","url":"https:\/\/dev.eliassen.nl\/de\/","logo":{"@type":"ImageObject","inLanguage":"de","@id":"https:\/\/dev.eliassen.nl\/de\/#\/schema\/logo\/image\/","url":"https:\/\/www.eliassen.nl\/wp-content\/uploads\/2024\/01\/logo_4nd.jpg","contentUrl":"https:\/\/www.eliassen.nl\/wp-content\/uploads\/2024\/01\/logo_4nd.jpg","width":500,"height":500,"caption":"Eliassen Home & Garden Pleasure"},"image":{"@id":"https:\/\/dev.eliassen.nl\/de\/#\/schema\/logo\/image\/"},"sameAs":["https:\/\/www.facebook.com\/TuincentrumEliassenAmmerzoden","https:\/\/www.instagram.com\/eliassenhomeandgarden\/","https:\/\/nl.pinterest.com\/eliassenhomeandgarden\/","https:\/\/www.youtube.com\/@eliassenhomegardenpleasure4558"]}]}},"df_price":309,"df_sale_price":"","df_regular_price":309,"df_image_link":"https:\/\/dev.eliassen.nl\/wp-content\/uploads\/2024\/01\/stenenwaterfonteinmetledverlichtinglove118cm.jpg","image":"https:\/\/dev.eliassen.nl\/wp-content\/uploads\/2024\/01\/stenenwaterfonteinmetledverlichtinglove118cm.jpg","price_search":"<span class=\"woocommerce-Price-amount amount\"><bdi><span class=\"woocommerce-Price-currencySymbol\">&euro;<\/span>&nbsp;309,00<\/bdi><\/span>","category":"Auslass f\u00fcr Wasserspiele","_links":{"self":[{"href":"https:\/\/dev.eliassen.nl\/de\/wp-json\/wp\/v2\/product\/24280","targetHints":{"allow":["GET"]}}],"collection":[{"href":"https:\/\/dev.eliassen.nl\/de\/wp-json\/wp\/v2\/product"}],"about":[{"href":"https:\/\/dev.eliassen.nl\/de\/wp-json\/wp\/v2\/types\/product"}],"wp:featuredmedia":[{"embeddable":true,"href":"https:\/\/dev.eliassen.nl\/de\/wp-json\/wp\/v2\/media\/24259"}],"wp:attachment":[{"href":"https:\/\/dev.eliassen.nl\/de\/wp-json\/wp\/v2\/media?parent=24280"}],"wp:term":[{"taxonomy":"product_brand","embeddable":true,"href":"https:\/\/dev.eliassen.nl\/de\/wp-json\/wp\/v2\/product_brand?post=24280"},{"taxonomy":"product_cat","embeddable":true,"href":"https:\/\/dev.eliassen.nl\/de\/wp-json\/wp\/v2\/product_cat?post=24280"},{"taxonomy":"product_tag","embeddable":true,"href":"https:\/\/dev.eliassen.nl\/de\/wp-json\/wp\/v2\/product_tag?post=24280"}],"curies":[{"name":"wp","href":"https:\/\/api.w.org\/{rel}","templated":true}]}}