{"id":24361,"date":"2020-07-10T09:49:19","date_gmt":"2020-07-10T07:49:19","guid":{"rendered":"https:\/\/www.eliassen.nl\/?product=tuinsteker-bloem-multi"},"modified":"2024-12-05T15:39:57","modified_gmt":"2024-12-05T14:39:57","slug":"gartenstecker-windmuhlenblume-multi-30cm","status":"publish","type":"product","link":"https:\/\/dev.eliassen.nl\/de\/gartenstecker-windmuhlenblume-multi-30cm\/","title":{"rendered":"Gartenstecker Windm\u00fchlenblume Multi 30cm"},"content":{"rendered":"<p>Diese bunte Windm\u00fchle wird ein fr\u00f6hlicher Hingucker in jedem Garten sein.<br \/>Dieses 122 cm gro\u00dfe Modell dreht sich schon beim geringsten Wind, denn die rotierenden Teile sind mit Kugellagern ausgestattet.<br \/>Dieses fr\u00f6hliche Windspiel macht auch Spa\u00df beim Verschenken oder Empfangen.<br \/>Ausgestattet mit einem stabilen Stift, damit das Ganze in jeder Art von Boden fest steht.<br \/>Lieferung als Bausatz.<br \/>Dieses Modell ist auch in unserem Showroom zu sehen.<\/p>\n<p>Die Absicht ist, dass sich diese Windm\u00fchle leise dreht. Bei starkem Wind oder Sturm muss es daher gesch\u00fctzt werden.<\/p>\n<ul>\n<li>Gr\u00f6\u00dfe: 30 cm breit und 122 cm hoch.<\/li>\n<li>Farbe: Mehrfarbig.<\/li>\n<li>Material: Metall.<\/li>\n<li>Schnell geliefert.<\/li>\n<li>Eigener Bestand.<\/li>\n<li>Hinweis: das ist kein spielzeug!<\/li>\n<li>Die Zwillingsradmodelle drehen sich in entgegengesetzte Richtungen.<\/li>\n<\/ul>\n","protected":false},"excerpt":{"rendered":"<p>Diese bunte Windm\u00fchle wird ein fr\u00f6hlicher Hingucker in jedem Garten sein.Dieses 122 cm gro\u00dfe Modell dreht sich schon beim geringsten Wind, denn die rotierenden Teile sind mit Kugellagern ausgestattet.Dieses fr\u00f6hliche Windspiel macht auch Spa\u00df beim Verschenken oder Empfangen.Ausgestattet mit einem stabilen Stift, damit das Ganze in jeder Art von Boden fest steht.Lieferung als Bausatz.Dieses Modell &hellip;<\/p>\n","protected":false},"featured_media":24358,"template":"","meta":{"_acf_changed":false},"product_brand":[],"product_cat":[836,845],"product_tag":[],"class_list":{"0":"post-24361","1":"product","2":"type-product","3":"status-publish","4":"has-post-thumbnail","6":"product_cat-gartenstecker","7":"product_cat-windmuehlen","9":"first","10":"instock","11":"taxable","12":"shipping-taxable","13":"purchasable","14":"product-type-simple"},"acf":[],"yoast_head":"<!-- This site is optimized with the Yoast SEO plugin v23.8 - https:\/\/yoast.com\/wordpress\/plugins\/seo\/ -->\n<title>Gartensteckblume Multi - Eliassen<\/title>\n<meta name=\"description\" content=\"Sie suchen einen G\u00e4rtner? Jetzt Gartensteckblume multi bestellen. Auf unserer Website k\u00f6nnen Sie ganz einfach eine Metallfigur kaufen. \u2713 Breites Sortiment \u2713 ...\" \/>\n<meta name=\"robots\" content=\"noindex, follow, max-snippet:-1, max-image-preview:large, max-video-preview:-1\" \/>\n<meta property=\"og:locale\" content=\"de_DE\" \/>\n<meta property=\"og:type\" content=\"article\" \/>\n<meta property=\"og:title\" content=\"Gartensteckblume Multi - Eliassen\" \/>\n<meta property=\"og:description\" content=\"Sie suchen einen G\u00e4rtner? Jetzt Gartensteckblume multi bestellen. Auf unserer Website k\u00f6nnen Sie ganz einfach eine Metallfigur kaufen. \u2713 Breites Sortiment \u2713 ...\" \/>\n<meta property=\"og:url\" content=\"https:\/\/dev.eliassen.nl\/de\/gartenstecker-windmuhlenblume-multi-30cm\/\" \/>\n<meta property=\"og:site_name\" content=\"Eliassen.nl\" \/>\n<meta property=\"article:publisher\" content=\"https:\/\/www.facebook.com\/TuincentrumEliassenAmmerzoden\" \/>\n<meta property=\"article:modified_time\" content=\"2024-12-05T14:39:57+00:00\" \/>\n<meta property=\"og:image\" content=\"https:\/\/dev.eliassen.nl\/wp-content\/uploads\/2024\/01\/eliassentuinstekerbloemmulti.jpg\" \/>\n\t<meta property=\"og:image:width\" content=\"2048\" \/>\n\t<meta property=\"og:image:height\" content=\"1536\" \/>\n\t<meta property=\"og:image:type\" content=\"image\/jpeg\" \/>\n<meta name=\"twitter:card\" content=\"summary_large_image\" \/>\n<script type=\"application\/ld+json\" class=\"yoast-schema-graph\">{\"@context\":\"https:\/\/schema.org\",\"@graph\":[{\"@type\":\"WebPage\",\"@id\":\"https:\/\/dev.eliassen.nl\/de\/gartenstecker-windmuhlenblume-multi-30cm\/\",\"url\":\"https:\/\/dev.eliassen.nl\/de\/gartenstecker-windmuhlenblume-multi-30cm\/\",\"name\":\"Gartensteckblume Multi - Eliassen\",\"isPartOf\":{\"@id\":\"https:\/\/dev.eliassen.nl\/de\/#website\"},\"primaryImageOfPage\":{\"@id\":\"https:\/\/dev.eliassen.nl\/de\/gartenstecker-windmuhlenblume-multi-30cm\/#primaryimage\"},\"image\":{\"@id\":\"https:\/\/dev.eliassen.nl\/de\/gartenstecker-windmuhlenblume-multi-30cm\/#primaryimage\"},\"thumbnailUrl\":\"https:\/\/dev.eliassen.nl\/wp-content\/uploads\/2024\/01\/eliassentuinstekerbloemmulti.jpg\",\"datePublished\":\"2020-07-10T07:49:19+00:00\",\"dateModified\":\"2024-12-05T14:39:57+00:00\",\"description\":\"Sie suchen einen G\u00e4rtner? Jetzt Gartensteckblume multi bestellen. Auf unserer Website k\u00f6nnen Sie ganz einfach eine Metallfigur kaufen. \u2713 Breites Sortiment \u2713 ...\",\"breadcrumb\":{\"@id\":\"https:\/\/dev.eliassen.nl\/de\/gartenstecker-windmuhlenblume-multi-30cm\/#breadcrumb\"},\"inLanguage\":\"de\",\"potentialAction\":[{\"@type\":\"ReadAction\",\"target\":[\"https:\/\/dev.eliassen.nl\/de\/gartenstecker-windmuhlenblume-multi-30cm\/\"]}]},{\"@type\":\"ImageObject\",\"inLanguage\":\"de\",\"@id\":\"https:\/\/dev.eliassen.nl\/de\/gartenstecker-windmuhlenblume-multi-30cm\/#primaryimage\",\"url\":\"https:\/\/dev.eliassen.nl\/wp-content\/uploads\/2024\/01\/eliassentuinstekerbloemmulti.jpg\",\"contentUrl\":\"https:\/\/dev.eliassen.nl\/wp-content\/uploads\/2024\/01\/eliassentuinstekerbloemmulti.jpg\",\"width\":2048,\"height\":1536,\"caption\":\"Eliassen Tuinsteker bloem multi\"},{\"@type\":\"BreadcrumbList\",\"@id\":\"https:\/\/dev.eliassen.nl\/de\/gartenstecker-windmuhlenblume-multi-30cm\/#breadcrumb\",\"itemListElement\":[{\"@type\":\"ListItem\",\"position\":1,\"name\":\"Home\",\"item\":\"https:\/\/dev.eliassen.nl\/de\/\"},{\"@type\":\"ListItem\",\"position\":2,\"name\":\"Shop\",\"item\":\"https:\/\/dev.eliassen.nl\/nl\/winkel\/\"},{\"@type\":\"ListItem\",\"position\":3,\"name\":\"Gartenstecker\",\"item\":\"https:\/\/dev.eliassen.nl\/de\/gartenstecker\/\"},{\"@type\":\"ListItem\",\"position\":4,\"name\":\"Windm\u00fchlen\",\"item\":\"https:\/\/dev.eliassen.nl\/de\/gartenstecker\/windmuehlen\/\"},{\"@type\":\"ListItem\",\"position\":5,\"name\":\"Gartenstecker Windm\u00fchlenblume Multi 30cm\"}]},{\"@type\":\"WebSite\",\"@id\":\"https:\/\/dev.eliassen.nl\/de\/#website\",\"url\":\"https:\/\/dev.eliassen.nl\/de\/\",\"name\":\"Eliassen Home & Garden Pleasure\",\"description\":\"\",\"publisher\":{\"@id\":\"https:\/\/dev.eliassen.nl\/de\/#organization\"},\"alternateName\":\"Eliassen.nl\",\"potentialAction\":[{\"@type\":\"SearchAction\",\"target\":{\"@type\":\"EntryPoint\",\"urlTemplate\":\"https:\/\/dev.eliassen.nl\/de\/?s={search_term_string}\"},\"query-input\":{\"@type\":\"PropertyValueSpecification\",\"valueRequired\":true,\"valueName\":\"search_term_string\"}}],\"inLanguage\":\"de\"},{\"@type\":\"Organization\",\"@id\":\"https:\/\/dev.eliassen.nl\/de\/#organization\",\"name\":\"Eliassen Home & Garden Pleasure\",\"url\":\"https:\/\/dev.eliassen.nl\/de\/\",\"logo\":{\"@type\":\"ImageObject\",\"inLanguage\":\"de\",\"@id\":\"https:\/\/dev.eliassen.nl\/de\/#\/schema\/logo\/image\/\",\"url\":\"https:\/\/www.eliassen.nl\/wp-content\/uploads\/2024\/01\/logo_4nd.jpg\",\"contentUrl\":\"https:\/\/www.eliassen.nl\/wp-content\/uploads\/2024\/01\/logo_4nd.jpg\",\"width\":500,\"height\":500,\"caption\":\"Eliassen Home & Garden Pleasure\"},\"image\":{\"@id\":\"https:\/\/dev.eliassen.nl\/de\/#\/schema\/logo\/image\/\"},\"sameAs\":[\"https:\/\/www.facebook.com\/TuincentrumEliassenAmmerzoden\",\"https:\/\/www.instagram.com\/eliassenhomeandgarden\/\",\"https:\/\/nl.pinterest.com\/eliassenhomeandgarden\/\",\"https:\/\/www.youtube.com\/@eliassenhomegardenpleasure4558\"]}]}<\/script>\n<!-- \/ Yoast SEO plugin. -->","yoast_head_json":{"title":"Gartensteckblume Multi - Eliassen","description":"Sie suchen einen G\u00e4rtner? Jetzt Gartensteckblume multi bestellen. Auf unserer Website k\u00f6nnen Sie ganz einfach eine Metallfigur kaufen. \u2713 Breites Sortiment \u2713 ...","robots":{"index":"noindex","follow":"follow","max-snippet":"max-snippet:-1","max-image-preview":"max-image-preview:large","max-video-preview":"max-video-preview:-1"},"og_locale":"de_DE","og_type":"article","og_title":"Gartensteckblume Multi - Eliassen","og_description":"Sie suchen einen G\u00e4rtner? Jetzt Gartensteckblume multi bestellen. Auf unserer Website k\u00f6nnen Sie ganz einfach eine Metallfigur kaufen. \u2713 Breites Sortiment \u2713 ...","og_url":"https:\/\/dev.eliassen.nl\/de\/gartenstecker-windmuhlenblume-multi-30cm\/","og_site_name":"Eliassen.nl","article_publisher":"https:\/\/www.facebook.com\/TuincentrumEliassenAmmerzoden","article_modified_time":"2024-12-05T14:39:57+00:00","og_image":[{"width":2048,"height":1536,"url":"https:\/\/dev.eliassen.nl\/wp-content\/uploads\/2024\/01\/eliassentuinstekerbloemmulti.jpg","type":"image\/jpeg"}],"twitter_card":"summary_large_image","schema":{"@context":"https:\/\/schema.org","@graph":[{"@type":"WebPage","@id":"https:\/\/dev.eliassen.nl\/de\/gartenstecker-windmuhlenblume-multi-30cm\/","url":"https:\/\/dev.eliassen.nl\/de\/gartenstecker-windmuhlenblume-multi-30cm\/","name":"Gartensteckblume Multi - Eliassen","isPartOf":{"@id":"https:\/\/dev.eliassen.nl\/de\/#website"},"primaryImageOfPage":{"@id":"https:\/\/dev.eliassen.nl\/de\/gartenstecker-windmuhlenblume-multi-30cm\/#primaryimage"},"image":{"@id":"https:\/\/dev.eliassen.nl\/de\/gartenstecker-windmuhlenblume-multi-30cm\/#primaryimage"},"thumbnailUrl":"https:\/\/dev.eliassen.nl\/wp-content\/uploads\/2024\/01\/eliassentuinstekerbloemmulti.jpg","datePublished":"2020-07-10T07:49:19+00:00","dateModified":"2024-12-05T14:39:57+00:00","description":"Sie suchen einen G\u00e4rtner? Jetzt Gartensteckblume multi bestellen. Auf unserer Website k\u00f6nnen Sie ganz einfach eine Metallfigur kaufen. \u2713 Breites Sortiment \u2713 ...","breadcrumb":{"@id":"https:\/\/dev.eliassen.nl\/de\/gartenstecker-windmuhlenblume-multi-30cm\/#breadcrumb"},"inLanguage":"de","potentialAction":[{"@type":"ReadAction","target":["https:\/\/dev.eliassen.nl\/de\/gartenstecker-windmuhlenblume-multi-30cm\/"]}]},{"@type":"ImageObject","inLanguage":"de","@id":"https:\/\/dev.eliassen.nl\/de\/gartenstecker-windmuhlenblume-multi-30cm\/#primaryimage","url":"https:\/\/dev.eliassen.nl\/wp-content\/uploads\/2024\/01\/eliassentuinstekerbloemmulti.jpg","contentUrl":"https:\/\/dev.eliassen.nl\/wp-content\/uploads\/2024\/01\/eliassentuinstekerbloemmulti.jpg","width":2048,"height":1536,"caption":"Eliassen Tuinsteker bloem multi"},{"@type":"BreadcrumbList","@id":"https:\/\/dev.eliassen.nl\/de\/gartenstecker-windmuhlenblume-multi-30cm\/#breadcrumb","itemListElement":[{"@type":"ListItem","position":1,"name":"Home","item":"https:\/\/dev.eliassen.nl\/de\/"},{"@type":"ListItem","position":2,"name":"Shop","item":"https:\/\/dev.eliassen.nl\/nl\/winkel\/"},{"@type":"ListItem","position":3,"name":"Gartenstecker","item":"https:\/\/dev.eliassen.nl\/de\/gartenstecker\/"},{"@type":"ListItem","position":4,"name":"Windm\u00fchlen","item":"https:\/\/dev.eliassen.nl\/de\/gartenstecker\/windmuehlen\/"},{"@type":"ListItem","position":5,"name":"Gartenstecker Windm\u00fchlenblume Multi 30cm"}]},{"@type":"WebSite","@id":"https:\/\/dev.eliassen.nl\/de\/#website","url":"https:\/\/dev.eliassen.nl\/de\/","name":"Eliassen Home & Garden Pleasure","description":"","publisher":{"@id":"https:\/\/dev.eliassen.nl\/de\/#organization"},"alternateName":"Eliassen.nl","potentialAction":[{"@type":"SearchAction","target":{"@type":"EntryPoint","urlTemplate":"https:\/\/dev.eliassen.nl\/de\/?s={search_term_string}"},"query-input":{"@type":"PropertyValueSpecification","valueRequired":true,"valueName":"search_term_string"}}],"inLanguage":"de"},{"@type":"Organization","@id":"https:\/\/dev.eliassen.nl\/de\/#organization","name":"Eliassen Home & Garden Pleasure","url":"https:\/\/dev.eliassen.nl\/de\/","logo":{"@type":"ImageObject","inLanguage":"de","@id":"https:\/\/dev.eliassen.nl\/de\/#\/schema\/logo\/image\/","url":"https:\/\/www.eliassen.nl\/wp-content\/uploads\/2024\/01\/logo_4nd.jpg","contentUrl":"https:\/\/www.eliassen.nl\/wp-content\/uploads\/2024\/01\/logo_4nd.jpg","width":500,"height":500,"caption":"Eliassen Home & Garden Pleasure"},"image":{"@id":"https:\/\/dev.eliassen.nl\/de\/#\/schema\/logo\/image\/"},"sameAs":["https:\/\/www.facebook.com\/TuincentrumEliassenAmmerzoden","https:\/\/www.instagram.com\/eliassenhomeandgarden\/","https:\/\/nl.pinterest.com\/eliassenhomeandgarden\/","https:\/\/www.youtube.com\/@eliassenhomegardenpleasure4558"]}]}},"df_price":28.5,"df_sale_price":"","df_regular_price":28.5,"df_image_link":"https:\/\/dev.eliassen.nl\/wp-content\/uploads\/2024\/01\/eliassentuinstekerbloemmulti.jpg","image":"https:\/\/dev.eliassen.nl\/wp-content\/uploads\/2024\/01\/eliassentuinstekerbloemmulti.jpg","price_search":"<span class=\"woocommerce-Price-amount amount\"><bdi><span class=\"woocommerce-Price-currencySymbol\">&euro;<\/span>&nbsp;28,50<\/bdi><\/span>","category":"Gartenstecker","_links":{"self":[{"href":"https:\/\/dev.eliassen.nl\/de\/wp-json\/wp\/v2\/product\/24361","targetHints":{"allow":["GET"]}}],"collection":[{"href":"https:\/\/dev.eliassen.nl\/de\/wp-json\/wp\/v2\/product"}],"about":[{"href":"https:\/\/dev.eliassen.nl\/de\/wp-json\/wp\/v2\/types\/product"}],"wp:featuredmedia":[{"embeddable":true,"href":"https:\/\/dev.eliassen.nl\/de\/wp-json\/wp\/v2\/media\/24358"}],"wp:attachment":[{"href":"https:\/\/dev.eliassen.nl\/de\/wp-json\/wp\/v2\/media?parent=24361"}],"wp:term":[{"taxonomy":"product_brand","embeddable":true,"href":"https:\/\/dev.eliassen.nl\/de\/wp-json\/wp\/v2\/product_brand?post=24361"},{"taxonomy":"product_cat","embeddable":true,"href":"https:\/\/dev.eliassen.nl\/de\/wp-json\/wp\/v2\/product_cat?post=24361"},{"taxonomy":"product_tag","embeddable":true,"href":"https:\/\/dev.eliassen.nl\/de\/wp-json\/wp\/v2\/product_tag?post=24361"}],"curies":[{"name":"wp","href":"https:\/\/api.w.org\/{rel}","templated":true}]}}