{"id":24403,"date":"2020-07-14T18:43:18","date_gmt":"2020-07-14T16:43:18","guid":{"rendered":"https:\/\/www.eliassen.nl\/?product=vogeldrinkschaal-groot-60cm"},"modified":"2024-12-05T15:40:07","modified_gmt":"2024-12-05T14:40:07","slug":"vogeltrinkschussel-gross-60-cm","status":"publish","type":"product","link":"https:\/\/dev.eliassen.nl\/de\/vogeltrinkschussel-gross-60-cm\/","title":{"rendered":"Vogeltrinksch\u00fcssel gro\u00df 60 cm"},"content":{"rendered":"<p>Diese gro\u00dfe Vogeltrinksch\u00fcssel ist der perfekte Ort f\u00fcr verschiedene V\u00f6gel und kann in jedem Garten, auf jeder Terrasse oder auf jedem Balkon verwendet werden.<br \/>Diese sch\u00f6ne runde Wasserschale hat erh\u00f6hte R\u00e4nder, damit V\u00f6gel beim Trinken, Waschen und Spielen sitzen k\u00f6nnen. Von dem Moment an, in dem Sie diese Trinkschale an einem ruhigen Ort im Garten in Sichtweite stellen, werden Sie garantiert das Vogelspektakel genie\u00dfen.<\/p>\n<p>Wenn das Wasser im Winter gefroren ist oder gefrieren kann, k\u00f6nnen Sie die Vogeltrinksch\u00fcssel als Futtergericht verwenden. Dieser Ort wird den V\u00f6geln bekannt und vertraut.<\/p>\n<ul>\n<li>Gr\u00f6\u00dfe 60x12cm<\/li>\n<li>Material: Beton grau<\/li>\n<li>Gewicht; 30 kg<\/li>\n<\/ul>\n","protected":false},"excerpt":{"rendered":"<p>Diese gro\u00dfe Vogeltrinksch\u00fcssel ist der perfekte Ort f\u00fcr verschiedene V\u00f6gel und kann in jedem Garten, auf jeder Terrasse oder auf jedem Balkon verwendet werden.Diese sch\u00f6ne runde Wasserschale hat erh\u00f6hte R\u00e4nder, damit V\u00f6gel beim Trinken, Waschen und Spielen sitzen k\u00f6nnen. Von dem Moment an, in dem Sie diese Trinkschale an einem ruhigen Ort im Garten in &hellip;<\/p>\n","protected":false},"featured_media":24394,"template":"","meta":{"_acf_changed":false},"product_brand":[],"product_cat":[7076,707],"product_tag":[],"class_list":{"0":"post-24403","1":"product","2":"type-product","3":"status-publish","4":"has-post-thumbnail","6":"product_cat-statues-figures","7":"product_cat-vogeltraenken","9":"first","10":"outofstock","11":"taxable","12":"shipping-taxable","13":"purchasable","14":"product-type-simple"},"acf":[],"yoast_head":"<!-- This site is optimized with the Yoast SEO plugin v23.8 - https:\/\/yoast.com\/wordpress\/plugins\/seo\/ -->\n<title>Vogeltrinksch\u00fcssel gro\u00df 60 cm - Eliassen<\/title>\n<meta name=\"description\" content=\"Auf der Suche nach einer Vogeltrinksch\u00fcssel? Jetzt bestellen Vogeltrinksch\u00fcssel gro\u00df 60cm. Auf unserer Website k\u00f6nnen Sie ganz einfach ein Vogelbad kaufen. \u2713...\" \/>\n<meta name=\"robots\" content=\"noindex, follow, max-snippet:-1, max-image-preview:large, max-video-preview:-1\" \/>\n<meta property=\"og:locale\" content=\"de_DE\" \/>\n<meta property=\"og:type\" content=\"article\" \/>\n<meta property=\"og:title\" content=\"Vogeltrinksch\u00fcssel gro\u00df 60 cm - Eliassen\" \/>\n<meta property=\"og:description\" content=\"Auf der Suche nach einer Vogeltrinksch\u00fcssel? Jetzt bestellen Vogeltrinksch\u00fcssel gro\u00df 60cm. Auf unserer Website k\u00f6nnen Sie ganz einfach ein Vogelbad kaufen. \u2713...\" \/>\n<meta property=\"og:url\" content=\"https:\/\/dev.eliassen.nl\/de\/vogeltrinkschussel-gross-60-cm\/\" \/>\n<meta property=\"og:site_name\" content=\"Eliassen.nl\" \/>\n<meta property=\"article:publisher\" content=\"https:\/\/www.facebook.com\/TuincentrumEliassenAmmerzoden\" \/>\n<meta property=\"article:modified_time\" content=\"2024-12-05T14:40:07+00:00\" \/>\n<meta property=\"og:image\" content=\"https:\/\/dev.eliassen.nl\/wp-content\/uploads\/2024\/01\/eliassenvogeldrinkschaalgroot60cm.jpg\" \/>\n\t<meta property=\"og:image:width\" content=\"1280\" \/>\n\t<meta property=\"og:image:height\" content=\"857\" \/>\n\t<meta property=\"og:image:type\" content=\"image\/jpeg\" \/>\n<meta name=\"twitter:card\" content=\"summary_large_image\" \/>\n<script type=\"application\/ld+json\" class=\"yoast-schema-graph\">{\"@context\":\"https:\/\/schema.org\",\"@graph\":[{\"@type\":\"WebPage\",\"@id\":\"https:\/\/dev.eliassen.nl\/de\/vogeltrinkschussel-gross-60-cm\/\",\"url\":\"https:\/\/dev.eliassen.nl\/de\/vogeltrinkschussel-gross-60-cm\/\",\"name\":\"Vogeltrinksch\u00fcssel gro\u00df 60 cm - Eliassen\",\"isPartOf\":{\"@id\":\"https:\/\/dev.eliassen.nl\/de\/#website\"},\"primaryImageOfPage\":{\"@id\":\"https:\/\/dev.eliassen.nl\/de\/vogeltrinkschussel-gross-60-cm\/#primaryimage\"},\"image\":{\"@id\":\"https:\/\/dev.eliassen.nl\/de\/vogeltrinkschussel-gross-60-cm\/#primaryimage\"},\"thumbnailUrl\":\"https:\/\/dev.eliassen.nl\/wp-content\/uploads\/2024\/01\/eliassenvogeldrinkschaalgroot60cm.jpg\",\"datePublished\":\"2020-07-14T16:43:18+00:00\",\"dateModified\":\"2024-12-05T14:40:07+00:00\",\"description\":\"Auf der Suche nach einer Vogeltrinksch\u00fcssel? Jetzt bestellen Vogeltrinksch\u00fcssel gro\u00df 60cm. Auf unserer Website k\u00f6nnen Sie ganz einfach ein Vogelbad kaufen. \u2713...\",\"breadcrumb\":{\"@id\":\"https:\/\/dev.eliassen.nl\/de\/vogeltrinkschussel-gross-60-cm\/#breadcrumb\"},\"inLanguage\":\"de\",\"potentialAction\":[{\"@type\":\"ReadAction\",\"target\":[\"https:\/\/dev.eliassen.nl\/de\/vogeltrinkschussel-gross-60-cm\/\"]}]},{\"@type\":\"ImageObject\",\"inLanguage\":\"de\",\"@id\":\"https:\/\/dev.eliassen.nl\/de\/vogeltrinkschussel-gross-60-cm\/#primaryimage\",\"url\":\"https:\/\/dev.eliassen.nl\/wp-content\/uploads\/2024\/01\/eliassenvogeldrinkschaalgroot60cm.jpg\",\"contentUrl\":\"https:\/\/dev.eliassen.nl\/wp-content\/uploads\/2024\/01\/eliassenvogeldrinkschaalgroot60cm.jpg\",\"width\":1280,\"height\":857,\"caption\":\"Eliassen Vogeldrinkschaal groot 60cm\"},{\"@type\":\"BreadcrumbList\",\"@id\":\"https:\/\/dev.eliassen.nl\/de\/vogeltrinkschussel-gross-60-cm\/#breadcrumb\",\"itemListElement\":[{\"@type\":\"ListItem\",\"position\":1,\"name\":\"Home\",\"item\":\"https:\/\/dev.eliassen.nl\/de\/\"},{\"@type\":\"ListItem\",\"position\":2,\"name\":\"Shop\",\"item\":\"https:\/\/dev.eliassen.nl\/nl\/winkel\/\"},{\"@type\":\"ListItem\",\"position\":3,\"name\":\"Statuen-Skulpturen\",\"item\":\"https:\/\/dev.eliassen.nl\/de\/statuen-skulpturen\/\"},{\"@type\":\"ListItem\",\"position\":4,\"name\":\"Vogeltrinksch\u00fcssel gro\u00df 60 cm\"}]},{\"@type\":\"WebSite\",\"@id\":\"https:\/\/dev.eliassen.nl\/de\/#website\",\"url\":\"https:\/\/dev.eliassen.nl\/de\/\",\"name\":\"Eliassen Home & Garden Pleasure\",\"description\":\"\",\"publisher\":{\"@id\":\"https:\/\/dev.eliassen.nl\/de\/#organization\"},\"alternateName\":\"Eliassen.nl\",\"potentialAction\":[{\"@type\":\"SearchAction\",\"target\":{\"@type\":\"EntryPoint\",\"urlTemplate\":\"https:\/\/dev.eliassen.nl\/de\/?s={search_term_string}\"},\"query-input\":{\"@type\":\"PropertyValueSpecification\",\"valueRequired\":true,\"valueName\":\"search_term_string\"}}],\"inLanguage\":\"de\"},{\"@type\":\"Organization\",\"@id\":\"https:\/\/dev.eliassen.nl\/de\/#organization\",\"name\":\"Eliassen Home & Garden Pleasure\",\"url\":\"https:\/\/dev.eliassen.nl\/de\/\",\"logo\":{\"@type\":\"ImageObject\",\"inLanguage\":\"de\",\"@id\":\"https:\/\/dev.eliassen.nl\/de\/#\/schema\/logo\/image\/\",\"url\":\"https:\/\/www.eliassen.nl\/wp-content\/uploads\/2024\/01\/logo_4nd.jpg\",\"contentUrl\":\"https:\/\/www.eliassen.nl\/wp-content\/uploads\/2024\/01\/logo_4nd.jpg\",\"width\":500,\"height\":500,\"caption\":\"Eliassen Home & Garden Pleasure\"},\"image\":{\"@id\":\"https:\/\/dev.eliassen.nl\/de\/#\/schema\/logo\/image\/\"},\"sameAs\":[\"https:\/\/www.facebook.com\/TuincentrumEliassenAmmerzoden\",\"https:\/\/www.instagram.com\/eliassenhomeandgarden\/\",\"https:\/\/nl.pinterest.com\/eliassenhomeandgarden\/\",\"https:\/\/www.youtube.com\/@eliassenhomegardenpleasure4558\"]}]}<\/script>\n<!-- \/ Yoast SEO plugin. -->","yoast_head_json":{"title":"Vogeltrinksch\u00fcssel gro\u00df 60 cm - Eliassen","description":"Auf der Suche nach einer Vogeltrinksch\u00fcssel? Jetzt bestellen Vogeltrinksch\u00fcssel gro\u00df 60cm. Auf unserer Website k\u00f6nnen Sie ganz einfach ein Vogelbad kaufen. \u2713...","robots":{"index":"noindex","follow":"follow","max-snippet":"max-snippet:-1","max-image-preview":"max-image-preview:large","max-video-preview":"max-video-preview:-1"},"og_locale":"de_DE","og_type":"article","og_title":"Vogeltrinksch\u00fcssel gro\u00df 60 cm - Eliassen","og_description":"Auf der Suche nach einer Vogeltrinksch\u00fcssel? Jetzt bestellen Vogeltrinksch\u00fcssel gro\u00df 60cm. Auf unserer Website k\u00f6nnen Sie ganz einfach ein Vogelbad kaufen. \u2713...","og_url":"https:\/\/dev.eliassen.nl\/de\/vogeltrinkschussel-gross-60-cm\/","og_site_name":"Eliassen.nl","article_publisher":"https:\/\/www.facebook.com\/TuincentrumEliassenAmmerzoden","article_modified_time":"2024-12-05T14:40:07+00:00","og_image":[{"width":1280,"height":857,"url":"https:\/\/dev.eliassen.nl\/wp-content\/uploads\/2024\/01\/eliassenvogeldrinkschaalgroot60cm.jpg","type":"image\/jpeg"}],"twitter_card":"summary_large_image","schema":{"@context":"https:\/\/schema.org","@graph":[{"@type":"WebPage","@id":"https:\/\/dev.eliassen.nl\/de\/vogeltrinkschussel-gross-60-cm\/","url":"https:\/\/dev.eliassen.nl\/de\/vogeltrinkschussel-gross-60-cm\/","name":"Vogeltrinksch\u00fcssel gro\u00df 60 cm - Eliassen","isPartOf":{"@id":"https:\/\/dev.eliassen.nl\/de\/#website"},"primaryImageOfPage":{"@id":"https:\/\/dev.eliassen.nl\/de\/vogeltrinkschussel-gross-60-cm\/#primaryimage"},"image":{"@id":"https:\/\/dev.eliassen.nl\/de\/vogeltrinkschussel-gross-60-cm\/#primaryimage"},"thumbnailUrl":"https:\/\/dev.eliassen.nl\/wp-content\/uploads\/2024\/01\/eliassenvogeldrinkschaalgroot60cm.jpg","datePublished":"2020-07-14T16:43:18+00:00","dateModified":"2024-12-05T14:40:07+00:00","description":"Auf der Suche nach einer Vogeltrinksch\u00fcssel? Jetzt bestellen Vogeltrinksch\u00fcssel gro\u00df 60cm. Auf unserer Website k\u00f6nnen Sie ganz einfach ein Vogelbad kaufen. \u2713...","breadcrumb":{"@id":"https:\/\/dev.eliassen.nl\/de\/vogeltrinkschussel-gross-60-cm\/#breadcrumb"},"inLanguage":"de","potentialAction":[{"@type":"ReadAction","target":["https:\/\/dev.eliassen.nl\/de\/vogeltrinkschussel-gross-60-cm\/"]}]},{"@type":"ImageObject","inLanguage":"de","@id":"https:\/\/dev.eliassen.nl\/de\/vogeltrinkschussel-gross-60-cm\/#primaryimage","url":"https:\/\/dev.eliassen.nl\/wp-content\/uploads\/2024\/01\/eliassenvogeldrinkschaalgroot60cm.jpg","contentUrl":"https:\/\/dev.eliassen.nl\/wp-content\/uploads\/2024\/01\/eliassenvogeldrinkschaalgroot60cm.jpg","width":1280,"height":857,"caption":"Eliassen Vogeldrinkschaal groot 60cm"},{"@type":"BreadcrumbList","@id":"https:\/\/dev.eliassen.nl\/de\/vogeltrinkschussel-gross-60-cm\/#breadcrumb","itemListElement":[{"@type":"ListItem","position":1,"name":"Home","item":"https:\/\/dev.eliassen.nl\/de\/"},{"@type":"ListItem","position":2,"name":"Shop","item":"https:\/\/dev.eliassen.nl\/nl\/winkel\/"},{"@type":"ListItem","position":3,"name":"Statuen-Skulpturen","item":"https:\/\/dev.eliassen.nl\/de\/statuen-skulpturen\/"},{"@type":"ListItem","position":4,"name":"Vogeltrinksch\u00fcssel gro\u00df 60 cm"}]},{"@type":"WebSite","@id":"https:\/\/dev.eliassen.nl\/de\/#website","url":"https:\/\/dev.eliassen.nl\/de\/","name":"Eliassen Home & Garden Pleasure","description":"","publisher":{"@id":"https:\/\/dev.eliassen.nl\/de\/#organization"},"alternateName":"Eliassen.nl","potentialAction":[{"@type":"SearchAction","target":{"@type":"EntryPoint","urlTemplate":"https:\/\/dev.eliassen.nl\/de\/?s={search_term_string}"},"query-input":{"@type":"PropertyValueSpecification","valueRequired":true,"valueName":"search_term_string"}}],"inLanguage":"de"},{"@type":"Organization","@id":"https:\/\/dev.eliassen.nl\/de\/#organization","name":"Eliassen Home & Garden Pleasure","url":"https:\/\/dev.eliassen.nl\/de\/","logo":{"@type":"ImageObject","inLanguage":"de","@id":"https:\/\/dev.eliassen.nl\/de\/#\/schema\/logo\/image\/","url":"https:\/\/www.eliassen.nl\/wp-content\/uploads\/2024\/01\/logo_4nd.jpg","contentUrl":"https:\/\/www.eliassen.nl\/wp-content\/uploads\/2024\/01\/logo_4nd.jpg","width":500,"height":500,"caption":"Eliassen Home & Garden Pleasure"},"image":{"@id":"https:\/\/dev.eliassen.nl\/de\/#\/schema\/logo\/image\/"},"sameAs":["https:\/\/www.facebook.com\/TuincentrumEliassenAmmerzoden","https:\/\/www.instagram.com\/eliassenhomeandgarden\/","https:\/\/nl.pinterest.com\/eliassenhomeandgarden\/","https:\/\/www.youtube.com\/@eliassenhomegardenpleasure4558"]}]}},"df_price":95,"df_sale_price":"","df_regular_price":95,"df_image_link":"https:\/\/dev.eliassen.nl\/wp-content\/uploads\/2024\/01\/eliassenvogeldrinkschaalgroot60cm.jpg","image":"https:\/\/dev.eliassen.nl\/wp-content\/uploads\/2024\/01\/eliassenvogeldrinkschaalgroot60cm.jpg","price_search":"<span class=\"woocommerce-Price-amount amount\"><bdi><span class=\"woocommerce-Price-currencySymbol\">&euro;<\/span>&nbsp;95,00<\/bdi><\/span>","category":"Statues-figures","_links":{"self":[{"href":"https:\/\/dev.eliassen.nl\/de\/wp-json\/wp\/v2\/product\/24403","targetHints":{"allow":["GET"]}}],"collection":[{"href":"https:\/\/dev.eliassen.nl\/de\/wp-json\/wp\/v2\/product"}],"about":[{"href":"https:\/\/dev.eliassen.nl\/de\/wp-json\/wp\/v2\/types\/product"}],"wp:featuredmedia":[{"embeddable":true,"href":"https:\/\/dev.eliassen.nl\/de\/wp-json\/wp\/v2\/media\/24394"}],"wp:attachment":[{"href":"https:\/\/dev.eliassen.nl\/de\/wp-json\/wp\/v2\/media?parent=24403"}],"wp:term":[{"taxonomy":"product_brand","embeddable":true,"href":"https:\/\/dev.eliassen.nl\/de\/wp-json\/wp\/v2\/product_brand?post=24403"},{"taxonomy":"product_cat","embeddable":true,"href":"https:\/\/dev.eliassen.nl\/de\/wp-json\/wp\/v2\/product_cat?post=24403"},{"taxonomy":"product_tag","embeddable":true,"href":"https:\/\/dev.eliassen.nl\/de\/wp-json\/wp\/v2\/product_tag?post=24403"}],"curies":[{"name":"wp","href":"https:\/\/api.w.org\/{rel}","templated":true}]}}