{"id":24511,"date":"2020-07-17T10:30:41","date_gmt":"2020-07-17T08:30:41","guid":{"rendered":"https:\/\/www.eliassen.nl\/?product=metalen-tuinsteker-fee-1"},"modified":"2024-12-05T15:40:31","modified_gmt":"2024-12-05T14:40:31","slug":"gartensteckerfee-1-aus-metall-mit-led-lampe","status":"publish","type":"product","link":"https:\/\/dev.eliassen.nl\/de\/gartensteckerfee-1-aus-metall-mit-led-lampe\/","title":{"rendered":"Gartensteckerfee 1 aus Metall mit LED-Lampe"},"content":{"rendered":"<p>Dieser rostfarbene Gartenstecker wird ein fr\u00f6hlicher Hingucker in jedem Garten sein.<br \/>Es macht auch Spa\u00df, diesen fr\u00f6hlichen Gartenstecker zu verschenken oder zu erhalten.<br \/>Ausgestattet mit einem stabilen Stift, damit das Ganze in jeder Art von Boden stabil ist.<br \/>Lieferung als Bausatz.<\/p>\n<p>Die Kunststoff-Gl\u00fchbirne enth\u00e4lt ein Solarpanel, das daf\u00fcr sorgt, dass die Gl\u00fchbirne im Dunkeln in der gew\u00fcnschten Lichtfarbe leuchtet. Auswahl aus 7 Lichtfarben.<br \/>Dieses Modell ist auch in unserem Showroom zu sehen.<\/p>\n<ul>\n<li>Gr\u00f6\u00dfe: 22 cm x 9 cm x 82 cm.<\/li>\n<li>Farbe schwarz.<\/li>\n<li>Material: Metall.<\/li>\n<li>Schnell geliefert.<\/li>\n<li>Eigener Bestand.<\/li>\n<li>Hinweis: das ist kein spielzeug!<\/li>\n<\/ul>\n","protected":false},"excerpt":{"rendered":"<p>Dieser rostfarbene Gartenstecker wird ein fr\u00f6hlicher Hingucker in jedem Garten sein.Es macht auch Spa\u00df, diesen fr\u00f6hlichen Gartenstecker zu verschenken oder zu erhalten.Ausgestattet mit einem stabilen Stift, damit das Ganze in jeder Art von Boden stabil ist.Lieferung als Bausatz. Die Kunststoff-Gl\u00fchbirne enth\u00e4lt ein Solarpanel, das daf\u00fcr sorgt, dass die Gl\u00fchbirne im Dunkeln in der gew\u00fcnschten Lichtfarbe &hellip;<\/p>\n","protected":false},"featured_media":24505,"template":"","meta":{"_acf_changed":false},"product_brand":[],"product_cat":[851,836],"product_tag":[],"class_list":{"0":"post-24511","1":"product","2":"type-product","3":"status-publish","4":"has-post-thumbnail","6":"product_cat-gartenpfaehle-aus-still","7":"product_cat-gartenstecker","9":"first","10":"instock","11":"taxable","12":"shipping-taxable","13":"purchasable","14":"product-type-simple"},"acf":[],"yoast_head":"<!-- This site is optimized with the Yoast SEO plugin v23.8 - https:\/\/yoast.com\/wordpress\/plugins\/seo\/ -->\n<title>Gartenstecker Fee 1 aus Metall - Eliassen<\/title>\n<meta name=\"description\" content=\"Auf der Suche nach einem Gartenpflock? Jetzt bestellen Gartenstecker Fee 1 aus Metall mit LED-Lampe. Auf unserer Website k\u00f6nnen Sie ganz einfach eine Metallf...\" \/>\n<meta name=\"robots\" content=\"noindex, follow, max-snippet:-1, max-image-preview:large, max-video-preview:-1\" \/>\n<meta property=\"og:locale\" content=\"de_DE\" \/>\n<meta property=\"og:type\" content=\"article\" \/>\n<meta property=\"og:title\" content=\"Gartenstecker Fee 1 aus Metall - Eliassen\" \/>\n<meta property=\"og:description\" content=\"Auf der Suche nach einem Gartenpflock? Jetzt bestellen Gartenstecker Fee 1 aus Metall mit LED-Lampe. Auf unserer Website k\u00f6nnen Sie ganz einfach eine Metallf...\" \/>\n<meta property=\"og:url\" content=\"https:\/\/dev.eliassen.nl\/de\/gartensteckerfee-1-aus-metall-mit-led-lampe\/\" \/>\n<meta property=\"og:site_name\" content=\"Eliassen.nl\" \/>\n<meta property=\"article:publisher\" content=\"https:\/\/www.facebook.com\/TuincentrumEliassenAmmerzoden\" \/>\n<meta property=\"article:modified_time\" content=\"2024-12-05T14:40:31+00:00\" \/>\n<meta property=\"og:image\" content=\"https:\/\/dev.eliassen.nl\/wp-content\/uploads\/2024\/01\/435x840.jpg\" \/>\n\t<meta property=\"og:image:width\" content=\"435\" \/>\n\t<meta property=\"og:image:height\" content=\"840\" \/>\n\t<meta property=\"og:image:type\" content=\"image\/jpeg\" \/>\n<meta name=\"twitter:card\" content=\"summary_large_image\" \/>\n<script type=\"application\/ld+json\" class=\"yoast-schema-graph\">{\"@context\":\"https:\/\/schema.org\",\"@graph\":[{\"@type\":\"WebPage\",\"@id\":\"https:\/\/dev.eliassen.nl\/de\/gartensteckerfee-1-aus-metall-mit-led-lampe\/\",\"url\":\"https:\/\/dev.eliassen.nl\/de\/gartensteckerfee-1-aus-metall-mit-led-lampe\/\",\"name\":\"Gartenstecker Fee 1 aus Metall - Eliassen\",\"isPartOf\":{\"@id\":\"https:\/\/dev.eliassen.nl\/de\/#website\"},\"primaryImageOfPage\":{\"@id\":\"https:\/\/dev.eliassen.nl\/de\/gartensteckerfee-1-aus-metall-mit-led-lampe\/#primaryimage\"},\"image\":{\"@id\":\"https:\/\/dev.eliassen.nl\/de\/gartensteckerfee-1-aus-metall-mit-led-lampe\/#primaryimage\"},\"thumbnailUrl\":\"https:\/\/dev.eliassen.nl\/wp-content\/uploads\/2024\/01\/435x840.jpg\",\"datePublished\":\"2020-07-17T08:30:41+00:00\",\"dateModified\":\"2024-12-05T14:40:31+00:00\",\"description\":\"Auf der Suche nach einem Gartenpflock? Jetzt bestellen Gartenstecker Fee 1 aus Metall mit LED-Lampe. Auf unserer Website k\u00f6nnen Sie ganz einfach eine Metallf...\",\"breadcrumb\":{\"@id\":\"https:\/\/dev.eliassen.nl\/de\/gartensteckerfee-1-aus-metall-mit-led-lampe\/#breadcrumb\"},\"inLanguage\":\"de\",\"potentialAction\":[{\"@type\":\"ReadAction\",\"target\":[\"https:\/\/dev.eliassen.nl\/de\/gartensteckerfee-1-aus-metall-mit-led-lampe\/\"]}]},{\"@type\":\"ImageObject\",\"inLanguage\":\"de\",\"@id\":\"https:\/\/dev.eliassen.nl\/de\/gartensteckerfee-1-aus-metall-mit-led-lampe\/#primaryimage\",\"url\":\"https:\/\/dev.eliassen.nl\/wp-content\/uploads\/2024\/01\/435x840.jpg\",\"contentUrl\":\"https:\/\/dev.eliassen.nl\/wp-content\/uploads\/2024\/01\/435x840.jpg\",\"width\":435,\"height\":840,\"caption\":\"435x840\"},{\"@type\":\"BreadcrumbList\",\"@id\":\"https:\/\/dev.eliassen.nl\/de\/gartensteckerfee-1-aus-metall-mit-led-lampe\/#breadcrumb\",\"itemListElement\":[{\"@type\":\"ListItem\",\"position\":1,\"name\":\"Home\",\"item\":\"https:\/\/dev.eliassen.nl\/de\/\"},{\"@type\":\"ListItem\",\"position\":2,\"name\":\"Shop\",\"item\":\"https:\/\/dev.eliassen.nl\/nl\/winkel\/\"},{\"@type\":\"ListItem\",\"position\":3,\"name\":\"Gartenstecker\",\"item\":\"https:\/\/dev.eliassen.nl\/de\/gartenstecker\/\"},{\"@type\":\"ListItem\",\"position\":4,\"name\":\"Gartenpf\u00e4hle aus still\",\"item\":\"https:\/\/dev.eliassen.nl\/de\/gartenstecker\/gartenpfaehle-aus-still\/\"},{\"@type\":\"ListItem\",\"position\":5,\"name\":\"Gartensteckerfee 1 aus Metall mit LED-Lampe\"}]},{\"@type\":\"WebSite\",\"@id\":\"https:\/\/dev.eliassen.nl\/de\/#website\",\"url\":\"https:\/\/dev.eliassen.nl\/de\/\",\"name\":\"Eliassen Home & Garden Pleasure\",\"description\":\"\",\"publisher\":{\"@id\":\"https:\/\/dev.eliassen.nl\/de\/#organization\"},\"alternateName\":\"Eliassen.nl\",\"potentialAction\":[{\"@type\":\"SearchAction\",\"target\":{\"@type\":\"EntryPoint\",\"urlTemplate\":\"https:\/\/dev.eliassen.nl\/de\/?s={search_term_string}\"},\"query-input\":{\"@type\":\"PropertyValueSpecification\",\"valueRequired\":true,\"valueName\":\"search_term_string\"}}],\"inLanguage\":\"de\"},{\"@type\":\"Organization\",\"@id\":\"https:\/\/dev.eliassen.nl\/de\/#organization\",\"name\":\"Eliassen Home & Garden Pleasure\",\"url\":\"https:\/\/dev.eliassen.nl\/de\/\",\"logo\":{\"@type\":\"ImageObject\",\"inLanguage\":\"de\",\"@id\":\"https:\/\/dev.eliassen.nl\/de\/#\/schema\/logo\/image\/\",\"url\":\"https:\/\/www.eliassen.nl\/wp-content\/uploads\/2024\/01\/logo_4nd.jpg\",\"contentUrl\":\"https:\/\/www.eliassen.nl\/wp-content\/uploads\/2024\/01\/logo_4nd.jpg\",\"width\":500,\"height\":500,\"caption\":\"Eliassen Home & Garden Pleasure\"},\"image\":{\"@id\":\"https:\/\/dev.eliassen.nl\/de\/#\/schema\/logo\/image\/\"},\"sameAs\":[\"https:\/\/www.facebook.com\/TuincentrumEliassenAmmerzoden\",\"https:\/\/www.instagram.com\/eliassenhomeandgarden\/\",\"https:\/\/nl.pinterest.com\/eliassenhomeandgarden\/\",\"https:\/\/www.youtube.com\/@eliassenhomegardenpleasure4558\"]}]}<\/script>\n<!-- \/ Yoast SEO plugin. -->","yoast_head_json":{"title":"Gartenstecker Fee 1 aus Metall - Eliassen","description":"Auf der Suche nach einem Gartenpflock? Jetzt bestellen Gartenstecker Fee 1 aus Metall mit LED-Lampe. Auf unserer Website k\u00f6nnen Sie ganz einfach eine Metallf...","robots":{"index":"noindex","follow":"follow","max-snippet":"max-snippet:-1","max-image-preview":"max-image-preview:large","max-video-preview":"max-video-preview:-1"},"og_locale":"de_DE","og_type":"article","og_title":"Gartenstecker Fee 1 aus Metall - Eliassen","og_description":"Auf der Suche nach einem Gartenpflock? Jetzt bestellen Gartenstecker Fee 1 aus Metall mit LED-Lampe. Auf unserer Website k\u00f6nnen Sie ganz einfach eine Metallf...","og_url":"https:\/\/dev.eliassen.nl\/de\/gartensteckerfee-1-aus-metall-mit-led-lampe\/","og_site_name":"Eliassen.nl","article_publisher":"https:\/\/www.facebook.com\/TuincentrumEliassenAmmerzoden","article_modified_time":"2024-12-05T14:40:31+00:00","og_image":[{"width":435,"height":840,"url":"https:\/\/dev.eliassen.nl\/wp-content\/uploads\/2024\/01\/435x840.jpg","type":"image\/jpeg"}],"twitter_card":"summary_large_image","schema":{"@context":"https:\/\/schema.org","@graph":[{"@type":"WebPage","@id":"https:\/\/dev.eliassen.nl\/de\/gartensteckerfee-1-aus-metall-mit-led-lampe\/","url":"https:\/\/dev.eliassen.nl\/de\/gartensteckerfee-1-aus-metall-mit-led-lampe\/","name":"Gartenstecker Fee 1 aus Metall - Eliassen","isPartOf":{"@id":"https:\/\/dev.eliassen.nl\/de\/#website"},"primaryImageOfPage":{"@id":"https:\/\/dev.eliassen.nl\/de\/gartensteckerfee-1-aus-metall-mit-led-lampe\/#primaryimage"},"image":{"@id":"https:\/\/dev.eliassen.nl\/de\/gartensteckerfee-1-aus-metall-mit-led-lampe\/#primaryimage"},"thumbnailUrl":"https:\/\/dev.eliassen.nl\/wp-content\/uploads\/2024\/01\/435x840.jpg","datePublished":"2020-07-17T08:30:41+00:00","dateModified":"2024-12-05T14:40:31+00:00","description":"Auf der Suche nach einem Gartenpflock? Jetzt bestellen Gartenstecker Fee 1 aus Metall mit LED-Lampe. Auf unserer Website k\u00f6nnen Sie ganz einfach eine Metallf...","breadcrumb":{"@id":"https:\/\/dev.eliassen.nl\/de\/gartensteckerfee-1-aus-metall-mit-led-lampe\/#breadcrumb"},"inLanguage":"de","potentialAction":[{"@type":"ReadAction","target":["https:\/\/dev.eliassen.nl\/de\/gartensteckerfee-1-aus-metall-mit-led-lampe\/"]}]},{"@type":"ImageObject","inLanguage":"de","@id":"https:\/\/dev.eliassen.nl\/de\/gartensteckerfee-1-aus-metall-mit-led-lampe\/#primaryimage","url":"https:\/\/dev.eliassen.nl\/wp-content\/uploads\/2024\/01\/435x840.jpg","contentUrl":"https:\/\/dev.eliassen.nl\/wp-content\/uploads\/2024\/01\/435x840.jpg","width":435,"height":840,"caption":"435x840"},{"@type":"BreadcrumbList","@id":"https:\/\/dev.eliassen.nl\/de\/gartensteckerfee-1-aus-metall-mit-led-lampe\/#breadcrumb","itemListElement":[{"@type":"ListItem","position":1,"name":"Home","item":"https:\/\/dev.eliassen.nl\/de\/"},{"@type":"ListItem","position":2,"name":"Shop","item":"https:\/\/dev.eliassen.nl\/nl\/winkel\/"},{"@type":"ListItem","position":3,"name":"Gartenstecker","item":"https:\/\/dev.eliassen.nl\/de\/gartenstecker\/"},{"@type":"ListItem","position":4,"name":"Gartenpf\u00e4hle aus still","item":"https:\/\/dev.eliassen.nl\/de\/gartenstecker\/gartenpfaehle-aus-still\/"},{"@type":"ListItem","position":5,"name":"Gartensteckerfee 1 aus Metall mit LED-Lampe"}]},{"@type":"WebSite","@id":"https:\/\/dev.eliassen.nl\/de\/#website","url":"https:\/\/dev.eliassen.nl\/de\/","name":"Eliassen Home & Garden Pleasure","description":"","publisher":{"@id":"https:\/\/dev.eliassen.nl\/de\/#organization"},"alternateName":"Eliassen.nl","potentialAction":[{"@type":"SearchAction","target":{"@type":"EntryPoint","urlTemplate":"https:\/\/dev.eliassen.nl\/de\/?s={search_term_string}"},"query-input":{"@type":"PropertyValueSpecification","valueRequired":true,"valueName":"search_term_string"}}],"inLanguage":"de"},{"@type":"Organization","@id":"https:\/\/dev.eliassen.nl\/de\/#organization","name":"Eliassen Home & Garden Pleasure","url":"https:\/\/dev.eliassen.nl\/de\/","logo":{"@type":"ImageObject","inLanguage":"de","@id":"https:\/\/dev.eliassen.nl\/de\/#\/schema\/logo\/image\/","url":"https:\/\/www.eliassen.nl\/wp-content\/uploads\/2024\/01\/logo_4nd.jpg","contentUrl":"https:\/\/www.eliassen.nl\/wp-content\/uploads\/2024\/01\/logo_4nd.jpg","width":500,"height":500,"caption":"Eliassen Home & Garden Pleasure"},"image":{"@id":"https:\/\/dev.eliassen.nl\/de\/#\/schema\/logo\/image\/"},"sameAs":["https:\/\/www.facebook.com\/TuincentrumEliassenAmmerzoden","https:\/\/www.instagram.com\/eliassenhomeandgarden\/","https:\/\/nl.pinterest.com\/eliassenhomeandgarden\/","https:\/\/www.youtube.com\/@eliassenhomegardenpleasure4558"]}]}},"df_price":27.5,"df_sale_price":"","df_regular_price":27.5,"df_image_link":"https:\/\/dev.eliassen.nl\/wp-content\/uploads\/2024\/01\/435x840.jpg","image":"https:\/\/dev.eliassen.nl\/wp-content\/uploads\/2024\/01\/435x840.jpg","price_search":"<span class=\"woocommerce-Price-amount amount\"><bdi><span class=\"woocommerce-Price-currencySymbol\">&euro;<\/span>&nbsp;27,50<\/bdi><\/span>","category":"Gartenpf\u00e4hle aus still","_links":{"self":[{"href":"https:\/\/dev.eliassen.nl\/de\/wp-json\/wp\/v2\/product\/24511","targetHints":{"allow":["GET"]}}],"collection":[{"href":"https:\/\/dev.eliassen.nl\/de\/wp-json\/wp\/v2\/product"}],"about":[{"href":"https:\/\/dev.eliassen.nl\/de\/wp-json\/wp\/v2\/types\/product"}],"wp:featuredmedia":[{"embeddable":true,"href":"https:\/\/dev.eliassen.nl\/de\/wp-json\/wp\/v2\/media\/24505"}],"wp:attachment":[{"href":"https:\/\/dev.eliassen.nl\/de\/wp-json\/wp\/v2\/media?parent=24511"}],"wp:term":[{"taxonomy":"product_brand","embeddable":true,"href":"https:\/\/dev.eliassen.nl\/de\/wp-json\/wp\/v2\/product_brand?post=24511"},{"taxonomy":"product_cat","embeddable":true,"href":"https:\/\/dev.eliassen.nl\/de\/wp-json\/wp\/v2\/product_cat?post=24511"},{"taxonomy":"product_tag","embeddable":true,"href":"https:\/\/dev.eliassen.nl\/de\/wp-json\/wp\/v2\/product_tag?post=24511"}],"curies":[{"name":"wp","href":"https:\/\/api.w.org\/{rel}","templated":true}]}}