{"id":24589,"date":"2020-08-11T12:24:12","date_gmt":"2020-08-11T10:24:12","guid":{"rendered":"https:\/\/www.eliassen.nl\/?product=vogelbad-op-voet-gietijzer-2-vogeltjes"},"modified":"2024-12-05T15:40:40","modified_gmt":"2024-12-05T14:40:40","slug":"vogelbad-auf-gusseisenfuss-2-vogel","status":"publish","type":"product","link":"https:\/\/dev.eliassen.nl\/de\/vogelbad-auf-gusseisenfuss-2-vogel\/","title":{"rendered":"Vogelbad auf Gusseisenfu\u00df 2 V\u00f6gel"},"content":{"rendered":"<p>Bieten Sie den V\u00f6geln mit diesem klassischen und dekorativen Vogelbad eine sichere und erh\u00f6hte Wasserstelle. Dank der Basis kann es \u00fcberall platziert werden. Zwei V\u00f6gel haben sich bereits am Rand niedergelassen, es liegt an anderen V\u00f6geln, diesem Beispiel so schnell wie m\u00f6glich zu folgen. Dar\u00fcber hinaus eignet sich dieses Vogelbad auch ideal als F\u00fctterungsgericht.<\/p>\n<p>\u2022 Geeignet als Vogelbad oder F\u00fctterungsschale<\/p>\n<p>\u2022 Leicht zusammenzubauen<\/p>\n<p>Gr\u00f6\u00dfe: 14x23x13 cm hoch.<\/p>\n","protected":false},"excerpt":{"rendered":"<p>Bieten Sie den V\u00f6geln mit diesem klassischen und dekorativen Vogelbad eine sichere und erh\u00f6hte Wasserstelle. Dank der Basis kann es \u00fcberall platziert werden. Zwei V\u00f6gel haben sich bereits am Rand niedergelassen, es liegt an anderen V\u00f6geln, diesem Beispiel so schnell wie m\u00f6glich zu folgen. Dar\u00fcber hinaus eignet sich dieses Vogelbad auch ideal als F\u00fctterungsgericht. \u2022 &hellip;<\/p>\n","protected":false},"featured_media":24586,"template":"","meta":{"_acf_changed":false},"product_brand":[],"product_cat":[707],"product_tag":[],"class_list":{"0":"post-24589","1":"product","2":"type-product","3":"status-publish","4":"has-post-thumbnail","6":"product_cat-vogeltraenken","8":"first","9":"instock","10":"taxable","11":"shipping-taxable","12":"purchasable","13":"product-type-simple"},"acf":[],"yoast_head":"<!-- This site is optimized with the Yoast SEO plugin v23.8 - https:\/\/yoast.com\/wordpress\/plugins\/seo\/ -->\n<title>Vogelbad zu Fu\u00df Gusseisen 2 V\u00f6gel - Eliassen<\/title>\n<meta name=\"description\" content=\"Auf der Suche nach einem Vogelbad? Bestellen Sie jetzt Birdbath zu Fu\u00df Gusseisen 2 V\u00f6gel. Auf unserer Website k\u00f6nnen Sie ganz einfach eine Vogeltrinksch\u00fcssel...\" \/>\n<meta name=\"robots\" content=\"noindex, follow, max-snippet:-1, max-image-preview:large, max-video-preview:-1\" \/>\n<meta property=\"og:locale\" content=\"de_DE\" \/>\n<meta property=\"og:type\" content=\"article\" \/>\n<meta property=\"og:title\" content=\"Vogelbad zu Fu\u00df Gusseisen 2 V\u00f6gel - Eliassen\" \/>\n<meta property=\"og:description\" content=\"Auf der Suche nach einem Vogelbad? Bestellen Sie jetzt Birdbath zu Fu\u00df Gusseisen 2 V\u00f6gel. Auf unserer Website k\u00f6nnen Sie ganz einfach eine Vogeltrinksch\u00fcssel...\" \/>\n<meta property=\"og:url\" content=\"https:\/\/dev.eliassen.nl\/de\/vogelbad-auf-gusseisenfuss-2-vogel\/\" \/>\n<meta property=\"og:site_name\" content=\"Eliassen.nl\" \/>\n<meta property=\"article:publisher\" content=\"https:\/\/www.facebook.com\/TuincentrumEliassenAmmerzoden\" \/>\n<meta property=\"article:modified_time\" content=\"2024-12-05T14:40:40+00:00\" \/>\n<meta property=\"og:image\" content=\"https:\/\/dev.eliassen.nl\/wp-content\/uploads\/2024\/01\/eliassenvogelbadopvoetgietijzer2vogeltjes.jpg\" \/>\n\t<meta property=\"og:image:width\" content=\"270\" \/>\n\t<meta property=\"og:image:height\" content=\"270\" \/>\n\t<meta property=\"og:image:type\" content=\"image\/jpeg\" \/>\n<meta name=\"twitter:card\" content=\"summary_large_image\" \/>\n<script type=\"application\/ld+json\" class=\"yoast-schema-graph\">{\"@context\":\"https:\/\/schema.org\",\"@graph\":[{\"@type\":\"WebPage\",\"@id\":\"https:\/\/dev.eliassen.nl\/de\/vogelbad-auf-gusseisenfuss-2-vogel\/\",\"url\":\"https:\/\/dev.eliassen.nl\/de\/vogelbad-auf-gusseisenfuss-2-vogel\/\",\"name\":\"Vogelbad zu Fu\u00df Gusseisen 2 V\u00f6gel - Eliassen\",\"isPartOf\":{\"@id\":\"https:\/\/dev.eliassen.nl\/de\/#website\"},\"primaryImageOfPage\":{\"@id\":\"https:\/\/dev.eliassen.nl\/de\/vogelbad-auf-gusseisenfuss-2-vogel\/#primaryimage\"},\"image\":{\"@id\":\"https:\/\/dev.eliassen.nl\/de\/vogelbad-auf-gusseisenfuss-2-vogel\/#primaryimage\"},\"thumbnailUrl\":\"https:\/\/dev.eliassen.nl\/wp-content\/uploads\/2024\/01\/eliassenvogelbadopvoetgietijzer2vogeltjes.jpg\",\"datePublished\":\"2020-08-11T10:24:12+00:00\",\"dateModified\":\"2024-12-05T14:40:40+00:00\",\"description\":\"Auf der Suche nach einem Vogelbad? Bestellen Sie jetzt Birdbath zu Fu\u00df Gusseisen 2 V\u00f6gel. Auf unserer Website k\u00f6nnen Sie ganz einfach eine Vogeltrinksch\u00fcssel...\",\"breadcrumb\":{\"@id\":\"https:\/\/dev.eliassen.nl\/de\/vogelbad-auf-gusseisenfuss-2-vogel\/#breadcrumb\"},\"inLanguage\":\"de\",\"potentialAction\":[{\"@type\":\"ReadAction\",\"target\":[\"https:\/\/dev.eliassen.nl\/de\/vogelbad-auf-gusseisenfuss-2-vogel\/\"]}]},{\"@type\":\"ImageObject\",\"inLanguage\":\"de\",\"@id\":\"https:\/\/dev.eliassen.nl\/de\/vogelbad-auf-gusseisenfuss-2-vogel\/#primaryimage\",\"url\":\"https:\/\/dev.eliassen.nl\/wp-content\/uploads\/2024\/01\/eliassenvogelbadopvoetgietijzer2vogeltjes.jpg\",\"contentUrl\":\"https:\/\/dev.eliassen.nl\/wp-content\/uploads\/2024\/01\/eliassenvogelbadopvoetgietijzer2vogeltjes.jpg\",\"width\":270,\"height\":270,\"caption\":\"Eliassen Vogelbad op voet gietijzer 2 vogeltjes\"},{\"@type\":\"BreadcrumbList\",\"@id\":\"https:\/\/dev.eliassen.nl\/de\/vogelbad-auf-gusseisenfuss-2-vogel\/#breadcrumb\",\"itemListElement\":[{\"@type\":\"ListItem\",\"position\":1,\"name\":\"Home\",\"item\":\"https:\/\/dev.eliassen.nl\/de\/\"},{\"@type\":\"ListItem\",\"position\":2,\"name\":\"Shop\",\"item\":\"https:\/\/dev.eliassen.nl\/nl\/winkel\/\"},{\"@type\":\"ListItem\",\"position\":3,\"name\":\"Vogeltr\u00e4nken\",\"item\":\"https:\/\/dev.eliassen.nl\/de\/vogeltraenken\/\"},{\"@type\":\"ListItem\",\"position\":4,\"name\":\"Vogelbad auf Gusseisenfu\u00df 2 V\u00f6gel\"}]},{\"@type\":\"WebSite\",\"@id\":\"https:\/\/dev.eliassen.nl\/de\/#website\",\"url\":\"https:\/\/dev.eliassen.nl\/de\/\",\"name\":\"Eliassen Home & Garden Pleasure\",\"description\":\"\",\"publisher\":{\"@id\":\"https:\/\/dev.eliassen.nl\/de\/#organization\"},\"alternateName\":\"Eliassen.nl\",\"potentialAction\":[{\"@type\":\"SearchAction\",\"target\":{\"@type\":\"EntryPoint\",\"urlTemplate\":\"https:\/\/dev.eliassen.nl\/de\/?s={search_term_string}\"},\"query-input\":{\"@type\":\"PropertyValueSpecification\",\"valueRequired\":true,\"valueName\":\"search_term_string\"}}],\"inLanguage\":\"de\"},{\"@type\":\"Organization\",\"@id\":\"https:\/\/dev.eliassen.nl\/de\/#organization\",\"name\":\"Eliassen Home & Garden Pleasure\",\"url\":\"https:\/\/dev.eliassen.nl\/de\/\",\"logo\":{\"@type\":\"ImageObject\",\"inLanguage\":\"de\",\"@id\":\"https:\/\/dev.eliassen.nl\/de\/#\/schema\/logo\/image\/\",\"url\":\"https:\/\/www.eliassen.nl\/wp-content\/uploads\/2024\/01\/logo_4nd.jpg\",\"contentUrl\":\"https:\/\/www.eliassen.nl\/wp-content\/uploads\/2024\/01\/logo_4nd.jpg\",\"width\":500,\"height\":500,\"caption\":\"Eliassen Home & Garden Pleasure\"},\"image\":{\"@id\":\"https:\/\/dev.eliassen.nl\/de\/#\/schema\/logo\/image\/\"},\"sameAs\":[\"https:\/\/www.facebook.com\/TuincentrumEliassenAmmerzoden\",\"https:\/\/www.instagram.com\/eliassenhomeandgarden\/\",\"https:\/\/nl.pinterest.com\/eliassenhomeandgarden\/\",\"https:\/\/www.youtube.com\/@eliassenhomegardenpleasure4558\"]}]}<\/script>\n<!-- \/ Yoast SEO plugin. -->","yoast_head_json":{"title":"Vogelbad zu Fu\u00df Gusseisen 2 V\u00f6gel - Eliassen","description":"Auf der Suche nach einem Vogelbad? Bestellen Sie jetzt Birdbath zu Fu\u00df Gusseisen 2 V\u00f6gel. Auf unserer Website k\u00f6nnen Sie ganz einfach eine Vogeltrinksch\u00fcssel...","robots":{"index":"noindex","follow":"follow","max-snippet":"max-snippet:-1","max-image-preview":"max-image-preview:large","max-video-preview":"max-video-preview:-1"},"og_locale":"de_DE","og_type":"article","og_title":"Vogelbad zu Fu\u00df Gusseisen 2 V\u00f6gel - Eliassen","og_description":"Auf der Suche nach einem Vogelbad? Bestellen Sie jetzt Birdbath zu Fu\u00df Gusseisen 2 V\u00f6gel. Auf unserer Website k\u00f6nnen Sie ganz einfach eine Vogeltrinksch\u00fcssel...","og_url":"https:\/\/dev.eliassen.nl\/de\/vogelbad-auf-gusseisenfuss-2-vogel\/","og_site_name":"Eliassen.nl","article_publisher":"https:\/\/www.facebook.com\/TuincentrumEliassenAmmerzoden","article_modified_time":"2024-12-05T14:40:40+00:00","og_image":[{"width":270,"height":270,"url":"https:\/\/dev.eliassen.nl\/wp-content\/uploads\/2024\/01\/eliassenvogelbadopvoetgietijzer2vogeltjes.jpg","type":"image\/jpeg"}],"twitter_card":"summary_large_image","schema":{"@context":"https:\/\/schema.org","@graph":[{"@type":"WebPage","@id":"https:\/\/dev.eliassen.nl\/de\/vogelbad-auf-gusseisenfuss-2-vogel\/","url":"https:\/\/dev.eliassen.nl\/de\/vogelbad-auf-gusseisenfuss-2-vogel\/","name":"Vogelbad zu Fu\u00df Gusseisen 2 V\u00f6gel - Eliassen","isPartOf":{"@id":"https:\/\/dev.eliassen.nl\/de\/#website"},"primaryImageOfPage":{"@id":"https:\/\/dev.eliassen.nl\/de\/vogelbad-auf-gusseisenfuss-2-vogel\/#primaryimage"},"image":{"@id":"https:\/\/dev.eliassen.nl\/de\/vogelbad-auf-gusseisenfuss-2-vogel\/#primaryimage"},"thumbnailUrl":"https:\/\/dev.eliassen.nl\/wp-content\/uploads\/2024\/01\/eliassenvogelbadopvoetgietijzer2vogeltjes.jpg","datePublished":"2020-08-11T10:24:12+00:00","dateModified":"2024-12-05T14:40:40+00:00","description":"Auf der Suche nach einem Vogelbad? Bestellen Sie jetzt Birdbath zu Fu\u00df Gusseisen 2 V\u00f6gel. Auf unserer Website k\u00f6nnen Sie ganz einfach eine Vogeltrinksch\u00fcssel...","breadcrumb":{"@id":"https:\/\/dev.eliassen.nl\/de\/vogelbad-auf-gusseisenfuss-2-vogel\/#breadcrumb"},"inLanguage":"de","potentialAction":[{"@type":"ReadAction","target":["https:\/\/dev.eliassen.nl\/de\/vogelbad-auf-gusseisenfuss-2-vogel\/"]}]},{"@type":"ImageObject","inLanguage":"de","@id":"https:\/\/dev.eliassen.nl\/de\/vogelbad-auf-gusseisenfuss-2-vogel\/#primaryimage","url":"https:\/\/dev.eliassen.nl\/wp-content\/uploads\/2024\/01\/eliassenvogelbadopvoetgietijzer2vogeltjes.jpg","contentUrl":"https:\/\/dev.eliassen.nl\/wp-content\/uploads\/2024\/01\/eliassenvogelbadopvoetgietijzer2vogeltjes.jpg","width":270,"height":270,"caption":"Eliassen Vogelbad op voet gietijzer 2 vogeltjes"},{"@type":"BreadcrumbList","@id":"https:\/\/dev.eliassen.nl\/de\/vogelbad-auf-gusseisenfuss-2-vogel\/#breadcrumb","itemListElement":[{"@type":"ListItem","position":1,"name":"Home","item":"https:\/\/dev.eliassen.nl\/de\/"},{"@type":"ListItem","position":2,"name":"Shop","item":"https:\/\/dev.eliassen.nl\/nl\/winkel\/"},{"@type":"ListItem","position":3,"name":"Vogeltr\u00e4nken","item":"https:\/\/dev.eliassen.nl\/de\/vogeltraenken\/"},{"@type":"ListItem","position":4,"name":"Vogelbad auf Gusseisenfu\u00df 2 V\u00f6gel"}]},{"@type":"WebSite","@id":"https:\/\/dev.eliassen.nl\/de\/#website","url":"https:\/\/dev.eliassen.nl\/de\/","name":"Eliassen Home & Garden Pleasure","description":"","publisher":{"@id":"https:\/\/dev.eliassen.nl\/de\/#organization"},"alternateName":"Eliassen.nl","potentialAction":[{"@type":"SearchAction","target":{"@type":"EntryPoint","urlTemplate":"https:\/\/dev.eliassen.nl\/de\/?s={search_term_string}"},"query-input":{"@type":"PropertyValueSpecification","valueRequired":true,"valueName":"search_term_string"}}],"inLanguage":"de"},{"@type":"Organization","@id":"https:\/\/dev.eliassen.nl\/de\/#organization","name":"Eliassen Home & Garden Pleasure","url":"https:\/\/dev.eliassen.nl\/de\/","logo":{"@type":"ImageObject","inLanguage":"de","@id":"https:\/\/dev.eliassen.nl\/de\/#\/schema\/logo\/image\/","url":"https:\/\/www.eliassen.nl\/wp-content\/uploads\/2024\/01\/logo_4nd.jpg","contentUrl":"https:\/\/www.eliassen.nl\/wp-content\/uploads\/2024\/01\/logo_4nd.jpg","width":500,"height":500,"caption":"Eliassen Home & Garden Pleasure"},"image":{"@id":"https:\/\/dev.eliassen.nl\/de\/#\/schema\/logo\/image\/"},"sameAs":["https:\/\/www.facebook.com\/TuincentrumEliassenAmmerzoden","https:\/\/www.instagram.com\/eliassenhomeandgarden\/","https:\/\/nl.pinterest.com\/eliassenhomeandgarden\/","https:\/\/www.youtube.com\/@eliassenhomegardenpleasure4558"]}]}},"df_price":9.95,"df_sale_price":"","df_regular_price":9.95,"df_image_link":"https:\/\/dev.eliassen.nl\/wp-content\/uploads\/2024\/01\/eliassenvogelbadopvoetgietijzer2vogeltjes.jpg","image":"https:\/\/dev.eliassen.nl\/wp-content\/uploads\/2024\/01\/eliassenvogelbadopvoetgietijzer2vogeltjes.jpg","price_search":"<span class=\"woocommerce-Price-amount amount\"><bdi><span class=\"woocommerce-Price-currencySymbol\">&euro;<\/span>&nbsp;9,95<\/bdi><\/span>","category":"Vogeltr\u00e4nken","_links":{"self":[{"href":"https:\/\/dev.eliassen.nl\/de\/wp-json\/wp\/v2\/product\/24589","targetHints":{"allow":["GET"]}}],"collection":[{"href":"https:\/\/dev.eliassen.nl\/de\/wp-json\/wp\/v2\/product"}],"about":[{"href":"https:\/\/dev.eliassen.nl\/de\/wp-json\/wp\/v2\/types\/product"}],"wp:featuredmedia":[{"embeddable":true,"href":"https:\/\/dev.eliassen.nl\/de\/wp-json\/wp\/v2\/media\/24586"}],"wp:attachment":[{"href":"https:\/\/dev.eliassen.nl\/de\/wp-json\/wp\/v2\/media?parent=24589"}],"wp:term":[{"taxonomy":"product_brand","embeddable":true,"href":"https:\/\/dev.eliassen.nl\/de\/wp-json\/wp\/v2\/product_brand?post=24589"},{"taxonomy":"product_cat","embeddable":true,"href":"https:\/\/dev.eliassen.nl\/de\/wp-json\/wp\/v2\/product_cat?post=24589"},{"taxonomy":"product_tag","embeddable":true,"href":"https:\/\/dev.eliassen.nl\/de\/wp-json\/wp\/v2\/product_tag?post=24589"}],"curies":[{"name":"wp","href":"https:\/\/api.w.org\/{rel}","templated":true}]}}