{"id":24601,"date":"2020-08-11T12:26:50","date_gmt":"2020-08-11T10:26:50","guid":{"rendered":"https:\/\/www.eliassen.nl\/?product=vogelbad-op-hoge-voet-gietijzer"},"modified":"2024-12-05T15:40:45","modified_gmt":"2024-12-05T14:40:45","slug":"vogelbad-auf-hochbasiertem-gusseisen","status":"publish","type":"product","link":"https:\/\/dev.eliassen.nl\/de\/vogelbad-auf-hochbasiertem-gusseisen\/","title":{"rendered":"Vogelbad auf hochbasiertem Gusseisen"},"content":{"rendered":"<p>Bieten Sie den V\u00f6geln mit diesem klassischen und dekorativen Vogelbad eine sichere und erh\u00f6hte Wasserstelle. Dank der Basis kann es \u00fcberall platziert werden. Ein Vogel hat sich bereits am Rand niedergelassen, es liegt an anderen V\u00f6geln, diesem Beispiel so schnell wie m\u00f6glich zu folgen. Dar\u00fcber hinaus eignet sich dieses Vogelbad auch ideal als F\u00fctterungsgericht.<\/p>\n<p>\u2022 geeignet als Vogelbad oder F\u00fctterungsschale<\/p>\n<p>\u2022 leicht zusammenzubauen<\/p>\n<p>Abmessungen 22x22x38 cm. hoch<\/p>\n","protected":false},"excerpt":{"rendered":"<p>Bieten Sie den V\u00f6geln mit diesem klassischen und dekorativen Vogelbad eine sichere und erh\u00f6hte Wasserstelle. Dank der Basis kann es \u00fcberall platziert werden. Ein Vogel hat sich bereits am Rand niedergelassen, es liegt an anderen V\u00f6geln, diesem Beispiel so schnell wie m\u00f6glich zu folgen. Dar\u00fcber hinaus eignet sich dieses Vogelbad auch ideal als F\u00fctterungsgericht. \u2022 &hellip;<\/p>\n","protected":false},"featured_media":24598,"template":"","meta":{"_acf_changed":false},"product_brand":[],"product_cat":[707],"product_tag":[],"class_list":{"0":"post-24601","1":"product","2":"type-product","3":"status-publish","4":"has-post-thumbnail","6":"product_cat-vogeltraenken","8":"first","9":"instock","10":"taxable","11":"shipping-taxable","12":"purchasable","13":"product-type-simple"},"acf":[],"yoast_head":"<!-- This site is optimized with the Yoast SEO plugin v23.8 - https:\/\/yoast.com\/wordpress\/plugins\/seo\/ -->\n<title>Vogelbad auf Gusseisen mit hoher Basis - Eliassen<\/title>\n<meta name=\"description\" content=\"Auf der Suche nach einem Vogelbad? Bestellen Sie jetzt Birdbath auf High Base Gusseisen. Auf unserer Website k\u00f6nnen Sie ganz einfach eine Vogeltrinksch\u00fcssel ...\" \/>\n<meta name=\"robots\" content=\"noindex, follow, max-snippet:-1, max-image-preview:large, max-video-preview:-1\" \/>\n<meta property=\"og:locale\" content=\"de_DE\" \/>\n<meta property=\"og:type\" content=\"article\" \/>\n<meta property=\"og:title\" content=\"Vogelbad auf Gusseisen mit hoher Basis - Eliassen\" \/>\n<meta property=\"og:description\" content=\"Auf der Suche nach einem Vogelbad? Bestellen Sie jetzt Birdbath auf High Base Gusseisen. Auf unserer Website k\u00f6nnen Sie ganz einfach eine Vogeltrinksch\u00fcssel ...\" \/>\n<meta property=\"og:url\" content=\"https:\/\/dev.eliassen.nl\/de\/vogelbad-auf-hochbasiertem-gusseisen\/\" \/>\n<meta property=\"og:site_name\" content=\"Eliassen.nl\" \/>\n<meta property=\"article:publisher\" content=\"https:\/\/www.facebook.com\/TuincentrumEliassenAmmerzoden\" \/>\n<meta property=\"article:modified_time\" content=\"2024-12-05T14:40:45+00:00\" \/>\n<meta property=\"og:image\" content=\"https:\/\/dev.eliassen.nl\/wp-content\/uploads\/2024\/01\/eliassenvogelbadophogevoetgietijzer.png\" \/>\n\t<meta property=\"og:image:width\" content=\"270\" \/>\n\t<meta property=\"og:image:height\" content=\"270\" \/>\n\t<meta property=\"og:image:type\" content=\"image\/png\" \/>\n<meta name=\"twitter:card\" content=\"summary_large_image\" \/>\n<script type=\"application\/ld+json\" class=\"yoast-schema-graph\">{\"@context\":\"https:\/\/schema.org\",\"@graph\":[{\"@type\":\"WebPage\",\"@id\":\"https:\/\/dev.eliassen.nl\/de\/vogelbad-auf-hochbasiertem-gusseisen\/\",\"url\":\"https:\/\/dev.eliassen.nl\/de\/vogelbad-auf-hochbasiertem-gusseisen\/\",\"name\":\"Vogelbad auf Gusseisen mit hoher Basis - Eliassen\",\"isPartOf\":{\"@id\":\"https:\/\/dev.eliassen.nl\/de\/#website\"},\"primaryImageOfPage\":{\"@id\":\"https:\/\/dev.eliassen.nl\/de\/vogelbad-auf-hochbasiertem-gusseisen\/#primaryimage\"},\"image\":{\"@id\":\"https:\/\/dev.eliassen.nl\/de\/vogelbad-auf-hochbasiertem-gusseisen\/#primaryimage\"},\"thumbnailUrl\":\"https:\/\/dev.eliassen.nl\/wp-content\/uploads\/2024\/01\/eliassenvogelbadophogevoetgietijzer.png\",\"datePublished\":\"2020-08-11T10:26:50+00:00\",\"dateModified\":\"2024-12-05T14:40:45+00:00\",\"description\":\"Auf der Suche nach einem Vogelbad? Bestellen Sie jetzt Birdbath auf High Base Gusseisen. Auf unserer Website k\u00f6nnen Sie ganz einfach eine Vogeltrinksch\u00fcssel ...\",\"breadcrumb\":{\"@id\":\"https:\/\/dev.eliassen.nl\/de\/vogelbad-auf-hochbasiertem-gusseisen\/#breadcrumb\"},\"inLanguage\":\"de\",\"potentialAction\":[{\"@type\":\"ReadAction\",\"target\":[\"https:\/\/dev.eliassen.nl\/de\/vogelbad-auf-hochbasiertem-gusseisen\/\"]}]},{\"@type\":\"ImageObject\",\"inLanguage\":\"de\",\"@id\":\"https:\/\/dev.eliassen.nl\/de\/vogelbad-auf-hochbasiertem-gusseisen\/#primaryimage\",\"url\":\"https:\/\/dev.eliassen.nl\/wp-content\/uploads\/2024\/01\/eliassenvogelbadophogevoetgietijzer.png\",\"contentUrl\":\"https:\/\/dev.eliassen.nl\/wp-content\/uploads\/2024\/01\/eliassenvogelbadophogevoetgietijzer.png\",\"width\":270,\"height\":270,\"caption\":\"Eliassen Vogelbad op hoge voet gietijzer\"},{\"@type\":\"BreadcrumbList\",\"@id\":\"https:\/\/dev.eliassen.nl\/de\/vogelbad-auf-hochbasiertem-gusseisen\/#breadcrumb\",\"itemListElement\":[{\"@type\":\"ListItem\",\"position\":1,\"name\":\"Home\",\"item\":\"https:\/\/dev.eliassen.nl\/de\/\"},{\"@type\":\"ListItem\",\"position\":2,\"name\":\"Shop\",\"item\":\"https:\/\/dev.eliassen.nl\/nl\/winkel\/\"},{\"@type\":\"ListItem\",\"position\":3,\"name\":\"Vogeltr\u00e4nken\",\"item\":\"https:\/\/dev.eliassen.nl\/de\/vogeltraenken\/\"},{\"@type\":\"ListItem\",\"position\":4,\"name\":\"Vogelbad auf hochbasiertem Gusseisen\"}]},{\"@type\":\"WebSite\",\"@id\":\"https:\/\/dev.eliassen.nl\/de\/#website\",\"url\":\"https:\/\/dev.eliassen.nl\/de\/\",\"name\":\"Eliassen Home & Garden Pleasure\",\"description\":\"\",\"publisher\":{\"@id\":\"https:\/\/dev.eliassen.nl\/de\/#organization\"},\"alternateName\":\"Eliassen.nl\",\"potentialAction\":[{\"@type\":\"SearchAction\",\"target\":{\"@type\":\"EntryPoint\",\"urlTemplate\":\"https:\/\/dev.eliassen.nl\/de\/?s={search_term_string}\"},\"query-input\":{\"@type\":\"PropertyValueSpecification\",\"valueRequired\":true,\"valueName\":\"search_term_string\"}}],\"inLanguage\":\"de\"},{\"@type\":\"Organization\",\"@id\":\"https:\/\/dev.eliassen.nl\/de\/#organization\",\"name\":\"Eliassen Home & Garden Pleasure\",\"url\":\"https:\/\/dev.eliassen.nl\/de\/\",\"logo\":{\"@type\":\"ImageObject\",\"inLanguage\":\"de\",\"@id\":\"https:\/\/dev.eliassen.nl\/de\/#\/schema\/logo\/image\/\",\"url\":\"https:\/\/www.eliassen.nl\/wp-content\/uploads\/2024\/01\/logo_4nd.jpg\",\"contentUrl\":\"https:\/\/www.eliassen.nl\/wp-content\/uploads\/2024\/01\/logo_4nd.jpg\",\"width\":500,\"height\":500,\"caption\":\"Eliassen Home & Garden Pleasure\"},\"image\":{\"@id\":\"https:\/\/dev.eliassen.nl\/de\/#\/schema\/logo\/image\/\"},\"sameAs\":[\"https:\/\/www.facebook.com\/TuincentrumEliassenAmmerzoden\",\"https:\/\/www.instagram.com\/eliassenhomeandgarden\/\",\"https:\/\/nl.pinterest.com\/eliassenhomeandgarden\/\",\"https:\/\/www.youtube.com\/@eliassenhomegardenpleasure4558\"]}]}<\/script>\n<!-- \/ Yoast SEO plugin. -->","yoast_head_json":{"title":"Vogelbad auf Gusseisen mit hoher Basis - Eliassen","description":"Auf der Suche nach einem Vogelbad? Bestellen Sie jetzt Birdbath auf High Base Gusseisen. Auf unserer Website k\u00f6nnen Sie ganz einfach eine Vogeltrinksch\u00fcssel ...","robots":{"index":"noindex","follow":"follow","max-snippet":"max-snippet:-1","max-image-preview":"max-image-preview:large","max-video-preview":"max-video-preview:-1"},"og_locale":"de_DE","og_type":"article","og_title":"Vogelbad auf Gusseisen mit hoher Basis - Eliassen","og_description":"Auf der Suche nach einem Vogelbad? Bestellen Sie jetzt Birdbath auf High Base Gusseisen. Auf unserer Website k\u00f6nnen Sie ganz einfach eine Vogeltrinksch\u00fcssel ...","og_url":"https:\/\/dev.eliassen.nl\/de\/vogelbad-auf-hochbasiertem-gusseisen\/","og_site_name":"Eliassen.nl","article_publisher":"https:\/\/www.facebook.com\/TuincentrumEliassenAmmerzoden","article_modified_time":"2024-12-05T14:40:45+00:00","og_image":[{"width":270,"height":270,"url":"https:\/\/dev.eliassen.nl\/wp-content\/uploads\/2024\/01\/eliassenvogelbadophogevoetgietijzer.png","type":"image\/png"}],"twitter_card":"summary_large_image","schema":{"@context":"https:\/\/schema.org","@graph":[{"@type":"WebPage","@id":"https:\/\/dev.eliassen.nl\/de\/vogelbad-auf-hochbasiertem-gusseisen\/","url":"https:\/\/dev.eliassen.nl\/de\/vogelbad-auf-hochbasiertem-gusseisen\/","name":"Vogelbad auf Gusseisen mit hoher Basis - Eliassen","isPartOf":{"@id":"https:\/\/dev.eliassen.nl\/de\/#website"},"primaryImageOfPage":{"@id":"https:\/\/dev.eliassen.nl\/de\/vogelbad-auf-hochbasiertem-gusseisen\/#primaryimage"},"image":{"@id":"https:\/\/dev.eliassen.nl\/de\/vogelbad-auf-hochbasiertem-gusseisen\/#primaryimage"},"thumbnailUrl":"https:\/\/dev.eliassen.nl\/wp-content\/uploads\/2024\/01\/eliassenvogelbadophogevoetgietijzer.png","datePublished":"2020-08-11T10:26:50+00:00","dateModified":"2024-12-05T14:40:45+00:00","description":"Auf der Suche nach einem Vogelbad? Bestellen Sie jetzt Birdbath auf High Base Gusseisen. Auf unserer Website k\u00f6nnen Sie ganz einfach eine Vogeltrinksch\u00fcssel ...","breadcrumb":{"@id":"https:\/\/dev.eliassen.nl\/de\/vogelbad-auf-hochbasiertem-gusseisen\/#breadcrumb"},"inLanguage":"de","potentialAction":[{"@type":"ReadAction","target":["https:\/\/dev.eliassen.nl\/de\/vogelbad-auf-hochbasiertem-gusseisen\/"]}]},{"@type":"ImageObject","inLanguage":"de","@id":"https:\/\/dev.eliassen.nl\/de\/vogelbad-auf-hochbasiertem-gusseisen\/#primaryimage","url":"https:\/\/dev.eliassen.nl\/wp-content\/uploads\/2024\/01\/eliassenvogelbadophogevoetgietijzer.png","contentUrl":"https:\/\/dev.eliassen.nl\/wp-content\/uploads\/2024\/01\/eliassenvogelbadophogevoetgietijzer.png","width":270,"height":270,"caption":"Eliassen Vogelbad op hoge voet gietijzer"},{"@type":"BreadcrumbList","@id":"https:\/\/dev.eliassen.nl\/de\/vogelbad-auf-hochbasiertem-gusseisen\/#breadcrumb","itemListElement":[{"@type":"ListItem","position":1,"name":"Home","item":"https:\/\/dev.eliassen.nl\/de\/"},{"@type":"ListItem","position":2,"name":"Shop","item":"https:\/\/dev.eliassen.nl\/nl\/winkel\/"},{"@type":"ListItem","position":3,"name":"Vogeltr\u00e4nken","item":"https:\/\/dev.eliassen.nl\/de\/vogeltraenken\/"},{"@type":"ListItem","position":4,"name":"Vogelbad auf hochbasiertem Gusseisen"}]},{"@type":"WebSite","@id":"https:\/\/dev.eliassen.nl\/de\/#website","url":"https:\/\/dev.eliassen.nl\/de\/","name":"Eliassen Home & Garden Pleasure","description":"","publisher":{"@id":"https:\/\/dev.eliassen.nl\/de\/#organization"},"alternateName":"Eliassen.nl","potentialAction":[{"@type":"SearchAction","target":{"@type":"EntryPoint","urlTemplate":"https:\/\/dev.eliassen.nl\/de\/?s={search_term_string}"},"query-input":{"@type":"PropertyValueSpecification","valueRequired":true,"valueName":"search_term_string"}}],"inLanguage":"de"},{"@type":"Organization","@id":"https:\/\/dev.eliassen.nl\/de\/#organization","name":"Eliassen Home & Garden Pleasure","url":"https:\/\/dev.eliassen.nl\/de\/","logo":{"@type":"ImageObject","inLanguage":"de","@id":"https:\/\/dev.eliassen.nl\/de\/#\/schema\/logo\/image\/","url":"https:\/\/www.eliassen.nl\/wp-content\/uploads\/2024\/01\/logo_4nd.jpg","contentUrl":"https:\/\/www.eliassen.nl\/wp-content\/uploads\/2024\/01\/logo_4nd.jpg","width":500,"height":500,"caption":"Eliassen Home & Garden Pleasure"},"image":{"@id":"https:\/\/dev.eliassen.nl\/de\/#\/schema\/logo\/image\/"},"sameAs":["https:\/\/www.facebook.com\/TuincentrumEliassenAmmerzoden","https:\/\/www.instagram.com\/eliassenhomeandgarden\/","https:\/\/nl.pinterest.com\/eliassenhomeandgarden\/","https:\/\/www.youtube.com\/@eliassenhomegardenpleasure4558"]}]}},"df_price":24.5,"df_sale_price":"","df_regular_price":24.5,"df_image_link":"https:\/\/dev.eliassen.nl\/wp-content\/uploads\/2024\/01\/eliassenvogelbadophogevoetgietijzer.png","image":"https:\/\/dev.eliassen.nl\/wp-content\/uploads\/2024\/01\/eliassenvogelbadophogevoetgietijzer.png","price_search":"<span class=\"woocommerce-Price-amount amount\"><bdi><span class=\"woocommerce-Price-currencySymbol\">&euro;<\/span>&nbsp;24,50<\/bdi><\/span>","category":"Vogeltr\u00e4nken","_links":{"self":[{"href":"https:\/\/dev.eliassen.nl\/de\/wp-json\/wp\/v2\/product\/24601","targetHints":{"allow":["GET"]}}],"collection":[{"href":"https:\/\/dev.eliassen.nl\/de\/wp-json\/wp\/v2\/product"}],"about":[{"href":"https:\/\/dev.eliassen.nl\/de\/wp-json\/wp\/v2\/types\/product"}],"wp:featuredmedia":[{"embeddable":true,"href":"https:\/\/dev.eliassen.nl\/de\/wp-json\/wp\/v2\/media\/24598"}],"wp:attachment":[{"href":"https:\/\/dev.eliassen.nl\/de\/wp-json\/wp\/v2\/media?parent=24601"}],"wp:term":[{"taxonomy":"product_brand","embeddable":true,"href":"https:\/\/dev.eliassen.nl\/de\/wp-json\/wp\/v2\/product_brand?post=24601"},{"taxonomy":"product_cat","embeddable":true,"href":"https:\/\/dev.eliassen.nl\/de\/wp-json\/wp\/v2\/product_cat?post=24601"},{"taxonomy":"product_tag","embeddable":true,"href":"https:\/\/dev.eliassen.nl\/de\/wp-json\/wp\/v2\/product_tag?post=24601"}],"curies":[{"name":"wp","href":"https:\/\/api.w.org\/{rel}","templated":true}]}}