{"id":24901,"date":"2020-09-12T13:22:25","date_gmt":"2020-09-12T11:22:25","guid":{"rendered":"https:\/\/www.eliassen.nl\/?product=in-verwachting-glasbeeldje"},"modified":"2024-12-05T15:41:24","modified_gmt":"2024-12-05T14:41:24","slug":"erwartete-glasfigur","status":"publish","type":"product","link":"https:\/\/dev.eliassen.nl\/de\/erwartete-glasfigur\/","title":{"rendered":"Erwartete Glasfigur"},"content":{"rendered":"<p>Diese einzigartige Glasstatue einer schwangeren Frau ist ein sch\u00f6nes Dekorationsst\u00fcck f\u00fcr Ihr Zuhause oder B\u00fcro. Die Qualit\u00e4t ist gut mit dieser Statue. Dies wird von einem handwerklichen Glasbl\u00e4ser aus dem ber\u00fchmten B\u00f6hmen, der europ\u00e4ischen Glasregion schlechthin, hergestellt.<\/p>\n<p>Da dieses St\u00fcck Glasdekoration von Hand gefertigt wird, ist jedes St\u00fcck dieser Serie in Form und Farbe einzigartig, sodass Ihre Glasdekoration vom Foto abweichen kann.<\/p>\n<p>Sie k\u00f6nnen diese Serie von Glaskunst auch in unserem Shop ansehen.<\/p>\n<ul>\n<li>Marke: Loranto<\/li>\n<li>Aus massivem Glas<\/li>\n<li>1 Jahr Garantie<\/li>\n<li>Mundgeblasenes Vollglas von europ\u00e4ischer Qualit\u00e4t<\/li>\n<li>Schnell geliefert<\/li>\n<\/ul>\n","protected":false},"excerpt":{"rendered":"<p>Diese einzigartige Glasstatue einer schwangeren Frau ist ein sch\u00f6nes Dekorationsst\u00fcck f\u00fcr Ihr Zuhause oder B\u00fcro. Die Qualit\u00e4t ist gut mit dieser Statue. Dies wird von einem handwerklichen Glasbl\u00e4ser aus dem ber\u00fchmten B\u00f6hmen, der europ\u00e4ischen Glasregion schlechthin, hergestellt. Da dieses St\u00fcck Glasdekoration von Hand gefertigt wird, ist jedes St\u00fcck dieser Serie in Form und Farbe einzigartig, &hellip;<\/p>\n","protected":false},"featured_media":24898,"template":"","meta":{"_acf_changed":false},"product_brand":[],"product_cat":[800,827],"product_tag":[],"class_list":{"0":"post-24901","1":"product","2":"type-product","3":"status-publish","4":"has-post-thumbnail","6":"product_cat-glaskunst","7":"product_cat-menschen-aus-glas","9":"first","10":"instock","11":"taxable","12":"shipping-taxable","13":"purchasable","14":"product-type-simple"},"acf":[],"yoast_head":"<!-- This site is optimized with the Yoast SEO plugin v23.8 - https:\/\/yoast.com\/wordpress\/plugins\/seo\/ -->\n<title>Erwartete Glasfigur<\/title>\n<meta name=\"description\" content=\"Auf der Suche nach einer Glasfigur? Jetzt bestellen Erwartete Glasfigur. Auf unserer Website k\u00f6nnen Sie ganz einfach Glaskunst kaufen. \u2713 Gro\u00dfe Auswahl \u2713 Schn...\" \/>\n<meta name=\"robots\" content=\"noindex, follow, max-snippet:-1, max-image-preview:large, max-video-preview:-1\" \/>\n<meta property=\"og:locale\" content=\"de_DE\" \/>\n<meta property=\"og:type\" content=\"article\" \/>\n<meta property=\"og:title\" content=\"Erwartete Glasfigur\" \/>\n<meta property=\"og:description\" content=\"Auf der Suche nach einer Glasfigur? Jetzt bestellen Erwartete Glasfigur. Auf unserer Website k\u00f6nnen Sie ganz einfach Glaskunst kaufen. \u2713 Gro\u00dfe Auswahl \u2713 Schn...\" \/>\n<meta property=\"og:url\" content=\"https:\/\/dev.eliassen.nl\/de\/erwartete-glasfigur\/\" \/>\n<meta property=\"og:site_name\" content=\"Eliassen.nl\" \/>\n<meta property=\"article:publisher\" content=\"https:\/\/www.facebook.com\/TuincentrumEliassenAmmerzoden\" \/>\n<meta property=\"article:modified_time\" content=\"2024-12-05T14:41:24+00:00\" \/>\n<meta property=\"og:image\" content=\"https:\/\/dev.eliassen.nl\/wp-content\/uploads\/2024\/01\/eliasseninverwachtingglasbeeldje22x6cm.jpg\" \/>\n\t<meta property=\"og:image:width\" content=\"2048\" \/>\n\t<meta property=\"og:image:height\" content=\"1365\" \/>\n\t<meta property=\"og:image:type\" content=\"image\/jpeg\" \/>\n<meta name=\"twitter:card\" content=\"summary_large_image\" \/>\n<script type=\"application\/ld+json\" class=\"yoast-schema-graph\">{\"@context\":\"https:\/\/schema.org\",\"@graph\":[{\"@type\":\"WebPage\",\"@id\":\"https:\/\/dev.eliassen.nl\/de\/erwartete-glasfigur\/\",\"url\":\"https:\/\/dev.eliassen.nl\/de\/erwartete-glasfigur\/\",\"name\":\"Erwartete Glasfigur\",\"isPartOf\":{\"@id\":\"https:\/\/dev.eliassen.nl\/de\/#website\"},\"primaryImageOfPage\":{\"@id\":\"https:\/\/dev.eliassen.nl\/de\/erwartete-glasfigur\/#primaryimage\"},\"image\":{\"@id\":\"https:\/\/dev.eliassen.nl\/de\/erwartete-glasfigur\/#primaryimage\"},\"thumbnailUrl\":\"https:\/\/dev.eliassen.nl\/wp-content\/uploads\/2024\/01\/eliasseninverwachtingglasbeeldje22x6cm.jpg\",\"datePublished\":\"2020-09-12T11:22:25+00:00\",\"dateModified\":\"2024-12-05T14:41:24+00:00\",\"description\":\"Auf der Suche nach einer Glasfigur? Jetzt bestellen Erwartete Glasfigur. Auf unserer Website k\u00f6nnen Sie ganz einfach Glaskunst kaufen. \u2713 Gro\u00dfe Auswahl \u2713 Schn...\",\"breadcrumb\":{\"@id\":\"https:\/\/dev.eliassen.nl\/de\/erwartete-glasfigur\/#breadcrumb\"},\"inLanguage\":\"de\",\"potentialAction\":[{\"@type\":\"ReadAction\",\"target\":[\"https:\/\/dev.eliassen.nl\/de\/erwartete-glasfigur\/\"]}]},{\"@type\":\"ImageObject\",\"inLanguage\":\"de\",\"@id\":\"https:\/\/dev.eliassen.nl\/de\/erwartete-glasfigur\/#primaryimage\",\"url\":\"https:\/\/dev.eliassen.nl\/wp-content\/uploads\/2024\/01\/eliasseninverwachtingglasbeeldje22x6cm.jpg\",\"contentUrl\":\"https:\/\/dev.eliassen.nl\/wp-content\/uploads\/2024\/01\/eliasseninverwachtingglasbeeldje22x6cm.jpg\",\"width\":2048,\"height\":1365,\"caption\":\"Eliassen In verwachting glasbeeldje 22x6 cm.\"},{\"@type\":\"BreadcrumbList\",\"@id\":\"https:\/\/dev.eliassen.nl\/de\/erwartete-glasfigur\/#breadcrumb\",\"itemListElement\":[{\"@type\":\"ListItem\",\"position\":1,\"name\":\"Home\",\"item\":\"https:\/\/dev.eliassen.nl\/de\/\"},{\"@type\":\"ListItem\",\"position\":2,\"name\":\"Shop\",\"item\":\"https:\/\/dev.eliassen.nl\/nl\/winkel\/\"},{\"@type\":\"ListItem\",\"position\":3,\"name\":\"Glaskunst\",\"item\":\"https:\/\/dev.eliassen.nl\/de\/glaskunst\/\"},{\"@type\":\"ListItem\",\"position\":4,\"name\":\"Menschen aus Glas\",\"item\":\"https:\/\/dev.eliassen.nl\/de\/glaskunst\/menschen-aus-glas\/\"},{\"@type\":\"ListItem\",\"position\":5,\"name\":\"Erwartete Glasfigur\"}]},{\"@type\":\"WebSite\",\"@id\":\"https:\/\/dev.eliassen.nl\/de\/#website\",\"url\":\"https:\/\/dev.eliassen.nl\/de\/\",\"name\":\"Eliassen Home & Garden Pleasure\",\"description\":\"\",\"publisher\":{\"@id\":\"https:\/\/dev.eliassen.nl\/de\/#organization\"},\"alternateName\":\"Eliassen.nl\",\"potentialAction\":[{\"@type\":\"SearchAction\",\"target\":{\"@type\":\"EntryPoint\",\"urlTemplate\":\"https:\/\/dev.eliassen.nl\/de\/?s={search_term_string}\"},\"query-input\":{\"@type\":\"PropertyValueSpecification\",\"valueRequired\":true,\"valueName\":\"search_term_string\"}}],\"inLanguage\":\"de\"},{\"@type\":\"Organization\",\"@id\":\"https:\/\/dev.eliassen.nl\/de\/#organization\",\"name\":\"Eliassen Home & Garden Pleasure\",\"url\":\"https:\/\/dev.eliassen.nl\/de\/\",\"logo\":{\"@type\":\"ImageObject\",\"inLanguage\":\"de\",\"@id\":\"https:\/\/dev.eliassen.nl\/de\/#\/schema\/logo\/image\/\",\"url\":\"https:\/\/www.eliassen.nl\/wp-content\/uploads\/2024\/01\/logo_4nd.jpg\",\"contentUrl\":\"https:\/\/www.eliassen.nl\/wp-content\/uploads\/2024\/01\/logo_4nd.jpg\",\"width\":500,\"height\":500,\"caption\":\"Eliassen Home & Garden Pleasure\"},\"image\":{\"@id\":\"https:\/\/dev.eliassen.nl\/de\/#\/schema\/logo\/image\/\"},\"sameAs\":[\"https:\/\/www.facebook.com\/TuincentrumEliassenAmmerzoden\",\"https:\/\/www.instagram.com\/eliassenhomeandgarden\/\",\"https:\/\/nl.pinterest.com\/eliassenhomeandgarden\/\",\"https:\/\/www.youtube.com\/@eliassenhomegardenpleasure4558\"]}]}<\/script>\n<!-- \/ Yoast SEO plugin. -->","yoast_head_json":{"title":"Erwartete Glasfigur","description":"Auf der Suche nach einer Glasfigur? Jetzt bestellen Erwartete Glasfigur. Auf unserer Website k\u00f6nnen Sie ganz einfach Glaskunst kaufen. \u2713 Gro\u00dfe Auswahl \u2713 Schn...","robots":{"index":"noindex","follow":"follow","max-snippet":"max-snippet:-1","max-image-preview":"max-image-preview:large","max-video-preview":"max-video-preview:-1"},"og_locale":"de_DE","og_type":"article","og_title":"Erwartete Glasfigur","og_description":"Auf der Suche nach einer Glasfigur? Jetzt bestellen Erwartete Glasfigur. Auf unserer Website k\u00f6nnen Sie ganz einfach Glaskunst kaufen. \u2713 Gro\u00dfe Auswahl \u2713 Schn...","og_url":"https:\/\/dev.eliassen.nl\/de\/erwartete-glasfigur\/","og_site_name":"Eliassen.nl","article_publisher":"https:\/\/www.facebook.com\/TuincentrumEliassenAmmerzoden","article_modified_time":"2024-12-05T14:41:24+00:00","og_image":[{"width":2048,"height":1365,"url":"https:\/\/dev.eliassen.nl\/wp-content\/uploads\/2024\/01\/eliasseninverwachtingglasbeeldje22x6cm.jpg","type":"image\/jpeg"}],"twitter_card":"summary_large_image","schema":{"@context":"https:\/\/schema.org","@graph":[{"@type":"WebPage","@id":"https:\/\/dev.eliassen.nl\/de\/erwartete-glasfigur\/","url":"https:\/\/dev.eliassen.nl\/de\/erwartete-glasfigur\/","name":"Erwartete Glasfigur","isPartOf":{"@id":"https:\/\/dev.eliassen.nl\/de\/#website"},"primaryImageOfPage":{"@id":"https:\/\/dev.eliassen.nl\/de\/erwartete-glasfigur\/#primaryimage"},"image":{"@id":"https:\/\/dev.eliassen.nl\/de\/erwartete-glasfigur\/#primaryimage"},"thumbnailUrl":"https:\/\/dev.eliassen.nl\/wp-content\/uploads\/2024\/01\/eliasseninverwachtingglasbeeldje22x6cm.jpg","datePublished":"2020-09-12T11:22:25+00:00","dateModified":"2024-12-05T14:41:24+00:00","description":"Auf der Suche nach einer Glasfigur? Jetzt bestellen Erwartete Glasfigur. Auf unserer Website k\u00f6nnen Sie ganz einfach Glaskunst kaufen. \u2713 Gro\u00dfe Auswahl \u2713 Schn...","breadcrumb":{"@id":"https:\/\/dev.eliassen.nl\/de\/erwartete-glasfigur\/#breadcrumb"},"inLanguage":"de","potentialAction":[{"@type":"ReadAction","target":["https:\/\/dev.eliassen.nl\/de\/erwartete-glasfigur\/"]}]},{"@type":"ImageObject","inLanguage":"de","@id":"https:\/\/dev.eliassen.nl\/de\/erwartete-glasfigur\/#primaryimage","url":"https:\/\/dev.eliassen.nl\/wp-content\/uploads\/2024\/01\/eliasseninverwachtingglasbeeldje22x6cm.jpg","contentUrl":"https:\/\/dev.eliassen.nl\/wp-content\/uploads\/2024\/01\/eliasseninverwachtingglasbeeldje22x6cm.jpg","width":2048,"height":1365,"caption":"Eliassen In verwachting glasbeeldje 22x6 cm."},{"@type":"BreadcrumbList","@id":"https:\/\/dev.eliassen.nl\/de\/erwartete-glasfigur\/#breadcrumb","itemListElement":[{"@type":"ListItem","position":1,"name":"Home","item":"https:\/\/dev.eliassen.nl\/de\/"},{"@type":"ListItem","position":2,"name":"Shop","item":"https:\/\/dev.eliassen.nl\/nl\/winkel\/"},{"@type":"ListItem","position":3,"name":"Glaskunst","item":"https:\/\/dev.eliassen.nl\/de\/glaskunst\/"},{"@type":"ListItem","position":4,"name":"Menschen aus Glas","item":"https:\/\/dev.eliassen.nl\/de\/glaskunst\/menschen-aus-glas\/"},{"@type":"ListItem","position":5,"name":"Erwartete Glasfigur"}]},{"@type":"WebSite","@id":"https:\/\/dev.eliassen.nl\/de\/#website","url":"https:\/\/dev.eliassen.nl\/de\/","name":"Eliassen Home & Garden Pleasure","description":"","publisher":{"@id":"https:\/\/dev.eliassen.nl\/de\/#organization"},"alternateName":"Eliassen.nl","potentialAction":[{"@type":"SearchAction","target":{"@type":"EntryPoint","urlTemplate":"https:\/\/dev.eliassen.nl\/de\/?s={search_term_string}"},"query-input":{"@type":"PropertyValueSpecification","valueRequired":true,"valueName":"search_term_string"}}],"inLanguage":"de"},{"@type":"Organization","@id":"https:\/\/dev.eliassen.nl\/de\/#organization","name":"Eliassen Home & Garden Pleasure","url":"https:\/\/dev.eliassen.nl\/de\/","logo":{"@type":"ImageObject","inLanguage":"de","@id":"https:\/\/dev.eliassen.nl\/de\/#\/schema\/logo\/image\/","url":"https:\/\/www.eliassen.nl\/wp-content\/uploads\/2024\/01\/logo_4nd.jpg","contentUrl":"https:\/\/www.eliassen.nl\/wp-content\/uploads\/2024\/01\/logo_4nd.jpg","width":500,"height":500,"caption":"Eliassen Home & Garden Pleasure"},"image":{"@id":"https:\/\/dev.eliassen.nl\/de\/#\/schema\/logo\/image\/"},"sameAs":["https:\/\/www.facebook.com\/TuincentrumEliassenAmmerzoden","https:\/\/www.instagram.com\/eliassenhomeandgarden\/","https:\/\/nl.pinterest.com\/eliassenhomeandgarden\/","https:\/\/www.youtube.com\/@eliassenhomegardenpleasure4558"]}]}},"df_price":37.95,"df_sale_price":"","df_regular_price":37.95,"df_image_link":"https:\/\/dev.eliassen.nl\/wp-content\/uploads\/2024\/01\/eliasseninverwachtingglasbeeldje22x6cm.jpg","image":"https:\/\/dev.eliassen.nl\/wp-content\/uploads\/2024\/01\/eliasseninverwachtingglasbeeldje22x6cm.jpg","price_search":"<span class=\"woocommerce-Price-amount amount\"><bdi><span class=\"woocommerce-Price-currencySymbol\">&euro;<\/span>&nbsp;37,95<\/bdi><\/span>","category":"Glaskunst","_links":{"self":[{"href":"https:\/\/dev.eliassen.nl\/de\/wp-json\/wp\/v2\/product\/24901","targetHints":{"allow":["GET"]}}],"collection":[{"href":"https:\/\/dev.eliassen.nl\/de\/wp-json\/wp\/v2\/product"}],"about":[{"href":"https:\/\/dev.eliassen.nl\/de\/wp-json\/wp\/v2\/types\/product"}],"wp:featuredmedia":[{"embeddable":true,"href":"https:\/\/dev.eliassen.nl\/de\/wp-json\/wp\/v2\/media\/24898"}],"wp:attachment":[{"href":"https:\/\/dev.eliassen.nl\/de\/wp-json\/wp\/v2\/media?parent=24901"}],"wp:term":[{"taxonomy":"product_brand","embeddable":true,"href":"https:\/\/dev.eliassen.nl\/de\/wp-json\/wp\/v2\/product_brand?post=24901"},{"taxonomy":"product_cat","embeddable":true,"href":"https:\/\/dev.eliassen.nl\/de\/wp-json\/wp\/v2\/product_cat?post=24901"},{"taxonomy":"product_tag","embeddable":true,"href":"https:\/\/dev.eliassen.nl\/de\/wp-json\/wp\/v2\/product_tag?post=24901"}],"curies":[{"name":"wp","href":"https:\/\/api.w.org\/{rel}","templated":true}]}}