{"id":24922,"date":"2020-09-12T13:24:37","date_gmt":"2020-09-12T11:24:37","guid":{"rendered":"https:\/\/www.eliassen.nl\/?product=glaslamp-money-wit-groen-geel"},"modified":"2024-12-05T15:41:26","modified_gmt":"2024-12-05T14:41:26","slug":"glaslampe-monet-weissgrungelb","status":"publish","type":"product","link":"https:\/\/dev.eliassen.nl\/de\/glaslampe-monet-weissgrungelb\/","title":{"rendered":"Glaslampe Monet wei\u00df\/gr\u00fcn\/gelb"},"content":{"rendered":"<p>Diese dicke Glaslampe wird eine Bereicherung f\u00fcr Ihr Zuhause oder Ihr Unternehmen sein. Es handelt sich um ein einzigartiges St\u00fcck Glas, da dieses Modell mundgeblasen ist und daher jedes St\u00fcck in Farbe und Form einzigartig ist. Die Farben mit dem wei\u00dfen Glas erzeugen einen wunderbar sch\u00f6nen Lichteffekt. Da bei diesen Glaslampen keine W\u00e4rme entstehen sollte, sollten Sie in diesen Lampen auf LED-Lampen zur\u00fcckgreifen, da dieser Lampentyp kaum W\u00e4rme erzeugt. Diese Glaslampe hat eine E27-Fassung und ein 1,5 m langes Kabel mit Schalter.<\/p>\n<p><strong>Sie k\u00f6nnen diese Lampenserie auch live in unserem Shop betrachten<\/strong><\/p>\n<ul>\n<li>Marke: Loranto<\/li>\n<li>Gr\u00f6\u00dfe ca.: 30x37cm<\/li>\n<li>Material: B\u00f6hmisches Glas, mundgeblasen.<\/li>\n<li>Jedes Exemplar ist in Form und Farbe einzigartig<\/li>\n<li>Schnell geliefert.<\/li>\n<li>Bei mundgeblasenen Glasartikeln kann es immer zu Unebenheiten wie kleinen Punkten oder Luftblasen kommen, die nicht beanstandet werden k\u00f6nnen.<\/li>\n<\/ul>\n","protected":false},"excerpt":{"rendered":"<p>Glaslampe aus Bohemia-Glas, mundgeblasen von der Marke Loranto.<\/p>\n","protected":false},"featured_media":24910,"template":"","meta":{"_acf_changed":false},"product_brand":[],"product_cat":[800,809,749,746],"product_tag":[],"class_list":{"0":"post-24922","1":"product","2":"type-product","3":"status-publish","4":"has-post-thumbnail","6":"product_cat-glaskunst","7":"product_cat-glaslampen","9":"product_cat-stimmungsvolle-beleuchtung","11":"first","12":"instock","13":"taxable","14":"shipping-taxable","15":"purchasable","16":"product-type-simple"},"acf":[],"yoast_head":"<!-- This site is optimized with the Yoast SEO plugin v23.8 - https:\/\/yoast.com\/wordpress\/plugins\/seo\/ -->\n<title>Glaslampe Money wei\u00df\/gr\u00fcn\/gelb<\/title>\n<meta name=\"description\" content=\"Suchen Sie eine Glaslampe? Jetzt Glaslampe Money wei\u00df\/gr\u00fcn\/gelb bestellen. Auf unserer Website k\u00f6nnen Sie ganz einfach Glaskunst kaufen. \u2713 Gro\u00dfe Auswahl \u2713 Sc...\" \/>\n<meta name=\"robots\" content=\"noindex, follow, max-snippet:-1, max-image-preview:large, max-video-preview:-1\" \/>\n<meta property=\"og:locale\" content=\"de_DE\" \/>\n<meta property=\"og:type\" content=\"article\" \/>\n<meta property=\"og:title\" content=\"Glaslampe Money wei\u00df\/gr\u00fcn\/gelb\" \/>\n<meta property=\"og:description\" content=\"Suchen Sie eine Glaslampe? Jetzt Glaslampe Money wei\u00df\/gr\u00fcn\/gelb bestellen. Auf unserer Website k\u00f6nnen Sie ganz einfach Glaskunst kaufen. \u2713 Gro\u00dfe Auswahl \u2713 Sc...\" \/>\n<meta property=\"og:url\" content=\"https:\/\/dev.eliassen.nl\/de\/glaslampe-monet-weissgrungelb\/\" \/>\n<meta property=\"og:site_name\" content=\"Eliassen.nl\" \/>\n<meta property=\"article:publisher\" content=\"https:\/\/www.facebook.com\/TuincentrumEliassenAmmerzoden\" \/>\n<meta property=\"article:modified_time\" content=\"2024-12-05T14:41:26+00:00\" \/>\n<meta property=\"og:image\" content=\"https:\/\/dev.eliassen.nl\/wp-content\/uploads\/2024\/01\/eliassenglaslampmoneywitgroengeel.jpg\" \/>\n\t<meta property=\"og:image:width\" content=\"2048\" \/>\n\t<meta property=\"og:image:height\" content=\"1365\" \/>\n\t<meta property=\"og:image:type\" content=\"image\/jpeg\" \/>\n<meta name=\"twitter:card\" content=\"summary_large_image\" \/>\n<script type=\"application\/ld+json\" class=\"yoast-schema-graph\">{\"@context\":\"https:\/\/schema.org\",\"@graph\":[{\"@type\":\"WebPage\",\"@id\":\"https:\/\/dev.eliassen.nl\/de\/glaslampe-monet-weissgrungelb\/\",\"url\":\"https:\/\/dev.eliassen.nl\/de\/glaslampe-monet-weissgrungelb\/\",\"name\":\"Glaslampe Money wei\u00df\/gr\u00fcn\/gelb\",\"isPartOf\":{\"@id\":\"https:\/\/dev.eliassen.nl\/de\/#website\"},\"primaryImageOfPage\":{\"@id\":\"https:\/\/dev.eliassen.nl\/de\/glaslampe-monet-weissgrungelb\/#primaryimage\"},\"image\":{\"@id\":\"https:\/\/dev.eliassen.nl\/de\/glaslampe-monet-weissgrungelb\/#primaryimage\"},\"thumbnailUrl\":\"https:\/\/dev.eliassen.nl\/wp-content\/uploads\/2024\/01\/eliassenglaslampmoneywitgroengeel.jpg\",\"datePublished\":\"2020-09-12T11:24:37+00:00\",\"dateModified\":\"2024-12-05T14:41:26+00:00\",\"description\":\"Suchen Sie eine Glaslampe? Jetzt Glaslampe Money wei\u00df\/gr\u00fcn\/gelb bestellen. Auf unserer Website k\u00f6nnen Sie ganz einfach Glaskunst kaufen. \u2713 Gro\u00dfe Auswahl \u2713 Sc...\",\"breadcrumb\":{\"@id\":\"https:\/\/dev.eliassen.nl\/de\/glaslampe-monet-weissgrungelb\/#breadcrumb\"},\"inLanguage\":\"de\",\"potentialAction\":[{\"@type\":\"ReadAction\",\"target\":[\"https:\/\/dev.eliassen.nl\/de\/glaslampe-monet-weissgrungelb\/\"]}]},{\"@type\":\"ImageObject\",\"inLanguage\":\"de\",\"@id\":\"https:\/\/dev.eliassen.nl\/de\/glaslampe-monet-weissgrungelb\/#primaryimage\",\"url\":\"https:\/\/dev.eliassen.nl\/wp-content\/uploads\/2024\/01\/eliassenglaslampmoneywitgroengeel.jpg\",\"contentUrl\":\"https:\/\/dev.eliassen.nl\/wp-content\/uploads\/2024\/01\/eliassenglaslampmoneywitgroengeel.jpg\",\"width\":2048,\"height\":1365,\"caption\":\"Eliassen Glaslamp Money wit\/groen\/geel\"},{\"@type\":\"BreadcrumbList\",\"@id\":\"https:\/\/dev.eliassen.nl\/de\/glaslampe-monet-weissgrungelb\/#breadcrumb\",\"itemListElement\":[{\"@type\":\"ListItem\",\"position\":1,\"name\":\"Home\",\"item\":\"https:\/\/dev.eliassen.nl\/de\/\"},{\"@type\":\"ListItem\",\"position\":2,\"name\":\"Shop\",\"item\":\"https:\/\/dev.eliassen.nl\/nl\/winkel\/\"},{\"@type\":\"ListItem\",\"position\":3,\"name\":\"Glaskunst\",\"item\":\"https:\/\/dev.eliassen.nl\/de\/glaskunst\/\"},{\"@type\":\"ListItem\",\"position\":4,\"name\":\"Glaslampen\",\"item\":\"https:\/\/dev.eliassen.nl\/de\/glaskunst\/glaslampen\/\"},{\"@type\":\"ListItem\",\"position\":5,\"name\":\"Glaslampe Monet wei\u00df\/gr\u00fcn\/gelb\"}]},{\"@type\":\"WebSite\",\"@id\":\"https:\/\/dev.eliassen.nl\/de\/#website\",\"url\":\"https:\/\/dev.eliassen.nl\/de\/\",\"name\":\"Eliassen Home & Garden Pleasure\",\"description\":\"\",\"publisher\":{\"@id\":\"https:\/\/dev.eliassen.nl\/de\/#organization\"},\"alternateName\":\"Eliassen.nl\",\"potentialAction\":[{\"@type\":\"SearchAction\",\"target\":{\"@type\":\"EntryPoint\",\"urlTemplate\":\"https:\/\/dev.eliassen.nl\/de\/?s={search_term_string}\"},\"query-input\":{\"@type\":\"PropertyValueSpecification\",\"valueRequired\":true,\"valueName\":\"search_term_string\"}}],\"inLanguage\":\"de\"},{\"@type\":\"Organization\",\"@id\":\"https:\/\/dev.eliassen.nl\/de\/#organization\",\"name\":\"Eliassen Home & Garden Pleasure\",\"url\":\"https:\/\/dev.eliassen.nl\/de\/\",\"logo\":{\"@type\":\"ImageObject\",\"inLanguage\":\"de\",\"@id\":\"https:\/\/dev.eliassen.nl\/de\/#\/schema\/logo\/image\/\",\"url\":\"https:\/\/www.eliassen.nl\/wp-content\/uploads\/2024\/01\/logo_4nd.jpg\",\"contentUrl\":\"https:\/\/www.eliassen.nl\/wp-content\/uploads\/2024\/01\/logo_4nd.jpg\",\"width\":500,\"height\":500,\"caption\":\"Eliassen Home & Garden Pleasure\"},\"image\":{\"@id\":\"https:\/\/dev.eliassen.nl\/de\/#\/schema\/logo\/image\/\"},\"sameAs\":[\"https:\/\/www.facebook.com\/TuincentrumEliassenAmmerzoden\",\"https:\/\/www.instagram.com\/eliassenhomeandgarden\/\",\"https:\/\/nl.pinterest.com\/eliassenhomeandgarden\/\",\"https:\/\/www.youtube.com\/@eliassenhomegardenpleasure4558\"]}]}<\/script>\n<!-- \/ Yoast SEO plugin. -->","yoast_head_json":{"title":"Glaslampe Money wei\u00df\/gr\u00fcn\/gelb","description":"Suchen Sie eine Glaslampe? Jetzt Glaslampe Money wei\u00df\/gr\u00fcn\/gelb bestellen. Auf unserer Website k\u00f6nnen Sie ganz einfach Glaskunst kaufen. \u2713 Gro\u00dfe Auswahl \u2713 Sc...","robots":{"index":"noindex","follow":"follow","max-snippet":"max-snippet:-1","max-image-preview":"max-image-preview:large","max-video-preview":"max-video-preview:-1"},"og_locale":"de_DE","og_type":"article","og_title":"Glaslampe Money wei\u00df\/gr\u00fcn\/gelb","og_description":"Suchen Sie eine Glaslampe? Jetzt Glaslampe Money wei\u00df\/gr\u00fcn\/gelb bestellen. Auf unserer Website k\u00f6nnen Sie ganz einfach Glaskunst kaufen. \u2713 Gro\u00dfe Auswahl \u2713 Sc...","og_url":"https:\/\/dev.eliassen.nl\/de\/glaslampe-monet-weissgrungelb\/","og_site_name":"Eliassen.nl","article_publisher":"https:\/\/www.facebook.com\/TuincentrumEliassenAmmerzoden","article_modified_time":"2024-12-05T14:41:26+00:00","og_image":[{"width":2048,"height":1365,"url":"https:\/\/dev.eliassen.nl\/wp-content\/uploads\/2024\/01\/eliassenglaslampmoneywitgroengeel.jpg","type":"image\/jpeg"}],"twitter_card":"summary_large_image","schema":{"@context":"https:\/\/schema.org","@graph":[{"@type":"WebPage","@id":"https:\/\/dev.eliassen.nl\/de\/glaslampe-monet-weissgrungelb\/","url":"https:\/\/dev.eliassen.nl\/de\/glaslampe-monet-weissgrungelb\/","name":"Glaslampe Money wei\u00df\/gr\u00fcn\/gelb","isPartOf":{"@id":"https:\/\/dev.eliassen.nl\/de\/#website"},"primaryImageOfPage":{"@id":"https:\/\/dev.eliassen.nl\/de\/glaslampe-monet-weissgrungelb\/#primaryimage"},"image":{"@id":"https:\/\/dev.eliassen.nl\/de\/glaslampe-monet-weissgrungelb\/#primaryimage"},"thumbnailUrl":"https:\/\/dev.eliassen.nl\/wp-content\/uploads\/2024\/01\/eliassenglaslampmoneywitgroengeel.jpg","datePublished":"2020-09-12T11:24:37+00:00","dateModified":"2024-12-05T14:41:26+00:00","description":"Suchen Sie eine Glaslampe? Jetzt Glaslampe Money wei\u00df\/gr\u00fcn\/gelb bestellen. Auf unserer Website k\u00f6nnen Sie ganz einfach Glaskunst kaufen. \u2713 Gro\u00dfe Auswahl \u2713 Sc...","breadcrumb":{"@id":"https:\/\/dev.eliassen.nl\/de\/glaslampe-monet-weissgrungelb\/#breadcrumb"},"inLanguage":"de","potentialAction":[{"@type":"ReadAction","target":["https:\/\/dev.eliassen.nl\/de\/glaslampe-monet-weissgrungelb\/"]}]},{"@type":"ImageObject","inLanguage":"de","@id":"https:\/\/dev.eliassen.nl\/de\/glaslampe-monet-weissgrungelb\/#primaryimage","url":"https:\/\/dev.eliassen.nl\/wp-content\/uploads\/2024\/01\/eliassenglaslampmoneywitgroengeel.jpg","contentUrl":"https:\/\/dev.eliassen.nl\/wp-content\/uploads\/2024\/01\/eliassenglaslampmoneywitgroengeel.jpg","width":2048,"height":1365,"caption":"Eliassen Glaslamp Money wit\/groen\/geel"},{"@type":"BreadcrumbList","@id":"https:\/\/dev.eliassen.nl\/de\/glaslampe-monet-weissgrungelb\/#breadcrumb","itemListElement":[{"@type":"ListItem","position":1,"name":"Home","item":"https:\/\/dev.eliassen.nl\/de\/"},{"@type":"ListItem","position":2,"name":"Shop","item":"https:\/\/dev.eliassen.nl\/nl\/winkel\/"},{"@type":"ListItem","position":3,"name":"Glaskunst","item":"https:\/\/dev.eliassen.nl\/de\/glaskunst\/"},{"@type":"ListItem","position":4,"name":"Glaslampen","item":"https:\/\/dev.eliassen.nl\/de\/glaskunst\/glaslampen\/"},{"@type":"ListItem","position":5,"name":"Glaslampe Monet wei\u00df\/gr\u00fcn\/gelb"}]},{"@type":"WebSite","@id":"https:\/\/dev.eliassen.nl\/de\/#website","url":"https:\/\/dev.eliassen.nl\/de\/","name":"Eliassen Home & Garden Pleasure","description":"","publisher":{"@id":"https:\/\/dev.eliassen.nl\/de\/#organization"},"alternateName":"Eliassen.nl","potentialAction":[{"@type":"SearchAction","target":{"@type":"EntryPoint","urlTemplate":"https:\/\/dev.eliassen.nl\/de\/?s={search_term_string}"},"query-input":{"@type":"PropertyValueSpecification","valueRequired":true,"valueName":"search_term_string"}}],"inLanguage":"de"},{"@type":"Organization","@id":"https:\/\/dev.eliassen.nl\/de\/#organization","name":"Eliassen Home & Garden Pleasure","url":"https:\/\/dev.eliassen.nl\/de\/","logo":{"@type":"ImageObject","inLanguage":"de","@id":"https:\/\/dev.eliassen.nl\/de\/#\/schema\/logo\/image\/","url":"https:\/\/www.eliassen.nl\/wp-content\/uploads\/2024\/01\/logo_4nd.jpg","contentUrl":"https:\/\/www.eliassen.nl\/wp-content\/uploads\/2024\/01\/logo_4nd.jpg","width":500,"height":500,"caption":"Eliassen Home & Garden Pleasure"},"image":{"@id":"https:\/\/dev.eliassen.nl\/de\/#\/schema\/logo\/image\/"},"sameAs":["https:\/\/www.facebook.com\/TuincentrumEliassenAmmerzoden","https:\/\/www.instagram.com\/eliassenhomeandgarden\/","https:\/\/nl.pinterest.com\/eliassenhomeandgarden\/","https:\/\/www.youtube.com\/@eliassenhomegardenpleasure4558"]}]}},"df_price":169.95,"df_sale_price":"","df_regular_price":169.95,"df_image_link":"https:\/\/dev.eliassen.nl\/wp-content\/uploads\/2024\/01\/eliassenglaslampmoneywitgroengeel.jpg","image":"https:\/\/dev.eliassen.nl\/wp-content\/uploads\/2024\/01\/eliassenglaslampmoneywitgroengeel.jpg","price_search":"<span class=\"woocommerce-Price-amount amount\"><bdi><span class=\"woocommerce-Price-currencySymbol\">&euro;<\/span>&nbsp;169,95<\/bdi><\/span>","category":"Glaskunst","_links":{"self":[{"href":"https:\/\/dev.eliassen.nl\/de\/wp-json\/wp\/v2\/product\/24922","targetHints":{"allow":["GET"]}}],"collection":[{"href":"https:\/\/dev.eliassen.nl\/de\/wp-json\/wp\/v2\/product"}],"about":[{"href":"https:\/\/dev.eliassen.nl\/de\/wp-json\/wp\/v2\/types\/product"}],"wp:featuredmedia":[{"embeddable":true,"href":"https:\/\/dev.eliassen.nl\/de\/wp-json\/wp\/v2\/media\/24910"}],"wp:attachment":[{"href":"https:\/\/dev.eliassen.nl\/de\/wp-json\/wp\/v2\/media?parent=24922"}],"wp:term":[{"taxonomy":"product_brand","embeddable":true,"href":"https:\/\/dev.eliassen.nl\/de\/wp-json\/wp\/v2\/product_brand?post=24922"},{"taxonomy":"product_cat","embeddable":true,"href":"https:\/\/dev.eliassen.nl\/de\/wp-json\/wp\/v2\/product_cat?post=24922"},{"taxonomy":"product_tag","embeddable":true,"href":"https:\/\/dev.eliassen.nl\/de\/wp-json\/wp\/v2\/product_tag?post=24922"}],"curies":[{"name":"wp","href":"https:\/\/api.w.org\/{rel}","templated":true}]}}