{"id":24952,"date":"2020-09-14T16:19:47","date_gmt":"2020-09-14T14:19:47","guid":{"rendered":"https:\/\/www.eliassen.nl\/?product=rvs-waterzuil-florida"},"modified":"2024-12-05T15:41:27","modified_gmt":"2024-12-05T14:41:27","slug":"edelstahl-wassersaule-florida","status":"publish","type":"product","link":"https:\/\/dev.eliassen.nl\/de\/edelstahl-wassersaule-florida\/","title":{"rendered":"Edelstahl-Wassers\u00e4ule Florida"},"content":{"rendered":"<p><strong>Dies ist eine lose Verzierung. Erkundigen Sie sich nach den anderen erforderlichen Teilen.<\/strong><\/p>\n<p>Eine wundersch\u00f6ne Wassers\u00e4ule aus Edelstahl in Diaboloform. Ein sch\u00f6nes Element in Ihrem modernen Garten. Handgefertigt und sehr einzigartig, daher k\u00f6nnen einige Unvollkommenheiten auftreten. Gibt einen sch\u00f6nen Wassereffekt, auch im Dunkeln, wenn ein Punkt darauf gerichtet ist.<\/p>\n<p><strong>Vergessen Sie nicht, unseren Showroom mit 300 Modellen zu besuchen, wo Sie gut beraten werden!<\/strong><\/p>\n<ul>\n<li>Material: Edelstahl 1 mm 316<\/li>\n<li>Gr\u00f6\u00dfe: 20 cm Durchmesser, 80 cm hoch<\/li>\n<li>10 Jahre Garantie<\/li>\n<li>Mit LED: nein, mit Spot viel sch\u00f6nere Wirkung<\/li>\n<li>Schnell geliefert<\/li>\n<li>Nirgendwo sonst zu verkaufen<\/li>\n<li>Haben Sie eine Frage zu diesem Produkt oder m\u00f6chten Sie wissen, was noch ben\u00f6tigt wird, um ein Set zu vervollst\u00e4ndigen? Sie k\u00f6nnen uns gerne kontaktieren.<\/li>\n<\/ul>\n","protected":false},"excerpt":{"rendered":"<p>Dies ist eine lose Verzierung. Erkundigen Sie sich nach den anderen erforderlichen Teilen.<\/p>\n","protected":false},"featured_media":24946,"template":"","meta":{"_acf_changed":false},"product_brand":[],"product_cat":[536,566],"product_tag":[],"class_list":{"0":"post-24952","1":"product","2":"type-product","3":"status-publish","4":"has-post-thumbnail","6":"product_cat-wassereigenschaften","7":"product_cat-wasserspiele-aus-edelstahl","9":"first","10":"instock","11":"taxable","12":"shipping-taxable","13":"purchasable","14":"product-type-simple"},"acf":[],"yoast_head":"<!-- This site is optimized with the Yoast SEO plugin v23.8 - https:\/\/yoast.com\/wordpress\/plugins\/seo\/ -->\n<title>Moderne Wassers\u00e4ule aus Edelstahl f\u00fcr den Garten | Eliassen.nl<\/title>\n<meta name=\"description\" content=\"Eine moderne Wassers\u00e4ule aus Edelstahl, handgefertigt und einzigartig. Gibt einen sch\u00f6nen Wassereffekt! Nirgendwo anders zu kaufen, nur bei uns. Besuchen Sie...\" \/>\n<meta name=\"robots\" content=\"noindex, follow, max-snippet:-1, max-image-preview:large, max-video-preview:-1\" \/>\n<meta property=\"og:locale\" content=\"de_DE\" \/>\n<meta property=\"og:type\" content=\"article\" \/>\n<meta property=\"og:title\" content=\"Moderne Wassers\u00e4ule aus Edelstahl f\u00fcr den Garten | Eliassen.nl\" \/>\n<meta property=\"og:description\" content=\"Eine moderne Wassers\u00e4ule aus Edelstahl, handgefertigt und einzigartig. Gibt einen sch\u00f6nen Wassereffekt! Nirgendwo anders zu kaufen, nur bei uns. Besuchen Sie...\" \/>\n<meta property=\"og:url\" content=\"https:\/\/dev.eliassen.nl\/de\/edelstahl-wassersaule-florida\/\" \/>\n<meta property=\"og:site_name\" content=\"Eliassen.nl\" \/>\n<meta property=\"article:publisher\" content=\"https:\/\/www.facebook.com\/TuincentrumEliassenAmmerzoden\" \/>\n<meta property=\"article:modified_time\" content=\"2024-12-05T14:41:27+00:00\" \/>\n<meta property=\"og:image\" content=\"https:\/\/dev.eliassen.nl\/wp-content\/uploads\/2024\/01\/eliassenrvswaterzuilflorida.jpg\" \/>\n\t<meta property=\"og:image:width\" content=\"2048\" \/>\n\t<meta property=\"og:image:height\" content=\"2048\" \/>\n\t<meta property=\"og:image:type\" content=\"image\/jpeg\" \/>\n<meta name=\"twitter:card\" content=\"summary_large_image\" \/>\n<script type=\"application\/ld+json\" class=\"yoast-schema-graph\">{\"@context\":\"https:\/\/schema.org\",\"@graph\":[{\"@type\":\"WebPage\",\"@id\":\"https:\/\/dev.eliassen.nl\/de\/edelstahl-wassersaule-florida\/\",\"url\":\"https:\/\/dev.eliassen.nl\/de\/edelstahl-wassersaule-florida\/\",\"name\":\"Moderne Wassers\u00e4ule aus Edelstahl f\u00fcr den Garten | Eliassen.nl\",\"isPartOf\":{\"@id\":\"https:\/\/dev.eliassen.nl\/de\/#website\"},\"primaryImageOfPage\":{\"@id\":\"https:\/\/dev.eliassen.nl\/de\/edelstahl-wassersaule-florida\/#primaryimage\"},\"image\":{\"@id\":\"https:\/\/dev.eliassen.nl\/de\/edelstahl-wassersaule-florida\/#primaryimage\"},\"thumbnailUrl\":\"https:\/\/dev.eliassen.nl\/wp-content\/uploads\/2024\/01\/eliassenrvswaterzuilflorida.jpg\",\"datePublished\":\"2020-09-14T14:19:47+00:00\",\"dateModified\":\"2024-12-05T14:41:27+00:00\",\"description\":\"Eine moderne Wassers\u00e4ule aus Edelstahl, handgefertigt und einzigartig. Gibt einen sch\u00f6nen Wassereffekt! Nirgendwo anders zu kaufen, nur bei uns. Besuchen Sie...\",\"breadcrumb\":{\"@id\":\"https:\/\/dev.eliassen.nl\/de\/edelstahl-wassersaule-florida\/#breadcrumb\"},\"inLanguage\":\"de\",\"potentialAction\":[{\"@type\":\"ReadAction\",\"target\":[\"https:\/\/dev.eliassen.nl\/de\/edelstahl-wassersaule-florida\/\"]}]},{\"@type\":\"ImageObject\",\"inLanguage\":\"de\",\"@id\":\"https:\/\/dev.eliassen.nl\/de\/edelstahl-wassersaule-florida\/#primaryimage\",\"url\":\"https:\/\/dev.eliassen.nl\/wp-content\/uploads\/2024\/01\/eliassenrvswaterzuilflorida.jpg\",\"contentUrl\":\"https:\/\/dev.eliassen.nl\/wp-content\/uploads\/2024\/01\/eliassenrvswaterzuilflorida.jpg\",\"width\":2048,\"height\":2048,\"caption\":\"Eliassen RVS waterzuil Florida\"},{\"@type\":\"BreadcrumbList\",\"@id\":\"https:\/\/dev.eliassen.nl\/de\/edelstahl-wassersaule-florida\/#breadcrumb\",\"itemListElement\":[{\"@type\":\"ListItem\",\"position\":1,\"name\":\"Home\",\"item\":\"https:\/\/dev.eliassen.nl\/de\/\"},{\"@type\":\"ListItem\",\"position\":2,\"name\":\"Shop\",\"item\":\"https:\/\/dev.eliassen.nl\/nl\/winkel\/\"},{\"@type\":\"ListItem\",\"position\":3,\"name\":\"Wasserspiele\",\"item\":\"https:\/\/dev.eliassen.nl\/de\/wassereigenschaften\/\"},{\"@type\":\"ListItem\",\"position\":4,\"name\":\"Wasserspiele aus Edelstahl\",\"item\":\"https:\/\/dev.eliassen.nl\/de\/wassereigenschaften\/wasserspiele-aus-edelstahl\/\"},{\"@type\":\"ListItem\",\"position\":5,\"name\":\"Edelstahl-Wassers\u00e4ule Florida\"}]},{\"@type\":\"WebSite\",\"@id\":\"https:\/\/dev.eliassen.nl\/de\/#website\",\"url\":\"https:\/\/dev.eliassen.nl\/de\/\",\"name\":\"Eliassen Home & Garden Pleasure\",\"description\":\"\",\"publisher\":{\"@id\":\"https:\/\/dev.eliassen.nl\/de\/#organization\"},\"alternateName\":\"Eliassen.nl\",\"potentialAction\":[{\"@type\":\"SearchAction\",\"target\":{\"@type\":\"EntryPoint\",\"urlTemplate\":\"https:\/\/dev.eliassen.nl\/de\/?s={search_term_string}\"},\"query-input\":{\"@type\":\"PropertyValueSpecification\",\"valueRequired\":true,\"valueName\":\"search_term_string\"}}],\"inLanguage\":\"de\"},{\"@type\":\"Organization\",\"@id\":\"https:\/\/dev.eliassen.nl\/de\/#organization\",\"name\":\"Eliassen Home & Garden Pleasure\",\"url\":\"https:\/\/dev.eliassen.nl\/de\/\",\"logo\":{\"@type\":\"ImageObject\",\"inLanguage\":\"de\",\"@id\":\"https:\/\/dev.eliassen.nl\/de\/#\/schema\/logo\/image\/\",\"url\":\"https:\/\/www.eliassen.nl\/wp-content\/uploads\/2024\/01\/logo_4nd.jpg\",\"contentUrl\":\"https:\/\/www.eliassen.nl\/wp-content\/uploads\/2024\/01\/logo_4nd.jpg\",\"width\":500,\"height\":500,\"caption\":\"Eliassen Home & Garden Pleasure\"},\"image\":{\"@id\":\"https:\/\/dev.eliassen.nl\/de\/#\/schema\/logo\/image\/\"},\"sameAs\":[\"https:\/\/www.facebook.com\/TuincentrumEliassenAmmerzoden\",\"https:\/\/www.instagram.com\/eliassenhomeandgarden\/\",\"https:\/\/nl.pinterest.com\/eliassenhomeandgarden\/\",\"https:\/\/www.youtube.com\/@eliassenhomegardenpleasure4558\"]}]}<\/script>\n<!-- \/ Yoast SEO plugin. -->","yoast_head_json":{"title":"Moderne Wassers\u00e4ule aus Edelstahl f\u00fcr den Garten | Eliassen.nl","description":"Eine moderne Wassers\u00e4ule aus Edelstahl, handgefertigt und einzigartig. Gibt einen sch\u00f6nen Wassereffekt! Nirgendwo anders zu kaufen, nur bei uns. Besuchen Sie...","robots":{"index":"noindex","follow":"follow","max-snippet":"max-snippet:-1","max-image-preview":"max-image-preview:large","max-video-preview":"max-video-preview:-1"},"og_locale":"de_DE","og_type":"article","og_title":"Moderne Wassers\u00e4ule aus Edelstahl f\u00fcr den Garten | Eliassen.nl","og_description":"Eine moderne Wassers\u00e4ule aus Edelstahl, handgefertigt und einzigartig. Gibt einen sch\u00f6nen Wassereffekt! Nirgendwo anders zu kaufen, nur bei uns. Besuchen Sie...","og_url":"https:\/\/dev.eliassen.nl\/de\/edelstahl-wassersaule-florida\/","og_site_name":"Eliassen.nl","article_publisher":"https:\/\/www.facebook.com\/TuincentrumEliassenAmmerzoden","article_modified_time":"2024-12-05T14:41:27+00:00","og_image":[{"width":2048,"height":2048,"url":"https:\/\/dev.eliassen.nl\/wp-content\/uploads\/2024\/01\/eliassenrvswaterzuilflorida.jpg","type":"image\/jpeg"}],"twitter_card":"summary_large_image","schema":{"@context":"https:\/\/schema.org","@graph":[{"@type":"WebPage","@id":"https:\/\/dev.eliassen.nl\/de\/edelstahl-wassersaule-florida\/","url":"https:\/\/dev.eliassen.nl\/de\/edelstahl-wassersaule-florida\/","name":"Moderne Wassers\u00e4ule aus Edelstahl f\u00fcr den Garten | Eliassen.nl","isPartOf":{"@id":"https:\/\/dev.eliassen.nl\/de\/#website"},"primaryImageOfPage":{"@id":"https:\/\/dev.eliassen.nl\/de\/edelstahl-wassersaule-florida\/#primaryimage"},"image":{"@id":"https:\/\/dev.eliassen.nl\/de\/edelstahl-wassersaule-florida\/#primaryimage"},"thumbnailUrl":"https:\/\/dev.eliassen.nl\/wp-content\/uploads\/2024\/01\/eliassenrvswaterzuilflorida.jpg","datePublished":"2020-09-14T14:19:47+00:00","dateModified":"2024-12-05T14:41:27+00:00","description":"Eine moderne Wassers\u00e4ule aus Edelstahl, handgefertigt und einzigartig. Gibt einen sch\u00f6nen Wassereffekt! Nirgendwo anders zu kaufen, nur bei uns. Besuchen Sie...","breadcrumb":{"@id":"https:\/\/dev.eliassen.nl\/de\/edelstahl-wassersaule-florida\/#breadcrumb"},"inLanguage":"de","potentialAction":[{"@type":"ReadAction","target":["https:\/\/dev.eliassen.nl\/de\/edelstahl-wassersaule-florida\/"]}]},{"@type":"ImageObject","inLanguage":"de","@id":"https:\/\/dev.eliassen.nl\/de\/edelstahl-wassersaule-florida\/#primaryimage","url":"https:\/\/dev.eliassen.nl\/wp-content\/uploads\/2024\/01\/eliassenrvswaterzuilflorida.jpg","contentUrl":"https:\/\/dev.eliassen.nl\/wp-content\/uploads\/2024\/01\/eliassenrvswaterzuilflorida.jpg","width":2048,"height":2048,"caption":"Eliassen RVS waterzuil Florida"},{"@type":"BreadcrumbList","@id":"https:\/\/dev.eliassen.nl\/de\/edelstahl-wassersaule-florida\/#breadcrumb","itemListElement":[{"@type":"ListItem","position":1,"name":"Home","item":"https:\/\/dev.eliassen.nl\/de\/"},{"@type":"ListItem","position":2,"name":"Shop","item":"https:\/\/dev.eliassen.nl\/nl\/winkel\/"},{"@type":"ListItem","position":3,"name":"Wasserspiele","item":"https:\/\/dev.eliassen.nl\/de\/wassereigenschaften\/"},{"@type":"ListItem","position":4,"name":"Wasserspiele aus Edelstahl","item":"https:\/\/dev.eliassen.nl\/de\/wassereigenschaften\/wasserspiele-aus-edelstahl\/"},{"@type":"ListItem","position":5,"name":"Edelstahl-Wassers\u00e4ule Florida"}]},{"@type":"WebSite","@id":"https:\/\/dev.eliassen.nl\/de\/#website","url":"https:\/\/dev.eliassen.nl\/de\/","name":"Eliassen Home & Garden Pleasure","description":"","publisher":{"@id":"https:\/\/dev.eliassen.nl\/de\/#organization"},"alternateName":"Eliassen.nl","potentialAction":[{"@type":"SearchAction","target":{"@type":"EntryPoint","urlTemplate":"https:\/\/dev.eliassen.nl\/de\/?s={search_term_string}"},"query-input":{"@type":"PropertyValueSpecification","valueRequired":true,"valueName":"search_term_string"}}],"inLanguage":"de"},{"@type":"Organization","@id":"https:\/\/dev.eliassen.nl\/de\/#organization","name":"Eliassen Home & Garden Pleasure","url":"https:\/\/dev.eliassen.nl\/de\/","logo":{"@type":"ImageObject","inLanguage":"de","@id":"https:\/\/dev.eliassen.nl\/de\/#\/schema\/logo\/image\/","url":"https:\/\/www.eliassen.nl\/wp-content\/uploads\/2024\/01\/logo_4nd.jpg","contentUrl":"https:\/\/www.eliassen.nl\/wp-content\/uploads\/2024\/01\/logo_4nd.jpg","width":500,"height":500,"caption":"Eliassen Home & Garden Pleasure"},"image":{"@id":"https:\/\/dev.eliassen.nl\/de\/#\/schema\/logo\/image\/"},"sameAs":["https:\/\/www.facebook.com\/TuincentrumEliassenAmmerzoden","https:\/\/www.instagram.com\/eliassenhomeandgarden\/","https:\/\/nl.pinterest.com\/eliassenhomeandgarden\/","https:\/\/www.youtube.com\/@eliassenhomegardenpleasure4558"]}]}},"df_price":275,"df_sale_price":"","df_regular_price":275,"df_image_link":"https:\/\/dev.eliassen.nl\/wp-content\/uploads\/2024\/01\/eliassenrvswaterzuilflorida.jpg","image":"https:\/\/dev.eliassen.nl\/wp-content\/uploads\/2024\/01\/eliassenrvswaterzuilflorida.jpg","price_search":"<span class=\"woocommerce-Price-amount amount\"><bdi><span class=\"woocommerce-Price-currencySymbol\">&euro;<\/span>&nbsp;275,00<\/bdi><\/span>","category":"Wasserspiele","_links":{"self":[{"href":"https:\/\/dev.eliassen.nl\/de\/wp-json\/wp\/v2\/product\/24952","targetHints":{"allow":["GET"]}}],"collection":[{"href":"https:\/\/dev.eliassen.nl\/de\/wp-json\/wp\/v2\/product"}],"about":[{"href":"https:\/\/dev.eliassen.nl\/de\/wp-json\/wp\/v2\/types\/product"}],"wp:featuredmedia":[{"embeddable":true,"href":"https:\/\/dev.eliassen.nl\/de\/wp-json\/wp\/v2\/media\/24946"}],"wp:attachment":[{"href":"https:\/\/dev.eliassen.nl\/de\/wp-json\/wp\/v2\/media?parent=24952"}],"wp:term":[{"taxonomy":"product_brand","embeddable":true,"href":"https:\/\/dev.eliassen.nl\/de\/wp-json\/wp\/v2\/product_brand?post=24952"},{"taxonomy":"product_cat","embeddable":true,"href":"https:\/\/dev.eliassen.nl\/de\/wp-json\/wp\/v2\/product_cat?post=24952"},{"taxonomy":"product_tag","embeddable":true,"href":"https:\/\/dev.eliassen.nl\/de\/wp-json\/wp\/v2\/product_tag?post=24952"}],"curies":[{"name":"wp","href":"https:\/\/api.w.org\/{rel}","templated":true}]}}