{"id":24976,"date":"2020-09-16T14:39:27","date_gmt":"2020-09-16T12:39:27","guid":{"rendered":"https:\/\/www.eliassen.nl\/?product=schilderij-metaal-olifant-front-100x100cm"},"modified":"2024-12-11T13:01:04","modified_gmt":"2024-12-11T12:01:04","slug":"lackierauto-auto-an-der-pumpe-120x80cm","status":"publish","type":"product","link":"https:\/\/dev.eliassen.nl\/de\/lackierauto-auto-an-der-pumpe-120x80cm\/","title":{"rendered":"Lackierauto Auto an der Pumpe 120x80cm"},"content":{"rendered":"<p>Metallmalerei mit dem Bild eines Autos an einer Pumpe, erhaben aus losen Metallteilen, die alle von Hand zusammengeschwei\u00dft werden, f\u00fcr einen optimalen 3D-Effekt. Ein sch\u00f6nes St\u00fcck Wanddekoration f\u00fcr zu Hause, drau\u00dfen unter einem Schutz oder in Ihrer Firma. Farben und allgemeines Erscheinungsbild k\u00f6nnen vom Foto abweichen, da das gesamte Objekt von Menschenhand hergestellt wird.<\/p>\n<p><strong>Fast die gesamte Serie von Metallgem\u00e4lden kann auch live in unserem Gesch\u00e4ft angesehen werden, eine Auswahl von 350 Metallgem\u00e4lden und 1500 anderen Gem\u00e4ldemodellen !!<\/strong><\/p>\n<ul>\n<li>Gr\u00f6\u00dfe: 120 x 80 x 5,5 cm<\/li>\n<li>Material: lackiertes Metall<\/li>\n<li>Einfach mit 2 Schrauben aufzuh\u00e4ngen<\/li>\n<li>F\u00fcr innen oder au\u00dfen unter Deckung<\/li>\n<li>1 Jahr Garantie<\/li>\n<\/ul>\n","protected":false},"excerpt":{"rendered":"<p>Metallmalerei mit dem Bild eines Autos an einer Pumpe, erhaben aus losen Metallteilen, die alle von Hand zusammengeschwei\u00dft werden, f\u00fcr einen optimalen 3D-Effekt. Ein sch\u00f6nes St\u00fcck Wanddekoration f\u00fcr zu Hause, drau\u00dfen unter einem Schutz oder in Ihrer Firma. Farben und allgemeines Erscheinungsbild k\u00f6nnen vom Foto abweichen, da das gesamte Objekt von Menschenhand hergestellt wird. Fast &hellip;<\/p>\n","protected":false},"featured_media":24973,"template":"","meta":{"_acf_changed":false},"product_brand":[],"product_cat":[419,434,410],"product_tag":[],"class_list":{"0":"post-24976","1":"product","2":"type-product","3":"status-publish","4":"has-post-thumbnail","6":"product_cat-3d-gemaelde-aus-metall","7":"product_cat-3d-gemaelde-aus-metall-im-format-80x120cm","8":"product_cat-gemaelde","10":"first","11":"instock","12":"taxable","13":"shipping-taxable","14":"purchasable","15":"product-type-simple"},"acf":[],"yoast_head":"<!-- This site is optimized with the Yoast SEO plugin v23.8 - https:\/\/yoast.com\/wordpress\/plugins\/seo\/ -->\n<title>Lackierauto Auto an der Pumpe 120x80cm<\/title>\n<meta name=\"description\" content=\"Auf der Suche nach einem Metallgem\u00e4lde? Jetzt bestellen Lackierauto Auto an der Pumpe. Sie k\u00f6nnen ganz einfach ein Gem\u00e4lde auf unserer Website kaufen. \u2713 Gro\u00df...\" \/>\n<meta name=\"robots\" content=\"noindex, follow, max-snippet:-1, max-image-preview:large, max-video-preview:-1\" \/>\n<meta property=\"og:locale\" content=\"de_DE\" \/>\n<meta property=\"og:type\" content=\"article\" \/>\n<meta property=\"og:title\" content=\"Lackierauto Auto an der Pumpe 120x80cm\" \/>\n<meta property=\"og:description\" content=\"Auf der Suche nach einem Metallgem\u00e4lde? Jetzt bestellen Lackierauto Auto an der Pumpe. Sie k\u00f6nnen ganz einfach ein Gem\u00e4lde auf unserer Website kaufen. \u2713 Gro\u00df...\" \/>\n<meta property=\"og:url\" content=\"https:\/\/dev.eliassen.nl\/de\/lackierauto-auto-an-der-pumpe-120x80cm\/\" \/>\n<meta property=\"og:site_name\" content=\"Eliassen.nl\" \/>\n<meta property=\"article:publisher\" content=\"https:\/\/www.facebook.com\/TuincentrumEliassenAmmerzoden\" \/>\n<meta property=\"article:modified_time\" content=\"2024-12-11T12:01:04+00:00\" \/>\n<meta property=\"og:image\" content=\"https:\/\/dev.eliassen.nl\/wp-content\/uploads\/2024\/01\/eliassenschilderijmetaalautobijpomp120x80cm.jpg\" \/>\n\t<meta property=\"og:image:width\" content=\"1000\" \/>\n\t<meta property=\"og:image:height\" content=\"750\" \/>\n\t<meta property=\"og:image:type\" content=\"image\/jpeg\" \/>\n<meta name=\"twitter:card\" content=\"summary_large_image\" \/>\n<script type=\"application\/ld+json\" class=\"yoast-schema-graph\">{\"@context\":\"https:\/\/schema.org\",\"@graph\":[{\"@type\":\"WebPage\",\"@id\":\"https:\/\/dev.eliassen.nl\/de\/lackierauto-auto-an-der-pumpe-120x80cm\/\",\"url\":\"https:\/\/dev.eliassen.nl\/de\/lackierauto-auto-an-der-pumpe-120x80cm\/\",\"name\":\"Lackierauto Auto an der Pumpe 120x80cm\",\"isPartOf\":{\"@id\":\"https:\/\/dev.eliassen.nl\/de\/#website\"},\"primaryImageOfPage\":{\"@id\":\"https:\/\/dev.eliassen.nl\/de\/lackierauto-auto-an-der-pumpe-120x80cm\/#primaryimage\"},\"image\":{\"@id\":\"https:\/\/dev.eliassen.nl\/de\/lackierauto-auto-an-der-pumpe-120x80cm\/#primaryimage\"},\"thumbnailUrl\":\"https:\/\/dev.eliassen.nl\/wp-content\/uploads\/2024\/01\/eliassenschilderijmetaalautobijpomp120x80cm.jpg\",\"datePublished\":\"2020-09-16T12:39:27+00:00\",\"dateModified\":\"2024-12-11T12:01:04+00:00\",\"description\":\"Auf der Suche nach einem Metallgem\u00e4lde? Jetzt bestellen Lackierauto Auto an der Pumpe. Sie k\u00f6nnen ganz einfach ein Gem\u00e4lde auf unserer Website kaufen. \u2713 Gro\u00df...\",\"breadcrumb\":{\"@id\":\"https:\/\/dev.eliassen.nl\/de\/lackierauto-auto-an-der-pumpe-120x80cm\/#breadcrumb\"},\"inLanguage\":\"de\",\"potentialAction\":[{\"@type\":\"ReadAction\",\"target\":[\"https:\/\/dev.eliassen.nl\/de\/lackierauto-auto-an-der-pumpe-120x80cm\/\"]}]},{\"@type\":\"ImageObject\",\"inLanguage\":\"de\",\"@id\":\"https:\/\/dev.eliassen.nl\/de\/lackierauto-auto-an-der-pumpe-120x80cm\/#primaryimage\",\"url\":\"https:\/\/dev.eliassen.nl\/wp-content\/uploads\/2024\/01\/eliassenschilderijmetaalautobijpomp120x80cm.jpg\",\"contentUrl\":\"https:\/\/dev.eliassen.nl\/wp-content\/uploads\/2024\/01\/eliassenschilderijmetaalautobijpomp120x80cm.jpg\",\"width\":1000,\"height\":750,\"caption\":\"Eliassen Schilderij metaal Auto bij Pomp 120x80cm\"},{\"@type\":\"BreadcrumbList\",\"@id\":\"https:\/\/dev.eliassen.nl\/de\/lackierauto-auto-an-der-pumpe-120x80cm\/#breadcrumb\",\"itemListElement\":[{\"@type\":\"ListItem\",\"position\":1,\"name\":\"Home\",\"item\":\"https:\/\/dev.eliassen.nl\/de\/\"},{\"@type\":\"ListItem\",\"position\":2,\"name\":\"Shop\",\"item\":\"https:\/\/dev.eliassen.nl\/nl\/winkel\/\"},{\"@type\":\"ListItem\",\"position\":3,\"name\":\"Gem\u00e4lde\",\"item\":\"https:\/\/dev.eliassen.nl\/de\/gemaelde\/\"},{\"@type\":\"ListItem\",\"position\":4,\"name\":\"3D-Gem\u00e4lde aus Metall\",\"item\":\"https:\/\/dev.eliassen.nl\/de\/gemaelde\/3d-gemaelde-aus-metall\/\"},{\"@type\":\"ListItem\",\"position\":5,\"name\":\"3D-Gem\u00e4lde aus Metall im Format 80x120cm\",\"item\":\"https:\/\/dev.eliassen.nl\/de\/gemaelde\/3d-gemaelde-aus-metall\/3d-gemaelde-aus-metall-im-format-80x120cm\/\"},{\"@type\":\"ListItem\",\"position\":6,\"name\":\"Lackierauto Auto an der Pumpe 120x80cm\"}]},{\"@type\":\"WebSite\",\"@id\":\"https:\/\/dev.eliassen.nl\/de\/#website\",\"url\":\"https:\/\/dev.eliassen.nl\/de\/\",\"name\":\"Eliassen Home & Garden Pleasure\",\"description\":\"\",\"publisher\":{\"@id\":\"https:\/\/dev.eliassen.nl\/de\/#organization\"},\"alternateName\":\"Eliassen.nl\",\"potentialAction\":[{\"@type\":\"SearchAction\",\"target\":{\"@type\":\"EntryPoint\",\"urlTemplate\":\"https:\/\/dev.eliassen.nl\/de\/?s={search_term_string}\"},\"query-input\":{\"@type\":\"PropertyValueSpecification\",\"valueRequired\":true,\"valueName\":\"search_term_string\"}}],\"inLanguage\":\"de\"},{\"@type\":\"Organization\",\"@id\":\"https:\/\/dev.eliassen.nl\/de\/#organization\",\"name\":\"Eliassen Home & Garden Pleasure\",\"url\":\"https:\/\/dev.eliassen.nl\/de\/\",\"logo\":{\"@type\":\"ImageObject\",\"inLanguage\":\"de\",\"@id\":\"https:\/\/dev.eliassen.nl\/de\/#\/schema\/logo\/image\/\",\"url\":\"https:\/\/www.eliassen.nl\/wp-content\/uploads\/2024\/01\/logo_4nd.jpg\",\"contentUrl\":\"https:\/\/www.eliassen.nl\/wp-content\/uploads\/2024\/01\/logo_4nd.jpg\",\"width\":500,\"height\":500,\"caption\":\"Eliassen Home & Garden Pleasure\"},\"image\":{\"@id\":\"https:\/\/dev.eliassen.nl\/de\/#\/schema\/logo\/image\/\"},\"sameAs\":[\"https:\/\/www.facebook.com\/TuincentrumEliassenAmmerzoden\",\"https:\/\/www.instagram.com\/eliassenhomeandgarden\/\",\"https:\/\/nl.pinterest.com\/eliassenhomeandgarden\/\",\"https:\/\/www.youtube.com\/@eliassenhomegardenpleasure4558\"]}]}<\/script>\n<!-- \/ Yoast SEO plugin. -->","yoast_head_json":{"title":"Lackierauto Auto an der Pumpe 120x80cm","description":"Auf der Suche nach einem Metallgem\u00e4lde? Jetzt bestellen Lackierauto Auto an der Pumpe. Sie k\u00f6nnen ganz einfach ein Gem\u00e4lde auf unserer Website kaufen. \u2713 Gro\u00df...","robots":{"index":"noindex","follow":"follow","max-snippet":"max-snippet:-1","max-image-preview":"max-image-preview:large","max-video-preview":"max-video-preview:-1"},"og_locale":"de_DE","og_type":"article","og_title":"Lackierauto Auto an der Pumpe 120x80cm","og_description":"Auf der Suche nach einem Metallgem\u00e4lde? Jetzt bestellen Lackierauto Auto an der Pumpe. Sie k\u00f6nnen ganz einfach ein Gem\u00e4lde auf unserer Website kaufen. \u2713 Gro\u00df...","og_url":"https:\/\/dev.eliassen.nl\/de\/lackierauto-auto-an-der-pumpe-120x80cm\/","og_site_name":"Eliassen.nl","article_publisher":"https:\/\/www.facebook.com\/TuincentrumEliassenAmmerzoden","article_modified_time":"2024-12-11T12:01:04+00:00","og_image":[{"width":1000,"height":750,"url":"https:\/\/dev.eliassen.nl\/wp-content\/uploads\/2024\/01\/eliassenschilderijmetaalautobijpomp120x80cm.jpg","type":"image\/jpeg"}],"twitter_card":"summary_large_image","schema":{"@context":"https:\/\/schema.org","@graph":[{"@type":"WebPage","@id":"https:\/\/dev.eliassen.nl\/de\/lackierauto-auto-an-der-pumpe-120x80cm\/","url":"https:\/\/dev.eliassen.nl\/de\/lackierauto-auto-an-der-pumpe-120x80cm\/","name":"Lackierauto Auto an der Pumpe 120x80cm","isPartOf":{"@id":"https:\/\/dev.eliassen.nl\/de\/#website"},"primaryImageOfPage":{"@id":"https:\/\/dev.eliassen.nl\/de\/lackierauto-auto-an-der-pumpe-120x80cm\/#primaryimage"},"image":{"@id":"https:\/\/dev.eliassen.nl\/de\/lackierauto-auto-an-der-pumpe-120x80cm\/#primaryimage"},"thumbnailUrl":"https:\/\/dev.eliassen.nl\/wp-content\/uploads\/2024\/01\/eliassenschilderijmetaalautobijpomp120x80cm.jpg","datePublished":"2020-09-16T12:39:27+00:00","dateModified":"2024-12-11T12:01:04+00:00","description":"Auf der Suche nach einem Metallgem\u00e4lde? Jetzt bestellen Lackierauto Auto an der Pumpe. Sie k\u00f6nnen ganz einfach ein Gem\u00e4lde auf unserer Website kaufen. \u2713 Gro\u00df...","breadcrumb":{"@id":"https:\/\/dev.eliassen.nl\/de\/lackierauto-auto-an-der-pumpe-120x80cm\/#breadcrumb"},"inLanguage":"de","potentialAction":[{"@type":"ReadAction","target":["https:\/\/dev.eliassen.nl\/de\/lackierauto-auto-an-der-pumpe-120x80cm\/"]}]},{"@type":"ImageObject","inLanguage":"de","@id":"https:\/\/dev.eliassen.nl\/de\/lackierauto-auto-an-der-pumpe-120x80cm\/#primaryimage","url":"https:\/\/dev.eliassen.nl\/wp-content\/uploads\/2024\/01\/eliassenschilderijmetaalautobijpomp120x80cm.jpg","contentUrl":"https:\/\/dev.eliassen.nl\/wp-content\/uploads\/2024\/01\/eliassenschilderijmetaalautobijpomp120x80cm.jpg","width":1000,"height":750,"caption":"Eliassen Schilderij metaal Auto bij Pomp 120x80cm"},{"@type":"BreadcrumbList","@id":"https:\/\/dev.eliassen.nl\/de\/lackierauto-auto-an-der-pumpe-120x80cm\/#breadcrumb","itemListElement":[{"@type":"ListItem","position":1,"name":"Home","item":"https:\/\/dev.eliassen.nl\/de\/"},{"@type":"ListItem","position":2,"name":"Shop","item":"https:\/\/dev.eliassen.nl\/nl\/winkel\/"},{"@type":"ListItem","position":3,"name":"Gem\u00e4lde","item":"https:\/\/dev.eliassen.nl\/de\/gemaelde\/"},{"@type":"ListItem","position":4,"name":"3D-Gem\u00e4lde aus Metall","item":"https:\/\/dev.eliassen.nl\/de\/gemaelde\/3d-gemaelde-aus-metall\/"},{"@type":"ListItem","position":5,"name":"3D-Gem\u00e4lde aus Metall im Format 80x120cm","item":"https:\/\/dev.eliassen.nl\/de\/gemaelde\/3d-gemaelde-aus-metall\/3d-gemaelde-aus-metall-im-format-80x120cm\/"},{"@type":"ListItem","position":6,"name":"Lackierauto Auto an der Pumpe 120x80cm"}]},{"@type":"WebSite","@id":"https:\/\/dev.eliassen.nl\/de\/#website","url":"https:\/\/dev.eliassen.nl\/de\/","name":"Eliassen Home & Garden Pleasure","description":"","publisher":{"@id":"https:\/\/dev.eliassen.nl\/de\/#organization"},"alternateName":"Eliassen.nl","potentialAction":[{"@type":"SearchAction","target":{"@type":"EntryPoint","urlTemplate":"https:\/\/dev.eliassen.nl\/de\/?s={search_term_string}"},"query-input":{"@type":"PropertyValueSpecification","valueRequired":true,"valueName":"search_term_string"}}],"inLanguage":"de"},{"@type":"Organization","@id":"https:\/\/dev.eliassen.nl\/de\/#organization","name":"Eliassen Home & Garden Pleasure","url":"https:\/\/dev.eliassen.nl\/de\/","logo":{"@type":"ImageObject","inLanguage":"de","@id":"https:\/\/dev.eliassen.nl\/de\/#\/schema\/logo\/image\/","url":"https:\/\/www.eliassen.nl\/wp-content\/uploads\/2024\/01\/logo_4nd.jpg","contentUrl":"https:\/\/www.eliassen.nl\/wp-content\/uploads\/2024\/01\/logo_4nd.jpg","width":500,"height":500,"caption":"Eliassen Home & Garden Pleasure"},"image":{"@id":"https:\/\/dev.eliassen.nl\/de\/#\/schema\/logo\/image\/"},"sameAs":["https:\/\/www.facebook.com\/TuincentrumEliassenAmmerzoden","https:\/\/www.instagram.com\/eliassenhomeandgarden\/","https:\/\/nl.pinterest.com\/eliassenhomeandgarden\/","https:\/\/www.youtube.com\/@eliassenhomegardenpleasure4558"]}]}},"df_price":199,"df_sale_price":"","df_regular_price":199,"df_image_link":"https:\/\/dev.eliassen.nl\/wp-content\/uploads\/2024\/01\/eliassenschilderijmetaalautobijpomp120x80cm.jpg","image":"https:\/\/dev.eliassen.nl\/wp-content\/uploads\/2024\/01\/eliassenschilderijmetaalautobijpomp120x80cm.jpg","price_search":"<span class=\"woocommerce-Price-amount amount\"><bdi><span class=\"woocommerce-Price-currencySymbol\">&euro;<\/span>&nbsp;199,00<\/bdi><\/span>","category":"3D-Gem\u00e4lde aus Metall","_links":{"self":[{"href":"https:\/\/dev.eliassen.nl\/de\/wp-json\/wp\/v2\/product\/24976","targetHints":{"allow":["GET"]}}],"collection":[{"href":"https:\/\/dev.eliassen.nl\/de\/wp-json\/wp\/v2\/product"}],"about":[{"href":"https:\/\/dev.eliassen.nl\/de\/wp-json\/wp\/v2\/types\/product"}],"wp:featuredmedia":[{"embeddable":true,"href":"https:\/\/dev.eliassen.nl\/de\/wp-json\/wp\/v2\/media\/24973"}],"wp:attachment":[{"href":"https:\/\/dev.eliassen.nl\/de\/wp-json\/wp\/v2\/media?parent=24976"}],"wp:term":[{"taxonomy":"product_brand","embeddable":true,"href":"https:\/\/dev.eliassen.nl\/de\/wp-json\/wp\/v2\/product_brand?post=24976"},{"taxonomy":"product_cat","embeddable":true,"href":"https:\/\/dev.eliassen.nl\/de\/wp-json\/wp\/v2\/product_cat?post=24976"},{"taxonomy":"product_tag","embeddable":true,"href":"https:\/\/dev.eliassen.nl\/de\/wp-json\/wp\/v2\/product_tag?post=24976"}],"curies":[{"name":"wp","href":"https:\/\/api.w.org\/{rel}","templated":true}]}}