{"id":25012,"date":"2020-09-16T16:21:47","date_gmt":"2020-09-16T16:21:47","guid":{"rendered":"https:\/\/www.eliassen.nl\/?product=muurdecoratie-3d-terras-met-parasols"},"modified":"2023-09-14T17:24:28","modified_gmt":"2023-09-14T17:24:28","slug":"wanddekoration-3d-terrasse-mit-regenschirmen","status":"publish","type":"product","link":"https:\/\/dev.eliassen.nl\/de\/wanddekoration-3d-terrasse-mit-regenschirmen\/","title":{"rendered":"Wanddekoration 3d Terrasse mit Regenschirmen"},"content":{"rendered":"<p>Diese dreidimensionale Metallwanddekoration mit einer gem\u00fctlichen Terrasse schm\u00fcckt jedes moderne Interieur oder jeden Arbeitsplatz wundersch\u00f6n. Dieses attraktive und zeitlose St\u00fcck Wanddekoration wird ein echter Hingucker sein. Komplett handgefertigt mit polierten Teilen, so dass das Ganze ein separates Lichtspiel erzeugt.<br \/>Da es sich um menschliche Arbeit handelt, kann das Foto geringf\u00fcgig vom tats\u00e4chlichen abweichen.<\/p>\n<p><strong>Wir haben auch fast die gesamte Kollektion dieser Serie im Laden, die in den Niederlanden einzigartig ist.<\/strong><br \/><strong>Nirgendwo sonst finden Sie eine so gro\u00dfe Sammlung. Bitte sch\u00f6n.<\/strong><\/p>\n<ul>\n<li>Gr\u00f6\u00dfe: 100 cm breit, 55 cm hoch und 5 cm tief<\/li>\n<li>Material: Metall<\/li>\n<li>Farbe: Verschiedene<\/li>\n<li>Kann im Freien sein, wenn gesch\u00fctzt<\/li>\n<li>Einfach mit 2 Schrauben aufzuh\u00e4ngen<\/li>\n<li>Schnell geliefert<\/li>\n<li>Gr\u00f6\u00dfte Sammlung in den Benelux-L\u00e4ndern, die auch live angesehen werden kann.<\/li>\n<li>1 Jahr Garantie<\/li>\n<\/ul>\n","protected":false},"excerpt":{"rendered":"<p>Diese dreidimensionale Metallwanddekoration mit einer gem\u00fctlichen Terrasse schm\u00fcckt jedes moderne Interieur oder jeden Arbeitsplatz wundersch\u00f6n. Dieses attraktive und zeitlose St\u00fcck Wanddekoration wird ein echter Hingucker sein. Komplett handgefertigt mit polierten Teilen, so dass das Ganze ein separates Lichtspiel erzeugt.Da es sich um menschliche Arbeit handelt, kann das Foto geringf\u00fcgig vom tats\u00e4chlichen abweichen. Wir haben auch &hellip;<\/p>\n","protected":false},"featured_media":25009,"template":"","meta":{"_acf_changed":false},"product_brand":[],"product_cat":[512,509],"product_tag":[],"class_list":{"0":"post-25012","1":"product","2":"type-product","3":"status-publish","4":"has-post-thumbnail","6":"product_cat-3d-wanddekoration-ohne-rahmen","7":"product_cat-wanddekoration","9":"first","10":"instock","11":"taxable","12":"shipping-taxable","13":"purchasable","14":"product-type-simple"},"acf":[],"yoast_head":"<!-- This site is optimized with the Yoast SEO plugin v23.8 - https:\/\/yoast.com\/wordpress\/plugins\/seo\/ -->\n<title>Wanddekoration 3d Terrasse mit Regenschirmen<\/title>\n<meta name=\"description\" content=\"Auf der Suche nach einer Wanddekoration? Bestellen Sie jetzt Wanddekoration 3d Terrasse mit Sonnenschirmen. Auf unserer Website k\u00f6nnen Sie ganz einfach Wandd...\" \/>\n<meta name=\"robots\" content=\"noindex, follow, max-snippet:-1, max-image-preview:large, max-video-preview:-1\" \/>\n<meta property=\"og:locale\" content=\"de_DE\" \/>\n<meta property=\"og:type\" content=\"article\" \/>\n<meta property=\"og:title\" content=\"Wanddekoration 3d Terrasse mit Regenschirmen\" \/>\n<meta property=\"og:description\" content=\"Auf der Suche nach einer Wanddekoration? Bestellen Sie jetzt Wanddekoration 3d Terrasse mit Sonnenschirmen. Auf unserer Website k\u00f6nnen Sie ganz einfach Wandd...\" \/>\n<meta property=\"og:url\" content=\"https:\/\/dev.eliassen.nl\/de\/wanddekoration-3d-terrasse-mit-regenschirmen\/\" \/>\n<meta property=\"og:site_name\" content=\"Eliassen.nl\" \/>\n<meta property=\"article:publisher\" content=\"https:\/\/www.facebook.com\/TuincentrumEliassenAmmerzoden\" \/>\n<meta property=\"article:modified_time\" content=\"2023-09-14T17:24:28+00:00\" \/>\n<meta property=\"og:image\" content=\"https:\/\/dev.eliassen.nl\/wp-content\/uploads\/2024\/01\/eliassenmuurdecoratie3dterrasmetparasols.jpg\" \/>\n\t<meta property=\"og:image:width\" content=\"2048\" \/>\n\t<meta property=\"og:image:height\" content=\"1204\" \/>\n\t<meta property=\"og:image:type\" content=\"image\/jpeg\" \/>\n<meta name=\"twitter:card\" content=\"summary_large_image\" \/>\n<script type=\"application\/ld+json\" class=\"yoast-schema-graph\">{\"@context\":\"https:\/\/schema.org\",\"@graph\":[{\"@type\":\"WebPage\",\"@id\":\"https:\/\/dev.eliassen.nl\/de\/wanddekoration-3d-terrasse-mit-regenschirmen\/\",\"url\":\"https:\/\/dev.eliassen.nl\/de\/wanddekoration-3d-terrasse-mit-regenschirmen\/\",\"name\":\"Wanddekoration 3d Terrasse mit Regenschirmen\",\"isPartOf\":{\"@id\":\"https:\/\/dev.eliassen.nl\/de\/#website\"},\"primaryImageOfPage\":{\"@id\":\"https:\/\/dev.eliassen.nl\/de\/wanddekoration-3d-terrasse-mit-regenschirmen\/#primaryimage\"},\"image\":{\"@id\":\"https:\/\/dev.eliassen.nl\/de\/wanddekoration-3d-terrasse-mit-regenschirmen\/#primaryimage\"},\"thumbnailUrl\":\"https:\/\/dev.eliassen.nl\/wp-content\/uploads\/2024\/01\/eliassenmuurdecoratie3dterrasmetparasols.jpg\",\"datePublished\":\"2020-09-16T16:21:47+00:00\",\"dateModified\":\"2023-09-14T17:24:28+00:00\",\"description\":\"Auf der Suche nach einer Wanddekoration? Bestellen Sie jetzt Wanddekoration 3d Terrasse mit Sonnenschirmen. Auf unserer Website k\u00f6nnen Sie ganz einfach Wandd...\",\"breadcrumb\":{\"@id\":\"https:\/\/dev.eliassen.nl\/de\/wanddekoration-3d-terrasse-mit-regenschirmen\/#breadcrumb\"},\"inLanguage\":\"de\",\"potentialAction\":[{\"@type\":\"ReadAction\",\"target\":[\"https:\/\/dev.eliassen.nl\/de\/wanddekoration-3d-terrasse-mit-regenschirmen\/\"]}]},{\"@type\":\"ImageObject\",\"inLanguage\":\"de\",\"@id\":\"https:\/\/dev.eliassen.nl\/de\/wanddekoration-3d-terrasse-mit-regenschirmen\/#primaryimage\",\"url\":\"https:\/\/dev.eliassen.nl\/wp-content\/uploads\/2024\/01\/eliassenmuurdecoratie3dterrasmetparasols.jpg\",\"contentUrl\":\"https:\/\/dev.eliassen.nl\/wp-content\/uploads\/2024\/01\/eliassenmuurdecoratie3dterrasmetparasols.jpg\",\"width\":2048,\"height\":1204,\"caption\":\"Eliassen Muurdecoratie 3d Terras met parasols\"},{\"@type\":\"BreadcrumbList\",\"@id\":\"https:\/\/dev.eliassen.nl\/de\/wanddekoration-3d-terrasse-mit-regenschirmen\/#breadcrumb\",\"itemListElement\":[{\"@type\":\"ListItem\",\"position\":1,\"name\":\"Home\",\"item\":\"https:\/\/dev.eliassen.nl\/de\/\"},{\"@type\":\"ListItem\",\"position\":2,\"name\":\"Shop\",\"item\":\"https:\/\/dev.eliassen.nl\/nl\/winkel\/\"},{\"@type\":\"ListItem\",\"position\":3,\"name\":\"Wanddekoration\",\"item\":\"https:\/\/dev.eliassen.nl\/de\/wanddekoration\/\"},{\"@type\":\"ListItem\",\"position\":4,\"name\":\"3D-Wanddekoration ohne Rahmen\",\"item\":\"https:\/\/dev.eliassen.nl\/de\/wanddekoration\/3d-wanddekoration-ohne-rahmen\/\"},{\"@type\":\"ListItem\",\"position\":5,\"name\":\"Wanddekoration 3d Terrasse mit Regenschirmen\"}]},{\"@type\":\"WebSite\",\"@id\":\"https:\/\/dev.eliassen.nl\/de\/#website\",\"url\":\"https:\/\/dev.eliassen.nl\/de\/\",\"name\":\"Eliassen Home & Garden Pleasure\",\"description\":\"\",\"publisher\":{\"@id\":\"https:\/\/dev.eliassen.nl\/de\/#organization\"},\"alternateName\":\"Eliassen.nl\",\"potentialAction\":[{\"@type\":\"SearchAction\",\"target\":{\"@type\":\"EntryPoint\",\"urlTemplate\":\"https:\/\/dev.eliassen.nl\/de\/?s={search_term_string}\"},\"query-input\":{\"@type\":\"PropertyValueSpecification\",\"valueRequired\":true,\"valueName\":\"search_term_string\"}}],\"inLanguage\":\"de\"},{\"@type\":\"Organization\",\"@id\":\"https:\/\/dev.eliassen.nl\/de\/#organization\",\"name\":\"Eliassen Home & Garden Pleasure\",\"url\":\"https:\/\/dev.eliassen.nl\/de\/\",\"logo\":{\"@type\":\"ImageObject\",\"inLanguage\":\"de\",\"@id\":\"https:\/\/dev.eliassen.nl\/de\/#\/schema\/logo\/image\/\",\"url\":\"https:\/\/www.eliassen.nl\/wp-content\/uploads\/2024\/01\/logo_4nd.jpg\",\"contentUrl\":\"https:\/\/www.eliassen.nl\/wp-content\/uploads\/2024\/01\/logo_4nd.jpg\",\"width\":500,\"height\":500,\"caption\":\"Eliassen Home & Garden Pleasure\"},\"image\":{\"@id\":\"https:\/\/dev.eliassen.nl\/de\/#\/schema\/logo\/image\/\"},\"sameAs\":[\"https:\/\/www.facebook.com\/TuincentrumEliassenAmmerzoden\",\"https:\/\/www.instagram.com\/eliassenhomeandgarden\/\",\"https:\/\/nl.pinterest.com\/eliassenhomeandgarden\/\",\"https:\/\/www.youtube.com\/@eliassenhomegardenpleasure4558\"]}]}<\/script>\n<!-- \/ Yoast SEO plugin. -->","yoast_head_json":{"title":"Wanddekoration 3d Terrasse mit Regenschirmen","description":"Auf der Suche nach einer Wanddekoration? Bestellen Sie jetzt Wanddekoration 3d Terrasse mit Sonnenschirmen. Auf unserer Website k\u00f6nnen Sie ganz einfach Wandd...","robots":{"index":"noindex","follow":"follow","max-snippet":"max-snippet:-1","max-image-preview":"max-image-preview:large","max-video-preview":"max-video-preview:-1"},"og_locale":"de_DE","og_type":"article","og_title":"Wanddekoration 3d Terrasse mit Regenschirmen","og_description":"Auf der Suche nach einer Wanddekoration? Bestellen Sie jetzt Wanddekoration 3d Terrasse mit Sonnenschirmen. Auf unserer Website k\u00f6nnen Sie ganz einfach Wandd...","og_url":"https:\/\/dev.eliassen.nl\/de\/wanddekoration-3d-terrasse-mit-regenschirmen\/","og_site_name":"Eliassen.nl","article_publisher":"https:\/\/www.facebook.com\/TuincentrumEliassenAmmerzoden","article_modified_time":"2023-09-14T17:24:28+00:00","og_image":[{"width":2048,"height":1204,"url":"https:\/\/dev.eliassen.nl\/wp-content\/uploads\/2024\/01\/eliassenmuurdecoratie3dterrasmetparasols.jpg","type":"image\/jpeg"}],"twitter_card":"summary_large_image","schema":{"@context":"https:\/\/schema.org","@graph":[{"@type":"WebPage","@id":"https:\/\/dev.eliassen.nl\/de\/wanddekoration-3d-terrasse-mit-regenschirmen\/","url":"https:\/\/dev.eliassen.nl\/de\/wanddekoration-3d-terrasse-mit-regenschirmen\/","name":"Wanddekoration 3d Terrasse mit Regenschirmen","isPartOf":{"@id":"https:\/\/dev.eliassen.nl\/de\/#website"},"primaryImageOfPage":{"@id":"https:\/\/dev.eliassen.nl\/de\/wanddekoration-3d-terrasse-mit-regenschirmen\/#primaryimage"},"image":{"@id":"https:\/\/dev.eliassen.nl\/de\/wanddekoration-3d-terrasse-mit-regenschirmen\/#primaryimage"},"thumbnailUrl":"https:\/\/dev.eliassen.nl\/wp-content\/uploads\/2024\/01\/eliassenmuurdecoratie3dterrasmetparasols.jpg","datePublished":"2020-09-16T16:21:47+00:00","dateModified":"2023-09-14T17:24:28+00:00","description":"Auf der Suche nach einer Wanddekoration? Bestellen Sie jetzt Wanddekoration 3d Terrasse mit Sonnenschirmen. Auf unserer Website k\u00f6nnen Sie ganz einfach Wandd...","breadcrumb":{"@id":"https:\/\/dev.eliassen.nl\/de\/wanddekoration-3d-terrasse-mit-regenschirmen\/#breadcrumb"},"inLanguage":"de","potentialAction":[{"@type":"ReadAction","target":["https:\/\/dev.eliassen.nl\/de\/wanddekoration-3d-terrasse-mit-regenschirmen\/"]}]},{"@type":"ImageObject","inLanguage":"de","@id":"https:\/\/dev.eliassen.nl\/de\/wanddekoration-3d-terrasse-mit-regenschirmen\/#primaryimage","url":"https:\/\/dev.eliassen.nl\/wp-content\/uploads\/2024\/01\/eliassenmuurdecoratie3dterrasmetparasols.jpg","contentUrl":"https:\/\/dev.eliassen.nl\/wp-content\/uploads\/2024\/01\/eliassenmuurdecoratie3dterrasmetparasols.jpg","width":2048,"height":1204,"caption":"Eliassen Muurdecoratie 3d Terras met parasols"},{"@type":"BreadcrumbList","@id":"https:\/\/dev.eliassen.nl\/de\/wanddekoration-3d-terrasse-mit-regenschirmen\/#breadcrumb","itemListElement":[{"@type":"ListItem","position":1,"name":"Home","item":"https:\/\/dev.eliassen.nl\/de\/"},{"@type":"ListItem","position":2,"name":"Shop","item":"https:\/\/dev.eliassen.nl\/nl\/winkel\/"},{"@type":"ListItem","position":3,"name":"Wanddekoration","item":"https:\/\/dev.eliassen.nl\/de\/wanddekoration\/"},{"@type":"ListItem","position":4,"name":"3D-Wanddekoration ohne Rahmen","item":"https:\/\/dev.eliassen.nl\/de\/wanddekoration\/3d-wanddekoration-ohne-rahmen\/"},{"@type":"ListItem","position":5,"name":"Wanddekoration 3d Terrasse mit Regenschirmen"}]},{"@type":"WebSite","@id":"https:\/\/dev.eliassen.nl\/de\/#website","url":"https:\/\/dev.eliassen.nl\/de\/","name":"Eliassen Home & Garden Pleasure","description":"","publisher":{"@id":"https:\/\/dev.eliassen.nl\/de\/#organization"},"alternateName":"Eliassen.nl","potentialAction":[{"@type":"SearchAction","target":{"@type":"EntryPoint","urlTemplate":"https:\/\/dev.eliassen.nl\/de\/?s={search_term_string}"},"query-input":{"@type":"PropertyValueSpecification","valueRequired":true,"valueName":"search_term_string"}}],"inLanguage":"de"},{"@type":"Organization","@id":"https:\/\/dev.eliassen.nl\/de\/#organization","name":"Eliassen Home & Garden Pleasure","url":"https:\/\/dev.eliassen.nl\/de\/","logo":{"@type":"ImageObject","inLanguage":"de","@id":"https:\/\/dev.eliassen.nl\/de\/#\/schema\/logo\/image\/","url":"https:\/\/www.eliassen.nl\/wp-content\/uploads\/2024\/01\/logo_4nd.jpg","contentUrl":"https:\/\/www.eliassen.nl\/wp-content\/uploads\/2024\/01\/logo_4nd.jpg","width":500,"height":500,"caption":"Eliassen Home & Garden Pleasure"},"image":{"@id":"https:\/\/dev.eliassen.nl\/de\/#\/schema\/logo\/image\/"},"sameAs":["https:\/\/www.facebook.com\/TuincentrumEliassenAmmerzoden","https:\/\/www.instagram.com\/eliassenhomeandgarden\/","https:\/\/nl.pinterest.com\/eliassenhomeandgarden\/","https:\/\/www.youtube.com\/@eliassenhomegardenpleasure4558"]}]}},"df_price":99,"df_sale_price":"","df_regular_price":99,"df_image_link":"https:\/\/dev.eliassen.nl\/wp-content\/uploads\/2024\/01\/eliassenmuurdecoratie3dterrasmetparasols.jpg","image":"https:\/\/dev.eliassen.nl\/wp-content\/uploads\/2024\/01\/eliassenmuurdecoratie3dterrasmetparasols.jpg","price_search":"<span class=\"woocommerce-Price-amount amount\"><bdi><span class=\"woocommerce-Price-currencySymbol\">&euro;<\/span>&nbsp;99,00<\/bdi><\/span>","category":"3D-Wanddekoration ohne Rahmen","_links":{"self":[{"href":"https:\/\/dev.eliassen.nl\/de\/wp-json\/wp\/v2\/product\/25012","targetHints":{"allow":["GET"]}}],"collection":[{"href":"https:\/\/dev.eliassen.nl\/de\/wp-json\/wp\/v2\/product"}],"about":[{"href":"https:\/\/dev.eliassen.nl\/de\/wp-json\/wp\/v2\/types\/product"}],"wp:featuredmedia":[{"embeddable":true,"href":"https:\/\/dev.eliassen.nl\/de\/wp-json\/wp\/v2\/media\/25009"}],"wp:attachment":[{"href":"https:\/\/dev.eliassen.nl\/de\/wp-json\/wp\/v2\/media?parent=25012"}],"wp:term":[{"taxonomy":"product_brand","embeddable":true,"href":"https:\/\/dev.eliassen.nl\/de\/wp-json\/wp\/v2\/product_brand?post=25012"},{"taxonomy":"product_cat","embeddable":true,"href":"https:\/\/dev.eliassen.nl\/de\/wp-json\/wp\/v2\/product_cat?post=25012"},{"taxonomy":"product_tag","embeddable":true,"href":"https:\/\/dev.eliassen.nl\/de\/wp-json\/wp\/v2\/product_tag?post=25012"}],"curies":[{"name":"wp","href":"https:\/\/api.w.org\/{rel}","templated":true}]}}