{"id":25108,"date":"2020-09-18T16:03:32","date_gmt":"2020-09-18T14:03:32","guid":{"rendered":"https:\/\/www.eliassen.nl\/?product=bronzen-dromend-meisje"},"modified":"2024-12-05T15:41:55","modified_gmt":"2024-12-05T14:41:55","slug":"bronze-traumendes-madchen","status":"publish","type":"product","link":"https:\/\/dev.eliassen.nl\/de\/bronze-traumendes-madchen\/","title":{"rendered":"Bronze tr\u00e4umendes M\u00e4dchen"},"content":{"rendered":"<p>Sch\u00f6nes modernes Bild eines tr\u00e4umenden M\u00e4dchens. Hergestellt aus 100% hochwertiger Bronze mit einem Mindestkupfergehalt von 75%, was eine sehr lange Lebensdauer und keine unsch\u00f6nen Flecken garantiert. Ein sch\u00f6nes und langlebiges Dekorationsobjekt f\u00fcr Haus, Gesch\u00e4ft oder Garten, aber auch f\u00fcr ein sch\u00f6nes Geschenk.<\/p>\n<p>Besuchen Sie zum Beispiel unseren Showroom, um diese Statue zu sehen.<\/p>\n<ul>\n<li>Gr\u00f6\u00dfe: 28x23x12 cm.<\/li>\n<li>Kommt mit Zertifikat.<\/li>\n<li>Schnell geliefert.<\/li>\n<li>30 Jahre Garantie.<\/li>\n<li><strong>Bei uns finden Sie die gr\u00f6\u00dfte Sammlung von Bronzestatuen, die live besichtigt werden k\u00f6nnen.<\/strong><\/li>\n<\/ul>\n","protected":false},"excerpt":{"rendered":"<p>Sch\u00f6nes modernes Bild eines tr\u00e4umenden M\u00e4dchens. Hergestellt aus 100% hochwertiger Bronze mit einem Mindestkupfergehalt von 75%, was eine sehr lange Lebensdauer und keine unsch\u00f6nen Flecken garantiert. Ein sch\u00f6nes und langlebiges Dekorationsobjekt f\u00fcr Haus, Gesch\u00e4ft oder Garten, aber auch f\u00fcr ein sch\u00f6nes Geschenk. Besuchen Sie zum Beispiel unseren Showroom, um diese Statue zu sehen. Gr\u00f6\u00dfe: 28x23x12 &hellip;<\/p>\n","protected":false},"featured_media":25105,"template":"","meta":{"_acf_changed":false},"product_brand":[],"product_cat":[626,613,7239],"product_tag":[],"class_list":{"0":"post-25108","1":"product","2":"type-product","3":"status-publish","4":"has-post-thumbnail","6":"product_cat-bronzestatue-von-kindern","7":"product_cat-bronzestatuen","8":"product_cat-statuen-skulpturen","10":"first","11":"onbackorder","12":"taxable","13":"shipping-taxable","14":"purchasable","15":"product-type-simple"},"acf":[],"yoast_head":"<!-- This site is optimized with the Yoast SEO plugin v23.8 - https:\/\/yoast.com\/wordpress\/plugins\/seo\/ -->\n<title>Bronze tr\u00e4umendes M\u00e4dchen<\/title>\n<meta name=\"description\" content=\"Auf der Suche nach einer Bronzestatue? Bestellen Sie jetzt Bronzing Dreaming Girl. Auf unserer Website k\u00f6nnen Sie ganz einfach Bronzestatuen kaufen. \u2713 Gro\u00dfe ...\" \/>\n<meta name=\"robots\" content=\"noindex, follow, max-snippet:-1, max-image-preview:large, max-video-preview:-1\" \/>\n<meta property=\"og:locale\" content=\"de_DE\" \/>\n<meta property=\"og:type\" content=\"article\" \/>\n<meta property=\"og:title\" content=\"Bronze tr\u00e4umendes M\u00e4dchen\" \/>\n<meta property=\"og:description\" content=\"Auf der Suche nach einer Bronzestatue? Bestellen Sie jetzt Bronzing Dreaming Girl. Auf unserer Website k\u00f6nnen Sie ganz einfach Bronzestatuen kaufen. \u2713 Gro\u00dfe ...\" \/>\n<meta property=\"og:url\" content=\"https:\/\/dev.eliassen.nl\/de\/bronze-traumendes-madchen\/\" \/>\n<meta property=\"og:site_name\" content=\"Eliassen.nl\" \/>\n<meta property=\"article:publisher\" content=\"https:\/\/www.facebook.com\/TuincentrumEliassenAmmerzoden\" \/>\n<meta property=\"article:modified_time\" content=\"2024-12-05T14:41:55+00:00\" \/>\n<meta property=\"og:image\" content=\"https:\/\/dev.eliassen.nl\/wp-content\/uploads\/2024\/01\/eliassenbronzenddromendmeisje.jpg\" \/>\n\t<meta property=\"og:image:width\" content=\"1000\" \/>\n\t<meta property=\"og:image:height\" content=\"750\" \/>\n\t<meta property=\"og:image:type\" content=\"image\/jpeg\" \/>\n<meta name=\"twitter:card\" content=\"summary_large_image\" \/>\n<script type=\"application\/ld+json\" class=\"yoast-schema-graph\">{\"@context\":\"https:\/\/schema.org\",\"@graph\":[{\"@type\":\"WebPage\",\"@id\":\"https:\/\/dev.eliassen.nl\/de\/bronze-traumendes-madchen\/\",\"url\":\"https:\/\/dev.eliassen.nl\/de\/bronze-traumendes-madchen\/\",\"name\":\"Bronze tr\u00e4umendes M\u00e4dchen\",\"isPartOf\":{\"@id\":\"https:\/\/dev.eliassen.nl\/de\/#website\"},\"primaryImageOfPage\":{\"@id\":\"https:\/\/dev.eliassen.nl\/de\/bronze-traumendes-madchen\/#primaryimage\"},\"image\":{\"@id\":\"https:\/\/dev.eliassen.nl\/de\/bronze-traumendes-madchen\/#primaryimage\"},\"thumbnailUrl\":\"https:\/\/dev.eliassen.nl\/wp-content\/uploads\/2024\/01\/eliassenbronzenddromendmeisje.jpg\",\"datePublished\":\"2020-09-18T14:03:32+00:00\",\"dateModified\":\"2024-12-05T14:41:55+00:00\",\"description\":\"Auf der Suche nach einer Bronzestatue? Bestellen Sie jetzt Bronzing Dreaming Girl. Auf unserer Website k\u00f6nnen Sie ganz einfach Bronzestatuen kaufen. \u2713 Gro\u00dfe ...\",\"breadcrumb\":{\"@id\":\"https:\/\/dev.eliassen.nl\/de\/bronze-traumendes-madchen\/#breadcrumb\"},\"inLanguage\":\"de\",\"potentialAction\":[{\"@type\":\"ReadAction\",\"target\":[\"https:\/\/dev.eliassen.nl\/de\/bronze-traumendes-madchen\/\"]}]},{\"@type\":\"ImageObject\",\"inLanguage\":\"de\",\"@id\":\"https:\/\/dev.eliassen.nl\/de\/bronze-traumendes-madchen\/#primaryimage\",\"url\":\"https:\/\/dev.eliassen.nl\/wp-content\/uploads\/2024\/01\/eliassenbronzenddromendmeisje.jpg\",\"contentUrl\":\"https:\/\/dev.eliassen.nl\/wp-content\/uploads\/2024\/01\/eliassenbronzenddromendmeisje.jpg\",\"width\":1000,\"height\":750,\"caption\":\"Eliassen Bronzend dromend meisje\"},{\"@type\":\"BreadcrumbList\",\"@id\":\"https:\/\/dev.eliassen.nl\/de\/bronze-traumendes-madchen\/#breadcrumb\",\"itemListElement\":[{\"@type\":\"ListItem\",\"position\":1,\"name\":\"Home\",\"item\":\"https:\/\/dev.eliassen.nl\/de\/\"},{\"@type\":\"ListItem\",\"position\":2,\"name\":\"Shop\",\"item\":\"https:\/\/dev.eliassen.nl\/nl\/winkel\/\"},{\"@type\":\"ListItem\",\"position\":3,\"name\":\"Bronzestatuen\",\"item\":\"https:\/\/dev.eliassen.nl\/de\/bilder\/bronzestatuen\/\"},{\"@type\":\"ListItem\",\"position\":4,\"name\":\"Bronzestatue von Kindern\",\"item\":\"https:\/\/dev.eliassen.nl\/de\/bilder\/bronzestatuen\/bronzestatue-von-kindern\/\"},{\"@type\":\"ListItem\",\"position\":5,\"name\":\"Bronze tr\u00e4umendes M\u00e4dchen\"}]},{\"@type\":\"WebSite\",\"@id\":\"https:\/\/dev.eliassen.nl\/de\/#website\",\"url\":\"https:\/\/dev.eliassen.nl\/de\/\",\"name\":\"Eliassen Home & Garden Pleasure\",\"description\":\"\",\"publisher\":{\"@id\":\"https:\/\/dev.eliassen.nl\/de\/#organization\"},\"alternateName\":\"Eliassen.nl\",\"potentialAction\":[{\"@type\":\"SearchAction\",\"target\":{\"@type\":\"EntryPoint\",\"urlTemplate\":\"https:\/\/dev.eliassen.nl\/de\/?s={search_term_string}\"},\"query-input\":{\"@type\":\"PropertyValueSpecification\",\"valueRequired\":true,\"valueName\":\"search_term_string\"}}],\"inLanguage\":\"de\"},{\"@type\":\"Organization\",\"@id\":\"https:\/\/dev.eliassen.nl\/de\/#organization\",\"name\":\"Eliassen Home & Garden Pleasure\",\"url\":\"https:\/\/dev.eliassen.nl\/de\/\",\"logo\":{\"@type\":\"ImageObject\",\"inLanguage\":\"de\",\"@id\":\"https:\/\/dev.eliassen.nl\/de\/#\/schema\/logo\/image\/\",\"url\":\"https:\/\/www.eliassen.nl\/wp-content\/uploads\/2024\/01\/logo_4nd.jpg\",\"contentUrl\":\"https:\/\/www.eliassen.nl\/wp-content\/uploads\/2024\/01\/logo_4nd.jpg\",\"width\":500,\"height\":500,\"caption\":\"Eliassen Home & Garden Pleasure\"},\"image\":{\"@id\":\"https:\/\/dev.eliassen.nl\/de\/#\/schema\/logo\/image\/\"},\"sameAs\":[\"https:\/\/www.facebook.com\/TuincentrumEliassenAmmerzoden\",\"https:\/\/www.instagram.com\/eliassenhomeandgarden\/\",\"https:\/\/nl.pinterest.com\/eliassenhomeandgarden\/\",\"https:\/\/www.youtube.com\/@eliassenhomegardenpleasure4558\"]}]}<\/script>\n<!-- \/ Yoast SEO plugin. -->","yoast_head_json":{"title":"Bronze tr\u00e4umendes M\u00e4dchen","description":"Auf der Suche nach einer Bronzestatue? Bestellen Sie jetzt Bronzing Dreaming Girl. Auf unserer Website k\u00f6nnen Sie ganz einfach Bronzestatuen kaufen. \u2713 Gro\u00dfe ...","robots":{"index":"noindex","follow":"follow","max-snippet":"max-snippet:-1","max-image-preview":"max-image-preview:large","max-video-preview":"max-video-preview:-1"},"og_locale":"de_DE","og_type":"article","og_title":"Bronze tr\u00e4umendes M\u00e4dchen","og_description":"Auf der Suche nach einer Bronzestatue? Bestellen Sie jetzt Bronzing Dreaming Girl. Auf unserer Website k\u00f6nnen Sie ganz einfach Bronzestatuen kaufen. \u2713 Gro\u00dfe ...","og_url":"https:\/\/dev.eliassen.nl\/de\/bronze-traumendes-madchen\/","og_site_name":"Eliassen.nl","article_publisher":"https:\/\/www.facebook.com\/TuincentrumEliassenAmmerzoden","article_modified_time":"2024-12-05T14:41:55+00:00","og_image":[{"width":1000,"height":750,"url":"https:\/\/dev.eliassen.nl\/wp-content\/uploads\/2024\/01\/eliassenbronzenddromendmeisje.jpg","type":"image\/jpeg"}],"twitter_card":"summary_large_image","schema":{"@context":"https:\/\/schema.org","@graph":[{"@type":"WebPage","@id":"https:\/\/dev.eliassen.nl\/de\/bronze-traumendes-madchen\/","url":"https:\/\/dev.eliassen.nl\/de\/bronze-traumendes-madchen\/","name":"Bronze tr\u00e4umendes M\u00e4dchen","isPartOf":{"@id":"https:\/\/dev.eliassen.nl\/de\/#website"},"primaryImageOfPage":{"@id":"https:\/\/dev.eliassen.nl\/de\/bronze-traumendes-madchen\/#primaryimage"},"image":{"@id":"https:\/\/dev.eliassen.nl\/de\/bronze-traumendes-madchen\/#primaryimage"},"thumbnailUrl":"https:\/\/dev.eliassen.nl\/wp-content\/uploads\/2024\/01\/eliassenbronzenddromendmeisje.jpg","datePublished":"2020-09-18T14:03:32+00:00","dateModified":"2024-12-05T14:41:55+00:00","description":"Auf der Suche nach einer Bronzestatue? Bestellen Sie jetzt Bronzing Dreaming Girl. Auf unserer Website k\u00f6nnen Sie ganz einfach Bronzestatuen kaufen. \u2713 Gro\u00dfe ...","breadcrumb":{"@id":"https:\/\/dev.eliassen.nl\/de\/bronze-traumendes-madchen\/#breadcrumb"},"inLanguage":"de","potentialAction":[{"@type":"ReadAction","target":["https:\/\/dev.eliassen.nl\/de\/bronze-traumendes-madchen\/"]}]},{"@type":"ImageObject","inLanguage":"de","@id":"https:\/\/dev.eliassen.nl\/de\/bronze-traumendes-madchen\/#primaryimage","url":"https:\/\/dev.eliassen.nl\/wp-content\/uploads\/2024\/01\/eliassenbronzenddromendmeisje.jpg","contentUrl":"https:\/\/dev.eliassen.nl\/wp-content\/uploads\/2024\/01\/eliassenbronzenddromendmeisje.jpg","width":1000,"height":750,"caption":"Eliassen Bronzend dromend meisje"},{"@type":"BreadcrumbList","@id":"https:\/\/dev.eliassen.nl\/de\/bronze-traumendes-madchen\/#breadcrumb","itemListElement":[{"@type":"ListItem","position":1,"name":"Home","item":"https:\/\/dev.eliassen.nl\/de\/"},{"@type":"ListItem","position":2,"name":"Shop","item":"https:\/\/dev.eliassen.nl\/nl\/winkel\/"},{"@type":"ListItem","position":3,"name":"Bronzestatuen","item":"https:\/\/dev.eliassen.nl\/de\/bilder\/bronzestatuen\/"},{"@type":"ListItem","position":4,"name":"Bronzestatue von Kindern","item":"https:\/\/dev.eliassen.nl\/de\/bilder\/bronzestatuen\/bronzestatue-von-kindern\/"},{"@type":"ListItem","position":5,"name":"Bronze tr\u00e4umendes M\u00e4dchen"}]},{"@type":"WebSite","@id":"https:\/\/dev.eliassen.nl\/de\/#website","url":"https:\/\/dev.eliassen.nl\/de\/","name":"Eliassen Home & Garden Pleasure","description":"","publisher":{"@id":"https:\/\/dev.eliassen.nl\/de\/#organization"},"alternateName":"Eliassen.nl","potentialAction":[{"@type":"SearchAction","target":{"@type":"EntryPoint","urlTemplate":"https:\/\/dev.eliassen.nl\/de\/?s={search_term_string}"},"query-input":{"@type":"PropertyValueSpecification","valueRequired":true,"valueName":"search_term_string"}}],"inLanguage":"de"},{"@type":"Organization","@id":"https:\/\/dev.eliassen.nl\/de\/#organization","name":"Eliassen Home & Garden Pleasure","url":"https:\/\/dev.eliassen.nl\/de\/","logo":{"@type":"ImageObject","inLanguage":"de","@id":"https:\/\/dev.eliassen.nl\/de\/#\/schema\/logo\/image\/","url":"https:\/\/www.eliassen.nl\/wp-content\/uploads\/2024\/01\/logo_4nd.jpg","contentUrl":"https:\/\/www.eliassen.nl\/wp-content\/uploads\/2024\/01\/logo_4nd.jpg","width":500,"height":500,"caption":"Eliassen Home & Garden Pleasure"},"image":{"@id":"https:\/\/dev.eliassen.nl\/de\/#\/schema\/logo\/image\/"},"sameAs":["https:\/\/www.facebook.com\/TuincentrumEliassenAmmerzoden","https:\/\/www.instagram.com\/eliassenhomeandgarden\/","https:\/\/nl.pinterest.com\/eliassenhomeandgarden\/","https:\/\/www.youtube.com\/@eliassenhomegardenpleasure4558"]}]}},"df_price":475,"df_sale_price":"","df_regular_price":475,"df_image_link":"https:\/\/dev.eliassen.nl\/wp-content\/uploads\/2024\/01\/eliassenbronzenddromendmeisje.jpg","image":"https:\/\/dev.eliassen.nl\/wp-content\/uploads\/2024\/01\/eliassenbronzenddromendmeisje.jpg","price_search":"<span class=\"woocommerce-Price-amount amount\"><bdi><span class=\"woocommerce-Price-currencySymbol\">&euro;<\/span>&nbsp;475,00<\/bdi><\/span>","category":"Bronzestatue von Kindern","_links":{"self":[{"href":"https:\/\/dev.eliassen.nl\/de\/wp-json\/wp\/v2\/product\/25108","targetHints":{"allow":["GET"]}}],"collection":[{"href":"https:\/\/dev.eliassen.nl\/de\/wp-json\/wp\/v2\/product"}],"about":[{"href":"https:\/\/dev.eliassen.nl\/de\/wp-json\/wp\/v2\/types\/product"}],"wp:featuredmedia":[{"embeddable":true,"href":"https:\/\/dev.eliassen.nl\/de\/wp-json\/wp\/v2\/media\/25105"}],"wp:attachment":[{"href":"https:\/\/dev.eliassen.nl\/de\/wp-json\/wp\/v2\/media?parent=25108"}],"wp:term":[{"taxonomy":"product_brand","embeddable":true,"href":"https:\/\/dev.eliassen.nl\/de\/wp-json\/wp\/v2\/product_brand?post=25108"},{"taxonomy":"product_cat","embeddable":true,"href":"https:\/\/dev.eliassen.nl\/de\/wp-json\/wp\/v2\/product_cat?post=25108"},{"taxonomy":"product_tag","embeddable":true,"href":"https:\/\/dev.eliassen.nl\/de\/wp-json\/wp\/v2\/product_tag?post=25108"}],"curies":[{"name":"wp","href":"https:\/\/api.w.org\/{rel}","templated":true}]}}