{"id":25414,"date":"2020-09-28T14:07:16","date_gmt":"2020-09-28T12:07:16","guid":{"rendered":"https:\/\/www.eliassen.nl\/?product=tuinsteket-tuimelaar-surfer"},"modified":"2024-12-05T15:42:31","modified_gmt":"2024-12-05T14:42:31","slug":"gartenschiessen-tummler-surfer","status":"publish","type":"product","link":"https:\/\/dev.eliassen.nl\/de\/gartenschiessen-tummler-surfer\/","title":{"rendered":"Gartenschie\u00dfen T\u00fcmmler Surfer"},"content":{"rendered":"<p class=\"x_MsoNormal\">Wundersch\u00f6n verarbeiteter Gartenstecker aus Edelstahl in der Version einer Waage oder eines Tumblers mit einem Surfer, den Sie \u00fcberall im Garten anbringen k\u00f6nnen.<\/p>\n<p class=\"x_MsoNormal\">Da dieses Modell auf 2 Punkten l\u00e4uft, gibt dieses Modell sehr unterschiedliche Bewegungen im Wind, keine Bewegung wird wiederholt.<br \/>Da dieses Windspiel vollst\u00e4ndig aus geb\u00fcrstetem Edelstahl besteht, ist die Lebensdauer unter normalen Umst\u00e4nden unendlich.<\/p>\n<p class=\"x_MsoNormal\">Ein Schmuckst\u00fcck in Ihrem Garten, aber auch sch\u00f6n zum Verschenken. Sie k\u00f6nnen die Drehbewegungen im Video unten sehen.<\/p>\n<p class=\"x_MsoNormal\">Wir haben fast alles aus dieser Serie im Showroom, kommen Sie und schauen Sie sich das an.<\/p>\n<p class=\"x_MsoNormal\">Gr\u00f6\u00dfe 170 x 80 x 13 cm.<br \/>Material: Edelstahl 316 geb\u00fcrstet.<br \/>Schnell aus unserem eigenen Lager geliefert.<br \/>Garantie 5 Jahre.<\/p>\n<p class=\"x_MsoNormal\"><iframe loading=\"lazy\" src=\"\/\/www.youtube.com\/embed\/L7KoVrlcs0M\" width=\"560\" height=\"314\" allowfullscreen=\"allowfullscreen\"><\/iframe><\/p>\n","protected":false},"excerpt":{"rendered":"<p>Wundersch\u00f6n verarbeiteter Gartenstecker aus Edelstahl in der Version einer Waage oder eines Tumblers mit einem Surfer, den Sie \u00fcberall im Garten anbringen k\u00f6nnen. Da dieses Modell auf 2 Punkten l\u00e4uft, gibt dieses Modell sehr unterschiedliche Bewegungen im Wind, keine Bewegung wird wiederholt.Da dieses Windspiel vollst\u00e4ndig aus geb\u00fcrstetem Edelstahl besteht, ist die Lebensdauer unter normalen Umst\u00e4nden &hellip;<\/p>\n","protected":false},"featured_media":25405,"template":"","meta":{"_acf_changed":false},"product_brand":[],"product_cat":[848,836],"product_tag":[],"class_list":{"0":"post-25414","1":"product","2":"type-product","3":"status-publish","4":"has-post-thumbnail","6":"product_cat-balance-garden-pfaehle","7":"product_cat-gartenstecker","9":"first","10":"instock","11":"taxable","12":"shipping-taxable","13":"purchasable","14":"product-type-simple"},"acf":[],"yoast_head":"<!-- This site is optimized with the Yoast SEO plugin v23.8 - https:\/\/yoast.com\/wordpress\/plugins\/seo\/ -->\n<title>Gartenschie\u00dfen T\u00fcmmler Surfer<\/title>\n<meta name=\"description\" content=\"Auf der Suche nach einem Gartenstecker? Bestellen Sie jetzt Garden Plug Tumbler Surfer. Auf unserer Website k\u00f6nnen Sie ganz einfach einen Gartenstecker kaufe...\" \/>\n<meta name=\"robots\" content=\"noindex, follow, max-snippet:-1, max-image-preview:large, max-video-preview:-1\" \/>\n<meta property=\"og:locale\" content=\"de_DE\" \/>\n<meta property=\"og:type\" content=\"article\" \/>\n<meta property=\"og:title\" content=\"Gartenschie\u00dfen T\u00fcmmler Surfer\" \/>\n<meta property=\"og:description\" content=\"Auf der Suche nach einem Gartenstecker? Bestellen Sie jetzt Garden Plug Tumbler Surfer. Auf unserer Website k\u00f6nnen Sie ganz einfach einen Gartenstecker kaufe...\" \/>\n<meta property=\"og:url\" content=\"https:\/\/dev.eliassen.nl\/de\/gartenschiessen-tummler-surfer\/\" \/>\n<meta property=\"og:site_name\" content=\"Eliassen.nl\" \/>\n<meta property=\"article:publisher\" content=\"https:\/\/www.facebook.com\/TuincentrumEliassenAmmerzoden\" \/>\n<meta property=\"article:modified_time\" content=\"2024-12-05T14:42:31+00:00\" \/>\n<meta property=\"og:image\" content=\"https:\/\/dev.eliassen.nl\/wp-content\/uploads\/2024\/01\/eliassentuinstekertuimelaarsurfer.jpg\" \/>\n\t<meta property=\"og:image:width\" content=\"2048\" \/>\n\t<meta property=\"og:image:height\" content=\"2048\" \/>\n\t<meta property=\"og:image:type\" content=\"image\/jpeg\" \/>\n<meta name=\"twitter:card\" content=\"summary_large_image\" \/>\n<script type=\"application\/ld+json\" class=\"yoast-schema-graph\">{\"@context\":\"https:\/\/schema.org\",\"@graph\":[{\"@type\":\"WebPage\",\"@id\":\"https:\/\/dev.eliassen.nl\/de\/gartenschiessen-tummler-surfer\/\",\"url\":\"https:\/\/dev.eliassen.nl\/de\/gartenschiessen-tummler-surfer\/\",\"name\":\"Gartenschie\u00dfen T\u00fcmmler Surfer\",\"isPartOf\":{\"@id\":\"https:\/\/dev.eliassen.nl\/de\/#website\"},\"primaryImageOfPage\":{\"@id\":\"https:\/\/dev.eliassen.nl\/de\/gartenschiessen-tummler-surfer\/#primaryimage\"},\"image\":{\"@id\":\"https:\/\/dev.eliassen.nl\/de\/gartenschiessen-tummler-surfer\/#primaryimage\"},\"thumbnailUrl\":\"https:\/\/dev.eliassen.nl\/wp-content\/uploads\/2024\/01\/eliassentuinstekertuimelaarsurfer.jpg\",\"datePublished\":\"2020-09-28T12:07:16+00:00\",\"dateModified\":\"2024-12-05T14:42:31+00:00\",\"description\":\"Auf der Suche nach einem Gartenstecker? Bestellen Sie jetzt Garden Plug Tumbler Surfer. Auf unserer Website k\u00f6nnen Sie ganz einfach einen Gartenstecker kaufe...\",\"breadcrumb\":{\"@id\":\"https:\/\/dev.eliassen.nl\/de\/gartenschiessen-tummler-surfer\/#breadcrumb\"},\"inLanguage\":\"de\",\"potentialAction\":[{\"@type\":\"ReadAction\",\"target\":[\"https:\/\/dev.eliassen.nl\/de\/gartenschiessen-tummler-surfer\/\"]}]},{\"@type\":\"ImageObject\",\"inLanguage\":\"de\",\"@id\":\"https:\/\/dev.eliassen.nl\/de\/gartenschiessen-tummler-surfer\/#primaryimage\",\"url\":\"https:\/\/dev.eliassen.nl\/wp-content\/uploads\/2024\/01\/eliassentuinstekertuimelaarsurfer.jpg\",\"contentUrl\":\"https:\/\/dev.eliassen.nl\/wp-content\/uploads\/2024\/01\/eliassentuinstekertuimelaarsurfer.jpg\",\"width\":2048,\"height\":2048,\"caption\":\"Eliassen Tuinsteker tuimelaar Surfer\"},{\"@type\":\"BreadcrumbList\",\"@id\":\"https:\/\/dev.eliassen.nl\/de\/gartenschiessen-tummler-surfer\/#breadcrumb\",\"itemListElement\":[{\"@type\":\"ListItem\",\"position\":1,\"name\":\"Home\",\"item\":\"https:\/\/dev.eliassen.nl\/de\/\"},{\"@type\":\"ListItem\",\"position\":2,\"name\":\"Shop\",\"item\":\"https:\/\/dev.eliassen.nl\/nl\/winkel\/\"},{\"@type\":\"ListItem\",\"position\":3,\"name\":\"Gartenstecker\",\"item\":\"https:\/\/dev.eliassen.nl\/de\/gartenstecker\/\"},{\"@type\":\"ListItem\",\"position\":4,\"name\":\"Balance Garden-Pf\u00e4hle\",\"item\":\"https:\/\/dev.eliassen.nl\/de\/gartenstecker\/balance-garden-pfaehle\/\"},{\"@type\":\"ListItem\",\"position\":5,\"name\":\"Gartenschie\u00dfen T\u00fcmmler Surfer\"}]},{\"@type\":\"WebSite\",\"@id\":\"https:\/\/dev.eliassen.nl\/de\/#website\",\"url\":\"https:\/\/dev.eliassen.nl\/de\/\",\"name\":\"Eliassen Home & Garden Pleasure\",\"description\":\"\",\"publisher\":{\"@id\":\"https:\/\/dev.eliassen.nl\/de\/#organization\"},\"alternateName\":\"Eliassen.nl\",\"potentialAction\":[{\"@type\":\"SearchAction\",\"target\":{\"@type\":\"EntryPoint\",\"urlTemplate\":\"https:\/\/dev.eliassen.nl\/de\/?s={search_term_string}\"},\"query-input\":{\"@type\":\"PropertyValueSpecification\",\"valueRequired\":true,\"valueName\":\"search_term_string\"}}],\"inLanguage\":\"de\"},{\"@type\":\"Organization\",\"@id\":\"https:\/\/dev.eliassen.nl\/de\/#organization\",\"name\":\"Eliassen Home & Garden Pleasure\",\"url\":\"https:\/\/dev.eliassen.nl\/de\/\",\"logo\":{\"@type\":\"ImageObject\",\"inLanguage\":\"de\",\"@id\":\"https:\/\/dev.eliassen.nl\/de\/#\/schema\/logo\/image\/\",\"url\":\"https:\/\/www.eliassen.nl\/wp-content\/uploads\/2024\/01\/logo_4nd.jpg\",\"contentUrl\":\"https:\/\/www.eliassen.nl\/wp-content\/uploads\/2024\/01\/logo_4nd.jpg\",\"width\":500,\"height\":500,\"caption\":\"Eliassen Home & Garden Pleasure\"},\"image\":{\"@id\":\"https:\/\/dev.eliassen.nl\/de\/#\/schema\/logo\/image\/\"},\"sameAs\":[\"https:\/\/www.facebook.com\/TuincentrumEliassenAmmerzoden\",\"https:\/\/www.instagram.com\/eliassenhomeandgarden\/\",\"https:\/\/nl.pinterest.com\/eliassenhomeandgarden\/\",\"https:\/\/www.youtube.com\/@eliassenhomegardenpleasure4558\"]}]}<\/script>\n<!-- \/ Yoast SEO plugin. -->","yoast_head_json":{"title":"Gartenschie\u00dfen T\u00fcmmler Surfer","description":"Auf der Suche nach einem Gartenstecker? Bestellen Sie jetzt Garden Plug Tumbler Surfer. Auf unserer Website k\u00f6nnen Sie ganz einfach einen Gartenstecker kaufe...","robots":{"index":"noindex","follow":"follow","max-snippet":"max-snippet:-1","max-image-preview":"max-image-preview:large","max-video-preview":"max-video-preview:-1"},"og_locale":"de_DE","og_type":"article","og_title":"Gartenschie\u00dfen T\u00fcmmler Surfer","og_description":"Auf der Suche nach einem Gartenstecker? Bestellen Sie jetzt Garden Plug Tumbler Surfer. Auf unserer Website k\u00f6nnen Sie ganz einfach einen Gartenstecker kaufe...","og_url":"https:\/\/dev.eliassen.nl\/de\/gartenschiessen-tummler-surfer\/","og_site_name":"Eliassen.nl","article_publisher":"https:\/\/www.facebook.com\/TuincentrumEliassenAmmerzoden","article_modified_time":"2024-12-05T14:42:31+00:00","og_image":[{"width":2048,"height":2048,"url":"https:\/\/dev.eliassen.nl\/wp-content\/uploads\/2024\/01\/eliassentuinstekertuimelaarsurfer.jpg","type":"image\/jpeg"}],"twitter_card":"summary_large_image","schema":{"@context":"https:\/\/schema.org","@graph":[{"@type":"WebPage","@id":"https:\/\/dev.eliassen.nl\/de\/gartenschiessen-tummler-surfer\/","url":"https:\/\/dev.eliassen.nl\/de\/gartenschiessen-tummler-surfer\/","name":"Gartenschie\u00dfen T\u00fcmmler Surfer","isPartOf":{"@id":"https:\/\/dev.eliassen.nl\/de\/#website"},"primaryImageOfPage":{"@id":"https:\/\/dev.eliassen.nl\/de\/gartenschiessen-tummler-surfer\/#primaryimage"},"image":{"@id":"https:\/\/dev.eliassen.nl\/de\/gartenschiessen-tummler-surfer\/#primaryimage"},"thumbnailUrl":"https:\/\/dev.eliassen.nl\/wp-content\/uploads\/2024\/01\/eliassentuinstekertuimelaarsurfer.jpg","datePublished":"2020-09-28T12:07:16+00:00","dateModified":"2024-12-05T14:42:31+00:00","description":"Auf der Suche nach einem Gartenstecker? Bestellen Sie jetzt Garden Plug Tumbler Surfer. Auf unserer Website k\u00f6nnen Sie ganz einfach einen Gartenstecker kaufe...","breadcrumb":{"@id":"https:\/\/dev.eliassen.nl\/de\/gartenschiessen-tummler-surfer\/#breadcrumb"},"inLanguage":"de","potentialAction":[{"@type":"ReadAction","target":["https:\/\/dev.eliassen.nl\/de\/gartenschiessen-tummler-surfer\/"]}]},{"@type":"ImageObject","inLanguage":"de","@id":"https:\/\/dev.eliassen.nl\/de\/gartenschiessen-tummler-surfer\/#primaryimage","url":"https:\/\/dev.eliassen.nl\/wp-content\/uploads\/2024\/01\/eliassentuinstekertuimelaarsurfer.jpg","contentUrl":"https:\/\/dev.eliassen.nl\/wp-content\/uploads\/2024\/01\/eliassentuinstekertuimelaarsurfer.jpg","width":2048,"height":2048,"caption":"Eliassen Tuinsteker tuimelaar Surfer"},{"@type":"BreadcrumbList","@id":"https:\/\/dev.eliassen.nl\/de\/gartenschiessen-tummler-surfer\/#breadcrumb","itemListElement":[{"@type":"ListItem","position":1,"name":"Home","item":"https:\/\/dev.eliassen.nl\/de\/"},{"@type":"ListItem","position":2,"name":"Shop","item":"https:\/\/dev.eliassen.nl\/nl\/winkel\/"},{"@type":"ListItem","position":3,"name":"Gartenstecker","item":"https:\/\/dev.eliassen.nl\/de\/gartenstecker\/"},{"@type":"ListItem","position":4,"name":"Balance Garden-Pf\u00e4hle","item":"https:\/\/dev.eliassen.nl\/de\/gartenstecker\/balance-garden-pfaehle\/"},{"@type":"ListItem","position":5,"name":"Gartenschie\u00dfen T\u00fcmmler Surfer"}]},{"@type":"WebSite","@id":"https:\/\/dev.eliassen.nl\/de\/#website","url":"https:\/\/dev.eliassen.nl\/de\/","name":"Eliassen Home & Garden Pleasure","description":"","publisher":{"@id":"https:\/\/dev.eliassen.nl\/de\/#organization"},"alternateName":"Eliassen.nl","potentialAction":[{"@type":"SearchAction","target":{"@type":"EntryPoint","urlTemplate":"https:\/\/dev.eliassen.nl\/de\/?s={search_term_string}"},"query-input":{"@type":"PropertyValueSpecification","valueRequired":true,"valueName":"search_term_string"}}],"inLanguage":"de"},{"@type":"Organization","@id":"https:\/\/dev.eliassen.nl\/de\/#organization","name":"Eliassen Home & Garden Pleasure","url":"https:\/\/dev.eliassen.nl\/de\/","logo":{"@type":"ImageObject","inLanguage":"de","@id":"https:\/\/dev.eliassen.nl\/de\/#\/schema\/logo\/image\/","url":"https:\/\/www.eliassen.nl\/wp-content\/uploads\/2024\/01\/logo_4nd.jpg","contentUrl":"https:\/\/www.eliassen.nl\/wp-content\/uploads\/2024\/01\/logo_4nd.jpg","width":500,"height":500,"caption":"Eliassen Home & Garden Pleasure"},"image":{"@id":"https:\/\/dev.eliassen.nl\/de\/#\/schema\/logo\/image\/"},"sameAs":["https:\/\/www.facebook.com\/TuincentrumEliassenAmmerzoden","https:\/\/www.instagram.com\/eliassenhomeandgarden\/","https:\/\/nl.pinterest.com\/eliassenhomeandgarden\/","https:\/\/www.youtube.com\/@eliassenhomegardenpleasure4558"]}]}},"df_price":49.95,"df_sale_price":"","df_regular_price":49.95,"df_image_link":"https:\/\/dev.eliassen.nl\/wp-content\/uploads\/2024\/01\/eliassentuinstekertuimelaarsurfer.jpg","image":"https:\/\/dev.eliassen.nl\/wp-content\/uploads\/2024\/01\/eliassentuinstekertuimelaarsurfer.jpg","price_search":"<span class=\"woocommerce-Price-amount amount\"><bdi><span class=\"woocommerce-Price-currencySymbol\">&euro;<\/span>&nbsp;49,95<\/bdi><\/span>","category":"Balance Garden-Pf\u00e4hle","_links":{"self":[{"href":"https:\/\/dev.eliassen.nl\/de\/wp-json\/wp\/v2\/product\/25414","targetHints":{"allow":["GET"]}}],"collection":[{"href":"https:\/\/dev.eliassen.nl\/de\/wp-json\/wp\/v2\/product"}],"about":[{"href":"https:\/\/dev.eliassen.nl\/de\/wp-json\/wp\/v2\/types\/product"}],"wp:featuredmedia":[{"embeddable":true,"href":"https:\/\/dev.eliassen.nl\/de\/wp-json\/wp\/v2\/media\/25405"}],"wp:attachment":[{"href":"https:\/\/dev.eliassen.nl\/de\/wp-json\/wp\/v2\/media?parent=25414"}],"wp:term":[{"taxonomy":"product_brand","embeddable":true,"href":"https:\/\/dev.eliassen.nl\/de\/wp-json\/wp\/v2\/product_brand?post=25414"},{"taxonomy":"product_cat","embeddable":true,"href":"https:\/\/dev.eliassen.nl\/de\/wp-json\/wp\/v2\/product_cat?post=25414"},{"taxonomy":"product_tag","embeddable":true,"href":"https:\/\/dev.eliassen.nl\/de\/wp-json\/wp\/v2\/product_tag?post=25414"}],"curies":[{"name":"wp","href":"https:\/\/api.w.org\/{rel}","templated":true}]}}