{"id":25438,"date":"2020-09-28T14:12:35","date_gmt":"2020-09-28T12:12:35","guid":{"rendered":"https:\/\/www.eliassen.nl\/?product=tuinsteker-tuimelaar-boodschappenmeisje"},"modified":"2024-12-05T15:42:33","modified_gmt":"2024-12-05T14:42:33","slug":"gartenstecker-tumbler-shopping-girl","status":"publish","type":"product","link":"https:\/\/dev.eliassen.nl\/de\/gartenstecker-tumbler-shopping-girl\/","title":{"rendered":"Gartenstecker Tumbler Shopping Girl"},"content":{"rendered":"<p>Wundersch\u00f6ner Edelstahl-Balancebecher mit einer Maus, den Sie \u00fcberall im Garten anbringen k\u00f6nnen.<br \/>Dieses Modell l\u00e4uft an 2 Schaltpunkten im Wind und gibt einen sehr sch\u00f6nen Effekt.<br \/>Ein Juwel im Garten und sch\u00f6n als Geschenk zu geben.<\/p>\n<p><strong>Wir haben fast alles aus dieser Serie im Showroom, kommen Sie und schauen Sie sich das an.<\/strong><\/p>\n<ul>\n<li>Gr\u00f6\u00dfe 170 x 80 x 13 cm.<\/li>\n<li>Schnell geliefert.<\/li>\n<li>1 Jahr Garantie.<\/li>\n<\/ul>\n<p>\u00a0<\/p>\n<p><iframe loading=\"lazy\" src=\"\/\/www.youtube.com\/embed\/L7KoVrlcs0M\" width=\"560\" height=\"314\" allowfullscreen=\"allowfullscreen\"><\/iframe><\/p>\n","protected":false},"excerpt":{"rendered":"<p>Wundersch\u00f6ner Edelstahl-Balancebecher mit einer Maus, den Sie \u00fcberall im Garten anbringen k\u00f6nnen.Dieses Modell l\u00e4uft an 2 Schaltpunkten im Wind und gibt einen sehr sch\u00f6nen Effekt.Ein Juwel im Garten und sch\u00f6n als Geschenk zu geben. Wir haben fast alles aus dieser Serie im Showroom, kommen Sie und schauen Sie sich das an. Gr\u00f6\u00dfe 170 x 80 &hellip;<\/p>\n","protected":false},"featured_media":25429,"template":"","meta":{"_acf_changed":false},"product_brand":[],"product_cat":[848,836],"product_tag":[],"class_list":{"0":"post-25438","1":"product","2":"type-product","3":"status-publish","4":"has-post-thumbnail","6":"product_cat-balance-garden-pfaehle","7":"product_cat-gartenstecker","9":"first","10":"instock","11":"taxable","12":"shipping-taxable","13":"purchasable","14":"product-type-simple"},"acf":[],"yoast_head":"<!-- This site is optimized with the Yoast SEO plugin v23.8 - https:\/\/yoast.com\/wordpress\/plugins\/seo\/ -->\n<title>Gartenstecker Tumbler Shopping Girl<\/title>\n<meta name=\"description\" content=\"Auf der Suche nach einem Gartenstecker? Bestellen Sie jetzt Garden Plug Tumbler Lebensmittelm\u00e4dchen. Auf unserer Website k\u00f6nnen Sie ganz einfach einen Garten...\" \/>\n<meta name=\"robots\" content=\"noindex, follow, max-snippet:-1, max-image-preview:large, max-video-preview:-1\" \/>\n<meta property=\"og:locale\" content=\"de_DE\" \/>\n<meta property=\"og:type\" content=\"article\" \/>\n<meta property=\"og:title\" content=\"Gartenstecker Tumbler Shopping Girl\" \/>\n<meta property=\"og:description\" content=\"Auf der Suche nach einem Gartenstecker? Bestellen Sie jetzt Garden Plug Tumbler Lebensmittelm\u00e4dchen. Auf unserer Website k\u00f6nnen Sie ganz einfach einen Garten...\" \/>\n<meta property=\"og:url\" content=\"https:\/\/dev.eliassen.nl\/de\/gartenstecker-tumbler-shopping-girl\/\" \/>\n<meta property=\"og:site_name\" content=\"Eliassen.nl\" \/>\n<meta property=\"article:publisher\" content=\"https:\/\/www.facebook.com\/TuincentrumEliassenAmmerzoden\" \/>\n<meta property=\"article:modified_time\" content=\"2024-12-05T14:42:33+00:00\" \/>\n<meta property=\"og:image\" content=\"https:\/\/dev.eliassen.nl\/wp-content\/uploads\/2024\/01\/eliassentuinstekertuimelaarboodschappenmeisje.jpg\" \/>\n\t<meta property=\"og:image:width\" content=\"2048\" \/>\n\t<meta property=\"og:image:height\" content=\"2048\" \/>\n\t<meta property=\"og:image:type\" content=\"image\/jpeg\" \/>\n<meta name=\"twitter:card\" content=\"summary_large_image\" \/>\n<script type=\"application\/ld+json\" class=\"yoast-schema-graph\">{\"@context\":\"https:\/\/schema.org\",\"@graph\":[{\"@type\":\"WebPage\",\"@id\":\"https:\/\/dev.eliassen.nl\/de\/gartenstecker-tumbler-shopping-girl\/\",\"url\":\"https:\/\/dev.eliassen.nl\/de\/gartenstecker-tumbler-shopping-girl\/\",\"name\":\"Gartenstecker Tumbler Shopping Girl\",\"isPartOf\":{\"@id\":\"https:\/\/dev.eliassen.nl\/de\/#website\"},\"primaryImageOfPage\":{\"@id\":\"https:\/\/dev.eliassen.nl\/de\/gartenstecker-tumbler-shopping-girl\/#primaryimage\"},\"image\":{\"@id\":\"https:\/\/dev.eliassen.nl\/de\/gartenstecker-tumbler-shopping-girl\/#primaryimage\"},\"thumbnailUrl\":\"https:\/\/dev.eliassen.nl\/wp-content\/uploads\/2024\/01\/eliassentuinstekertuimelaarboodschappenmeisje.jpg\",\"datePublished\":\"2020-09-28T12:12:35+00:00\",\"dateModified\":\"2024-12-05T14:42:33+00:00\",\"description\":\"Auf der Suche nach einem Gartenstecker? Bestellen Sie jetzt Garden Plug Tumbler Lebensmittelm\u00e4dchen. Auf unserer Website k\u00f6nnen Sie ganz einfach einen Garten...\",\"breadcrumb\":{\"@id\":\"https:\/\/dev.eliassen.nl\/de\/gartenstecker-tumbler-shopping-girl\/#breadcrumb\"},\"inLanguage\":\"de\",\"potentialAction\":[{\"@type\":\"ReadAction\",\"target\":[\"https:\/\/dev.eliassen.nl\/de\/gartenstecker-tumbler-shopping-girl\/\"]}]},{\"@type\":\"ImageObject\",\"inLanguage\":\"de\",\"@id\":\"https:\/\/dev.eliassen.nl\/de\/gartenstecker-tumbler-shopping-girl\/#primaryimage\",\"url\":\"https:\/\/dev.eliassen.nl\/wp-content\/uploads\/2024\/01\/eliassentuinstekertuimelaarboodschappenmeisje.jpg\",\"contentUrl\":\"https:\/\/dev.eliassen.nl\/wp-content\/uploads\/2024\/01\/eliassentuinstekertuimelaarboodschappenmeisje.jpg\",\"width\":2048,\"height\":2048,\"caption\":\"Eliassen Tuinsteker tuimelaar Boodschappenmeisje\"},{\"@type\":\"BreadcrumbList\",\"@id\":\"https:\/\/dev.eliassen.nl\/de\/gartenstecker-tumbler-shopping-girl\/#breadcrumb\",\"itemListElement\":[{\"@type\":\"ListItem\",\"position\":1,\"name\":\"Home\",\"item\":\"https:\/\/dev.eliassen.nl\/de\/\"},{\"@type\":\"ListItem\",\"position\":2,\"name\":\"Shop\",\"item\":\"https:\/\/dev.eliassen.nl\/nl\/winkel\/\"},{\"@type\":\"ListItem\",\"position\":3,\"name\":\"Gartenstecker\",\"item\":\"https:\/\/dev.eliassen.nl\/de\/gartenstecker\/\"},{\"@type\":\"ListItem\",\"position\":4,\"name\":\"Balance Garden-Pf\u00e4hle\",\"item\":\"https:\/\/dev.eliassen.nl\/de\/gartenstecker\/balance-garden-pfaehle\/\"},{\"@type\":\"ListItem\",\"position\":5,\"name\":\"Gartenstecker Tumbler Shopping Girl\"}]},{\"@type\":\"WebSite\",\"@id\":\"https:\/\/dev.eliassen.nl\/de\/#website\",\"url\":\"https:\/\/dev.eliassen.nl\/de\/\",\"name\":\"Eliassen Home & Garden Pleasure\",\"description\":\"\",\"publisher\":{\"@id\":\"https:\/\/dev.eliassen.nl\/de\/#organization\"},\"alternateName\":\"Eliassen.nl\",\"potentialAction\":[{\"@type\":\"SearchAction\",\"target\":{\"@type\":\"EntryPoint\",\"urlTemplate\":\"https:\/\/dev.eliassen.nl\/de\/?s={search_term_string}\"},\"query-input\":{\"@type\":\"PropertyValueSpecification\",\"valueRequired\":true,\"valueName\":\"search_term_string\"}}],\"inLanguage\":\"de\"},{\"@type\":\"Organization\",\"@id\":\"https:\/\/dev.eliassen.nl\/de\/#organization\",\"name\":\"Eliassen Home & Garden Pleasure\",\"url\":\"https:\/\/dev.eliassen.nl\/de\/\",\"logo\":{\"@type\":\"ImageObject\",\"inLanguage\":\"de\",\"@id\":\"https:\/\/dev.eliassen.nl\/de\/#\/schema\/logo\/image\/\",\"url\":\"https:\/\/www.eliassen.nl\/wp-content\/uploads\/2024\/01\/logo_4nd.jpg\",\"contentUrl\":\"https:\/\/www.eliassen.nl\/wp-content\/uploads\/2024\/01\/logo_4nd.jpg\",\"width\":500,\"height\":500,\"caption\":\"Eliassen Home & Garden Pleasure\"},\"image\":{\"@id\":\"https:\/\/dev.eliassen.nl\/de\/#\/schema\/logo\/image\/\"},\"sameAs\":[\"https:\/\/www.facebook.com\/TuincentrumEliassenAmmerzoden\",\"https:\/\/www.instagram.com\/eliassenhomeandgarden\/\",\"https:\/\/nl.pinterest.com\/eliassenhomeandgarden\/\",\"https:\/\/www.youtube.com\/@eliassenhomegardenpleasure4558\"]}]}<\/script>\n<!-- \/ Yoast SEO plugin. -->","yoast_head_json":{"title":"Gartenstecker Tumbler Shopping Girl","description":"Auf der Suche nach einem Gartenstecker? Bestellen Sie jetzt Garden Plug Tumbler Lebensmittelm\u00e4dchen. Auf unserer Website k\u00f6nnen Sie ganz einfach einen Garten...","robots":{"index":"noindex","follow":"follow","max-snippet":"max-snippet:-1","max-image-preview":"max-image-preview:large","max-video-preview":"max-video-preview:-1"},"og_locale":"de_DE","og_type":"article","og_title":"Gartenstecker Tumbler Shopping Girl","og_description":"Auf der Suche nach einem Gartenstecker? Bestellen Sie jetzt Garden Plug Tumbler Lebensmittelm\u00e4dchen. Auf unserer Website k\u00f6nnen Sie ganz einfach einen Garten...","og_url":"https:\/\/dev.eliassen.nl\/de\/gartenstecker-tumbler-shopping-girl\/","og_site_name":"Eliassen.nl","article_publisher":"https:\/\/www.facebook.com\/TuincentrumEliassenAmmerzoden","article_modified_time":"2024-12-05T14:42:33+00:00","og_image":[{"width":2048,"height":2048,"url":"https:\/\/dev.eliassen.nl\/wp-content\/uploads\/2024\/01\/eliassentuinstekertuimelaarboodschappenmeisje.jpg","type":"image\/jpeg"}],"twitter_card":"summary_large_image","schema":{"@context":"https:\/\/schema.org","@graph":[{"@type":"WebPage","@id":"https:\/\/dev.eliassen.nl\/de\/gartenstecker-tumbler-shopping-girl\/","url":"https:\/\/dev.eliassen.nl\/de\/gartenstecker-tumbler-shopping-girl\/","name":"Gartenstecker Tumbler Shopping Girl","isPartOf":{"@id":"https:\/\/dev.eliassen.nl\/de\/#website"},"primaryImageOfPage":{"@id":"https:\/\/dev.eliassen.nl\/de\/gartenstecker-tumbler-shopping-girl\/#primaryimage"},"image":{"@id":"https:\/\/dev.eliassen.nl\/de\/gartenstecker-tumbler-shopping-girl\/#primaryimage"},"thumbnailUrl":"https:\/\/dev.eliassen.nl\/wp-content\/uploads\/2024\/01\/eliassentuinstekertuimelaarboodschappenmeisje.jpg","datePublished":"2020-09-28T12:12:35+00:00","dateModified":"2024-12-05T14:42:33+00:00","description":"Auf der Suche nach einem Gartenstecker? Bestellen Sie jetzt Garden Plug Tumbler Lebensmittelm\u00e4dchen. Auf unserer Website k\u00f6nnen Sie ganz einfach einen Garten...","breadcrumb":{"@id":"https:\/\/dev.eliassen.nl\/de\/gartenstecker-tumbler-shopping-girl\/#breadcrumb"},"inLanguage":"de","potentialAction":[{"@type":"ReadAction","target":["https:\/\/dev.eliassen.nl\/de\/gartenstecker-tumbler-shopping-girl\/"]}]},{"@type":"ImageObject","inLanguage":"de","@id":"https:\/\/dev.eliassen.nl\/de\/gartenstecker-tumbler-shopping-girl\/#primaryimage","url":"https:\/\/dev.eliassen.nl\/wp-content\/uploads\/2024\/01\/eliassentuinstekertuimelaarboodschappenmeisje.jpg","contentUrl":"https:\/\/dev.eliassen.nl\/wp-content\/uploads\/2024\/01\/eliassentuinstekertuimelaarboodschappenmeisje.jpg","width":2048,"height":2048,"caption":"Eliassen Tuinsteker tuimelaar Boodschappenmeisje"},{"@type":"BreadcrumbList","@id":"https:\/\/dev.eliassen.nl\/de\/gartenstecker-tumbler-shopping-girl\/#breadcrumb","itemListElement":[{"@type":"ListItem","position":1,"name":"Home","item":"https:\/\/dev.eliassen.nl\/de\/"},{"@type":"ListItem","position":2,"name":"Shop","item":"https:\/\/dev.eliassen.nl\/nl\/winkel\/"},{"@type":"ListItem","position":3,"name":"Gartenstecker","item":"https:\/\/dev.eliassen.nl\/de\/gartenstecker\/"},{"@type":"ListItem","position":4,"name":"Balance Garden-Pf\u00e4hle","item":"https:\/\/dev.eliassen.nl\/de\/gartenstecker\/balance-garden-pfaehle\/"},{"@type":"ListItem","position":5,"name":"Gartenstecker Tumbler Shopping Girl"}]},{"@type":"WebSite","@id":"https:\/\/dev.eliassen.nl\/de\/#website","url":"https:\/\/dev.eliassen.nl\/de\/","name":"Eliassen Home & Garden Pleasure","description":"","publisher":{"@id":"https:\/\/dev.eliassen.nl\/de\/#organization"},"alternateName":"Eliassen.nl","potentialAction":[{"@type":"SearchAction","target":{"@type":"EntryPoint","urlTemplate":"https:\/\/dev.eliassen.nl\/de\/?s={search_term_string}"},"query-input":{"@type":"PropertyValueSpecification","valueRequired":true,"valueName":"search_term_string"}}],"inLanguage":"de"},{"@type":"Organization","@id":"https:\/\/dev.eliassen.nl\/de\/#organization","name":"Eliassen Home & Garden Pleasure","url":"https:\/\/dev.eliassen.nl\/de\/","logo":{"@type":"ImageObject","inLanguage":"de","@id":"https:\/\/dev.eliassen.nl\/de\/#\/schema\/logo\/image\/","url":"https:\/\/www.eliassen.nl\/wp-content\/uploads\/2024\/01\/logo_4nd.jpg","contentUrl":"https:\/\/www.eliassen.nl\/wp-content\/uploads\/2024\/01\/logo_4nd.jpg","width":500,"height":500,"caption":"Eliassen Home & Garden Pleasure"},"image":{"@id":"https:\/\/dev.eliassen.nl\/de\/#\/schema\/logo\/image\/"},"sameAs":["https:\/\/www.facebook.com\/TuincentrumEliassenAmmerzoden","https:\/\/www.instagram.com\/eliassenhomeandgarden\/","https:\/\/nl.pinterest.com\/eliassenhomeandgarden\/","https:\/\/www.youtube.com\/@eliassenhomegardenpleasure4558"]}]}},"df_price":49.95,"df_sale_price":"","df_regular_price":49.95,"df_image_link":"https:\/\/dev.eliassen.nl\/wp-content\/uploads\/2024\/01\/eliassentuinstekertuimelaarboodschappenmeisje.jpg","image":"https:\/\/dev.eliassen.nl\/wp-content\/uploads\/2024\/01\/eliassentuinstekertuimelaarboodschappenmeisje.jpg","price_search":"<span class=\"woocommerce-Price-amount amount\"><bdi><span class=\"woocommerce-Price-currencySymbol\">&euro;<\/span>&nbsp;49,95<\/bdi><\/span>","category":"Balance Garden-Pf\u00e4hle","_links":{"self":[{"href":"https:\/\/dev.eliassen.nl\/de\/wp-json\/wp\/v2\/product\/25438","targetHints":{"allow":["GET"]}}],"collection":[{"href":"https:\/\/dev.eliassen.nl\/de\/wp-json\/wp\/v2\/product"}],"about":[{"href":"https:\/\/dev.eliassen.nl\/de\/wp-json\/wp\/v2\/types\/product"}],"wp:featuredmedia":[{"embeddable":true,"href":"https:\/\/dev.eliassen.nl\/de\/wp-json\/wp\/v2\/media\/25429"}],"wp:attachment":[{"href":"https:\/\/dev.eliassen.nl\/de\/wp-json\/wp\/v2\/media?parent=25438"}],"wp:term":[{"taxonomy":"product_brand","embeddable":true,"href":"https:\/\/dev.eliassen.nl\/de\/wp-json\/wp\/v2\/product_brand?post=25438"},{"taxonomy":"product_cat","embeddable":true,"href":"https:\/\/dev.eliassen.nl\/de\/wp-json\/wp\/v2\/product_cat?post=25438"},{"taxonomy":"product_tag","embeddable":true,"href":"https:\/\/dev.eliassen.nl\/de\/wp-json\/wp\/v2\/product_tag?post=25438"}],"curies":[{"name":"wp","href":"https:\/\/api.w.org\/{rel}","templated":true}]}}