{"id":25498,"date":"2020-10-01T13:51:51","date_gmt":"2020-10-01T11:51:51","guid":{"rendered":"https:\/\/www.eliassen.nl\/?product=wanddeco-wereldkaart-metaal-112cm"},"modified":"2024-12-05T15:42:40","modified_gmt":"2024-12-05T14:42:40","slug":"wanddekoration-aus-metall-weltkarte-aus-metall-112-cm","status":"publish","type":"product","link":"https:\/\/dev.eliassen.nl\/de\/wanddekoration-aus-metall-weltkarte-aus-metall-112-cm\/","title":{"rendered":"Wanddekoration aus Metall, Weltkarte aus Metall, 112 cm"},"content":{"rendered":"<p><span style=\"font-weight: 400;\">Bist du ein echter Weltreisender oder m\u00f6chtest du einer sein? Dann h\u00e4ngen Sie ein Kunstwerk an Ihre Wand, das dies darstellt. Unsere komplett handgefertigte Metall-Wanddekoration Weltkarte ist die perfekte Dekoration f\u00fcr weltgewandte Menschen, die gerne ausgehen. Das Werk l\u00e4sst sich leicht von jedem aufh\u00e4ngen, der eine Bohrmaschine besitzt. Sie ben\u00f6tigen nur eine oder zwei Schrauben. Da es sich um Handarbeit handelt, ist jedes Exemplar der Weltkarte ein Unikat und das Endprodukt, das Sie erhalten, wird wahrscheinlich geringf\u00fcgig von den Fotos auf unserer Website abweichen.<\/span><\/p>\n<p>Diese Wanddekoration aus Metall schm\u00fcckt jedes moderne Interieur oder jeden Arbeitsplatz. Dieses Modell mit Weltkarte ist eine stimmungsvolle und zeitlose Wanddekoration und ein echter Hingucker.<br \/>Da es sich um ein menschliches Werk handelt, kann das Foto farblich geringf\u00fcgig von der echten Kopie abweichen.<\/p>\n<p><strong>Wir haben auch fast die gesamte Kollektion dieser Serie im Angebot, die in den Niederlanden einzigartig ist.<\/strong><br \/><strong>Nirgendwo sonst finden Sie eine so gro\u00dfe Sammlung. Gern geschehen.<\/strong><\/p>\n<ul>\n<li>Gr\u00f6\u00dfe: 112x53cm hoch<\/li>\n<li>Material: Metall<\/li>\n<li>Einfache Aufh\u00e4ngung mit 1 oder 2 Schrauben<\/li>\n<li>Schnell geliefert<\/li>\n<li><strong>Gr\u00f6\u00dfte Sammlung in den Benelux-L\u00e4ndern, die auch live besichtigt werden kann.<\/strong><\/li>\n<\/ul>\n","protected":false},"excerpt":{"rendered":"<p>Bist du ein echter Weltreisender oder m\u00f6chtest du einer sein? Dann h\u00e4ngen Sie ein Kunstwerk an Ihre Wand, das dies darstellt. Unsere komplett handgefertigte Metall-Wanddekoration Weltkarte ist die perfekte Dekoration f\u00fcr weltgewandte Menschen, die gerne ausgehen. Das Werk l\u00e4sst sich leicht von jedem aufh\u00e4ngen, der eine Bohrmaschine besitzt. Sie ben\u00f6tigen nur eine oder zwei Schrauben. &hellip;<\/p>\n","protected":false},"featured_media":25495,"template":"","meta":{"_acf_changed":false},"product_brand":[],"product_cat":[512,509],"product_tag":[],"class_list":{"0":"post-25498","1":"product","2":"type-product","3":"status-publish","4":"has-post-thumbnail","6":"product_cat-3d-wanddekoration-ohne-rahmen","7":"product_cat-wanddekoration","9":"first","10":"outofstock","11":"taxable","12":"shipping-taxable","13":"purchasable","14":"product-type-simple"},"acf":[],"yoast_head":"<!-- This site is optimized with the Yoast SEO plugin v23.8 - https:\/\/yoast.com\/wordpress\/plugins\/seo\/ -->\n<title>Wanddekoration aus Metall, Weltkarte aus Metall, 112 cm<\/title>\n<meta name=\"description\" content=\"Wanddekoration Weltkarte aus Metall f\u00fcr Zuhause oder B\u00fcro. Ein wundersch\u00f6nes Kunstwerk, das gut an eine wei\u00dfe Wand in einem eleganten Interieur passt. \u221a LIVE...\" \/>\n<meta name=\"robots\" content=\"noindex, follow, max-snippet:-1, max-image-preview:large, max-video-preview:-1\" \/>\n<meta property=\"og:locale\" content=\"de_DE\" \/>\n<meta property=\"og:type\" content=\"article\" \/>\n<meta property=\"og:title\" content=\"Wanddekoration aus Metall, Weltkarte aus Metall, 112 cm\" \/>\n<meta property=\"og:description\" content=\"Wanddekoration Weltkarte aus Metall f\u00fcr Zuhause oder B\u00fcro. Ein wundersch\u00f6nes Kunstwerk, das gut an eine wei\u00dfe Wand in einem eleganten Interieur passt. \u221a LIVE...\" \/>\n<meta property=\"og:url\" content=\"https:\/\/dev.eliassen.nl\/de\/wanddekoration-aus-metall-weltkarte-aus-metall-112-cm\/\" \/>\n<meta property=\"og:site_name\" content=\"Eliassen.nl\" \/>\n<meta property=\"article:publisher\" content=\"https:\/\/www.facebook.com\/TuincentrumEliassenAmmerzoden\" \/>\n<meta property=\"article:modified_time\" content=\"2024-12-05T14:42:40+00:00\" \/>\n<meta property=\"og:image\" content=\"https:\/\/dev.eliassen.nl\/wp-content\/uploads\/2024\/01\/metalenwanddecoratiewereldkaartmetaal112cm.jpg\" \/>\n\t<meta property=\"og:image:width\" content=\"560\" \/>\n\t<meta property=\"og:image:height\" content=\"560\" \/>\n\t<meta property=\"og:image:type\" content=\"image\/jpeg\" \/>\n<meta name=\"twitter:card\" content=\"summary_large_image\" \/>\n<script type=\"application\/ld+json\" class=\"yoast-schema-graph\">{\"@context\":\"https:\/\/schema.org\",\"@graph\":[{\"@type\":\"WebPage\",\"@id\":\"https:\/\/dev.eliassen.nl\/de\/wanddekoration-aus-metall-weltkarte-aus-metall-112-cm\/\",\"url\":\"https:\/\/dev.eliassen.nl\/de\/wanddekoration-aus-metall-weltkarte-aus-metall-112-cm\/\",\"name\":\"Wanddekoration aus Metall, Weltkarte aus Metall, 112 cm\",\"isPartOf\":{\"@id\":\"https:\/\/dev.eliassen.nl\/de\/#website\"},\"primaryImageOfPage\":{\"@id\":\"https:\/\/dev.eliassen.nl\/de\/wanddekoration-aus-metall-weltkarte-aus-metall-112-cm\/#primaryimage\"},\"image\":{\"@id\":\"https:\/\/dev.eliassen.nl\/de\/wanddekoration-aus-metall-weltkarte-aus-metall-112-cm\/#primaryimage\"},\"thumbnailUrl\":\"https:\/\/dev.eliassen.nl\/wp-content\/uploads\/2024\/01\/metalenwanddecoratiewereldkaartmetaal112cm.jpg\",\"datePublished\":\"2020-10-01T11:51:51+00:00\",\"dateModified\":\"2024-12-05T14:42:40+00:00\",\"description\":\"Wanddekoration Weltkarte aus Metall f\u00fcr Zuhause oder B\u00fcro. Ein wundersch\u00f6nes Kunstwerk, das gut an eine wei\u00dfe Wand in einem eleganten Interieur passt. \u221a LIVE...\",\"breadcrumb\":{\"@id\":\"https:\/\/dev.eliassen.nl\/de\/wanddekoration-aus-metall-weltkarte-aus-metall-112-cm\/#breadcrumb\"},\"inLanguage\":\"de\",\"potentialAction\":[{\"@type\":\"ReadAction\",\"target\":[\"https:\/\/dev.eliassen.nl\/de\/wanddekoration-aus-metall-weltkarte-aus-metall-112-cm\/\"]}]},{\"@type\":\"ImageObject\",\"inLanguage\":\"de\",\"@id\":\"https:\/\/dev.eliassen.nl\/de\/wanddekoration-aus-metall-weltkarte-aus-metall-112-cm\/#primaryimage\",\"url\":\"https:\/\/dev.eliassen.nl\/wp-content\/uploads\/2024\/01\/metalenwanddecoratiewereldkaartmetaal112cm.jpg\",\"contentUrl\":\"https:\/\/dev.eliassen.nl\/wp-content\/uploads\/2024\/01\/metalenwanddecoratiewereldkaartmetaal112cm.jpg\",\"width\":560,\"height\":560,\"caption\":\"Metalen wanddecoratie wereldkaart metaal 112cm\"},{\"@type\":\"BreadcrumbList\",\"@id\":\"https:\/\/dev.eliassen.nl\/de\/wanddekoration-aus-metall-weltkarte-aus-metall-112-cm\/#breadcrumb\",\"itemListElement\":[{\"@type\":\"ListItem\",\"position\":1,\"name\":\"Home\",\"item\":\"https:\/\/dev.eliassen.nl\/de\/\"},{\"@type\":\"ListItem\",\"position\":2,\"name\":\"Shop\",\"item\":\"https:\/\/dev.eliassen.nl\/nl\/winkel\/\"},{\"@type\":\"ListItem\",\"position\":3,\"name\":\"Wanddekoration\",\"item\":\"https:\/\/dev.eliassen.nl\/de\/wanddekoration\/\"},{\"@type\":\"ListItem\",\"position\":4,\"name\":\"3D-Wanddekoration ohne Rahmen\",\"item\":\"https:\/\/dev.eliassen.nl\/de\/wanddekoration\/3d-wanddekoration-ohne-rahmen\/\"},{\"@type\":\"ListItem\",\"position\":5,\"name\":\"Wanddekoration aus Metall, Weltkarte aus Metall, 112 cm\"}]},{\"@type\":\"WebSite\",\"@id\":\"https:\/\/dev.eliassen.nl\/de\/#website\",\"url\":\"https:\/\/dev.eliassen.nl\/de\/\",\"name\":\"Eliassen Home & Garden Pleasure\",\"description\":\"\",\"publisher\":{\"@id\":\"https:\/\/dev.eliassen.nl\/de\/#organization\"},\"alternateName\":\"Eliassen.nl\",\"potentialAction\":[{\"@type\":\"SearchAction\",\"target\":{\"@type\":\"EntryPoint\",\"urlTemplate\":\"https:\/\/dev.eliassen.nl\/de\/?s={search_term_string}\"},\"query-input\":{\"@type\":\"PropertyValueSpecification\",\"valueRequired\":true,\"valueName\":\"search_term_string\"}}],\"inLanguage\":\"de\"},{\"@type\":\"Organization\",\"@id\":\"https:\/\/dev.eliassen.nl\/de\/#organization\",\"name\":\"Eliassen Home & Garden Pleasure\",\"url\":\"https:\/\/dev.eliassen.nl\/de\/\",\"logo\":{\"@type\":\"ImageObject\",\"inLanguage\":\"de\",\"@id\":\"https:\/\/dev.eliassen.nl\/de\/#\/schema\/logo\/image\/\",\"url\":\"https:\/\/www.eliassen.nl\/wp-content\/uploads\/2024\/01\/logo_4nd.jpg\",\"contentUrl\":\"https:\/\/www.eliassen.nl\/wp-content\/uploads\/2024\/01\/logo_4nd.jpg\",\"width\":500,\"height\":500,\"caption\":\"Eliassen Home & Garden Pleasure\"},\"image\":{\"@id\":\"https:\/\/dev.eliassen.nl\/de\/#\/schema\/logo\/image\/\"},\"sameAs\":[\"https:\/\/www.facebook.com\/TuincentrumEliassenAmmerzoden\",\"https:\/\/www.instagram.com\/eliassenhomeandgarden\/\",\"https:\/\/nl.pinterest.com\/eliassenhomeandgarden\/\",\"https:\/\/www.youtube.com\/@eliassenhomegardenpleasure4558\"]}]}<\/script>\n<!-- \/ Yoast SEO plugin. -->","yoast_head_json":{"title":"Wanddekoration aus Metall, Weltkarte aus Metall, 112 cm","description":"Wanddekoration Weltkarte aus Metall f\u00fcr Zuhause oder B\u00fcro. Ein wundersch\u00f6nes Kunstwerk, das gut an eine wei\u00dfe Wand in einem eleganten Interieur passt. \u221a LIVE...","robots":{"index":"noindex","follow":"follow","max-snippet":"max-snippet:-1","max-image-preview":"max-image-preview:large","max-video-preview":"max-video-preview:-1"},"og_locale":"de_DE","og_type":"article","og_title":"Wanddekoration aus Metall, Weltkarte aus Metall, 112 cm","og_description":"Wanddekoration Weltkarte aus Metall f\u00fcr Zuhause oder B\u00fcro. Ein wundersch\u00f6nes Kunstwerk, das gut an eine wei\u00dfe Wand in einem eleganten Interieur passt. \u221a LIVE...","og_url":"https:\/\/dev.eliassen.nl\/de\/wanddekoration-aus-metall-weltkarte-aus-metall-112-cm\/","og_site_name":"Eliassen.nl","article_publisher":"https:\/\/www.facebook.com\/TuincentrumEliassenAmmerzoden","article_modified_time":"2024-12-05T14:42:40+00:00","og_image":[{"width":560,"height":560,"url":"https:\/\/dev.eliassen.nl\/wp-content\/uploads\/2024\/01\/metalenwanddecoratiewereldkaartmetaal112cm.jpg","type":"image\/jpeg"}],"twitter_card":"summary_large_image","schema":{"@context":"https:\/\/schema.org","@graph":[{"@type":"WebPage","@id":"https:\/\/dev.eliassen.nl\/de\/wanddekoration-aus-metall-weltkarte-aus-metall-112-cm\/","url":"https:\/\/dev.eliassen.nl\/de\/wanddekoration-aus-metall-weltkarte-aus-metall-112-cm\/","name":"Wanddekoration aus Metall, Weltkarte aus Metall, 112 cm","isPartOf":{"@id":"https:\/\/dev.eliassen.nl\/de\/#website"},"primaryImageOfPage":{"@id":"https:\/\/dev.eliassen.nl\/de\/wanddekoration-aus-metall-weltkarte-aus-metall-112-cm\/#primaryimage"},"image":{"@id":"https:\/\/dev.eliassen.nl\/de\/wanddekoration-aus-metall-weltkarte-aus-metall-112-cm\/#primaryimage"},"thumbnailUrl":"https:\/\/dev.eliassen.nl\/wp-content\/uploads\/2024\/01\/metalenwanddecoratiewereldkaartmetaal112cm.jpg","datePublished":"2020-10-01T11:51:51+00:00","dateModified":"2024-12-05T14:42:40+00:00","description":"Wanddekoration Weltkarte aus Metall f\u00fcr Zuhause oder B\u00fcro. Ein wundersch\u00f6nes Kunstwerk, das gut an eine wei\u00dfe Wand in einem eleganten Interieur passt. \u221a LIVE...","breadcrumb":{"@id":"https:\/\/dev.eliassen.nl\/de\/wanddekoration-aus-metall-weltkarte-aus-metall-112-cm\/#breadcrumb"},"inLanguage":"de","potentialAction":[{"@type":"ReadAction","target":["https:\/\/dev.eliassen.nl\/de\/wanddekoration-aus-metall-weltkarte-aus-metall-112-cm\/"]}]},{"@type":"ImageObject","inLanguage":"de","@id":"https:\/\/dev.eliassen.nl\/de\/wanddekoration-aus-metall-weltkarte-aus-metall-112-cm\/#primaryimage","url":"https:\/\/dev.eliassen.nl\/wp-content\/uploads\/2024\/01\/metalenwanddecoratiewereldkaartmetaal112cm.jpg","contentUrl":"https:\/\/dev.eliassen.nl\/wp-content\/uploads\/2024\/01\/metalenwanddecoratiewereldkaartmetaal112cm.jpg","width":560,"height":560,"caption":"Metalen wanddecoratie wereldkaart metaal 112cm"},{"@type":"BreadcrumbList","@id":"https:\/\/dev.eliassen.nl\/de\/wanddekoration-aus-metall-weltkarte-aus-metall-112-cm\/#breadcrumb","itemListElement":[{"@type":"ListItem","position":1,"name":"Home","item":"https:\/\/dev.eliassen.nl\/de\/"},{"@type":"ListItem","position":2,"name":"Shop","item":"https:\/\/dev.eliassen.nl\/nl\/winkel\/"},{"@type":"ListItem","position":3,"name":"Wanddekoration","item":"https:\/\/dev.eliassen.nl\/de\/wanddekoration\/"},{"@type":"ListItem","position":4,"name":"3D-Wanddekoration ohne Rahmen","item":"https:\/\/dev.eliassen.nl\/de\/wanddekoration\/3d-wanddekoration-ohne-rahmen\/"},{"@type":"ListItem","position":5,"name":"Wanddekoration aus Metall, Weltkarte aus Metall, 112 cm"}]},{"@type":"WebSite","@id":"https:\/\/dev.eliassen.nl\/de\/#website","url":"https:\/\/dev.eliassen.nl\/de\/","name":"Eliassen Home & Garden Pleasure","description":"","publisher":{"@id":"https:\/\/dev.eliassen.nl\/de\/#organization"},"alternateName":"Eliassen.nl","potentialAction":[{"@type":"SearchAction","target":{"@type":"EntryPoint","urlTemplate":"https:\/\/dev.eliassen.nl\/de\/?s={search_term_string}"},"query-input":{"@type":"PropertyValueSpecification","valueRequired":true,"valueName":"search_term_string"}}],"inLanguage":"de"},{"@type":"Organization","@id":"https:\/\/dev.eliassen.nl\/de\/#organization","name":"Eliassen Home & Garden Pleasure","url":"https:\/\/dev.eliassen.nl\/de\/","logo":{"@type":"ImageObject","inLanguage":"de","@id":"https:\/\/dev.eliassen.nl\/de\/#\/schema\/logo\/image\/","url":"https:\/\/www.eliassen.nl\/wp-content\/uploads\/2024\/01\/logo_4nd.jpg","contentUrl":"https:\/\/www.eliassen.nl\/wp-content\/uploads\/2024\/01\/logo_4nd.jpg","width":500,"height":500,"caption":"Eliassen Home & Garden Pleasure"},"image":{"@id":"https:\/\/dev.eliassen.nl\/de\/#\/schema\/logo\/image\/"},"sameAs":["https:\/\/www.facebook.com\/TuincentrumEliassenAmmerzoden","https:\/\/www.instagram.com\/eliassenhomeandgarden\/","https:\/\/nl.pinterest.com\/eliassenhomeandgarden\/","https:\/\/www.youtube.com\/@eliassenhomegardenpleasure4558"]}]}},"df_price":67.5,"df_sale_price":"","df_regular_price":67.5,"df_image_link":"https:\/\/dev.eliassen.nl\/wp-content\/uploads\/2024\/01\/metalenwanddecoratiewereldkaartmetaal112cm.jpg","image":"https:\/\/dev.eliassen.nl\/wp-content\/uploads\/2024\/01\/metalenwanddecoratiewereldkaartmetaal112cm.jpg","price_search":"<span class=\"woocommerce-Price-amount amount\"><bdi><span class=\"woocommerce-Price-currencySymbol\">&euro;<\/span>&nbsp;67,50<\/bdi><\/span>","category":"3D-Wanddekoration ohne Rahmen","_links":{"self":[{"href":"https:\/\/dev.eliassen.nl\/de\/wp-json\/wp\/v2\/product\/25498","targetHints":{"allow":["GET"]}}],"collection":[{"href":"https:\/\/dev.eliassen.nl\/de\/wp-json\/wp\/v2\/product"}],"about":[{"href":"https:\/\/dev.eliassen.nl\/de\/wp-json\/wp\/v2\/types\/product"}],"wp:featuredmedia":[{"embeddable":true,"href":"https:\/\/dev.eliassen.nl\/de\/wp-json\/wp\/v2\/media\/25495"}],"wp:attachment":[{"href":"https:\/\/dev.eliassen.nl\/de\/wp-json\/wp\/v2\/media?parent=25498"}],"wp:term":[{"taxonomy":"product_brand","embeddable":true,"href":"https:\/\/dev.eliassen.nl\/de\/wp-json\/wp\/v2\/product_brand?post=25498"},{"taxonomy":"product_cat","embeddable":true,"href":"https:\/\/dev.eliassen.nl\/de\/wp-json\/wp\/v2\/product_cat?post=25498"},{"taxonomy":"product_tag","embeddable":true,"href":"https:\/\/dev.eliassen.nl\/de\/wp-json\/wp\/v2\/product_tag?post=25498"}],"curies":[{"name":"wp","href":"https:\/\/api.w.org\/{rel}","templated":true}]}}