{"id":25534,"date":"2020-10-09T15:41:20","date_gmt":"2020-10-09T15:41:20","guid":{"rendered":"https:\/\/www.eliassen.nl\/?product=vogel-bacardius-rvs"},"modified":"2022-11-29T11:17:55","modified_gmt":"2022-11-29T11:17:55","slug":"vogel-bacardius-edelstahl","status":"publish","type":"product","link":"https:\/\/dev.eliassen.nl\/de\/vogel-bacardius-edelstahl\/","title":{"rendered":"Vogel Bacardius Edelstahl"},"content":{"rendered":"<p>Sch\u00f6n im Garten, aber auch drinnen, diese exklusive Figur eines lustigen Vogels mit einer Sisalper\u00fccke und einem nat\u00fcrlichen Felsbrocken als K\u00f6rper. Robust, mit einer lebenslangen Lebensdauer unter normalen Bedingungen. Vollst\u00e4ndig aus Edelstahl gefertigt. Da es sich um manuelle Arbeit handelt, gibt es bei jeder Kopie des Fotos immer kleine Unterschiede. Der Felsbrocken kann auch in Farbe und Form unterschiedlich sein, dies kann nicht beanstandet werden.<\/p>\n<ul>\n<li>Gr\u00f6\u00dfe 50cm.<\/li>\n<li>Edelstahl Klasse 304.<\/li>\n<li>Praktisch wartungsfrei.<\/li>\n<li>Exklusive Version.<\/li>\n<li>Schnell geliefert.<\/li>\n<li><strong>Fast alle dieser Serien sind in unserem Shop zu sehen<\/strong><\/li>\n<\/ul>\n","protected":false},"excerpt":{"rendered":"<p>Sch\u00f6n im Garten, aber auch drinnen, diese exklusive Figur eines lustigen Vogels mit einer Sisalper\u00fccke und einem nat\u00fcrlichen Felsbrocken als K\u00f6rper. Robust, mit einer lebenslangen Lebensdauer unter normalen Bedingungen. Vollst\u00e4ndig aus Edelstahl gefertigt. Da es sich um manuelle Arbeit handelt, gibt es bei jeder Kopie des Fotos immer kleine Unterschiede. Der Felsbrocken kann auch in &hellip;<\/p>\n","protected":false},"featured_media":25531,"template":"","meta":{"_acf_changed":false},"product_brand":[],"product_cat":[659,671],"product_tag":[],"class_list":{"0":"post-25534","1":"product","2":"type-product","3":"status-publish","4":"has-post-thumbnail","6":"product_cat-dekoration-aus-metall","7":"product_cat-voegel-aus-edelstahl","9":"first","10":"outofstock","11":"taxable","12":"shipping-taxable","13":"purchasable","14":"product-type-simple"},"acf":[],"yoast_head":"<!-- This site is optimized with the Yoast SEO plugin v23.8 - https:\/\/yoast.com\/wordpress\/plugins\/seo\/ -->\n<title>Vogel Bacardius Edelstahl<\/title>\n<meta name=\"description\" content=\"Auf der Suche nach einer Metallfigur? Bestellen Sie jetzt Vogel Bacardius Edelstahl. Auf unserer Website k\u00f6nnen Sie ganz einfach eine Metallfigur kaufen. \u2713 G...\" \/>\n<meta name=\"robots\" content=\"noindex, follow, max-snippet:-1, max-image-preview:large, max-video-preview:-1\" \/>\n<meta property=\"og:locale\" content=\"de_DE\" \/>\n<meta property=\"og:type\" content=\"article\" \/>\n<meta property=\"og:title\" content=\"Vogel Bacardius Edelstahl\" \/>\n<meta property=\"og:description\" content=\"Auf der Suche nach einer Metallfigur? Bestellen Sie jetzt Vogel Bacardius Edelstahl. Auf unserer Website k\u00f6nnen Sie ganz einfach eine Metallfigur kaufen. \u2713 G...\" \/>\n<meta property=\"og:url\" content=\"https:\/\/dev.eliassen.nl\/de\/vogel-bacardius-edelstahl\/\" \/>\n<meta property=\"og:site_name\" content=\"Eliassen.nl\" \/>\n<meta property=\"article:publisher\" content=\"https:\/\/www.facebook.com\/TuincentrumEliassenAmmerzoden\" \/>\n<meta property=\"article:modified_time\" content=\"2022-11-29T11:17:55+00:00\" \/>\n<meta property=\"og:image\" content=\"https:\/\/dev.eliassen.nl\/wp-content\/uploads\/2024\/01\/eliassenvogelbacardiusrvs.jpg\" \/>\n\t<meta property=\"og:image:width\" content=\"1370\" \/>\n\t<meta property=\"og:image:height\" content=\"2047\" \/>\n\t<meta property=\"og:image:type\" content=\"image\/jpeg\" \/>\n<meta name=\"twitter:card\" content=\"summary_large_image\" \/>\n<script type=\"application\/ld+json\" class=\"yoast-schema-graph\">{\"@context\":\"https:\/\/schema.org\",\"@graph\":[{\"@type\":\"WebPage\",\"@id\":\"https:\/\/dev.eliassen.nl\/de\/vogel-bacardius-edelstahl\/\",\"url\":\"https:\/\/dev.eliassen.nl\/de\/vogel-bacardius-edelstahl\/\",\"name\":\"Vogel Bacardius Edelstahl\",\"isPartOf\":{\"@id\":\"https:\/\/dev.eliassen.nl\/de\/#website\"},\"primaryImageOfPage\":{\"@id\":\"https:\/\/dev.eliassen.nl\/de\/vogel-bacardius-edelstahl\/#primaryimage\"},\"image\":{\"@id\":\"https:\/\/dev.eliassen.nl\/de\/vogel-bacardius-edelstahl\/#primaryimage\"},\"thumbnailUrl\":\"https:\/\/dev.eliassen.nl\/wp-content\/uploads\/2024\/01\/eliassenvogelbacardiusrvs.jpg\",\"datePublished\":\"2020-10-09T15:41:20+00:00\",\"dateModified\":\"2022-11-29T11:17:55+00:00\",\"description\":\"Auf der Suche nach einer Metallfigur? Bestellen Sie jetzt Vogel Bacardius Edelstahl. Auf unserer Website k\u00f6nnen Sie ganz einfach eine Metallfigur kaufen. \u2713 G...\",\"breadcrumb\":{\"@id\":\"https:\/\/dev.eliassen.nl\/de\/vogel-bacardius-edelstahl\/#breadcrumb\"},\"inLanguage\":\"de\",\"potentialAction\":[{\"@type\":\"ReadAction\",\"target\":[\"https:\/\/dev.eliassen.nl\/de\/vogel-bacardius-edelstahl\/\"]}]},{\"@type\":\"ImageObject\",\"inLanguage\":\"de\",\"@id\":\"https:\/\/dev.eliassen.nl\/de\/vogel-bacardius-edelstahl\/#primaryimage\",\"url\":\"https:\/\/dev.eliassen.nl\/wp-content\/uploads\/2024\/01\/eliassenvogelbacardiusrvs.jpg\",\"contentUrl\":\"https:\/\/dev.eliassen.nl\/wp-content\/uploads\/2024\/01\/eliassenvogelbacardiusrvs.jpg\",\"width\":1370,\"height\":2047,\"caption\":\"Eliassen Vogel Bacardius RVS\"},{\"@type\":\"BreadcrumbList\",\"@id\":\"https:\/\/dev.eliassen.nl\/de\/vogel-bacardius-edelstahl\/#breadcrumb\",\"itemListElement\":[{\"@type\":\"ListItem\",\"position\":1,\"name\":\"Home\",\"item\":\"https:\/\/dev.eliassen.nl\/de\/\"},{\"@type\":\"ListItem\",\"position\":2,\"name\":\"Shop\",\"item\":\"https:\/\/dev.eliassen.nl\/nl\/winkel\/\"},{\"@type\":\"ListItem\",\"position\":3,\"name\":\"Dekoration aus Metall\",\"item\":\"https:\/\/dev.eliassen.nl\/de\/dekoration-aus-metall\/\"},{\"@type\":\"ListItem\",\"position\":4,\"name\":\"V\u00f6gel aus Edelstahl\",\"item\":\"https:\/\/dev.eliassen.nl\/de\/dekoration-aus-metall\/voegel-aus-edelstahl\/\"},{\"@type\":\"ListItem\",\"position\":5,\"name\":\"Vogel Bacardius Edelstahl\"}]},{\"@type\":\"WebSite\",\"@id\":\"https:\/\/dev.eliassen.nl\/de\/#website\",\"url\":\"https:\/\/dev.eliassen.nl\/de\/\",\"name\":\"Eliassen Home & Garden Pleasure\",\"description\":\"\",\"publisher\":{\"@id\":\"https:\/\/dev.eliassen.nl\/de\/#organization\"},\"alternateName\":\"Eliassen.nl\",\"potentialAction\":[{\"@type\":\"SearchAction\",\"target\":{\"@type\":\"EntryPoint\",\"urlTemplate\":\"https:\/\/dev.eliassen.nl\/de\/?s={search_term_string}\"},\"query-input\":{\"@type\":\"PropertyValueSpecification\",\"valueRequired\":true,\"valueName\":\"search_term_string\"}}],\"inLanguage\":\"de\"},{\"@type\":\"Organization\",\"@id\":\"https:\/\/dev.eliassen.nl\/de\/#organization\",\"name\":\"Eliassen Home & Garden Pleasure\",\"url\":\"https:\/\/dev.eliassen.nl\/de\/\",\"logo\":{\"@type\":\"ImageObject\",\"inLanguage\":\"de\",\"@id\":\"https:\/\/dev.eliassen.nl\/de\/#\/schema\/logo\/image\/\",\"url\":\"https:\/\/www.eliassen.nl\/wp-content\/uploads\/2024\/01\/logo_4nd.jpg\",\"contentUrl\":\"https:\/\/www.eliassen.nl\/wp-content\/uploads\/2024\/01\/logo_4nd.jpg\",\"width\":500,\"height\":500,\"caption\":\"Eliassen Home & Garden Pleasure\"},\"image\":{\"@id\":\"https:\/\/dev.eliassen.nl\/de\/#\/schema\/logo\/image\/\"},\"sameAs\":[\"https:\/\/www.facebook.com\/TuincentrumEliassenAmmerzoden\",\"https:\/\/www.instagram.com\/eliassenhomeandgarden\/\",\"https:\/\/nl.pinterest.com\/eliassenhomeandgarden\/\",\"https:\/\/www.youtube.com\/@eliassenhomegardenpleasure4558\"]}]}<\/script>\n<!-- \/ Yoast SEO plugin. -->","yoast_head_json":{"title":"Vogel Bacardius Edelstahl","description":"Auf der Suche nach einer Metallfigur? Bestellen Sie jetzt Vogel Bacardius Edelstahl. Auf unserer Website k\u00f6nnen Sie ganz einfach eine Metallfigur kaufen. \u2713 G...","robots":{"index":"noindex","follow":"follow","max-snippet":"max-snippet:-1","max-image-preview":"max-image-preview:large","max-video-preview":"max-video-preview:-1"},"og_locale":"de_DE","og_type":"article","og_title":"Vogel Bacardius Edelstahl","og_description":"Auf der Suche nach einer Metallfigur? Bestellen Sie jetzt Vogel Bacardius Edelstahl. Auf unserer Website k\u00f6nnen Sie ganz einfach eine Metallfigur kaufen. \u2713 G...","og_url":"https:\/\/dev.eliassen.nl\/de\/vogel-bacardius-edelstahl\/","og_site_name":"Eliassen.nl","article_publisher":"https:\/\/www.facebook.com\/TuincentrumEliassenAmmerzoden","article_modified_time":"2022-11-29T11:17:55+00:00","og_image":[{"width":1370,"height":2047,"url":"https:\/\/dev.eliassen.nl\/wp-content\/uploads\/2024\/01\/eliassenvogelbacardiusrvs.jpg","type":"image\/jpeg"}],"twitter_card":"summary_large_image","schema":{"@context":"https:\/\/schema.org","@graph":[{"@type":"WebPage","@id":"https:\/\/dev.eliassen.nl\/de\/vogel-bacardius-edelstahl\/","url":"https:\/\/dev.eliassen.nl\/de\/vogel-bacardius-edelstahl\/","name":"Vogel Bacardius Edelstahl","isPartOf":{"@id":"https:\/\/dev.eliassen.nl\/de\/#website"},"primaryImageOfPage":{"@id":"https:\/\/dev.eliassen.nl\/de\/vogel-bacardius-edelstahl\/#primaryimage"},"image":{"@id":"https:\/\/dev.eliassen.nl\/de\/vogel-bacardius-edelstahl\/#primaryimage"},"thumbnailUrl":"https:\/\/dev.eliassen.nl\/wp-content\/uploads\/2024\/01\/eliassenvogelbacardiusrvs.jpg","datePublished":"2020-10-09T15:41:20+00:00","dateModified":"2022-11-29T11:17:55+00:00","description":"Auf der Suche nach einer Metallfigur? Bestellen Sie jetzt Vogel Bacardius Edelstahl. Auf unserer Website k\u00f6nnen Sie ganz einfach eine Metallfigur kaufen. \u2713 G...","breadcrumb":{"@id":"https:\/\/dev.eliassen.nl\/de\/vogel-bacardius-edelstahl\/#breadcrumb"},"inLanguage":"de","potentialAction":[{"@type":"ReadAction","target":["https:\/\/dev.eliassen.nl\/de\/vogel-bacardius-edelstahl\/"]}]},{"@type":"ImageObject","inLanguage":"de","@id":"https:\/\/dev.eliassen.nl\/de\/vogel-bacardius-edelstahl\/#primaryimage","url":"https:\/\/dev.eliassen.nl\/wp-content\/uploads\/2024\/01\/eliassenvogelbacardiusrvs.jpg","contentUrl":"https:\/\/dev.eliassen.nl\/wp-content\/uploads\/2024\/01\/eliassenvogelbacardiusrvs.jpg","width":1370,"height":2047,"caption":"Eliassen Vogel Bacardius RVS"},{"@type":"BreadcrumbList","@id":"https:\/\/dev.eliassen.nl\/de\/vogel-bacardius-edelstahl\/#breadcrumb","itemListElement":[{"@type":"ListItem","position":1,"name":"Home","item":"https:\/\/dev.eliassen.nl\/de\/"},{"@type":"ListItem","position":2,"name":"Shop","item":"https:\/\/dev.eliassen.nl\/nl\/winkel\/"},{"@type":"ListItem","position":3,"name":"Dekoration aus Metall","item":"https:\/\/dev.eliassen.nl\/de\/dekoration-aus-metall\/"},{"@type":"ListItem","position":4,"name":"V\u00f6gel aus Edelstahl","item":"https:\/\/dev.eliassen.nl\/de\/dekoration-aus-metall\/voegel-aus-edelstahl\/"},{"@type":"ListItem","position":5,"name":"Vogel Bacardius Edelstahl"}]},{"@type":"WebSite","@id":"https:\/\/dev.eliassen.nl\/de\/#website","url":"https:\/\/dev.eliassen.nl\/de\/","name":"Eliassen Home & Garden Pleasure","description":"","publisher":{"@id":"https:\/\/dev.eliassen.nl\/de\/#organization"},"alternateName":"Eliassen.nl","potentialAction":[{"@type":"SearchAction","target":{"@type":"EntryPoint","urlTemplate":"https:\/\/dev.eliassen.nl\/de\/?s={search_term_string}"},"query-input":{"@type":"PropertyValueSpecification","valueRequired":true,"valueName":"search_term_string"}}],"inLanguage":"de"},{"@type":"Organization","@id":"https:\/\/dev.eliassen.nl\/de\/#organization","name":"Eliassen Home & Garden Pleasure","url":"https:\/\/dev.eliassen.nl\/de\/","logo":{"@type":"ImageObject","inLanguage":"de","@id":"https:\/\/dev.eliassen.nl\/de\/#\/schema\/logo\/image\/","url":"https:\/\/www.eliassen.nl\/wp-content\/uploads\/2024\/01\/logo_4nd.jpg","contentUrl":"https:\/\/www.eliassen.nl\/wp-content\/uploads\/2024\/01\/logo_4nd.jpg","width":500,"height":500,"caption":"Eliassen Home & Garden Pleasure"},"image":{"@id":"https:\/\/dev.eliassen.nl\/de\/#\/schema\/logo\/image\/"},"sameAs":["https:\/\/www.facebook.com\/TuincentrumEliassenAmmerzoden","https:\/\/www.instagram.com\/eliassenhomeandgarden\/","https:\/\/nl.pinterest.com\/eliassenhomeandgarden\/","https:\/\/www.youtube.com\/@eliassenhomegardenpleasure4558"]}]}},"df_price":37.5,"df_sale_price":"","df_regular_price":37.5,"df_image_link":"https:\/\/dev.eliassen.nl\/wp-content\/uploads\/2024\/01\/eliassenvogelbacardiusrvs.jpg","image":"https:\/\/dev.eliassen.nl\/wp-content\/uploads\/2024\/01\/eliassenvogelbacardiusrvs.jpg","price_search":"<span class=\"woocommerce-Price-amount amount\"><bdi><span class=\"woocommerce-Price-currencySymbol\">&euro;<\/span>&nbsp;37,50<\/bdi><\/span>","category":"Dekoration aus Metall","_links":{"self":[{"href":"https:\/\/dev.eliassen.nl\/de\/wp-json\/wp\/v2\/product\/25534","targetHints":{"allow":["GET"]}}],"collection":[{"href":"https:\/\/dev.eliassen.nl\/de\/wp-json\/wp\/v2\/product"}],"about":[{"href":"https:\/\/dev.eliassen.nl\/de\/wp-json\/wp\/v2\/types\/product"}],"wp:featuredmedia":[{"embeddable":true,"href":"https:\/\/dev.eliassen.nl\/de\/wp-json\/wp\/v2\/media\/25531"}],"wp:attachment":[{"href":"https:\/\/dev.eliassen.nl\/de\/wp-json\/wp\/v2\/media?parent=25534"}],"wp:term":[{"taxonomy":"product_brand","embeddable":true,"href":"https:\/\/dev.eliassen.nl\/de\/wp-json\/wp\/v2\/product_brand?post=25534"},{"taxonomy":"product_cat","embeddable":true,"href":"https:\/\/dev.eliassen.nl\/de\/wp-json\/wp\/v2\/product_cat?post=25534"},{"taxonomy":"product_tag","embeddable":true,"href":"https:\/\/dev.eliassen.nl\/de\/wp-json\/wp\/v2\/product_tag?post=25534"}],"curies":[{"name":"wp","href":"https:\/\/api.w.org\/{rel}","templated":true}]}}