{"id":25582,"date":"2020-10-15T09:38:31","date_gmt":"2020-10-15T07:38:31","guid":{"rendered":"https:\/\/www.eliassen.nl\/?product=glazen-vaas-zwart-rood-50cm"},"modified":"2024-12-05T15:42:50","modified_gmt":"2024-12-05T14:42:50","slug":"glasvase-schwarz-rot-50cm","status":"publish","type":"product","link":"https:\/\/dev.eliassen.nl\/de\/glasvase-schwarz-rot-50cm\/","title":{"rendered":"Glasvase schwarz-rot 50cm"},"content":{"rendered":"<p class=\"x_MsoNormal\">Suchen Sie ein farbenfrohes, handgefertigtes Glasdekorationsst\u00fcck f\u00fcr sich oder ein Geschenk?<br \/>Dann k\u00f6nnte Sie diese handgefertigte Glasvase interessieren.<br \/>Hergestellt aus klarstem Glas in den sch\u00f6nsten Farben.<br \/>Fast alle Modelle bestehen aus massivem Glas, so dass das Objekt schwer und damit auch stabil ist.<\/p>\n<p class=\"x_MsoNormal\"><b>Wir haben auch fast alles von dieser Gruppe in unserem Laden, z\u00f6gern Sie nicht, all unser Glas live zu sehen!<\/b><\/p>\n<ul type=\"disc\">\n<li class=\"x_MsoListParagraph\">Gr\u00f6\u00dfe: 35x24x15 cm.<\/li>\n<li class=\"x_MsoListParagraph\">Farbe: Mehrfarbig.<\/li>\n<li class=\"x_MsoListParagraph\">Material: Glas.<\/li>\n<li class=\"x_MsoListParagraph\">Schnell geliefert.<\/li>\n<\/ul>\n","protected":false},"excerpt":{"rendered":"<p>Suchen Sie ein farbenfrohes, handgefertigtes Glasdekorationsst\u00fcck f\u00fcr sich oder ein Geschenk?Dann k\u00f6nnte Sie diese handgefertigte Glasvase interessieren.Hergestellt aus klarstem Glas in den sch\u00f6nsten Farben.Fast alle Modelle bestehen aus massivem Glas, so dass das Objekt schwer und damit auch stabil ist. Wir haben auch fast alles von dieser Gruppe in unserem Laden, z\u00f6gern Sie nicht, all &hellip;<\/p>\n","protected":false},"featured_media":25579,"template":"","meta":{"_acf_changed":false},"product_brand":[],"product_cat":[812,800],"product_tag":[],"class_list":{"0":"post-25582","1":"product","2":"type-product","3":"status-publish","4":"has-post-thumbnail","6":"product_cat-farbige-glasvasen","7":"product_cat-glaskunst","9":"first","10":"instock","11":"taxable","12":"shipping-taxable","13":"purchasable","14":"product-type-simple"},"acf":[],"yoast_head":"<!-- This site is optimized with the Yoast SEO plugin v23.8 - https:\/\/yoast.com\/wordpress\/plugins\/seo\/ -->\n<title>Glasvase schwarz-rot 50cm<\/title>\n<meta name=\"description\" content=\"Auf der Suche nach einer Glasvase? Bestellen Sie jetzt die Glasvase schwarz-rot. Auf unserer Website k\u00f6nnen Sie ganz einfach Glaskunst kaufen. \u2713 Gro\u00dfe Auswah...\" \/>\n<meta name=\"robots\" content=\"noindex, follow, max-snippet:-1, max-image-preview:large, max-video-preview:-1\" \/>\n<meta property=\"og:locale\" content=\"de_DE\" \/>\n<meta property=\"og:type\" content=\"article\" \/>\n<meta property=\"og:title\" content=\"Glasvase schwarz-rot 50cm\" \/>\n<meta property=\"og:description\" content=\"Auf der Suche nach einer Glasvase? Bestellen Sie jetzt die Glasvase schwarz-rot. Auf unserer Website k\u00f6nnen Sie ganz einfach Glaskunst kaufen. \u2713 Gro\u00dfe Auswah...\" \/>\n<meta property=\"og:url\" content=\"https:\/\/dev.eliassen.nl\/de\/glasvase-schwarz-rot-50cm\/\" \/>\n<meta property=\"og:site_name\" content=\"Eliassen.nl\" \/>\n<meta property=\"article:publisher\" content=\"https:\/\/www.facebook.com\/TuincentrumEliassenAmmerzoden\" \/>\n<meta property=\"article:modified_time\" content=\"2024-12-05T14:42:50+00:00\" \/>\n<meta property=\"og:image\" content=\"https:\/\/dev.eliassen.nl\/wp-content\/uploads\/2024\/01\/eliassenglazenvaaszwartrood50cm.jpg\" \/>\n\t<meta property=\"og:image:width\" content=\"2048\" \/>\n\t<meta property=\"og:image:height\" content=\"2048\" \/>\n\t<meta property=\"og:image:type\" content=\"image\/jpeg\" \/>\n<meta name=\"twitter:card\" content=\"summary_large_image\" \/>\n<script type=\"application\/ld+json\" class=\"yoast-schema-graph\">{\"@context\":\"https:\/\/schema.org\",\"@graph\":[{\"@type\":\"WebPage\",\"@id\":\"https:\/\/dev.eliassen.nl\/de\/glasvase-schwarz-rot-50cm\/\",\"url\":\"https:\/\/dev.eliassen.nl\/de\/glasvase-schwarz-rot-50cm\/\",\"name\":\"Glasvase schwarz-rot 50cm\",\"isPartOf\":{\"@id\":\"https:\/\/dev.eliassen.nl\/de\/#website\"},\"primaryImageOfPage\":{\"@id\":\"https:\/\/dev.eliassen.nl\/de\/glasvase-schwarz-rot-50cm\/#primaryimage\"},\"image\":{\"@id\":\"https:\/\/dev.eliassen.nl\/de\/glasvase-schwarz-rot-50cm\/#primaryimage\"},\"thumbnailUrl\":\"https:\/\/dev.eliassen.nl\/wp-content\/uploads\/2024\/01\/eliassenglazenvaaszwartrood50cm.jpg\",\"datePublished\":\"2020-10-15T07:38:31+00:00\",\"dateModified\":\"2024-12-05T14:42:50+00:00\",\"description\":\"Auf der Suche nach einer Glasvase? Bestellen Sie jetzt die Glasvase schwarz-rot. Auf unserer Website k\u00f6nnen Sie ganz einfach Glaskunst kaufen. \u2713 Gro\u00dfe Auswah...\",\"breadcrumb\":{\"@id\":\"https:\/\/dev.eliassen.nl\/de\/glasvase-schwarz-rot-50cm\/#breadcrumb\"},\"inLanguage\":\"de\",\"potentialAction\":[{\"@type\":\"ReadAction\",\"target\":[\"https:\/\/dev.eliassen.nl\/de\/glasvase-schwarz-rot-50cm\/\"]}]},{\"@type\":\"ImageObject\",\"inLanguage\":\"de\",\"@id\":\"https:\/\/dev.eliassen.nl\/de\/glasvase-schwarz-rot-50cm\/#primaryimage\",\"url\":\"https:\/\/dev.eliassen.nl\/wp-content\/uploads\/2024\/01\/eliassenglazenvaaszwartrood50cm.jpg\",\"contentUrl\":\"https:\/\/dev.eliassen.nl\/wp-content\/uploads\/2024\/01\/eliassenglazenvaaszwartrood50cm.jpg\",\"width\":2048,\"height\":2048,\"caption\":\"Eliassen Glazen vaas zwart-rood 50cm\"},{\"@type\":\"BreadcrumbList\",\"@id\":\"https:\/\/dev.eliassen.nl\/de\/glasvase-schwarz-rot-50cm\/#breadcrumb\",\"itemListElement\":[{\"@type\":\"ListItem\",\"position\":1,\"name\":\"Home\",\"item\":\"https:\/\/dev.eliassen.nl\/de\/\"},{\"@type\":\"ListItem\",\"position\":2,\"name\":\"Shop\",\"item\":\"https:\/\/dev.eliassen.nl\/nl\/winkel\/\"},{\"@type\":\"ListItem\",\"position\":3,\"name\":\"Glaskunst\",\"item\":\"https:\/\/dev.eliassen.nl\/de\/glaskunst\/\"},{\"@type\":\"ListItem\",\"position\":4,\"name\":\"Farbige Glasvasen\",\"item\":\"https:\/\/dev.eliassen.nl\/de\/glaskunst\/farbige-glasvasen\/\"},{\"@type\":\"ListItem\",\"position\":5,\"name\":\"Glasvase schwarz-rot 50cm\"}]},{\"@type\":\"WebSite\",\"@id\":\"https:\/\/dev.eliassen.nl\/de\/#website\",\"url\":\"https:\/\/dev.eliassen.nl\/de\/\",\"name\":\"Eliassen Home & Garden Pleasure\",\"description\":\"\",\"publisher\":{\"@id\":\"https:\/\/dev.eliassen.nl\/de\/#organization\"},\"alternateName\":\"Eliassen.nl\",\"potentialAction\":[{\"@type\":\"SearchAction\",\"target\":{\"@type\":\"EntryPoint\",\"urlTemplate\":\"https:\/\/dev.eliassen.nl\/de\/?s={search_term_string}\"},\"query-input\":{\"@type\":\"PropertyValueSpecification\",\"valueRequired\":true,\"valueName\":\"search_term_string\"}}],\"inLanguage\":\"de\"},{\"@type\":\"Organization\",\"@id\":\"https:\/\/dev.eliassen.nl\/de\/#organization\",\"name\":\"Eliassen Home & Garden Pleasure\",\"url\":\"https:\/\/dev.eliassen.nl\/de\/\",\"logo\":{\"@type\":\"ImageObject\",\"inLanguage\":\"de\",\"@id\":\"https:\/\/dev.eliassen.nl\/de\/#\/schema\/logo\/image\/\",\"url\":\"https:\/\/www.eliassen.nl\/wp-content\/uploads\/2024\/01\/logo_4nd.jpg\",\"contentUrl\":\"https:\/\/www.eliassen.nl\/wp-content\/uploads\/2024\/01\/logo_4nd.jpg\",\"width\":500,\"height\":500,\"caption\":\"Eliassen Home & Garden Pleasure\"},\"image\":{\"@id\":\"https:\/\/dev.eliassen.nl\/de\/#\/schema\/logo\/image\/\"},\"sameAs\":[\"https:\/\/www.facebook.com\/TuincentrumEliassenAmmerzoden\",\"https:\/\/www.instagram.com\/eliassenhomeandgarden\/\",\"https:\/\/nl.pinterest.com\/eliassenhomeandgarden\/\",\"https:\/\/www.youtube.com\/@eliassenhomegardenpleasure4558\"]}]}<\/script>\n<!-- \/ Yoast SEO plugin. -->","yoast_head_json":{"title":"Glasvase schwarz-rot 50cm","description":"Auf der Suche nach einer Glasvase? Bestellen Sie jetzt die Glasvase schwarz-rot. Auf unserer Website k\u00f6nnen Sie ganz einfach Glaskunst kaufen. \u2713 Gro\u00dfe Auswah...","robots":{"index":"noindex","follow":"follow","max-snippet":"max-snippet:-1","max-image-preview":"max-image-preview:large","max-video-preview":"max-video-preview:-1"},"og_locale":"de_DE","og_type":"article","og_title":"Glasvase schwarz-rot 50cm","og_description":"Auf der Suche nach einer Glasvase? Bestellen Sie jetzt die Glasvase schwarz-rot. Auf unserer Website k\u00f6nnen Sie ganz einfach Glaskunst kaufen. \u2713 Gro\u00dfe Auswah...","og_url":"https:\/\/dev.eliassen.nl\/de\/glasvase-schwarz-rot-50cm\/","og_site_name":"Eliassen.nl","article_publisher":"https:\/\/www.facebook.com\/TuincentrumEliassenAmmerzoden","article_modified_time":"2024-12-05T14:42:50+00:00","og_image":[{"width":2048,"height":2048,"url":"https:\/\/dev.eliassen.nl\/wp-content\/uploads\/2024\/01\/eliassenglazenvaaszwartrood50cm.jpg","type":"image\/jpeg"}],"twitter_card":"summary_large_image","schema":{"@context":"https:\/\/schema.org","@graph":[{"@type":"WebPage","@id":"https:\/\/dev.eliassen.nl\/de\/glasvase-schwarz-rot-50cm\/","url":"https:\/\/dev.eliassen.nl\/de\/glasvase-schwarz-rot-50cm\/","name":"Glasvase schwarz-rot 50cm","isPartOf":{"@id":"https:\/\/dev.eliassen.nl\/de\/#website"},"primaryImageOfPage":{"@id":"https:\/\/dev.eliassen.nl\/de\/glasvase-schwarz-rot-50cm\/#primaryimage"},"image":{"@id":"https:\/\/dev.eliassen.nl\/de\/glasvase-schwarz-rot-50cm\/#primaryimage"},"thumbnailUrl":"https:\/\/dev.eliassen.nl\/wp-content\/uploads\/2024\/01\/eliassenglazenvaaszwartrood50cm.jpg","datePublished":"2020-10-15T07:38:31+00:00","dateModified":"2024-12-05T14:42:50+00:00","description":"Auf der Suche nach einer Glasvase? Bestellen Sie jetzt die Glasvase schwarz-rot. Auf unserer Website k\u00f6nnen Sie ganz einfach Glaskunst kaufen. \u2713 Gro\u00dfe Auswah...","breadcrumb":{"@id":"https:\/\/dev.eliassen.nl\/de\/glasvase-schwarz-rot-50cm\/#breadcrumb"},"inLanguage":"de","potentialAction":[{"@type":"ReadAction","target":["https:\/\/dev.eliassen.nl\/de\/glasvase-schwarz-rot-50cm\/"]}]},{"@type":"ImageObject","inLanguage":"de","@id":"https:\/\/dev.eliassen.nl\/de\/glasvase-schwarz-rot-50cm\/#primaryimage","url":"https:\/\/dev.eliassen.nl\/wp-content\/uploads\/2024\/01\/eliassenglazenvaaszwartrood50cm.jpg","contentUrl":"https:\/\/dev.eliassen.nl\/wp-content\/uploads\/2024\/01\/eliassenglazenvaaszwartrood50cm.jpg","width":2048,"height":2048,"caption":"Eliassen Glazen vaas zwart-rood 50cm"},{"@type":"BreadcrumbList","@id":"https:\/\/dev.eliassen.nl\/de\/glasvase-schwarz-rot-50cm\/#breadcrumb","itemListElement":[{"@type":"ListItem","position":1,"name":"Home","item":"https:\/\/dev.eliassen.nl\/de\/"},{"@type":"ListItem","position":2,"name":"Shop","item":"https:\/\/dev.eliassen.nl\/nl\/winkel\/"},{"@type":"ListItem","position":3,"name":"Glaskunst","item":"https:\/\/dev.eliassen.nl\/de\/glaskunst\/"},{"@type":"ListItem","position":4,"name":"Farbige Glasvasen","item":"https:\/\/dev.eliassen.nl\/de\/glaskunst\/farbige-glasvasen\/"},{"@type":"ListItem","position":5,"name":"Glasvase schwarz-rot 50cm"}]},{"@type":"WebSite","@id":"https:\/\/dev.eliassen.nl\/de\/#website","url":"https:\/\/dev.eliassen.nl\/de\/","name":"Eliassen Home & Garden Pleasure","description":"","publisher":{"@id":"https:\/\/dev.eliassen.nl\/de\/#organization"},"alternateName":"Eliassen.nl","potentialAction":[{"@type":"SearchAction","target":{"@type":"EntryPoint","urlTemplate":"https:\/\/dev.eliassen.nl\/de\/?s={search_term_string}"},"query-input":{"@type":"PropertyValueSpecification","valueRequired":true,"valueName":"search_term_string"}}],"inLanguage":"de"},{"@type":"Organization","@id":"https:\/\/dev.eliassen.nl\/de\/#organization","name":"Eliassen Home & Garden Pleasure","url":"https:\/\/dev.eliassen.nl\/de\/","logo":{"@type":"ImageObject","inLanguage":"de","@id":"https:\/\/dev.eliassen.nl\/de\/#\/schema\/logo\/image\/","url":"https:\/\/www.eliassen.nl\/wp-content\/uploads\/2024\/01\/logo_4nd.jpg","contentUrl":"https:\/\/www.eliassen.nl\/wp-content\/uploads\/2024\/01\/logo_4nd.jpg","width":500,"height":500,"caption":"Eliassen Home & Garden Pleasure"},"image":{"@id":"https:\/\/dev.eliassen.nl\/de\/#\/schema\/logo\/image\/"},"sameAs":["https:\/\/www.facebook.com\/TuincentrumEliassenAmmerzoden","https:\/\/www.instagram.com\/eliassenhomeandgarden\/","https:\/\/nl.pinterest.com\/eliassenhomeandgarden\/","https:\/\/www.youtube.com\/@eliassenhomegardenpleasure4558"]}]}},"df_price":109,"df_sale_price":"","df_regular_price":109,"df_image_link":"https:\/\/dev.eliassen.nl\/wp-content\/uploads\/2024\/01\/eliassenglazenvaaszwartrood50cm.jpg","image":"https:\/\/dev.eliassen.nl\/wp-content\/uploads\/2024\/01\/eliassenglazenvaaszwartrood50cm.jpg","price_search":"<span class=\"woocommerce-Price-amount amount\"><bdi><span class=\"woocommerce-Price-currencySymbol\">&euro;<\/span>&nbsp;109,00<\/bdi><\/span>","category":"Farbige Glasvasen","_links":{"self":[{"href":"https:\/\/dev.eliassen.nl\/de\/wp-json\/wp\/v2\/product\/25582","targetHints":{"allow":["GET"]}}],"collection":[{"href":"https:\/\/dev.eliassen.nl\/de\/wp-json\/wp\/v2\/product"}],"about":[{"href":"https:\/\/dev.eliassen.nl\/de\/wp-json\/wp\/v2\/types\/product"}],"wp:featuredmedia":[{"embeddable":true,"href":"https:\/\/dev.eliassen.nl\/de\/wp-json\/wp\/v2\/media\/25579"}],"wp:attachment":[{"href":"https:\/\/dev.eliassen.nl\/de\/wp-json\/wp\/v2\/media?parent=25582"}],"wp:term":[{"taxonomy":"product_brand","embeddable":true,"href":"https:\/\/dev.eliassen.nl\/de\/wp-json\/wp\/v2\/product_brand?post=25582"},{"taxonomy":"product_cat","embeddable":true,"href":"https:\/\/dev.eliassen.nl\/de\/wp-json\/wp\/v2\/product_cat?post=25582"},{"taxonomy":"product_tag","embeddable":true,"href":"https:\/\/dev.eliassen.nl\/de\/wp-json\/wp\/v2\/product_tag?post=25582"}],"curies":[{"name":"wp","href":"https:\/\/api.w.org\/{rel}","templated":true}]}}