{"id":25603,"date":"2020-10-15T09:43:38","date_gmt":"2020-10-15T07:43:38","guid":{"rendered":"https:\/\/www.eliassen.nl\/?product=koi-karper-van-glas-60cm"},"modified":"2024-12-05T15:42:52","modified_gmt":"2024-12-05T14:42:52","slug":"koi-karpfen-aus-glas-60cm","status":"publish","type":"product","link":"https:\/\/dev.eliassen.nl\/de\/koi-karpfen-aus-glas-60cm\/","title":{"rendered":"Koi-Karpfen aus Glas 60cm"},"content":{"rendered":"<p class=\"x_MsoNormal\">Suchen Sie ein farbenfrohes, handgefertigtes Glasdekorationsst\u00fcck f\u00fcr sich oder ein Geschenk?<br \/>Dann k\u00f6nnte Sie dieses handgefertigte Glasobjekt in Form eines Koi-Karpfen interessieren.<br \/>Hergestellt aus klarstem Glas in den sch\u00f6nsten Farben.<br \/>Fast alle Modelle bestehen aus massivem Glas, so dass das Objekt schwer und damit auch stabil ist.<\/p>\n<p class=\"x_MsoNormal\"><b>Wir haben auch fast alles von dieser Gruppe in unserem Laden, z\u00f6gern Sie nicht, all unser Glas live zu sehen!<\/b><\/p>\n<ul type=\"disc\">\n<li class=\"x_MsoListParagraph\">Gr\u00f6\u00dfe: 24x60x15 cm.<\/li>\n<li class=\"x_MsoListParagraph\">Farbe: Mehrfarbig.<\/li>\n<li class=\"x_MsoListParagraph\">Material: Glas.<\/li>\n<li class=\"x_MsoListParagraph\">Schnell geliefert.<\/li>\n<\/ul>\n","protected":false},"excerpt":{"rendered":"<p>Suchen Sie ein farbenfrohes, handgefertigtes Glasdekorationsst\u00fcck f\u00fcr sich oder ein Geschenk?Dann k\u00f6nnte Sie dieses handgefertigte Glasobjekt in Form eines Koi-Karpfen interessieren.Hergestellt aus klarstem Glas in den sch\u00f6nsten Farben.Fast alle Modelle bestehen aus massivem Glas, so dass das Objekt schwer und damit auch stabil ist. Wir haben auch fast alles von dieser Gruppe in unserem Laden, &hellip;<\/p>\n","protected":false},"featured_media":25597,"template":"","meta":{"_acf_changed":false},"product_brand":[],"product_cat":[800,824],"product_tag":[],"class_list":{"0":"post-25603","1":"product","2":"type-product","3":"status-publish","4":"has-post-thumbnail","6":"product_cat-glaskunst","7":"product_cat-tierfiguren-aus-glas","9":"first","10":"instock","11":"taxable","12":"shipping-taxable","13":"purchasable","14":"product-type-simple"},"acf":[],"yoast_head":"<!-- This site is optimized with the Yoast SEO plugin v23.8 - https:\/\/yoast.com\/wordpress\/plugins\/seo\/ -->\n<title>Koi-Karpfen aus Glas 60cm<\/title>\n<meta name=\"description\" content=\"Auf der Suche nach einem Glastier? Bestellen Sie jetzt Koi-Karpfen aus Glas. Auf unserer Website k\u00f6nnen Sie ganz einfach Glaskunst kaufen. \u2713 Gro\u00dfe Auswahl \u2713 ...\" \/>\n<meta name=\"robots\" content=\"noindex, follow, max-snippet:-1, max-image-preview:large, max-video-preview:-1\" \/>\n<meta property=\"og:locale\" content=\"de_DE\" \/>\n<meta property=\"og:type\" content=\"article\" \/>\n<meta property=\"og:title\" content=\"Koi-Karpfen aus Glas 60cm\" \/>\n<meta property=\"og:description\" content=\"Auf der Suche nach einem Glastier? Bestellen Sie jetzt Koi-Karpfen aus Glas. Auf unserer Website k\u00f6nnen Sie ganz einfach Glaskunst kaufen. \u2713 Gro\u00dfe Auswahl \u2713 ...\" \/>\n<meta property=\"og:url\" content=\"https:\/\/dev.eliassen.nl\/de\/koi-karpfen-aus-glas-60cm\/\" \/>\n<meta property=\"og:site_name\" content=\"Eliassen.nl\" \/>\n<meta property=\"article:publisher\" content=\"https:\/\/www.facebook.com\/TuincentrumEliassenAmmerzoden\" \/>\n<meta property=\"article:modified_time\" content=\"2024-12-05T14:42:52+00:00\" \/>\n<meta property=\"og:image\" content=\"https:\/\/dev.eliassen.nl\/wp-content\/uploads\/2024\/01\/eliassenkoikarpervanglas60cm.jpg\" \/>\n\t<meta property=\"og:image:width\" content=\"2048\" \/>\n\t<meta property=\"og:image:height\" content=\"2048\" \/>\n\t<meta property=\"og:image:type\" content=\"image\/jpeg\" \/>\n<meta name=\"twitter:card\" content=\"summary_large_image\" \/>\n<script type=\"application\/ld+json\" class=\"yoast-schema-graph\">{\"@context\":\"https:\/\/schema.org\",\"@graph\":[{\"@type\":\"WebPage\",\"@id\":\"https:\/\/dev.eliassen.nl\/de\/koi-karpfen-aus-glas-60cm\/\",\"url\":\"https:\/\/dev.eliassen.nl\/de\/koi-karpfen-aus-glas-60cm\/\",\"name\":\"Koi-Karpfen aus Glas 60cm\",\"isPartOf\":{\"@id\":\"https:\/\/dev.eliassen.nl\/de\/#website\"},\"primaryImageOfPage\":{\"@id\":\"https:\/\/dev.eliassen.nl\/de\/koi-karpfen-aus-glas-60cm\/#primaryimage\"},\"image\":{\"@id\":\"https:\/\/dev.eliassen.nl\/de\/koi-karpfen-aus-glas-60cm\/#primaryimage\"},\"thumbnailUrl\":\"https:\/\/dev.eliassen.nl\/wp-content\/uploads\/2024\/01\/eliassenkoikarpervanglas60cm.jpg\",\"datePublished\":\"2020-10-15T07:43:38+00:00\",\"dateModified\":\"2024-12-05T14:42:52+00:00\",\"description\":\"Auf der Suche nach einem Glastier? Bestellen Sie jetzt Koi-Karpfen aus Glas. Auf unserer Website k\u00f6nnen Sie ganz einfach Glaskunst kaufen. \u2713 Gro\u00dfe Auswahl \u2713 ...\",\"breadcrumb\":{\"@id\":\"https:\/\/dev.eliassen.nl\/de\/koi-karpfen-aus-glas-60cm\/#breadcrumb\"},\"inLanguage\":\"de\",\"potentialAction\":[{\"@type\":\"ReadAction\",\"target\":[\"https:\/\/dev.eliassen.nl\/de\/koi-karpfen-aus-glas-60cm\/\"]}]},{\"@type\":\"ImageObject\",\"inLanguage\":\"de\",\"@id\":\"https:\/\/dev.eliassen.nl\/de\/koi-karpfen-aus-glas-60cm\/#primaryimage\",\"url\":\"https:\/\/dev.eliassen.nl\/wp-content\/uploads\/2024\/01\/eliassenkoikarpervanglas60cm.jpg\",\"contentUrl\":\"https:\/\/dev.eliassen.nl\/wp-content\/uploads\/2024\/01\/eliassenkoikarpervanglas60cm.jpg\",\"width\":2048,\"height\":2048,\"caption\":\"Eliassen Koi karper van glas 60cm\"},{\"@type\":\"BreadcrumbList\",\"@id\":\"https:\/\/dev.eliassen.nl\/de\/koi-karpfen-aus-glas-60cm\/#breadcrumb\",\"itemListElement\":[{\"@type\":\"ListItem\",\"position\":1,\"name\":\"Home\",\"item\":\"https:\/\/dev.eliassen.nl\/de\/\"},{\"@type\":\"ListItem\",\"position\":2,\"name\":\"Shop\",\"item\":\"https:\/\/dev.eliassen.nl\/nl\/winkel\/\"},{\"@type\":\"ListItem\",\"position\":3,\"name\":\"Glaskunst\",\"item\":\"https:\/\/dev.eliassen.nl\/de\/glaskunst\/\"},{\"@type\":\"ListItem\",\"position\":4,\"name\":\"Tierfiguren aus Glas\",\"item\":\"https:\/\/dev.eliassen.nl\/de\/glaskunst\/tierfiguren-aus-glas\/\"},{\"@type\":\"ListItem\",\"position\":5,\"name\":\"Koi-Karpfen aus Glas 60cm\"}]},{\"@type\":\"WebSite\",\"@id\":\"https:\/\/dev.eliassen.nl\/de\/#website\",\"url\":\"https:\/\/dev.eliassen.nl\/de\/\",\"name\":\"Eliassen Home & Garden Pleasure\",\"description\":\"\",\"publisher\":{\"@id\":\"https:\/\/dev.eliassen.nl\/de\/#organization\"},\"alternateName\":\"Eliassen.nl\",\"potentialAction\":[{\"@type\":\"SearchAction\",\"target\":{\"@type\":\"EntryPoint\",\"urlTemplate\":\"https:\/\/dev.eliassen.nl\/de\/?s={search_term_string}\"},\"query-input\":{\"@type\":\"PropertyValueSpecification\",\"valueRequired\":true,\"valueName\":\"search_term_string\"}}],\"inLanguage\":\"de\"},{\"@type\":\"Organization\",\"@id\":\"https:\/\/dev.eliassen.nl\/de\/#organization\",\"name\":\"Eliassen Home & Garden Pleasure\",\"url\":\"https:\/\/dev.eliassen.nl\/de\/\",\"logo\":{\"@type\":\"ImageObject\",\"inLanguage\":\"de\",\"@id\":\"https:\/\/dev.eliassen.nl\/de\/#\/schema\/logo\/image\/\",\"url\":\"https:\/\/www.eliassen.nl\/wp-content\/uploads\/2024\/01\/logo_4nd.jpg\",\"contentUrl\":\"https:\/\/www.eliassen.nl\/wp-content\/uploads\/2024\/01\/logo_4nd.jpg\",\"width\":500,\"height\":500,\"caption\":\"Eliassen Home & Garden Pleasure\"},\"image\":{\"@id\":\"https:\/\/dev.eliassen.nl\/de\/#\/schema\/logo\/image\/\"},\"sameAs\":[\"https:\/\/www.facebook.com\/TuincentrumEliassenAmmerzoden\",\"https:\/\/www.instagram.com\/eliassenhomeandgarden\/\",\"https:\/\/nl.pinterest.com\/eliassenhomeandgarden\/\",\"https:\/\/www.youtube.com\/@eliassenhomegardenpleasure4558\"]}]}<\/script>\n<!-- \/ Yoast SEO plugin. -->","yoast_head_json":{"title":"Koi-Karpfen aus Glas 60cm","description":"Auf der Suche nach einem Glastier? Bestellen Sie jetzt Koi-Karpfen aus Glas. Auf unserer Website k\u00f6nnen Sie ganz einfach Glaskunst kaufen. \u2713 Gro\u00dfe Auswahl \u2713 ...","robots":{"index":"noindex","follow":"follow","max-snippet":"max-snippet:-1","max-image-preview":"max-image-preview:large","max-video-preview":"max-video-preview:-1"},"og_locale":"de_DE","og_type":"article","og_title":"Koi-Karpfen aus Glas 60cm","og_description":"Auf der Suche nach einem Glastier? Bestellen Sie jetzt Koi-Karpfen aus Glas. Auf unserer Website k\u00f6nnen Sie ganz einfach Glaskunst kaufen. \u2713 Gro\u00dfe Auswahl \u2713 ...","og_url":"https:\/\/dev.eliassen.nl\/de\/koi-karpfen-aus-glas-60cm\/","og_site_name":"Eliassen.nl","article_publisher":"https:\/\/www.facebook.com\/TuincentrumEliassenAmmerzoden","article_modified_time":"2024-12-05T14:42:52+00:00","og_image":[{"width":2048,"height":2048,"url":"https:\/\/dev.eliassen.nl\/wp-content\/uploads\/2024\/01\/eliassenkoikarpervanglas60cm.jpg","type":"image\/jpeg"}],"twitter_card":"summary_large_image","schema":{"@context":"https:\/\/schema.org","@graph":[{"@type":"WebPage","@id":"https:\/\/dev.eliassen.nl\/de\/koi-karpfen-aus-glas-60cm\/","url":"https:\/\/dev.eliassen.nl\/de\/koi-karpfen-aus-glas-60cm\/","name":"Koi-Karpfen aus Glas 60cm","isPartOf":{"@id":"https:\/\/dev.eliassen.nl\/de\/#website"},"primaryImageOfPage":{"@id":"https:\/\/dev.eliassen.nl\/de\/koi-karpfen-aus-glas-60cm\/#primaryimage"},"image":{"@id":"https:\/\/dev.eliassen.nl\/de\/koi-karpfen-aus-glas-60cm\/#primaryimage"},"thumbnailUrl":"https:\/\/dev.eliassen.nl\/wp-content\/uploads\/2024\/01\/eliassenkoikarpervanglas60cm.jpg","datePublished":"2020-10-15T07:43:38+00:00","dateModified":"2024-12-05T14:42:52+00:00","description":"Auf der Suche nach einem Glastier? Bestellen Sie jetzt Koi-Karpfen aus Glas. Auf unserer Website k\u00f6nnen Sie ganz einfach Glaskunst kaufen. \u2713 Gro\u00dfe Auswahl \u2713 ...","breadcrumb":{"@id":"https:\/\/dev.eliassen.nl\/de\/koi-karpfen-aus-glas-60cm\/#breadcrumb"},"inLanguage":"de","potentialAction":[{"@type":"ReadAction","target":["https:\/\/dev.eliassen.nl\/de\/koi-karpfen-aus-glas-60cm\/"]}]},{"@type":"ImageObject","inLanguage":"de","@id":"https:\/\/dev.eliassen.nl\/de\/koi-karpfen-aus-glas-60cm\/#primaryimage","url":"https:\/\/dev.eliassen.nl\/wp-content\/uploads\/2024\/01\/eliassenkoikarpervanglas60cm.jpg","contentUrl":"https:\/\/dev.eliassen.nl\/wp-content\/uploads\/2024\/01\/eliassenkoikarpervanglas60cm.jpg","width":2048,"height":2048,"caption":"Eliassen Koi karper van glas 60cm"},{"@type":"BreadcrumbList","@id":"https:\/\/dev.eliassen.nl\/de\/koi-karpfen-aus-glas-60cm\/#breadcrumb","itemListElement":[{"@type":"ListItem","position":1,"name":"Home","item":"https:\/\/dev.eliassen.nl\/de\/"},{"@type":"ListItem","position":2,"name":"Shop","item":"https:\/\/dev.eliassen.nl\/nl\/winkel\/"},{"@type":"ListItem","position":3,"name":"Glaskunst","item":"https:\/\/dev.eliassen.nl\/de\/glaskunst\/"},{"@type":"ListItem","position":4,"name":"Tierfiguren aus Glas","item":"https:\/\/dev.eliassen.nl\/de\/glaskunst\/tierfiguren-aus-glas\/"},{"@type":"ListItem","position":5,"name":"Koi-Karpfen aus Glas 60cm"}]},{"@type":"WebSite","@id":"https:\/\/dev.eliassen.nl\/de\/#website","url":"https:\/\/dev.eliassen.nl\/de\/","name":"Eliassen Home & Garden Pleasure","description":"","publisher":{"@id":"https:\/\/dev.eliassen.nl\/de\/#organization"},"alternateName":"Eliassen.nl","potentialAction":[{"@type":"SearchAction","target":{"@type":"EntryPoint","urlTemplate":"https:\/\/dev.eliassen.nl\/de\/?s={search_term_string}"},"query-input":{"@type":"PropertyValueSpecification","valueRequired":true,"valueName":"search_term_string"}}],"inLanguage":"de"},{"@type":"Organization","@id":"https:\/\/dev.eliassen.nl\/de\/#organization","name":"Eliassen Home & Garden Pleasure","url":"https:\/\/dev.eliassen.nl\/de\/","logo":{"@type":"ImageObject","inLanguage":"de","@id":"https:\/\/dev.eliassen.nl\/de\/#\/schema\/logo\/image\/","url":"https:\/\/www.eliassen.nl\/wp-content\/uploads\/2024\/01\/logo_4nd.jpg","contentUrl":"https:\/\/www.eliassen.nl\/wp-content\/uploads\/2024\/01\/logo_4nd.jpg","width":500,"height":500,"caption":"Eliassen Home & Garden Pleasure"},"image":{"@id":"https:\/\/dev.eliassen.nl\/de\/#\/schema\/logo\/image\/"},"sameAs":["https:\/\/www.facebook.com\/TuincentrumEliassenAmmerzoden","https:\/\/www.instagram.com\/eliassenhomeandgarden\/","https:\/\/nl.pinterest.com\/eliassenhomeandgarden\/","https:\/\/www.youtube.com\/@eliassenhomegardenpleasure4558"]}]}},"df_price":229,"df_sale_price":"","df_regular_price":229,"df_image_link":"https:\/\/dev.eliassen.nl\/wp-content\/uploads\/2024\/01\/eliassenkoikarpervanglas60cm.jpg","image":"https:\/\/dev.eliassen.nl\/wp-content\/uploads\/2024\/01\/eliassenkoikarpervanglas60cm.jpg","price_search":"<span class=\"woocommerce-Price-amount amount\"><bdi><span class=\"woocommerce-Price-currencySymbol\">&euro;<\/span>&nbsp;229,00<\/bdi><\/span>","category":"Glaskunst","_links":{"self":[{"href":"https:\/\/dev.eliassen.nl\/de\/wp-json\/wp\/v2\/product\/25603","targetHints":{"allow":["GET"]}}],"collection":[{"href":"https:\/\/dev.eliassen.nl\/de\/wp-json\/wp\/v2\/product"}],"about":[{"href":"https:\/\/dev.eliassen.nl\/de\/wp-json\/wp\/v2\/types\/product"}],"wp:featuredmedia":[{"embeddable":true,"href":"https:\/\/dev.eliassen.nl\/de\/wp-json\/wp\/v2\/media\/25597"}],"wp:attachment":[{"href":"https:\/\/dev.eliassen.nl\/de\/wp-json\/wp\/v2\/media?parent=25603"}],"wp:term":[{"taxonomy":"product_brand","embeddable":true,"href":"https:\/\/dev.eliassen.nl\/de\/wp-json\/wp\/v2\/product_brand?post=25603"},{"taxonomy":"product_cat","embeddable":true,"href":"https:\/\/dev.eliassen.nl\/de\/wp-json\/wp\/v2\/product_cat?post=25603"},{"taxonomy":"product_tag","embeddable":true,"href":"https:\/\/dev.eliassen.nl\/de\/wp-json\/wp\/v2\/product_tag?post=25603"}],"curies":[{"name":"wp","href":"https:\/\/api.w.org\/{rel}","templated":true}]}}