{"id":25672,"date":"2020-10-15T13:49:10","date_gmt":"2020-10-15T11:49:10","guid":{"rendered":"https:\/\/www.eliassen.nl\/?product=vogeldrinkschaal-graniet-maartje"},"modified":"2024-12-05T15:42:57","modified_gmt":"2024-12-05T14:42:57","slug":"vogeltrinkschussel-granit-maartje","status":"publish","type":"product","link":"https:\/\/dev.eliassen.nl\/de\/vogeltrinkschussel-granit-maartje\/","title":{"rendered":"Vogeltr\u00e4nke Granit Maartje"},"content":{"rendered":"<p>Sch\u00f6n im Garten zu sehen; Badende und trinkende V\u00f6gel&#8230; eine Vogeltr\u00e4nke ist eine L\u00f6sung und zugleich eine Zierde in Ihrem Garten. Dieses gro\u00dfe Modell mit gebogenem Bein ist ein Vogeltr\u00e4nkenapf, der ein Leben lang h\u00e4lt, da er aus grauem Granit besteht. Diese Vogeltr\u00e4nke ist aufgrund des schweren Granitsockels, auf dem alles ruht, sehr stabil. Da es sich um ein Naturprodukt handelt, kann das Foto geringf\u00fcgig von der Trinkschale, die Sie erhalten, abweichen. Granit kann naturgem\u00e4\u00df leichte Farbunterschiede und andere Unebenheiten aufweisen, dies ist normal und kann nicht beanstandet werden.<\/p>\n<p><strong>Kommen Sie gerne vorbei und schauen Sie sich diesen Artikel live bei uns an<\/strong><\/p>\n<ul>\n<li>Gr\u00f6\u00dfe: ca. 40 cm breit und 50 cm hoch (ungef\u00e4hr)<\/li>\n<li>Material: Grauer Granit<\/li>\n<li>Der Boden der Sch\u00fcssel ist poliert<\/li>\n<li>Ca. 90kg<\/li>\n<li>Nirgendwo anders zu verkaufen.<\/li>\n<\/ul>\n","protected":false},"excerpt":{"rendered":"<p>Sch\u00f6n im Garten zu sehen; Badende und trinkende V\u00f6gel&#8230; eine Vogeltr\u00e4nke ist eine L\u00f6sung und zugleich eine Zierde in Ihrem Garten. Dieses gro\u00dfe Modell mit gebogenem Bein ist ein Vogeltr\u00e4nkenapf, der ein Leben lang h\u00e4lt, da er aus grauem Granit besteht. Diese Vogeltr\u00e4nke ist aufgrund des schweren Granitsockels, auf dem alles ruht, sehr stabil. Da &hellip;<\/p>\n","protected":false},"featured_media":25657,"template":"","meta":{"_acf_changed":false},"product_brand":[],"product_cat":[707],"product_tag":[],"class_list":{"0":"post-25672","1":"product","2":"type-product","3":"status-publish","4":"has-post-thumbnail","6":"product_cat-vogeltraenken","8":"first","9":"instock","10":"taxable","11":"shipping-taxable","12":"purchasable","13":"product-type-simple"},"acf":[],"yoast_head":"<!-- This site is optimized with the Yoast SEO plugin v23.8 - https:\/\/yoast.com\/wordpress\/plugins\/seo\/ -->\n<title>Vogeltrinksch\u00fcssel Granit Maartje<\/title>\n<meta name=\"description\" content=\"Auf der Suche nach einer Vogeltrinksch\u00fcssel? Bestellen Sie jetzt Bird Drink Bowl Granit Maartje. Auf unserer Website k\u00f6nnen Sie ganz einfach eine Vogeltrinks...\" \/>\n<meta name=\"robots\" content=\"noindex, follow, max-snippet:-1, max-image-preview:large, max-video-preview:-1\" \/>\n<meta property=\"og:locale\" content=\"de_DE\" \/>\n<meta property=\"og:type\" content=\"article\" \/>\n<meta property=\"og:title\" content=\"Vogeltrinksch\u00fcssel Granit Maartje\" \/>\n<meta property=\"og:description\" content=\"Auf der Suche nach einer Vogeltrinksch\u00fcssel? Bestellen Sie jetzt Bird Drink Bowl Granit Maartje. Auf unserer Website k\u00f6nnen Sie ganz einfach eine Vogeltrinks...\" \/>\n<meta property=\"og:url\" content=\"https:\/\/dev.eliassen.nl\/de\/vogeltrinkschussel-granit-maartje\/\" \/>\n<meta property=\"og:site_name\" content=\"Eliassen.nl\" \/>\n<meta property=\"article:publisher\" content=\"https:\/\/www.facebook.com\/TuincentrumEliassenAmmerzoden\" \/>\n<meta property=\"article:modified_time\" content=\"2024-12-05T14:42:57+00:00\" \/>\n<meta property=\"og:image\" content=\"https:\/\/dev.eliassen.nl\/wp-content\/uploads\/2024\/01\/vogeldrinkschaalgranietmaartje.jpg\" \/>\n\t<meta property=\"og:image:width\" content=\"1000\" \/>\n\t<meta property=\"og:image:height\" content=\"1000\" \/>\n\t<meta property=\"og:image:type\" content=\"image\/jpeg\" \/>\n<meta name=\"twitter:card\" content=\"summary_large_image\" \/>\n<script type=\"application\/ld+json\" class=\"yoast-schema-graph\">{\"@context\":\"https:\/\/schema.org\",\"@graph\":[{\"@type\":\"WebPage\",\"@id\":\"https:\/\/dev.eliassen.nl\/de\/vogeltrinkschussel-granit-maartje\/\",\"url\":\"https:\/\/dev.eliassen.nl\/de\/vogeltrinkschussel-granit-maartje\/\",\"name\":\"Vogeltrinksch\u00fcssel Granit Maartje\",\"isPartOf\":{\"@id\":\"https:\/\/dev.eliassen.nl\/de\/#website\"},\"primaryImageOfPage\":{\"@id\":\"https:\/\/dev.eliassen.nl\/de\/vogeltrinkschussel-granit-maartje\/#primaryimage\"},\"image\":{\"@id\":\"https:\/\/dev.eliassen.nl\/de\/vogeltrinkschussel-granit-maartje\/#primaryimage\"},\"thumbnailUrl\":\"https:\/\/dev.eliassen.nl\/wp-content\/uploads\/2024\/01\/vogeldrinkschaalgranietmaartje.jpg\",\"datePublished\":\"2020-10-15T11:49:10+00:00\",\"dateModified\":\"2024-12-05T14:42:57+00:00\",\"description\":\"Auf der Suche nach einer Vogeltrinksch\u00fcssel? Bestellen Sie jetzt Bird Drink Bowl Granit Maartje. Auf unserer Website k\u00f6nnen Sie ganz einfach eine Vogeltrinks...\",\"breadcrumb\":{\"@id\":\"https:\/\/dev.eliassen.nl\/de\/vogeltrinkschussel-granit-maartje\/#breadcrumb\"},\"inLanguage\":\"de\",\"potentialAction\":[{\"@type\":\"ReadAction\",\"target\":[\"https:\/\/dev.eliassen.nl\/de\/vogeltrinkschussel-granit-maartje\/\"]}]},{\"@type\":\"ImageObject\",\"inLanguage\":\"de\",\"@id\":\"https:\/\/dev.eliassen.nl\/de\/vogeltrinkschussel-granit-maartje\/#primaryimage\",\"url\":\"https:\/\/dev.eliassen.nl\/wp-content\/uploads\/2024\/01\/vogeldrinkschaalgranietmaartje.jpg\",\"contentUrl\":\"https:\/\/dev.eliassen.nl\/wp-content\/uploads\/2024\/01\/vogeldrinkschaalgranietmaartje.jpg\",\"width\":1000,\"height\":1000,\"caption\":\"vogeldrinkschaal-graniet-maartje\"},{\"@type\":\"BreadcrumbList\",\"@id\":\"https:\/\/dev.eliassen.nl\/de\/vogeltrinkschussel-granit-maartje\/#breadcrumb\",\"itemListElement\":[{\"@type\":\"ListItem\",\"position\":1,\"name\":\"Home\",\"item\":\"https:\/\/dev.eliassen.nl\/de\/\"},{\"@type\":\"ListItem\",\"position\":2,\"name\":\"Shop\",\"item\":\"https:\/\/dev.eliassen.nl\/nl\/winkel\/\"},{\"@type\":\"ListItem\",\"position\":3,\"name\":\"Vogeltr\u00e4nken\",\"item\":\"https:\/\/dev.eliassen.nl\/de\/vogeltraenken\/\"},{\"@type\":\"ListItem\",\"position\":4,\"name\":\"Vogeltr\u00e4nke Granit Maartje\"}]},{\"@type\":\"WebSite\",\"@id\":\"https:\/\/dev.eliassen.nl\/de\/#website\",\"url\":\"https:\/\/dev.eliassen.nl\/de\/\",\"name\":\"Eliassen Home & Garden Pleasure\",\"description\":\"\",\"publisher\":{\"@id\":\"https:\/\/dev.eliassen.nl\/de\/#organization\"},\"alternateName\":\"Eliassen.nl\",\"potentialAction\":[{\"@type\":\"SearchAction\",\"target\":{\"@type\":\"EntryPoint\",\"urlTemplate\":\"https:\/\/dev.eliassen.nl\/de\/?s={search_term_string}\"},\"query-input\":{\"@type\":\"PropertyValueSpecification\",\"valueRequired\":true,\"valueName\":\"search_term_string\"}}],\"inLanguage\":\"de\"},{\"@type\":\"Organization\",\"@id\":\"https:\/\/dev.eliassen.nl\/de\/#organization\",\"name\":\"Eliassen Home & Garden Pleasure\",\"url\":\"https:\/\/dev.eliassen.nl\/de\/\",\"logo\":{\"@type\":\"ImageObject\",\"inLanguage\":\"de\",\"@id\":\"https:\/\/dev.eliassen.nl\/de\/#\/schema\/logo\/image\/\",\"url\":\"https:\/\/www.eliassen.nl\/wp-content\/uploads\/2024\/01\/logo_4nd.jpg\",\"contentUrl\":\"https:\/\/www.eliassen.nl\/wp-content\/uploads\/2024\/01\/logo_4nd.jpg\",\"width\":500,\"height\":500,\"caption\":\"Eliassen Home & Garden Pleasure\"},\"image\":{\"@id\":\"https:\/\/dev.eliassen.nl\/de\/#\/schema\/logo\/image\/\"},\"sameAs\":[\"https:\/\/www.facebook.com\/TuincentrumEliassenAmmerzoden\",\"https:\/\/www.instagram.com\/eliassenhomeandgarden\/\",\"https:\/\/nl.pinterest.com\/eliassenhomeandgarden\/\",\"https:\/\/www.youtube.com\/@eliassenhomegardenpleasure4558\"]}]}<\/script>\n<!-- \/ Yoast SEO plugin. -->","yoast_head_json":{"title":"Vogeltrinksch\u00fcssel Granit Maartje","description":"Auf der Suche nach einer Vogeltrinksch\u00fcssel? Bestellen Sie jetzt Bird Drink Bowl Granit Maartje. Auf unserer Website k\u00f6nnen Sie ganz einfach eine Vogeltrinks...","robots":{"index":"noindex","follow":"follow","max-snippet":"max-snippet:-1","max-image-preview":"max-image-preview:large","max-video-preview":"max-video-preview:-1"},"og_locale":"de_DE","og_type":"article","og_title":"Vogeltrinksch\u00fcssel Granit Maartje","og_description":"Auf der Suche nach einer Vogeltrinksch\u00fcssel? Bestellen Sie jetzt Bird Drink Bowl Granit Maartje. Auf unserer Website k\u00f6nnen Sie ganz einfach eine Vogeltrinks...","og_url":"https:\/\/dev.eliassen.nl\/de\/vogeltrinkschussel-granit-maartje\/","og_site_name":"Eliassen.nl","article_publisher":"https:\/\/www.facebook.com\/TuincentrumEliassenAmmerzoden","article_modified_time":"2024-12-05T14:42:57+00:00","og_image":[{"width":1000,"height":1000,"url":"https:\/\/dev.eliassen.nl\/wp-content\/uploads\/2024\/01\/vogeldrinkschaalgranietmaartje.jpg","type":"image\/jpeg"}],"twitter_card":"summary_large_image","schema":{"@context":"https:\/\/schema.org","@graph":[{"@type":"WebPage","@id":"https:\/\/dev.eliassen.nl\/de\/vogeltrinkschussel-granit-maartje\/","url":"https:\/\/dev.eliassen.nl\/de\/vogeltrinkschussel-granit-maartje\/","name":"Vogeltrinksch\u00fcssel Granit Maartje","isPartOf":{"@id":"https:\/\/dev.eliassen.nl\/de\/#website"},"primaryImageOfPage":{"@id":"https:\/\/dev.eliassen.nl\/de\/vogeltrinkschussel-granit-maartje\/#primaryimage"},"image":{"@id":"https:\/\/dev.eliassen.nl\/de\/vogeltrinkschussel-granit-maartje\/#primaryimage"},"thumbnailUrl":"https:\/\/dev.eliassen.nl\/wp-content\/uploads\/2024\/01\/vogeldrinkschaalgranietmaartje.jpg","datePublished":"2020-10-15T11:49:10+00:00","dateModified":"2024-12-05T14:42:57+00:00","description":"Auf der Suche nach einer Vogeltrinksch\u00fcssel? Bestellen Sie jetzt Bird Drink Bowl Granit Maartje. Auf unserer Website k\u00f6nnen Sie ganz einfach eine Vogeltrinks...","breadcrumb":{"@id":"https:\/\/dev.eliassen.nl\/de\/vogeltrinkschussel-granit-maartje\/#breadcrumb"},"inLanguage":"de","potentialAction":[{"@type":"ReadAction","target":["https:\/\/dev.eliassen.nl\/de\/vogeltrinkschussel-granit-maartje\/"]}]},{"@type":"ImageObject","inLanguage":"de","@id":"https:\/\/dev.eliassen.nl\/de\/vogeltrinkschussel-granit-maartje\/#primaryimage","url":"https:\/\/dev.eliassen.nl\/wp-content\/uploads\/2024\/01\/vogeldrinkschaalgranietmaartje.jpg","contentUrl":"https:\/\/dev.eliassen.nl\/wp-content\/uploads\/2024\/01\/vogeldrinkschaalgranietmaartje.jpg","width":1000,"height":1000,"caption":"vogeldrinkschaal-graniet-maartje"},{"@type":"BreadcrumbList","@id":"https:\/\/dev.eliassen.nl\/de\/vogeltrinkschussel-granit-maartje\/#breadcrumb","itemListElement":[{"@type":"ListItem","position":1,"name":"Home","item":"https:\/\/dev.eliassen.nl\/de\/"},{"@type":"ListItem","position":2,"name":"Shop","item":"https:\/\/dev.eliassen.nl\/nl\/winkel\/"},{"@type":"ListItem","position":3,"name":"Vogeltr\u00e4nken","item":"https:\/\/dev.eliassen.nl\/de\/vogeltraenken\/"},{"@type":"ListItem","position":4,"name":"Vogeltr\u00e4nke Granit Maartje"}]},{"@type":"WebSite","@id":"https:\/\/dev.eliassen.nl\/de\/#website","url":"https:\/\/dev.eliassen.nl\/de\/","name":"Eliassen Home & Garden Pleasure","description":"","publisher":{"@id":"https:\/\/dev.eliassen.nl\/de\/#organization"},"alternateName":"Eliassen.nl","potentialAction":[{"@type":"SearchAction","target":{"@type":"EntryPoint","urlTemplate":"https:\/\/dev.eliassen.nl\/de\/?s={search_term_string}"},"query-input":{"@type":"PropertyValueSpecification","valueRequired":true,"valueName":"search_term_string"}}],"inLanguage":"de"},{"@type":"Organization","@id":"https:\/\/dev.eliassen.nl\/de\/#organization","name":"Eliassen Home & Garden Pleasure","url":"https:\/\/dev.eliassen.nl\/de\/","logo":{"@type":"ImageObject","inLanguage":"de","@id":"https:\/\/dev.eliassen.nl\/de\/#\/schema\/logo\/image\/","url":"https:\/\/www.eliassen.nl\/wp-content\/uploads\/2024\/01\/logo_4nd.jpg","contentUrl":"https:\/\/www.eliassen.nl\/wp-content\/uploads\/2024\/01\/logo_4nd.jpg","width":500,"height":500,"caption":"Eliassen Home & Garden Pleasure"},"image":{"@id":"https:\/\/dev.eliassen.nl\/de\/#\/schema\/logo\/image\/"},"sameAs":["https:\/\/www.facebook.com\/TuincentrumEliassenAmmerzoden","https:\/\/www.instagram.com\/eliassenhomeandgarden\/","https:\/\/nl.pinterest.com\/eliassenhomeandgarden\/","https:\/\/www.youtube.com\/@eliassenhomegardenpleasure4558"]}]}},"df_price":189,"df_sale_price":"","df_regular_price":189,"df_image_link":"https:\/\/dev.eliassen.nl\/wp-content\/uploads\/2024\/01\/vogeldrinkschaalgranietmaartje.jpg","image":"https:\/\/dev.eliassen.nl\/wp-content\/uploads\/2024\/01\/vogeldrinkschaalgranietmaartje.jpg","price_search":"<span class=\"woocommerce-Price-amount amount\"><bdi><span class=\"woocommerce-Price-currencySymbol\">&euro;<\/span>&nbsp;189,00<\/bdi><\/span>","category":"Vogeltr\u00e4nken","_links":{"self":[{"href":"https:\/\/dev.eliassen.nl\/de\/wp-json\/wp\/v2\/product\/25672","targetHints":{"allow":["GET"]}}],"collection":[{"href":"https:\/\/dev.eliassen.nl\/de\/wp-json\/wp\/v2\/product"}],"about":[{"href":"https:\/\/dev.eliassen.nl\/de\/wp-json\/wp\/v2\/types\/product"}],"wp:featuredmedia":[{"embeddable":true,"href":"https:\/\/dev.eliassen.nl\/de\/wp-json\/wp\/v2\/media\/25657"}],"wp:attachment":[{"href":"https:\/\/dev.eliassen.nl\/de\/wp-json\/wp\/v2\/media?parent=25672"}],"wp:term":[{"taxonomy":"product_brand","embeddable":true,"href":"https:\/\/dev.eliassen.nl\/de\/wp-json\/wp\/v2\/product_brand?post=25672"},{"taxonomy":"product_cat","embeddable":true,"href":"https:\/\/dev.eliassen.nl\/de\/wp-json\/wp\/v2\/product_cat?post=25672"},{"taxonomy":"product_tag","embeddable":true,"href":"https:\/\/dev.eliassen.nl\/de\/wp-json\/wp\/v2\/product_tag?post=25672"}],"curies":[{"name":"wp","href":"https:\/\/api.w.org\/{rel}","templated":true}]}}