{"id":25684,"date":"2020-10-15T13:51:01","date_gmt":"2020-10-15T11:51:01","guid":{"rendered":"https:\/\/www.eliassen.nl\/?product=vogeldrinkschaal-graniet-nick"},"modified":"2024-12-05T15:42:58","modified_gmt":"2024-12-05T14:42:58","slug":"vogel-getrankeschale-granit-nick","status":"publish","type":"product","link":"https:\/\/dev.eliassen.nl\/de\/vogel-getrankeschale-granit-nick\/","title":{"rendered":"Vogel Getr\u00e4nkeschale Granit Nick"},"content":{"rendered":"<p>Sch\u00f6n im Garten zu sehen; Baden und Trinken von V\u00f6geln &#8230; Ein Vogeltrinkbad ist ein Geschenk des Himmels und auch ein Juwel in Ihrem Garten. Diese gro\u00dfe runde Modell-Vogeltrinkschale h\u00e4lt ein Leben lang, da sie aus grauem Granit besteht. Da es sich um ein Naturprodukt handelt, kann das Foto geringf\u00fcgig von der Trinkschale abweichen, die Sie erhalten. Bei Granit k\u00f6nnen nat\u00fcrlich leichte Farbunterschiede und andere Unregelm\u00e4\u00dfigkeiten sichtbar sein, dies ist normal, dies kann nicht beanstandet werden.<\/p>\n<p><strong>F\u00fchlen Sie sich frei, diesen Artikel live bei uns zu sehen<\/strong><\/p>\n<ul>\n<li>Gr\u00f6\u00dfe: ca. 37 cm breit und 50 cm hoch (ungef\u00e4hr)<\/li>\n<li>Material: Grauer Granit<\/li>\n<li>Der Boden der Sch\u00fcssel ist poliert<\/li>\n<li>ca. 75 kg<\/li>\n<li>Nirgendwo sonst zu verkaufen.<\/li>\n<\/ul>\n","protected":false},"excerpt":{"rendered":"<p>Sch\u00f6n im Garten zu sehen; Baden und Trinken von V\u00f6geln &#8230; Ein Vogeltrinkbad ist ein Geschenk des Himmels und auch ein Juwel in Ihrem Garten. Diese gro\u00dfe runde Modell-Vogeltrinkschale h\u00e4lt ein Leben lang, da sie aus grauem Granit besteht. Da es sich um ein Naturprodukt handelt, kann das Foto geringf\u00fcgig von der Trinkschale abweichen, die &hellip;<\/p>\n","protected":false},"featured_media":25675,"template":"","meta":{"_acf_changed":false},"product_brand":[],"product_cat":[707],"product_tag":[],"class_list":{"0":"post-25684","1":"product","2":"type-product","3":"status-publish","4":"has-post-thumbnail","6":"product_cat-vogeltraenken","8":"first","9":"instock","10":"taxable","11":"shipping-taxable","12":"purchasable","13":"product-type-simple"},"acf":[],"yoast_head":"<!-- This site is optimized with the Yoast SEO plugin v23.8 - https:\/\/yoast.com\/wordpress\/plugins\/seo\/ -->\n<title>Vogel Getr\u00e4nkeschale Granit Nick<\/title>\n<meta name=\"description\" content=\"Auf der Suche nach einer Vogeltrinksch\u00fcssel? Bestellen Sie jetzt Vogeltrinkschale Granit Nick. Auf unserer Website k\u00f6nnen Sie ganz einfach eine Vogeltrinksch...\" \/>\n<meta name=\"robots\" content=\"noindex, follow, max-snippet:-1, max-image-preview:large, max-video-preview:-1\" \/>\n<meta property=\"og:locale\" content=\"de_DE\" \/>\n<meta property=\"og:type\" content=\"article\" \/>\n<meta property=\"og:title\" content=\"Vogel Getr\u00e4nkeschale Granit Nick\" \/>\n<meta property=\"og:description\" content=\"Auf der Suche nach einer Vogeltrinksch\u00fcssel? Bestellen Sie jetzt Vogeltrinkschale Granit Nick. Auf unserer Website k\u00f6nnen Sie ganz einfach eine Vogeltrinksch...\" \/>\n<meta property=\"og:url\" content=\"https:\/\/dev.eliassen.nl\/de\/vogel-getrankeschale-granit-nick\/\" \/>\n<meta property=\"og:site_name\" content=\"Eliassen.nl\" \/>\n<meta property=\"article:publisher\" content=\"https:\/\/www.facebook.com\/TuincentrumEliassenAmmerzoden\" \/>\n<meta property=\"article:modified_time\" content=\"2024-12-05T14:42:58+00:00\" \/>\n<meta property=\"og:image\" content=\"https:\/\/dev.eliassen.nl\/wp-content\/uploads\/2024\/01\/eliassenvogeldrinkschaalgranietnick.jpg\" \/>\n\t<meta property=\"og:image:width\" content=\"2048\" \/>\n\t<meta property=\"og:image:height\" content=\"2048\" \/>\n\t<meta property=\"og:image:type\" content=\"image\/jpeg\" \/>\n<meta name=\"twitter:card\" content=\"summary_large_image\" \/>\n<script type=\"application\/ld+json\" class=\"yoast-schema-graph\">{\"@context\":\"https:\/\/schema.org\",\"@graph\":[{\"@type\":\"WebPage\",\"@id\":\"https:\/\/dev.eliassen.nl\/de\/vogel-getrankeschale-granit-nick\/\",\"url\":\"https:\/\/dev.eliassen.nl\/de\/vogel-getrankeschale-granit-nick\/\",\"name\":\"Vogel Getr\u00e4nkeschale Granit Nick\",\"isPartOf\":{\"@id\":\"https:\/\/dev.eliassen.nl\/de\/#website\"},\"primaryImageOfPage\":{\"@id\":\"https:\/\/dev.eliassen.nl\/de\/vogel-getrankeschale-granit-nick\/#primaryimage\"},\"image\":{\"@id\":\"https:\/\/dev.eliassen.nl\/de\/vogel-getrankeschale-granit-nick\/#primaryimage\"},\"thumbnailUrl\":\"https:\/\/dev.eliassen.nl\/wp-content\/uploads\/2024\/01\/eliassenvogeldrinkschaalgranietnick.jpg\",\"datePublished\":\"2020-10-15T11:51:01+00:00\",\"dateModified\":\"2024-12-05T14:42:58+00:00\",\"description\":\"Auf der Suche nach einer Vogeltrinksch\u00fcssel? Bestellen Sie jetzt Vogeltrinkschale Granit Nick. Auf unserer Website k\u00f6nnen Sie ganz einfach eine Vogeltrinksch...\",\"breadcrumb\":{\"@id\":\"https:\/\/dev.eliassen.nl\/de\/vogel-getrankeschale-granit-nick\/#breadcrumb\"},\"inLanguage\":\"de\",\"potentialAction\":[{\"@type\":\"ReadAction\",\"target\":[\"https:\/\/dev.eliassen.nl\/de\/vogel-getrankeschale-granit-nick\/\"]}]},{\"@type\":\"ImageObject\",\"inLanguage\":\"de\",\"@id\":\"https:\/\/dev.eliassen.nl\/de\/vogel-getrankeschale-granit-nick\/#primaryimage\",\"url\":\"https:\/\/dev.eliassen.nl\/wp-content\/uploads\/2024\/01\/eliassenvogeldrinkschaalgranietnick.jpg\",\"contentUrl\":\"https:\/\/dev.eliassen.nl\/wp-content\/uploads\/2024\/01\/eliassenvogeldrinkschaalgranietnick.jpg\",\"width\":2048,\"height\":2048,\"caption\":\"eliassen-vogeldrinkschaal-graniet-nick\"},{\"@type\":\"BreadcrumbList\",\"@id\":\"https:\/\/dev.eliassen.nl\/de\/vogel-getrankeschale-granit-nick\/#breadcrumb\",\"itemListElement\":[{\"@type\":\"ListItem\",\"position\":1,\"name\":\"Home\",\"item\":\"https:\/\/dev.eliassen.nl\/de\/\"},{\"@type\":\"ListItem\",\"position\":2,\"name\":\"Shop\",\"item\":\"https:\/\/dev.eliassen.nl\/nl\/winkel\/\"},{\"@type\":\"ListItem\",\"position\":3,\"name\":\"Vogeltr\u00e4nken\",\"item\":\"https:\/\/dev.eliassen.nl\/de\/vogeltraenken\/\"},{\"@type\":\"ListItem\",\"position\":4,\"name\":\"Vogel Getr\u00e4nkeschale Granit Nick\"}]},{\"@type\":\"WebSite\",\"@id\":\"https:\/\/dev.eliassen.nl\/de\/#website\",\"url\":\"https:\/\/dev.eliassen.nl\/de\/\",\"name\":\"Eliassen Home & Garden Pleasure\",\"description\":\"\",\"publisher\":{\"@id\":\"https:\/\/dev.eliassen.nl\/de\/#organization\"},\"alternateName\":\"Eliassen.nl\",\"potentialAction\":[{\"@type\":\"SearchAction\",\"target\":{\"@type\":\"EntryPoint\",\"urlTemplate\":\"https:\/\/dev.eliassen.nl\/de\/?s={search_term_string}\"},\"query-input\":{\"@type\":\"PropertyValueSpecification\",\"valueRequired\":true,\"valueName\":\"search_term_string\"}}],\"inLanguage\":\"de\"},{\"@type\":\"Organization\",\"@id\":\"https:\/\/dev.eliassen.nl\/de\/#organization\",\"name\":\"Eliassen Home & Garden Pleasure\",\"url\":\"https:\/\/dev.eliassen.nl\/de\/\",\"logo\":{\"@type\":\"ImageObject\",\"inLanguage\":\"de\",\"@id\":\"https:\/\/dev.eliassen.nl\/de\/#\/schema\/logo\/image\/\",\"url\":\"https:\/\/www.eliassen.nl\/wp-content\/uploads\/2024\/01\/logo_4nd.jpg\",\"contentUrl\":\"https:\/\/www.eliassen.nl\/wp-content\/uploads\/2024\/01\/logo_4nd.jpg\",\"width\":500,\"height\":500,\"caption\":\"Eliassen Home & Garden Pleasure\"},\"image\":{\"@id\":\"https:\/\/dev.eliassen.nl\/de\/#\/schema\/logo\/image\/\"},\"sameAs\":[\"https:\/\/www.facebook.com\/TuincentrumEliassenAmmerzoden\",\"https:\/\/www.instagram.com\/eliassenhomeandgarden\/\",\"https:\/\/nl.pinterest.com\/eliassenhomeandgarden\/\",\"https:\/\/www.youtube.com\/@eliassenhomegardenpleasure4558\"]}]}<\/script>\n<!-- \/ Yoast SEO plugin. -->","yoast_head_json":{"title":"Vogel Getr\u00e4nkeschale Granit Nick","description":"Auf der Suche nach einer Vogeltrinksch\u00fcssel? Bestellen Sie jetzt Vogeltrinkschale Granit Nick. Auf unserer Website k\u00f6nnen Sie ganz einfach eine Vogeltrinksch...","robots":{"index":"noindex","follow":"follow","max-snippet":"max-snippet:-1","max-image-preview":"max-image-preview:large","max-video-preview":"max-video-preview:-1"},"og_locale":"de_DE","og_type":"article","og_title":"Vogel Getr\u00e4nkeschale Granit Nick","og_description":"Auf der Suche nach einer Vogeltrinksch\u00fcssel? Bestellen Sie jetzt Vogeltrinkschale Granit Nick. Auf unserer Website k\u00f6nnen Sie ganz einfach eine Vogeltrinksch...","og_url":"https:\/\/dev.eliassen.nl\/de\/vogel-getrankeschale-granit-nick\/","og_site_name":"Eliassen.nl","article_publisher":"https:\/\/www.facebook.com\/TuincentrumEliassenAmmerzoden","article_modified_time":"2024-12-05T14:42:58+00:00","og_image":[{"width":2048,"height":2048,"url":"https:\/\/dev.eliassen.nl\/wp-content\/uploads\/2024\/01\/eliassenvogeldrinkschaalgranietnick.jpg","type":"image\/jpeg"}],"twitter_card":"summary_large_image","schema":{"@context":"https:\/\/schema.org","@graph":[{"@type":"WebPage","@id":"https:\/\/dev.eliassen.nl\/de\/vogel-getrankeschale-granit-nick\/","url":"https:\/\/dev.eliassen.nl\/de\/vogel-getrankeschale-granit-nick\/","name":"Vogel Getr\u00e4nkeschale Granit Nick","isPartOf":{"@id":"https:\/\/dev.eliassen.nl\/de\/#website"},"primaryImageOfPage":{"@id":"https:\/\/dev.eliassen.nl\/de\/vogel-getrankeschale-granit-nick\/#primaryimage"},"image":{"@id":"https:\/\/dev.eliassen.nl\/de\/vogel-getrankeschale-granit-nick\/#primaryimage"},"thumbnailUrl":"https:\/\/dev.eliassen.nl\/wp-content\/uploads\/2024\/01\/eliassenvogeldrinkschaalgranietnick.jpg","datePublished":"2020-10-15T11:51:01+00:00","dateModified":"2024-12-05T14:42:58+00:00","description":"Auf der Suche nach einer Vogeltrinksch\u00fcssel? Bestellen Sie jetzt Vogeltrinkschale Granit Nick. Auf unserer Website k\u00f6nnen Sie ganz einfach eine Vogeltrinksch...","breadcrumb":{"@id":"https:\/\/dev.eliassen.nl\/de\/vogel-getrankeschale-granit-nick\/#breadcrumb"},"inLanguage":"de","potentialAction":[{"@type":"ReadAction","target":["https:\/\/dev.eliassen.nl\/de\/vogel-getrankeschale-granit-nick\/"]}]},{"@type":"ImageObject","inLanguage":"de","@id":"https:\/\/dev.eliassen.nl\/de\/vogel-getrankeschale-granit-nick\/#primaryimage","url":"https:\/\/dev.eliassen.nl\/wp-content\/uploads\/2024\/01\/eliassenvogeldrinkschaalgranietnick.jpg","contentUrl":"https:\/\/dev.eliassen.nl\/wp-content\/uploads\/2024\/01\/eliassenvogeldrinkschaalgranietnick.jpg","width":2048,"height":2048,"caption":"eliassen-vogeldrinkschaal-graniet-nick"},{"@type":"BreadcrumbList","@id":"https:\/\/dev.eliassen.nl\/de\/vogel-getrankeschale-granit-nick\/#breadcrumb","itemListElement":[{"@type":"ListItem","position":1,"name":"Home","item":"https:\/\/dev.eliassen.nl\/de\/"},{"@type":"ListItem","position":2,"name":"Shop","item":"https:\/\/dev.eliassen.nl\/nl\/winkel\/"},{"@type":"ListItem","position":3,"name":"Vogeltr\u00e4nken","item":"https:\/\/dev.eliassen.nl\/de\/vogeltraenken\/"},{"@type":"ListItem","position":4,"name":"Vogel Getr\u00e4nkeschale Granit Nick"}]},{"@type":"WebSite","@id":"https:\/\/dev.eliassen.nl\/de\/#website","url":"https:\/\/dev.eliassen.nl\/de\/","name":"Eliassen Home & Garden Pleasure","description":"","publisher":{"@id":"https:\/\/dev.eliassen.nl\/de\/#organization"},"alternateName":"Eliassen.nl","potentialAction":[{"@type":"SearchAction","target":{"@type":"EntryPoint","urlTemplate":"https:\/\/dev.eliassen.nl\/de\/?s={search_term_string}"},"query-input":{"@type":"PropertyValueSpecification","valueRequired":true,"valueName":"search_term_string"}}],"inLanguage":"de"},{"@type":"Organization","@id":"https:\/\/dev.eliassen.nl\/de\/#organization","name":"Eliassen Home & Garden Pleasure","url":"https:\/\/dev.eliassen.nl\/de\/","logo":{"@type":"ImageObject","inLanguage":"de","@id":"https:\/\/dev.eliassen.nl\/de\/#\/schema\/logo\/image\/","url":"https:\/\/www.eliassen.nl\/wp-content\/uploads\/2024\/01\/logo_4nd.jpg","contentUrl":"https:\/\/www.eliassen.nl\/wp-content\/uploads\/2024\/01\/logo_4nd.jpg","width":500,"height":500,"caption":"Eliassen Home & Garden Pleasure"},"image":{"@id":"https:\/\/dev.eliassen.nl\/de\/#\/schema\/logo\/image\/"},"sameAs":["https:\/\/www.facebook.com\/TuincentrumEliassenAmmerzoden","https:\/\/www.instagram.com\/eliassenhomeandgarden\/","https:\/\/nl.pinterest.com\/eliassenhomeandgarden\/","https:\/\/www.youtube.com\/@eliassenhomegardenpleasure4558"]}]}},"df_price":129,"df_sale_price":"","df_regular_price":129,"df_image_link":"https:\/\/dev.eliassen.nl\/wp-content\/uploads\/2024\/01\/eliassenvogeldrinkschaalgranietnick.jpg","image":"https:\/\/dev.eliassen.nl\/wp-content\/uploads\/2024\/01\/eliassenvogeldrinkschaalgranietnick.jpg","price_search":"<span class=\"woocommerce-Price-amount amount\"><bdi><span class=\"woocommerce-Price-currencySymbol\">&euro;<\/span>&nbsp;129,00<\/bdi><\/span>","category":"Vogeltr\u00e4nken","_links":{"self":[{"href":"https:\/\/dev.eliassen.nl\/de\/wp-json\/wp\/v2\/product\/25684","targetHints":{"allow":["GET"]}}],"collection":[{"href":"https:\/\/dev.eliassen.nl\/de\/wp-json\/wp\/v2\/product"}],"about":[{"href":"https:\/\/dev.eliassen.nl\/de\/wp-json\/wp\/v2\/types\/product"}],"wp:featuredmedia":[{"embeddable":true,"href":"https:\/\/dev.eliassen.nl\/de\/wp-json\/wp\/v2\/media\/25675"}],"wp:attachment":[{"href":"https:\/\/dev.eliassen.nl\/de\/wp-json\/wp\/v2\/media?parent=25684"}],"wp:term":[{"taxonomy":"product_brand","embeddable":true,"href":"https:\/\/dev.eliassen.nl\/de\/wp-json\/wp\/v2\/product_brand?post=25684"},{"taxonomy":"product_cat","embeddable":true,"href":"https:\/\/dev.eliassen.nl\/de\/wp-json\/wp\/v2\/product_cat?post=25684"},{"taxonomy":"product_tag","embeddable":true,"href":"https:\/\/dev.eliassen.nl\/de\/wp-json\/wp\/v2\/product_tag?post=25684"}],"curies":[{"name":"wp","href":"https:\/\/api.w.org\/{rel}","templated":true}]}}