{"id":25705,"date":"2020-10-15T13:53:45","date_gmt":"2020-10-15T11:53:45","guid":{"rendered":"https:\/\/www.eliassen.nl\/?product=tuinbank-graniet-fred"},"modified":"2024-12-05T15:42:59","modified_gmt":"2024-12-05T14:42:59","slug":"gartenbank-granit-fred-grau","status":"publish","type":"product","link":"https:\/\/dev.eliassen.nl\/de\/gartenbank-granit-fred-grau\/","title":{"rendered":"Gartenbank Granit Fred grau"},"content":{"rendered":"<p>Wenn Sie Gartenm\u00f6bel oder eine Gartenbank w\u00fcnschen, die ein Leben lang halten, dann ist diese Modell-Gartenbank aus grauem Granit genau das Richtige f\u00fcr Sie. Dieses Outdoor-M\u00f6belst\u00fcck ist bei normalem Gebrauch unverw\u00fcstlich. Dieses Sofa hat eine schlanke, geschwungene Form und eine polierte Oberfl\u00e4che von nicht weniger als 6 cm Dicke!!! Eine Bank, die ein Leben lang in Ihrem Garten h\u00e4lt!! Bei Granit k\u00f6nnen nat\u00fcrlich leichte Farbunterschiede und andere Unregelm\u00e4\u00dfigkeiten sichtbar sein, dies ist normal und kann nicht beanstandet werden.<\/p>\n<ul>\n<li>Gr\u00f6\u00dfe: ca. 100 cm breit, 35 cm tief und 45 cm hoch (ungef\u00e4hr)<\/li>\n<li>Material: Granitgrau<\/li>\n<li>Oberseite poliert<\/li>\n<li>Klingenst\u00e4rke 6 cm<\/li>\n<li>150kg<\/li>\n<li><strong>Kann auch live angeschaut und mitgenommen werden.<\/strong><\/li>\n<li>Nirgendwo sonst zu verkaufen.<\/li>\n<\/ul>\n<p>Diese Gartenbank wird als 3-teiliges Set geliefert.<\/p>\n","protected":false},"excerpt":{"rendered":"<p>Wenn Sie Gartenm\u00f6bel oder eine Gartenbank w\u00fcnschen, die ein Leben lang halten, dann ist diese Modell-Gartenbank aus grauem Granit genau das Richtige f\u00fcr Sie. Dieses Outdoor-M\u00f6belst\u00fcck ist bei normalem Gebrauch unverw\u00fcstlich. Dieses Sofa hat eine schlanke, geschwungene Form und eine polierte Oberfl\u00e4che von nicht weniger als 6 cm Dicke!!! Eine Bank, die ein Leben lang &hellip;<\/p>\n","protected":false},"featured_media":25687,"template":"","meta":{"_acf_changed":false},"product_brand":[],"product_cat":[806,761,752],"product_tag":[],"class_list":{"0":"post-25705","1":"product","2":"type-product","3":"status-publish","4":"has-post-thumbnail","6":"product_cat-gartenbaenke","7":"product_cat-gartenmoebel","8":"product_cat-weitere-artikel","10":"first","11":"outofstock","12":"taxable","13":"shipping-taxable","14":"purchasable","15":"product-type-simple"},"acf":[],"yoast_head":"<!-- This site is optimized with the Yoast SEO plugin v23.8 - https:\/\/yoast.com\/wordpress\/plugins\/seo\/ -->\n<title>Gartenbank Granit Fred grau | Eliassen<\/title>\n<meta name=\"description\" content=\"Bei Eliassen k\u00f6nnen Sie Gartenbank Granit Fred Grey online kaufen oder live im Showroom ansehen. Wir haben die sch\u00f6nsten Gartenb\u00e4nke aus Stein\" \/>\n<meta name=\"robots\" content=\"noindex, follow, max-snippet:-1, max-image-preview:large, max-video-preview:-1\" \/>\n<meta property=\"og:locale\" content=\"de_DE\" \/>\n<meta property=\"og:type\" content=\"article\" \/>\n<meta property=\"og:title\" content=\"Gartenbank Granit Fred grau | Eliassen\" \/>\n<meta property=\"og:description\" content=\"Bei Eliassen k\u00f6nnen Sie Gartenbank Granit Fred Grey online kaufen oder live im Showroom ansehen. Wir haben die sch\u00f6nsten Gartenb\u00e4nke aus Stein\" \/>\n<meta property=\"og:url\" content=\"https:\/\/dev.eliassen.nl\/de\/gartenbank-granit-fred-grau\/\" \/>\n<meta property=\"og:site_name\" content=\"Eliassen.nl\" \/>\n<meta property=\"article:publisher\" content=\"https:\/\/www.facebook.com\/TuincentrumEliassenAmmerzoden\" \/>\n<meta property=\"article:modified_time\" content=\"2024-12-05T14:42:59+00:00\" \/>\n<meta property=\"og:image\" content=\"https:\/\/dev.eliassen.nl\/wp-content\/uploads\/2024\/01\/tuinbankgranietfredgrijseliassennl.jpg\" \/>\n\t<meta property=\"og:image:width\" content=\"2048\" \/>\n\t<meta property=\"og:image:height\" content=\"2048\" \/>\n\t<meta property=\"og:image:type\" content=\"image\/jpeg\" \/>\n<meta name=\"twitter:card\" content=\"summary_large_image\" \/>\n<script type=\"application\/ld+json\" class=\"yoast-schema-graph\">{\"@context\":\"https:\/\/schema.org\",\"@graph\":[{\"@type\":\"WebPage\",\"@id\":\"https:\/\/dev.eliassen.nl\/de\/gartenbank-granit-fred-grau\/\",\"url\":\"https:\/\/dev.eliassen.nl\/de\/gartenbank-granit-fred-grau\/\",\"name\":\"Gartenbank Granit Fred grau | Eliassen\",\"isPartOf\":{\"@id\":\"https:\/\/dev.eliassen.nl\/de\/#website\"},\"primaryImageOfPage\":{\"@id\":\"https:\/\/dev.eliassen.nl\/de\/gartenbank-granit-fred-grau\/#primaryimage\"},\"image\":{\"@id\":\"https:\/\/dev.eliassen.nl\/de\/gartenbank-granit-fred-grau\/#primaryimage\"},\"thumbnailUrl\":\"https:\/\/dev.eliassen.nl\/wp-content\/uploads\/2024\/01\/tuinbankgranietfredgrijseliassennl.jpg\",\"datePublished\":\"2020-10-15T11:53:45+00:00\",\"dateModified\":\"2024-12-05T14:42:59+00:00\",\"description\":\"Bei Eliassen k\u00f6nnen Sie Gartenbank Granit Fred Grey online kaufen oder live im Showroom ansehen. Wir haben die sch\u00f6nsten Gartenb\u00e4nke aus Stein\",\"breadcrumb\":{\"@id\":\"https:\/\/dev.eliassen.nl\/de\/gartenbank-granit-fred-grau\/#breadcrumb\"},\"inLanguage\":\"de\",\"potentialAction\":[{\"@type\":\"ReadAction\",\"target\":[\"https:\/\/dev.eliassen.nl\/de\/gartenbank-granit-fred-grau\/\"]}]},{\"@type\":\"ImageObject\",\"inLanguage\":\"de\",\"@id\":\"https:\/\/dev.eliassen.nl\/de\/gartenbank-granit-fred-grau\/#primaryimage\",\"url\":\"https:\/\/dev.eliassen.nl\/wp-content\/uploads\/2024\/01\/tuinbankgranietfredgrijseliassennl.jpg\",\"contentUrl\":\"https:\/\/dev.eliassen.nl\/wp-content\/uploads\/2024\/01\/tuinbankgranietfredgrijseliassennl.jpg\",\"width\":2048,\"height\":2048,\"caption\":\"Tuinbank graniet Fred grijs - Eliassen.nl\"},{\"@type\":\"BreadcrumbList\",\"@id\":\"https:\/\/dev.eliassen.nl\/de\/gartenbank-granit-fred-grau\/#breadcrumb\",\"itemListElement\":[{\"@type\":\"ListItem\",\"position\":1,\"name\":\"Home\",\"item\":\"https:\/\/dev.eliassen.nl\/de\/\"},{\"@type\":\"ListItem\",\"position\":2,\"name\":\"Shop\",\"item\":\"https:\/\/dev.eliassen.nl\/nl\/winkel\/\"},{\"@type\":\"ListItem\",\"position\":3,\"name\":\"Weitere Artikel\",\"item\":\"https:\/\/dev.eliassen.nl\/de\/weitere-artikel\/\"},{\"@type\":\"ListItem\",\"position\":4,\"name\":\"Gartenm\u00f6bel\",\"item\":\"https:\/\/dev.eliassen.nl\/de\/garten-andere\/gartenmoebel\/\"},{\"@type\":\"ListItem\",\"position\":5,\"name\":\"Gartenbank Granit Fred grau\"}]},{\"@type\":\"WebSite\",\"@id\":\"https:\/\/dev.eliassen.nl\/de\/#website\",\"url\":\"https:\/\/dev.eliassen.nl\/de\/\",\"name\":\"Eliassen Home & Garden Pleasure\",\"description\":\"\",\"publisher\":{\"@id\":\"https:\/\/dev.eliassen.nl\/de\/#organization\"},\"alternateName\":\"Eliassen.nl\",\"potentialAction\":[{\"@type\":\"SearchAction\",\"target\":{\"@type\":\"EntryPoint\",\"urlTemplate\":\"https:\/\/dev.eliassen.nl\/de\/?s={search_term_string}\"},\"query-input\":{\"@type\":\"PropertyValueSpecification\",\"valueRequired\":true,\"valueName\":\"search_term_string\"}}],\"inLanguage\":\"de\"},{\"@type\":\"Organization\",\"@id\":\"https:\/\/dev.eliassen.nl\/de\/#organization\",\"name\":\"Eliassen Home & Garden Pleasure\",\"url\":\"https:\/\/dev.eliassen.nl\/de\/\",\"logo\":{\"@type\":\"ImageObject\",\"inLanguage\":\"de\",\"@id\":\"https:\/\/dev.eliassen.nl\/de\/#\/schema\/logo\/image\/\",\"url\":\"https:\/\/www.eliassen.nl\/wp-content\/uploads\/2024\/01\/logo_4nd.jpg\",\"contentUrl\":\"https:\/\/www.eliassen.nl\/wp-content\/uploads\/2024\/01\/logo_4nd.jpg\",\"width\":500,\"height\":500,\"caption\":\"Eliassen Home & Garden Pleasure\"},\"image\":{\"@id\":\"https:\/\/dev.eliassen.nl\/de\/#\/schema\/logo\/image\/\"},\"sameAs\":[\"https:\/\/www.facebook.com\/TuincentrumEliassenAmmerzoden\",\"https:\/\/www.instagram.com\/eliassenhomeandgarden\/\",\"https:\/\/nl.pinterest.com\/eliassenhomeandgarden\/\",\"https:\/\/www.youtube.com\/@eliassenhomegardenpleasure4558\"]}]}<\/script>\n<!-- \/ Yoast SEO plugin. -->","yoast_head_json":{"title":"Gartenbank Granit Fred grau | Eliassen","description":"Bei Eliassen k\u00f6nnen Sie Gartenbank Granit Fred Grey online kaufen oder live im Showroom ansehen. Wir haben die sch\u00f6nsten Gartenb\u00e4nke aus Stein","robots":{"index":"noindex","follow":"follow","max-snippet":"max-snippet:-1","max-image-preview":"max-image-preview:large","max-video-preview":"max-video-preview:-1"},"og_locale":"de_DE","og_type":"article","og_title":"Gartenbank Granit Fred grau | Eliassen","og_description":"Bei Eliassen k\u00f6nnen Sie Gartenbank Granit Fred Grey online kaufen oder live im Showroom ansehen. Wir haben die sch\u00f6nsten Gartenb\u00e4nke aus Stein","og_url":"https:\/\/dev.eliassen.nl\/de\/gartenbank-granit-fred-grau\/","og_site_name":"Eliassen.nl","article_publisher":"https:\/\/www.facebook.com\/TuincentrumEliassenAmmerzoden","article_modified_time":"2024-12-05T14:42:59+00:00","og_image":[{"width":2048,"height":2048,"url":"https:\/\/dev.eliassen.nl\/wp-content\/uploads\/2024\/01\/tuinbankgranietfredgrijseliassennl.jpg","type":"image\/jpeg"}],"twitter_card":"summary_large_image","schema":{"@context":"https:\/\/schema.org","@graph":[{"@type":"WebPage","@id":"https:\/\/dev.eliassen.nl\/de\/gartenbank-granit-fred-grau\/","url":"https:\/\/dev.eliassen.nl\/de\/gartenbank-granit-fred-grau\/","name":"Gartenbank Granit Fred grau | Eliassen","isPartOf":{"@id":"https:\/\/dev.eliassen.nl\/de\/#website"},"primaryImageOfPage":{"@id":"https:\/\/dev.eliassen.nl\/de\/gartenbank-granit-fred-grau\/#primaryimage"},"image":{"@id":"https:\/\/dev.eliassen.nl\/de\/gartenbank-granit-fred-grau\/#primaryimage"},"thumbnailUrl":"https:\/\/dev.eliassen.nl\/wp-content\/uploads\/2024\/01\/tuinbankgranietfredgrijseliassennl.jpg","datePublished":"2020-10-15T11:53:45+00:00","dateModified":"2024-12-05T14:42:59+00:00","description":"Bei Eliassen k\u00f6nnen Sie Gartenbank Granit Fred Grey online kaufen oder live im Showroom ansehen. Wir haben die sch\u00f6nsten Gartenb\u00e4nke aus Stein","breadcrumb":{"@id":"https:\/\/dev.eliassen.nl\/de\/gartenbank-granit-fred-grau\/#breadcrumb"},"inLanguage":"de","potentialAction":[{"@type":"ReadAction","target":["https:\/\/dev.eliassen.nl\/de\/gartenbank-granit-fred-grau\/"]}]},{"@type":"ImageObject","inLanguage":"de","@id":"https:\/\/dev.eliassen.nl\/de\/gartenbank-granit-fred-grau\/#primaryimage","url":"https:\/\/dev.eliassen.nl\/wp-content\/uploads\/2024\/01\/tuinbankgranietfredgrijseliassennl.jpg","contentUrl":"https:\/\/dev.eliassen.nl\/wp-content\/uploads\/2024\/01\/tuinbankgranietfredgrijseliassennl.jpg","width":2048,"height":2048,"caption":"Tuinbank graniet Fred grijs - Eliassen.nl"},{"@type":"BreadcrumbList","@id":"https:\/\/dev.eliassen.nl\/de\/gartenbank-granit-fred-grau\/#breadcrumb","itemListElement":[{"@type":"ListItem","position":1,"name":"Home","item":"https:\/\/dev.eliassen.nl\/de\/"},{"@type":"ListItem","position":2,"name":"Shop","item":"https:\/\/dev.eliassen.nl\/nl\/winkel\/"},{"@type":"ListItem","position":3,"name":"Weitere Artikel","item":"https:\/\/dev.eliassen.nl\/de\/weitere-artikel\/"},{"@type":"ListItem","position":4,"name":"Gartenm\u00f6bel","item":"https:\/\/dev.eliassen.nl\/de\/garten-andere\/gartenmoebel\/"},{"@type":"ListItem","position":5,"name":"Gartenbank Granit Fred grau"}]},{"@type":"WebSite","@id":"https:\/\/dev.eliassen.nl\/de\/#website","url":"https:\/\/dev.eliassen.nl\/de\/","name":"Eliassen Home & Garden Pleasure","description":"","publisher":{"@id":"https:\/\/dev.eliassen.nl\/de\/#organization"},"alternateName":"Eliassen.nl","potentialAction":[{"@type":"SearchAction","target":{"@type":"EntryPoint","urlTemplate":"https:\/\/dev.eliassen.nl\/de\/?s={search_term_string}"},"query-input":{"@type":"PropertyValueSpecification","valueRequired":true,"valueName":"search_term_string"}}],"inLanguage":"de"},{"@type":"Organization","@id":"https:\/\/dev.eliassen.nl\/de\/#organization","name":"Eliassen Home & Garden Pleasure","url":"https:\/\/dev.eliassen.nl\/de\/","logo":{"@type":"ImageObject","inLanguage":"de","@id":"https:\/\/dev.eliassen.nl\/de\/#\/schema\/logo\/image\/","url":"https:\/\/www.eliassen.nl\/wp-content\/uploads\/2024\/01\/logo_4nd.jpg","contentUrl":"https:\/\/www.eliassen.nl\/wp-content\/uploads\/2024\/01\/logo_4nd.jpg","width":500,"height":500,"caption":"Eliassen Home & Garden Pleasure"},"image":{"@id":"https:\/\/dev.eliassen.nl\/de\/#\/schema\/logo\/image\/"},"sameAs":["https:\/\/www.facebook.com\/TuincentrumEliassenAmmerzoden","https:\/\/www.instagram.com\/eliassenhomeandgarden\/","https:\/\/nl.pinterest.com\/eliassenhomeandgarden\/","https:\/\/www.youtube.com\/@eliassenhomegardenpleasure4558"]}]}},"df_price":179,"df_sale_price":"","df_regular_price":179,"df_image_link":"https:\/\/dev.eliassen.nl\/wp-content\/uploads\/2024\/01\/tuinbankgranietfredgrijseliassennl.jpg","image":"https:\/\/dev.eliassen.nl\/wp-content\/uploads\/2024\/01\/tuinbankgranietfredgrijseliassennl.jpg","price_search":"<span class=\"woocommerce-Price-amount amount\"><bdi><span class=\"woocommerce-Price-currencySymbol\">&euro;<\/span>&nbsp;179,00<\/bdi><\/span>","category":"Gartenb\u00e4nke","_links":{"self":[{"href":"https:\/\/dev.eliassen.nl\/de\/wp-json\/wp\/v2\/product\/25705","targetHints":{"allow":["GET"]}}],"collection":[{"href":"https:\/\/dev.eliassen.nl\/de\/wp-json\/wp\/v2\/product"}],"about":[{"href":"https:\/\/dev.eliassen.nl\/de\/wp-json\/wp\/v2\/types\/product"}],"wp:featuredmedia":[{"embeddable":true,"href":"https:\/\/dev.eliassen.nl\/de\/wp-json\/wp\/v2\/media\/25687"}],"wp:attachment":[{"href":"https:\/\/dev.eliassen.nl\/de\/wp-json\/wp\/v2\/media?parent=25705"}],"wp:term":[{"taxonomy":"product_brand","embeddable":true,"href":"https:\/\/dev.eliassen.nl\/de\/wp-json\/wp\/v2\/product_brand?post=25705"},{"taxonomy":"product_cat","embeddable":true,"href":"https:\/\/dev.eliassen.nl\/de\/wp-json\/wp\/v2\/product_cat?post=25705"},{"taxonomy":"product_tag","embeddable":true,"href":"https:\/\/dev.eliassen.nl\/de\/wp-json\/wp\/v2\/product_tag?post=25705"}],"curies":[{"name":"wp","href":"https:\/\/api.w.org\/{rel}","templated":true}]}}