{"id":25738,"date":"2020-10-15T14:09:58","date_gmt":"2020-10-15T12:09:58","guid":{"rendered":"https:\/\/www.eliassen.nl\/?product=ledset-3-delig-voor-waterornamenten"},"modified":"2024-12-05T15:43:01","modified_gmt":"2024-12-05T14:43:01","slug":"led-set-3-teilig-fur-wasserspiele","status":"publish","type":"product","link":"https:\/\/dev.eliassen.nl\/de\/led-set-3-teilig-fur-wasserspiele\/","title":{"rendered":"LED-Set 3-teilig f\u00fcr Wasserspiele"},"content":{"rendered":"<p>LED-Beleuchtung 3-teilig mit 6 LEDs pro Einheit, 30 mm Durchmesser als Ersatz f\u00fcr alte LEDs oder einfach zur Verwendung, wenn Sie etwas mit Wasser beleuchten m\u00f6chten. Schlauchanschluss 1\/2 Zoll. Das Set besteht aus 3x LED-Einheiten mit jeweils 1,5 mtr Kabel. Die Kabell\u00e4nge vom Transformator betr\u00e4gt 500 cm mit einem 3-Wege-Anschluss am Ende.<\/p>\n<p><strong>W\u00e4hlen Sie hier oben Ihre Version.<\/strong><\/p>\n<ul>\n<li>Lange Kabell\u00e4nge, 6,5 Meter vom Transformator zur LED.<\/li>\n<li>Helle Farbe warmes Wei\u00df<\/li>\n<li>Verbrauch pro LED-Einheit 0,5 Watt<\/li>\n<li>Sichere 12-Volt-Spannung<\/li>\n<li>1 Jahr Garantie<\/li>\n<\/ul>\n","protected":false},"excerpt":{"rendered":"<p>LED-Beleuchtung 3-teilig mit 6 LEDs pro Einheit, 30 mm Durchmesser als Ersatz f\u00fcr alte LEDs oder einfach zur Verwendung, wenn Sie etwas mit Wasser beleuchten m\u00f6chten. Schlauchanschluss 1\/2 Zoll. Das Set besteht aus 3x LED-Einheiten mit jeweils 1,5 mtr Kabel. Die Kabell\u00e4nge vom Transformator betr\u00e4gt 500 cm mit einem 3-Wege-Anschluss am Ende. W\u00e4hlen Sie hier &hellip;<\/p>\n","protected":false},"featured_media":25726,"template":"","meta":{"_acf_changed":false},"product_brand":[],"product_cat":[545,536],"product_tag":[],"class_list":{"0":"post-25738","1":"product","2":"type-product","3":"status-publish","4":"has-post-thumbnail","6":"product_cat-teile-wasserspiele","7":"product_cat-wassereigenschaften","9":"first","10":"instock","11":"taxable","12":"shipping-taxable","13":"purchasable","14":"product-type-simple"},"acf":[],"yoast_head":"<!-- This site is optimized with the Yoast SEO plugin v23.8 - https:\/\/yoast.com\/wordpress\/plugins\/seo\/ -->\n<title>LED-Set 3-teilig f\u00fcr Wasserspiele<\/title>\n<meta name=\"description\" content=\"Suchen Sie ein LED-Set? Jetzt bestellen Led-Set 3-teilig f\u00fcr Wasserspiele. Sie k\u00f6nnen ganz einfach ein Wasserspielteil auf unserer Website kaufen. \u2713 Gro\u00dfe Au...\" \/>\n<meta name=\"robots\" content=\"noindex, follow, max-snippet:-1, max-image-preview:large, max-video-preview:-1\" \/>\n<meta property=\"og:locale\" content=\"de_DE\" \/>\n<meta property=\"og:type\" content=\"article\" \/>\n<meta property=\"og:title\" content=\"LED-Set 3-teilig f\u00fcr Wasserspiele\" \/>\n<meta property=\"og:description\" content=\"Suchen Sie ein LED-Set? Jetzt bestellen Led-Set 3-teilig f\u00fcr Wasserspiele. Sie k\u00f6nnen ganz einfach ein Wasserspielteil auf unserer Website kaufen. \u2713 Gro\u00dfe Au...\" \/>\n<meta property=\"og:url\" content=\"https:\/\/dev.eliassen.nl\/de\/led-set-3-teilig-fur-wasserspiele\/\" \/>\n<meta property=\"og:site_name\" content=\"Eliassen.nl\" \/>\n<meta property=\"article:publisher\" content=\"https:\/\/www.facebook.com\/TuincentrumEliassenAmmerzoden\" \/>\n<meta property=\"article:modified_time\" content=\"2024-12-05T14:43:01+00:00\" \/>\n<meta property=\"og:image\" content=\"https:\/\/dev.eliassen.nl\/wp-content\/uploads\/2024\/01\/qq20230327113216.jpg\" \/>\n\t<meta property=\"og:image:width\" content=\"2048\" \/>\n\t<meta property=\"og:image:height\" content=\"1536\" \/>\n\t<meta property=\"og:image:type\" content=\"image\/jpeg\" \/>\n<meta name=\"twitter:card\" content=\"summary_large_image\" \/>\n<script type=\"application\/ld+json\" class=\"yoast-schema-graph\">{\"@context\":\"https:\/\/schema.org\",\"@graph\":[{\"@type\":\"WebPage\",\"@id\":\"https:\/\/dev.eliassen.nl\/de\/led-set-3-teilig-fur-wasserspiele\/\",\"url\":\"https:\/\/dev.eliassen.nl\/de\/led-set-3-teilig-fur-wasserspiele\/\",\"name\":\"LED-Set 3-teilig f\u00fcr Wasserspiele\",\"isPartOf\":{\"@id\":\"https:\/\/dev.eliassen.nl\/de\/#website\"},\"primaryImageOfPage\":{\"@id\":\"https:\/\/dev.eliassen.nl\/de\/led-set-3-teilig-fur-wasserspiele\/#primaryimage\"},\"image\":{\"@id\":\"https:\/\/dev.eliassen.nl\/de\/led-set-3-teilig-fur-wasserspiele\/#primaryimage\"},\"thumbnailUrl\":\"https:\/\/dev.eliassen.nl\/wp-content\/uploads\/2024\/01\/qq20230327113216.jpg\",\"datePublished\":\"2020-10-15T12:09:58+00:00\",\"dateModified\":\"2024-12-05T14:43:01+00:00\",\"description\":\"Suchen Sie ein LED-Set? Jetzt bestellen Led-Set 3-teilig f\u00fcr Wasserspiele. Sie k\u00f6nnen ganz einfach ein Wasserspielteil auf unserer Website kaufen. \u2713 Gro\u00dfe Au...\",\"breadcrumb\":{\"@id\":\"https:\/\/dev.eliassen.nl\/de\/led-set-3-teilig-fur-wasserspiele\/#breadcrumb\"},\"inLanguage\":\"de\",\"potentialAction\":[{\"@type\":\"ReadAction\",\"target\":[\"https:\/\/dev.eliassen.nl\/de\/led-set-3-teilig-fur-wasserspiele\/\"]}]},{\"@type\":\"ImageObject\",\"inLanguage\":\"de\",\"@id\":\"https:\/\/dev.eliassen.nl\/de\/led-set-3-teilig-fur-wasserspiele\/#primaryimage\",\"url\":\"https:\/\/dev.eliassen.nl\/wp-content\/uploads\/2024\/01\/qq20230327113216.jpg\",\"contentUrl\":\"https:\/\/dev.eliassen.nl\/wp-content\/uploads\/2024\/01\/qq20230327113216.jpg\",\"width\":2048,\"height\":1536,\"caption\":\"QQ\u56fe\u724720230327113216\"},{\"@type\":\"BreadcrumbList\",\"@id\":\"https:\/\/dev.eliassen.nl\/de\/led-set-3-teilig-fur-wasserspiele\/#breadcrumb\",\"itemListElement\":[{\"@type\":\"ListItem\",\"position\":1,\"name\":\"Home\",\"item\":\"https:\/\/dev.eliassen.nl\/de\/\"},{\"@type\":\"ListItem\",\"position\":2,\"name\":\"Shop\",\"item\":\"https:\/\/dev.eliassen.nl\/nl\/winkel\/\"},{\"@type\":\"ListItem\",\"position\":3,\"name\":\"Wasserspiele\",\"item\":\"https:\/\/dev.eliassen.nl\/de\/wassereigenschaften\/\"},{\"@type\":\"ListItem\",\"position\":4,\"name\":\"Teile Wasserspiele\",\"item\":\"https:\/\/dev.eliassen.nl\/de\/wassereigenschaften\/teile-wasserspiele\/\"},{\"@type\":\"ListItem\",\"position\":5,\"name\":\"LED-Set 3-teilig f\u00fcr Wasserspiele\"}]},{\"@type\":\"WebSite\",\"@id\":\"https:\/\/dev.eliassen.nl\/de\/#website\",\"url\":\"https:\/\/dev.eliassen.nl\/de\/\",\"name\":\"Eliassen Home & Garden Pleasure\",\"description\":\"\",\"publisher\":{\"@id\":\"https:\/\/dev.eliassen.nl\/de\/#organization\"},\"alternateName\":\"Eliassen.nl\",\"potentialAction\":[{\"@type\":\"SearchAction\",\"target\":{\"@type\":\"EntryPoint\",\"urlTemplate\":\"https:\/\/dev.eliassen.nl\/de\/?s={search_term_string}\"},\"query-input\":{\"@type\":\"PropertyValueSpecification\",\"valueRequired\":true,\"valueName\":\"search_term_string\"}}],\"inLanguage\":\"de\"},{\"@type\":\"Organization\",\"@id\":\"https:\/\/dev.eliassen.nl\/de\/#organization\",\"name\":\"Eliassen Home & Garden Pleasure\",\"url\":\"https:\/\/dev.eliassen.nl\/de\/\",\"logo\":{\"@type\":\"ImageObject\",\"inLanguage\":\"de\",\"@id\":\"https:\/\/dev.eliassen.nl\/de\/#\/schema\/logo\/image\/\",\"url\":\"https:\/\/www.eliassen.nl\/wp-content\/uploads\/2024\/01\/logo_4nd.jpg\",\"contentUrl\":\"https:\/\/www.eliassen.nl\/wp-content\/uploads\/2024\/01\/logo_4nd.jpg\",\"width\":500,\"height\":500,\"caption\":\"Eliassen Home & Garden Pleasure\"},\"image\":{\"@id\":\"https:\/\/dev.eliassen.nl\/de\/#\/schema\/logo\/image\/\"},\"sameAs\":[\"https:\/\/www.facebook.com\/TuincentrumEliassenAmmerzoden\",\"https:\/\/www.instagram.com\/eliassenhomeandgarden\/\",\"https:\/\/nl.pinterest.com\/eliassenhomeandgarden\/\",\"https:\/\/www.youtube.com\/@eliassenhomegardenpleasure4558\"]}]}<\/script>\n<!-- \/ Yoast SEO plugin. -->","yoast_head_json":{"title":"LED-Set 3-teilig f\u00fcr Wasserspiele","description":"Suchen Sie ein LED-Set? Jetzt bestellen Led-Set 3-teilig f\u00fcr Wasserspiele. Sie k\u00f6nnen ganz einfach ein Wasserspielteil auf unserer Website kaufen. \u2713 Gro\u00dfe Au...","robots":{"index":"noindex","follow":"follow","max-snippet":"max-snippet:-1","max-image-preview":"max-image-preview:large","max-video-preview":"max-video-preview:-1"},"og_locale":"de_DE","og_type":"article","og_title":"LED-Set 3-teilig f\u00fcr Wasserspiele","og_description":"Suchen Sie ein LED-Set? Jetzt bestellen Led-Set 3-teilig f\u00fcr Wasserspiele. Sie k\u00f6nnen ganz einfach ein Wasserspielteil auf unserer Website kaufen. \u2713 Gro\u00dfe Au...","og_url":"https:\/\/dev.eliassen.nl\/de\/led-set-3-teilig-fur-wasserspiele\/","og_site_name":"Eliassen.nl","article_publisher":"https:\/\/www.facebook.com\/TuincentrumEliassenAmmerzoden","article_modified_time":"2024-12-05T14:43:01+00:00","og_image":[{"width":2048,"height":1536,"url":"https:\/\/dev.eliassen.nl\/wp-content\/uploads\/2024\/01\/qq20230327113216.jpg","type":"image\/jpeg"}],"twitter_card":"summary_large_image","schema":{"@context":"https:\/\/schema.org","@graph":[{"@type":"WebPage","@id":"https:\/\/dev.eliassen.nl\/de\/led-set-3-teilig-fur-wasserspiele\/","url":"https:\/\/dev.eliassen.nl\/de\/led-set-3-teilig-fur-wasserspiele\/","name":"LED-Set 3-teilig f\u00fcr Wasserspiele","isPartOf":{"@id":"https:\/\/dev.eliassen.nl\/de\/#website"},"primaryImageOfPage":{"@id":"https:\/\/dev.eliassen.nl\/de\/led-set-3-teilig-fur-wasserspiele\/#primaryimage"},"image":{"@id":"https:\/\/dev.eliassen.nl\/de\/led-set-3-teilig-fur-wasserspiele\/#primaryimage"},"thumbnailUrl":"https:\/\/dev.eliassen.nl\/wp-content\/uploads\/2024\/01\/qq20230327113216.jpg","datePublished":"2020-10-15T12:09:58+00:00","dateModified":"2024-12-05T14:43:01+00:00","description":"Suchen Sie ein LED-Set? Jetzt bestellen Led-Set 3-teilig f\u00fcr Wasserspiele. Sie k\u00f6nnen ganz einfach ein Wasserspielteil auf unserer Website kaufen. \u2713 Gro\u00dfe Au...","breadcrumb":{"@id":"https:\/\/dev.eliassen.nl\/de\/led-set-3-teilig-fur-wasserspiele\/#breadcrumb"},"inLanguage":"de","potentialAction":[{"@type":"ReadAction","target":["https:\/\/dev.eliassen.nl\/de\/led-set-3-teilig-fur-wasserspiele\/"]}]},{"@type":"ImageObject","inLanguage":"de","@id":"https:\/\/dev.eliassen.nl\/de\/led-set-3-teilig-fur-wasserspiele\/#primaryimage","url":"https:\/\/dev.eliassen.nl\/wp-content\/uploads\/2024\/01\/qq20230327113216.jpg","contentUrl":"https:\/\/dev.eliassen.nl\/wp-content\/uploads\/2024\/01\/qq20230327113216.jpg","width":2048,"height":1536,"caption":"QQ\u56fe\u724720230327113216"},{"@type":"BreadcrumbList","@id":"https:\/\/dev.eliassen.nl\/de\/led-set-3-teilig-fur-wasserspiele\/#breadcrumb","itemListElement":[{"@type":"ListItem","position":1,"name":"Home","item":"https:\/\/dev.eliassen.nl\/de\/"},{"@type":"ListItem","position":2,"name":"Shop","item":"https:\/\/dev.eliassen.nl\/nl\/winkel\/"},{"@type":"ListItem","position":3,"name":"Wasserspiele","item":"https:\/\/dev.eliassen.nl\/de\/wassereigenschaften\/"},{"@type":"ListItem","position":4,"name":"Teile Wasserspiele","item":"https:\/\/dev.eliassen.nl\/de\/wassereigenschaften\/teile-wasserspiele\/"},{"@type":"ListItem","position":5,"name":"LED-Set 3-teilig f\u00fcr Wasserspiele"}]},{"@type":"WebSite","@id":"https:\/\/dev.eliassen.nl\/de\/#website","url":"https:\/\/dev.eliassen.nl\/de\/","name":"Eliassen Home & Garden Pleasure","description":"","publisher":{"@id":"https:\/\/dev.eliassen.nl\/de\/#organization"},"alternateName":"Eliassen.nl","potentialAction":[{"@type":"SearchAction","target":{"@type":"EntryPoint","urlTemplate":"https:\/\/dev.eliassen.nl\/de\/?s={search_term_string}"},"query-input":{"@type":"PropertyValueSpecification","valueRequired":true,"valueName":"search_term_string"}}],"inLanguage":"de"},{"@type":"Organization","@id":"https:\/\/dev.eliassen.nl\/de\/#organization","name":"Eliassen Home & Garden Pleasure","url":"https:\/\/dev.eliassen.nl\/de\/","logo":{"@type":"ImageObject","inLanguage":"de","@id":"https:\/\/dev.eliassen.nl\/de\/#\/schema\/logo\/image\/","url":"https:\/\/www.eliassen.nl\/wp-content\/uploads\/2024\/01\/logo_4nd.jpg","contentUrl":"https:\/\/www.eliassen.nl\/wp-content\/uploads\/2024\/01\/logo_4nd.jpg","width":500,"height":500,"caption":"Eliassen Home & Garden Pleasure"},"image":{"@id":"https:\/\/dev.eliassen.nl\/de\/#\/schema\/logo\/image\/"},"sameAs":["https:\/\/www.facebook.com\/TuincentrumEliassenAmmerzoden","https:\/\/www.instagram.com\/eliassenhomeandgarden\/","https:\/\/nl.pinterest.com\/eliassenhomeandgarden\/","https:\/\/www.youtube.com\/@eliassenhomegardenpleasure4558"]}]}},"df_price":44.5,"df_sale_price":"","df_regular_price":44.5,"df_image_link":"https:\/\/dev.eliassen.nl\/wp-content\/uploads\/2024\/01\/qq20230327113216.jpg","image":"https:\/\/dev.eliassen.nl\/wp-content\/uploads\/2024\/01\/qq20230327113216.jpg","price_search":"<span class=\"woocommerce-Price-amount amount\"><bdi><span class=\"woocommerce-Price-currencySymbol\">&euro;<\/span>&nbsp;44,50<\/bdi><\/span>","category":"Teile Wasserspiele","_links":{"self":[{"href":"https:\/\/dev.eliassen.nl\/de\/wp-json\/wp\/v2\/product\/25738","targetHints":{"allow":["GET"]}}],"collection":[{"href":"https:\/\/dev.eliassen.nl\/de\/wp-json\/wp\/v2\/product"}],"about":[{"href":"https:\/\/dev.eliassen.nl\/de\/wp-json\/wp\/v2\/types\/product"}],"wp:featuredmedia":[{"embeddable":true,"href":"https:\/\/dev.eliassen.nl\/de\/wp-json\/wp\/v2\/media\/25726"}],"wp:attachment":[{"href":"https:\/\/dev.eliassen.nl\/de\/wp-json\/wp\/v2\/media?parent=25738"}],"wp:term":[{"taxonomy":"product_brand","embeddable":true,"href":"https:\/\/dev.eliassen.nl\/de\/wp-json\/wp\/v2\/product_brand?post=25738"},{"taxonomy":"product_cat","embeddable":true,"href":"https:\/\/dev.eliassen.nl\/de\/wp-json\/wp\/v2\/product_cat?post=25738"},{"taxonomy":"product_tag","embeddable":true,"href":"https:\/\/dev.eliassen.nl\/de\/wp-json\/wp\/v2\/product_tag?post=25738"}],"curies":[{"name":"wp","href":"https:\/\/api.w.org\/{rel}","templated":true}]}}