{"id":25756,"date":"2020-10-15T14:27:14","date_gmt":"2020-10-15T12:27:14","guid":{"rendered":"https:\/\/www.eliassen.nl\/?product=fontein-graniet-sette"},"modified":"2024-12-05T15:43:04","modified_gmt":"2024-12-05T14:43:04","slug":"granit-wasserspiel-mit-wasserballen-sette","status":"publish","type":"product","link":"https:\/\/dev.eliassen.nl\/de\/granit-wasserspiel-mit-wasserballen-sette\/","title":{"rendered":"Granit-Wasserspiel mit Wasserb\u00e4llen Sette"},"content":{"rendered":"<p>Ein wundersch\u00f6ner, quadratischer, eleganter Springbrunnen f\u00fcr Ihren Garten oder auf der Terrasse, der von uns selbst entwickelt wurde und nirgendwo anders erh\u00e4ltlich ist!<\/p>\n<p>Die Wasserschale besteht aus massivem pechschwarz poliertem Granit, die Wasserkugeln bestehen aus massivem grau poliertem Granit in den Gr\u00f6\u00dfen 20x25x30cm. Bei diesem Modell ist kein Graben erforderlich, da sich die Wasserversorgung im Beh\u00e4lter befindet.<\/p>\n<p>F\u00fcr einen einfachen Zugang zur Pumpe wurde in der Bodenplatte ein gro\u00dfes Loch mit einer Edelstahlabdeckung angebracht. Wird komplett mit Pumpe, Schlauch, Wasserverteiler, LEDs, Gebrauchsanweisung und schwarzen Abschlusssteinen geliefert. F\u00fcr den vollst\u00e4ndigen Betrieb ben\u00f6tigen Sie 2 Steckdosen.<\/p>\n<p><strong>Vergessen Sie nicht, unseren Showroom mit 300 Modellen zu besuchen, wo Sie auch eine gute Beratung erhalten!<\/strong><\/p>\n<ul>\n<li>Gr\u00f6\u00dfe 60x60x60cm hoch<\/li>\n<li>Material: polierter Granit, schwarz\/grau<\/li>\n<li>Inklusive Pumpe, Schlauch, Verteiler, LEDs, Gebrauchsanweisung und schwarzen Abschlusssteinen<\/li>\n<li><strong>Mit Wasserstandsmesser<\/strong><\/li>\n<li>Kabell\u00e4nge Pumpe 10 Meter, LEDs 7,5 Meter<\/li>\n<li>Mit Ablassschraube<\/li>\n<li>Garantie 1 Jahr (Trockenlaufsch\u00e4den an der Pumpe und Frostsch\u00e4den ausgenommen)<\/li>\n<li>Verpackt in Holzkiste<\/li>\n<li>Schnell geliefert<\/li>\n<li>Nirgendwo anders zu verkaufen<\/li>\n<\/ul>\n","protected":false},"excerpt":{"rendered":"<p>Quadratischer Wasserbrunnen aus Granit mit gro\u00dfen Wasserkugeln und Kieselsteinen<\/p>\n","protected":false},"featured_media":25741,"template":"","meta":{"_acf_changed":false},"product_brand":[],"product_cat":[539,548,536],"product_tag":[],"class_list":{"0":"post-25756","1":"product","2":"type-product","3":"status-publish","4":"has-post-thumbnail","6":"product_cat-einzigartige-eigene-modelle-von-losen-wasserspiele","7":"product_cat-terrassenbrunnen","8":"product_cat-wassereigenschaften","10":"first","11":"instock","12":"taxable","13":"shipping-taxable","14":"purchasable","15":"product-type-simple"},"acf":[],"yoast_head":"<!-- This site is optimized with the Yoast SEO plugin v23.8 - https:\/\/yoast.com\/wordpress\/plugins\/seo\/ -->\n<title>Quadratischer Wasserbrunnen aus Granit mit gro\u00dfen Wasserkugeln und Kieselsteinen<\/title>\n<meta name=\"description\" content=\"Quadratischer Wasserbrunnen aus Granit mit gro\u00dfen Wasserkugeln und Kieselsteinen in der Farbe Schwarzgrau. Ein moderner Wasserbrunnen mit LED-Beleuchtung. Au...\" \/>\n<meta name=\"robots\" content=\"noindex, follow, max-snippet:-1, max-image-preview:large, max-video-preview:-1\" \/>\n<meta property=\"og:locale\" content=\"de_DE\" \/>\n<meta property=\"og:type\" content=\"article\" \/>\n<meta property=\"og:title\" content=\"Quadratischer Wasserbrunnen aus Granit mit gro\u00dfen Wasserkugeln und Kieselsteinen\" \/>\n<meta property=\"og:description\" content=\"Quadratischer Wasserbrunnen aus Granit mit gro\u00dfen Wasserkugeln und Kieselsteinen in der Farbe Schwarzgrau. Ein moderner Wasserbrunnen mit LED-Beleuchtung. Au...\" \/>\n<meta property=\"og:url\" content=\"https:\/\/dev.eliassen.nl\/de\/granit-wasserspiel-mit-wasserballen-sette\/\" \/>\n<meta property=\"og:site_name\" content=\"Eliassen.nl\" \/>\n<meta property=\"article:publisher\" content=\"https:\/\/www.facebook.com\/TuincentrumEliassenAmmerzoden\" \/>\n<meta property=\"article:modified_time\" content=\"2024-12-05T14:43:04+00:00\" \/>\n<meta property=\"og:image\" content=\"https:\/\/dev.eliassen.nl\/wp-content\/uploads\/2024\/01\/vierkantewaterfonteingranietsettemetgrotewat.jpg\" \/>\n\t<meta property=\"og:image:width\" content=\"2048\" \/>\n\t<meta property=\"og:image:height\" content=\"2048\" \/>\n\t<meta property=\"og:image:type\" content=\"image\/jpeg\" \/>\n<meta name=\"twitter:card\" content=\"summary_large_image\" \/>\n<script type=\"application\/ld+json\" class=\"yoast-schema-graph\">{\"@context\":\"https:\/\/schema.org\",\"@graph\":[{\"@type\":\"WebPage\",\"@id\":\"https:\/\/dev.eliassen.nl\/de\/granit-wasserspiel-mit-wasserballen-sette\/\",\"url\":\"https:\/\/dev.eliassen.nl\/de\/granit-wasserspiel-mit-wasserballen-sette\/\",\"name\":\"Quadratischer Wasserbrunnen aus Granit mit gro\u00dfen Wasserkugeln und Kieselsteinen\",\"isPartOf\":{\"@id\":\"https:\/\/dev.eliassen.nl\/de\/#website\"},\"primaryImageOfPage\":{\"@id\":\"https:\/\/dev.eliassen.nl\/de\/granit-wasserspiel-mit-wasserballen-sette\/#primaryimage\"},\"image\":{\"@id\":\"https:\/\/dev.eliassen.nl\/de\/granit-wasserspiel-mit-wasserballen-sette\/#primaryimage\"},\"thumbnailUrl\":\"https:\/\/dev.eliassen.nl\/wp-content\/uploads\/2024\/01\/vierkantewaterfonteingranietsettemetgrotewat.jpg\",\"datePublished\":\"2020-10-15T12:27:14+00:00\",\"dateModified\":\"2024-12-05T14:43:04+00:00\",\"description\":\"Quadratischer Wasserbrunnen aus Granit mit gro\u00dfen Wasserkugeln und Kieselsteinen in der Farbe Schwarzgrau. Ein moderner Wasserbrunnen mit LED-Beleuchtung. Au...\",\"breadcrumb\":{\"@id\":\"https:\/\/dev.eliassen.nl\/de\/granit-wasserspiel-mit-wasserballen-sette\/#breadcrumb\"},\"inLanguage\":\"de\",\"potentialAction\":[{\"@type\":\"ReadAction\",\"target\":[\"https:\/\/dev.eliassen.nl\/de\/granit-wasserspiel-mit-wasserballen-sette\/\"]}]},{\"@type\":\"ImageObject\",\"inLanguage\":\"de\",\"@id\":\"https:\/\/dev.eliassen.nl\/de\/granit-wasserspiel-mit-wasserballen-sette\/#primaryimage\",\"url\":\"https:\/\/dev.eliassen.nl\/wp-content\/uploads\/2024\/01\/vierkantewaterfonteingranietsettemetgrotewat.jpg\",\"contentUrl\":\"https:\/\/dev.eliassen.nl\/wp-content\/uploads\/2024\/01\/vierkantewaterfonteingranietsettemetgrotewat.jpg\",\"width\":2048,\"height\":2048,\"caption\":\"Vierkante waterfontein graniet Sette met grote waterbollen en keien - Eliassen.nl\"},{\"@type\":\"BreadcrumbList\",\"@id\":\"https:\/\/dev.eliassen.nl\/de\/granit-wasserspiel-mit-wasserballen-sette\/#breadcrumb\",\"itemListElement\":[{\"@type\":\"ListItem\",\"position\":1,\"name\":\"Home\",\"item\":\"https:\/\/dev.eliassen.nl\/de\/\"},{\"@type\":\"ListItem\",\"position\":2,\"name\":\"Shop\",\"item\":\"https:\/\/dev.eliassen.nl\/nl\/winkel\/\"},{\"@type\":\"ListItem\",\"position\":3,\"name\":\"Wasserspiele\",\"item\":\"https:\/\/dev.eliassen.nl\/de\/wassereigenschaften\/\"},{\"@type\":\"ListItem\",\"position\":4,\"name\":\"Einzigartige eigene Modelle von losen Wasserspielen\",\"item\":\"https:\/\/dev.eliassen.nl\/de\/wassereigenschaften\/einzigartige-eigene-modelle-von-losen-wasserspiele\/\"},{\"@type\":\"ListItem\",\"position\":5,\"name\":\"Granit-Wasserspiel mit Wasserb\u00e4llen Sette\"}]},{\"@type\":\"WebSite\",\"@id\":\"https:\/\/dev.eliassen.nl\/de\/#website\",\"url\":\"https:\/\/dev.eliassen.nl\/de\/\",\"name\":\"Eliassen Home & Garden Pleasure\",\"description\":\"\",\"publisher\":{\"@id\":\"https:\/\/dev.eliassen.nl\/de\/#organization\"},\"alternateName\":\"Eliassen.nl\",\"potentialAction\":[{\"@type\":\"SearchAction\",\"target\":{\"@type\":\"EntryPoint\",\"urlTemplate\":\"https:\/\/dev.eliassen.nl\/de\/?s={search_term_string}\"},\"query-input\":{\"@type\":\"PropertyValueSpecification\",\"valueRequired\":true,\"valueName\":\"search_term_string\"}}],\"inLanguage\":\"de\"},{\"@type\":\"Organization\",\"@id\":\"https:\/\/dev.eliassen.nl\/de\/#organization\",\"name\":\"Eliassen Home & Garden Pleasure\",\"url\":\"https:\/\/dev.eliassen.nl\/de\/\",\"logo\":{\"@type\":\"ImageObject\",\"inLanguage\":\"de\",\"@id\":\"https:\/\/dev.eliassen.nl\/de\/#\/schema\/logo\/image\/\",\"url\":\"https:\/\/www.eliassen.nl\/wp-content\/uploads\/2024\/01\/logo_4nd.jpg\",\"contentUrl\":\"https:\/\/www.eliassen.nl\/wp-content\/uploads\/2024\/01\/logo_4nd.jpg\",\"width\":500,\"height\":500,\"caption\":\"Eliassen Home & Garden Pleasure\"},\"image\":{\"@id\":\"https:\/\/dev.eliassen.nl\/de\/#\/schema\/logo\/image\/\"},\"sameAs\":[\"https:\/\/www.facebook.com\/TuincentrumEliassenAmmerzoden\",\"https:\/\/www.instagram.com\/eliassenhomeandgarden\/\",\"https:\/\/nl.pinterest.com\/eliassenhomeandgarden\/\",\"https:\/\/www.youtube.com\/@eliassenhomegardenpleasure4558\"]}]}<\/script>\n<!-- \/ Yoast SEO plugin. -->","yoast_head_json":{"title":"Quadratischer Wasserbrunnen aus Granit mit gro\u00dfen Wasserkugeln und Kieselsteinen","description":"Quadratischer Wasserbrunnen aus Granit mit gro\u00dfen Wasserkugeln und Kieselsteinen in der Farbe Schwarzgrau. Ein moderner Wasserbrunnen mit LED-Beleuchtung. Au...","robots":{"index":"noindex","follow":"follow","max-snippet":"max-snippet:-1","max-image-preview":"max-image-preview:large","max-video-preview":"max-video-preview:-1"},"og_locale":"de_DE","og_type":"article","og_title":"Quadratischer Wasserbrunnen aus Granit mit gro\u00dfen Wasserkugeln und Kieselsteinen","og_description":"Quadratischer Wasserbrunnen aus Granit mit gro\u00dfen Wasserkugeln und Kieselsteinen in der Farbe Schwarzgrau. Ein moderner Wasserbrunnen mit LED-Beleuchtung. Au...","og_url":"https:\/\/dev.eliassen.nl\/de\/granit-wasserspiel-mit-wasserballen-sette\/","og_site_name":"Eliassen.nl","article_publisher":"https:\/\/www.facebook.com\/TuincentrumEliassenAmmerzoden","article_modified_time":"2024-12-05T14:43:04+00:00","og_image":[{"width":2048,"height":2048,"url":"https:\/\/dev.eliassen.nl\/wp-content\/uploads\/2024\/01\/vierkantewaterfonteingranietsettemetgrotewat.jpg","type":"image\/jpeg"}],"twitter_card":"summary_large_image","schema":{"@context":"https:\/\/schema.org","@graph":[{"@type":"WebPage","@id":"https:\/\/dev.eliassen.nl\/de\/granit-wasserspiel-mit-wasserballen-sette\/","url":"https:\/\/dev.eliassen.nl\/de\/granit-wasserspiel-mit-wasserballen-sette\/","name":"Quadratischer Wasserbrunnen aus Granit mit gro\u00dfen Wasserkugeln und Kieselsteinen","isPartOf":{"@id":"https:\/\/dev.eliassen.nl\/de\/#website"},"primaryImageOfPage":{"@id":"https:\/\/dev.eliassen.nl\/de\/granit-wasserspiel-mit-wasserballen-sette\/#primaryimage"},"image":{"@id":"https:\/\/dev.eliassen.nl\/de\/granit-wasserspiel-mit-wasserballen-sette\/#primaryimage"},"thumbnailUrl":"https:\/\/dev.eliassen.nl\/wp-content\/uploads\/2024\/01\/vierkantewaterfonteingranietsettemetgrotewat.jpg","datePublished":"2020-10-15T12:27:14+00:00","dateModified":"2024-12-05T14:43:04+00:00","description":"Quadratischer Wasserbrunnen aus Granit mit gro\u00dfen Wasserkugeln und Kieselsteinen in der Farbe Schwarzgrau. Ein moderner Wasserbrunnen mit LED-Beleuchtung. Au...","breadcrumb":{"@id":"https:\/\/dev.eliassen.nl\/de\/granit-wasserspiel-mit-wasserballen-sette\/#breadcrumb"},"inLanguage":"de","potentialAction":[{"@type":"ReadAction","target":["https:\/\/dev.eliassen.nl\/de\/granit-wasserspiel-mit-wasserballen-sette\/"]}]},{"@type":"ImageObject","inLanguage":"de","@id":"https:\/\/dev.eliassen.nl\/de\/granit-wasserspiel-mit-wasserballen-sette\/#primaryimage","url":"https:\/\/dev.eliassen.nl\/wp-content\/uploads\/2024\/01\/vierkantewaterfonteingranietsettemetgrotewat.jpg","contentUrl":"https:\/\/dev.eliassen.nl\/wp-content\/uploads\/2024\/01\/vierkantewaterfonteingranietsettemetgrotewat.jpg","width":2048,"height":2048,"caption":"Vierkante waterfontein graniet Sette met grote waterbollen en keien - Eliassen.nl"},{"@type":"BreadcrumbList","@id":"https:\/\/dev.eliassen.nl\/de\/granit-wasserspiel-mit-wasserballen-sette\/#breadcrumb","itemListElement":[{"@type":"ListItem","position":1,"name":"Home","item":"https:\/\/dev.eliassen.nl\/de\/"},{"@type":"ListItem","position":2,"name":"Shop","item":"https:\/\/dev.eliassen.nl\/nl\/winkel\/"},{"@type":"ListItem","position":3,"name":"Wasserspiele","item":"https:\/\/dev.eliassen.nl\/de\/wassereigenschaften\/"},{"@type":"ListItem","position":4,"name":"Einzigartige eigene Modelle von losen Wasserspielen","item":"https:\/\/dev.eliassen.nl\/de\/wassereigenschaften\/einzigartige-eigene-modelle-von-losen-wasserspiele\/"},{"@type":"ListItem","position":5,"name":"Granit-Wasserspiel mit Wasserb\u00e4llen Sette"}]},{"@type":"WebSite","@id":"https:\/\/dev.eliassen.nl\/de\/#website","url":"https:\/\/dev.eliassen.nl\/de\/","name":"Eliassen Home & Garden Pleasure","description":"","publisher":{"@id":"https:\/\/dev.eliassen.nl\/de\/#organization"},"alternateName":"Eliassen.nl","potentialAction":[{"@type":"SearchAction","target":{"@type":"EntryPoint","urlTemplate":"https:\/\/dev.eliassen.nl\/de\/?s={search_term_string}"},"query-input":{"@type":"PropertyValueSpecification","valueRequired":true,"valueName":"search_term_string"}}],"inLanguage":"de"},{"@type":"Organization","@id":"https:\/\/dev.eliassen.nl\/de\/#organization","name":"Eliassen Home & Garden Pleasure","url":"https:\/\/dev.eliassen.nl\/de\/","logo":{"@type":"ImageObject","inLanguage":"de","@id":"https:\/\/dev.eliassen.nl\/de\/#\/schema\/logo\/image\/","url":"https:\/\/www.eliassen.nl\/wp-content\/uploads\/2024\/01\/logo_4nd.jpg","contentUrl":"https:\/\/www.eliassen.nl\/wp-content\/uploads\/2024\/01\/logo_4nd.jpg","width":500,"height":500,"caption":"Eliassen Home & Garden Pleasure"},"image":{"@id":"https:\/\/dev.eliassen.nl\/de\/#\/schema\/logo\/image\/"},"sameAs":["https:\/\/www.facebook.com\/TuincentrumEliassenAmmerzoden","https:\/\/www.instagram.com\/eliassenhomeandgarden\/","https:\/\/nl.pinterest.com\/eliassenhomeandgarden\/","https:\/\/www.youtube.com\/@eliassenhomegardenpleasure4558"]}]}},"df_price":695,"df_sale_price":"","df_regular_price":695,"df_image_link":"https:\/\/dev.eliassen.nl\/wp-content\/uploads\/2024\/01\/vierkantewaterfonteingranietsettemetgrotewat.jpg","image":"https:\/\/dev.eliassen.nl\/wp-content\/uploads\/2024\/01\/vierkantewaterfonteingranietsettemetgrotewat.jpg","price_search":"<span class=\"woocommerce-Price-amount amount\"><bdi><span class=\"woocommerce-Price-currencySymbol\">&euro;<\/span>&nbsp;695,00<\/bdi><\/span>","category":"Einzigartige eigene Modelle von losen Wasserspielen","_links":{"self":[{"href":"https:\/\/dev.eliassen.nl\/de\/wp-json\/wp\/v2\/product\/25756","targetHints":{"allow":["GET"]}}],"collection":[{"href":"https:\/\/dev.eliassen.nl\/de\/wp-json\/wp\/v2\/product"}],"about":[{"href":"https:\/\/dev.eliassen.nl\/de\/wp-json\/wp\/v2\/types\/product"}],"wp:featuredmedia":[{"embeddable":true,"href":"https:\/\/dev.eliassen.nl\/de\/wp-json\/wp\/v2\/media\/25741"}],"wp:attachment":[{"href":"https:\/\/dev.eliassen.nl\/de\/wp-json\/wp\/v2\/media?parent=25756"}],"wp:term":[{"taxonomy":"product_brand","embeddable":true,"href":"https:\/\/dev.eliassen.nl\/de\/wp-json\/wp\/v2\/product_brand?post=25756"},{"taxonomy":"product_cat","embeddable":true,"href":"https:\/\/dev.eliassen.nl\/de\/wp-json\/wp\/v2\/product_cat?post=25756"},{"taxonomy":"product_tag","embeddable":true,"href":"https:\/\/dev.eliassen.nl\/de\/wp-json\/wp\/v2\/product_tag?post=25756"}],"curies":[{"name":"wp","href":"https:\/\/api.w.org\/{rel}","templated":true}]}}