{"id":25798,"date":"2020-10-15T14:29:09","date_gmt":"2020-10-15T12:29:09","guid":{"rendered":"https:\/\/www.eliassen.nl\/?product=waterfontein-graniet-tieske"},"modified":"2024-12-05T15:43:06","modified_gmt":"2024-12-05T14:43:06","slug":"moderner-gartenbrunnen-aus-granit-tieske-120cm","status":"publish","type":"product","link":"https:\/\/dev.eliassen.nl\/de\/moderner-gartenbrunnen-aus-granit-tieske-120cm\/","title":{"rendered":"Moderner Gartenbrunnen aus Granit Tieske 120cm"},"content":{"rendered":"<p>Ein wundersch\u00f6ner, eleganter, hochmoderner Gartenbrunnen f\u00fcr Ihren Garten oder auf der Terrasse, der von uns selbst entwickelt wurde und nirgendwo anders erh\u00e4ltlich ist! Das Wasserbecken besteht aus glattem, pechschwarz poliertem Granit, die Wassers\u00e4ule aus grauem Granit, der in das Relief ges\u00e4gt wurde und besonders im Dunkeln, wenn ein Scheinwerfer darauf gerichtet ist, ein sehr sch\u00f6nes Funkeln erzeugt.<\/p>\n<p>Bei diesem Modell ist kein Graben erforderlich, da sich die Wasserversorgung im Beh\u00e4lter befindet. F\u00fcr einen einfachen Zugang zur Pumpe wurde in der Bodenplatte ein gro\u00dfes Loch mit einer Edelstahlabdeckung angebracht. Wird komplett mit Pumpe, Schlauch, Wasserverteiler, LEDs, Gebrauchsanweisung und schwarzen Abschlusssteinen geliefert. F\u00fcr den vollst\u00e4ndigen Betrieb ben\u00f6tigen Sie 2 Steckdosen.<\/p>\n<p><strong>Vergessen Sie nicht, unseren Showroom mit 300 Modellen zu besuchen, wo Sie auch eine gute Beratung erhalten!<\/strong><\/p>\n<p>Suchen Sie ein Granit-Wasserspiel? Dieser Gartenbrunnen Modell Tieske besteht komplett aus Granit und ist ein modern aussehendes Wasserspiel. Dieses Modell wird komplett geliefert.<\/p>\n<ul>\n<li>Vollst\u00e4ndig!<\/li>\n<li>Gr\u00f6\u00dfe 60x60x120cm hoch<\/li>\n<li>Material: Granit poliert\/ges\u00e4gt, schwarz\/grau<\/li>\n<li>Inklusive Pumpe, Schlauch, Verteiler, LEDs, Gebrauchsanweisung und schwarzen Abschlusssteinen<\/li>\n<li><strong>Mit Wasserstandsmesser<\/strong><\/li>\n<li>Kabell\u00e4nge Pumpe 10 Meter, LEDs 7,5 Meter<\/li>\n<li>Mit Ablassschraube<\/li>\n<li>Garantie 1 Jahr (Trockenlaufsch\u00e4den an der Pumpe und Frostsch\u00e4den ausgenommen)<\/li>\n<li>Verpackt in Holzkiste<\/li>\n<li>Schnell geliefert<\/li>\n<li>Nirgendwo anders zu verkaufen<\/li>\n<li>Lassen Sie das Wasser im Winter ablaufen.<\/li>\n<\/ul>\n","protected":false},"excerpt":{"rendered":"<p>Ein wundersch\u00f6ner, eleganter, hochmoderner Gartenbrunnen f\u00fcr Ihren Garten oder auf der Terrasse, der von uns selbst entwickelt wurde und nirgendwo anders erh\u00e4ltlich ist! Das Wasserbecken besteht aus glattem, pechschwarz poliertem Granit, die Wassers\u00e4ule aus grauem Granit, der in das Relief ges\u00e4gt wurde und besonders im Dunkeln, wenn ein Scheinwerfer darauf gerichtet ist, ein sehr sch\u00f6nes &hellip;<\/p>\n","protected":false},"featured_media":25783,"template":"","meta":{"_acf_changed":false},"product_brand":[],"product_cat":[539,548,536],"product_tag":[],"class_list":{"0":"post-25798","1":"product","2":"type-product","3":"status-publish","4":"has-post-thumbnail","6":"product_cat-einzigartige-eigene-modelle-von-losen-wasserspiele","7":"product_cat-terrassenbrunnen","8":"product_cat-wassereigenschaften","10":"first","11":"outofstock","12":"sale","13":"taxable","14":"shipping-taxable","15":"purchasable","16":"product-type-simple"},"acf":[],"yoast_head":"<!-- This site is optimized with the Yoast SEO plugin v23.8 - https:\/\/yoast.com\/wordpress\/plugins\/seo\/ -->\n<title>Hochmoderner Gartenbrunnen aus Granit Tieske | Farbe: schwarz | Eliassen.nl<\/title>\n<meta name=\"description\" content=\"Hochmoderner Gartenbrunnen f\u00fcr den Garten oder die Terrasse. Nirgendwo sonst erh\u00e4ltlich! Komplett geliefert! Auch inklusive Pumpe und LEDs. \u221a Zu sehen LIVE i...\" \/>\n<meta name=\"robots\" content=\"noindex, follow, max-snippet:-1, max-image-preview:large, max-video-preview:-1\" \/>\n<meta property=\"og:locale\" content=\"de_DE\" \/>\n<meta property=\"og:type\" content=\"article\" \/>\n<meta property=\"og:title\" content=\"Hochmoderner Gartenbrunnen aus Granit Tieske | Farbe: schwarz | Eliassen.nl\" \/>\n<meta property=\"og:description\" content=\"Hochmoderner Gartenbrunnen f\u00fcr den Garten oder die Terrasse. Nirgendwo sonst erh\u00e4ltlich! Komplett geliefert! Auch inklusive Pumpe und LEDs. \u221a Zu sehen LIVE i...\" \/>\n<meta property=\"og:url\" content=\"https:\/\/dev.eliassen.nl\/de\/moderner-gartenbrunnen-aus-granit-tieske-120cm\/\" \/>\n<meta property=\"og:site_name\" content=\"Eliassen.nl\" \/>\n<meta property=\"article:publisher\" content=\"https:\/\/www.facebook.com\/TuincentrumEliassenAmmerzoden\" \/>\n<meta property=\"article:modified_time\" content=\"2024-12-05T14:43:06+00:00\" \/>\n<meta property=\"og:image\" content=\"https:\/\/dev.eliassen.nl\/wp-content\/uploads\/2024\/01\/hogemodernetuinfonteingraniettieskeeliassennl.jpg\" \/>\n\t<meta property=\"og:image:width\" content=\"2048\" \/>\n\t<meta property=\"og:image:height\" content=\"2048\" \/>\n\t<meta property=\"og:image:type\" content=\"image\/jpeg\" \/>\n<meta name=\"twitter:card\" content=\"summary_large_image\" \/>\n<script type=\"application\/ld+json\" class=\"yoast-schema-graph\">{\"@context\":\"https:\/\/schema.org\",\"@graph\":[{\"@type\":\"WebPage\",\"@id\":\"https:\/\/dev.eliassen.nl\/de\/moderner-gartenbrunnen-aus-granit-tieske-120cm\/\",\"url\":\"https:\/\/dev.eliassen.nl\/de\/moderner-gartenbrunnen-aus-granit-tieske-120cm\/\",\"name\":\"Hochmoderner Gartenbrunnen aus Granit Tieske | Farbe: schwarz | Eliassen.nl\",\"isPartOf\":{\"@id\":\"https:\/\/dev.eliassen.nl\/de\/#website\"},\"primaryImageOfPage\":{\"@id\":\"https:\/\/dev.eliassen.nl\/de\/moderner-gartenbrunnen-aus-granit-tieske-120cm\/#primaryimage\"},\"image\":{\"@id\":\"https:\/\/dev.eliassen.nl\/de\/moderner-gartenbrunnen-aus-granit-tieske-120cm\/#primaryimage\"},\"thumbnailUrl\":\"https:\/\/dev.eliassen.nl\/wp-content\/uploads\/2024\/01\/hogemodernetuinfonteingraniettieskeeliassennl.jpg\",\"datePublished\":\"2020-10-15T12:29:09+00:00\",\"dateModified\":\"2024-12-05T14:43:06+00:00\",\"description\":\"Hochmoderner Gartenbrunnen f\u00fcr den Garten oder die Terrasse. Nirgendwo sonst erh\u00e4ltlich! Komplett geliefert! Auch inklusive Pumpe und LEDs. \u221a Zu sehen LIVE i...\",\"breadcrumb\":{\"@id\":\"https:\/\/dev.eliassen.nl\/de\/moderner-gartenbrunnen-aus-granit-tieske-120cm\/#breadcrumb\"},\"inLanguage\":\"de\",\"potentialAction\":[{\"@type\":\"ReadAction\",\"target\":[\"https:\/\/dev.eliassen.nl\/de\/moderner-gartenbrunnen-aus-granit-tieske-120cm\/\"]}]},{\"@type\":\"ImageObject\",\"inLanguage\":\"de\",\"@id\":\"https:\/\/dev.eliassen.nl\/de\/moderner-gartenbrunnen-aus-granit-tieske-120cm\/#primaryimage\",\"url\":\"https:\/\/dev.eliassen.nl\/wp-content\/uploads\/2024\/01\/hogemodernetuinfonteingraniettieskeeliassennl.jpg\",\"contentUrl\":\"https:\/\/dev.eliassen.nl\/wp-content\/uploads\/2024\/01\/hogemodernetuinfonteingraniettieskeeliassennl.jpg\",\"width\":2048,\"height\":2048,\"caption\":\"Hoge moderne tuinfontein graniet Tieske | Eliassen.nl\"},{\"@type\":\"BreadcrumbList\",\"@id\":\"https:\/\/dev.eliassen.nl\/de\/moderner-gartenbrunnen-aus-granit-tieske-120cm\/#breadcrumb\",\"itemListElement\":[{\"@type\":\"ListItem\",\"position\":1,\"name\":\"Home\",\"item\":\"https:\/\/dev.eliassen.nl\/de\/\"},{\"@type\":\"ListItem\",\"position\":2,\"name\":\"Shop\",\"item\":\"https:\/\/dev.eliassen.nl\/nl\/winkel\/\"},{\"@type\":\"ListItem\",\"position\":3,\"name\":\"Wasserspiele\",\"item\":\"https:\/\/dev.eliassen.nl\/de\/wassereigenschaften\/\"},{\"@type\":\"ListItem\",\"position\":4,\"name\":\"Einzigartige eigene Modelle von losen Wasserspielen\",\"item\":\"https:\/\/dev.eliassen.nl\/de\/wassereigenschaften\/einzigartige-eigene-modelle-von-losen-wasserspiele\/\"},{\"@type\":\"ListItem\",\"position\":5,\"name\":\"Moderner Gartenbrunnen aus Granit Tieske 120cm\"}]},{\"@type\":\"WebSite\",\"@id\":\"https:\/\/dev.eliassen.nl\/de\/#website\",\"url\":\"https:\/\/dev.eliassen.nl\/de\/\",\"name\":\"Eliassen Home & Garden Pleasure\",\"description\":\"\",\"publisher\":{\"@id\":\"https:\/\/dev.eliassen.nl\/de\/#organization\"},\"alternateName\":\"Eliassen.nl\",\"potentialAction\":[{\"@type\":\"SearchAction\",\"target\":{\"@type\":\"EntryPoint\",\"urlTemplate\":\"https:\/\/dev.eliassen.nl\/de\/?s={search_term_string}\"},\"query-input\":{\"@type\":\"PropertyValueSpecification\",\"valueRequired\":true,\"valueName\":\"search_term_string\"}}],\"inLanguage\":\"de\"},{\"@type\":\"Organization\",\"@id\":\"https:\/\/dev.eliassen.nl\/de\/#organization\",\"name\":\"Eliassen Home & Garden Pleasure\",\"url\":\"https:\/\/dev.eliassen.nl\/de\/\",\"logo\":{\"@type\":\"ImageObject\",\"inLanguage\":\"de\",\"@id\":\"https:\/\/dev.eliassen.nl\/de\/#\/schema\/logo\/image\/\",\"url\":\"https:\/\/www.eliassen.nl\/wp-content\/uploads\/2024\/01\/logo_4nd.jpg\",\"contentUrl\":\"https:\/\/www.eliassen.nl\/wp-content\/uploads\/2024\/01\/logo_4nd.jpg\",\"width\":500,\"height\":500,\"caption\":\"Eliassen Home & Garden Pleasure\"},\"image\":{\"@id\":\"https:\/\/dev.eliassen.nl\/de\/#\/schema\/logo\/image\/\"},\"sameAs\":[\"https:\/\/www.facebook.com\/TuincentrumEliassenAmmerzoden\",\"https:\/\/www.instagram.com\/eliassenhomeandgarden\/\",\"https:\/\/nl.pinterest.com\/eliassenhomeandgarden\/\",\"https:\/\/www.youtube.com\/@eliassenhomegardenpleasure4558\"]}]}<\/script>\n<!-- \/ Yoast SEO plugin. -->","yoast_head_json":{"title":"Hochmoderner Gartenbrunnen aus Granit Tieske | Farbe: schwarz | Eliassen.nl","description":"Hochmoderner Gartenbrunnen f\u00fcr den Garten oder die Terrasse. Nirgendwo sonst erh\u00e4ltlich! Komplett geliefert! Auch inklusive Pumpe und LEDs. \u221a Zu sehen LIVE i...","robots":{"index":"noindex","follow":"follow","max-snippet":"max-snippet:-1","max-image-preview":"max-image-preview:large","max-video-preview":"max-video-preview:-1"},"og_locale":"de_DE","og_type":"article","og_title":"Hochmoderner Gartenbrunnen aus Granit Tieske | Farbe: schwarz | Eliassen.nl","og_description":"Hochmoderner Gartenbrunnen f\u00fcr den Garten oder die Terrasse. Nirgendwo sonst erh\u00e4ltlich! Komplett geliefert! Auch inklusive Pumpe und LEDs. \u221a Zu sehen LIVE i...","og_url":"https:\/\/dev.eliassen.nl\/de\/moderner-gartenbrunnen-aus-granit-tieske-120cm\/","og_site_name":"Eliassen.nl","article_publisher":"https:\/\/www.facebook.com\/TuincentrumEliassenAmmerzoden","article_modified_time":"2024-12-05T14:43:06+00:00","og_image":[{"width":2048,"height":2048,"url":"https:\/\/dev.eliassen.nl\/wp-content\/uploads\/2024\/01\/hogemodernetuinfonteingraniettieskeeliassennl.jpg","type":"image\/jpeg"}],"twitter_card":"summary_large_image","schema":{"@context":"https:\/\/schema.org","@graph":[{"@type":"WebPage","@id":"https:\/\/dev.eliassen.nl\/de\/moderner-gartenbrunnen-aus-granit-tieske-120cm\/","url":"https:\/\/dev.eliassen.nl\/de\/moderner-gartenbrunnen-aus-granit-tieske-120cm\/","name":"Hochmoderner Gartenbrunnen aus Granit Tieske | Farbe: schwarz | Eliassen.nl","isPartOf":{"@id":"https:\/\/dev.eliassen.nl\/de\/#website"},"primaryImageOfPage":{"@id":"https:\/\/dev.eliassen.nl\/de\/moderner-gartenbrunnen-aus-granit-tieske-120cm\/#primaryimage"},"image":{"@id":"https:\/\/dev.eliassen.nl\/de\/moderner-gartenbrunnen-aus-granit-tieske-120cm\/#primaryimage"},"thumbnailUrl":"https:\/\/dev.eliassen.nl\/wp-content\/uploads\/2024\/01\/hogemodernetuinfonteingraniettieskeeliassennl.jpg","datePublished":"2020-10-15T12:29:09+00:00","dateModified":"2024-12-05T14:43:06+00:00","description":"Hochmoderner Gartenbrunnen f\u00fcr den Garten oder die Terrasse. Nirgendwo sonst erh\u00e4ltlich! Komplett geliefert! Auch inklusive Pumpe und LEDs. \u221a Zu sehen LIVE i...","breadcrumb":{"@id":"https:\/\/dev.eliassen.nl\/de\/moderner-gartenbrunnen-aus-granit-tieske-120cm\/#breadcrumb"},"inLanguage":"de","potentialAction":[{"@type":"ReadAction","target":["https:\/\/dev.eliassen.nl\/de\/moderner-gartenbrunnen-aus-granit-tieske-120cm\/"]}]},{"@type":"ImageObject","inLanguage":"de","@id":"https:\/\/dev.eliassen.nl\/de\/moderner-gartenbrunnen-aus-granit-tieske-120cm\/#primaryimage","url":"https:\/\/dev.eliassen.nl\/wp-content\/uploads\/2024\/01\/hogemodernetuinfonteingraniettieskeeliassennl.jpg","contentUrl":"https:\/\/dev.eliassen.nl\/wp-content\/uploads\/2024\/01\/hogemodernetuinfonteingraniettieskeeliassennl.jpg","width":2048,"height":2048,"caption":"Hoge moderne tuinfontein graniet Tieske | Eliassen.nl"},{"@type":"BreadcrumbList","@id":"https:\/\/dev.eliassen.nl\/de\/moderner-gartenbrunnen-aus-granit-tieske-120cm\/#breadcrumb","itemListElement":[{"@type":"ListItem","position":1,"name":"Home","item":"https:\/\/dev.eliassen.nl\/de\/"},{"@type":"ListItem","position":2,"name":"Shop","item":"https:\/\/dev.eliassen.nl\/nl\/winkel\/"},{"@type":"ListItem","position":3,"name":"Wasserspiele","item":"https:\/\/dev.eliassen.nl\/de\/wassereigenschaften\/"},{"@type":"ListItem","position":4,"name":"Einzigartige eigene Modelle von losen Wasserspielen","item":"https:\/\/dev.eliassen.nl\/de\/wassereigenschaften\/einzigartige-eigene-modelle-von-losen-wasserspiele\/"},{"@type":"ListItem","position":5,"name":"Moderner Gartenbrunnen aus Granit Tieske 120cm"}]},{"@type":"WebSite","@id":"https:\/\/dev.eliassen.nl\/de\/#website","url":"https:\/\/dev.eliassen.nl\/de\/","name":"Eliassen Home & Garden Pleasure","description":"","publisher":{"@id":"https:\/\/dev.eliassen.nl\/de\/#organization"},"alternateName":"Eliassen.nl","potentialAction":[{"@type":"SearchAction","target":{"@type":"EntryPoint","urlTemplate":"https:\/\/dev.eliassen.nl\/de\/?s={search_term_string}"},"query-input":{"@type":"PropertyValueSpecification","valueRequired":true,"valueName":"search_term_string"}}],"inLanguage":"de"},{"@type":"Organization","@id":"https:\/\/dev.eliassen.nl\/de\/#organization","name":"Eliassen Home & Garden Pleasure","url":"https:\/\/dev.eliassen.nl\/de\/","logo":{"@type":"ImageObject","inLanguage":"de","@id":"https:\/\/dev.eliassen.nl\/de\/#\/schema\/logo\/image\/","url":"https:\/\/www.eliassen.nl\/wp-content\/uploads\/2024\/01\/logo_4nd.jpg","contentUrl":"https:\/\/www.eliassen.nl\/wp-content\/uploads\/2024\/01\/logo_4nd.jpg","width":500,"height":500,"caption":"Eliassen Home & Garden Pleasure"},"image":{"@id":"https:\/\/dev.eliassen.nl\/de\/#\/schema\/logo\/image\/"},"sameAs":["https:\/\/www.facebook.com\/TuincentrumEliassenAmmerzoden","https:\/\/www.instagram.com\/eliassenhomeandgarden\/","https:\/\/nl.pinterest.com\/eliassenhomeandgarden\/","https:\/\/www.youtube.com\/@eliassenhomegardenpleasure4558"]}]}},"df_price":550,"df_sale_price":550,"df_regular_price":695,"df_image_link":"https:\/\/dev.eliassen.nl\/wp-content\/uploads\/2024\/01\/hogemodernetuinfonteingraniettieskeeliassennl.jpg","image":"https:\/\/dev.eliassen.nl\/wp-content\/uploads\/2024\/01\/hogemodernetuinfonteingraniettieskeeliassennl.jpg","price_search":"<span class=\"woocommerce-Price-amount amount\"><bdi><span class=\"woocommerce-Price-currencySymbol\">&euro;<\/span>&nbsp;550,00<\/bdi><\/span>","category":"Einzigartige eigene Modelle von losen Wasserspielen","_links":{"self":[{"href":"https:\/\/dev.eliassen.nl\/de\/wp-json\/wp\/v2\/product\/25798","targetHints":{"allow":["GET"]}}],"collection":[{"href":"https:\/\/dev.eliassen.nl\/de\/wp-json\/wp\/v2\/product"}],"about":[{"href":"https:\/\/dev.eliassen.nl\/de\/wp-json\/wp\/v2\/types\/product"}],"wp:featuredmedia":[{"embeddable":true,"href":"https:\/\/dev.eliassen.nl\/de\/wp-json\/wp\/v2\/media\/25783"}],"wp:attachment":[{"href":"https:\/\/dev.eliassen.nl\/de\/wp-json\/wp\/v2\/media?parent=25798"}],"wp:term":[{"taxonomy":"product_brand","embeddable":true,"href":"https:\/\/dev.eliassen.nl\/de\/wp-json\/wp\/v2\/product_brand?post=25798"},{"taxonomy":"product_cat","embeddable":true,"href":"https:\/\/dev.eliassen.nl\/de\/wp-json\/wp\/v2\/product_cat?post=25798"},{"taxonomy":"product_tag","embeddable":true,"href":"https:\/\/dev.eliassen.nl\/de\/wp-json\/wp\/v2\/product_tag?post=25798"}],"curies":[{"name":"wp","href":"https:\/\/api.w.org\/{rel}","templated":true}]}}