{"id":25834,"date":"2020-10-15T14:30:59","date_gmt":"2020-10-15T12:30:59","guid":{"rendered":"https:\/\/www.eliassen.nl\/?product=fontein-graniet-morris"},"modified":"2024-12-05T15:43:08","modified_gmt":"2024-12-05T14:43:08","slug":"hoher-schwarzer-wandbrunnen-morris","status":"publish","type":"product","link":"https:\/\/dev.eliassen.nl\/de\/hoher-schwarzer-wandbrunnen-morris\/","title":{"rendered":"Hoher schwarzer Wandbrunnen Morris"},"content":{"rendered":"<p>Ein wundersch\u00f6n hoher, schlichter schwarzer Wandbrunnen f\u00fcr Ihren Garten oder auf der Terrasse, aber auch f\u00fcr Ihr B\u00fcro, selbst entwickelt und nirgendwo anders erh\u00e4ltlich. Das Wasserbecken und der h\u00f6here Hintergrund bestehen aus massivem, pechschwarzem, poliertem Granit, der Teil, aus dem das Wasser flie\u00dft, aus grauem Granit, wodurch ein sch\u00f6ner Kontrast entsteht.<\/p>\n<p>Bei diesem Modell ist kein Graben erforderlich, da sich die Wasserversorgung im Eimer befindet. Wird komplett mit Pumpe, Schlauch, LEDs und Gebrauchsanweisung geliefert. F\u00fcr den kompletten Betrieb ben\u00f6tigen Sie 2 Steckdosen.<\/p>\n<p><strong>Vergessen Sie nicht, unseren Showroom mit 300 Modellen zu besuchen, wo Sie auch gut beraten werden!<\/strong><\/p>\n<ul>\n<li>Gr\u00f6\u00dfe 70 x 35 x 110 cm hoch<\/li>\n<li>Material: Granit poliert\/ges\u00e4gt, schwarz\/grau<\/li>\n<li>Inklusive Pumpe, Schlauch, LEDs, Bedienungsanleitung<\/li>\n<li>Kabell\u00e4nge der Pumpe 10 Meter und der LEDs 7,5 Meter<\/li>\n<li>Mit Ablassschraube<\/li>\n<li>Gew\u00e4hrleistung 1 Jahr (Trockenlaufsch\u00e4den der Pumpe und Frostsch\u00e4den ausgenommen)<\/li>\n<li>Verpackt in Holzkiste<\/li>\n<li>Schnell geliefert<\/li>\n<li>Nirgendwo sonst zu verkaufen.<\/li>\n<\/ul>\n","protected":false},"excerpt":{"rendered":"<p>Ein wundersch\u00f6n hoher, schlichter schwarzer Wandbrunnen f\u00fcr Ihren Garten oder auf der Terrasse, aber auch f\u00fcr Ihr B\u00fcro, selbst entwickelt und nirgendwo anders erh\u00e4ltlich. Das Wasserbecken und der h\u00f6here Hintergrund bestehen aus massivem, pechschwarzem, poliertem Granit, der Teil, aus dem das Wasser flie\u00dft, aus grauem Granit, wodurch ein sch\u00f6ner Kontrast entsteht. Bei diesem Modell ist &hellip;<\/p>\n","protected":false},"featured_media":25822,"template":"","meta":{"_acf_changed":false},"product_brand":[],"product_cat":[539,548,572,536],"product_tag":[],"class_list":{"0":"post-25834","1":"product","2":"type-product","3":"status-publish","4":"has-post-thumbnail","6":"product_cat-einzigartige-eigene-modelle-von-losen-wasserspiele","7":"product_cat-terrassenbrunnen","8":"product_cat-wandbrunnen","9":"product_cat-wassereigenschaften","11":"first","12":"instock","13":"taxable","14":"shipping-taxable","15":"purchasable","16":"product-type-simple"},"acf":[],"yoast_head":"<!-- This site is optimized with the Yoast SEO plugin v23.8 - https:\/\/yoast.com\/wordpress\/plugins\/seo\/ -->\n<title>Hoher schwarzer Wandbrunnen Morris | Nur bei uns zu verkaufen! | Eliassen.nl<\/title>\n<meta name=\"description\" content=\"Hoher schwarzer Morris Wandbrunnen f\u00fcr den Garten oder die Terrasse. Kann sowohl im Innen- als auch im Au\u00dfenbereich verwendet werden. Kommt komplett! \u221a LIVE ...\" \/>\n<meta name=\"robots\" content=\"noindex, follow, max-snippet:-1, max-image-preview:large, max-video-preview:-1\" \/>\n<meta property=\"og:locale\" content=\"de_DE\" \/>\n<meta property=\"og:type\" content=\"article\" \/>\n<meta property=\"og:title\" content=\"Hoher schwarzer Wandbrunnen Morris | Nur bei uns zu verkaufen! | Eliassen.nl\" \/>\n<meta property=\"og:description\" content=\"Hoher schwarzer Morris Wandbrunnen f\u00fcr den Garten oder die Terrasse. Kann sowohl im Innen- als auch im Au\u00dfenbereich verwendet werden. Kommt komplett! \u221a LIVE ...\" \/>\n<meta property=\"og:url\" content=\"https:\/\/dev.eliassen.nl\/de\/hoher-schwarzer-wandbrunnen-morris\/\" \/>\n<meta property=\"og:site_name\" content=\"Eliassen.nl\" \/>\n<meta property=\"article:publisher\" content=\"https:\/\/www.facebook.com\/TuincentrumEliassenAmmerzoden\" \/>\n<meta property=\"article:modified_time\" content=\"2024-12-05T14:43:08+00:00\" \/>\n<meta property=\"og:image\" content=\"https:\/\/dev.eliassen.nl\/wp-content\/uploads\/2024\/01\/hogezwartemuurfonteinmorriseliassennl.jpg\" \/>\n\t<meta property=\"og:image:width\" content=\"2048\" \/>\n\t<meta property=\"og:image:height\" content=\"2048\" \/>\n\t<meta property=\"og:image:type\" content=\"image\/jpeg\" \/>\n<meta name=\"twitter:card\" content=\"summary_large_image\" \/>\n<script type=\"application\/ld+json\" class=\"yoast-schema-graph\">{\"@context\":\"https:\/\/schema.org\",\"@graph\":[{\"@type\":\"WebPage\",\"@id\":\"https:\/\/dev.eliassen.nl\/de\/hoher-schwarzer-wandbrunnen-morris\/\",\"url\":\"https:\/\/dev.eliassen.nl\/de\/hoher-schwarzer-wandbrunnen-morris\/\",\"name\":\"Hoher schwarzer Wandbrunnen Morris | Nur bei uns zu verkaufen! | Eliassen.nl\",\"isPartOf\":{\"@id\":\"https:\/\/dev.eliassen.nl\/de\/#website\"},\"primaryImageOfPage\":{\"@id\":\"https:\/\/dev.eliassen.nl\/de\/hoher-schwarzer-wandbrunnen-morris\/#primaryimage\"},\"image\":{\"@id\":\"https:\/\/dev.eliassen.nl\/de\/hoher-schwarzer-wandbrunnen-morris\/#primaryimage\"},\"thumbnailUrl\":\"https:\/\/dev.eliassen.nl\/wp-content\/uploads\/2024\/01\/hogezwartemuurfonteinmorriseliassennl.jpg\",\"datePublished\":\"2020-10-15T12:30:59+00:00\",\"dateModified\":\"2024-12-05T14:43:08+00:00\",\"description\":\"Hoher schwarzer Morris Wandbrunnen f\u00fcr den Garten oder die Terrasse. Kann sowohl im Innen- als auch im Au\u00dfenbereich verwendet werden. Kommt komplett! \u221a LIVE ...\",\"breadcrumb\":{\"@id\":\"https:\/\/dev.eliassen.nl\/de\/hoher-schwarzer-wandbrunnen-morris\/#breadcrumb\"},\"inLanguage\":\"de\",\"potentialAction\":[{\"@type\":\"ReadAction\",\"target\":[\"https:\/\/dev.eliassen.nl\/de\/hoher-schwarzer-wandbrunnen-morris\/\"]}]},{\"@type\":\"ImageObject\",\"inLanguage\":\"de\",\"@id\":\"https:\/\/dev.eliassen.nl\/de\/hoher-schwarzer-wandbrunnen-morris\/#primaryimage\",\"url\":\"https:\/\/dev.eliassen.nl\/wp-content\/uploads\/2024\/01\/hogezwartemuurfonteinmorriseliassennl.jpg\",\"contentUrl\":\"https:\/\/dev.eliassen.nl\/wp-content\/uploads\/2024\/01\/hogezwartemuurfonteinmorriseliassennl.jpg\",\"width\":2048,\"height\":2048,\"caption\":\"Hoge zwarte muurfontein Morris | Eliassen.nl\"},{\"@type\":\"BreadcrumbList\",\"@id\":\"https:\/\/dev.eliassen.nl\/de\/hoher-schwarzer-wandbrunnen-morris\/#breadcrumb\",\"itemListElement\":[{\"@type\":\"ListItem\",\"position\":1,\"name\":\"Home\",\"item\":\"https:\/\/dev.eliassen.nl\/de\/\"},{\"@type\":\"ListItem\",\"position\":2,\"name\":\"Shop\",\"item\":\"https:\/\/dev.eliassen.nl\/nl\/winkel\/\"},{\"@type\":\"ListItem\",\"position\":3,\"name\":\"Wasserspiele\",\"item\":\"https:\/\/dev.eliassen.nl\/de\/wassereigenschaften\/\"},{\"@type\":\"ListItem\",\"position\":4,\"name\":\"Einzigartige eigene Modelle von losen Wasserspielen\",\"item\":\"https:\/\/dev.eliassen.nl\/de\/wassereigenschaften\/einzigartige-eigene-modelle-von-losen-wasserspiele\/\"},{\"@type\":\"ListItem\",\"position\":5,\"name\":\"Hoher schwarzer Wandbrunnen Morris\"}]},{\"@type\":\"WebSite\",\"@id\":\"https:\/\/dev.eliassen.nl\/de\/#website\",\"url\":\"https:\/\/dev.eliassen.nl\/de\/\",\"name\":\"Eliassen Home & Garden Pleasure\",\"description\":\"\",\"publisher\":{\"@id\":\"https:\/\/dev.eliassen.nl\/de\/#organization\"},\"alternateName\":\"Eliassen.nl\",\"potentialAction\":[{\"@type\":\"SearchAction\",\"target\":{\"@type\":\"EntryPoint\",\"urlTemplate\":\"https:\/\/dev.eliassen.nl\/de\/?s={search_term_string}\"},\"query-input\":{\"@type\":\"PropertyValueSpecification\",\"valueRequired\":true,\"valueName\":\"search_term_string\"}}],\"inLanguage\":\"de\"},{\"@type\":\"Organization\",\"@id\":\"https:\/\/dev.eliassen.nl\/de\/#organization\",\"name\":\"Eliassen Home & Garden Pleasure\",\"url\":\"https:\/\/dev.eliassen.nl\/de\/\",\"logo\":{\"@type\":\"ImageObject\",\"inLanguage\":\"de\",\"@id\":\"https:\/\/dev.eliassen.nl\/de\/#\/schema\/logo\/image\/\",\"url\":\"https:\/\/www.eliassen.nl\/wp-content\/uploads\/2024\/01\/logo_4nd.jpg\",\"contentUrl\":\"https:\/\/www.eliassen.nl\/wp-content\/uploads\/2024\/01\/logo_4nd.jpg\",\"width\":500,\"height\":500,\"caption\":\"Eliassen Home & Garden Pleasure\"},\"image\":{\"@id\":\"https:\/\/dev.eliassen.nl\/de\/#\/schema\/logo\/image\/\"},\"sameAs\":[\"https:\/\/www.facebook.com\/TuincentrumEliassenAmmerzoden\",\"https:\/\/www.instagram.com\/eliassenhomeandgarden\/\",\"https:\/\/nl.pinterest.com\/eliassenhomeandgarden\/\",\"https:\/\/www.youtube.com\/@eliassenhomegardenpleasure4558\"]}]}<\/script>\n<!-- \/ Yoast SEO plugin. -->","yoast_head_json":{"title":"Hoher schwarzer Wandbrunnen Morris | Nur bei uns zu verkaufen! | Eliassen.nl","description":"Hoher schwarzer Morris Wandbrunnen f\u00fcr den Garten oder die Terrasse. Kann sowohl im Innen- als auch im Au\u00dfenbereich verwendet werden. Kommt komplett! \u221a LIVE ...","robots":{"index":"noindex","follow":"follow","max-snippet":"max-snippet:-1","max-image-preview":"max-image-preview:large","max-video-preview":"max-video-preview:-1"},"og_locale":"de_DE","og_type":"article","og_title":"Hoher schwarzer Wandbrunnen Morris | Nur bei uns zu verkaufen! | Eliassen.nl","og_description":"Hoher schwarzer Morris Wandbrunnen f\u00fcr den Garten oder die Terrasse. Kann sowohl im Innen- als auch im Au\u00dfenbereich verwendet werden. Kommt komplett! \u221a LIVE ...","og_url":"https:\/\/dev.eliassen.nl\/de\/hoher-schwarzer-wandbrunnen-morris\/","og_site_name":"Eliassen.nl","article_publisher":"https:\/\/www.facebook.com\/TuincentrumEliassenAmmerzoden","article_modified_time":"2024-12-05T14:43:08+00:00","og_image":[{"width":2048,"height":2048,"url":"https:\/\/dev.eliassen.nl\/wp-content\/uploads\/2024\/01\/hogezwartemuurfonteinmorriseliassennl.jpg","type":"image\/jpeg"}],"twitter_card":"summary_large_image","schema":{"@context":"https:\/\/schema.org","@graph":[{"@type":"WebPage","@id":"https:\/\/dev.eliassen.nl\/de\/hoher-schwarzer-wandbrunnen-morris\/","url":"https:\/\/dev.eliassen.nl\/de\/hoher-schwarzer-wandbrunnen-morris\/","name":"Hoher schwarzer Wandbrunnen Morris | Nur bei uns zu verkaufen! | Eliassen.nl","isPartOf":{"@id":"https:\/\/dev.eliassen.nl\/de\/#website"},"primaryImageOfPage":{"@id":"https:\/\/dev.eliassen.nl\/de\/hoher-schwarzer-wandbrunnen-morris\/#primaryimage"},"image":{"@id":"https:\/\/dev.eliassen.nl\/de\/hoher-schwarzer-wandbrunnen-morris\/#primaryimage"},"thumbnailUrl":"https:\/\/dev.eliassen.nl\/wp-content\/uploads\/2024\/01\/hogezwartemuurfonteinmorriseliassennl.jpg","datePublished":"2020-10-15T12:30:59+00:00","dateModified":"2024-12-05T14:43:08+00:00","description":"Hoher schwarzer Morris Wandbrunnen f\u00fcr den Garten oder die Terrasse. Kann sowohl im Innen- als auch im Au\u00dfenbereich verwendet werden. Kommt komplett! \u221a LIVE ...","breadcrumb":{"@id":"https:\/\/dev.eliassen.nl\/de\/hoher-schwarzer-wandbrunnen-morris\/#breadcrumb"},"inLanguage":"de","potentialAction":[{"@type":"ReadAction","target":["https:\/\/dev.eliassen.nl\/de\/hoher-schwarzer-wandbrunnen-morris\/"]}]},{"@type":"ImageObject","inLanguage":"de","@id":"https:\/\/dev.eliassen.nl\/de\/hoher-schwarzer-wandbrunnen-morris\/#primaryimage","url":"https:\/\/dev.eliassen.nl\/wp-content\/uploads\/2024\/01\/hogezwartemuurfonteinmorriseliassennl.jpg","contentUrl":"https:\/\/dev.eliassen.nl\/wp-content\/uploads\/2024\/01\/hogezwartemuurfonteinmorriseliassennl.jpg","width":2048,"height":2048,"caption":"Hoge zwarte muurfontein Morris | Eliassen.nl"},{"@type":"BreadcrumbList","@id":"https:\/\/dev.eliassen.nl\/de\/hoher-schwarzer-wandbrunnen-morris\/#breadcrumb","itemListElement":[{"@type":"ListItem","position":1,"name":"Home","item":"https:\/\/dev.eliassen.nl\/de\/"},{"@type":"ListItem","position":2,"name":"Shop","item":"https:\/\/dev.eliassen.nl\/nl\/winkel\/"},{"@type":"ListItem","position":3,"name":"Wasserspiele","item":"https:\/\/dev.eliassen.nl\/de\/wassereigenschaften\/"},{"@type":"ListItem","position":4,"name":"Einzigartige eigene Modelle von losen Wasserspielen","item":"https:\/\/dev.eliassen.nl\/de\/wassereigenschaften\/einzigartige-eigene-modelle-von-losen-wasserspiele\/"},{"@type":"ListItem","position":5,"name":"Hoher schwarzer Wandbrunnen Morris"}]},{"@type":"WebSite","@id":"https:\/\/dev.eliassen.nl\/de\/#website","url":"https:\/\/dev.eliassen.nl\/de\/","name":"Eliassen Home & Garden Pleasure","description":"","publisher":{"@id":"https:\/\/dev.eliassen.nl\/de\/#organization"},"alternateName":"Eliassen.nl","potentialAction":[{"@type":"SearchAction","target":{"@type":"EntryPoint","urlTemplate":"https:\/\/dev.eliassen.nl\/de\/?s={search_term_string}"},"query-input":{"@type":"PropertyValueSpecification","valueRequired":true,"valueName":"search_term_string"}}],"inLanguage":"de"},{"@type":"Organization","@id":"https:\/\/dev.eliassen.nl\/de\/#organization","name":"Eliassen Home & Garden Pleasure","url":"https:\/\/dev.eliassen.nl\/de\/","logo":{"@type":"ImageObject","inLanguage":"de","@id":"https:\/\/dev.eliassen.nl\/de\/#\/schema\/logo\/image\/","url":"https:\/\/www.eliassen.nl\/wp-content\/uploads\/2024\/01\/logo_4nd.jpg","contentUrl":"https:\/\/www.eliassen.nl\/wp-content\/uploads\/2024\/01\/logo_4nd.jpg","width":500,"height":500,"caption":"Eliassen Home & Garden Pleasure"},"image":{"@id":"https:\/\/dev.eliassen.nl\/de\/#\/schema\/logo\/image\/"},"sameAs":["https:\/\/www.facebook.com\/TuincentrumEliassenAmmerzoden","https:\/\/www.instagram.com\/eliassenhomeandgarden\/","https:\/\/nl.pinterest.com\/eliassenhomeandgarden\/","https:\/\/www.youtube.com\/@eliassenhomegardenpleasure4558"]}]}},"df_price":695,"df_sale_price":"","df_regular_price":695,"df_image_link":"https:\/\/dev.eliassen.nl\/wp-content\/uploads\/2024\/01\/hogezwartemuurfonteinmorriseliassennl.jpg","image":"https:\/\/dev.eliassen.nl\/wp-content\/uploads\/2024\/01\/hogezwartemuurfonteinmorriseliassennl.jpg","price_search":"<span class=\"woocommerce-Price-amount amount\"><bdi><span class=\"woocommerce-Price-currencySymbol\">&euro;<\/span>&nbsp;695,00<\/bdi><\/span>","category":"Einzigartige eigene Modelle von losen Wasserspielen","_links":{"self":[{"href":"https:\/\/dev.eliassen.nl\/de\/wp-json\/wp\/v2\/product\/25834","targetHints":{"allow":["GET"]}}],"collection":[{"href":"https:\/\/dev.eliassen.nl\/de\/wp-json\/wp\/v2\/product"}],"about":[{"href":"https:\/\/dev.eliassen.nl\/de\/wp-json\/wp\/v2\/types\/product"}],"wp:featuredmedia":[{"embeddable":true,"href":"https:\/\/dev.eliassen.nl\/de\/wp-json\/wp\/v2\/media\/25822"}],"wp:attachment":[{"href":"https:\/\/dev.eliassen.nl\/de\/wp-json\/wp\/v2\/media?parent=25834"}],"wp:term":[{"taxonomy":"product_brand","embeddable":true,"href":"https:\/\/dev.eliassen.nl\/de\/wp-json\/wp\/v2\/product_brand?post=25834"},{"taxonomy":"product_cat","embeddable":true,"href":"https:\/\/dev.eliassen.nl\/de\/wp-json\/wp\/v2\/product_cat?post=25834"},{"taxonomy":"product_tag","embeddable":true,"href":"https:\/\/dev.eliassen.nl\/de\/wp-json\/wp\/v2\/product_tag?post=25834"}],"curies":[{"name":"wp","href":"https:\/\/api.w.org\/{rel}","templated":true}]}}