{"id":25846,"date":"2020-10-21T09:21:55","date_gmt":"2020-10-21T07:21:55","guid":{"rendered":"https:\/\/www.eliassen.nl\/?product=grote-zonnewijzer-brons-90cm"},"modified":"2023-05-30T14:29:52","modified_gmt":"2023-05-30T14:29:52","slug":"grosse-sonnenuhr-bronze-90cm","status":"publish","type":"product","link":"https:\/\/dev.eliassen.nl\/de\/grosse-sonnenuhr-bronze-90cm\/","title":{"rendered":"Gro\u00dfe Sonnenuhr Bronze 90cm"},"content":{"rendered":"<p>Versch\u00f6nern Sie Ihren Garten oder Ihr Zuhause mit einer Sonnenuhr aus Bronze. Die authentische Optik dieser Sonnenuhr ist eine wahre Augenweide, wenn Sie authentische Statuen und Sonnenuhren aus Bronze, Messing oder Kupfer m\u00f6gen.<\/p>\n<p><em>Wie funktionieren Sonnenuhren?<\/em><\/p>\n<p>Eine Sonnenuhr dient als Werkzeug, um die Zeit mithilfe der Sonne anzuzeigen. Diese kann beispielsweise in Form einer Fl\u00e4che oder in Form einer Scheibe vorliegen.<\/p>\n<p>Der Kupfergehalt dieser Sonnenuhr aus Bronze betr\u00e4gt mindestens 75 %. Dies garantiert eine sehr lange Lebensdauer. Die meisten Statuen haben an der Unterseite ein M8-Gewinde, mit dem eine Statue beispielsweise an einer S\u00e4ule befestigt werden kann.<\/p>\n<p>Wir haben eine gro\u00dfe Auswahl an verschiedenen Sonnenuhren aus Bronze. Diese k\u00f6nnen auf der Website eingesehen werden, aber Sie k\u00f6nnen auch unseren Showroom besuchen, um sie live zu erleben!<\/p>\n<ul>\n<li>Abmessungen: 51 x 62 x 90 cm hoch<\/li>\n<li>Material: Bronze<\/li>\n<li>Gewicht: 13,5 kg<\/li>\n<\/ul>\n","protected":false},"excerpt":{"rendered":"<p>Sonnenuhr aus Bronze<\/p>\n","protected":false},"featured_media":25837,"template":"","meta":{"_acf_changed":false},"product_brand":[],"product_cat":[647,613,755,752,7239],"product_tag":[],"class_list":{"0":"post-25846","1":"product","2":"type-product","3":"status-publish","4":"has-post-thumbnail","6":"product_cat-bronzene-sonnenuhren","7":"product_cat-bronzestatuen","8":"product_cat-sonnenuhren","9":"product_cat-weitere-artikel","10":"product_cat-statuen-skulpturen","12":"first","13":"instock","14":"taxable","15":"shipping-taxable","16":"purchasable","17":"product-type-simple"},"acf":[],"yoast_head":"<!-- This site is optimized with the Yoast SEO plugin v23.8 - https:\/\/yoast.com\/wordpress\/plugins\/seo\/ -->\n<title>Gro\u00dfe Sonnenuhr Bronze 90cm | Eliassen.nl<\/title>\n<meta name=\"description\" content=\"Auf der Suche nach einer Sonnenuhr? Bestellen Sie jetzt gro\u00dfe Sonnenuhr aus Bronze. Sonnenuhren aus Bronze k\u00f6nnen Sie ganz einfach auf unserer Website kaufen...\" \/>\n<meta name=\"robots\" content=\"noindex, follow, max-snippet:-1, max-image-preview:large, max-video-preview:-1\" \/>\n<meta property=\"og:locale\" content=\"de_DE\" \/>\n<meta property=\"og:type\" content=\"article\" \/>\n<meta property=\"og:title\" content=\"Gro\u00dfe Sonnenuhr Bronze 90cm | Eliassen.nl\" \/>\n<meta property=\"og:description\" content=\"Auf der Suche nach einer Sonnenuhr? Bestellen Sie jetzt gro\u00dfe Sonnenuhr aus Bronze. Sonnenuhren aus Bronze k\u00f6nnen Sie ganz einfach auf unserer Website kaufen...\" \/>\n<meta property=\"og:url\" content=\"https:\/\/dev.eliassen.nl\/de\/grosse-sonnenuhr-bronze-90cm\/\" \/>\n<meta property=\"og:site_name\" content=\"Eliassen.nl\" \/>\n<meta property=\"article:publisher\" content=\"https:\/\/www.facebook.com\/TuincentrumEliassenAmmerzoden\" \/>\n<meta property=\"article:modified_time\" content=\"2023-05-30T14:29:52+00:00\" \/>\n<meta property=\"og:image\" content=\"https:\/\/dev.eliassen.nl\/wp-content\/uploads\/2024\/01\/grotezonnewijzerbrons90cmga0387eliassennl.jpg\" \/>\n\t<meta property=\"og:image:width\" content=\"2048\" \/>\n\t<meta property=\"og:image:height\" content=\"1536\" \/>\n\t<meta property=\"og:image:type\" content=\"image\/jpeg\" \/>\n<meta name=\"twitter:card\" content=\"summary_large_image\" \/>\n<script type=\"application\/ld+json\" class=\"yoast-schema-graph\">{\"@context\":\"https:\/\/schema.org\",\"@graph\":[{\"@type\":\"WebPage\",\"@id\":\"https:\/\/dev.eliassen.nl\/de\/grosse-sonnenuhr-bronze-90cm\/\",\"url\":\"https:\/\/dev.eliassen.nl\/de\/grosse-sonnenuhr-bronze-90cm\/\",\"name\":\"Gro\u00dfe Sonnenuhr Bronze 90cm | Eliassen.nl\",\"isPartOf\":{\"@id\":\"https:\/\/dev.eliassen.nl\/de\/#website\"},\"primaryImageOfPage\":{\"@id\":\"https:\/\/dev.eliassen.nl\/de\/grosse-sonnenuhr-bronze-90cm\/#primaryimage\"},\"image\":{\"@id\":\"https:\/\/dev.eliassen.nl\/de\/grosse-sonnenuhr-bronze-90cm\/#primaryimage\"},\"thumbnailUrl\":\"https:\/\/dev.eliassen.nl\/wp-content\/uploads\/2024\/01\/grotezonnewijzerbrons90cmga0387eliassennl.jpg\",\"datePublished\":\"2020-10-21T07:21:55+00:00\",\"dateModified\":\"2023-05-30T14:29:52+00:00\",\"description\":\"Auf der Suche nach einer Sonnenuhr? Bestellen Sie jetzt gro\u00dfe Sonnenuhr aus Bronze. Sonnenuhren aus Bronze k\u00f6nnen Sie ganz einfach auf unserer Website kaufen...\",\"breadcrumb\":{\"@id\":\"https:\/\/dev.eliassen.nl\/de\/grosse-sonnenuhr-bronze-90cm\/#breadcrumb\"},\"inLanguage\":\"de\",\"potentialAction\":[{\"@type\":\"ReadAction\",\"target\":[\"https:\/\/dev.eliassen.nl\/de\/grosse-sonnenuhr-bronze-90cm\/\"]}]},{\"@type\":\"ImageObject\",\"inLanguage\":\"de\",\"@id\":\"https:\/\/dev.eliassen.nl\/de\/grosse-sonnenuhr-bronze-90cm\/#primaryimage\",\"url\":\"https:\/\/dev.eliassen.nl\/wp-content\/uploads\/2024\/01\/grotezonnewijzerbrons90cmga0387eliassennl.jpg\",\"contentUrl\":\"https:\/\/dev.eliassen.nl\/wp-content\/uploads\/2024\/01\/grotezonnewijzerbrons90cmga0387eliassennl.jpg\",\"width\":2048,\"height\":1536,\"caption\":\"Grote zonnewijzer brons 90cm Ga0387 - Eliassen.nl\"},{\"@type\":\"BreadcrumbList\",\"@id\":\"https:\/\/dev.eliassen.nl\/de\/grosse-sonnenuhr-bronze-90cm\/#breadcrumb\",\"itemListElement\":[{\"@type\":\"ListItem\",\"position\":1,\"name\":\"Home\",\"item\":\"https:\/\/dev.eliassen.nl\/de\/\"},{\"@type\":\"ListItem\",\"position\":2,\"name\":\"Shop\",\"item\":\"https:\/\/dev.eliassen.nl\/nl\/winkel\/\"},{\"@type\":\"ListItem\",\"position\":3,\"name\":\"Bronzestatuen\",\"item\":\"https:\/\/dev.eliassen.nl\/de\/bilder\/bronzestatuen\/\"},{\"@type\":\"ListItem\",\"position\":4,\"name\":\"Bronzene Sonnenuhren\",\"item\":\"https:\/\/dev.eliassen.nl\/de\/bilder\/bronzestatuen\/bronzene-sonnenuhren\/\"},{\"@type\":\"ListItem\",\"position\":5,\"name\":\"Gro\u00dfe Sonnenuhr Bronze 90cm\"}]},{\"@type\":\"WebSite\",\"@id\":\"https:\/\/dev.eliassen.nl\/de\/#website\",\"url\":\"https:\/\/dev.eliassen.nl\/de\/\",\"name\":\"Eliassen Home & Garden Pleasure\",\"description\":\"\",\"publisher\":{\"@id\":\"https:\/\/dev.eliassen.nl\/de\/#organization\"},\"alternateName\":\"Eliassen.nl\",\"potentialAction\":[{\"@type\":\"SearchAction\",\"target\":{\"@type\":\"EntryPoint\",\"urlTemplate\":\"https:\/\/dev.eliassen.nl\/de\/?s={search_term_string}\"},\"query-input\":{\"@type\":\"PropertyValueSpecification\",\"valueRequired\":true,\"valueName\":\"search_term_string\"}}],\"inLanguage\":\"de\"},{\"@type\":\"Organization\",\"@id\":\"https:\/\/dev.eliassen.nl\/de\/#organization\",\"name\":\"Eliassen Home & Garden Pleasure\",\"url\":\"https:\/\/dev.eliassen.nl\/de\/\",\"logo\":{\"@type\":\"ImageObject\",\"inLanguage\":\"de\",\"@id\":\"https:\/\/dev.eliassen.nl\/de\/#\/schema\/logo\/image\/\",\"url\":\"https:\/\/www.eliassen.nl\/wp-content\/uploads\/2024\/01\/logo_4nd.jpg\",\"contentUrl\":\"https:\/\/www.eliassen.nl\/wp-content\/uploads\/2024\/01\/logo_4nd.jpg\",\"width\":500,\"height\":500,\"caption\":\"Eliassen Home & Garden Pleasure\"},\"image\":{\"@id\":\"https:\/\/dev.eliassen.nl\/de\/#\/schema\/logo\/image\/\"},\"sameAs\":[\"https:\/\/www.facebook.com\/TuincentrumEliassenAmmerzoden\",\"https:\/\/www.instagram.com\/eliassenhomeandgarden\/\",\"https:\/\/nl.pinterest.com\/eliassenhomeandgarden\/\",\"https:\/\/www.youtube.com\/@eliassenhomegardenpleasure4558\"]}]}<\/script>\n<!-- \/ Yoast SEO plugin. -->","yoast_head_json":{"title":"Gro\u00dfe Sonnenuhr Bronze 90cm | Eliassen.nl","description":"Auf der Suche nach einer Sonnenuhr? Bestellen Sie jetzt gro\u00dfe Sonnenuhr aus Bronze. Sonnenuhren aus Bronze k\u00f6nnen Sie ganz einfach auf unserer Website kaufen...","robots":{"index":"noindex","follow":"follow","max-snippet":"max-snippet:-1","max-image-preview":"max-image-preview:large","max-video-preview":"max-video-preview:-1"},"og_locale":"de_DE","og_type":"article","og_title":"Gro\u00dfe Sonnenuhr Bronze 90cm | Eliassen.nl","og_description":"Auf der Suche nach einer Sonnenuhr? Bestellen Sie jetzt gro\u00dfe Sonnenuhr aus Bronze. Sonnenuhren aus Bronze k\u00f6nnen Sie ganz einfach auf unserer Website kaufen...","og_url":"https:\/\/dev.eliassen.nl\/de\/grosse-sonnenuhr-bronze-90cm\/","og_site_name":"Eliassen.nl","article_publisher":"https:\/\/www.facebook.com\/TuincentrumEliassenAmmerzoden","article_modified_time":"2023-05-30T14:29:52+00:00","og_image":[{"width":2048,"height":1536,"url":"https:\/\/dev.eliassen.nl\/wp-content\/uploads\/2024\/01\/grotezonnewijzerbrons90cmga0387eliassennl.jpg","type":"image\/jpeg"}],"twitter_card":"summary_large_image","schema":{"@context":"https:\/\/schema.org","@graph":[{"@type":"WebPage","@id":"https:\/\/dev.eliassen.nl\/de\/grosse-sonnenuhr-bronze-90cm\/","url":"https:\/\/dev.eliassen.nl\/de\/grosse-sonnenuhr-bronze-90cm\/","name":"Gro\u00dfe Sonnenuhr Bronze 90cm | Eliassen.nl","isPartOf":{"@id":"https:\/\/dev.eliassen.nl\/de\/#website"},"primaryImageOfPage":{"@id":"https:\/\/dev.eliassen.nl\/de\/grosse-sonnenuhr-bronze-90cm\/#primaryimage"},"image":{"@id":"https:\/\/dev.eliassen.nl\/de\/grosse-sonnenuhr-bronze-90cm\/#primaryimage"},"thumbnailUrl":"https:\/\/dev.eliassen.nl\/wp-content\/uploads\/2024\/01\/grotezonnewijzerbrons90cmga0387eliassennl.jpg","datePublished":"2020-10-21T07:21:55+00:00","dateModified":"2023-05-30T14:29:52+00:00","description":"Auf der Suche nach einer Sonnenuhr? Bestellen Sie jetzt gro\u00dfe Sonnenuhr aus Bronze. Sonnenuhren aus Bronze k\u00f6nnen Sie ganz einfach auf unserer Website kaufen...","breadcrumb":{"@id":"https:\/\/dev.eliassen.nl\/de\/grosse-sonnenuhr-bronze-90cm\/#breadcrumb"},"inLanguage":"de","potentialAction":[{"@type":"ReadAction","target":["https:\/\/dev.eliassen.nl\/de\/grosse-sonnenuhr-bronze-90cm\/"]}]},{"@type":"ImageObject","inLanguage":"de","@id":"https:\/\/dev.eliassen.nl\/de\/grosse-sonnenuhr-bronze-90cm\/#primaryimage","url":"https:\/\/dev.eliassen.nl\/wp-content\/uploads\/2024\/01\/grotezonnewijzerbrons90cmga0387eliassennl.jpg","contentUrl":"https:\/\/dev.eliassen.nl\/wp-content\/uploads\/2024\/01\/grotezonnewijzerbrons90cmga0387eliassennl.jpg","width":2048,"height":1536,"caption":"Grote zonnewijzer brons 90cm Ga0387 - Eliassen.nl"},{"@type":"BreadcrumbList","@id":"https:\/\/dev.eliassen.nl\/de\/grosse-sonnenuhr-bronze-90cm\/#breadcrumb","itemListElement":[{"@type":"ListItem","position":1,"name":"Home","item":"https:\/\/dev.eliassen.nl\/de\/"},{"@type":"ListItem","position":2,"name":"Shop","item":"https:\/\/dev.eliassen.nl\/nl\/winkel\/"},{"@type":"ListItem","position":3,"name":"Bronzestatuen","item":"https:\/\/dev.eliassen.nl\/de\/bilder\/bronzestatuen\/"},{"@type":"ListItem","position":4,"name":"Bronzene Sonnenuhren","item":"https:\/\/dev.eliassen.nl\/de\/bilder\/bronzestatuen\/bronzene-sonnenuhren\/"},{"@type":"ListItem","position":5,"name":"Gro\u00dfe Sonnenuhr Bronze 90cm"}]},{"@type":"WebSite","@id":"https:\/\/dev.eliassen.nl\/de\/#website","url":"https:\/\/dev.eliassen.nl\/de\/","name":"Eliassen Home & Garden Pleasure","description":"","publisher":{"@id":"https:\/\/dev.eliassen.nl\/de\/#organization"},"alternateName":"Eliassen.nl","potentialAction":[{"@type":"SearchAction","target":{"@type":"EntryPoint","urlTemplate":"https:\/\/dev.eliassen.nl\/de\/?s={search_term_string}"},"query-input":{"@type":"PropertyValueSpecification","valueRequired":true,"valueName":"search_term_string"}}],"inLanguage":"de"},{"@type":"Organization","@id":"https:\/\/dev.eliassen.nl\/de\/#organization","name":"Eliassen Home & Garden Pleasure","url":"https:\/\/dev.eliassen.nl\/de\/","logo":{"@type":"ImageObject","inLanguage":"de","@id":"https:\/\/dev.eliassen.nl\/de\/#\/schema\/logo\/image\/","url":"https:\/\/www.eliassen.nl\/wp-content\/uploads\/2024\/01\/logo_4nd.jpg","contentUrl":"https:\/\/www.eliassen.nl\/wp-content\/uploads\/2024\/01\/logo_4nd.jpg","width":500,"height":500,"caption":"Eliassen Home & Garden Pleasure"},"image":{"@id":"https:\/\/dev.eliassen.nl\/de\/#\/schema\/logo\/image\/"},"sameAs":["https:\/\/www.facebook.com\/TuincentrumEliassenAmmerzoden","https:\/\/www.instagram.com\/eliassenhomeandgarden\/","https:\/\/nl.pinterest.com\/eliassenhomeandgarden\/","https:\/\/www.youtube.com\/@eliassenhomegardenpleasure4558"]}]}},"df_price":1699,"df_sale_price":"","df_regular_price":1699,"df_image_link":"https:\/\/dev.eliassen.nl\/wp-content\/uploads\/2024\/01\/grotezonnewijzerbrons90cmga0387eliassennl.jpg","image":"https:\/\/dev.eliassen.nl\/wp-content\/uploads\/2024\/01\/grotezonnewijzerbrons90cmga0387eliassennl.jpg","price_search":"<span class=\"woocommerce-Price-amount amount\"><bdi><span class=\"woocommerce-Price-currencySymbol\">&euro;<\/span>&nbsp;1.699,00<\/bdi><\/span>","category":"Bronzene Sonnenuhren","_links":{"self":[{"href":"https:\/\/dev.eliassen.nl\/de\/wp-json\/wp\/v2\/product\/25846","targetHints":{"allow":["GET"]}}],"collection":[{"href":"https:\/\/dev.eliassen.nl\/de\/wp-json\/wp\/v2\/product"}],"about":[{"href":"https:\/\/dev.eliassen.nl\/de\/wp-json\/wp\/v2\/types\/product"}],"wp:featuredmedia":[{"embeddable":true,"href":"https:\/\/dev.eliassen.nl\/de\/wp-json\/wp\/v2\/media\/25837"}],"wp:attachment":[{"href":"https:\/\/dev.eliassen.nl\/de\/wp-json\/wp\/v2\/media?parent=25846"}],"wp:term":[{"taxonomy":"product_brand","embeddable":true,"href":"https:\/\/dev.eliassen.nl\/de\/wp-json\/wp\/v2\/product_brand?post=25846"},{"taxonomy":"product_cat","embeddable":true,"href":"https:\/\/dev.eliassen.nl\/de\/wp-json\/wp\/v2\/product_cat?post=25846"},{"taxonomy":"product_tag","embeddable":true,"href":"https:\/\/dev.eliassen.nl\/de\/wp-json\/wp\/v2\/product_tag?post=25846"}],"curies":[{"name":"wp","href":"https:\/\/api.w.org\/{rel}","templated":true}]}}