{"id":25900,"date":"2020-10-21T14:30:44","date_gmt":"2020-10-21T12:30:44","guid":{"rendered":"https:\/\/www.eliassen.nl\/?product=klok-met-tandwielen-klassiek"},"modified":"2024-12-05T15:43:15","modified_gmt":"2024-12-05T14:43:15","slug":"uhr-mit-zahnradern-classic-60cm","status":"publish","type":"product","link":"https:\/\/dev.eliassen.nl\/de\/uhr-mit-zahnradern-classic-60cm\/","title":{"rendered":"Uhr mit Zahnr\u00e4dern Classic 60cm"},"content":{"rendered":"<p>Diese goldfarbene Metallwanduhr mit vielen Zahnr\u00e4dern ist eine cool aussehende Wanddekoration. Diese Wanduhr hat einen klassischen Look mit ihrer halboffenen Struktur, die r\u00f6mischen Ziffern haben gro\u00dfe, schlanke schwarze Zeiger.<br \/>Die Uhr hat eine alte Goldfarbe und das Getriebe ist gleich. Diese Wanduhr ist mit vielen Zahnr\u00e4dern ausgestattet, die sich reibungslos drehen, was einen spielerischen Effekt ergibt. Sie k\u00f6nnen das rotierende Spiel stundenlang beobachten.<\/p>\n<p><strong>Sie k\u00f6nnen dieses Modell auch live bei uns ansehen.<\/strong><\/p>\n<ul>\n<li>Gr\u00f6\u00dfe: Durchmesser 60 cm, Dicke 8 cm<\/li>\n<li>Material: Stahl, Glas<\/li>\n<li>Zifferblattmaterial: Metall<\/li>\n<li>Taktstromversorgung 1x AA-Batterie. Zahnradversorgung 2x AA-Batterie<\/li>\n<li>1 Jahr Garantie<\/li>\n<\/ul>\n","protected":false},"excerpt":{"rendered":"<p>Versand nach Deutschland nicht m\u00f6glich.<\/p>\n","protected":false},"featured_media":25891,"template":"","meta":{"_acf_changed":false},"product_brand":[],"product_cat":[7174],"product_tag":[],"class_list":{"0":"post-25900","1":"product","2":"type-product","3":"status-publish","4":"has-post-thumbnail","6":"product_cat-geen-categorie-de","8":"first","9":"instock","10":"sale","11":"taxable","12":"shipping-taxable","13":"purchasable","14":"product-type-simple"},"acf":[],"yoast_head":"<!-- This site is optimized with the Yoast SEO plugin v23.8 - https:\/\/yoast.com\/wordpress\/plugins\/seo\/ -->\n<title>Metal Wall Cook Classic mit Zahnr\u00e4dern (goldfarben) - Eliassen.nl<\/title>\n<meta name=\"description\" content=\"Auf der Suche nach einer Uhr mit Zahnr\u00e4dern? Bestellen Sie jetzt Uhr mit Zahnr\u00e4dern Classic. Auf unserer Website k\u00f6nnen Sie ganz einfach Wanddekorationen kau...\" \/>\n<meta name=\"robots\" content=\"noindex, follow, max-snippet:-1, max-image-preview:large, max-video-preview:-1\" \/>\n<meta property=\"og:locale\" content=\"de_DE\" \/>\n<meta property=\"og:type\" content=\"article\" \/>\n<meta property=\"og:title\" content=\"Metal Wall Cook Classic mit Zahnr\u00e4dern (goldfarben) - Eliassen.nl\" \/>\n<meta property=\"og:description\" content=\"Auf der Suche nach einer Uhr mit Zahnr\u00e4dern? Bestellen Sie jetzt Uhr mit Zahnr\u00e4dern Classic. Auf unserer Website k\u00f6nnen Sie ganz einfach Wanddekorationen kau...\" \/>\n<meta property=\"og:url\" content=\"https:\/\/dev.eliassen.nl\/de\/uhr-mit-zahnradern-classic-60cm\/\" \/>\n<meta property=\"og:site_name\" content=\"Eliassen.nl\" \/>\n<meta property=\"article:publisher\" content=\"https:\/\/www.facebook.com\/TuincentrumEliassenAmmerzoden\" \/>\n<meta property=\"article:modified_time\" content=\"2024-12-05T14:43:15+00:00\" \/>\n<meta property=\"og:image\" content=\"https:\/\/dev.eliassen.nl\/wp-content\/uploads\/2024\/01\/eliassenklokmettandwielenklassiek60cm.jpg\" \/>\n\t<meta property=\"og:image:width\" content=\"2048\" \/>\n\t<meta property=\"og:image:height\" content=\"1536\" \/>\n\t<meta property=\"og:image:type\" content=\"image\/jpeg\" \/>\n<meta name=\"twitter:card\" content=\"summary_large_image\" \/>\n<script type=\"application\/ld+json\" class=\"yoast-schema-graph\">{\"@context\":\"https:\/\/schema.org\",\"@graph\":[{\"@type\":\"WebPage\",\"@id\":\"https:\/\/dev.eliassen.nl\/de\/uhr-mit-zahnradern-classic-60cm\/\",\"url\":\"https:\/\/dev.eliassen.nl\/de\/uhr-mit-zahnradern-classic-60cm\/\",\"name\":\"Metal Wall Cook Classic mit Zahnr\u00e4dern (goldfarben) - Eliassen.nl\",\"isPartOf\":{\"@id\":\"https:\/\/dev.eliassen.nl\/de\/#website\"},\"primaryImageOfPage\":{\"@id\":\"https:\/\/dev.eliassen.nl\/de\/uhr-mit-zahnradern-classic-60cm\/#primaryimage\"},\"image\":{\"@id\":\"https:\/\/dev.eliassen.nl\/de\/uhr-mit-zahnradern-classic-60cm\/#primaryimage\"},\"thumbnailUrl\":\"https:\/\/dev.eliassen.nl\/wp-content\/uploads\/2024\/01\/eliassenklokmettandwielenklassiek60cm.jpg\",\"datePublished\":\"2020-10-21T12:30:44+00:00\",\"dateModified\":\"2024-12-05T14:43:15+00:00\",\"description\":\"Auf der Suche nach einer Uhr mit Zahnr\u00e4dern? Bestellen Sie jetzt Uhr mit Zahnr\u00e4dern Classic. Auf unserer Website k\u00f6nnen Sie ganz einfach Wanddekorationen kau...\",\"breadcrumb\":{\"@id\":\"https:\/\/dev.eliassen.nl\/de\/uhr-mit-zahnradern-classic-60cm\/#breadcrumb\"},\"inLanguage\":\"de\",\"potentialAction\":[{\"@type\":\"ReadAction\",\"target\":[\"https:\/\/dev.eliassen.nl\/de\/uhr-mit-zahnradern-classic-60cm\/\"]}]},{\"@type\":\"ImageObject\",\"inLanguage\":\"de\",\"@id\":\"https:\/\/dev.eliassen.nl\/de\/uhr-mit-zahnradern-classic-60cm\/#primaryimage\",\"url\":\"https:\/\/dev.eliassen.nl\/wp-content\/uploads\/2024\/01\/eliassenklokmettandwielenklassiek60cm.jpg\",\"contentUrl\":\"https:\/\/dev.eliassen.nl\/wp-content\/uploads\/2024\/01\/eliassenklokmettandwielenklassiek60cm.jpg\",\"width\":2048,\"height\":1536,\"caption\":\"Eliassen Klok met tandwielen Klassiek 60cm\"},{\"@type\":\"BreadcrumbList\",\"@id\":\"https:\/\/dev.eliassen.nl\/de\/uhr-mit-zahnradern-classic-60cm\/#breadcrumb\",\"itemListElement\":[{\"@type\":\"ListItem\",\"position\":1,\"name\":\"Home\",\"item\":\"https:\/\/dev.eliassen.nl\/de\/\"},{\"@type\":\"ListItem\",\"position\":2,\"name\":\"Shop\",\"item\":\"https:\/\/dev.eliassen.nl\/nl\/winkel\/\"},{\"@type\":\"ListItem\",\"position\":3,\"name\":\"Geen categorie\",\"item\":\"https:\/\/dev.eliassen.nl\/de\/geen-categorie-de\/\"},{\"@type\":\"ListItem\",\"position\":4,\"name\":\"Uhr mit Zahnr\u00e4dern Classic 60cm\"}]},{\"@type\":\"WebSite\",\"@id\":\"https:\/\/dev.eliassen.nl\/de\/#website\",\"url\":\"https:\/\/dev.eliassen.nl\/de\/\",\"name\":\"Eliassen Home & Garden Pleasure\",\"description\":\"\",\"publisher\":{\"@id\":\"https:\/\/dev.eliassen.nl\/de\/#organization\"},\"alternateName\":\"Eliassen.nl\",\"potentialAction\":[{\"@type\":\"SearchAction\",\"target\":{\"@type\":\"EntryPoint\",\"urlTemplate\":\"https:\/\/dev.eliassen.nl\/de\/?s={search_term_string}\"},\"query-input\":{\"@type\":\"PropertyValueSpecification\",\"valueRequired\":true,\"valueName\":\"search_term_string\"}}],\"inLanguage\":\"de\"},{\"@type\":\"Organization\",\"@id\":\"https:\/\/dev.eliassen.nl\/de\/#organization\",\"name\":\"Eliassen Home & Garden Pleasure\",\"url\":\"https:\/\/dev.eliassen.nl\/de\/\",\"logo\":{\"@type\":\"ImageObject\",\"inLanguage\":\"de\",\"@id\":\"https:\/\/dev.eliassen.nl\/de\/#\/schema\/logo\/image\/\",\"url\":\"https:\/\/www.eliassen.nl\/wp-content\/uploads\/2024\/01\/logo_4nd.jpg\",\"contentUrl\":\"https:\/\/www.eliassen.nl\/wp-content\/uploads\/2024\/01\/logo_4nd.jpg\",\"width\":500,\"height\":500,\"caption\":\"Eliassen Home & Garden Pleasure\"},\"image\":{\"@id\":\"https:\/\/dev.eliassen.nl\/de\/#\/schema\/logo\/image\/\"},\"sameAs\":[\"https:\/\/www.facebook.com\/TuincentrumEliassenAmmerzoden\",\"https:\/\/www.instagram.com\/eliassenhomeandgarden\/\",\"https:\/\/nl.pinterest.com\/eliassenhomeandgarden\/\",\"https:\/\/www.youtube.com\/@eliassenhomegardenpleasure4558\"]}]}<\/script>\n<!-- \/ Yoast SEO plugin. -->","yoast_head_json":{"title":"Metal Wall Cook Classic mit Zahnr\u00e4dern (goldfarben) - Eliassen.nl","description":"Auf der Suche nach einer Uhr mit Zahnr\u00e4dern? Bestellen Sie jetzt Uhr mit Zahnr\u00e4dern Classic. Auf unserer Website k\u00f6nnen Sie ganz einfach Wanddekorationen kau...","robots":{"index":"noindex","follow":"follow","max-snippet":"max-snippet:-1","max-image-preview":"max-image-preview:large","max-video-preview":"max-video-preview:-1"},"og_locale":"de_DE","og_type":"article","og_title":"Metal Wall Cook Classic mit Zahnr\u00e4dern (goldfarben) - Eliassen.nl","og_description":"Auf der Suche nach einer Uhr mit Zahnr\u00e4dern? Bestellen Sie jetzt Uhr mit Zahnr\u00e4dern Classic. Auf unserer Website k\u00f6nnen Sie ganz einfach Wanddekorationen kau...","og_url":"https:\/\/dev.eliassen.nl\/de\/uhr-mit-zahnradern-classic-60cm\/","og_site_name":"Eliassen.nl","article_publisher":"https:\/\/www.facebook.com\/TuincentrumEliassenAmmerzoden","article_modified_time":"2024-12-05T14:43:15+00:00","og_image":[{"width":2048,"height":1536,"url":"https:\/\/dev.eliassen.nl\/wp-content\/uploads\/2024\/01\/eliassenklokmettandwielenklassiek60cm.jpg","type":"image\/jpeg"}],"twitter_card":"summary_large_image","schema":{"@context":"https:\/\/schema.org","@graph":[{"@type":"WebPage","@id":"https:\/\/dev.eliassen.nl\/de\/uhr-mit-zahnradern-classic-60cm\/","url":"https:\/\/dev.eliassen.nl\/de\/uhr-mit-zahnradern-classic-60cm\/","name":"Metal Wall Cook Classic mit Zahnr\u00e4dern (goldfarben) - Eliassen.nl","isPartOf":{"@id":"https:\/\/dev.eliassen.nl\/de\/#website"},"primaryImageOfPage":{"@id":"https:\/\/dev.eliassen.nl\/de\/uhr-mit-zahnradern-classic-60cm\/#primaryimage"},"image":{"@id":"https:\/\/dev.eliassen.nl\/de\/uhr-mit-zahnradern-classic-60cm\/#primaryimage"},"thumbnailUrl":"https:\/\/dev.eliassen.nl\/wp-content\/uploads\/2024\/01\/eliassenklokmettandwielenklassiek60cm.jpg","datePublished":"2020-10-21T12:30:44+00:00","dateModified":"2024-12-05T14:43:15+00:00","description":"Auf der Suche nach einer Uhr mit Zahnr\u00e4dern? Bestellen Sie jetzt Uhr mit Zahnr\u00e4dern Classic. Auf unserer Website k\u00f6nnen Sie ganz einfach Wanddekorationen kau...","breadcrumb":{"@id":"https:\/\/dev.eliassen.nl\/de\/uhr-mit-zahnradern-classic-60cm\/#breadcrumb"},"inLanguage":"de","potentialAction":[{"@type":"ReadAction","target":["https:\/\/dev.eliassen.nl\/de\/uhr-mit-zahnradern-classic-60cm\/"]}]},{"@type":"ImageObject","inLanguage":"de","@id":"https:\/\/dev.eliassen.nl\/de\/uhr-mit-zahnradern-classic-60cm\/#primaryimage","url":"https:\/\/dev.eliassen.nl\/wp-content\/uploads\/2024\/01\/eliassenklokmettandwielenklassiek60cm.jpg","contentUrl":"https:\/\/dev.eliassen.nl\/wp-content\/uploads\/2024\/01\/eliassenklokmettandwielenklassiek60cm.jpg","width":2048,"height":1536,"caption":"Eliassen Klok met tandwielen Klassiek 60cm"},{"@type":"BreadcrumbList","@id":"https:\/\/dev.eliassen.nl\/de\/uhr-mit-zahnradern-classic-60cm\/#breadcrumb","itemListElement":[{"@type":"ListItem","position":1,"name":"Home","item":"https:\/\/dev.eliassen.nl\/de\/"},{"@type":"ListItem","position":2,"name":"Shop","item":"https:\/\/dev.eliassen.nl\/nl\/winkel\/"},{"@type":"ListItem","position":3,"name":"Geen categorie","item":"https:\/\/dev.eliassen.nl\/de\/geen-categorie-de\/"},{"@type":"ListItem","position":4,"name":"Uhr mit Zahnr\u00e4dern Classic 60cm"}]},{"@type":"WebSite","@id":"https:\/\/dev.eliassen.nl\/de\/#website","url":"https:\/\/dev.eliassen.nl\/de\/","name":"Eliassen Home & Garden Pleasure","description":"","publisher":{"@id":"https:\/\/dev.eliassen.nl\/de\/#organization"},"alternateName":"Eliassen.nl","potentialAction":[{"@type":"SearchAction","target":{"@type":"EntryPoint","urlTemplate":"https:\/\/dev.eliassen.nl\/de\/?s={search_term_string}"},"query-input":{"@type":"PropertyValueSpecification","valueRequired":true,"valueName":"search_term_string"}}],"inLanguage":"de"},{"@type":"Organization","@id":"https:\/\/dev.eliassen.nl\/de\/#organization","name":"Eliassen Home & Garden Pleasure","url":"https:\/\/dev.eliassen.nl\/de\/","logo":{"@type":"ImageObject","inLanguage":"de","@id":"https:\/\/dev.eliassen.nl\/de\/#\/schema\/logo\/image\/","url":"https:\/\/www.eliassen.nl\/wp-content\/uploads\/2024\/01\/logo_4nd.jpg","contentUrl":"https:\/\/www.eliassen.nl\/wp-content\/uploads\/2024\/01\/logo_4nd.jpg","width":500,"height":500,"caption":"Eliassen Home & Garden Pleasure"},"image":{"@id":"https:\/\/dev.eliassen.nl\/de\/#\/schema\/logo\/image\/"},"sameAs":["https:\/\/www.facebook.com\/TuincentrumEliassenAmmerzoden","https:\/\/www.instagram.com\/eliassenhomeandgarden\/","https:\/\/nl.pinterest.com\/eliassenhomeandgarden\/","https:\/\/www.youtube.com\/@eliassenhomegardenpleasure4558"]}]}},"df_price":99,"df_sale_price":99,"df_regular_price":129,"df_image_link":"https:\/\/dev.eliassen.nl\/wp-content\/uploads\/2024\/01\/eliassenklokmettandwielenklassiek60cm.jpg","image":"https:\/\/dev.eliassen.nl\/wp-content\/uploads\/2024\/01\/eliassenklokmettandwielenklassiek60cm.jpg","price_search":"<span class=\"woocommerce-Price-amount amount\"><bdi><span class=\"woocommerce-Price-currencySymbol\">&euro;<\/span>&nbsp;99,00<\/bdi><\/span>","category":"Geen categorie","_links":{"self":[{"href":"https:\/\/dev.eliassen.nl\/de\/wp-json\/wp\/v2\/product\/25900","targetHints":{"allow":["GET"]}}],"collection":[{"href":"https:\/\/dev.eliassen.nl\/de\/wp-json\/wp\/v2\/product"}],"about":[{"href":"https:\/\/dev.eliassen.nl\/de\/wp-json\/wp\/v2\/types\/product"}],"wp:featuredmedia":[{"embeddable":true,"href":"https:\/\/dev.eliassen.nl\/de\/wp-json\/wp\/v2\/media\/25891"}],"wp:attachment":[{"href":"https:\/\/dev.eliassen.nl\/de\/wp-json\/wp\/v2\/media?parent=25900"}],"wp:term":[{"taxonomy":"product_brand","embeddable":true,"href":"https:\/\/dev.eliassen.nl\/de\/wp-json\/wp\/v2\/product_brand?post=25900"},{"taxonomy":"product_cat","embeddable":true,"href":"https:\/\/dev.eliassen.nl\/de\/wp-json\/wp\/v2\/product_cat?post=25900"},{"taxonomy":"product_tag","embeddable":true,"href":"https:\/\/dev.eliassen.nl\/de\/wp-json\/wp\/v2\/product_tag?post=25900"}],"curies":[{"name":"wp","href":"https:\/\/api.w.org\/{rel}","templated":true}]}}