{"id":25915,"date":"2020-10-21T15:29:18","date_gmt":"2020-10-21T13:29:18","guid":{"rendered":"https:\/\/www.eliassen.nl\/?product=klok-met-tandwielen-donker-bruin-53cm"},"modified":"2024-12-05T15:43:16","modified_gmt":"2024-12-05T14:43:16","slug":"uhr-mit-zahnradern-dunkelblau-53cm","status":"publish","type":"product","link":"https:\/\/dev.eliassen.nl\/de\/uhr-mit-zahnradern-dunkelblau-53cm\/","title":{"rendered":"Uhr mit Zahnr\u00e4dern Dunkelblau 53cm"},"content":{"rendered":"<p>Diese blaue Wanduhr mit vielen Zahnr\u00e4dern ist eine cool aussehende Wanddekoration. Diese Wanduhr sieht mit ihrem waffeligen Hintergrund hart aus, die gro\u00dfen Zahlen sind die gro\u00dfen, eleganten schwarzen Zeiger.<br \/>Die Uhr ist altblau und das Getriebe altwei\u00df. Diese Wanduhr ist mit vielen Zahnr\u00e4dern ausgestattet, die sich reibungslos drehen, was einen spielerischen Effekt ergibt. Sie k\u00f6nnen das rotierende Spiel stundenlang beobachten.<\/p>\n<p><strong>Sie k\u00f6nnen dieses Modell auch live bei uns ansehen.<\/strong><\/p>\n<ul>\n<li>Gr\u00f6\u00dfe: Durchmesser 53 cm, Dicke 7 cm<\/li>\n<li>Material: Stahl, Glas<\/li>\n<li>Zifferblattmaterial: Metall<\/li>\n<li>Taktstromversorgung 1x AA-Batterie. Zahnradversorgung 2x AA-Batterie<\/li>\n<li>1 Jahr Garantie<\/li>\n<\/ul>\n","protected":false},"excerpt":{"rendered":"<p>Versand nach Deutschland nicht m\u00f6glich.<\/p>\n","protected":false},"featured_media":25903,"template":"","meta":{"_acf_changed":false},"product_brand":[],"product_cat":[509,521],"product_tag":[],"class_list":{"0":"post-25915","1":"product","2":"type-product","3":"status-publish","4":"has-post-thumbnail","6":"product_cat-wanddekoration","7":"product_cat-wanduhren","9":"first","10":"instock","11":"sale","12":"taxable","13":"shipping-taxable","14":"purchasable","15":"product-type-simple"},"acf":[],"yoast_head":"<!-- This site is optimized with the Yoast SEO plugin v23.8 - https:\/\/yoast.com\/wordpress\/plugins\/seo\/ -->\n<title>Wanduhr mit Zahnr\u00e4dern Dunkelblau 53cm<\/title>\n<meta name=\"description\" content=\"Auf der Suche nach einer Uhr mit Zahnr\u00e4dern? Bestellen Sie jetzt Uhr mit Zahnr\u00e4dern Dunkelblau. Auf unserer Website k\u00f6nnen Sie ganz einfach Wanddekorationen ...\" \/>\n<meta name=\"robots\" content=\"noindex, follow, max-snippet:-1, max-image-preview:large, max-video-preview:-1\" \/>\n<meta property=\"og:locale\" content=\"de_DE\" \/>\n<meta property=\"og:type\" content=\"article\" \/>\n<meta property=\"og:title\" content=\"Wanduhr mit Zahnr\u00e4dern Dunkelblau 53cm\" \/>\n<meta property=\"og:description\" content=\"Auf der Suche nach einer Uhr mit Zahnr\u00e4dern? Bestellen Sie jetzt Uhr mit Zahnr\u00e4dern Dunkelblau. Auf unserer Website k\u00f6nnen Sie ganz einfach Wanddekorationen ...\" \/>\n<meta property=\"og:url\" content=\"https:\/\/dev.eliassen.nl\/de\/uhr-mit-zahnradern-dunkelblau-53cm\/\" \/>\n<meta property=\"og:site_name\" content=\"Eliassen.nl\" \/>\n<meta property=\"article:publisher\" content=\"https:\/\/www.facebook.com\/TuincentrumEliassenAmmerzoden\" \/>\n<meta property=\"article:modified_time\" content=\"2024-12-05T14:43:16+00:00\" \/>\n<meta property=\"og:image\" content=\"https:\/\/dev.eliassen.nl\/wp-content\/uploads\/2024\/01\/eliassenklokmettandwielendonkerblauw53cm.jpg\" \/>\n\t<meta property=\"og:image:width\" content=\"2048\" \/>\n\t<meta property=\"og:image:height\" content=\"1365\" \/>\n\t<meta property=\"og:image:type\" content=\"image\/jpeg\" \/>\n<meta name=\"twitter:card\" content=\"summary_large_image\" \/>\n<script type=\"application\/ld+json\" class=\"yoast-schema-graph\">{\"@context\":\"https:\/\/schema.org\",\"@graph\":[{\"@type\":\"WebPage\",\"@id\":\"https:\/\/dev.eliassen.nl\/de\/uhr-mit-zahnradern-dunkelblau-53cm\/\",\"url\":\"https:\/\/dev.eliassen.nl\/de\/uhr-mit-zahnradern-dunkelblau-53cm\/\",\"name\":\"Wanduhr mit Zahnr\u00e4dern Dunkelblau 53cm\",\"isPartOf\":{\"@id\":\"https:\/\/dev.eliassen.nl\/de\/#website\"},\"primaryImageOfPage\":{\"@id\":\"https:\/\/dev.eliassen.nl\/de\/uhr-mit-zahnradern-dunkelblau-53cm\/#primaryimage\"},\"image\":{\"@id\":\"https:\/\/dev.eliassen.nl\/de\/uhr-mit-zahnradern-dunkelblau-53cm\/#primaryimage\"},\"thumbnailUrl\":\"https:\/\/dev.eliassen.nl\/wp-content\/uploads\/2024\/01\/eliassenklokmettandwielendonkerblauw53cm.jpg\",\"datePublished\":\"2020-10-21T13:29:18+00:00\",\"dateModified\":\"2024-12-05T14:43:16+00:00\",\"description\":\"Auf der Suche nach einer Uhr mit Zahnr\u00e4dern? Bestellen Sie jetzt Uhr mit Zahnr\u00e4dern Dunkelblau. Auf unserer Website k\u00f6nnen Sie ganz einfach Wanddekorationen ...\",\"breadcrumb\":{\"@id\":\"https:\/\/dev.eliassen.nl\/de\/uhr-mit-zahnradern-dunkelblau-53cm\/#breadcrumb\"},\"inLanguage\":\"de\",\"potentialAction\":[{\"@type\":\"ReadAction\",\"target\":[\"https:\/\/dev.eliassen.nl\/de\/uhr-mit-zahnradern-dunkelblau-53cm\/\"]}]},{\"@type\":\"ImageObject\",\"inLanguage\":\"de\",\"@id\":\"https:\/\/dev.eliassen.nl\/de\/uhr-mit-zahnradern-dunkelblau-53cm\/#primaryimage\",\"url\":\"https:\/\/dev.eliassen.nl\/wp-content\/uploads\/2024\/01\/eliassenklokmettandwielendonkerblauw53cm.jpg\",\"contentUrl\":\"https:\/\/dev.eliassen.nl\/wp-content\/uploads\/2024\/01\/eliassenklokmettandwielendonkerblauw53cm.jpg\",\"width\":2048,\"height\":1365,\"caption\":\"Eliassen Klok met tandwielen Donker blauw 53cm\"},{\"@type\":\"BreadcrumbList\",\"@id\":\"https:\/\/dev.eliassen.nl\/de\/uhr-mit-zahnradern-dunkelblau-53cm\/#breadcrumb\",\"itemListElement\":[{\"@type\":\"ListItem\",\"position\":1,\"name\":\"Home\",\"item\":\"https:\/\/dev.eliassen.nl\/de\/\"},{\"@type\":\"ListItem\",\"position\":2,\"name\":\"Shop\",\"item\":\"https:\/\/dev.eliassen.nl\/nl\/winkel\/\"},{\"@type\":\"ListItem\",\"position\":3,\"name\":\"Wanddekoration\",\"item\":\"https:\/\/dev.eliassen.nl\/de\/wanddekoration\/\"},{\"@type\":\"ListItem\",\"position\":4,\"name\":\"Wanduhren\",\"item\":\"https:\/\/dev.eliassen.nl\/de\/wanddekoration\/wanduhren\/\"},{\"@type\":\"ListItem\",\"position\":5,\"name\":\"Uhr mit Zahnr\u00e4dern Dunkelblau 53cm\"}]},{\"@type\":\"WebSite\",\"@id\":\"https:\/\/dev.eliassen.nl\/de\/#website\",\"url\":\"https:\/\/dev.eliassen.nl\/de\/\",\"name\":\"Eliassen Home & Garden Pleasure\",\"description\":\"\",\"publisher\":{\"@id\":\"https:\/\/dev.eliassen.nl\/de\/#organization\"},\"alternateName\":\"Eliassen.nl\",\"potentialAction\":[{\"@type\":\"SearchAction\",\"target\":{\"@type\":\"EntryPoint\",\"urlTemplate\":\"https:\/\/dev.eliassen.nl\/de\/?s={search_term_string}\"},\"query-input\":{\"@type\":\"PropertyValueSpecification\",\"valueRequired\":true,\"valueName\":\"search_term_string\"}}],\"inLanguage\":\"de\"},{\"@type\":\"Organization\",\"@id\":\"https:\/\/dev.eliassen.nl\/de\/#organization\",\"name\":\"Eliassen Home & Garden Pleasure\",\"url\":\"https:\/\/dev.eliassen.nl\/de\/\",\"logo\":{\"@type\":\"ImageObject\",\"inLanguage\":\"de\",\"@id\":\"https:\/\/dev.eliassen.nl\/de\/#\/schema\/logo\/image\/\",\"url\":\"https:\/\/www.eliassen.nl\/wp-content\/uploads\/2024\/01\/logo_4nd.jpg\",\"contentUrl\":\"https:\/\/www.eliassen.nl\/wp-content\/uploads\/2024\/01\/logo_4nd.jpg\",\"width\":500,\"height\":500,\"caption\":\"Eliassen Home & Garden Pleasure\"},\"image\":{\"@id\":\"https:\/\/dev.eliassen.nl\/de\/#\/schema\/logo\/image\/\"},\"sameAs\":[\"https:\/\/www.facebook.com\/TuincentrumEliassenAmmerzoden\",\"https:\/\/www.instagram.com\/eliassenhomeandgarden\/\",\"https:\/\/nl.pinterest.com\/eliassenhomeandgarden\/\",\"https:\/\/www.youtube.com\/@eliassenhomegardenpleasure4558\"]}]}<\/script>\n<!-- \/ Yoast SEO plugin. -->","yoast_head_json":{"title":"Wanduhr mit Zahnr\u00e4dern Dunkelblau 53cm","description":"Auf der Suche nach einer Uhr mit Zahnr\u00e4dern? Bestellen Sie jetzt Uhr mit Zahnr\u00e4dern Dunkelblau. Auf unserer Website k\u00f6nnen Sie ganz einfach Wanddekorationen ...","robots":{"index":"noindex","follow":"follow","max-snippet":"max-snippet:-1","max-image-preview":"max-image-preview:large","max-video-preview":"max-video-preview:-1"},"og_locale":"de_DE","og_type":"article","og_title":"Wanduhr mit Zahnr\u00e4dern Dunkelblau 53cm","og_description":"Auf der Suche nach einer Uhr mit Zahnr\u00e4dern? Bestellen Sie jetzt Uhr mit Zahnr\u00e4dern Dunkelblau. Auf unserer Website k\u00f6nnen Sie ganz einfach Wanddekorationen ...","og_url":"https:\/\/dev.eliassen.nl\/de\/uhr-mit-zahnradern-dunkelblau-53cm\/","og_site_name":"Eliassen.nl","article_publisher":"https:\/\/www.facebook.com\/TuincentrumEliassenAmmerzoden","article_modified_time":"2024-12-05T14:43:16+00:00","og_image":[{"width":2048,"height":1365,"url":"https:\/\/dev.eliassen.nl\/wp-content\/uploads\/2024\/01\/eliassenklokmettandwielendonkerblauw53cm.jpg","type":"image\/jpeg"}],"twitter_card":"summary_large_image","schema":{"@context":"https:\/\/schema.org","@graph":[{"@type":"WebPage","@id":"https:\/\/dev.eliassen.nl\/de\/uhr-mit-zahnradern-dunkelblau-53cm\/","url":"https:\/\/dev.eliassen.nl\/de\/uhr-mit-zahnradern-dunkelblau-53cm\/","name":"Wanduhr mit Zahnr\u00e4dern Dunkelblau 53cm","isPartOf":{"@id":"https:\/\/dev.eliassen.nl\/de\/#website"},"primaryImageOfPage":{"@id":"https:\/\/dev.eliassen.nl\/de\/uhr-mit-zahnradern-dunkelblau-53cm\/#primaryimage"},"image":{"@id":"https:\/\/dev.eliassen.nl\/de\/uhr-mit-zahnradern-dunkelblau-53cm\/#primaryimage"},"thumbnailUrl":"https:\/\/dev.eliassen.nl\/wp-content\/uploads\/2024\/01\/eliassenklokmettandwielendonkerblauw53cm.jpg","datePublished":"2020-10-21T13:29:18+00:00","dateModified":"2024-12-05T14:43:16+00:00","description":"Auf der Suche nach einer Uhr mit Zahnr\u00e4dern? Bestellen Sie jetzt Uhr mit Zahnr\u00e4dern Dunkelblau. Auf unserer Website k\u00f6nnen Sie ganz einfach Wanddekorationen ...","breadcrumb":{"@id":"https:\/\/dev.eliassen.nl\/de\/uhr-mit-zahnradern-dunkelblau-53cm\/#breadcrumb"},"inLanguage":"de","potentialAction":[{"@type":"ReadAction","target":["https:\/\/dev.eliassen.nl\/de\/uhr-mit-zahnradern-dunkelblau-53cm\/"]}]},{"@type":"ImageObject","inLanguage":"de","@id":"https:\/\/dev.eliassen.nl\/de\/uhr-mit-zahnradern-dunkelblau-53cm\/#primaryimage","url":"https:\/\/dev.eliassen.nl\/wp-content\/uploads\/2024\/01\/eliassenklokmettandwielendonkerblauw53cm.jpg","contentUrl":"https:\/\/dev.eliassen.nl\/wp-content\/uploads\/2024\/01\/eliassenklokmettandwielendonkerblauw53cm.jpg","width":2048,"height":1365,"caption":"Eliassen Klok met tandwielen Donker blauw 53cm"},{"@type":"BreadcrumbList","@id":"https:\/\/dev.eliassen.nl\/de\/uhr-mit-zahnradern-dunkelblau-53cm\/#breadcrumb","itemListElement":[{"@type":"ListItem","position":1,"name":"Home","item":"https:\/\/dev.eliassen.nl\/de\/"},{"@type":"ListItem","position":2,"name":"Shop","item":"https:\/\/dev.eliassen.nl\/nl\/winkel\/"},{"@type":"ListItem","position":3,"name":"Wanddekoration","item":"https:\/\/dev.eliassen.nl\/de\/wanddekoration\/"},{"@type":"ListItem","position":4,"name":"Wanduhren","item":"https:\/\/dev.eliassen.nl\/de\/wanddekoration\/wanduhren\/"},{"@type":"ListItem","position":5,"name":"Uhr mit Zahnr\u00e4dern Dunkelblau 53cm"}]},{"@type":"WebSite","@id":"https:\/\/dev.eliassen.nl\/de\/#website","url":"https:\/\/dev.eliassen.nl\/de\/","name":"Eliassen Home & Garden Pleasure","description":"","publisher":{"@id":"https:\/\/dev.eliassen.nl\/de\/#organization"},"alternateName":"Eliassen.nl","potentialAction":[{"@type":"SearchAction","target":{"@type":"EntryPoint","urlTemplate":"https:\/\/dev.eliassen.nl\/de\/?s={search_term_string}"},"query-input":{"@type":"PropertyValueSpecification","valueRequired":true,"valueName":"search_term_string"}}],"inLanguage":"de"},{"@type":"Organization","@id":"https:\/\/dev.eliassen.nl\/de\/#organization","name":"Eliassen Home & Garden Pleasure","url":"https:\/\/dev.eliassen.nl\/de\/","logo":{"@type":"ImageObject","inLanguage":"de","@id":"https:\/\/dev.eliassen.nl\/de\/#\/schema\/logo\/image\/","url":"https:\/\/www.eliassen.nl\/wp-content\/uploads\/2024\/01\/logo_4nd.jpg","contentUrl":"https:\/\/www.eliassen.nl\/wp-content\/uploads\/2024\/01\/logo_4nd.jpg","width":500,"height":500,"caption":"Eliassen Home & Garden Pleasure"},"image":{"@id":"https:\/\/dev.eliassen.nl\/de\/#\/schema\/logo\/image\/"},"sameAs":["https:\/\/www.facebook.com\/TuincentrumEliassenAmmerzoden","https:\/\/www.instagram.com\/eliassenhomeandgarden\/","https:\/\/nl.pinterest.com\/eliassenhomeandgarden\/","https:\/\/www.youtube.com\/@eliassenhomegardenpleasure4558"]}]}},"df_price":89,"df_sale_price":89,"df_regular_price":119,"df_image_link":"https:\/\/dev.eliassen.nl\/wp-content\/uploads\/2024\/01\/eliassenklokmettandwielendonkerblauw53cm.jpg","image":"https:\/\/dev.eliassen.nl\/wp-content\/uploads\/2024\/01\/eliassenklokmettandwielendonkerblauw53cm.jpg","price_search":"<span class=\"woocommerce-Price-amount amount\"><bdi><span class=\"woocommerce-Price-currencySymbol\">&euro;<\/span>&nbsp;89,00<\/bdi><\/span>","category":"Wanddekoration","_links":{"self":[{"href":"https:\/\/dev.eliassen.nl\/de\/wp-json\/wp\/v2\/product\/25915","targetHints":{"allow":["GET"]}}],"collection":[{"href":"https:\/\/dev.eliassen.nl\/de\/wp-json\/wp\/v2\/product"}],"about":[{"href":"https:\/\/dev.eliassen.nl\/de\/wp-json\/wp\/v2\/types\/product"}],"wp:featuredmedia":[{"embeddable":true,"href":"https:\/\/dev.eliassen.nl\/de\/wp-json\/wp\/v2\/media\/25903"}],"wp:attachment":[{"href":"https:\/\/dev.eliassen.nl\/de\/wp-json\/wp\/v2\/media?parent=25915"}],"wp:term":[{"taxonomy":"product_brand","embeddable":true,"href":"https:\/\/dev.eliassen.nl\/de\/wp-json\/wp\/v2\/product_brand?post=25915"},{"taxonomy":"product_cat","embeddable":true,"href":"https:\/\/dev.eliassen.nl\/de\/wp-json\/wp\/v2\/product_cat?post=25915"},{"taxonomy":"product_tag","embeddable":true,"href":"https:\/\/dev.eliassen.nl\/de\/wp-json\/wp\/v2\/product_tag?post=25915"}],"curies":[{"name":"wp","href":"https:\/\/api.w.org\/{rel}","templated":true}]}}