{"id":26029,"date":"2020-11-04T11:18:40","date_gmt":"2020-11-04T10:18:40","guid":{"rendered":"https:\/\/www.eliassen.nl\/?product=glasschilderij-120x180-cm-world-map"},"modified":"2024-12-05T15:43:30","modified_gmt":"2024-12-05T14:43:30","slug":"glasmalerei-weltkarte-120x180-cm","status":"publish","type":"product","link":"https:\/\/dev.eliassen.nl\/de\/glasmalerei-weltkarte-120x180-cm\/","title":{"rendered":"Glasmalerei Weltkarte 120&#215;180 cm."},"content":{"rendered":"<p>Dieses Gem\u00e4lde aus geh\u00e4rtetem Glas ist eine sehr sch\u00f6ne Wanddekoration f\u00fcr jedes moderne Interieur zu Hause oder im Gesch\u00e4ft. Dieses Modellglasgem\u00e4lde mit dem Bild der Welt ist sehr scharf. Da das Foto auf der R\u00fcckseite auf das 4 mm starke Sicherheitsglas aufgebracht wird, verleiht diese Wanddekoration einen sch\u00f6nen Glanz.<br \/><strong>Wir haben fast die gesamte Kollektion<\/strong> <strong>dieses Webshops (allein Glasmalereien mehr als 400 Modelle) in unserem Gesch\u00e4ft auf Lager, was in den Niederlanden einzigartig ist!!<\/strong><\/p>\n<ul type=\"disc\">\n<li class=\"x_MsoNormal\">Gr\u00f6\u00dfe 180 x 120 cm.<\/li>\n<li class=\"x_MsoNormal\">Schnell geliefert.<\/li>\n<li class=\"x_MsoNormal\">Nahezu unzerbrechlich.<\/li>\n<li class=\"x_MsoNormal\">Superscharfes Bild.<\/li>\n<li class=\"x_MsoNormal\">4 mm dickes geh\u00e4rtetes Glas.<\/li>\n<li class=\"x_MsoNormal\">Nahezu unempfindlich gegen Kratzer.<\/li>\n<li class=\"x_MsoNormal\">Einfach aufzuh\u00e4ngen mit 2 Haken.<\/li>\n<\/ul>\n","protected":false},"excerpt":{"rendered":"<p>Dieses Gem\u00e4lde aus geh\u00e4rtetem Glas ist eine sehr sch\u00f6ne Wanddekoration f\u00fcr jedes moderne Interieur zu Hause oder im Gesch\u00e4ft. Dieses Modellglasgem\u00e4lde mit dem Bild der Welt ist sehr scharf. Da das Foto auf der R\u00fcckseite auf das 4 mm starke Sicherheitsglas aufgebracht wird, verleiht diese Wanddekoration einen sch\u00f6nen Glanz.Wir haben fast die gesamte Kollektion dieses &hellip;<\/p>\n","protected":false},"featured_media":26026,"template":"","meta":{"_acf_changed":false},"product_brand":[],"product_cat":[470,410,443],"product_tag":[],"class_list":{"0":"post-26029","1":"product","2":"type-product","3":"status-publish","4":"has-post-thumbnail","6":"product_cat-andere-groessen-von-glasgemaelden","7":"product_cat-gemaelde","8":"product_cat-glasmalereien","10":"first","11":"instock","12":"sale","13":"taxable","14":"shipping-taxable","15":"purchasable","16":"product-type-simple"},"acf":[],"yoast_head":"<!-- This site is optimized with the Yoast SEO plugin v23.8 - https:\/\/yoast.com\/wordpress\/plugins\/seo\/ -->\n<title>Glasmalerei 120x180 cm. Weltkarte | Eliassen<\/title>\n<meta name=\"description\" content=\"Bei Eliassen kaufen Sie Glasmalerei 120x180 cm. Weltkarte online oder live im Showroom einsehbar. Direkt online bestellen.\" \/>\n<meta name=\"robots\" content=\"noindex, follow, max-snippet:-1, max-image-preview:large, max-video-preview:-1\" \/>\n<meta property=\"og:locale\" content=\"de_DE\" \/>\n<meta property=\"og:type\" content=\"article\" \/>\n<meta property=\"og:title\" content=\"Glasmalerei 120x180 cm. Weltkarte | Eliassen\" \/>\n<meta property=\"og:description\" content=\"Bei Eliassen kaufen Sie Glasmalerei 120x180 cm. Weltkarte online oder live im Showroom einsehbar. Direkt online bestellen.\" \/>\n<meta property=\"og:url\" content=\"https:\/\/dev.eliassen.nl\/de\/glasmalerei-weltkarte-120x180-cm\/\" \/>\n<meta property=\"og:site_name\" content=\"Eliassen.nl\" \/>\n<meta property=\"article:publisher\" content=\"https:\/\/www.facebook.com\/TuincentrumEliassenAmmerzoden\" \/>\n<meta property=\"article:modified_time\" content=\"2024-12-05T14:43:30+00:00\" \/>\n<meta property=\"og:image\" content=\"https:\/\/dev.eliassen.nl\/wp-content\/uploads\/2024\/01\/eliassenglasschilderij120x180cmworldmap.jpg\" \/>\n\t<meta property=\"og:image:width\" content=\"700\" \/>\n\t<meta property=\"og:image:height\" content=\"467\" \/>\n\t<meta property=\"og:image:type\" content=\"image\/jpeg\" \/>\n<meta name=\"twitter:card\" content=\"summary_large_image\" \/>\n<script type=\"application\/ld+json\" class=\"yoast-schema-graph\">{\"@context\":\"https:\/\/schema.org\",\"@graph\":[{\"@type\":\"WebPage\",\"@id\":\"https:\/\/dev.eliassen.nl\/de\/glasmalerei-weltkarte-120x180-cm\/\",\"url\":\"https:\/\/dev.eliassen.nl\/de\/glasmalerei-weltkarte-120x180-cm\/\",\"name\":\"Glasmalerei 120x180 cm. Weltkarte | Eliassen\",\"isPartOf\":{\"@id\":\"https:\/\/dev.eliassen.nl\/de\/#website\"},\"primaryImageOfPage\":{\"@id\":\"https:\/\/dev.eliassen.nl\/de\/glasmalerei-weltkarte-120x180-cm\/#primaryimage\"},\"image\":{\"@id\":\"https:\/\/dev.eliassen.nl\/de\/glasmalerei-weltkarte-120x180-cm\/#primaryimage\"},\"thumbnailUrl\":\"https:\/\/dev.eliassen.nl\/wp-content\/uploads\/2024\/01\/eliassenglasschilderij120x180cmworldmap.jpg\",\"datePublished\":\"2020-11-04T10:18:40+00:00\",\"dateModified\":\"2024-12-05T14:43:30+00:00\",\"description\":\"Bei Eliassen kaufen Sie Glasmalerei 120x180 cm. Weltkarte online oder live im Showroom einsehbar. Direkt online bestellen.\",\"breadcrumb\":{\"@id\":\"https:\/\/dev.eliassen.nl\/de\/glasmalerei-weltkarte-120x180-cm\/#breadcrumb\"},\"inLanguage\":\"de\",\"potentialAction\":[{\"@type\":\"ReadAction\",\"target\":[\"https:\/\/dev.eliassen.nl\/de\/glasmalerei-weltkarte-120x180-cm\/\"]}]},{\"@type\":\"ImageObject\",\"inLanguage\":\"de\",\"@id\":\"https:\/\/dev.eliassen.nl\/de\/glasmalerei-weltkarte-120x180-cm\/#primaryimage\",\"url\":\"https:\/\/dev.eliassen.nl\/wp-content\/uploads\/2024\/01\/eliassenglasschilderij120x180cmworldmap.jpg\",\"contentUrl\":\"https:\/\/dev.eliassen.nl\/wp-content\/uploads\/2024\/01\/eliassenglasschilderij120x180cmworldmap.jpg\",\"width\":700,\"height\":467,\"caption\":\"Eliassen Glasschilderij 120x180 cm. World map\"},{\"@type\":\"BreadcrumbList\",\"@id\":\"https:\/\/dev.eliassen.nl\/de\/glasmalerei-weltkarte-120x180-cm\/#breadcrumb\",\"itemListElement\":[{\"@type\":\"ListItem\",\"position\":1,\"name\":\"Home\",\"item\":\"https:\/\/dev.eliassen.nl\/de\/\"},{\"@type\":\"ListItem\",\"position\":2,\"name\":\"Shop\",\"item\":\"https:\/\/dev.eliassen.nl\/nl\/winkel\/\"},{\"@type\":\"ListItem\",\"position\":3,\"name\":\"Glasmalereien\",\"item\":\"https:\/\/dev.eliassen.nl\/de\/gemaelde\/glasmalereien\/\"},{\"@type\":\"ListItem\",\"position\":4,\"name\":\"Andere Gr\u00f6\u00dfen von Glasgem\u00e4lden\",\"item\":\"https:\/\/dev.eliassen.nl\/de\/gemaelde\/glasmalereien\/andere-groessen-von-glasgemaelden\/\"},{\"@type\":\"ListItem\",\"position\":5,\"name\":\"Glasmalerei Weltkarte 120&#215;180 cm.\"}]},{\"@type\":\"WebSite\",\"@id\":\"https:\/\/dev.eliassen.nl\/de\/#website\",\"url\":\"https:\/\/dev.eliassen.nl\/de\/\",\"name\":\"Eliassen Home & Garden Pleasure\",\"description\":\"\",\"publisher\":{\"@id\":\"https:\/\/dev.eliassen.nl\/de\/#organization\"},\"alternateName\":\"Eliassen.nl\",\"potentialAction\":[{\"@type\":\"SearchAction\",\"target\":{\"@type\":\"EntryPoint\",\"urlTemplate\":\"https:\/\/dev.eliassen.nl\/de\/?s={search_term_string}\"},\"query-input\":{\"@type\":\"PropertyValueSpecification\",\"valueRequired\":true,\"valueName\":\"search_term_string\"}}],\"inLanguage\":\"de\"},{\"@type\":\"Organization\",\"@id\":\"https:\/\/dev.eliassen.nl\/de\/#organization\",\"name\":\"Eliassen Home & Garden Pleasure\",\"url\":\"https:\/\/dev.eliassen.nl\/de\/\",\"logo\":{\"@type\":\"ImageObject\",\"inLanguage\":\"de\",\"@id\":\"https:\/\/dev.eliassen.nl\/de\/#\/schema\/logo\/image\/\",\"url\":\"https:\/\/www.eliassen.nl\/wp-content\/uploads\/2024\/01\/logo_4nd.jpg\",\"contentUrl\":\"https:\/\/www.eliassen.nl\/wp-content\/uploads\/2024\/01\/logo_4nd.jpg\",\"width\":500,\"height\":500,\"caption\":\"Eliassen Home & Garden Pleasure\"},\"image\":{\"@id\":\"https:\/\/dev.eliassen.nl\/de\/#\/schema\/logo\/image\/\"},\"sameAs\":[\"https:\/\/www.facebook.com\/TuincentrumEliassenAmmerzoden\",\"https:\/\/www.instagram.com\/eliassenhomeandgarden\/\",\"https:\/\/nl.pinterest.com\/eliassenhomeandgarden\/\",\"https:\/\/www.youtube.com\/@eliassenhomegardenpleasure4558\"]}]}<\/script>\n<!-- \/ Yoast SEO plugin. -->","yoast_head_json":{"title":"Glasmalerei 120x180 cm. Weltkarte | Eliassen","description":"Bei Eliassen kaufen Sie Glasmalerei 120x180 cm. Weltkarte online oder live im Showroom einsehbar. Direkt online bestellen.","robots":{"index":"noindex","follow":"follow","max-snippet":"max-snippet:-1","max-image-preview":"max-image-preview:large","max-video-preview":"max-video-preview:-1"},"og_locale":"de_DE","og_type":"article","og_title":"Glasmalerei 120x180 cm. Weltkarte | Eliassen","og_description":"Bei Eliassen kaufen Sie Glasmalerei 120x180 cm. Weltkarte online oder live im Showroom einsehbar. Direkt online bestellen.","og_url":"https:\/\/dev.eliassen.nl\/de\/glasmalerei-weltkarte-120x180-cm\/","og_site_name":"Eliassen.nl","article_publisher":"https:\/\/www.facebook.com\/TuincentrumEliassenAmmerzoden","article_modified_time":"2024-12-05T14:43:30+00:00","og_image":[{"width":700,"height":467,"url":"https:\/\/dev.eliassen.nl\/wp-content\/uploads\/2024\/01\/eliassenglasschilderij120x180cmworldmap.jpg","type":"image\/jpeg"}],"twitter_card":"summary_large_image","schema":{"@context":"https:\/\/schema.org","@graph":[{"@type":"WebPage","@id":"https:\/\/dev.eliassen.nl\/de\/glasmalerei-weltkarte-120x180-cm\/","url":"https:\/\/dev.eliassen.nl\/de\/glasmalerei-weltkarte-120x180-cm\/","name":"Glasmalerei 120x180 cm. Weltkarte | Eliassen","isPartOf":{"@id":"https:\/\/dev.eliassen.nl\/de\/#website"},"primaryImageOfPage":{"@id":"https:\/\/dev.eliassen.nl\/de\/glasmalerei-weltkarte-120x180-cm\/#primaryimage"},"image":{"@id":"https:\/\/dev.eliassen.nl\/de\/glasmalerei-weltkarte-120x180-cm\/#primaryimage"},"thumbnailUrl":"https:\/\/dev.eliassen.nl\/wp-content\/uploads\/2024\/01\/eliassenglasschilderij120x180cmworldmap.jpg","datePublished":"2020-11-04T10:18:40+00:00","dateModified":"2024-12-05T14:43:30+00:00","description":"Bei Eliassen kaufen Sie Glasmalerei 120x180 cm. Weltkarte online oder live im Showroom einsehbar. Direkt online bestellen.","breadcrumb":{"@id":"https:\/\/dev.eliassen.nl\/de\/glasmalerei-weltkarte-120x180-cm\/#breadcrumb"},"inLanguage":"de","potentialAction":[{"@type":"ReadAction","target":["https:\/\/dev.eliassen.nl\/de\/glasmalerei-weltkarte-120x180-cm\/"]}]},{"@type":"ImageObject","inLanguage":"de","@id":"https:\/\/dev.eliassen.nl\/de\/glasmalerei-weltkarte-120x180-cm\/#primaryimage","url":"https:\/\/dev.eliassen.nl\/wp-content\/uploads\/2024\/01\/eliassenglasschilderij120x180cmworldmap.jpg","contentUrl":"https:\/\/dev.eliassen.nl\/wp-content\/uploads\/2024\/01\/eliassenglasschilderij120x180cmworldmap.jpg","width":700,"height":467,"caption":"Eliassen Glasschilderij 120x180 cm. World map"},{"@type":"BreadcrumbList","@id":"https:\/\/dev.eliassen.nl\/de\/glasmalerei-weltkarte-120x180-cm\/#breadcrumb","itemListElement":[{"@type":"ListItem","position":1,"name":"Home","item":"https:\/\/dev.eliassen.nl\/de\/"},{"@type":"ListItem","position":2,"name":"Shop","item":"https:\/\/dev.eliassen.nl\/nl\/winkel\/"},{"@type":"ListItem","position":3,"name":"Glasmalereien","item":"https:\/\/dev.eliassen.nl\/de\/gemaelde\/glasmalereien\/"},{"@type":"ListItem","position":4,"name":"Andere Gr\u00f6\u00dfen von Glasgem\u00e4lden","item":"https:\/\/dev.eliassen.nl\/de\/gemaelde\/glasmalereien\/andere-groessen-von-glasgemaelden\/"},{"@type":"ListItem","position":5,"name":"Glasmalerei Weltkarte 120&#215;180 cm."}]},{"@type":"WebSite","@id":"https:\/\/dev.eliassen.nl\/de\/#website","url":"https:\/\/dev.eliassen.nl\/de\/","name":"Eliassen Home & Garden Pleasure","description":"","publisher":{"@id":"https:\/\/dev.eliassen.nl\/de\/#organization"},"alternateName":"Eliassen.nl","potentialAction":[{"@type":"SearchAction","target":{"@type":"EntryPoint","urlTemplate":"https:\/\/dev.eliassen.nl\/de\/?s={search_term_string}"},"query-input":{"@type":"PropertyValueSpecification","valueRequired":true,"valueName":"search_term_string"}}],"inLanguage":"de"},{"@type":"Organization","@id":"https:\/\/dev.eliassen.nl\/de\/#organization","name":"Eliassen Home & Garden Pleasure","url":"https:\/\/dev.eliassen.nl\/de\/","logo":{"@type":"ImageObject","inLanguage":"de","@id":"https:\/\/dev.eliassen.nl\/de\/#\/schema\/logo\/image\/","url":"https:\/\/www.eliassen.nl\/wp-content\/uploads\/2024\/01\/logo_4nd.jpg","contentUrl":"https:\/\/www.eliassen.nl\/wp-content\/uploads\/2024\/01\/logo_4nd.jpg","width":500,"height":500,"caption":"Eliassen Home & Garden Pleasure"},"image":{"@id":"https:\/\/dev.eliassen.nl\/de\/#\/schema\/logo\/image\/"},"sameAs":["https:\/\/www.facebook.com\/TuincentrumEliassenAmmerzoden","https:\/\/www.instagram.com\/eliassenhomeandgarden\/","https:\/\/nl.pinterest.com\/eliassenhomeandgarden\/","https:\/\/www.youtube.com\/@eliassenhomegardenpleasure4558"]}]}},"df_price":300,"df_sale_price":300,"df_regular_price":439,"df_image_link":"https:\/\/dev.eliassen.nl\/wp-content\/uploads\/2024\/01\/eliassenglasschilderij120x180cmworldmap.jpg","image":"https:\/\/dev.eliassen.nl\/wp-content\/uploads\/2024\/01\/eliassenglasschilderij120x180cmworldmap.jpg","price_search":"<span class=\"woocommerce-Price-amount amount\"><bdi><span class=\"woocommerce-Price-currencySymbol\">&euro;<\/span>&nbsp;300,00<\/bdi><\/span>","category":"Andere Gr\u00f6\u00dfen von Glasgem\u00e4lden","_links":{"self":[{"href":"https:\/\/dev.eliassen.nl\/de\/wp-json\/wp\/v2\/product\/26029","targetHints":{"allow":["GET"]}}],"collection":[{"href":"https:\/\/dev.eliassen.nl\/de\/wp-json\/wp\/v2\/product"}],"about":[{"href":"https:\/\/dev.eliassen.nl\/de\/wp-json\/wp\/v2\/types\/product"}],"wp:featuredmedia":[{"embeddable":true,"href":"https:\/\/dev.eliassen.nl\/de\/wp-json\/wp\/v2\/media\/26026"}],"wp:attachment":[{"href":"https:\/\/dev.eliassen.nl\/de\/wp-json\/wp\/v2\/media?parent=26029"}],"wp:term":[{"taxonomy":"product_brand","embeddable":true,"href":"https:\/\/dev.eliassen.nl\/de\/wp-json\/wp\/v2\/product_brand?post=26029"},{"taxonomy":"product_cat","embeddable":true,"href":"https:\/\/dev.eliassen.nl\/de\/wp-json\/wp\/v2\/product_cat?post=26029"},{"taxonomy":"product_tag","embeddable":true,"href":"https:\/\/dev.eliassen.nl\/de\/wp-json\/wp\/v2\/product_tag?post=26029"}],"curies":[{"name":"wp","href":"https:\/\/api.w.org\/{rel}","templated":true}]}}