{"id":26143,"date":"2020-11-11T14:31:56","date_gmt":"2020-11-11T13:31:56","guid":{"rendered":"https:\/\/www.eliassen.nl\/?product=dragonstone-kabouter-vissens"},"modified":"2024-12-05T15:43:48","modified_gmt":"2024-12-05T14:43:48","slug":"dragonstone-koboldangeln","status":"publish","type":"product","link":"https:\/\/dev.eliassen.nl\/de\/dragonstone-koboldangeln\/","title":{"rendered":"Dragonstone-Koboldangeln"},"content":{"rendered":"<p>Dies ist eine original Dragonstone-Figur eines Fischerzwergs.<\/p>\n<p>Sie m\u00fcssen Ihre eigene Angelrute herstellen, die die Statue halten kann, normalerweise reicht ein Bambusstock aus.<br \/>Bringen Sie mit dieser seltenen, soliden Gartendeko den typisch englischen Stil in Ihren Garten.<br \/>Hochwertiger Kunststein sorgt daf\u00fcr, dass Sie lange Freude an diesem Objekt haben.<\/p>\n<ul>\n<li>Original englische Qualit\u00e4t und Farbe<\/li>\n<li>Hochwertiger Kunststein<\/li>\n<li>Gr\u00f6\u00dfe: 50 cm hoch<\/li>\n<li>Gewicht: 12 kg<\/li>\n<li>Sch\u00f6n detailliert<\/li>\n<li>Schnell geliefert<\/li>\n<li>1 Jahr Garantie<\/li>\n<li><strong>Fast die gesamte Kollektion ist im Laden zu sehen<\/strong><\/li>\n<\/ul>\n","protected":false},"excerpt":{"rendered":"<p>Dies ist eine original Dragonstone-Figur eines Fischerzwergs. Sie m\u00fcssen Ihre eigene Angelrute herstellen, die die Statue halten kann, normalerweise reicht ein Bambusstock aus.Bringen Sie mit dieser seltenen, soliden Gartendeko den typisch englischen Stil in Ihren Garten.Hochwertiger Kunststein sorgt daf\u00fcr, dass Sie lange Freude an diesem Objekt haben. Original englische Qualit\u00e4t und Farbe Hochwertiger Kunststein Gr\u00f6\u00dfe: &hellip;<\/p>\n","protected":false},"featured_media":26140,"template":"","meta":{"_acf_changed":false},"product_brand":[],"product_cat":[677,713,7076,7239],"product_tag":[],"class_list":{"0":"post-26143","1":"product","2":"type-product","3":"status-publish","4":"has-post-thumbnail","6":"product_cat-betonstatuen","7":"product_cat-koboldfiguren","8":"product_cat-statues-figures","9":"product_cat-statuen-skulpturen","11":"first","12":"instock","13":"taxable","14":"shipping-taxable","15":"purchasable","16":"product-type-simple"},"acf":[],"yoast_head":"<!-- This site is optimized with the Yoast SEO plugin v23.8 - https:\/\/yoast.com\/wordpress\/plugins\/seo\/ -->\n<title>Dragonstone-Kobold-Fische<\/title>\n<meta name=\"description\" content=\"Auf der Suche nach einer Steinfigur? Bestellen Sie jetzt Dragonstone Gnome Angeln. Sie k\u00f6nnen Bilder ganz einfach auf unserer Website kaufen. \u2713 Breites Sorti...\" \/>\n<meta name=\"robots\" content=\"noindex, follow, max-snippet:-1, max-image-preview:large, max-video-preview:-1\" \/>\n<meta property=\"og:locale\" content=\"de_DE\" \/>\n<meta property=\"og:type\" content=\"article\" \/>\n<meta property=\"og:title\" content=\"Dragonstone-Kobold-Fische\" \/>\n<meta property=\"og:description\" content=\"Auf der Suche nach einer Steinfigur? Bestellen Sie jetzt Dragonstone Gnome Angeln. Sie k\u00f6nnen Bilder ganz einfach auf unserer Website kaufen. \u2713 Breites Sorti...\" \/>\n<meta property=\"og:url\" content=\"https:\/\/dev.eliassen.nl\/de\/dragonstone-koboldangeln\/\" \/>\n<meta property=\"og:site_name\" content=\"Eliassen.nl\" \/>\n<meta property=\"article:publisher\" content=\"https:\/\/www.facebook.com\/TuincentrumEliassenAmmerzoden\" \/>\n<meta property=\"article:modified_time\" content=\"2024-12-05T14:43:48+00:00\" \/>\n<meta property=\"og:image\" content=\"https:\/\/dev.eliassen.nl\/wp-content\/uploads\/2024\/01\/eliassendragonstonekaboutervissend.jpg\" \/>\n\t<meta property=\"og:image:width\" content=\"709\" \/>\n\t<meta property=\"og:image:height\" content=\"780\" \/>\n\t<meta property=\"og:image:type\" content=\"image\/jpeg\" \/>\n<meta name=\"twitter:card\" content=\"summary_large_image\" \/>\n<script type=\"application\/ld+json\" class=\"yoast-schema-graph\">{\"@context\":\"https:\/\/schema.org\",\"@graph\":[{\"@type\":\"WebPage\",\"@id\":\"https:\/\/dev.eliassen.nl\/de\/dragonstone-koboldangeln\/\",\"url\":\"https:\/\/dev.eliassen.nl\/de\/dragonstone-koboldangeln\/\",\"name\":\"Dragonstone-Kobold-Fische\",\"isPartOf\":{\"@id\":\"https:\/\/dev.eliassen.nl\/de\/#website\"},\"primaryImageOfPage\":{\"@id\":\"https:\/\/dev.eliassen.nl\/de\/dragonstone-koboldangeln\/#primaryimage\"},\"image\":{\"@id\":\"https:\/\/dev.eliassen.nl\/de\/dragonstone-koboldangeln\/#primaryimage\"},\"thumbnailUrl\":\"https:\/\/dev.eliassen.nl\/wp-content\/uploads\/2024\/01\/eliassendragonstonekaboutervissend.jpg\",\"datePublished\":\"2020-11-11T13:31:56+00:00\",\"dateModified\":\"2024-12-05T14:43:48+00:00\",\"description\":\"Auf der Suche nach einer Steinfigur? Bestellen Sie jetzt Dragonstone Gnome Angeln. Sie k\u00f6nnen Bilder ganz einfach auf unserer Website kaufen. \u2713 Breites Sorti...\",\"breadcrumb\":{\"@id\":\"https:\/\/dev.eliassen.nl\/de\/dragonstone-koboldangeln\/#breadcrumb\"},\"inLanguage\":\"de\",\"potentialAction\":[{\"@type\":\"ReadAction\",\"target\":[\"https:\/\/dev.eliassen.nl\/de\/dragonstone-koboldangeln\/\"]}]},{\"@type\":\"ImageObject\",\"inLanguage\":\"de\",\"@id\":\"https:\/\/dev.eliassen.nl\/de\/dragonstone-koboldangeln\/#primaryimage\",\"url\":\"https:\/\/dev.eliassen.nl\/wp-content\/uploads\/2024\/01\/eliassendragonstonekaboutervissend.jpg\",\"contentUrl\":\"https:\/\/dev.eliassen.nl\/wp-content\/uploads\/2024\/01\/eliassendragonstonekaboutervissend.jpg\",\"width\":709,\"height\":780,\"caption\":\"Eliassen Dragonstone kabouter vissend\"},{\"@type\":\"BreadcrumbList\",\"@id\":\"https:\/\/dev.eliassen.nl\/de\/dragonstone-koboldangeln\/#breadcrumb\",\"itemListElement\":[{\"@type\":\"ListItem\",\"position\":1,\"name\":\"Home\",\"item\":\"https:\/\/dev.eliassen.nl\/de\/\"},{\"@type\":\"ListItem\",\"position\":2,\"name\":\"Shop\",\"item\":\"https:\/\/dev.eliassen.nl\/nl\/winkel\/\"},{\"@type\":\"ListItem\",\"position\":3,\"name\":\"Statuen-Skulpturen\",\"item\":\"https:\/\/dev.eliassen.nl\/de\/statuen-skulpturen\/\"},{\"@type\":\"ListItem\",\"position\":4,\"name\":\"Betonstatuen\",\"item\":\"https:\/\/dev.eliassen.nl\/de\/bilder\/betonstatuen\/\"},{\"@type\":\"ListItem\",\"position\":5,\"name\":\"Koboldfiguren\",\"item\":\"https:\/\/dev.eliassen.nl\/de\/bilder\/betonstatuen\/koboldfiguren\/\"},{\"@type\":\"ListItem\",\"position\":6,\"name\":\"Dragonstone-Koboldangeln\"}]},{\"@type\":\"WebSite\",\"@id\":\"https:\/\/dev.eliassen.nl\/de\/#website\",\"url\":\"https:\/\/dev.eliassen.nl\/de\/\",\"name\":\"Eliassen Home & Garden Pleasure\",\"description\":\"\",\"publisher\":{\"@id\":\"https:\/\/dev.eliassen.nl\/de\/#organization\"},\"alternateName\":\"Eliassen.nl\",\"potentialAction\":[{\"@type\":\"SearchAction\",\"target\":{\"@type\":\"EntryPoint\",\"urlTemplate\":\"https:\/\/dev.eliassen.nl\/de\/?s={search_term_string}\"},\"query-input\":{\"@type\":\"PropertyValueSpecification\",\"valueRequired\":true,\"valueName\":\"search_term_string\"}}],\"inLanguage\":\"de\"},{\"@type\":\"Organization\",\"@id\":\"https:\/\/dev.eliassen.nl\/de\/#organization\",\"name\":\"Eliassen Home & Garden Pleasure\",\"url\":\"https:\/\/dev.eliassen.nl\/de\/\",\"logo\":{\"@type\":\"ImageObject\",\"inLanguage\":\"de\",\"@id\":\"https:\/\/dev.eliassen.nl\/de\/#\/schema\/logo\/image\/\",\"url\":\"https:\/\/www.eliassen.nl\/wp-content\/uploads\/2024\/01\/logo_4nd.jpg\",\"contentUrl\":\"https:\/\/www.eliassen.nl\/wp-content\/uploads\/2024\/01\/logo_4nd.jpg\",\"width\":500,\"height\":500,\"caption\":\"Eliassen Home & Garden Pleasure\"},\"image\":{\"@id\":\"https:\/\/dev.eliassen.nl\/de\/#\/schema\/logo\/image\/\"},\"sameAs\":[\"https:\/\/www.facebook.com\/TuincentrumEliassenAmmerzoden\",\"https:\/\/www.instagram.com\/eliassenhomeandgarden\/\",\"https:\/\/nl.pinterest.com\/eliassenhomeandgarden\/\",\"https:\/\/www.youtube.com\/@eliassenhomegardenpleasure4558\"]}]}<\/script>\n<!-- \/ Yoast SEO plugin. -->","yoast_head_json":{"title":"Dragonstone-Kobold-Fische","description":"Auf der Suche nach einer Steinfigur? Bestellen Sie jetzt Dragonstone Gnome Angeln. Sie k\u00f6nnen Bilder ganz einfach auf unserer Website kaufen. \u2713 Breites Sorti...","robots":{"index":"noindex","follow":"follow","max-snippet":"max-snippet:-1","max-image-preview":"max-image-preview:large","max-video-preview":"max-video-preview:-1"},"og_locale":"de_DE","og_type":"article","og_title":"Dragonstone-Kobold-Fische","og_description":"Auf der Suche nach einer Steinfigur? Bestellen Sie jetzt Dragonstone Gnome Angeln. Sie k\u00f6nnen Bilder ganz einfach auf unserer Website kaufen. \u2713 Breites Sorti...","og_url":"https:\/\/dev.eliassen.nl\/de\/dragonstone-koboldangeln\/","og_site_name":"Eliassen.nl","article_publisher":"https:\/\/www.facebook.com\/TuincentrumEliassenAmmerzoden","article_modified_time":"2024-12-05T14:43:48+00:00","og_image":[{"width":709,"height":780,"url":"https:\/\/dev.eliassen.nl\/wp-content\/uploads\/2024\/01\/eliassendragonstonekaboutervissend.jpg","type":"image\/jpeg"}],"twitter_card":"summary_large_image","schema":{"@context":"https:\/\/schema.org","@graph":[{"@type":"WebPage","@id":"https:\/\/dev.eliassen.nl\/de\/dragonstone-koboldangeln\/","url":"https:\/\/dev.eliassen.nl\/de\/dragonstone-koboldangeln\/","name":"Dragonstone-Kobold-Fische","isPartOf":{"@id":"https:\/\/dev.eliassen.nl\/de\/#website"},"primaryImageOfPage":{"@id":"https:\/\/dev.eliassen.nl\/de\/dragonstone-koboldangeln\/#primaryimage"},"image":{"@id":"https:\/\/dev.eliassen.nl\/de\/dragonstone-koboldangeln\/#primaryimage"},"thumbnailUrl":"https:\/\/dev.eliassen.nl\/wp-content\/uploads\/2024\/01\/eliassendragonstonekaboutervissend.jpg","datePublished":"2020-11-11T13:31:56+00:00","dateModified":"2024-12-05T14:43:48+00:00","description":"Auf der Suche nach einer Steinfigur? Bestellen Sie jetzt Dragonstone Gnome Angeln. Sie k\u00f6nnen Bilder ganz einfach auf unserer Website kaufen. \u2713 Breites Sorti...","breadcrumb":{"@id":"https:\/\/dev.eliassen.nl\/de\/dragonstone-koboldangeln\/#breadcrumb"},"inLanguage":"de","potentialAction":[{"@type":"ReadAction","target":["https:\/\/dev.eliassen.nl\/de\/dragonstone-koboldangeln\/"]}]},{"@type":"ImageObject","inLanguage":"de","@id":"https:\/\/dev.eliassen.nl\/de\/dragonstone-koboldangeln\/#primaryimage","url":"https:\/\/dev.eliassen.nl\/wp-content\/uploads\/2024\/01\/eliassendragonstonekaboutervissend.jpg","contentUrl":"https:\/\/dev.eliassen.nl\/wp-content\/uploads\/2024\/01\/eliassendragonstonekaboutervissend.jpg","width":709,"height":780,"caption":"Eliassen Dragonstone kabouter vissend"},{"@type":"BreadcrumbList","@id":"https:\/\/dev.eliassen.nl\/de\/dragonstone-koboldangeln\/#breadcrumb","itemListElement":[{"@type":"ListItem","position":1,"name":"Home","item":"https:\/\/dev.eliassen.nl\/de\/"},{"@type":"ListItem","position":2,"name":"Shop","item":"https:\/\/dev.eliassen.nl\/nl\/winkel\/"},{"@type":"ListItem","position":3,"name":"Statuen-Skulpturen","item":"https:\/\/dev.eliassen.nl\/de\/statuen-skulpturen\/"},{"@type":"ListItem","position":4,"name":"Betonstatuen","item":"https:\/\/dev.eliassen.nl\/de\/bilder\/betonstatuen\/"},{"@type":"ListItem","position":5,"name":"Koboldfiguren","item":"https:\/\/dev.eliassen.nl\/de\/bilder\/betonstatuen\/koboldfiguren\/"},{"@type":"ListItem","position":6,"name":"Dragonstone-Koboldangeln"}]},{"@type":"WebSite","@id":"https:\/\/dev.eliassen.nl\/de\/#website","url":"https:\/\/dev.eliassen.nl\/de\/","name":"Eliassen Home & Garden Pleasure","description":"","publisher":{"@id":"https:\/\/dev.eliassen.nl\/de\/#organization"},"alternateName":"Eliassen.nl","potentialAction":[{"@type":"SearchAction","target":{"@type":"EntryPoint","urlTemplate":"https:\/\/dev.eliassen.nl\/de\/?s={search_term_string}"},"query-input":{"@type":"PropertyValueSpecification","valueRequired":true,"valueName":"search_term_string"}}],"inLanguage":"de"},{"@type":"Organization","@id":"https:\/\/dev.eliassen.nl\/de\/#organization","name":"Eliassen Home & Garden Pleasure","url":"https:\/\/dev.eliassen.nl\/de\/","logo":{"@type":"ImageObject","inLanguage":"de","@id":"https:\/\/dev.eliassen.nl\/de\/#\/schema\/logo\/image\/","url":"https:\/\/www.eliassen.nl\/wp-content\/uploads\/2024\/01\/logo_4nd.jpg","contentUrl":"https:\/\/www.eliassen.nl\/wp-content\/uploads\/2024\/01\/logo_4nd.jpg","width":500,"height":500,"caption":"Eliassen Home & Garden Pleasure"},"image":{"@id":"https:\/\/dev.eliassen.nl\/de\/#\/schema\/logo\/image\/"},"sameAs":["https:\/\/www.facebook.com\/TuincentrumEliassenAmmerzoden","https:\/\/www.instagram.com\/eliassenhomeandgarden\/","https:\/\/nl.pinterest.com\/eliassenhomeandgarden\/","https:\/\/www.youtube.com\/@eliassenhomegardenpleasure4558"]}]}},"df_price":55,"df_sale_price":"","df_regular_price":55,"df_image_link":"https:\/\/dev.eliassen.nl\/wp-content\/uploads\/2024\/01\/eliassendragonstonekaboutervissend.jpg","image":"https:\/\/dev.eliassen.nl\/wp-content\/uploads\/2024\/01\/eliassendragonstonekaboutervissend.jpg","price_search":"<span class=\"woocommerce-Price-amount amount\"><bdi><span class=\"woocommerce-Price-currencySymbol\">&euro;<\/span>&nbsp;55,00<\/bdi><\/span>","category":"Betonstatuen","_links":{"self":[{"href":"https:\/\/dev.eliassen.nl\/de\/wp-json\/wp\/v2\/product\/26143","targetHints":{"allow":["GET"]}}],"collection":[{"href":"https:\/\/dev.eliassen.nl\/de\/wp-json\/wp\/v2\/product"}],"about":[{"href":"https:\/\/dev.eliassen.nl\/de\/wp-json\/wp\/v2\/types\/product"}],"wp:featuredmedia":[{"embeddable":true,"href":"https:\/\/dev.eliassen.nl\/de\/wp-json\/wp\/v2\/media\/26140"}],"wp:attachment":[{"href":"https:\/\/dev.eliassen.nl\/de\/wp-json\/wp\/v2\/media?parent=26143"}],"wp:term":[{"taxonomy":"product_brand","embeddable":true,"href":"https:\/\/dev.eliassen.nl\/de\/wp-json\/wp\/v2\/product_brand?post=26143"},{"taxonomy":"product_cat","embeddable":true,"href":"https:\/\/dev.eliassen.nl\/de\/wp-json\/wp\/v2\/product_cat?post=26143"},{"taxonomy":"product_tag","embeddable":true,"href":"https:\/\/dev.eliassen.nl\/de\/wp-json\/wp\/v2\/product_tag?post=26143"}],"curies":[{"name":"wp","href":"https:\/\/api.w.org\/{rel}","templated":true}]}}