{"id":26149,"date":"2020-11-11T14:43:29","date_gmt":"2020-11-11T13:43:29","guid":{"rendered":"https:\/\/www.eliassen.nl\/?product=dragonstone-gehoornde-gargoyle"},"modified":"2024-12-05T15:43:49","modified_gmt":"2024-12-05T14:43:49","slug":"drachenstein-gehornter-wasserspeier-hangen","status":"publish","type":"product","link":"https:\/\/dev.eliassen.nl\/de\/drachenstein-gehornter-wasserspeier-hangen\/","title":{"rendered":"Drachenstein geh\u00f6rnter Wasserspeier h\u00e4ngen"},"content":{"rendered":"<p>Dies ist eine englische Originalstatue der Marke DragonStone.<br \/>Bringen Sie den typischen englischen Stil mit diesem seltenen, soliden St\u00fcck Gartendekoration in Ihren Garten.<br \/>Hochwertiger Gussstein sorgt daf\u00fcr, dass Sie dieses Objekt \u00fcber Jahre hinweg genie\u00dfen k\u00f6nnen.<\/p>\n<ul>\n<li>Original englische Qualit\u00e4t und Farbe<\/li>\n<li>Hochwertiger Gussstein<\/li>\n<li>Gr\u00f6\u00dfe: 33cm hoch<\/li>\n<li>Gewicht: 6 kg<\/li>\n<li>Sch\u00f6n detailliert<\/li>\n<li>Schnell geliefert<\/li>\n<li>1 Jahr Garantie<\/li>\n<li><strong>Fast die gesamte Kollektion ist im Laden zu sehen<\/strong><\/li>\n<\/ul>\n","protected":false},"excerpt":{"rendered":"<p>Dies ist eine englische Originalstatue der Marke DragonStone.Bringen Sie den typischen englischen Stil mit diesem seltenen, soliden St\u00fcck Gartendekoration in Ihren Garten.Hochwertiger Gussstein sorgt daf\u00fcr, dass Sie dieses Objekt \u00fcber Jahre hinweg genie\u00dfen k\u00f6nnen. Original englische Qualit\u00e4t und Farbe Hochwertiger Gussstein Gr\u00f6\u00dfe: 33cm hoch Gewicht: 6 kg Sch\u00f6n detailliert Schnell geliefert 1 Jahr Garantie Fast &hellip;<\/p>\n","protected":false},"featured_media":26146,"template":"","meta":{"_acf_changed":false},"product_brand":[],"product_cat":[677,710,7076],"product_tag":[],"class_list":{"0":"post-26149","1":"product","2":"type-product","3":"status-publish","4":"has-post-thumbnail","6":"product_cat-betonstatuen","7":"product_cat-mythologische-bilder","8":"product_cat-statues-figures","10":"first","11":"instock","12":"taxable","13":"shipping-taxable","14":"purchasable","15":"product-type-simple"},"acf":[],"yoast_head":"<!-- This site is optimized with the Yoast SEO plugin v23.8 - https:\/\/yoast.com\/wordpress\/plugins\/seo\/ -->\n<title>Drachenstein geh\u00f6rnter Wasserspeier h\u00e4ngen<\/title>\n<meta name=\"description\" content=\"Auf der Suche nach einer Steinstatue? Bestellen Sie jetzt Dragonstone geh\u00f6rnten Wasserspeier h\u00e4ngen. Sie k\u00f6nnen ganz einfach Bilder auf unserer Website kaufe...\" \/>\n<meta name=\"robots\" content=\"noindex, follow, max-snippet:-1, max-image-preview:large, max-video-preview:-1\" \/>\n<meta property=\"og:locale\" content=\"de_DE\" \/>\n<meta property=\"og:type\" content=\"article\" \/>\n<meta property=\"og:title\" content=\"Drachenstein geh\u00f6rnter Wasserspeier h\u00e4ngen\" \/>\n<meta property=\"og:description\" content=\"Auf der Suche nach einer Steinstatue? Bestellen Sie jetzt Dragonstone geh\u00f6rnten Wasserspeier h\u00e4ngen. Sie k\u00f6nnen ganz einfach Bilder auf unserer Website kaufe...\" \/>\n<meta property=\"og:url\" content=\"https:\/\/dev.eliassen.nl\/de\/drachenstein-gehornter-wasserspeier-hangen\/\" \/>\n<meta property=\"og:site_name\" content=\"Eliassen.nl\" \/>\n<meta property=\"article:publisher\" content=\"https:\/\/www.facebook.com\/TuincentrumEliassenAmmerzoden\" \/>\n<meta property=\"article:modified_time\" content=\"2024-12-05T14:43:49+00:00\" \/>\n<meta property=\"og:image\" content=\"https:\/\/dev.eliassen.nl\/wp-content\/uploads\/2024\/01\/eliassendragonstonegehoorndegargoylehangend.jpg\" \/>\n\t<meta property=\"og:image:width\" content=\"685\" \/>\n\t<meta property=\"og:image:height\" content=\"449\" \/>\n\t<meta property=\"og:image:type\" content=\"image\/jpeg\" \/>\n<meta name=\"twitter:card\" content=\"summary_large_image\" \/>\n<script type=\"application\/ld+json\" class=\"yoast-schema-graph\">{\"@context\":\"https:\/\/schema.org\",\"@graph\":[{\"@type\":\"WebPage\",\"@id\":\"https:\/\/dev.eliassen.nl\/de\/drachenstein-gehornter-wasserspeier-hangen\/\",\"url\":\"https:\/\/dev.eliassen.nl\/de\/drachenstein-gehornter-wasserspeier-hangen\/\",\"name\":\"Drachenstein geh\u00f6rnter Wasserspeier h\u00e4ngen\",\"isPartOf\":{\"@id\":\"https:\/\/dev.eliassen.nl\/de\/#website\"},\"primaryImageOfPage\":{\"@id\":\"https:\/\/dev.eliassen.nl\/de\/drachenstein-gehornter-wasserspeier-hangen\/#primaryimage\"},\"image\":{\"@id\":\"https:\/\/dev.eliassen.nl\/de\/drachenstein-gehornter-wasserspeier-hangen\/#primaryimage\"},\"thumbnailUrl\":\"https:\/\/dev.eliassen.nl\/wp-content\/uploads\/2024\/01\/eliassendragonstonegehoorndegargoylehangend.jpg\",\"datePublished\":\"2020-11-11T13:43:29+00:00\",\"dateModified\":\"2024-12-05T14:43:49+00:00\",\"description\":\"Auf der Suche nach einer Steinstatue? Bestellen Sie jetzt Dragonstone geh\u00f6rnten Wasserspeier h\u00e4ngen. Sie k\u00f6nnen ganz einfach Bilder auf unserer Website kaufe...\",\"breadcrumb\":{\"@id\":\"https:\/\/dev.eliassen.nl\/de\/drachenstein-gehornter-wasserspeier-hangen\/#breadcrumb\"},\"inLanguage\":\"de\",\"potentialAction\":[{\"@type\":\"ReadAction\",\"target\":[\"https:\/\/dev.eliassen.nl\/de\/drachenstein-gehornter-wasserspeier-hangen\/\"]}]},{\"@type\":\"ImageObject\",\"inLanguage\":\"de\",\"@id\":\"https:\/\/dev.eliassen.nl\/de\/drachenstein-gehornter-wasserspeier-hangen\/#primaryimage\",\"url\":\"https:\/\/dev.eliassen.nl\/wp-content\/uploads\/2024\/01\/eliassendragonstonegehoorndegargoylehangend.jpg\",\"contentUrl\":\"https:\/\/dev.eliassen.nl\/wp-content\/uploads\/2024\/01\/eliassendragonstonegehoorndegargoylehangend.jpg\",\"width\":685,\"height\":449,\"caption\":\"Eliassen Dragonstone gehoornde gargoyle hangend\"},{\"@type\":\"BreadcrumbList\",\"@id\":\"https:\/\/dev.eliassen.nl\/de\/drachenstein-gehornter-wasserspeier-hangen\/#breadcrumb\",\"itemListElement\":[{\"@type\":\"ListItem\",\"position\":1,\"name\":\"Home\",\"item\":\"https:\/\/dev.eliassen.nl\/de\/\"},{\"@type\":\"ListItem\",\"position\":2,\"name\":\"Shop\",\"item\":\"https:\/\/dev.eliassen.nl\/nl\/winkel\/\"},{\"@type\":\"ListItem\",\"position\":3,\"name\":\"Statuen-Skulpturen\",\"item\":\"https:\/\/dev.eliassen.nl\/de\/statuen-skulpturen\/\"},{\"@type\":\"ListItem\",\"position\":4,\"name\":\"Betonstatuen\",\"item\":\"https:\/\/dev.eliassen.nl\/de\/bilder\/betonstatuen\/\"},{\"@type\":\"ListItem\",\"position\":5,\"name\":\"Mythologische Bilder\",\"item\":\"https:\/\/dev.eliassen.nl\/de\/bilder\/betonstatuen\/mythologische-bilder\/\"},{\"@type\":\"ListItem\",\"position\":6,\"name\":\"Drachenstein geh\u00f6rnter Wasserspeier h\u00e4ngen\"}]},{\"@type\":\"WebSite\",\"@id\":\"https:\/\/dev.eliassen.nl\/de\/#website\",\"url\":\"https:\/\/dev.eliassen.nl\/de\/\",\"name\":\"Eliassen Home & Garden Pleasure\",\"description\":\"\",\"publisher\":{\"@id\":\"https:\/\/dev.eliassen.nl\/de\/#organization\"},\"alternateName\":\"Eliassen.nl\",\"potentialAction\":[{\"@type\":\"SearchAction\",\"target\":{\"@type\":\"EntryPoint\",\"urlTemplate\":\"https:\/\/dev.eliassen.nl\/de\/?s={search_term_string}\"},\"query-input\":{\"@type\":\"PropertyValueSpecification\",\"valueRequired\":true,\"valueName\":\"search_term_string\"}}],\"inLanguage\":\"de\"},{\"@type\":\"Organization\",\"@id\":\"https:\/\/dev.eliassen.nl\/de\/#organization\",\"name\":\"Eliassen Home & Garden Pleasure\",\"url\":\"https:\/\/dev.eliassen.nl\/de\/\",\"logo\":{\"@type\":\"ImageObject\",\"inLanguage\":\"de\",\"@id\":\"https:\/\/dev.eliassen.nl\/de\/#\/schema\/logo\/image\/\",\"url\":\"https:\/\/www.eliassen.nl\/wp-content\/uploads\/2024\/01\/logo_4nd.jpg\",\"contentUrl\":\"https:\/\/www.eliassen.nl\/wp-content\/uploads\/2024\/01\/logo_4nd.jpg\",\"width\":500,\"height\":500,\"caption\":\"Eliassen Home & Garden Pleasure\"},\"image\":{\"@id\":\"https:\/\/dev.eliassen.nl\/de\/#\/schema\/logo\/image\/\"},\"sameAs\":[\"https:\/\/www.facebook.com\/TuincentrumEliassenAmmerzoden\",\"https:\/\/www.instagram.com\/eliassenhomeandgarden\/\",\"https:\/\/nl.pinterest.com\/eliassenhomeandgarden\/\",\"https:\/\/www.youtube.com\/@eliassenhomegardenpleasure4558\"]}]}<\/script>\n<!-- \/ Yoast SEO plugin. -->","yoast_head_json":{"title":"Drachenstein geh\u00f6rnter Wasserspeier h\u00e4ngen","description":"Auf der Suche nach einer Steinstatue? Bestellen Sie jetzt Dragonstone geh\u00f6rnten Wasserspeier h\u00e4ngen. Sie k\u00f6nnen ganz einfach Bilder auf unserer Website kaufe...","robots":{"index":"noindex","follow":"follow","max-snippet":"max-snippet:-1","max-image-preview":"max-image-preview:large","max-video-preview":"max-video-preview:-1"},"og_locale":"de_DE","og_type":"article","og_title":"Drachenstein geh\u00f6rnter Wasserspeier h\u00e4ngen","og_description":"Auf der Suche nach einer Steinstatue? Bestellen Sie jetzt Dragonstone geh\u00f6rnten Wasserspeier h\u00e4ngen. Sie k\u00f6nnen ganz einfach Bilder auf unserer Website kaufe...","og_url":"https:\/\/dev.eliassen.nl\/de\/drachenstein-gehornter-wasserspeier-hangen\/","og_site_name":"Eliassen.nl","article_publisher":"https:\/\/www.facebook.com\/TuincentrumEliassenAmmerzoden","article_modified_time":"2024-12-05T14:43:49+00:00","og_image":[{"width":685,"height":449,"url":"https:\/\/dev.eliassen.nl\/wp-content\/uploads\/2024\/01\/eliassendragonstonegehoorndegargoylehangend.jpg","type":"image\/jpeg"}],"twitter_card":"summary_large_image","schema":{"@context":"https:\/\/schema.org","@graph":[{"@type":"WebPage","@id":"https:\/\/dev.eliassen.nl\/de\/drachenstein-gehornter-wasserspeier-hangen\/","url":"https:\/\/dev.eliassen.nl\/de\/drachenstein-gehornter-wasserspeier-hangen\/","name":"Drachenstein geh\u00f6rnter Wasserspeier h\u00e4ngen","isPartOf":{"@id":"https:\/\/dev.eliassen.nl\/de\/#website"},"primaryImageOfPage":{"@id":"https:\/\/dev.eliassen.nl\/de\/drachenstein-gehornter-wasserspeier-hangen\/#primaryimage"},"image":{"@id":"https:\/\/dev.eliassen.nl\/de\/drachenstein-gehornter-wasserspeier-hangen\/#primaryimage"},"thumbnailUrl":"https:\/\/dev.eliassen.nl\/wp-content\/uploads\/2024\/01\/eliassendragonstonegehoorndegargoylehangend.jpg","datePublished":"2020-11-11T13:43:29+00:00","dateModified":"2024-12-05T14:43:49+00:00","description":"Auf der Suche nach einer Steinstatue? Bestellen Sie jetzt Dragonstone geh\u00f6rnten Wasserspeier h\u00e4ngen. Sie k\u00f6nnen ganz einfach Bilder auf unserer Website kaufe...","breadcrumb":{"@id":"https:\/\/dev.eliassen.nl\/de\/drachenstein-gehornter-wasserspeier-hangen\/#breadcrumb"},"inLanguage":"de","potentialAction":[{"@type":"ReadAction","target":["https:\/\/dev.eliassen.nl\/de\/drachenstein-gehornter-wasserspeier-hangen\/"]}]},{"@type":"ImageObject","inLanguage":"de","@id":"https:\/\/dev.eliassen.nl\/de\/drachenstein-gehornter-wasserspeier-hangen\/#primaryimage","url":"https:\/\/dev.eliassen.nl\/wp-content\/uploads\/2024\/01\/eliassendragonstonegehoorndegargoylehangend.jpg","contentUrl":"https:\/\/dev.eliassen.nl\/wp-content\/uploads\/2024\/01\/eliassendragonstonegehoorndegargoylehangend.jpg","width":685,"height":449,"caption":"Eliassen Dragonstone gehoornde gargoyle hangend"},{"@type":"BreadcrumbList","@id":"https:\/\/dev.eliassen.nl\/de\/drachenstein-gehornter-wasserspeier-hangen\/#breadcrumb","itemListElement":[{"@type":"ListItem","position":1,"name":"Home","item":"https:\/\/dev.eliassen.nl\/de\/"},{"@type":"ListItem","position":2,"name":"Shop","item":"https:\/\/dev.eliassen.nl\/nl\/winkel\/"},{"@type":"ListItem","position":3,"name":"Statuen-Skulpturen","item":"https:\/\/dev.eliassen.nl\/de\/statuen-skulpturen\/"},{"@type":"ListItem","position":4,"name":"Betonstatuen","item":"https:\/\/dev.eliassen.nl\/de\/bilder\/betonstatuen\/"},{"@type":"ListItem","position":5,"name":"Mythologische Bilder","item":"https:\/\/dev.eliassen.nl\/de\/bilder\/betonstatuen\/mythologische-bilder\/"},{"@type":"ListItem","position":6,"name":"Drachenstein geh\u00f6rnter Wasserspeier h\u00e4ngen"}]},{"@type":"WebSite","@id":"https:\/\/dev.eliassen.nl\/de\/#website","url":"https:\/\/dev.eliassen.nl\/de\/","name":"Eliassen Home & Garden Pleasure","description":"","publisher":{"@id":"https:\/\/dev.eliassen.nl\/de\/#organization"},"alternateName":"Eliassen.nl","potentialAction":[{"@type":"SearchAction","target":{"@type":"EntryPoint","urlTemplate":"https:\/\/dev.eliassen.nl\/de\/?s={search_term_string}"},"query-input":{"@type":"PropertyValueSpecification","valueRequired":true,"valueName":"search_term_string"}}],"inLanguage":"de"},{"@type":"Organization","@id":"https:\/\/dev.eliassen.nl\/de\/#organization","name":"Eliassen Home & Garden Pleasure","url":"https:\/\/dev.eliassen.nl\/de\/","logo":{"@type":"ImageObject","inLanguage":"de","@id":"https:\/\/dev.eliassen.nl\/de\/#\/schema\/logo\/image\/","url":"https:\/\/www.eliassen.nl\/wp-content\/uploads\/2024\/01\/logo_4nd.jpg","contentUrl":"https:\/\/www.eliassen.nl\/wp-content\/uploads\/2024\/01\/logo_4nd.jpg","width":500,"height":500,"caption":"Eliassen Home & Garden Pleasure"},"image":{"@id":"https:\/\/dev.eliassen.nl\/de\/#\/schema\/logo\/image\/"},"sameAs":["https:\/\/www.facebook.com\/TuincentrumEliassenAmmerzoden","https:\/\/www.instagram.com\/eliassenhomeandgarden\/","https:\/\/nl.pinterest.com\/eliassenhomeandgarden\/","https:\/\/www.youtube.com\/@eliassenhomegardenpleasure4558"]}]}},"df_price":47.5,"df_sale_price":"","df_regular_price":47.5,"df_image_link":"https:\/\/dev.eliassen.nl\/wp-content\/uploads\/2024\/01\/eliassendragonstonegehoorndegargoylehangend.jpg","image":"https:\/\/dev.eliassen.nl\/wp-content\/uploads\/2024\/01\/eliassendragonstonegehoorndegargoylehangend.jpg","price_search":"<span class=\"woocommerce-Price-amount amount\"><bdi><span class=\"woocommerce-Price-currencySymbol\">&euro;<\/span>&nbsp;47,50<\/bdi><\/span>","category":"Betonstatuen","_links":{"self":[{"href":"https:\/\/dev.eliassen.nl\/de\/wp-json\/wp\/v2\/product\/26149","targetHints":{"allow":["GET"]}}],"collection":[{"href":"https:\/\/dev.eliassen.nl\/de\/wp-json\/wp\/v2\/product"}],"about":[{"href":"https:\/\/dev.eliassen.nl\/de\/wp-json\/wp\/v2\/types\/product"}],"wp:featuredmedia":[{"embeddable":true,"href":"https:\/\/dev.eliassen.nl\/de\/wp-json\/wp\/v2\/media\/26146"}],"wp:attachment":[{"href":"https:\/\/dev.eliassen.nl\/de\/wp-json\/wp\/v2\/media?parent=26149"}],"wp:term":[{"taxonomy":"product_brand","embeddable":true,"href":"https:\/\/dev.eliassen.nl\/de\/wp-json\/wp\/v2\/product_brand?post=26149"},{"taxonomy":"product_cat","embeddable":true,"href":"https:\/\/dev.eliassen.nl\/de\/wp-json\/wp\/v2\/product_cat?post=26149"},{"taxonomy":"product_tag","embeddable":true,"href":"https:\/\/dev.eliassen.nl\/de\/wp-json\/wp\/v2\/product_tag?post=26149"}],"curies":[{"name":"wp","href":"https:\/\/api.w.org\/{rel}","templated":true}]}}