{"id":26242,"date":"2020-11-15T11:28:23","date_gmt":"2020-11-15T11:28:23","guid":{"rendered":"https:\/\/www.eliassen.nl\/?product=metalen-3d-schilderij-koning-kaartspel"},"modified":"2023-10-11T17:13:26","modified_gmt":"2023-10-11T17:13:26","slug":"metall-3d-malerei-konig-kartenspiel","status":"publish","type":"product","link":"https:\/\/dev.eliassen.nl\/de\/metall-3d-malerei-konig-kartenspiel\/","title":{"rendered":"Metall-3D-Malerei King-Kartenspiel"},"content":{"rendered":"<p>Metallgem\u00e4lde mit dem Bild einer K\u00f6nigskarte, edel aus einzelnen Metallteilen gefertigt, die alle von Hand zusammengeschwei\u00dft werden, um einen optimalen 3D-Effekt zu erzielen. Eine sch\u00f6ne Wanddekoration f\u00fcr Ihr Zuhause, drau\u00dfen unter einem Dach oder in Ihrem Unternehmen. Farben und allgemeines Erscheinungsbild k\u00f6nnen vom Foto abweichen, da das gesamte Objekt von Menschenhand gefertigt wurde.<\/p>\n<p><strong>Nahezu die gesamte Serie der Metallgem\u00e4lde kann auch live in unserem Shop besichtigt werden, eine Auswahl von 350 Metallgem\u00e4lden und 1500 weiteren Gem\u00e4ldemodellen!!<\/strong><\/p>\n<ul>\n<li>Gr\u00f6\u00dfe: 60 x 80 x 5,5 cm<\/li>\n<li>Material: lackiertes Metall<\/li>\n<li>Einfache Aufh\u00e4ngung mit 2 Schrauben<\/li>\n<li>F\u00fcr drinnen oder drau\u00dfen unter Schutz<\/li>\n<li>1 Jahr Garantie<\/li>\n<\/ul>\n","protected":false},"excerpt":{"rendered":"<p>Metallgem\u00e4lde mit dem Bild einer K\u00f6nigskarte, edel aus einzelnen Metallteilen gefertigt, die alle von Hand zusammengeschwei\u00dft werden, um einen optimalen 3D-Effekt zu erzielen. Eine sch\u00f6ne Wanddekoration f\u00fcr Ihr Zuhause, drau\u00dfen unter einem Dach oder in Ihrem Unternehmen. Farben und allgemeines Erscheinungsbild k\u00f6nnen vom Foto abweichen, da das gesamte Objekt von Menschenhand gefertigt wurde. Nahezu die &hellip;<\/p>\n","protected":false},"featured_media":26239,"template":"","meta":{"_acf_changed":false},"product_brand":[],"product_cat":[419,440,410],"product_tag":[],"class_list":{"0":"post-26242","1":"product","2":"type-product","3":"status-publish","4":"has-post-thumbnail","6":"product_cat-3d-gemaelde-aus-metall","7":"product_cat-andere-groessen-3d-gemaelde-aus-metall","8":"product_cat-gemaelde","10":"first","11":"instock","12":"taxable","13":"shipping-taxable","14":"purchasable","15":"product-type-simple"},"acf":[],"yoast_head":"<!-- This site is optimized with the Yoast SEO plugin v23.8 - https:\/\/yoast.com\/wordpress\/plugins\/seo\/ -->\n<title>Metall 3D-Malerei King Kartenspiel - Eliassen.nl<\/title>\n<meta name=\"description\" content=\"3D-Malerei aus Metall K\u00f6nig Kartenspiel aus separaten Metallteilen. Gibt einen sch\u00f6nen 3D-Effekt. Dieses Gem\u00e4lde ist komplett handgefertigt.\" \/>\n<meta name=\"robots\" content=\"noindex, follow, max-snippet:-1, max-image-preview:large, max-video-preview:-1\" \/>\n<meta property=\"og:locale\" content=\"de_DE\" \/>\n<meta property=\"og:type\" content=\"article\" \/>\n<meta property=\"og:title\" content=\"Metall 3D-Malerei King Kartenspiel - Eliassen.nl\" \/>\n<meta property=\"og:description\" content=\"3D-Malerei aus Metall K\u00f6nig Kartenspiel aus separaten Metallteilen. Gibt einen sch\u00f6nen 3D-Effekt. Dieses Gem\u00e4lde ist komplett handgefertigt.\" \/>\n<meta property=\"og:url\" content=\"https:\/\/dev.eliassen.nl\/de\/metall-3d-malerei-konig-kartenspiel\/\" \/>\n<meta property=\"og:site_name\" content=\"Eliassen.nl\" \/>\n<meta property=\"article:publisher\" content=\"https:\/\/www.facebook.com\/TuincentrumEliassenAmmerzoden\" \/>\n<meta property=\"article:modified_time\" content=\"2023-10-11T17:13:26+00:00\" \/>\n<meta property=\"og:image\" content=\"https:\/\/dev.eliassen.nl\/wp-content\/uploads\/2024\/01\/eliassenmetalen3dschilderijkoningkaartspel.jpg\" \/>\n\t<meta property=\"og:image:width\" content=\"1000\" \/>\n\t<meta property=\"og:image:height\" content=\"750\" \/>\n\t<meta property=\"og:image:type\" content=\"image\/jpeg\" \/>\n<meta name=\"twitter:card\" content=\"summary_large_image\" \/>\n<script type=\"application\/ld+json\" class=\"yoast-schema-graph\">{\"@context\":\"https:\/\/schema.org\",\"@graph\":[{\"@type\":\"WebPage\",\"@id\":\"https:\/\/dev.eliassen.nl\/de\/metall-3d-malerei-konig-kartenspiel\/\",\"url\":\"https:\/\/dev.eliassen.nl\/de\/metall-3d-malerei-konig-kartenspiel\/\",\"name\":\"Metall 3D-Malerei King Kartenspiel - Eliassen.nl\",\"isPartOf\":{\"@id\":\"https:\/\/dev.eliassen.nl\/de\/#website\"},\"primaryImageOfPage\":{\"@id\":\"https:\/\/dev.eliassen.nl\/de\/metall-3d-malerei-konig-kartenspiel\/#primaryimage\"},\"image\":{\"@id\":\"https:\/\/dev.eliassen.nl\/de\/metall-3d-malerei-konig-kartenspiel\/#primaryimage\"},\"thumbnailUrl\":\"https:\/\/dev.eliassen.nl\/wp-content\/uploads\/2024\/01\/eliassenmetalen3dschilderijkoningkaartspel.jpg\",\"datePublished\":\"2020-11-15T11:28:23+00:00\",\"dateModified\":\"2023-10-11T17:13:26+00:00\",\"description\":\"3D-Malerei aus Metall K\u00f6nig Kartenspiel aus separaten Metallteilen. Gibt einen sch\u00f6nen 3D-Effekt. Dieses Gem\u00e4lde ist komplett handgefertigt.\",\"breadcrumb\":{\"@id\":\"https:\/\/dev.eliassen.nl\/de\/metall-3d-malerei-konig-kartenspiel\/#breadcrumb\"},\"inLanguage\":\"de\",\"potentialAction\":[{\"@type\":\"ReadAction\",\"target\":[\"https:\/\/dev.eliassen.nl\/de\/metall-3d-malerei-konig-kartenspiel\/\"]}]},{\"@type\":\"ImageObject\",\"inLanguage\":\"de\",\"@id\":\"https:\/\/dev.eliassen.nl\/de\/metall-3d-malerei-konig-kartenspiel\/#primaryimage\",\"url\":\"https:\/\/dev.eliassen.nl\/wp-content\/uploads\/2024\/01\/eliassenmetalen3dschilderijkoningkaartspel.jpg\",\"contentUrl\":\"https:\/\/dev.eliassen.nl\/wp-content\/uploads\/2024\/01\/eliassenmetalen3dschilderijkoningkaartspel.jpg\",\"width\":1000,\"height\":750,\"caption\":\"Eliassen Metalen 3d schilderij Koning kaartspel\"},{\"@type\":\"BreadcrumbList\",\"@id\":\"https:\/\/dev.eliassen.nl\/de\/metall-3d-malerei-konig-kartenspiel\/#breadcrumb\",\"itemListElement\":[{\"@type\":\"ListItem\",\"position\":1,\"name\":\"Home\",\"item\":\"https:\/\/dev.eliassen.nl\/de\/\"},{\"@type\":\"ListItem\",\"position\":2,\"name\":\"Shop\",\"item\":\"https:\/\/dev.eliassen.nl\/nl\/winkel\/\"},{\"@type\":\"ListItem\",\"position\":3,\"name\":\"Gem\u00e4lde\",\"item\":\"https:\/\/dev.eliassen.nl\/de\/gemaelde\/\"},{\"@type\":\"ListItem\",\"position\":4,\"name\":\"3D-Gem\u00e4lde aus Metall\",\"item\":\"https:\/\/dev.eliassen.nl\/de\/gemaelde\/3d-gemaelde-aus-metall\/\"},{\"@type\":\"ListItem\",\"position\":5,\"name\":\"Andere Gr\u00f6\u00dfen 3D-Gem\u00e4lde aus Metall\",\"item\":\"https:\/\/dev.eliassen.nl\/de\/gemaelde\/3d-gemaelde-aus-metall\/andere-groessen-3d-gemaelde-aus-metall\/\"},{\"@type\":\"ListItem\",\"position\":6,\"name\":\"Metall-3D-Malerei King-Kartenspiel\"}]},{\"@type\":\"WebSite\",\"@id\":\"https:\/\/dev.eliassen.nl\/de\/#website\",\"url\":\"https:\/\/dev.eliassen.nl\/de\/\",\"name\":\"Eliassen Home & Garden Pleasure\",\"description\":\"\",\"publisher\":{\"@id\":\"https:\/\/dev.eliassen.nl\/de\/#organization\"},\"alternateName\":\"Eliassen.nl\",\"potentialAction\":[{\"@type\":\"SearchAction\",\"target\":{\"@type\":\"EntryPoint\",\"urlTemplate\":\"https:\/\/dev.eliassen.nl\/de\/?s={search_term_string}\"},\"query-input\":{\"@type\":\"PropertyValueSpecification\",\"valueRequired\":true,\"valueName\":\"search_term_string\"}}],\"inLanguage\":\"de\"},{\"@type\":\"Organization\",\"@id\":\"https:\/\/dev.eliassen.nl\/de\/#organization\",\"name\":\"Eliassen Home & Garden Pleasure\",\"url\":\"https:\/\/dev.eliassen.nl\/de\/\",\"logo\":{\"@type\":\"ImageObject\",\"inLanguage\":\"de\",\"@id\":\"https:\/\/dev.eliassen.nl\/de\/#\/schema\/logo\/image\/\",\"url\":\"https:\/\/www.eliassen.nl\/wp-content\/uploads\/2024\/01\/logo_4nd.jpg\",\"contentUrl\":\"https:\/\/www.eliassen.nl\/wp-content\/uploads\/2024\/01\/logo_4nd.jpg\",\"width\":500,\"height\":500,\"caption\":\"Eliassen Home & Garden Pleasure\"},\"image\":{\"@id\":\"https:\/\/dev.eliassen.nl\/de\/#\/schema\/logo\/image\/\"},\"sameAs\":[\"https:\/\/www.facebook.com\/TuincentrumEliassenAmmerzoden\",\"https:\/\/www.instagram.com\/eliassenhomeandgarden\/\",\"https:\/\/nl.pinterest.com\/eliassenhomeandgarden\/\",\"https:\/\/www.youtube.com\/@eliassenhomegardenpleasure4558\"]}]}<\/script>\n<!-- \/ Yoast SEO plugin. -->","yoast_head_json":{"title":"Metall 3D-Malerei King Kartenspiel - Eliassen.nl","description":"3D-Malerei aus Metall K\u00f6nig Kartenspiel aus separaten Metallteilen. Gibt einen sch\u00f6nen 3D-Effekt. Dieses Gem\u00e4lde ist komplett handgefertigt.","robots":{"index":"noindex","follow":"follow","max-snippet":"max-snippet:-1","max-image-preview":"max-image-preview:large","max-video-preview":"max-video-preview:-1"},"og_locale":"de_DE","og_type":"article","og_title":"Metall 3D-Malerei King Kartenspiel - Eliassen.nl","og_description":"3D-Malerei aus Metall K\u00f6nig Kartenspiel aus separaten Metallteilen. Gibt einen sch\u00f6nen 3D-Effekt. Dieses Gem\u00e4lde ist komplett handgefertigt.","og_url":"https:\/\/dev.eliassen.nl\/de\/metall-3d-malerei-konig-kartenspiel\/","og_site_name":"Eliassen.nl","article_publisher":"https:\/\/www.facebook.com\/TuincentrumEliassenAmmerzoden","article_modified_time":"2023-10-11T17:13:26+00:00","og_image":[{"width":1000,"height":750,"url":"https:\/\/dev.eliassen.nl\/wp-content\/uploads\/2024\/01\/eliassenmetalen3dschilderijkoningkaartspel.jpg","type":"image\/jpeg"}],"twitter_card":"summary_large_image","schema":{"@context":"https:\/\/schema.org","@graph":[{"@type":"WebPage","@id":"https:\/\/dev.eliassen.nl\/de\/metall-3d-malerei-konig-kartenspiel\/","url":"https:\/\/dev.eliassen.nl\/de\/metall-3d-malerei-konig-kartenspiel\/","name":"Metall 3D-Malerei King Kartenspiel - Eliassen.nl","isPartOf":{"@id":"https:\/\/dev.eliassen.nl\/de\/#website"},"primaryImageOfPage":{"@id":"https:\/\/dev.eliassen.nl\/de\/metall-3d-malerei-konig-kartenspiel\/#primaryimage"},"image":{"@id":"https:\/\/dev.eliassen.nl\/de\/metall-3d-malerei-konig-kartenspiel\/#primaryimage"},"thumbnailUrl":"https:\/\/dev.eliassen.nl\/wp-content\/uploads\/2024\/01\/eliassenmetalen3dschilderijkoningkaartspel.jpg","datePublished":"2020-11-15T11:28:23+00:00","dateModified":"2023-10-11T17:13:26+00:00","description":"3D-Malerei aus Metall K\u00f6nig Kartenspiel aus separaten Metallteilen. Gibt einen sch\u00f6nen 3D-Effekt. Dieses Gem\u00e4lde ist komplett handgefertigt.","breadcrumb":{"@id":"https:\/\/dev.eliassen.nl\/de\/metall-3d-malerei-konig-kartenspiel\/#breadcrumb"},"inLanguage":"de","potentialAction":[{"@type":"ReadAction","target":["https:\/\/dev.eliassen.nl\/de\/metall-3d-malerei-konig-kartenspiel\/"]}]},{"@type":"ImageObject","inLanguage":"de","@id":"https:\/\/dev.eliassen.nl\/de\/metall-3d-malerei-konig-kartenspiel\/#primaryimage","url":"https:\/\/dev.eliassen.nl\/wp-content\/uploads\/2024\/01\/eliassenmetalen3dschilderijkoningkaartspel.jpg","contentUrl":"https:\/\/dev.eliassen.nl\/wp-content\/uploads\/2024\/01\/eliassenmetalen3dschilderijkoningkaartspel.jpg","width":1000,"height":750,"caption":"Eliassen Metalen 3d schilderij Koning kaartspel"},{"@type":"BreadcrumbList","@id":"https:\/\/dev.eliassen.nl\/de\/metall-3d-malerei-konig-kartenspiel\/#breadcrumb","itemListElement":[{"@type":"ListItem","position":1,"name":"Home","item":"https:\/\/dev.eliassen.nl\/de\/"},{"@type":"ListItem","position":2,"name":"Shop","item":"https:\/\/dev.eliassen.nl\/nl\/winkel\/"},{"@type":"ListItem","position":3,"name":"Gem\u00e4lde","item":"https:\/\/dev.eliassen.nl\/de\/gemaelde\/"},{"@type":"ListItem","position":4,"name":"3D-Gem\u00e4lde aus Metall","item":"https:\/\/dev.eliassen.nl\/de\/gemaelde\/3d-gemaelde-aus-metall\/"},{"@type":"ListItem","position":5,"name":"Andere Gr\u00f6\u00dfen 3D-Gem\u00e4lde aus Metall","item":"https:\/\/dev.eliassen.nl\/de\/gemaelde\/3d-gemaelde-aus-metall\/andere-groessen-3d-gemaelde-aus-metall\/"},{"@type":"ListItem","position":6,"name":"Metall-3D-Malerei King-Kartenspiel"}]},{"@type":"WebSite","@id":"https:\/\/dev.eliassen.nl\/de\/#website","url":"https:\/\/dev.eliassen.nl\/de\/","name":"Eliassen Home & Garden Pleasure","description":"","publisher":{"@id":"https:\/\/dev.eliassen.nl\/de\/#organization"},"alternateName":"Eliassen.nl","potentialAction":[{"@type":"SearchAction","target":{"@type":"EntryPoint","urlTemplate":"https:\/\/dev.eliassen.nl\/de\/?s={search_term_string}"},"query-input":{"@type":"PropertyValueSpecification","valueRequired":true,"valueName":"search_term_string"}}],"inLanguage":"de"},{"@type":"Organization","@id":"https:\/\/dev.eliassen.nl\/de\/#organization","name":"Eliassen Home & Garden Pleasure","url":"https:\/\/dev.eliassen.nl\/de\/","logo":{"@type":"ImageObject","inLanguage":"de","@id":"https:\/\/dev.eliassen.nl\/de\/#\/schema\/logo\/image\/","url":"https:\/\/www.eliassen.nl\/wp-content\/uploads\/2024\/01\/logo_4nd.jpg","contentUrl":"https:\/\/www.eliassen.nl\/wp-content\/uploads\/2024\/01\/logo_4nd.jpg","width":500,"height":500,"caption":"Eliassen Home & Garden Pleasure"},"image":{"@id":"https:\/\/dev.eliassen.nl\/de\/#\/schema\/logo\/image\/"},"sameAs":["https:\/\/www.facebook.com\/TuincentrumEliassenAmmerzoden","https:\/\/www.instagram.com\/eliassenhomeandgarden\/","https:\/\/nl.pinterest.com\/eliassenhomeandgarden\/","https:\/\/www.youtube.com\/@eliassenhomegardenpleasure4558"]}]}},"df_price":149,"df_sale_price":"","df_regular_price":149,"df_image_link":"https:\/\/dev.eliassen.nl\/wp-content\/uploads\/2024\/01\/eliassenmetalen3dschilderijkoningkaartspel.jpg","image":"https:\/\/dev.eliassen.nl\/wp-content\/uploads\/2024\/01\/eliassenmetalen3dschilderijkoningkaartspel.jpg","price_search":"<span class=\"woocommerce-Price-amount amount\"><bdi><span class=\"woocommerce-Price-currencySymbol\">&euro;<\/span>&nbsp;149,00<\/bdi><\/span>","category":"3D-Gem\u00e4lde aus Metall","_links":{"self":[{"href":"https:\/\/dev.eliassen.nl\/de\/wp-json\/wp\/v2\/product\/26242","targetHints":{"allow":["GET"]}}],"collection":[{"href":"https:\/\/dev.eliassen.nl\/de\/wp-json\/wp\/v2\/product"}],"about":[{"href":"https:\/\/dev.eliassen.nl\/de\/wp-json\/wp\/v2\/types\/product"}],"wp:featuredmedia":[{"embeddable":true,"href":"https:\/\/dev.eliassen.nl\/de\/wp-json\/wp\/v2\/media\/26239"}],"wp:attachment":[{"href":"https:\/\/dev.eliassen.nl\/de\/wp-json\/wp\/v2\/media?parent=26242"}],"wp:term":[{"taxonomy":"product_brand","embeddable":true,"href":"https:\/\/dev.eliassen.nl\/de\/wp-json\/wp\/v2\/product_brand?post=26242"},{"taxonomy":"product_cat","embeddable":true,"href":"https:\/\/dev.eliassen.nl\/de\/wp-json\/wp\/v2\/product_cat?post=26242"},{"taxonomy":"product_tag","embeddable":true,"href":"https:\/\/dev.eliassen.nl\/de\/wp-json\/wp\/v2\/product_tag?post=26242"}],"curies":[{"name":"wp","href":"https:\/\/api.w.org\/{rel}","templated":true}]}}