{"id":26278,"date":"2020-12-09T11:27:52","date_gmt":"2020-12-09T10:27:52","guid":{"rendered":"https:\/\/www.eliassen.nl\/?product=schilderij-3d-metaal-che-guevara"},"modified":"2024-12-05T15:44:11","modified_gmt":"2024-12-05T14:44:11","slug":"malerei-3d-metall-che-guevara","status":"publish","type":"product","link":"https:\/\/dev.eliassen.nl\/de\/malerei-3d-metall-che-guevara\/","title":{"rendered":"Malerei 3D Metall Che Guevara"},"content":{"rendered":"<p>Ihr Zuhause oder Gesch\u00e4ft wird mit einem 3D-Gem\u00e4lde sch\u00f6n. Dieses 3D-Metallgem\u00e4lde mit Che Guevera wird komplett von Hand gefertigt. Alles ist aus Metall, also Hintergrund und Figur. Da es von Hand bemalt ist, kann die Farbe leicht vom Foto abweichen, sie sind nie genau gleich.<br \/>Wir haben auch fast die gesamte Kollektion dieser Serie in unserem Laden, was in den Niederlanden einzigartig ist.<br \/>Sie werden nirgendwo anders eine so gro\u00dfe Sammlung finden. Gern geschehen. <strong>DIESES MODELL IST NUR VON UNS ZUM VERKAUF!<\/strong><\/p>\n<h2>Wer war Che Guevara?<\/h2>\n<p>Sein urspr\u00fcnglicher Name, Ernesto Guevara, wurde in Argentinien geboren. Che Guevara war ein kubanischer Guerillaf\u00fchrer und Mitglied der revolution\u00e4ren Bewegung von Fidel Castro. Trotz seines Todes vor f\u00fcnfzig Jahren ist er immer noch unglaublich beliebt.<\/p>\n<p>Che Guevara w\u00e4chst in einer Familie mit f\u00fcnf Kindern auf. An sich war die Familie einigerma\u00dfen wohlhabend, auch weil sein Vater Architekt war und \u00fcber ein anst\u00e4ndiges Einkommen verf\u00fcgte. Im Alter von neunzehn Jahren beschlie\u00dft er, Medizin an der Universit\u00e4t zu studieren.<\/p>\n<p>Che Guevara bereiste S\u00fcdamerika ausgiebig und soll w\u00e4hrend dieser Reisen revolution\u00e4re Gedanken entwickelt haben, auch weil er in ganz S\u00fcdamerika mit so viel Armut konfrontiert war.<\/p>\n<p>In S\u00fcdamerika wird Che noch immer als Heiliger verehrt. Vor allem, weil sie sich f\u00fcr den h\u00f6heren Zweck geopfert hat. Che wollte f\u00fcr all die Ungleichheit und Armut k\u00e4mpfen, mit der er st\u00e4ndig konfrontiert war. Im Alter von 28 Jahren schlie\u00dft sich Che der Guerilla-Bewegung Fidel Castro an. Gemeinsam wollten sie 1959 den Diktator Kubas, Fulgencio Batista, st\u00fcrzen. Das funktionierte und Che wurde Minister. Che hatte auch Bolivien im Visier, aber die Macht der bolivianischen Armee war zu stark. Hier wurde auch Che verletzt. Er wird gefangen genommen und am 9. Oktober 1967 wird Che hingerichtet.<\/p>\n<p><a href=\"https:\/\/nl.wikipedia.org\/wiki\/Che_Guevara\">Lesen Sie mehr<\/a> \u00fcber Che Guevara.<\/p>\n<p>\u00a0<\/p>\n<ul>\n<li>Gr\u00f6\u00dfe 100x100cm.<\/li>\n<li>Einfach mit 2 Schrauben aufzuh\u00e4ngen.<\/li>\n<li>Schnell geliefert.<\/li>\n<li>Gr\u00f6\u00dfte Sammlung in den Benelux-L\u00e4ndern, die auch live zu sehen ist.<\/li>\n<\/ul>\n","protected":false},"excerpt":{"rendered":"<p>Ihr Zuhause oder Gesch\u00e4ft wird mit einem 3D-Gem\u00e4lde sch\u00f6n. Dieses 3D-Metallgem\u00e4lde mit Che Guevera wird komplett von Hand gefertigt. Alles ist aus Metall, also Hintergrund und Figur. Da es von Hand bemalt ist, kann die Farbe leicht vom Foto abweichen, sie sind nie genau gleich.Wir haben auch fast die gesamte Kollektion dieser Serie in unserem &hellip;<\/p>\n","protected":false},"featured_media":26275,"template":"","meta":{"_acf_changed":false},"product_brand":[],"product_cat":[419,428,410],"product_tag":[],"class_list":{"0":"post-26278","1":"product","2":"type-product","3":"status-publish","4":"has-post-thumbnail","6":"product_cat-3d-gemaelde-aus-metall","7":"product_cat-3d-gemaelde-aus-metall-im-format-100x100cm","8":"product_cat-gemaelde","10":"first","11":"instock","12":"sale","13":"taxable","14":"shipping-taxable","15":"purchasable","16":"product-type-simple"},"acf":[],"yoast_head":"<!-- This site is optimized with the Yoast SEO plugin v23.8 - https:\/\/yoast.com\/wordpress\/plugins\/seo\/ -->\n<title>3D Metallmalerei Che Guevara 100x100cm - Eliassen.nl<\/title>\n<meta name=\"description\" content=\"Suchen Sie ein Metallgem\u00e4lde? Bestellen Sie jetzt 3D Che Guevara Metallmalerei. Sie k\u00f6nnen 3D-Kunst ganz einfach auf unserer Website kaufen. \u2713 Gro\u00dfes Sortime...\" \/>\n<meta name=\"robots\" content=\"noindex, follow, max-snippet:-1, max-image-preview:large, max-video-preview:-1\" \/>\n<meta property=\"og:locale\" content=\"de_DE\" \/>\n<meta property=\"og:type\" content=\"article\" \/>\n<meta property=\"og:title\" content=\"3D Metallmalerei Che Guevara 100x100cm - Eliassen.nl\" \/>\n<meta property=\"og:description\" content=\"Suchen Sie ein Metallgem\u00e4lde? Bestellen Sie jetzt 3D Che Guevara Metallmalerei. Sie k\u00f6nnen 3D-Kunst ganz einfach auf unserer Website kaufen. \u2713 Gro\u00dfes Sortime...\" \/>\n<meta property=\"og:url\" content=\"https:\/\/dev.eliassen.nl\/de\/malerei-3d-metall-che-guevara\/\" \/>\n<meta property=\"og:site_name\" content=\"Eliassen.nl\" \/>\n<meta property=\"article:publisher\" content=\"https:\/\/www.facebook.com\/TuincentrumEliassenAmmerzoden\" \/>\n<meta property=\"article:modified_time\" content=\"2024-12-05T14:44:11+00:00\" \/>\n<meta property=\"og:image\" content=\"https:\/\/dev.eliassen.nl\/wp-content\/uploads\/2024\/01\/schilderij3dmetaalmaxverstappenformule180x1.jpg\" \/>\n\t<meta property=\"og:image:width\" content=\"2032\" \/>\n\t<meta property=\"og:image:height\" content=\"2048\" \/>\n\t<meta property=\"og:image:type\" content=\"image\/jpeg\" \/>\n<meta name=\"twitter:card\" content=\"summary_large_image\" \/>\n<script type=\"application\/ld+json\" class=\"yoast-schema-graph\">{\"@context\":\"https:\/\/schema.org\",\"@graph\":[{\"@type\":\"WebPage\",\"@id\":\"https:\/\/dev.eliassen.nl\/de\/malerei-3d-metall-che-guevara\/\",\"url\":\"https:\/\/dev.eliassen.nl\/de\/malerei-3d-metall-che-guevara\/\",\"name\":\"3D Metallmalerei Che Guevara 100x100cm - Eliassen.nl\",\"isPartOf\":{\"@id\":\"https:\/\/dev.eliassen.nl\/de\/#website\"},\"primaryImageOfPage\":{\"@id\":\"https:\/\/dev.eliassen.nl\/de\/malerei-3d-metall-che-guevara\/#primaryimage\"},\"image\":{\"@id\":\"https:\/\/dev.eliassen.nl\/de\/malerei-3d-metall-che-guevara\/#primaryimage\"},\"thumbnailUrl\":\"https:\/\/dev.eliassen.nl\/wp-content\/uploads\/2024\/01\/schilderij3dmetaalmaxverstappenformule180x1.jpg\",\"datePublished\":\"2020-12-09T10:27:52+00:00\",\"dateModified\":\"2024-12-05T14:44:11+00:00\",\"description\":\"Suchen Sie ein Metallgem\u00e4lde? Bestellen Sie jetzt 3D Che Guevara Metallmalerei. Sie k\u00f6nnen 3D-Kunst ganz einfach auf unserer Website kaufen. \u2713 Gro\u00dfes Sortime...\",\"breadcrumb\":{\"@id\":\"https:\/\/dev.eliassen.nl\/de\/malerei-3d-metall-che-guevara\/#breadcrumb\"},\"inLanguage\":\"de\",\"potentialAction\":[{\"@type\":\"ReadAction\",\"target\":[\"https:\/\/dev.eliassen.nl\/de\/malerei-3d-metall-che-guevara\/\"]}]},{\"@type\":\"ImageObject\",\"inLanguage\":\"de\",\"@id\":\"https:\/\/dev.eliassen.nl\/de\/malerei-3d-metall-che-guevara\/#primaryimage\",\"url\":\"https:\/\/dev.eliassen.nl\/wp-content\/uploads\/2024\/01\/schilderij3dmetaalmaxverstappenformule180x1.jpg\",\"contentUrl\":\"https:\/\/dev.eliassen.nl\/wp-content\/uploads\/2024\/01\/schilderij3dmetaalmaxverstappenformule180x1.jpg\",\"width\":2032,\"height\":2048,\"caption\":\"Schilderij 3d Metaal Max verstappen Formule 1 80x120cm - Eliassen.nl\"},{\"@type\":\"BreadcrumbList\",\"@id\":\"https:\/\/dev.eliassen.nl\/de\/malerei-3d-metall-che-guevara\/#breadcrumb\",\"itemListElement\":[{\"@type\":\"ListItem\",\"position\":1,\"name\":\"Home\",\"item\":\"https:\/\/dev.eliassen.nl\/de\/\"},{\"@type\":\"ListItem\",\"position\":2,\"name\":\"Shop\",\"item\":\"https:\/\/dev.eliassen.nl\/nl\/winkel\/\"},{\"@type\":\"ListItem\",\"position\":3,\"name\":\"Gem\u00e4lde\",\"item\":\"https:\/\/dev.eliassen.nl\/de\/gemaelde\/\"},{\"@type\":\"ListItem\",\"position\":4,\"name\":\"3D-Gem\u00e4lde aus Metall\",\"item\":\"https:\/\/dev.eliassen.nl\/de\/gemaelde\/3d-gemaelde-aus-metall\/\"},{\"@type\":\"ListItem\",\"position\":5,\"name\":\"3D-Gem\u00e4lde aus Metall im Format 100x100cm\",\"item\":\"https:\/\/dev.eliassen.nl\/de\/gemaelde\/3d-gemaelde-aus-metall\/3d-gemaelde-aus-metall-im-format-100x100cm\/\"},{\"@type\":\"ListItem\",\"position\":6,\"name\":\"Malerei 3D Metall Che Guevara\"}]},{\"@type\":\"WebSite\",\"@id\":\"https:\/\/dev.eliassen.nl\/de\/#website\",\"url\":\"https:\/\/dev.eliassen.nl\/de\/\",\"name\":\"Eliassen Home & Garden Pleasure\",\"description\":\"\",\"publisher\":{\"@id\":\"https:\/\/dev.eliassen.nl\/de\/#organization\"},\"alternateName\":\"Eliassen.nl\",\"potentialAction\":[{\"@type\":\"SearchAction\",\"target\":{\"@type\":\"EntryPoint\",\"urlTemplate\":\"https:\/\/dev.eliassen.nl\/de\/?s={search_term_string}\"},\"query-input\":{\"@type\":\"PropertyValueSpecification\",\"valueRequired\":true,\"valueName\":\"search_term_string\"}}],\"inLanguage\":\"de\"},{\"@type\":\"Organization\",\"@id\":\"https:\/\/dev.eliassen.nl\/de\/#organization\",\"name\":\"Eliassen Home & Garden Pleasure\",\"url\":\"https:\/\/dev.eliassen.nl\/de\/\",\"logo\":{\"@type\":\"ImageObject\",\"inLanguage\":\"de\",\"@id\":\"https:\/\/dev.eliassen.nl\/de\/#\/schema\/logo\/image\/\",\"url\":\"https:\/\/www.eliassen.nl\/wp-content\/uploads\/2024\/01\/logo_4nd.jpg\",\"contentUrl\":\"https:\/\/www.eliassen.nl\/wp-content\/uploads\/2024\/01\/logo_4nd.jpg\",\"width\":500,\"height\":500,\"caption\":\"Eliassen Home & Garden Pleasure\"},\"image\":{\"@id\":\"https:\/\/dev.eliassen.nl\/de\/#\/schema\/logo\/image\/\"},\"sameAs\":[\"https:\/\/www.facebook.com\/TuincentrumEliassenAmmerzoden\",\"https:\/\/www.instagram.com\/eliassenhomeandgarden\/\",\"https:\/\/nl.pinterest.com\/eliassenhomeandgarden\/\",\"https:\/\/www.youtube.com\/@eliassenhomegardenpleasure4558\"]}]}<\/script>\n<!-- \/ Yoast SEO plugin. -->","yoast_head_json":{"title":"3D Metallmalerei Che Guevara 100x100cm - Eliassen.nl","description":"Suchen Sie ein Metallgem\u00e4lde? Bestellen Sie jetzt 3D Che Guevara Metallmalerei. Sie k\u00f6nnen 3D-Kunst ganz einfach auf unserer Website kaufen. \u2713 Gro\u00dfes Sortime...","robots":{"index":"noindex","follow":"follow","max-snippet":"max-snippet:-1","max-image-preview":"max-image-preview:large","max-video-preview":"max-video-preview:-1"},"og_locale":"de_DE","og_type":"article","og_title":"3D Metallmalerei Che Guevara 100x100cm - Eliassen.nl","og_description":"Suchen Sie ein Metallgem\u00e4lde? Bestellen Sie jetzt 3D Che Guevara Metallmalerei. Sie k\u00f6nnen 3D-Kunst ganz einfach auf unserer Website kaufen. \u2713 Gro\u00dfes Sortime...","og_url":"https:\/\/dev.eliassen.nl\/de\/malerei-3d-metall-che-guevara\/","og_site_name":"Eliassen.nl","article_publisher":"https:\/\/www.facebook.com\/TuincentrumEliassenAmmerzoden","article_modified_time":"2024-12-05T14:44:11+00:00","og_image":[{"width":2032,"height":2048,"url":"https:\/\/dev.eliassen.nl\/wp-content\/uploads\/2024\/01\/schilderij3dmetaalmaxverstappenformule180x1.jpg","type":"image\/jpeg"}],"twitter_card":"summary_large_image","schema":{"@context":"https:\/\/schema.org","@graph":[{"@type":"WebPage","@id":"https:\/\/dev.eliassen.nl\/de\/malerei-3d-metall-che-guevara\/","url":"https:\/\/dev.eliassen.nl\/de\/malerei-3d-metall-che-guevara\/","name":"3D Metallmalerei Che Guevara 100x100cm - Eliassen.nl","isPartOf":{"@id":"https:\/\/dev.eliassen.nl\/de\/#website"},"primaryImageOfPage":{"@id":"https:\/\/dev.eliassen.nl\/de\/malerei-3d-metall-che-guevara\/#primaryimage"},"image":{"@id":"https:\/\/dev.eliassen.nl\/de\/malerei-3d-metall-che-guevara\/#primaryimage"},"thumbnailUrl":"https:\/\/dev.eliassen.nl\/wp-content\/uploads\/2024\/01\/schilderij3dmetaalmaxverstappenformule180x1.jpg","datePublished":"2020-12-09T10:27:52+00:00","dateModified":"2024-12-05T14:44:11+00:00","description":"Suchen Sie ein Metallgem\u00e4lde? Bestellen Sie jetzt 3D Che Guevara Metallmalerei. Sie k\u00f6nnen 3D-Kunst ganz einfach auf unserer Website kaufen. \u2713 Gro\u00dfes Sortime...","breadcrumb":{"@id":"https:\/\/dev.eliassen.nl\/de\/malerei-3d-metall-che-guevara\/#breadcrumb"},"inLanguage":"de","potentialAction":[{"@type":"ReadAction","target":["https:\/\/dev.eliassen.nl\/de\/malerei-3d-metall-che-guevara\/"]}]},{"@type":"ImageObject","inLanguage":"de","@id":"https:\/\/dev.eliassen.nl\/de\/malerei-3d-metall-che-guevara\/#primaryimage","url":"https:\/\/dev.eliassen.nl\/wp-content\/uploads\/2024\/01\/schilderij3dmetaalmaxverstappenformule180x1.jpg","contentUrl":"https:\/\/dev.eliassen.nl\/wp-content\/uploads\/2024\/01\/schilderij3dmetaalmaxverstappenformule180x1.jpg","width":2032,"height":2048,"caption":"Schilderij 3d Metaal Max verstappen Formule 1 80x120cm - Eliassen.nl"},{"@type":"BreadcrumbList","@id":"https:\/\/dev.eliassen.nl\/de\/malerei-3d-metall-che-guevara\/#breadcrumb","itemListElement":[{"@type":"ListItem","position":1,"name":"Home","item":"https:\/\/dev.eliassen.nl\/de\/"},{"@type":"ListItem","position":2,"name":"Shop","item":"https:\/\/dev.eliassen.nl\/nl\/winkel\/"},{"@type":"ListItem","position":3,"name":"Gem\u00e4lde","item":"https:\/\/dev.eliassen.nl\/de\/gemaelde\/"},{"@type":"ListItem","position":4,"name":"3D-Gem\u00e4lde aus Metall","item":"https:\/\/dev.eliassen.nl\/de\/gemaelde\/3d-gemaelde-aus-metall\/"},{"@type":"ListItem","position":5,"name":"3D-Gem\u00e4lde aus Metall im Format 100x100cm","item":"https:\/\/dev.eliassen.nl\/de\/gemaelde\/3d-gemaelde-aus-metall\/3d-gemaelde-aus-metall-im-format-100x100cm\/"},{"@type":"ListItem","position":6,"name":"Malerei 3D Metall Che Guevara"}]},{"@type":"WebSite","@id":"https:\/\/dev.eliassen.nl\/de\/#website","url":"https:\/\/dev.eliassen.nl\/de\/","name":"Eliassen Home & Garden Pleasure","description":"","publisher":{"@id":"https:\/\/dev.eliassen.nl\/de\/#organization"},"alternateName":"Eliassen.nl","potentialAction":[{"@type":"SearchAction","target":{"@type":"EntryPoint","urlTemplate":"https:\/\/dev.eliassen.nl\/de\/?s={search_term_string}"},"query-input":{"@type":"PropertyValueSpecification","valueRequired":true,"valueName":"search_term_string"}}],"inLanguage":"de"},{"@type":"Organization","@id":"https:\/\/dev.eliassen.nl\/de\/#organization","name":"Eliassen Home & Garden Pleasure","url":"https:\/\/dev.eliassen.nl\/de\/","logo":{"@type":"ImageObject","inLanguage":"de","@id":"https:\/\/dev.eliassen.nl\/de\/#\/schema\/logo\/image\/","url":"https:\/\/www.eliassen.nl\/wp-content\/uploads\/2024\/01\/logo_4nd.jpg","contentUrl":"https:\/\/www.eliassen.nl\/wp-content\/uploads\/2024\/01\/logo_4nd.jpg","width":500,"height":500,"caption":"Eliassen Home & Garden Pleasure"},"image":{"@id":"https:\/\/dev.eliassen.nl\/de\/#\/schema\/logo\/image\/"},"sameAs":["https:\/\/www.facebook.com\/TuincentrumEliassenAmmerzoden","https:\/\/www.instagram.com\/eliassenhomeandgarden\/","https:\/\/nl.pinterest.com\/eliassenhomeandgarden\/","https:\/\/www.youtube.com\/@eliassenhomegardenpleasure4558"]}]}},"df_price":139,"df_sale_price":139,"df_regular_price":209,"df_image_link":"https:\/\/dev.eliassen.nl\/wp-content\/uploads\/2024\/01\/schilderij3dmetaalmaxverstappenformule180x1.jpg","image":"https:\/\/dev.eliassen.nl\/wp-content\/uploads\/2024\/01\/schilderij3dmetaalmaxverstappenformule180x1.jpg","price_search":"<span class=\"woocommerce-Price-amount amount\"><bdi><span class=\"woocommerce-Price-currencySymbol\">&euro;<\/span>&nbsp;139,00<\/bdi><\/span>","category":"3D-Gem\u00e4lde aus Metall","_links":{"self":[{"href":"https:\/\/dev.eliassen.nl\/de\/wp-json\/wp\/v2\/product\/26278","targetHints":{"allow":["GET"]}}],"collection":[{"href":"https:\/\/dev.eliassen.nl\/de\/wp-json\/wp\/v2\/product"}],"about":[{"href":"https:\/\/dev.eliassen.nl\/de\/wp-json\/wp\/v2\/types\/product"}],"wp:featuredmedia":[{"embeddable":true,"href":"https:\/\/dev.eliassen.nl\/de\/wp-json\/wp\/v2\/media\/26275"}],"wp:attachment":[{"href":"https:\/\/dev.eliassen.nl\/de\/wp-json\/wp\/v2\/media?parent=26278"}],"wp:term":[{"taxonomy":"product_brand","embeddable":true,"href":"https:\/\/dev.eliassen.nl\/de\/wp-json\/wp\/v2\/product_brand?post=26278"},{"taxonomy":"product_cat","embeddable":true,"href":"https:\/\/dev.eliassen.nl\/de\/wp-json\/wp\/v2\/product_cat?post=26278"},{"taxonomy":"product_tag","embeddable":true,"href":"https:\/\/dev.eliassen.nl\/de\/wp-json\/wp\/v2\/product_tag?post=26278"}],"curies":[{"name":"wp","href":"https:\/\/api.w.org\/{rel}","templated":true}]}}