{"id":26329,"date":"2020-12-24T10:06:44","date_gmt":"2020-12-24T09:06:44","guid":{"rendered":"https:\/\/www.eliassen.nl\/?product=glas-object-pelikaan"},"modified":"2024-12-05T15:44:21","modified_gmt":"2024-12-05T14:44:21","slug":"glasobjekt-pelikan","status":"publish","type":"product","link":"https:\/\/dev.eliassen.nl\/de\/glasobjekt-pelikan\/","title":{"rendered":"Glasobjekt Pelikan"},"content":{"rendered":"<p>Dieses einzigartige Glasdekorationsobjekt in Form eines Pelikans ist ein wundersch\u00f6nes Dekorationsst\u00fcck f\u00fcr Ihr Zuhause oder zum Verschenken. Dieser Glaspelikan wird auf die gleiche Weise hergestellt wie das alte und ber\u00fchmte Muranoglas aus Italien. Authentisch mundgeblasen aus verschiedenen Glasfarben, die miteinander verschmolzen sind.<\/p>\n<p>Da dieses St\u00fcck Glasdekoration von Hand gefertigt wird, ist jedes St\u00fcck dieser Serie in Form und Farbe einzigartig, sodass Ihre Glasdekoration vom Foto abweichen kann.<\/p>\n<p>Sie k\u00f6nnen diese Serie von Glaskunst auch in unserem Shop ansehen.<\/p>\n<ul>\n<li>Handgemacht nach der alten Murano-Methode<\/li>\n<li>Aus massivem Glas<\/li>\n<li>Gr\u00f6\u00dfe: 26x9x15 cm<\/li>\n<\/ul>\n","protected":false},"excerpt":{"rendered":"<p>Dieses einzigartige Glasdekorationsobjekt in Form eines Pelikans ist ein wundersch\u00f6nes Dekorationsst\u00fcck f\u00fcr Ihr Zuhause oder zum Verschenken. Dieser Glaspelikan wird auf die gleiche Weise hergestellt wie das alte und ber\u00fchmte Muranoglas aus Italien. Authentisch mundgeblasen aus verschiedenen Glasfarben, die miteinander verschmolzen sind. Da dieses St\u00fcck Glasdekoration von Hand gefertigt wird, ist jedes St\u00fcck dieser Serie &hellip;<\/p>\n","protected":false},"featured_media":26326,"template":"","meta":{"_acf_changed":false},"product_brand":[],"product_cat":[800,824],"product_tag":[],"class_list":{"0":"post-26329","1":"product","2":"type-product","3":"status-publish","4":"has-post-thumbnail","6":"product_cat-glaskunst","7":"product_cat-tierfiguren-aus-glas","9":"first","10":"outofstock","11":"taxable","12":"shipping-taxable","13":"purchasable","14":"product-type-simple"},"acf":[],"yoast_head":"<!-- This site is optimized with the Yoast SEO plugin v23.8 - https:\/\/yoast.com\/wordpress\/plugins\/seo\/ -->\n<title>Glas object Pelikaan | Eliassen<\/title>\n<meta name=\"description\" content=\"Bij Eliassen koopt u Glas object Pelikaan online of live te bekijken in de showroom. Wij hebben de mooiste glaskunst, dieren van glas\" \/>\n<meta name=\"robots\" content=\"noindex, follow, max-snippet:-1, max-image-preview:large, max-video-preview:-1\" \/>\n<meta property=\"og:locale\" content=\"de_DE\" \/>\n<meta property=\"og:type\" content=\"article\" \/>\n<meta property=\"og:title\" content=\"Glas object Pelikaan | Eliassen\" \/>\n<meta property=\"og:description\" content=\"Bij Eliassen koopt u Glas object Pelikaan online of live te bekijken in de showroom. Wij hebben de mooiste glaskunst, dieren van glas\" \/>\n<meta property=\"og:url\" content=\"https:\/\/dev.eliassen.nl\/de\/glasobjekt-pelikan\/\" \/>\n<meta property=\"og:site_name\" content=\"Eliassen.nl\" \/>\n<meta property=\"article:publisher\" content=\"https:\/\/www.facebook.com\/TuincentrumEliassenAmmerzoden\" \/>\n<meta property=\"article:modified_time\" content=\"2024-12-05T14:44:21+00:00\" \/>\n<meta property=\"og:image\" content=\"https:\/\/dev.eliassen.nl\/wp-content\/uploads\/2024\/01\/mg135560x560.jpg\" \/>\n\t<meta property=\"og:image:width\" content=\"560\" \/>\n\t<meta property=\"og:image:height\" content=\"560\" \/>\n\t<meta property=\"og:image:type\" content=\"image\/jpeg\" \/>\n<meta name=\"twitter:card\" content=\"summary_large_image\" \/>\n<script type=\"application\/ld+json\" class=\"yoast-schema-graph\">{\"@context\":\"https:\/\/schema.org\",\"@graph\":[{\"@type\":\"WebPage\",\"@id\":\"https:\/\/dev.eliassen.nl\/de\/glasobjekt-pelikan\/\",\"url\":\"https:\/\/dev.eliassen.nl\/de\/glasobjekt-pelikan\/\",\"name\":\"Glas object Pelikaan | Eliassen\",\"isPartOf\":{\"@id\":\"https:\/\/dev.eliassen.nl\/de\/#website\"},\"primaryImageOfPage\":{\"@id\":\"https:\/\/dev.eliassen.nl\/de\/glasobjekt-pelikan\/#primaryimage\"},\"image\":{\"@id\":\"https:\/\/dev.eliassen.nl\/de\/glasobjekt-pelikan\/#primaryimage\"},\"thumbnailUrl\":\"https:\/\/dev.eliassen.nl\/wp-content\/uploads\/2024\/01\/mg135560x560.jpg\",\"datePublished\":\"2020-12-24T09:06:44+00:00\",\"dateModified\":\"2024-12-05T14:44:21+00:00\",\"description\":\"Bij Eliassen koopt u Glas object Pelikaan online of live te bekijken in de showroom. Wij hebben de mooiste glaskunst, dieren van glas\",\"breadcrumb\":{\"@id\":\"https:\/\/dev.eliassen.nl\/de\/glasobjekt-pelikan\/#breadcrumb\"},\"inLanguage\":\"de\",\"potentialAction\":[{\"@type\":\"ReadAction\",\"target\":[\"https:\/\/dev.eliassen.nl\/de\/glasobjekt-pelikan\/\"]}]},{\"@type\":\"ImageObject\",\"inLanguage\":\"de\",\"@id\":\"https:\/\/dev.eliassen.nl\/de\/glasobjekt-pelikan\/#primaryimage\",\"url\":\"https:\/\/dev.eliassen.nl\/wp-content\/uploads\/2024\/01\/mg135560x560.jpg\",\"contentUrl\":\"https:\/\/dev.eliassen.nl\/wp-content\/uploads\/2024\/01\/mg135560x560.jpg\",\"width\":560,\"height\":560,\"caption\":\"MG-135!560x560\"},{\"@type\":\"BreadcrumbList\",\"@id\":\"https:\/\/dev.eliassen.nl\/de\/glasobjekt-pelikan\/#breadcrumb\",\"itemListElement\":[{\"@type\":\"ListItem\",\"position\":1,\"name\":\"Home\",\"item\":\"https:\/\/dev.eliassen.nl\/de\/\"},{\"@type\":\"ListItem\",\"position\":2,\"name\":\"Shop\",\"item\":\"https:\/\/dev.eliassen.nl\/nl\/winkel\/\"},{\"@type\":\"ListItem\",\"position\":3,\"name\":\"Glaskunst\",\"item\":\"https:\/\/dev.eliassen.nl\/de\/glaskunst\/\"},{\"@type\":\"ListItem\",\"position\":4,\"name\":\"Tierfiguren aus Glas\",\"item\":\"https:\/\/dev.eliassen.nl\/de\/glaskunst\/tierfiguren-aus-glas\/\"},{\"@type\":\"ListItem\",\"position\":5,\"name\":\"Glasobjekt Pelikan\"}]},{\"@type\":\"WebSite\",\"@id\":\"https:\/\/dev.eliassen.nl\/de\/#website\",\"url\":\"https:\/\/dev.eliassen.nl\/de\/\",\"name\":\"Eliassen Home & Garden Pleasure\",\"description\":\"\",\"publisher\":{\"@id\":\"https:\/\/dev.eliassen.nl\/de\/#organization\"},\"alternateName\":\"Eliassen.nl\",\"potentialAction\":[{\"@type\":\"SearchAction\",\"target\":{\"@type\":\"EntryPoint\",\"urlTemplate\":\"https:\/\/dev.eliassen.nl\/de\/?s={search_term_string}\"},\"query-input\":{\"@type\":\"PropertyValueSpecification\",\"valueRequired\":true,\"valueName\":\"search_term_string\"}}],\"inLanguage\":\"de\"},{\"@type\":\"Organization\",\"@id\":\"https:\/\/dev.eliassen.nl\/de\/#organization\",\"name\":\"Eliassen Home & Garden Pleasure\",\"url\":\"https:\/\/dev.eliassen.nl\/de\/\",\"logo\":{\"@type\":\"ImageObject\",\"inLanguage\":\"de\",\"@id\":\"https:\/\/dev.eliassen.nl\/de\/#\/schema\/logo\/image\/\",\"url\":\"https:\/\/www.eliassen.nl\/wp-content\/uploads\/2024\/01\/logo_4nd.jpg\",\"contentUrl\":\"https:\/\/www.eliassen.nl\/wp-content\/uploads\/2024\/01\/logo_4nd.jpg\",\"width\":500,\"height\":500,\"caption\":\"Eliassen Home & Garden Pleasure\"},\"image\":{\"@id\":\"https:\/\/dev.eliassen.nl\/de\/#\/schema\/logo\/image\/\"},\"sameAs\":[\"https:\/\/www.facebook.com\/TuincentrumEliassenAmmerzoden\",\"https:\/\/www.instagram.com\/eliassenhomeandgarden\/\",\"https:\/\/nl.pinterest.com\/eliassenhomeandgarden\/\",\"https:\/\/www.youtube.com\/@eliassenhomegardenpleasure4558\"]}]}<\/script>\n<!-- \/ Yoast SEO plugin. -->","yoast_head_json":{"title":"Glas object Pelikaan | Eliassen","description":"Bij Eliassen koopt u Glas object Pelikaan online of live te bekijken in de showroom. Wij hebben de mooiste glaskunst, dieren van glas","robots":{"index":"noindex","follow":"follow","max-snippet":"max-snippet:-1","max-image-preview":"max-image-preview:large","max-video-preview":"max-video-preview:-1"},"og_locale":"de_DE","og_type":"article","og_title":"Glas object Pelikaan | Eliassen","og_description":"Bij Eliassen koopt u Glas object Pelikaan online of live te bekijken in de showroom. Wij hebben de mooiste glaskunst, dieren van glas","og_url":"https:\/\/dev.eliassen.nl\/de\/glasobjekt-pelikan\/","og_site_name":"Eliassen.nl","article_publisher":"https:\/\/www.facebook.com\/TuincentrumEliassenAmmerzoden","article_modified_time":"2024-12-05T14:44:21+00:00","og_image":[{"width":560,"height":560,"url":"https:\/\/dev.eliassen.nl\/wp-content\/uploads\/2024\/01\/mg135560x560.jpg","type":"image\/jpeg"}],"twitter_card":"summary_large_image","schema":{"@context":"https:\/\/schema.org","@graph":[{"@type":"WebPage","@id":"https:\/\/dev.eliassen.nl\/de\/glasobjekt-pelikan\/","url":"https:\/\/dev.eliassen.nl\/de\/glasobjekt-pelikan\/","name":"Glas object Pelikaan | Eliassen","isPartOf":{"@id":"https:\/\/dev.eliassen.nl\/de\/#website"},"primaryImageOfPage":{"@id":"https:\/\/dev.eliassen.nl\/de\/glasobjekt-pelikan\/#primaryimage"},"image":{"@id":"https:\/\/dev.eliassen.nl\/de\/glasobjekt-pelikan\/#primaryimage"},"thumbnailUrl":"https:\/\/dev.eliassen.nl\/wp-content\/uploads\/2024\/01\/mg135560x560.jpg","datePublished":"2020-12-24T09:06:44+00:00","dateModified":"2024-12-05T14:44:21+00:00","description":"Bij Eliassen koopt u Glas object Pelikaan online of live te bekijken in de showroom. Wij hebben de mooiste glaskunst, dieren van glas","breadcrumb":{"@id":"https:\/\/dev.eliassen.nl\/de\/glasobjekt-pelikan\/#breadcrumb"},"inLanguage":"de","potentialAction":[{"@type":"ReadAction","target":["https:\/\/dev.eliassen.nl\/de\/glasobjekt-pelikan\/"]}]},{"@type":"ImageObject","inLanguage":"de","@id":"https:\/\/dev.eliassen.nl\/de\/glasobjekt-pelikan\/#primaryimage","url":"https:\/\/dev.eliassen.nl\/wp-content\/uploads\/2024\/01\/mg135560x560.jpg","contentUrl":"https:\/\/dev.eliassen.nl\/wp-content\/uploads\/2024\/01\/mg135560x560.jpg","width":560,"height":560,"caption":"MG-135!560x560"},{"@type":"BreadcrumbList","@id":"https:\/\/dev.eliassen.nl\/de\/glasobjekt-pelikan\/#breadcrumb","itemListElement":[{"@type":"ListItem","position":1,"name":"Home","item":"https:\/\/dev.eliassen.nl\/de\/"},{"@type":"ListItem","position":2,"name":"Shop","item":"https:\/\/dev.eliassen.nl\/nl\/winkel\/"},{"@type":"ListItem","position":3,"name":"Glaskunst","item":"https:\/\/dev.eliassen.nl\/de\/glaskunst\/"},{"@type":"ListItem","position":4,"name":"Tierfiguren aus Glas","item":"https:\/\/dev.eliassen.nl\/de\/glaskunst\/tierfiguren-aus-glas\/"},{"@type":"ListItem","position":5,"name":"Glasobjekt Pelikan"}]},{"@type":"WebSite","@id":"https:\/\/dev.eliassen.nl\/de\/#website","url":"https:\/\/dev.eliassen.nl\/de\/","name":"Eliassen Home & Garden Pleasure","description":"","publisher":{"@id":"https:\/\/dev.eliassen.nl\/de\/#organization"},"alternateName":"Eliassen.nl","potentialAction":[{"@type":"SearchAction","target":{"@type":"EntryPoint","urlTemplate":"https:\/\/dev.eliassen.nl\/de\/?s={search_term_string}"},"query-input":{"@type":"PropertyValueSpecification","valueRequired":true,"valueName":"search_term_string"}}],"inLanguage":"de"},{"@type":"Organization","@id":"https:\/\/dev.eliassen.nl\/de\/#organization","name":"Eliassen Home & Garden Pleasure","url":"https:\/\/dev.eliassen.nl\/de\/","logo":{"@type":"ImageObject","inLanguage":"de","@id":"https:\/\/dev.eliassen.nl\/de\/#\/schema\/logo\/image\/","url":"https:\/\/www.eliassen.nl\/wp-content\/uploads\/2024\/01\/logo_4nd.jpg","contentUrl":"https:\/\/www.eliassen.nl\/wp-content\/uploads\/2024\/01\/logo_4nd.jpg","width":500,"height":500,"caption":"Eliassen Home & Garden Pleasure"},"image":{"@id":"https:\/\/dev.eliassen.nl\/de\/#\/schema\/logo\/image\/"},"sameAs":["https:\/\/www.facebook.com\/TuincentrumEliassenAmmerzoden","https:\/\/www.instagram.com\/eliassenhomeandgarden\/","https:\/\/nl.pinterest.com\/eliassenhomeandgarden\/","https:\/\/www.youtube.com\/@eliassenhomegardenpleasure4558"]}]}},"df_price":52.5,"df_sale_price":"","df_regular_price":52.5,"df_image_link":"https:\/\/dev.eliassen.nl\/wp-content\/uploads\/2024\/01\/mg135560x560.jpg","image":"https:\/\/dev.eliassen.nl\/wp-content\/uploads\/2024\/01\/mg135560x560.jpg","price_search":"<span class=\"woocommerce-Price-amount amount\"><bdi><span class=\"woocommerce-Price-currencySymbol\">&euro;<\/span>&nbsp;52,50<\/bdi><\/span>","category":"Glaskunst","_links":{"self":[{"href":"https:\/\/dev.eliassen.nl\/de\/wp-json\/wp\/v2\/product\/26329","targetHints":{"allow":["GET"]}}],"collection":[{"href":"https:\/\/dev.eliassen.nl\/de\/wp-json\/wp\/v2\/product"}],"about":[{"href":"https:\/\/dev.eliassen.nl\/de\/wp-json\/wp\/v2\/types\/product"}],"wp:featuredmedia":[{"embeddable":true,"href":"https:\/\/dev.eliassen.nl\/de\/wp-json\/wp\/v2\/media\/26326"}],"wp:attachment":[{"href":"https:\/\/dev.eliassen.nl\/de\/wp-json\/wp\/v2\/media?parent=26329"}],"wp:term":[{"taxonomy":"product_brand","embeddable":true,"href":"https:\/\/dev.eliassen.nl\/de\/wp-json\/wp\/v2\/product_brand?post=26329"},{"taxonomy":"product_cat","embeddable":true,"href":"https:\/\/dev.eliassen.nl\/de\/wp-json\/wp\/v2\/product_cat?post=26329"},{"taxonomy":"product_tag","embeddable":true,"href":"https:\/\/dev.eliassen.nl\/de\/wp-json\/wp\/v2\/product_tag?post=26329"}],"curies":[{"name":"wp","href":"https:\/\/api.w.org\/{rel}","templated":true}]}}