{"id":26371,"date":"2020-12-24T10:48:42","date_gmt":"2020-12-24T09:48:42","guid":{"rendered":"https:\/\/www.eliassen.nl\/?product=beeld-resin-man-met-gespreide-armen"},"modified":"2024-12-05T15:44:34","modified_gmt":"2024-12-05T14:44:34","slug":"bild-mann-mit-ausgebreiteten-armen","status":"publish","type":"product","link":"https:\/\/dev.eliassen.nl\/de\/bild-mann-mit-ausgebreiteten-armen\/","title":{"rendered":"Bild Mann mit ausgebreiteten Armen"},"content":{"rendered":"<p>Sch\u00f6ne Statue einer &#8220;Rasin-Skulptur des olympischen Mannes&#8221;.<br \/>Hergestellt aus Polyresin* in h\u00f6chster Pr\u00e4zision, mit vielen kleinen Details.<br \/>Ein sehr sch\u00f6nes Dekorationsst\u00fcck in Ihrem Zuhause oder Gesch\u00e4ft.<\/p>\n<ul>\n<li><strong>Fast alles aus dieser Serie ist auch in unserem Shop zu sehen<\/strong><\/li>\n<li>Material: Polyresin.<\/li>\n<li>Gr\u00f6\u00dfe: 97 x 29 x 61 cm.<\/li>\n<li>Schnelle Lieferung<\/li>\n<\/ul>\n<p>*Polystone oder Polyresin besteht aus einer Mischung aus gemahlenem Gestein (u. a. Granit, Marmor, Speckstein), das mit einem fl\u00fcssigen Kunstharz vermischt wird. Durch das Mischen des Steins mit dem Kunstharz entsteht eine gie\u00dff\u00e4hige Mischung. Diese Mischung wird dann in eine Gummiform von beispielsweise einer Gartenstatue oder einem Gartenzwerg gegossen. Nach dem Aush\u00e4rten wird der Anfang des Polystone-Bildes aus der Form entfernt. Die scharfen Vorspr\u00fcnge und Kanten des Bildes werden entfernt, es wird in mehreren Schritten geschliffen und anschlie\u00dfend poliert. Danach wird Ihre Skulptur von Hand bemalt, getrocknet und erneut poliert. Das Ergebnis finden Sie in unserem Webshop: eine Statue, die so hart und stark wie Stein ist und sich auch so anf\u00fchlt (Achtung: zerbrechlich nat\u00fcrlich!).<\/p>\n<p>Schutz<\/p>\n<p>Obwohl Polystone sehr stark, witterungsbest\u00e4ndig und sehr farbecht ist, raten wir Ihnen dennoch, Ihre Statue und Gartendekoration zus\u00e4tzlich zu sch\u00fctzen. Im Winter oder bei einem heftigen Herbststurm k\u00f6nnen Sie sie nat\u00fcrlich nach drinnen bringen. Wir empfehlen Ihnen aber auch, Ihren Polystone-Statuen mit unserer Spr\u00fchfarbe f\u00fcr Gartenstatuen zus\u00e4tzlichen Schutz zu geben. Diese Polyester-Spr\u00fchfarbe verleiht Ihren Gartenstatuen eine zus\u00e4tzliche Schutzschicht.<\/p>\n","protected":false},"excerpt":{"rendered":"<p>Sch\u00f6ne Statue einer &#8220;Rasin-Skulptur des olympischen Mannes&#8221;.Hergestellt aus Polyresin* in h\u00f6chster Pr\u00e4zision, mit vielen kleinen Details.Ein sehr sch\u00f6nes Dekorationsst\u00fcck in Ihrem Zuhause oder Gesch\u00e4ft. Fast alles aus dieser Serie ist auch in unserem Shop zu sehen Material: Polyresin. Gr\u00f6\u00dfe: 97 x 29 x 61 cm. Schnelle Lieferung *Polystone oder Polyresin besteht aus einer Mischung aus &hellip;<\/p>\n","protected":false},"featured_media":26368,"template":"","meta":{"_acf_changed":false},"product_brand":[],"product_cat":[1379,7076],"product_tag":[],"class_list":{"0":"post-26371","1":"product","2":"type-product","3":"status-publish","4":"has-post-thumbnail","6":"product_cat-polyresin-bilder","7":"product_cat-statues-figures","9":"first","10":"outofstock","11":"taxable","12":"shipping-taxable","13":"purchasable","14":"product-type-simple"},"acf":[],"yoast_head":"<!-- This site is optimized with the Yoast SEO plugin v23.8 - https:\/\/yoast.com\/wordpress\/plugins\/seo\/ -->\n<title>Statue Harz Mann mit ausgebreiteten Armen | Eliassen<\/title>\n<meta name=\"description\" content=\"Bei Eliassen k\u00f6nnen Sie die Statue Resin Man with Spread Arms online kaufen oder live im Showroom ansehen. Direkt online bestellen.\" \/>\n<meta name=\"robots\" content=\"noindex, follow, max-snippet:-1, max-image-preview:large, max-video-preview:-1\" \/>\n<meta property=\"og:locale\" content=\"de_DE\" \/>\n<meta property=\"og:type\" content=\"article\" \/>\n<meta property=\"og:title\" content=\"Statue Harz Mann mit ausgebreiteten Armen | Eliassen\" \/>\n<meta property=\"og:description\" content=\"Bei Eliassen k\u00f6nnen Sie die Statue Resin Man with Spread Arms online kaufen oder live im Showroom ansehen. Direkt online bestellen.\" \/>\n<meta property=\"og:url\" content=\"https:\/\/dev.eliassen.nl\/de\/bild-mann-mit-ausgebreiteten-armen\/\" \/>\n<meta property=\"og:site_name\" content=\"Eliassen.nl\" \/>\n<meta property=\"article:publisher\" content=\"https:\/\/www.facebook.com\/TuincentrumEliassenAmmerzoden\" \/>\n<meta property=\"article:modified_time\" content=\"2024-12-05T14:44:34+00:00\" \/>\n<meta property=\"og:image\" content=\"https:\/\/dev.eliassen.nl\/wp-content\/uploads\/2024\/01\/nc38560x560.jpg\" \/>\n\t<meta property=\"og:image:width\" content=\"560\" \/>\n\t<meta property=\"og:image:height\" content=\"560\" \/>\n\t<meta property=\"og:image:type\" content=\"image\/jpeg\" \/>\n<meta name=\"twitter:card\" content=\"summary_large_image\" \/>\n<script type=\"application\/ld+json\" class=\"yoast-schema-graph\">{\"@context\":\"https:\/\/schema.org\",\"@graph\":[{\"@type\":\"WebPage\",\"@id\":\"https:\/\/dev.eliassen.nl\/de\/bild-mann-mit-ausgebreiteten-armen\/\",\"url\":\"https:\/\/dev.eliassen.nl\/de\/bild-mann-mit-ausgebreiteten-armen\/\",\"name\":\"Statue Harz Mann mit ausgebreiteten Armen | Eliassen\",\"isPartOf\":{\"@id\":\"https:\/\/dev.eliassen.nl\/de\/#website\"},\"primaryImageOfPage\":{\"@id\":\"https:\/\/dev.eliassen.nl\/de\/bild-mann-mit-ausgebreiteten-armen\/#primaryimage\"},\"image\":{\"@id\":\"https:\/\/dev.eliassen.nl\/de\/bild-mann-mit-ausgebreiteten-armen\/#primaryimage\"},\"thumbnailUrl\":\"https:\/\/dev.eliassen.nl\/wp-content\/uploads\/2024\/01\/nc38560x560.jpg\",\"datePublished\":\"2020-12-24T09:48:42+00:00\",\"dateModified\":\"2024-12-05T14:44:34+00:00\",\"description\":\"Bei Eliassen k\u00f6nnen Sie die Statue Resin Man with Spread Arms online kaufen oder live im Showroom ansehen. Direkt online bestellen.\",\"breadcrumb\":{\"@id\":\"https:\/\/dev.eliassen.nl\/de\/bild-mann-mit-ausgebreiteten-armen\/#breadcrumb\"},\"inLanguage\":\"de\",\"potentialAction\":[{\"@type\":\"ReadAction\",\"target\":[\"https:\/\/dev.eliassen.nl\/de\/bild-mann-mit-ausgebreiteten-armen\/\"]}]},{\"@type\":\"ImageObject\",\"inLanguage\":\"de\",\"@id\":\"https:\/\/dev.eliassen.nl\/de\/bild-mann-mit-ausgebreiteten-armen\/#primaryimage\",\"url\":\"https:\/\/dev.eliassen.nl\/wp-content\/uploads\/2024\/01\/nc38560x560.jpg\",\"contentUrl\":\"https:\/\/dev.eliassen.nl\/wp-content\/uploads\/2024\/01\/nc38560x560.jpg\",\"width\":560,\"height\":560,\"caption\":\"NC-38!560x560\"},{\"@type\":\"BreadcrumbList\",\"@id\":\"https:\/\/dev.eliassen.nl\/de\/bild-mann-mit-ausgebreiteten-armen\/#breadcrumb\",\"itemListElement\":[{\"@type\":\"ListItem\",\"position\":1,\"name\":\"Home\",\"item\":\"https:\/\/dev.eliassen.nl\/de\/\"},{\"@type\":\"ListItem\",\"position\":2,\"name\":\"Shop\",\"item\":\"https:\/\/dev.eliassen.nl\/nl\/winkel\/\"},{\"@type\":\"ListItem\",\"position\":3,\"name\":\"Statuen-Skulpturen\",\"item\":\"https:\/\/dev.eliassen.nl\/de\/statuen-skulpturen\/\"},{\"@type\":\"ListItem\",\"position\":4,\"name\":\"Polyresin-Bilder\",\"item\":\"https:\/\/dev.eliassen.nl\/de\/bilder\/polyresin-bilder\/\"},{\"@type\":\"ListItem\",\"position\":5,\"name\":\"Bild Mann mit ausgebreiteten Armen\"}]},{\"@type\":\"WebSite\",\"@id\":\"https:\/\/dev.eliassen.nl\/de\/#website\",\"url\":\"https:\/\/dev.eliassen.nl\/de\/\",\"name\":\"Eliassen Home & Garden Pleasure\",\"description\":\"\",\"publisher\":{\"@id\":\"https:\/\/dev.eliassen.nl\/de\/#organization\"},\"alternateName\":\"Eliassen.nl\",\"potentialAction\":[{\"@type\":\"SearchAction\",\"target\":{\"@type\":\"EntryPoint\",\"urlTemplate\":\"https:\/\/dev.eliassen.nl\/de\/?s={search_term_string}\"},\"query-input\":{\"@type\":\"PropertyValueSpecification\",\"valueRequired\":true,\"valueName\":\"search_term_string\"}}],\"inLanguage\":\"de\"},{\"@type\":\"Organization\",\"@id\":\"https:\/\/dev.eliassen.nl\/de\/#organization\",\"name\":\"Eliassen Home & Garden Pleasure\",\"url\":\"https:\/\/dev.eliassen.nl\/de\/\",\"logo\":{\"@type\":\"ImageObject\",\"inLanguage\":\"de\",\"@id\":\"https:\/\/dev.eliassen.nl\/de\/#\/schema\/logo\/image\/\",\"url\":\"https:\/\/www.eliassen.nl\/wp-content\/uploads\/2024\/01\/logo_4nd.jpg\",\"contentUrl\":\"https:\/\/www.eliassen.nl\/wp-content\/uploads\/2024\/01\/logo_4nd.jpg\",\"width\":500,\"height\":500,\"caption\":\"Eliassen Home & Garden Pleasure\"},\"image\":{\"@id\":\"https:\/\/dev.eliassen.nl\/de\/#\/schema\/logo\/image\/\"},\"sameAs\":[\"https:\/\/www.facebook.com\/TuincentrumEliassenAmmerzoden\",\"https:\/\/www.instagram.com\/eliassenhomeandgarden\/\",\"https:\/\/nl.pinterest.com\/eliassenhomeandgarden\/\",\"https:\/\/www.youtube.com\/@eliassenhomegardenpleasure4558\"]}]}<\/script>\n<!-- \/ Yoast SEO plugin. -->","yoast_head_json":{"title":"Statue Harz Mann mit ausgebreiteten Armen | Eliassen","description":"Bei Eliassen k\u00f6nnen Sie die Statue Resin Man with Spread Arms online kaufen oder live im Showroom ansehen. Direkt online bestellen.","robots":{"index":"noindex","follow":"follow","max-snippet":"max-snippet:-1","max-image-preview":"max-image-preview:large","max-video-preview":"max-video-preview:-1"},"og_locale":"de_DE","og_type":"article","og_title":"Statue Harz Mann mit ausgebreiteten Armen | Eliassen","og_description":"Bei Eliassen k\u00f6nnen Sie die Statue Resin Man with Spread Arms online kaufen oder live im Showroom ansehen. Direkt online bestellen.","og_url":"https:\/\/dev.eliassen.nl\/de\/bild-mann-mit-ausgebreiteten-armen\/","og_site_name":"Eliassen.nl","article_publisher":"https:\/\/www.facebook.com\/TuincentrumEliassenAmmerzoden","article_modified_time":"2024-12-05T14:44:34+00:00","og_image":[{"width":560,"height":560,"url":"https:\/\/dev.eliassen.nl\/wp-content\/uploads\/2024\/01\/nc38560x560.jpg","type":"image\/jpeg"}],"twitter_card":"summary_large_image","schema":{"@context":"https:\/\/schema.org","@graph":[{"@type":"WebPage","@id":"https:\/\/dev.eliassen.nl\/de\/bild-mann-mit-ausgebreiteten-armen\/","url":"https:\/\/dev.eliassen.nl\/de\/bild-mann-mit-ausgebreiteten-armen\/","name":"Statue Harz Mann mit ausgebreiteten Armen | Eliassen","isPartOf":{"@id":"https:\/\/dev.eliassen.nl\/de\/#website"},"primaryImageOfPage":{"@id":"https:\/\/dev.eliassen.nl\/de\/bild-mann-mit-ausgebreiteten-armen\/#primaryimage"},"image":{"@id":"https:\/\/dev.eliassen.nl\/de\/bild-mann-mit-ausgebreiteten-armen\/#primaryimage"},"thumbnailUrl":"https:\/\/dev.eliassen.nl\/wp-content\/uploads\/2024\/01\/nc38560x560.jpg","datePublished":"2020-12-24T09:48:42+00:00","dateModified":"2024-12-05T14:44:34+00:00","description":"Bei Eliassen k\u00f6nnen Sie die Statue Resin Man with Spread Arms online kaufen oder live im Showroom ansehen. Direkt online bestellen.","breadcrumb":{"@id":"https:\/\/dev.eliassen.nl\/de\/bild-mann-mit-ausgebreiteten-armen\/#breadcrumb"},"inLanguage":"de","potentialAction":[{"@type":"ReadAction","target":["https:\/\/dev.eliassen.nl\/de\/bild-mann-mit-ausgebreiteten-armen\/"]}]},{"@type":"ImageObject","inLanguage":"de","@id":"https:\/\/dev.eliassen.nl\/de\/bild-mann-mit-ausgebreiteten-armen\/#primaryimage","url":"https:\/\/dev.eliassen.nl\/wp-content\/uploads\/2024\/01\/nc38560x560.jpg","contentUrl":"https:\/\/dev.eliassen.nl\/wp-content\/uploads\/2024\/01\/nc38560x560.jpg","width":560,"height":560,"caption":"NC-38!560x560"},{"@type":"BreadcrumbList","@id":"https:\/\/dev.eliassen.nl\/de\/bild-mann-mit-ausgebreiteten-armen\/#breadcrumb","itemListElement":[{"@type":"ListItem","position":1,"name":"Home","item":"https:\/\/dev.eliassen.nl\/de\/"},{"@type":"ListItem","position":2,"name":"Shop","item":"https:\/\/dev.eliassen.nl\/nl\/winkel\/"},{"@type":"ListItem","position":3,"name":"Statuen-Skulpturen","item":"https:\/\/dev.eliassen.nl\/de\/statuen-skulpturen\/"},{"@type":"ListItem","position":4,"name":"Polyresin-Bilder","item":"https:\/\/dev.eliassen.nl\/de\/bilder\/polyresin-bilder\/"},{"@type":"ListItem","position":5,"name":"Bild Mann mit ausgebreiteten Armen"}]},{"@type":"WebSite","@id":"https:\/\/dev.eliassen.nl\/de\/#website","url":"https:\/\/dev.eliassen.nl\/de\/","name":"Eliassen Home & Garden Pleasure","description":"","publisher":{"@id":"https:\/\/dev.eliassen.nl\/de\/#organization"},"alternateName":"Eliassen.nl","potentialAction":[{"@type":"SearchAction","target":{"@type":"EntryPoint","urlTemplate":"https:\/\/dev.eliassen.nl\/de\/?s={search_term_string}"},"query-input":{"@type":"PropertyValueSpecification","valueRequired":true,"valueName":"search_term_string"}}],"inLanguage":"de"},{"@type":"Organization","@id":"https:\/\/dev.eliassen.nl\/de\/#organization","name":"Eliassen Home & Garden Pleasure","url":"https:\/\/dev.eliassen.nl\/de\/","logo":{"@type":"ImageObject","inLanguage":"de","@id":"https:\/\/dev.eliassen.nl\/de\/#\/schema\/logo\/image\/","url":"https:\/\/www.eliassen.nl\/wp-content\/uploads\/2024\/01\/logo_4nd.jpg","contentUrl":"https:\/\/www.eliassen.nl\/wp-content\/uploads\/2024\/01\/logo_4nd.jpg","width":500,"height":500,"caption":"Eliassen Home & Garden Pleasure"},"image":{"@id":"https:\/\/dev.eliassen.nl\/de\/#\/schema\/logo\/image\/"},"sameAs":["https:\/\/www.facebook.com\/TuincentrumEliassenAmmerzoden","https:\/\/www.instagram.com\/eliassenhomeandgarden\/","https:\/\/nl.pinterest.com\/eliassenhomeandgarden\/","https:\/\/www.youtube.com\/@eliassenhomegardenpleasure4558"]}]}},"df_price":259,"df_sale_price":"","df_regular_price":259,"df_image_link":"https:\/\/dev.eliassen.nl\/wp-content\/uploads\/2024\/01\/nc38560x560.jpg","image":"https:\/\/dev.eliassen.nl\/wp-content\/uploads\/2024\/01\/nc38560x560.jpg","price_search":"<span class=\"woocommerce-Price-amount amount\"><bdi><span class=\"woocommerce-Price-currencySymbol\">&euro;<\/span>&nbsp;259,00<\/bdi><\/span>","category":"Polyresin-Bilder","_links":{"self":[{"href":"https:\/\/dev.eliassen.nl\/de\/wp-json\/wp\/v2\/product\/26371","targetHints":{"allow":["GET"]}}],"collection":[{"href":"https:\/\/dev.eliassen.nl\/de\/wp-json\/wp\/v2\/product"}],"about":[{"href":"https:\/\/dev.eliassen.nl\/de\/wp-json\/wp\/v2\/types\/product"}],"wp:featuredmedia":[{"embeddable":true,"href":"https:\/\/dev.eliassen.nl\/de\/wp-json\/wp\/v2\/media\/26368"}],"wp:attachment":[{"href":"https:\/\/dev.eliassen.nl\/de\/wp-json\/wp\/v2\/media?parent=26371"}],"wp:term":[{"taxonomy":"product_brand","embeddable":true,"href":"https:\/\/dev.eliassen.nl\/de\/wp-json\/wp\/v2\/product_brand?post=26371"},{"taxonomy":"product_cat","embeddable":true,"href":"https:\/\/dev.eliassen.nl\/de\/wp-json\/wp\/v2\/product_cat?post=26371"},{"taxonomy":"product_tag","embeddable":true,"href":"https:\/\/dev.eliassen.nl\/de\/wp-json\/wp\/v2\/product_tag?post=26371"}],"curies":[{"name":"wp","href":"https:\/\/api.w.org\/{rel}","templated":true}]}}