{"id":26464,"date":"2021-02-11T12:44:21","date_gmt":"2021-02-11T11:44:21","guid":{"rendered":"https:\/\/www.eliassen.nl\/?product=sierkeien-zwart-grijs-voor-sierbestrating-gepolijs"},"modified":"2024-12-05T15:44:51","modified_gmt":"2024-12-05T14:44:51","slug":"dekokiesel-schwarz-poliert-3-5cm-20kg","status":"publish","type":"product","link":"https:\/\/dev.eliassen.nl\/de\/dekokiesel-schwarz-poliert-3-5cm-20kg\/","title":{"rendered":"Dekokiesel schwarz poliert 3-5cm 20kg"},"content":{"rendered":"<p><video controls=\"controls\" width=\"300\" height=\"150\"><source src=\"https:\/\/cdn.webshopapp.com\/shops\/289658\/files\/443748778\/sierstenen-pebbles-gepolijst-zwart-grijs-eliassenn.mp4\" type=\"video\/mp4\" \/><\/video><\/p>\n<p>Diese schwarz polierten Dekokiesel, auch Polierkiesel genannt, sind einzigartig in ihrer Art.<br \/>Diese gewaschenen, polierten Kieselsteine eignen sich sehr gut f\u00fcr den stilvollen Abschluss Ihres Wasserspiels, aber nat\u00fcrlich auch sehr gut f\u00fcr den Abschluss von R\u00e4ndern, Gartenwegen, Parkpl\u00e4tzen, in Kombination mit dekorativen Pflastersteinen oder f\u00fcr den stilvollen Abschluss eines Grabdenkmals.<br \/>Gr\u00f6\u00dfe: 3\u20135 cm.<\/p>\n<ul>\n<li><span style=\"color: #000000;\">Inhalt 20 kg<\/span><\/li>\n<li><span style=\"color: #000000;\">Sehr exklusive Steinart<\/span><\/li>\n<li><span style=\"color: #000000;\">in 2 Gr\u00f6\u00dfen<\/span><\/li>\n<li><span style=\"color: #000000;\">Kann auch bei uns im Gesch\u00e4ft abgeholt werden<\/span><\/li>\n<li><span style=\"color: #000000;\">Eigener Bestand<\/span><\/li>\n<li><strong><span style=\"color: #000000;\">Sehen Sie genau die gleichen Felsbrocken woanders g\u00fcnstiger? Wir zahlen die Differenz!!<\/span><\/strong><\/li>\n<\/ul>\n","protected":false},"excerpt":{"rendered":"<p>Diese schwarz polierten Dekokiesel, auch Polierkiesel genannt, sind einzigartig in ihrer Art.Diese gewaschenen, polierten Kieselsteine eignen sich sehr gut f\u00fcr den stilvollen Abschluss Ihres Wasserspiels, aber nat\u00fcrlich auch sehr gut f\u00fcr den Abschluss von R\u00e4ndern, Gartenwegen, Parkpl\u00e4tzen, in Kombination mit dekorativen Pflastersteinen oder f\u00fcr den stilvollen Abschluss eines Grabdenkmals.Gr\u00f6\u00dfe: 3\u20135 cm. Inhalt 20 kg Sehr &hellip;<\/p>\n","protected":false},"featured_media":26452,"template":"","meta":{"_acf_changed":false},"product_brand":[],"product_cat":[770,545,536,752],"product_tag":[],"class_list":{"0":"post-26464","1":"product","2":"type-product","3":"status-publish","4":"has-post-thumbnail","6":"product_cat-edelsteine","7":"product_cat-teile-wasserspiele","8":"product_cat-wassereigenschaften","9":"product_cat-weitere-artikel","11":"first","12":"instock","13":"taxable","14":"shipping-taxable","15":"purchasable","16":"product-type-simple"},"acf":[],"yoast_head":"<!-- This site is optimized with the Yoast SEO plugin v23.8 - https:\/\/yoast.com\/wordpress\/plugins\/seo\/ -->\n<title>Dekosteine schwarz-grau poliert | 3-5 cm. | Eliassen.nl<\/title>\n<meta name=\"description\" content=\"Sehen Sie sich diese wundersch\u00f6nen dekorativen Kieselsteine in den Farben Schwarz und Grau an. Komplett poliert, also ein sch\u00f6ner Blickfang f\u00fcr Ihren Garten....\" \/>\n<meta name=\"robots\" content=\"noindex, follow, max-snippet:-1, max-image-preview:large, max-video-preview:-1\" \/>\n<meta property=\"og:locale\" content=\"de_DE\" \/>\n<meta property=\"og:type\" content=\"article\" \/>\n<meta property=\"og:title\" content=\"Dekosteine schwarz-grau poliert | 3-5 cm. | Eliassen.nl\" \/>\n<meta property=\"og:description\" content=\"Sehen Sie sich diese wundersch\u00f6nen dekorativen Kieselsteine in den Farben Schwarz und Grau an. Komplett poliert, also ein sch\u00f6ner Blickfang f\u00fcr Ihren Garten....\" \/>\n<meta property=\"og:url\" content=\"https:\/\/dev.eliassen.nl\/de\/dekokiesel-schwarz-poliert-3-5cm-20kg\/\" \/>\n<meta property=\"og:site_name\" content=\"Eliassen.nl\" \/>\n<meta property=\"article:publisher\" content=\"https:\/\/www.facebook.com\/TuincentrumEliassenAmmerzoden\" \/>\n<meta property=\"article:modified_time\" content=\"2024-12-05T14:44:51+00:00\" \/>\n<meta property=\"og:image\" content=\"https:\/\/dev.eliassen.nl\/wp-content\/uploads\/2024\/01\/sierkeienzwartgrijsgepolijst35cmeliassenn.jpg\" \/>\n\t<meta property=\"og:image:width\" content=\"1487\" \/>\n\t<meta property=\"og:image:height\" content=\"953\" \/>\n\t<meta property=\"og:image:type\" content=\"image\/jpeg\" \/>\n<meta name=\"twitter:card\" content=\"summary_large_image\" \/>\n<script type=\"application\/ld+json\" class=\"yoast-schema-graph\">{\"@context\":\"https:\/\/schema.org\",\"@graph\":[{\"@type\":\"WebPage\",\"@id\":\"https:\/\/dev.eliassen.nl\/de\/dekokiesel-schwarz-poliert-3-5cm-20kg\/\",\"url\":\"https:\/\/dev.eliassen.nl\/de\/dekokiesel-schwarz-poliert-3-5cm-20kg\/\",\"name\":\"Dekosteine schwarz-grau poliert | 3-5 cm. | Eliassen.nl\",\"isPartOf\":{\"@id\":\"https:\/\/dev.eliassen.nl\/de\/#website\"},\"primaryImageOfPage\":{\"@id\":\"https:\/\/dev.eliassen.nl\/de\/dekokiesel-schwarz-poliert-3-5cm-20kg\/#primaryimage\"},\"image\":{\"@id\":\"https:\/\/dev.eliassen.nl\/de\/dekokiesel-schwarz-poliert-3-5cm-20kg\/#primaryimage\"},\"thumbnailUrl\":\"https:\/\/dev.eliassen.nl\/wp-content\/uploads\/2024\/01\/sierkeienzwartgrijsgepolijst35cmeliassenn.jpg\",\"datePublished\":\"2021-02-11T11:44:21+00:00\",\"dateModified\":\"2024-12-05T14:44:51+00:00\",\"description\":\"Sehen Sie sich diese wundersch\u00f6nen dekorativen Kieselsteine in den Farben Schwarz und Grau an. Komplett poliert, also ein sch\u00f6ner Blickfang f\u00fcr Ihren Garten....\",\"breadcrumb\":{\"@id\":\"https:\/\/dev.eliassen.nl\/de\/dekokiesel-schwarz-poliert-3-5cm-20kg\/#breadcrumb\"},\"inLanguage\":\"de\",\"potentialAction\":[{\"@type\":\"ReadAction\",\"target\":[\"https:\/\/dev.eliassen.nl\/de\/dekokiesel-schwarz-poliert-3-5cm-20kg\/\"]}]},{\"@type\":\"ImageObject\",\"inLanguage\":\"de\",\"@id\":\"https:\/\/dev.eliassen.nl\/de\/dekokiesel-schwarz-poliert-3-5cm-20kg\/#primaryimage\",\"url\":\"https:\/\/dev.eliassen.nl\/wp-content\/uploads\/2024\/01\/sierkeienzwartgrijsgepolijst35cmeliassenn.jpg\",\"contentUrl\":\"https:\/\/dev.eliassen.nl\/wp-content\/uploads\/2024\/01\/sierkeienzwartgrijsgepolijst35cmeliassenn.jpg\",\"width\":1487,\"height\":953,\"caption\":\"Sierkeien zwart-grijs gepolijst 3-5 cm - Eliassen.nl\"},{\"@type\":\"BreadcrumbList\",\"@id\":\"https:\/\/dev.eliassen.nl\/de\/dekokiesel-schwarz-poliert-3-5cm-20kg\/#breadcrumb\",\"itemListElement\":[{\"@type\":\"ListItem\",\"position\":1,\"name\":\"Home\",\"item\":\"https:\/\/dev.eliassen.nl\/de\/\"},{\"@type\":\"ListItem\",\"position\":2,\"name\":\"Shop\",\"item\":\"https:\/\/dev.eliassen.nl\/nl\/winkel\/\"},{\"@type\":\"ListItem\",\"position\":3,\"name\":\"Weitere Artikel\",\"item\":\"https:\/\/dev.eliassen.nl\/de\/weitere-artikel\/\"},{\"@type\":\"ListItem\",\"position\":4,\"name\":\"Edelsteine\",\"item\":\"https:\/\/dev.eliassen.nl\/de\/garten-andere\/edelsteine\/\"},{\"@type\":\"ListItem\",\"position\":5,\"name\":\"Dekokiesel schwarz poliert 3-5cm 20kg\"}]},{\"@type\":\"WebSite\",\"@id\":\"https:\/\/dev.eliassen.nl\/de\/#website\",\"url\":\"https:\/\/dev.eliassen.nl\/de\/\",\"name\":\"Eliassen Home & Garden Pleasure\",\"description\":\"\",\"publisher\":{\"@id\":\"https:\/\/dev.eliassen.nl\/de\/#organization\"},\"alternateName\":\"Eliassen.nl\",\"potentialAction\":[{\"@type\":\"SearchAction\",\"target\":{\"@type\":\"EntryPoint\",\"urlTemplate\":\"https:\/\/dev.eliassen.nl\/de\/?s={search_term_string}\"},\"query-input\":{\"@type\":\"PropertyValueSpecification\",\"valueRequired\":true,\"valueName\":\"search_term_string\"}}],\"inLanguage\":\"de\"},{\"@type\":\"Organization\",\"@id\":\"https:\/\/dev.eliassen.nl\/de\/#organization\",\"name\":\"Eliassen Home & Garden Pleasure\",\"url\":\"https:\/\/dev.eliassen.nl\/de\/\",\"logo\":{\"@type\":\"ImageObject\",\"inLanguage\":\"de\",\"@id\":\"https:\/\/dev.eliassen.nl\/de\/#\/schema\/logo\/image\/\",\"url\":\"https:\/\/www.eliassen.nl\/wp-content\/uploads\/2024\/01\/logo_4nd.jpg\",\"contentUrl\":\"https:\/\/www.eliassen.nl\/wp-content\/uploads\/2024\/01\/logo_4nd.jpg\",\"width\":500,\"height\":500,\"caption\":\"Eliassen Home & Garden Pleasure\"},\"image\":{\"@id\":\"https:\/\/dev.eliassen.nl\/de\/#\/schema\/logo\/image\/\"},\"sameAs\":[\"https:\/\/www.facebook.com\/TuincentrumEliassenAmmerzoden\",\"https:\/\/www.instagram.com\/eliassenhomeandgarden\/\",\"https:\/\/nl.pinterest.com\/eliassenhomeandgarden\/\",\"https:\/\/www.youtube.com\/@eliassenhomegardenpleasure4558\"]}]}<\/script>\n<!-- \/ Yoast SEO plugin. -->","yoast_head_json":{"title":"Dekosteine schwarz-grau poliert | 3-5 cm. | Eliassen.nl","description":"Sehen Sie sich diese wundersch\u00f6nen dekorativen Kieselsteine in den Farben Schwarz und Grau an. Komplett poliert, also ein sch\u00f6ner Blickfang f\u00fcr Ihren Garten....","robots":{"index":"noindex","follow":"follow","max-snippet":"max-snippet:-1","max-image-preview":"max-image-preview:large","max-video-preview":"max-video-preview:-1"},"og_locale":"de_DE","og_type":"article","og_title":"Dekosteine schwarz-grau poliert | 3-5 cm. | Eliassen.nl","og_description":"Sehen Sie sich diese wundersch\u00f6nen dekorativen Kieselsteine in den Farben Schwarz und Grau an. Komplett poliert, also ein sch\u00f6ner Blickfang f\u00fcr Ihren Garten....","og_url":"https:\/\/dev.eliassen.nl\/de\/dekokiesel-schwarz-poliert-3-5cm-20kg\/","og_site_name":"Eliassen.nl","article_publisher":"https:\/\/www.facebook.com\/TuincentrumEliassenAmmerzoden","article_modified_time":"2024-12-05T14:44:51+00:00","og_image":[{"width":1487,"height":953,"url":"https:\/\/dev.eliassen.nl\/wp-content\/uploads\/2024\/01\/sierkeienzwartgrijsgepolijst35cmeliassenn.jpg","type":"image\/jpeg"}],"twitter_card":"summary_large_image","schema":{"@context":"https:\/\/schema.org","@graph":[{"@type":"WebPage","@id":"https:\/\/dev.eliassen.nl\/de\/dekokiesel-schwarz-poliert-3-5cm-20kg\/","url":"https:\/\/dev.eliassen.nl\/de\/dekokiesel-schwarz-poliert-3-5cm-20kg\/","name":"Dekosteine schwarz-grau poliert | 3-5 cm. | Eliassen.nl","isPartOf":{"@id":"https:\/\/dev.eliassen.nl\/de\/#website"},"primaryImageOfPage":{"@id":"https:\/\/dev.eliassen.nl\/de\/dekokiesel-schwarz-poliert-3-5cm-20kg\/#primaryimage"},"image":{"@id":"https:\/\/dev.eliassen.nl\/de\/dekokiesel-schwarz-poliert-3-5cm-20kg\/#primaryimage"},"thumbnailUrl":"https:\/\/dev.eliassen.nl\/wp-content\/uploads\/2024\/01\/sierkeienzwartgrijsgepolijst35cmeliassenn.jpg","datePublished":"2021-02-11T11:44:21+00:00","dateModified":"2024-12-05T14:44:51+00:00","description":"Sehen Sie sich diese wundersch\u00f6nen dekorativen Kieselsteine in den Farben Schwarz und Grau an. Komplett poliert, also ein sch\u00f6ner Blickfang f\u00fcr Ihren Garten....","breadcrumb":{"@id":"https:\/\/dev.eliassen.nl\/de\/dekokiesel-schwarz-poliert-3-5cm-20kg\/#breadcrumb"},"inLanguage":"de","potentialAction":[{"@type":"ReadAction","target":["https:\/\/dev.eliassen.nl\/de\/dekokiesel-schwarz-poliert-3-5cm-20kg\/"]}]},{"@type":"ImageObject","inLanguage":"de","@id":"https:\/\/dev.eliassen.nl\/de\/dekokiesel-schwarz-poliert-3-5cm-20kg\/#primaryimage","url":"https:\/\/dev.eliassen.nl\/wp-content\/uploads\/2024\/01\/sierkeienzwartgrijsgepolijst35cmeliassenn.jpg","contentUrl":"https:\/\/dev.eliassen.nl\/wp-content\/uploads\/2024\/01\/sierkeienzwartgrijsgepolijst35cmeliassenn.jpg","width":1487,"height":953,"caption":"Sierkeien zwart-grijs gepolijst 3-5 cm - Eliassen.nl"},{"@type":"BreadcrumbList","@id":"https:\/\/dev.eliassen.nl\/de\/dekokiesel-schwarz-poliert-3-5cm-20kg\/#breadcrumb","itemListElement":[{"@type":"ListItem","position":1,"name":"Home","item":"https:\/\/dev.eliassen.nl\/de\/"},{"@type":"ListItem","position":2,"name":"Shop","item":"https:\/\/dev.eliassen.nl\/nl\/winkel\/"},{"@type":"ListItem","position":3,"name":"Weitere Artikel","item":"https:\/\/dev.eliassen.nl\/de\/weitere-artikel\/"},{"@type":"ListItem","position":4,"name":"Edelsteine","item":"https:\/\/dev.eliassen.nl\/de\/garten-andere\/edelsteine\/"},{"@type":"ListItem","position":5,"name":"Dekokiesel schwarz poliert 3-5cm 20kg"}]},{"@type":"WebSite","@id":"https:\/\/dev.eliassen.nl\/de\/#website","url":"https:\/\/dev.eliassen.nl\/de\/","name":"Eliassen Home & Garden Pleasure","description":"","publisher":{"@id":"https:\/\/dev.eliassen.nl\/de\/#organization"},"alternateName":"Eliassen.nl","potentialAction":[{"@type":"SearchAction","target":{"@type":"EntryPoint","urlTemplate":"https:\/\/dev.eliassen.nl\/de\/?s={search_term_string}"},"query-input":{"@type":"PropertyValueSpecification","valueRequired":true,"valueName":"search_term_string"}}],"inLanguage":"de"},{"@type":"Organization","@id":"https:\/\/dev.eliassen.nl\/de\/#organization","name":"Eliassen Home & Garden Pleasure","url":"https:\/\/dev.eliassen.nl\/de\/","logo":{"@type":"ImageObject","inLanguage":"de","@id":"https:\/\/dev.eliassen.nl\/de\/#\/schema\/logo\/image\/","url":"https:\/\/www.eliassen.nl\/wp-content\/uploads\/2024\/01\/logo_4nd.jpg","contentUrl":"https:\/\/www.eliassen.nl\/wp-content\/uploads\/2024\/01\/logo_4nd.jpg","width":500,"height":500,"caption":"Eliassen Home & Garden Pleasure"},"image":{"@id":"https:\/\/dev.eliassen.nl\/de\/#\/schema\/logo\/image\/"},"sameAs":["https:\/\/www.facebook.com\/TuincentrumEliassenAmmerzoden","https:\/\/www.instagram.com\/eliassenhomeandgarden\/","https:\/\/nl.pinterest.com\/eliassenhomeandgarden\/","https:\/\/www.youtube.com\/@eliassenhomegardenpleasure4558"]}]}},"df_price":29.5,"df_sale_price":"","df_regular_price":29.5,"df_image_link":"https:\/\/dev.eliassen.nl\/wp-content\/uploads\/2024\/01\/sierkeienzwartgrijsgepolijst35cmeliassenn.jpg","image":"https:\/\/dev.eliassen.nl\/wp-content\/uploads\/2024\/01\/sierkeienzwartgrijsgepolijst35cmeliassenn.jpg","price_search":"<span class=\"woocommerce-Price-amount amount\"><bdi><span class=\"woocommerce-Price-currencySymbol\">&euro;<\/span>&nbsp;29,50<\/bdi><\/span>","category":"Edelsteine","_links":{"self":[{"href":"https:\/\/dev.eliassen.nl\/de\/wp-json\/wp\/v2\/product\/26464","targetHints":{"allow":["GET"]}}],"collection":[{"href":"https:\/\/dev.eliassen.nl\/de\/wp-json\/wp\/v2\/product"}],"about":[{"href":"https:\/\/dev.eliassen.nl\/de\/wp-json\/wp\/v2\/types\/product"}],"wp:featuredmedia":[{"embeddable":true,"href":"https:\/\/dev.eliassen.nl\/de\/wp-json\/wp\/v2\/media\/26452"}],"wp:attachment":[{"href":"https:\/\/dev.eliassen.nl\/de\/wp-json\/wp\/v2\/media?parent=26464"}],"wp:term":[{"taxonomy":"product_brand","embeddable":true,"href":"https:\/\/dev.eliassen.nl\/de\/wp-json\/wp\/v2\/product_brand?post=26464"},{"taxonomy":"product_cat","embeddable":true,"href":"https:\/\/dev.eliassen.nl\/de\/wp-json\/wp\/v2\/product_cat?post=26464"},{"taxonomy":"product_tag","embeddable":true,"href":"https:\/\/dev.eliassen.nl\/de\/wp-json\/wp\/v2\/product_tag?post=26464"}],"curies":[{"name":"wp","href":"https:\/\/api.w.org\/{rel}","templated":true}]}}