{"id":26482,"date":"2021-02-11T12:51:09","date_gmt":"2021-02-11T11:51:09","guid":{"rendered":"https:\/\/www.eliassen.nl\/?product=sierkeien-zwart-grijs-gepolijst-5-8-cm"},"modified":"2024-12-05T15:44:52","modified_gmt":"2024-12-05T14:44:52","slug":"dekokiesel-schwarz-grau-poliert-4-7cm-20kg","status":"publish","type":"product","link":"https:\/\/dev.eliassen.nl\/de\/dekokiesel-schwarz-grau-poliert-4-7cm-20kg\/","title":{"rendered":"Dekokiesel schwarz-grau poliert 4-7cm 20kg"},"content":{"rendered":"<p><video controls=\"controls\" width=\"300\" height=\"150\"><source src=\"https:\/\/cdn.webshopapp.com\/shops\/289658\/files\/443748778\/sierstenen-pebbles-gepolijst-zwart-grijs-eliassenn.mp4\" type=\"video\/mp4\" \/><\/video><\/p>\n<p>Diese schwarz polierten Dekokiesel, auch Polierkiesel genannt, sind einzigartig in ihrer Art.<br \/>Diese gewaschenen, polierten Kieselsteine eignen sich sehr gut f\u00fcr den stilvollen Abschluss Ihres Wasserspiels, aber nat\u00fcrlich auch sehr gut f\u00fcr den Abschluss von R\u00e4ndern, Gartenwegen, Parkpl\u00e4tzen, in Kombination mit dekorativen Pflastersteinen oder f\u00fcr den stilvollen Abschluss eines Grabdenkmals.<br \/>Gr\u00f6\u00dfe 4\u20137 cm<\/p>\n<ul>\n<li><span style=\"color: #000000;\">Inhalt 20 kg<\/span><\/li>\n<li><span style=\"color: #000000;\">Sehr exklusive Steinart<\/span><\/li>\n<li><span style=\"color: #000000;\">Kann auch bei uns im Gesch\u00e4ft abgeholt werden<\/span><\/li>\n<li><span style=\"color: #000000;\">Eigener Bestand<\/span><\/li>\n<li><strong><span style=\"color: #000000;\">Sehen Sie genau die gleichen Felsbrocken woanders g\u00fcnstiger? Wir zahlen die Differenz!!<\/span><\/strong><\/li>\n<\/ul>\n","protected":false},"excerpt":{"rendered":"<p>Diese schwarz polierten Dekokiesel, auch Polierkiesel genannt, sind einzigartig in ihrer Art.Diese gewaschenen, polierten Kieselsteine eignen sich sehr gut f\u00fcr den stilvollen Abschluss Ihres Wasserspiels, aber nat\u00fcrlich auch sehr gut f\u00fcr den Abschluss von R\u00e4ndern, Gartenwegen, Parkpl\u00e4tzen, in Kombination mit dekorativen Pflastersteinen oder f\u00fcr den stilvollen Abschluss eines Grabdenkmals.Gr\u00f6\u00dfe 4\u20137 cm Inhalt 20 kg Sehr &hellip;<\/p>\n","protected":false},"featured_media":26467,"template":"","meta":{"_acf_changed":false},"product_brand":[],"product_cat":[770,545,536,752],"product_tag":[],"class_list":{"0":"post-26482","1":"product","2":"type-product","3":"status-publish","4":"has-post-thumbnail","6":"product_cat-edelsteine","7":"product_cat-teile-wasserspiele","8":"product_cat-wassereigenschaften","9":"product_cat-weitere-artikel","11":"first","12":"instock","13":"taxable","14":"shipping-taxable","15":"purchasable","16":"product-type-simple"},"acf":[],"yoast_head":"<!-- This site is optimized with the Yoast SEO plugin v23.8 - https:\/\/yoast.com\/wordpress\/plugins\/seo\/ -->\n<title>Dekokiesel schwarz-grau poliert 20KG | 29,50 Euro | Eliassen.nl<\/title>\n<meta name=\"description\" content=\"Wundersch\u00f6ne polierte schwarze und graue Ziersteine, exklusive Steinart! Exklusives Angebot: 20KG zum spektakul\u00e4ren Preis von 29,50 EURO!!!\" \/>\n<meta name=\"robots\" content=\"noindex, follow, max-snippet:-1, max-image-preview:large, max-video-preview:-1\" \/>\n<meta property=\"og:locale\" content=\"de_DE\" \/>\n<meta property=\"og:type\" content=\"article\" \/>\n<meta property=\"og:title\" content=\"Dekokiesel schwarz-grau poliert 20KG | 29,50 Euro | Eliassen.nl\" \/>\n<meta property=\"og:description\" content=\"Wundersch\u00f6ne polierte schwarze und graue Ziersteine, exklusive Steinart! Exklusives Angebot: 20KG zum spektakul\u00e4ren Preis von 29,50 EURO!!!\" \/>\n<meta property=\"og:url\" content=\"https:\/\/dev.eliassen.nl\/de\/dekokiesel-schwarz-grau-poliert-4-7cm-20kg\/\" \/>\n<meta property=\"og:site_name\" content=\"Eliassen.nl\" \/>\n<meta property=\"article:publisher\" content=\"https:\/\/www.facebook.com\/TuincentrumEliassenAmmerzoden\" \/>\n<meta property=\"article:modified_time\" content=\"2024-12-05T14:44:52+00:00\" \/>\n<meta property=\"og:image\" content=\"https:\/\/dev.eliassen.nl\/wp-content\/uploads\/2024\/01\/sierkeienzwartgrijsgepolijst20kg58cmelia.jpg\" \/>\n\t<meta property=\"og:image:width\" content=\"1200\" \/>\n\t<meta property=\"og:image:height\" content=\"901\" \/>\n\t<meta property=\"og:image:type\" content=\"image\/jpeg\" \/>\n<meta name=\"twitter:card\" content=\"summary_large_image\" \/>\n<script type=\"application\/ld+json\" class=\"yoast-schema-graph\">{\"@context\":\"https:\/\/schema.org\",\"@graph\":[{\"@type\":\"WebPage\",\"@id\":\"https:\/\/dev.eliassen.nl\/de\/dekokiesel-schwarz-grau-poliert-4-7cm-20kg\/\",\"url\":\"https:\/\/dev.eliassen.nl\/de\/dekokiesel-schwarz-grau-poliert-4-7cm-20kg\/\",\"name\":\"Dekokiesel schwarz-grau poliert 20KG | 29,50 Euro | Eliassen.nl\",\"isPartOf\":{\"@id\":\"https:\/\/dev.eliassen.nl\/de\/#website\"},\"primaryImageOfPage\":{\"@id\":\"https:\/\/dev.eliassen.nl\/de\/dekokiesel-schwarz-grau-poliert-4-7cm-20kg\/#primaryimage\"},\"image\":{\"@id\":\"https:\/\/dev.eliassen.nl\/de\/dekokiesel-schwarz-grau-poliert-4-7cm-20kg\/#primaryimage\"},\"thumbnailUrl\":\"https:\/\/dev.eliassen.nl\/wp-content\/uploads\/2024\/01\/sierkeienzwartgrijsgepolijst20kg58cmelia.jpg\",\"datePublished\":\"2021-02-11T11:51:09+00:00\",\"dateModified\":\"2024-12-05T14:44:52+00:00\",\"description\":\"Wundersch\u00f6ne polierte schwarze und graue Ziersteine, exklusive Steinart! Exklusives Angebot: 20KG zum spektakul\u00e4ren Preis von 29,50 EURO!!!\",\"breadcrumb\":{\"@id\":\"https:\/\/dev.eliassen.nl\/de\/dekokiesel-schwarz-grau-poliert-4-7cm-20kg\/#breadcrumb\"},\"inLanguage\":\"de\",\"potentialAction\":[{\"@type\":\"ReadAction\",\"target\":[\"https:\/\/dev.eliassen.nl\/de\/dekokiesel-schwarz-grau-poliert-4-7cm-20kg\/\"]}]},{\"@type\":\"ImageObject\",\"inLanguage\":\"de\",\"@id\":\"https:\/\/dev.eliassen.nl\/de\/dekokiesel-schwarz-grau-poliert-4-7cm-20kg\/#primaryimage\",\"url\":\"https:\/\/dev.eliassen.nl\/wp-content\/uploads\/2024\/01\/sierkeienzwartgrijsgepolijst20kg58cmelia.jpg\",\"contentUrl\":\"https:\/\/dev.eliassen.nl\/wp-content\/uploads\/2024\/01\/sierkeienzwartgrijsgepolijst20kg58cmelia.jpg\",\"width\":1200,\"height\":901,\"caption\":\"Sierkeien zwart-grijs gepolijst 20KG 5-8 cm - Eliassen.nl\"},{\"@type\":\"BreadcrumbList\",\"@id\":\"https:\/\/dev.eliassen.nl\/de\/dekokiesel-schwarz-grau-poliert-4-7cm-20kg\/#breadcrumb\",\"itemListElement\":[{\"@type\":\"ListItem\",\"position\":1,\"name\":\"Home\",\"item\":\"https:\/\/dev.eliassen.nl\/de\/\"},{\"@type\":\"ListItem\",\"position\":2,\"name\":\"Shop\",\"item\":\"https:\/\/dev.eliassen.nl\/nl\/winkel\/\"},{\"@type\":\"ListItem\",\"position\":3,\"name\":\"Weitere Artikel\",\"item\":\"https:\/\/dev.eliassen.nl\/de\/weitere-artikel\/\"},{\"@type\":\"ListItem\",\"position\":4,\"name\":\"Edelsteine\",\"item\":\"https:\/\/dev.eliassen.nl\/de\/garten-andere\/edelsteine\/\"},{\"@type\":\"ListItem\",\"position\":5,\"name\":\"Dekokiesel schwarz-grau poliert 4-7cm 20kg\"}]},{\"@type\":\"WebSite\",\"@id\":\"https:\/\/dev.eliassen.nl\/de\/#website\",\"url\":\"https:\/\/dev.eliassen.nl\/de\/\",\"name\":\"Eliassen Home & Garden Pleasure\",\"description\":\"\",\"publisher\":{\"@id\":\"https:\/\/dev.eliassen.nl\/de\/#organization\"},\"alternateName\":\"Eliassen.nl\",\"potentialAction\":[{\"@type\":\"SearchAction\",\"target\":{\"@type\":\"EntryPoint\",\"urlTemplate\":\"https:\/\/dev.eliassen.nl\/de\/?s={search_term_string}\"},\"query-input\":{\"@type\":\"PropertyValueSpecification\",\"valueRequired\":true,\"valueName\":\"search_term_string\"}}],\"inLanguage\":\"de\"},{\"@type\":\"Organization\",\"@id\":\"https:\/\/dev.eliassen.nl\/de\/#organization\",\"name\":\"Eliassen Home & Garden Pleasure\",\"url\":\"https:\/\/dev.eliassen.nl\/de\/\",\"logo\":{\"@type\":\"ImageObject\",\"inLanguage\":\"de\",\"@id\":\"https:\/\/dev.eliassen.nl\/de\/#\/schema\/logo\/image\/\",\"url\":\"https:\/\/www.eliassen.nl\/wp-content\/uploads\/2024\/01\/logo_4nd.jpg\",\"contentUrl\":\"https:\/\/www.eliassen.nl\/wp-content\/uploads\/2024\/01\/logo_4nd.jpg\",\"width\":500,\"height\":500,\"caption\":\"Eliassen Home & Garden Pleasure\"},\"image\":{\"@id\":\"https:\/\/dev.eliassen.nl\/de\/#\/schema\/logo\/image\/\"},\"sameAs\":[\"https:\/\/www.facebook.com\/TuincentrumEliassenAmmerzoden\",\"https:\/\/www.instagram.com\/eliassenhomeandgarden\/\",\"https:\/\/nl.pinterest.com\/eliassenhomeandgarden\/\",\"https:\/\/www.youtube.com\/@eliassenhomegardenpleasure4558\"]}]}<\/script>\n<!-- \/ Yoast SEO plugin. -->","yoast_head_json":{"title":"Dekokiesel schwarz-grau poliert 20KG | 29,50 Euro | Eliassen.nl","description":"Wundersch\u00f6ne polierte schwarze und graue Ziersteine, exklusive Steinart! Exklusives Angebot: 20KG zum spektakul\u00e4ren Preis von 29,50 EURO!!!","robots":{"index":"noindex","follow":"follow","max-snippet":"max-snippet:-1","max-image-preview":"max-image-preview:large","max-video-preview":"max-video-preview:-1"},"og_locale":"de_DE","og_type":"article","og_title":"Dekokiesel schwarz-grau poliert 20KG | 29,50 Euro | Eliassen.nl","og_description":"Wundersch\u00f6ne polierte schwarze und graue Ziersteine, exklusive Steinart! Exklusives Angebot: 20KG zum spektakul\u00e4ren Preis von 29,50 EURO!!!","og_url":"https:\/\/dev.eliassen.nl\/de\/dekokiesel-schwarz-grau-poliert-4-7cm-20kg\/","og_site_name":"Eliassen.nl","article_publisher":"https:\/\/www.facebook.com\/TuincentrumEliassenAmmerzoden","article_modified_time":"2024-12-05T14:44:52+00:00","og_image":[{"width":1200,"height":901,"url":"https:\/\/dev.eliassen.nl\/wp-content\/uploads\/2024\/01\/sierkeienzwartgrijsgepolijst20kg58cmelia.jpg","type":"image\/jpeg"}],"twitter_card":"summary_large_image","schema":{"@context":"https:\/\/schema.org","@graph":[{"@type":"WebPage","@id":"https:\/\/dev.eliassen.nl\/de\/dekokiesel-schwarz-grau-poliert-4-7cm-20kg\/","url":"https:\/\/dev.eliassen.nl\/de\/dekokiesel-schwarz-grau-poliert-4-7cm-20kg\/","name":"Dekokiesel schwarz-grau poliert 20KG | 29,50 Euro | Eliassen.nl","isPartOf":{"@id":"https:\/\/dev.eliassen.nl\/de\/#website"},"primaryImageOfPage":{"@id":"https:\/\/dev.eliassen.nl\/de\/dekokiesel-schwarz-grau-poliert-4-7cm-20kg\/#primaryimage"},"image":{"@id":"https:\/\/dev.eliassen.nl\/de\/dekokiesel-schwarz-grau-poliert-4-7cm-20kg\/#primaryimage"},"thumbnailUrl":"https:\/\/dev.eliassen.nl\/wp-content\/uploads\/2024\/01\/sierkeienzwartgrijsgepolijst20kg58cmelia.jpg","datePublished":"2021-02-11T11:51:09+00:00","dateModified":"2024-12-05T14:44:52+00:00","description":"Wundersch\u00f6ne polierte schwarze und graue Ziersteine, exklusive Steinart! Exklusives Angebot: 20KG zum spektakul\u00e4ren Preis von 29,50 EURO!!!","breadcrumb":{"@id":"https:\/\/dev.eliassen.nl\/de\/dekokiesel-schwarz-grau-poliert-4-7cm-20kg\/#breadcrumb"},"inLanguage":"de","potentialAction":[{"@type":"ReadAction","target":["https:\/\/dev.eliassen.nl\/de\/dekokiesel-schwarz-grau-poliert-4-7cm-20kg\/"]}]},{"@type":"ImageObject","inLanguage":"de","@id":"https:\/\/dev.eliassen.nl\/de\/dekokiesel-schwarz-grau-poliert-4-7cm-20kg\/#primaryimage","url":"https:\/\/dev.eliassen.nl\/wp-content\/uploads\/2024\/01\/sierkeienzwartgrijsgepolijst20kg58cmelia.jpg","contentUrl":"https:\/\/dev.eliassen.nl\/wp-content\/uploads\/2024\/01\/sierkeienzwartgrijsgepolijst20kg58cmelia.jpg","width":1200,"height":901,"caption":"Sierkeien zwart-grijs gepolijst 20KG 5-8 cm - Eliassen.nl"},{"@type":"BreadcrumbList","@id":"https:\/\/dev.eliassen.nl\/de\/dekokiesel-schwarz-grau-poliert-4-7cm-20kg\/#breadcrumb","itemListElement":[{"@type":"ListItem","position":1,"name":"Home","item":"https:\/\/dev.eliassen.nl\/de\/"},{"@type":"ListItem","position":2,"name":"Shop","item":"https:\/\/dev.eliassen.nl\/nl\/winkel\/"},{"@type":"ListItem","position":3,"name":"Weitere Artikel","item":"https:\/\/dev.eliassen.nl\/de\/weitere-artikel\/"},{"@type":"ListItem","position":4,"name":"Edelsteine","item":"https:\/\/dev.eliassen.nl\/de\/garten-andere\/edelsteine\/"},{"@type":"ListItem","position":5,"name":"Dekokiesel schwarz-grau poliert 4-7cm 20kg"}]},{"@type":"WebSite","@id":"https:\/\/dev.eliassen.nl\/de\/#website","url":"https:\/\/dev.eliassen.nl\/de\/","name":"Eliassen Home & Garden Pleasure","description":"","publisher":{"@id":"https:\/\/dev.eliassen.nl\/de\/#organization"},"alternateName":"Eliassen.nl","potentialAction":[{"@type":"SearchAction","target":{"@type":"EntryPoint","urlTemplate":"https:\/\/dev.eliassen.nl\/de\/?s={search_term_string}"},"query-input":{"@type":"PropertyValueSpecification","valueRequired":true,"valueName":"search_term_string"}}],"inLanguage":"de"},{"@type":"Organization","@id":"https:\/\/dev.eliassen.nl\/de\/#organization","name":"Eliassen Home & Garden Pleasure","url":"https:\/\/dev.eliassen.nl\/de\/","logo":{"@type":"ImageObject","inLanguage":"de","@id":"https:\/\/dev.eliassen.nl\/de\/#\/schema\/logo\/image\/","url":"https:\/\/www.eliassen.nl\/wp-content\/uploads\/2024\/01\/logo_4nd.jpg","contentUrl":"https:\/\/www.eliassen.nl\/wp-content\/uploads\/2024\/01\/logo_4nd.jpg","width":500,"height":500,"caption":"Eliassen Home & Garden Pleasure"},"image":{"@id":"https:\/\/dev.eliassen.nl\/de\/#\/schema\/logo\/image\/"},"sameAs":["https:\/\/www.facebook.com\/TuincentrumEliassenAmmerzoden","https:\/\/www.instagram.com\/eliassenhomeandgarden\/","https:\/\/nl.pinterest.com\/eliassenhomeandgarden\/","https:\/\/www.youtube.com\/@eliassenhomegardenpleasure4558"]}]}},"df_price":29.5,"df_sale_price":"","df_regular_price":29.5,"df_image_link":"https:\/\/dev.eliassen.nl\/wp-content\/uploads\/2024\/01\/sierkeienzwartgrijsgepolijst20kg58cmelia.jpg","image":"https:\/\/dev.eliassen.nl\/wp-content\/uploads\/2024\/01\/sierkeienzwartgrijsgepolijst20kg58cmelia.jpg","price_search":"<span class=\"woocommerce-Price-amount amount\"><bdi><span class=\"woocommerce-Price-currencySymbol\">&euro;<\/span>&nbsp;29,50<\/bdi><\/span>","category":"Edelsteine","_links":{"self":[{"href":"https:\/\/dev.eliassen.nl\/de\/wp-json\/wp\/v2\/product\/26482","targetHints":{"allow":["GET"]}}],"collection":[{"href":"https:\/\/dev.eliassen.nl\/de\/wp-json\/wp\/v2\/product"}],"about":[{"href":"https:\/\/dev.eliassen.nl\/de\/wp-json\/wp\/v2\/types\/product"}],"wp:featuredmedia":[{"embeddable":true,"href":"https:\/\/dev.eliassen.nl\/de\/wp-json\/wp\/v2\/media\/26467"}],"wp:attachment":[{"href":"https:\/\/dev.eliassen.nl\/de\/wp-json\/wp\/v2\/media?parent=26482"}],"wp:term":[{"taxonomy":"product_brand","embeddable":true,"href":"https:\/\/dev.eliassen.nl\/de\/wp-json\/wp\/v2\/product_brand?post=26482"},{"taxonomy":"product_cat","embeddable":true,"href":"https:\/\/dev.eliassen.nl\/de\/wp-json\/wp\/v2\/product_cat?post=26482"},{"taxonomy":"product_tag","embeddable":true,"href":"https:\/\/dev.eliassen.nl\/de\/wp-json\/wp\/v2\/product_tag?post=26482"}],"curies":[{"name":"wp","href":"https:\/\/api.w.org\/{rel}","templated":true}]}}