{"id":26497,"date":"2021-02-11T12:59:44","date_gmt":"2021-02-11T11:59:44","guid":{"rendered":"https:\/\/www.eliassen.nl\/?product=sierkeien-plat-grijs-3-5-cm"},"modified":"2024-12-05T15:44:56","modified_gmt":"2024-12-05T14:44:56","slug":"ziersteine-flach-grau-3-5cm-20kg","status":"publish","type":"product","link":"https:\/\/dev.eliassen.nl\/de\/ziersteine-flach-grau-3-5cm-20kg\/","title":{"rendered":"Ziersteine flach grau 3-5cm 20kg"},"content":{"rendered":"<p>Ziersteine k\u00f6nnen Sie beim Kieselspezialisten kaufen!! Wundersch\u00f6ne gro\u00dfe, sehr harte, flache Quarzsteine in verschiedenen Graut\u00f6nen, die kaum gr\u00fcn werden. Passt wunderbar zu Ihrer Dekoration, in Ihrem Gartenpool, in Rabatten, an einem Denkmal und so weiter. in der Gr\u00f6\u00dfe 30-50mm.<br \/>Pro m2 werden 3-4 S\u00e4cke dieser Kieselsorte ben\u00f6tigt,<\/p>\n<ul>\n<li>Gewaschene Kieselsteine.<\/li>\n<li>20 kg pro Sack.<\/li>\n<li><strong>Seltene<\/strong> flache Art.<\/li>\n<li>Sehr harte Art, wird nicht schnell gr\u00fcn.<\/li>\n<li>L\u00e4sst sich wunderbar mit Wasserornamenten kombinieren, aber auch anderswo im Garten.<\/li>\n<li><strong>Sehen Sie genau die gleichen Felsbrocken woanders g\u00fcnstiger? Wir zahlen die Differenz!!<\/strong><\/li>\n<li>Auch in unserem Shop erh\u00e4ltlich<\/li>\n<li><strong>Auf den Bildern k\u00f6nnen Sie sehen, wie die Farben dieser Felsbrocken im trockenen und nassen Zustand sind.<\/strong><\/li>\n<li>\u00a0<\/li>\n<\/ul>\n","protected":false},"excerpt":{"rendered":"<p>Ziersteine k\u00f6nnen Sie beim Kieselspezialisten kaufen!! Wundersch\u00f6ne gro\u00dfe, sehr harte, flache Quarzsteine in verschiedenen Graut\u00f6nen, die kaum gr\u00fcn werden. Passt wunderbar zu Ihrer Dekoration, in Ihrem Gartenpool, in Rabatten, an einem Denkmal und so weiter. in der Gr\u00f6\u00dfe 30-50mm.Pro m2 werden 3-4 S\u00e4cke dieser Kieselsorte ben\u00f6tigt, Gewaschene Kieselsteine. 20 kg pro Sack. Seltene flache Art. &hellip;<\/p>\n","protected":false},"featured_media":26485,"template":"","meta":{"_acf_changed":false},"product_brand":[],"product_cat":[770,545,536,752],"product_tag":[],"class_list":{"0":"post-26497","1":"product","2":"type-product","3":"status-publish","4":"has-post-thumbnail","6":"product_cat-edelsteine","7":"product_cat-teile-wasserspiele","8":"product_cat-wassereigenschaften","9":"product_cat-weitere-artikel","11":"first","12":"instock","13":"taxable","14":"shipping-taxable","15":"purchasable","16":"product-type-simple"},"acf":[],"yoast_head":"<!-- This site is optimized with the Yoast SEO plugin v23.8 - https:\/\/yoast.com\/wordpress\/plugins\/seo\/ -->\n<title>Ziersteine flach grau 3-5cm. | Eliassen<\/title>\n<meta name=\"description\" content=\"Bei Eliassen k\u00f6nnen Sie Ziersteine flach grau 3-5 cm kaufen. kann online oder live im Showroom besichtigt werden. Wir haben die sch\u00f6nsten anderen Garten- und...\" \/>\n<meta name=\"robots\" content=\"noindex, follow, max-snippet:-1, max-image-preview:large, max-video-preview:-1\" \/>\n<meta property=\"og:locale\" content=\"de_DE\" \/>\n<meta property=\"og:type\" content=\"article\" \/>\n<meta property=\"og:title\" content=\"Ziersteine flach grau 3-5cm. | Eliassen\" \/>\n<meta property=\"og:description\" content=\"Bei Eliassen k\u00f6nnen Sie Ziersteine flach grau 3-5 cm kaufen. kann online oder live im Showroom besichtigt werden. Wir haben die sch\u00f6nsten anderen Garten- und...\" \/>\n<meta property=\"og:url\" content=\"https:\/\/dev.eliassen.nl\/de\/ziersteine-flach-grau-3-5cm-20kg\/\" \/>\n<meta property=\"og:site_name\" content=\"Eliassen.nl\" \/>\n<meta property=\"article:publisher\" content=\"https:\/\/www.facebook.com\/TuincentrumEliassenAmmerzoden\" \/>\n<meta property=\"article:modified_time\" content=\"2024-12-05T14:44:56+00:00\" \/>\n<meta property=\"og:image\" content=\"https:\/\/dev.eliassen.nl\/wp-content\/uploads\/2024\/01\/img202107081515032.jpg\" \/>\n\t<meta property=\"og:image:width\" content=\"1224\" \/>\n\t<meta property=\"og:image:height\" content=\"1670\" \/>\n\t<meta property=\"og:image:type\" content=\"image\/jpeg\" \/>\n<meta name=\"twitter:card\" content=\"summary_large_image\" \/>\n<script type=\"application\/ld+json\" class=\"yoast-schema-graph\">{\"@context\":\"https:\/\/schema.org\",\"@graph\":[{\"@type\":\"WebPage\",\"@id\":\"https:\/\/dev.eliassen.nl\/de\/ziersteine-flach-grau-3-5cm-20kg\/\",\"url\":\"https:\/\/dev.eliassen.nl\/de\/ziersteine-flach-grau-3-5cm-20kg\/\",\"name\":\"Ziersteine flach grau 3-5cm. | Eliassen\",\"isPartOf\":{\"@id\":\"https:\/\/dev.eliassen.nl\/de\/#website\"},\"primaryImageOfPage\":{\"@id\":\"https:\/\/dev.eliassen.nl\/de\/ziersteine-flach-grau-3-5cm-20kg\/#primaryimage\"},\"image\":{\"@id\":\"https:\/\/dev.eliassen.nl\/de\/ziersteine-flach-grau-3-5cm-20kg\/#primaryimage\"},\"thumbnailUrl\":\"https:\/\/dev.eliassen.nl\/wp-content\/uploads\/2024\/01\/img202107081515032.jpg\",\"datePublished\":\"2021-02-11T11:59:44+00:00\",\"dateModified\":\"2024-12-05T14:44:56+00:00\",\"description\":\"Bei Eliassen k\u00f6nnen Sie Ziersteine flach grau 3-5 cm kaufen. kann online oder live im Showroom besichtigt werden. Wir haben die sch\u00f6nsten anderen Garten- und...\",\"breadcrumb\":{\"@id\":\"https:\/\/dev.eliassen.nl\/de\/ziersteine-flach-grau-3-5cm-20kg\/#breadcrumb\"},\"inLanguage\":\"de\",\"potentialAction\":[{\"@type\":\"ReadAction\",\"target\":[\"https:\/\/dev.eliassen.nl\/de\/ziersteine-flach-grau-3-5cm-20kg\/\"]}]},{\"@type\":\"ImageObject\",\"inLanguage\":\"de\",\"@id\":\"https:\/\/dev.eliassen.nl\/de\/ziersteine-flach-grau-3-5cm-20kg\/#primaryimage\",\"url\":\"https:\/\/dev.eliassen.nl\/wp-content\/uploads\/2024\/01\/img202107081515032.jpg\",\"contentUrl\":\"https:\/\/dev.eliassen.nl\/wp-content\/uploads\/2024\/01\/img202107081515032.jpg\",\"width\":1224,\"height\":1670,\"caption\":\"img20210708151503 (2)\"},{\"@type\":\"BreadcrumbList\",\"@id\":\"https:\/\/dev.eliassen.nl\/de\/ziersteine-flach-grau-3-5cm-20kg\/#breadcrumb\",\"itemListElement\":[{\"@type\":\"ListItem\",\"position\":1,\"name\":\"Home\",\"item\":\"https:\/\/dev.eliassen.nl\/de\/\"},{\"@type\":\"ListItem\",\"position\":2,\"name\":\"Shop\",\"item\":\"https:\/\/dev.eliassen.nl\/nl\/winkel\/\"},{\"@type\":\"ListItem\",\"position\":3,\"name\":\"Weitere Artikel\",\"item\":\"https:\/\/dev.eliassen.nl\/de\/weitere-artikel\/\"},{\"@type\":\"ListItem\",\"position\":4,\"name\":\"Edelsteine\",\"item\":\"https:\/\/dev.eliassen.nl\/de\/garten-andere\/edelsteine\/\"},{\"@type\":\"ListItem\",\"position\":5,\"name\":\"Ziersteine flach grau 3-5cm 20kg\"}]},{\"@type\":\"WebSite\",\"@id\":\"https:\/\/dev.eliassen.nl\/de\/#website\",\"url\":\"https:\/\/dev.eliassen.nl\/de\/\",\"name\":\"Eliassen Home & Garden Pleasure\",\"description\":\"\",\"publisher\":{\"@id\":\"https:\/\/dev.eliassen.nl\/de\/#organization\"},\"alternateName\":\"Eliassen.nl\",\"potentialAction\":[{\"@type\":\"SearchAction\",\"target\":{\"@type\":\"EntryPoint\",\"urlTemplate\":\"https:\/\/dev.eliassen.nl\/de\/?s={search_term_string}\"},\"query-input\":{\"@type\":\"PropertyValueSpecification\",\"valueRequired\":true,\"valueName\":\"search_term_string\"}}],\"inLanguage\":\"de\"},{\"@type\":\"Organization\",\"@id\":\"https:\/\/dev.eliassen.nl\/de\/#organization\",\"name\":\"Eliassen Home & Garden Pleasure\",\"url\":\"https:\/\/dev.eliassen.nl\/de\/\",\"logo\":{\"@type\":\"ImageObject\",\"inLanguage\":\"de\",\"@id\":\"https:\/\/dev.eliassen.nl\/de\/#\/schema\/logo\/image\/\",\"url\":\"https:\/\/www.eliassen.nl\/wp-content\/uploads\/2024\/01\/logo_4nd.jpg\",\"contentUrl\":\"https:\/\/www.eliassen.nl\/wp-content\/uploads\/2024\/01\/logo_4nd.jpg\",\"width\":500,\"height\":500,\"caption\":\"Eliassen Home & Garden Pleasure\"},\"image\":{\"@id\":\"https:\/\/dev.eliassen.nl\/de\/#\/schema\/logo\/image\/\"},\"sameAs\":[\"https:\/\/www.facebook.com\/TuincentrumEliassenAmmerzoden\",\"https:\/\/www.instagram.com\/eliassenhomeandgarden\/\",\"https:\/\/nl.pinterest.com\/eliassenhomeandgarden\/\",\"https:\/\/www.youtube.com\/@eliassenhomegardenpleasure4558\"]}]}<\/script>\n<!-- \/ Yoast SEO plugin. -->","yoast_head_json":{"title":"Ziersteine flach grau 3-5cm. | Eliassen","description":"Bei Eliassen k\u00f6nnen Sie Ziersteine flach grau 3-5 cm kaufen. kann online oder live im Showroom besichtigt werden. Wir haben die sch\u00f6nsten anderen Garten- und...","robots":{"index":"noindex","follow":"follow","max-snippet":"max-snippet:-1","max-image-preview":"max-image-preview:large","max-video-preview":"max-video-preview:-1"},"og_locale":"de_DE","og_type":"article","og_title":"Ziersteine flach grau 3-5cm. | Eliassen","og_description":"Bei Eliassen k\u00f6nnen Sie Ziersteine flach grau 3-5 cm kaufen. kann online oder live im Showroom besichtigt werden. Wir haben die sch\u00f6nsten anderen Garten- und...","og_url":"https:\/\/dev.eliassen.nl\/de\/ziersteine-flach-grau-3-5cm-20kg\/","og_site_name":"Eliassen.nl","article_publisher":"https:\/\/www.facebook.com\/TuincentrumEliassenAmmerzoden","article_modified_time":"2024-12-05T14:44:56+00:00","og_image":[{"width":1224,"height":1670,"url":"https:\/\/dev.eliassen.nl\/wp-content\/uploads\/2024\/01\/img202107081515032.jpg","type":"image\/jpeg"}],"twitter_card":"summary_large_image","schema":{"@context":"https:\/\/schema.org","@graph":[{"@type":"WebPage","@id":"https:\/\/dev.eliassen.nl\/de\/ziersteine-flach-grau-3-5cm-20kg\/","url":"https:\/\/dev.eliassen.nl\/de\/ziersteine-flach-grau-3-5cm-20kg\/","name":"Ziersteine flach grau 3-5cm. | Eliassen","isPartOf":{"@id":"https:\/\/dev.eliassen.nl\/de\/#website"},"primaryImageOfPage":{"@id":"https:\/\/dev.eliassen.nl\/de\/ziersteine-flach-grau-3-5cm-20kg\/#primaryimage"},"image":{"@id":"https:\/\/dev.eliassen.nl\/de\/ziersteine-flach-grau-3-5cm-20kg\/#primaryimage"},"thumbnailUrl":"https:\/\/dev.eliassen.nl\/wp-content\/uploads\/2024\/01\/img202107081515032.jpg","datePublished":"2021-02-11T11:59:44+00:00","dateModified":"2024-12-05T14:44:56+00:00","description":"Bei Eliassen k\u00f6nnen Sie Ziersteine flach grau 3-5 cm kaufen. kann online oder live im Showroom besichtigt werden. Wir haben die sch\u00f6nsten anderen Garten- und...","breadcrumb":{"@id":"https:\/\/dev.eliassen.nl\/de\/ziersteine-flach-grau-3-5cm-20kg\/#breadcrumb"},"inLanguage":"de","potentialAction":[{"@type":"ReadAction","target":["https:\/\/dev.eliassen.nl\/de\/ziersteine-flach-grau-3-5cm-20kg\/"]}]},{"@type":"ImageObject","inLanguage":"de","@id":"https:\/\/dev.eliassen.nl\/de\/ziersteine-flach-grau-3-5cm-20kg\/#primaryimage","url":"https:\/\/dev.eliassen.nl\/wp-content\/uploads\/2024\/01\/img202107081515032.jpg","contentUrl":"https:\/\/dev.eliassen.nl\/wp-content\/uploads\/2024\/01\/img202107081515032.jpg","width":1224,"height":1670,"caption":"img20210708151503 (2)"},{"@type":"BreadcrumbList","@id":"https:\/\/dev.eliassen.nl\/de\/ziersteine-flach-grau-3-5cm-20kg\/#breadcrumb","itemListElement":[{"@type":"ListItem","position":1,"name":"Home","item":"https:\/\/dev.eliassen.nl\/de\/"},{"@type":"ListItem","position":2,"name":"Shop","item":"https:\/\/dev.eliassen.nl\/nl\/winkel\/"},{"@type":"ListItem","position":3,"name":"Weitere Artikel","item":"https:\/\/dev.eliassen.nl\/de\/weitere-artikel\/"},{"@type":"ListItem","position":4,"name":"Edelsteine","item":"https:\/\/dev.eliassen.nl\/de\/garten-andere\/edelsteine\/"},{"@type":"ListItem","position":5,"name":"Ziersteine flach grau 3-5cm 20kg"}]},{"@type":"WebSite","@id":"https:\/\/dev.eliassen.nl\/de\/#website","url":"https:\/\/dev.eliassen.nl\/de\/","name":"Eliassen Home & Garden Pleasure","description":"","publisher":{"@id":"https:\/\/dev.eliassen.nl\/de\/#organization"},"alternateName":"Eliassen.nl","potentialAction":[{"@type":"SearchAction","target":{"@type":"EntryPoint","urlTemplate":"https:\/\/dev.eliassen.nl\/de\/?s={search_term_string}"},"query-input":{"@type":"PropertyValueSpecification","valueRequired":true,"valueName":"search_term_string"}}],"inLanguage":"de"},{"@type":"Organization","@id":"https:\/\/dev.eliassen.nl\/de\/#organization","name":"Eliassen Home & Garden Pleasure","url":"https:\/\/dev.eliassen.nl\/de\/","logo":{"@type":"ImageObject","inLanguage":"de","@id":"https:\/\/dev.eliassen.nl\/de\/#\/schema\/logo\/image\/","url":"https:\/\/www.eliassen.nl\/wp-content\/uploads\/2024\/01\/logo_4nd.jpg","contentUrl":"https:\/\/www.eliassen.nl\/wp-content\/uploads\/2024\/01\/logo_4nd.jpg","width":500,"height":500,"caption":"Eliassen Home & Garden Pleasure"},"image":{"@id":"https:\/\/dev.eliassen.nl\/de\/#\/schema\/logo\/image\/"},"sameAs":["https:\/\/www.facebook.com\/TuincentrumEliassenAmmerzoden","https:\/\/www.instagram.com\/eliassenhomeandgarden\/","https:\/\/nl.pinterest.com\/eliassenhomeandgarden\/","https:\/\/www.youtube.com\/@eliassenhomegardenpleasure4558"]}]}},"df_price":19.95,"df_sale_price":"","df_regular_price":19.95,"df_image_link":"https:\/\/dev.eliassen.nl\/wp-content\/uploads\/2024\/01\/img202107081515032.jpg","image":"https:\/\/dev.eliassen.nl\/wp-content\/uploads\/2024\/01\/img202107081515032.jpg","price_search":"<span class=\"woocommerce-Price-amount amount\"><bdi><span class=\"woocommerce-Price-currencySymbol\">&euro;<\/span>&nbsp;19,95<\/bdi><\/span>","category":"Edelsteine","_links":{"self":[{"href":"https:\/\/dev.eliassen.nl\/de\/wp-json\/wp\/v2\/product\/26497","targetHints":{"allow":["GET"]}}],"collection":[{"href":"https:\/\/dev.eliassen.nl\/de\/wp-json\/wp\/v2\/product"}],"about":[{"href":"https:\/\/dev.eliassen.nl\/de\/wp-json\/wp\/v2\/types\/product"}],"wp:featuredmedia":[{"embeddable":true,"href":"https:\/\/dev.eliassen.nl\/de\/wp-json\/wp\/v2\/media\/26485"}],"wp:attachment":[{"href":"https:\/\/dev.eliassen.nl\/de\/wp-json\/wp\/v2\/media?parent=26497"}],"wp:term":[{"taxonomy":"product_brand","embeddable":true,"href":"https:\/\/dev.eliassen.nl\/de\/wp-json\/wp\/v2\/product_brand?post=26497"},{"taxonomy":"product_cat","embeddable":true,"href":"https:\/\/dev.eliassen.nl\/de\/wp-json\/wp\/v2\/product_cat?post=26497"},{"taxonomy":"product_tag","embeddable":true,"href":"https:\/\/dev.eliassen.nl\/de\/wp-json\/wp\/v2\/product_tag?post=26497"}],"curies":[{"name":"wp","href":"https:\/\/api.w.org\/{rel}","templated":true}]}}