{"id":26512,"date":"2021-02-11T13:07:50","date_gmt":"2021-02-11T12:07:50","guid":{"rendered":"https:\/\/www.eliassen.nl\/?product=sierkeien-plat-grijs-5-8-cm"},"modified":"2024-12-05T15:44:57","modified_gmt":"2024-12-05T14:44:57","slug":"deko-findlinge-flach-grau-5-8cm-20kg-das-beste-zum-malen","status":"publish","type":"product","link":"https:\/\/dev.eliassen.nl\/de\/deko-findlinge-flach-grau-5-8cm-20kg-das-beste-zum-malen\/","title":{"rendered":"Deko-Findlinge flach grau 5-8cm 20kg. Das Beste zum Malen!"},"content":{"rendered":"<p>Kieselsteine k\u00f6nnen Sie beim Kieselspezialisten kaufen. Wundersch\u00f6ne gro\u00dfe, sehr harte, flache Quarzsteine in verschiedenen Graut\u00f6nen, die kaum gr\u00fcn werden. Passt wunderbar zu Ihrem Ornament, in den Gr\u00f6\u00dfen 30\u201350 und 50\u201380 mm.<br \/>Es gibt etwa 4 S\u00e4cke dieser groben Kieselsorte pro m2. Es stellt sich heraus, dass viele Menschen, Schulen, Hobbyvereine usw. unsere gro\u00dfen Findlinge 5-8 cm bestellen, um sie als Hobby zu bemalen, aber auch als Gedenkstein an einem Grab oder an ein begrabenes Haustier.<br \/>Pro m2 werden ca. 4 S\u00e4cke der groben Sorte ben\u00f6tigt<\/p>\n<ul>\n<li>Gewaschene Kieselsteine<\/li>\n<li>20 kg pro Sack, ca. 120\u2013130 Kieselsteine<\/li>\n<li><strong>Seltene<\/strong> flache Art<\/li>\n<li>Sehr harte Art, wird nicht schnell gr\u00fcn<\/li>\n<li>L\u00e4sst sich gut mit Wasserspielen kombinieren, aber auch an anderer Stelle im Garten wunderbar<\/li>\n<li><strong>Sehen Sie genau die gleichen Felsbrocken woanders g\u00fcnstiger? Wir zahlen die Differenz!!<\/strong><\/li>\n<li><strong>Auf den Fotos k\u00f6nnen Sie sehen, wie die Farben dieser Felsbrocken im trockenen und nassen Zustand aussehen.<\/strong><\/li>\n<li><strong>Die Rauheit der Steine kann von den Fotos abweichen<\/strong><\/li>\n<\/ul>\n","protected":false},"excerpt":{"rendered":"<p>Kieselsteine k\u00f6nnen Sie beim Kieselspezialisten kaufen. Wundersch\u00f6ne gro\u00dfe, sehr harte, flache Quarzsteine in verschiedenen Graut\u00f6nen, die kaum gr\u00fcn werden. Passt wunderbar zu Ihrem Ornament, in den Gr\u00f6\u00dfen 30\u201350 und 50\u201380 mm.Es gibt etwa 4 S\u00e4cke dieser groben Kieselsorte pro m2. Es stellt sich heraus, dass viele Menschen, Schulen, Hobbyvereine usw. unsere gro\u00dfen Findlinge 5-8 cm &hellip;<\/p>\n","protected":false},"featured_media":26500,"template":"","meta":{"_acf_changed":false},"product_brand":[],"product_cat":[770,1460,545,536,752],"product_tag":[],"class_list":{"0":"post-26512","1":"product","2":"type-product","3":"status-publish","4":"has-post-thumbnail","6":"product_cat-edelsteine","7":"product_cat-kieselsteine-zum-bemalen","8":"product_cat-teile-wasserspiele","9":"product_cat-wassereigenschaften","10":"product_cat-weitere-artikel","12":"first","13":"instock","14":"taxable","15":"shipping-taxable","16":"purchasable","17":"product-type-simple"},"acf":[],"yoast_head":"<!-- This site is optimized with the Yoast SEO plugin v23.8 - https:\/\/yoast.com\/wordpress\/plugins\/seo\/ -->\n<title>Dekokiesel flach grau 50-80mm | Eliassen<\/title>\n<meta name=\"description\" content=\"Bei Eliassen k\u00f6nnen Sie dekorative Steinbl\u00f6cke flach grau 50\u201380 mm online kaufen oder live im Ausstellungsraum besichtigen. Wir haben die sch\u00f6nsten Garten-De...\" \/>\n<meta name=\"robots\" content=\"noindex, follow, max-snippet:-1, max-image-preview:large, max-video-preview:-1\" \/>\n<meta property=\"og:locale\" content=\"de_DE\" \/>\n<meta property=\"og:type\" content=\"article\" \/>\n<meta property=\"og:title\" content=\"Dekokiesel flach grau 50-80mm | Eliassen\" \/>\n<meta property=\"og:description\" content=\"Bei Eliassen k\u00f6nnen Sie dekorative Steinbl\u00f6cke flach grau 50\u201380 mm online kaufen oder live im Ausstellungsraum besichtigen. Wir haben die sch\u00f6nsten Garten-De...\" \/>\n<meta property=\"og:url\" content=\"https:\/\/dev.eliassen.nl\/de\/deko-findlinge-flach-grau-5-8cm-20kg-das-beste-zum-malen\/\" \/>\n<meta property=\"og:site_name\" content=\"Eliassen.nl\" \/>\n<meta property=\"article:publisher\" content=\"https:\/\/www.facebook.com\/TuincentrumEliassenAmmerzoden\" \/>\n<meta property=\"article:modified_time\" content=\"2024-12-05T14:44:57+00:00\" \/>\n<meta property=\"og:image\" content=\"https:\/\/dev.eliassen.nl\/wp-content\/uploads\/2024\/01\/img20210708151500.jpg\" \/>\n\t<meta property=\"og:image:width\" content=\"1536\" \/>\n\t<meta property=\"og:image:height\" content=\"2048\" \/>\n\t<meta property=\"og:image:type\" content=\"image\/jpeg\" \/>\n<meta name=\"twitter:card\" content=\"summary_large_image\" \/>\n<script type=\"application\/ld+json\" class=\"yoast-schema-graph\">{\"@context\":\"https:\/\/schema.org\",\"@graph\":[{\"@type\":\"WebPage\",\"@id\":\"https:\/\/dev.eliassen.nl\/de\/deko-findlinge-flach-grau-5-8cm-20kg-das-beste-zum-malen\/\",\"url\":\"https:\/\/dev.eliassen.nl\/de\/deko-findlinge-flach-grau-5-8cm-20kg-das-beste-zum-malen\/\",\"name\":\"Dekokiesel flach grau 50-80mm | Eliassen\",\"isPartOf\":{\"@id\":\"https:\/\/dev.eliassen.nl\/de\/#website\"},\"primaryImageOfPage\":{\"@id\":\"https:\/\/dev.eliassen.nl\/de\/deko-findlinge-flach-grau-5-8cm-20kg-das-beste-zum-malen\/#primaryimage\"},\"image\":{\"@id\":\"https:\/\/dev.eliassen.nl\/de\/deko-findlinge-flach-grau-5-8cm-20kg-das-beste-zum-malen\/#primaryimage\"},\"thumbnailUrl\":\"https:\/\/dev.eliassen.nl\/wp-content\/uploads\/2024\/01\/img20210708151500.jpg\",\"datePublished\":\"2021-02-11T12:07:50+00:00\",\"dateModified\":\"2024-12-05T14:44:57+00:00\",\"description\":\"Bei Eliassen k\u00f6nnen Sie dekorative Steinbl\u00f6cke flach grau 50\u201380 mm online kaufen oder live im Ausstellungsraum besichtigen. Wir haben die sch\u00f6nsten Garten-De...\",\"breadcrumb\":{\"@id\":\"https:\/\/dev.eliassen.nl\/de\/deko-findlinge-flach-grau-5-8cm-20kg-das-beste-zum-malen\/#breadcrumb\"},\"inLanguage\":\"de\",\"potentialAction\":[{\"@type\":\"ReadAction\",\"target\":[\"https:\/\/dev.eliassen.nl\/de\/deko-findlinge-flach-grau-5-8cm-20kg-das-beste-zum-malen\/\"]}]},{\"@type\":\"ImageObject\",\"inLanguage\":\"de\",\"@id\":\"https:\/\/dev.eliassen.nl\/de\/deko-findlinge-flach-grau-5-8cm-20kg-das-beste-zum-malen\/#primaryimage\",\"url\":\"https:\/\/dev.eliassen.nl\/wp-content\/uploads\/2024\/01\/img20210708151500.jpg\",\"contentUrl\":\"https:\/\/dev.eliassen.nl\/wp-content\/uploads\/2024\/01\/img20210708151500.jpg\",\"width\":1536,\"height\":2048,\"caption\":\"IMG20210708151500\"},{\"@type\":\"BreadcrumbList\",\"@id\":\"https:\/\/dev.eliassen.nl\/de\/deko-findlinge-flach-grau-5-8cm-20kg-das-beste-zum-malen\/#breadcrumb\",\"itemListElement\":[{\"@type\":\"ListItem\",\"position\":1,\"name\":\"Home\",\"item\":\"https:\/\/dev.eliassen.nl\/de\/\"},{\"@type\":\"ListItem\",\"position\":2,\"name\":\"Shop\",\"item\":\"https:\/\/dev.eliassen.nl\/nl\/winkel\/\"},{\"@type\":\"ListItem\",\"position\":3,\"name\":\"Weitere Artikel\",\"item\":\"https:\/\/dev.eliassen.nl\/de\/weitere-artikel\/\"},{\"@type\":\"ListItem\",\"position\":4,\"name\":\"Edelsteine\",\"item\":\"https:\/\/dev.eliassen.nl\/de\/garten-andere\/edelsteine\/\"},{\"@type\":\"ListItem\",\"position\":5,\"name\":\"Deko-Findlinge flach grau 5-8cm 20kg. Das Beste zum Malen!\"}]},{\"@type\":\"WebSite\",\"@id\":\"https:\/\/dev.eliassen.nl\/de\/#website\",\"url\":\"https:\/\/dev.eliassen.nl\/de\/\",\"name\":\"Eliassen Home & Garden Pleasure\",\"description\":\"\",\"publisher\":{\"@id\":\"https:\/\/dev.eliassen.nl\/de\/#organization\"},\"alternateName\":\"Eliassen.nl\",\"potentialAction\":[{\"@type\":\"SearchAction\",\"target\":{\"@type\":\"EntryPoint\",\"urlTemplate\":\"https:\/\/dev.eliassen.nl\/de\/?s={search_term_string}\"},\"query-input\":{\"@type\":\"PropertyValueSpecification\",\"valueRequired\":true,\"valueName\":\"search_term_string\"}}],\"inLanguage\":\"de\"},{\"@type\":\"Organization\",\"@id\":\"https:\/\/dev.eliassen.nl\/de\/#organization\",\"name\":\"Eliassen Home & Garden Pleasure\",\"url\":\"https:\/\/dev.eliassen.nl\/de\/\",\"logo\":{\"@type\":\"ImageObject\",\"inLanguage\":\"de\",\"@id\":\"https:\/\/dev.eliassen.nl\/de\/#\/schema\/logo\/image\/\",\"url\":\"https:\/\/www.eliassen.nl\/wp-content\/uploads\/2024\/01\/logo_4nd.jpg\",\"contentUrl\":\"https:\/\/www.eliassen.nl\/wp-content\/uploads\/2024\/01\/logo_4nd.jpg\",\"width\":500,\"height\":500,\"caption\":\"Eliassen Home & Garden Pleasure\"},\"image\":{\"@id\":\"https:\/\/dev.eliassen.nl\/de\/#\/schema\/logo\/image\/\"},\"sameAs\":[\"https:\/\/www.facebook.com\/TuincentrumEliassenAmmerzoden\",\"https:\/\/www.instagram.com\/eliassenhomeandgarden\/\",\"https:\/\/nl.pinterest.com\/eliassenhomeandgarden\/\",\"https:\/\/www.youtube.com\/@eliassenhomegardenpleasure4558\"]}]}<\/script>\n<!-- \/ Yoast SEO plugin. -->","yoast_head_json":{"title":"Dekokiesel flach grau 50-80mm | Eliassen","description":"Bei Eliassen k\u00f6nnen Sie dekorative Steinbl\u00f6cke flach grau 50\u201380 mm online kaufen oder live im Ausstellungsraum besichtigen. Wir haben die sch\u00f6nsten Garten-De...","robots":{"index":"noindex","follow":"follow","max-snippet":"max-snippet:-1","max-image-preview":"max-image-preview:large","max-video-preview":"max-video-preview:-1"},"og_locale":"de_DE","og_type":"article","og_title":"Dekokiesel flach grau 50-80mm | Eliassen","og_description":"Bei Eliassen k\u00f6nnen Sie dekorative Steinbl\u00f6cke flach grau 50\u201380 mm online kaufen oder live im Ausstellungsraum besichtigen. Wir haben die sch\u00f6nsten Garten-De...","og_url":"https:\/\/dev.eliassen.nl\/de\/deko-findlinge-flach-grau-5-8cm-20kg-das-beste-zum-malen\/","og_site_name":"Eliassen.nl","article_publisher":"https:\/\/www.facebook.com\/TuincentrumEliassenAmmerzoden","article_modified_time":"2024-12-05T14:44:57+00:00","og_image":[{"width":1536,"height":2048,"url":"https:\/\/dev.eliassen.nl\/wp-content\/uploads\/2024\/01\/img20210708151500.jpg","type":"image\/jpeg"}],"twitter_card":"summary_large_image","schema":{"@context":"https:\/\/schema.org","@graph":[{"@type":"WebPage","@id":"https:\/\/dev.eliassen.nl\/de\/deko-findlinge-flach-grau-5-8cm-20kg-das-beste-zum-malen\/","url":"https:\/\/dev.eliassen.nl\/de\/deko-findlinge-flach-grau-5-8cm-20kg-das-beste-zum-malen\/","name":"Dekokiesel flach grau 50-80mm | Eliassen","isPartOf":{"@id":"https:\/\/dev.eliassen.nl\/de\/#website"},"primaryImageOfPage":{"@id":"https:\/\/dev.eliassen.nl\/de\/deko-findlinge-flach-grau-5-8cm-20kg-das-beste-zum-malen\/#primaryimage"},"image":{"@id":"https:\/\/dev.eliassen.nl\/de\/deko-findlinge-flach-grau-5-8cm-20kg-das-beste-zum-malen\/#primaryimage"},"thumbnailUrl":"https:\/\/dev.eliassen.nl\/wp-content\/uploads\/2024\/01\/img20210708151500.jpg","datePublished":"2021-02-11T12:07:50+00:00","dateModified":"2024-12-05T14:44:57+00:00","description":"Bei Eliassen k\u00f6nnen Sie dekorative Steinbl\u00f6cke flach grau 50\u201380 mm online kaufen oder live im Ausstellungsraum besichtigen. Wir haben die sch\u00f6nsten Garten-De...","breadcrumb":{"@id":"https:\/\/dev.eliassen.nl\/de\/deko-findlinge-flach-grau-5-8cm-20kg-das-beste-zum-malen\/#breadcrumb"},"inLanguage":"de","potentialAction":[{"@type":"ReadAction","target":["https:\/\/dev.eliassen.nl\/de\/deko-findlinge-flach-grau-5-8cm-20kg-das-beste-zum-malen\/"]}]},{"@type":"ImageObject","inLanguage":"de","@id":"https:\/\/dev.eliassen.nl\/de\/deko-findlinge-flach-grau-5-8cm-20kg-das-beste-zum-malen\/#primaryimage","url":"https:\/\/dev.eliassen.nl\/wp-content\/uploads\/2024\/01\/img20210708151500.jpg","contentUrl":"https:\/\/dev.eliassen.nl\/wp-content\/uploads\/2024\/01\/img20210708151500.jpg","width":1536,"height":2048,"caption":"IMG20210708151500"},{"@type":"BreadcrumbList","@id":"https:\/\/dev.eliassen.nl\/de\/deko-findlinge-flach-grau-5-8cm-20kg-das-beste-zum-malen\/#breadcrumb","itemListElement":[{"@type":"ListItem","position":1,"name":"Home","item":"https:\/\/dev.eliassen.nl\/de\/"},{"@type":"ListItem","position":2,"name":"Shop","item":"https:\/\/dev.eliassen.nl\/nl\/winkel\/"},{"@type":"ListItem","position":3,"name":"Weitere Artikel","item":"https:\/\/dev.eliassen.nl\/de\/weitere-artikel\/"},{"@type":"ListItem","position":4,"name":"Edelsteine","item":"https:\/\/dev.eliassen.nl\/de\/garten-andere\/edelsteine\/"},{"@type":"ListItem","position":5,"name":"Deko-Findlinge flach grau 5-8cm 20kg. Das Beste zum Malen!"}]},{"@type":"WebSite","@id":"https:\/\/dev.eliassen.nl\/de\/#website","url":"https:\/\/dev.eliassen.nl\/de\/","name":"Eliassen Home & Garden Pleasure","description":"","publisher":{"@id":"https:\/\/dev.eliassen.nl\/de\/#organization"},"alternateName":"Eliassen.nl","potentialAction":[{"@type":"SearchAction","target":{"@type":"EntryPoint","urlTemplate":"https:\/\/dev.eliassen.nl\/de\/?s={search_term_string}"},"query-input":{"@type":"PropertyValueSpecification","valueRequired":true,"valueName":"search_term_string"}}],"inLanguage":"de"},{"@type":"Organization","@id":"https:\/\/dev.eliassen.nl\/de\/#organization","name":"Eliassen Home & Garden Pleasure","url":"https:\/\/dev.eliassen.nl\/de\/","logo":{"@type":"ImageObject","inLanguage":"de","@id":"https:\/\/dev.eliassen.nl\/de\/#\/schema\/logo\/image\/","url":"https:\/\/www.eliassen.nl\/wp-content\/uploads\/2024\/01\/logo_4nd.jpg","contentUrl":"https:\/\/www.eliassen.nl\/wp-content\/uploads\/2024\/01\/logo_4nd.jpg","width":500,"height":500,"caption":"Eliassen Home & Garden Pleasure"},"image":{"@id":"https:\/\/dev.eliassen.nl\/de\/#\/schema\/logo\/image\/"},"sameAs":["https:\/\/www.facebook.com\/TuincentrumEliassenAmmerzoden","https:\/\/www.instagram.com\/eliassenhomeandgarden\/","https:\/\/nl.pinterest.com\/eliassenhomeandgarden\/","https:\/\/www.youtube.com\/@eliassenhomegardenpleasure4558"]}]}},"df_price":22.5,"df_sale_price":"","df_regular_price":22.5,"df_image_link":"https:\/\/dev.eliassen.nl\/wp-content\/uploads\/2024\/01\/img20210708151500.jpg","image":"https:\/\/dev.eliassen.nl\/wp-content\/uploads\/2024\/01\/img20210708151500.jpg","price_search":"<span class=\"woocommerce-Price-amount amount\"><bdi><span class=\"woocommerce-Price-currencySymbol\">&euro;<\/span>&nbsp;22,50<\/bdi><\/span>","category":"Edelsteine","_links":{"self":[{"href":"https:\/\/dev.eliassen.nl\/de\/wp-json\/wp\/v2\/product\/26512","targetHints":{"allow":["GET"]}}],"collection":[{"href":"https:\/\/dev.eliassen.nl\/de\/wp-json\/wp\/v2\/product"}],"about":[{"href":"https:\/\/dev.eliassen.nl\/de\/wp-json\/wp\/v2\/types\/product"}],"wp:featuredmedia":[{"embeddable":true,"href":"https:\/\/dev.eliassen.nl\/de\/wp-json\/wp\/v2\/media\/26500"}],"wp:attachment":[{"href":"https:\/\/dev.eliassen.nl\/de\/wp-json\/wp\/v2\/media?parent=26512"}],"wp:term":[{"taxonomy":"product_brand","embeddable":true,"href":"https:\/\/dev.eliassen.nl\/de\/wp-json\/wp\/v2\/product_brand?post=26512"},{"taxonomy":"product_cat","embeddable":true,"href":"https:\/\/dev.eliassen.nl\/de\/wp-json\/wp\/v2\/product_cat?post=26512"},{"taxonomy":"product_tag","embeddable":true,"href":"https:\/\/dev.eliassen.nl\/de\/wp-json\/wp\/v2\/product_tag?post=26512"}],"curies":[{"name":"wp","href":"https:\/\/api.w.org\/{rel}","templated":true}]}}